{"id":8318,"date":"2021-08-24T09:16:39","date_gmt":"2021-08-24T02:16:39","guid":{"rendered":"http:\/\/evivatour.com\/?page_id=8318"},"modified":"2025-01-07T15:14:11","modified_gmt":"2025-01-07T08:14:11","slug":"indochina","status":"publish","type":"page","link":"https:\/\/evivatour.com\/ar\/indochina\/","title":{"rendered":"Paquetes Tur\u00edsticos a Indochina 2025"},"content":{"rendered":"\t\t<div data-elementor-type=\"wp-page\" data-elementor-id=\"8318\" class=\"elementor elementor-8318\" data-elementor-post-type=\"page\">\n\t\t\t\t\t\t<section class=\"elementor-section elementor-top-section elementor-element elementor-element-9874e37 elementor-section-full_width elementor-section-height-default elementor-section-height-default\" data-id=\"9874e37\" data-element_type=\"section\">\n\t\t\t\t\t\t<div class=\"elementor-container elementor-column-gap-default\">\n\t\t\t\t\t<div class=\"elementor-column elementor-col-100 elementor-top-column elementor-element elementor-element-d01ef93\" data-id=\"d01ef93\" data-element_type=\"column\">\n\t\t\t<div class=\"elementor-widget-wrap elementor-element-populated\">\n\t\t\t\t\t\t<div class=\"elementor-element elementor-element-2927a6c elementor-widget elementor-widget-text-editor\" data-id=\"2927a6c\" data-element_type=\"widget\" data-widget_type=\"text-editor.default\">\n\t\t\t\t<div class=\"elementor-widget-container\">\n\t\t\t\t\t\t\t\t\t<nav id=\"tours\" class=\"main-nav-top with-banner\">\n<div class=\"container\">\n<div class=\"main-nav-holder\">\n<div class=\"slide-nav js-slide-hidden\">\n<ul id=\"slide-nav-ul\">\n \t<li class=\"active\"><a href=\"https:\/\/evivatour.com\/es\/indochina\/\">Viajes Indochina<\/a><\/li>\n \t<li><a href=\"https:\/\/evivatour.com\/es\/indochina\/guia-de-viajes-indochina\/\">Gu\u00eda de Viajes Indochina<\/a><\/li>\n<\/ul>\n<\/div>\n<\/div>\n<\/div>\n<\/nav>\t\t\t\t\t\t\t\t<\/div>\n\t\t\t\t<\/div>\n\t\t\t\t\t<\/div>\n\t\t<\/div>\n\t\t\t\t\t<\/div>\n\t\t<\/section>\n\t\t\t\t<section class=\"elementor-section elementor-top-section elementor-element elementor-element-c01d4c3 elementor-section-boxed elementor-section-height-default elementor-section-height-default\" data-id=\"c01d4c3\" data-element_type=\"section\">\n\t\t\t\t\t\t<div class=\"elementor-container elementor-column-gap-default\">\n\t\t\t\t\t<div class=\"elementor-column elementor-col-100 elementor-top-column elementor-element elementor-element-d26fef5\" data-id=\"d26fef5\" data-element_type=\"column\">\n\t\t\t<div class=\"elementor-widget-wrap elementor-element-populated\">\n\t\t\t\t\t\t<div class=\"elementor-element elementor-element-0615542 elementor-widget elementor-widget-text-editor\" data-id=\"0615542\" data-element_type=\"widget\" data-widget_type=\"text-editor.default\">\n\t\t\t\t<div class=\"elementor-widget-container\">\n\t\t\t\t\t\t\t\t\t<p style=\"font-size: 18px;\">Encuentra el tour adecuado para ti en Indochina. Tenemos 1930 tours que van a Indochina, comenzando desde solo 1 d\u00eda de duraci\u00f3n, y el tour m\u00e1s largo es de 43 d\u00edas. El mes m\u00e1s popular para viajar es noviembre, que tiene la mayor cantidad de salidas de tours.<\/p>\t\t\t\t\t\t\t\t<\/div>\n\t\t\t\t<\/div>\n\t\t\t\t<div class=\"elementor-element elementor-element-2c99101 elementor-widget-divider--view-line elementor-widget elementor-widget-divider\" data-id=\"2c99101\" data-element_type=\"widget\" data-widget_type=\"divider.default\">\n\t\t\t\t<div class=\"elementor-widget-container\">\n\t\t\t\t\t\t\t<div class=\"elementor-divider\">\n\t\t\t<span class=\"elementor-divider-separator\">\n\t\t\t\t\t\t<\/span>\n\t\t<\/div>\n\t\t\t\t\t\t<\/div>\n\t\t\t\t<\/div>\n\t\t\t\t\t<\/div>\n\t\t<\/div>\n\t\t\t\t\t<\/div>\n\t\t<\/section>\n\t\t\t\t<section class=\"elementor-section elementor-top-section elementor-element elementor-element-bc671b1 elementor-section-boxed elementor-section-height-default elementor-section-height-default\" data-id=\"bc671b1\" data-element_type=\"section\">\n\t\t\t\t\t\t<div class=\"elementor-container elementor-column-gap-default\">\n\t\t\t\t\t<div class=\"elementor-column elementor-col-100 elementor-top-column elementor-element elementor-element-9b194f2\" data-id=\"9b194f2\" data-element_type=\"column\">\n\t\t\t<div class=\"elementor-widget-wrap elementor-element-populated\">\n\t\t\t\t\t\t<div class=\"elementor-element elementor-element-52796be arrow-style-1 elementor-widget elementor-widget-babe-all-items\" data-id=\"52796be\" data-element_type=\"widget\" data-widget_type=\"babe-all-items.default\">\n\t\t\t\t<div class=\"elementor-widget-container\">\n\t\t\t\t\t<div data-elementor-columns=\"3\" data-elementor-columns-tablet=\"2\" data-elementor-columns-mobile=\"1\">\n\t\t\t\t<div class=\"babe_shortcode_block sc_all_items \">\n\t\t\t\t\t<div class=\"babe_shortcode_block_bg_inner\">\n\t\t\t\t\t\t<div class=\"babe_shortcode_block_inner\">\n\t\t\t\t\t\t\t\n\t\t\t\t\t\t<\/div>\n\t\t\t\t\t\t\n\t\t\t\t\t<\/div>\n\t\t\t\t<\/div>\n\t\t\t<\/div>\t\t\t\t<\/div>\n\t\t\t\t<\/div>\n\t\t\t\t\t<\/div>\n\t\t<\/div>\n\t\t\t\t\t<\/div>\n\t\t<\/section>\n\t\t\t\t<section class=\"elementor-section elementor-top-section elementor-element elementor-element-789228c elementor-section-boxed elementor-section-height-default elementor-section-height-default\" data-id=\"789228c\" data-element_type=\"section\">\n\t\t\t\t\t\t<div class=\"elementor-container elementor-column-gap-default\">\n\t\t\t\t\t<div class=\"elementor-column elementor-col-100 elementor-top-column elementor-element elementor-element-a06c196\" data-id=\"a06c196\" data-element_type=\"column\">\n\t\t\t<div class=\"elementor-widget-wrap elementor-element-populated\">\n\t\t\t\t\t\t<div class=\"elementor-element elementor-element-c7d1783 elementor-widget elementor-widget-text-editor\" data-id=\"c7d1783\" data-element_type=\"widget\" data-widget_type=\"text-editor.default\">\n\t\t\t\t<div class=\"elementor-widget-container\">\n\t\t\t\t\t\t\t\t\t<h2>Crea tu viaje a medida a Vietnam \u2013 Laos \u2013 Camboya<\/h2>\n\u00bfViajas a Indochina? Charle con un especialista en viajes local en In\ndochina, que podr\u00e1 ayudarle a organizar su viaje.\n\t\t\t\t\t\t\t\t<\/div>\n\t\t\t\t<\/div>\n\t\t\t\t<div class=\"elementor-element elementor-element-181f44f elementor-align-center elementor-widget elementor-widget-button\" data-id=\"181f44f\" data-element_type=\"widget\" data-widget_type=\"button.default\">\n\t\t\t\t<div class=\"elementor-widget-container\">\n\t\t\t\t\t\t\t\t\t<div class=\"elementor-button-wrapper\">\n\t\t\t\t\t<a class=\"elementor-button elementor-button-link elementor-size-sm\" href=\"https:\/\/evivatour.com\/es\/solicitar-tour-privado\/\">\n\t\t\t\t\t\t<span class=\"elementor-button-content-wrapper\">\n\t\t\t\t\t\t\t\t\t<span class=\"elementor-button-text\">COMIENZA AQU\u00cd<\/span>\n\t\t\t\t\t<\/span>\n\t\t\t\t\t<\/a>\n\t\t\t\t<\/div>\n\t\t\t\t\t\t\t\t<\/div>\n\t\t\t\t<\/div>\n\t\t\t\t\t<\/div>\n\t\t<\/div>\n\t\t\t\t\t<\/div>\n\t\t<\/section>\n\t\t\t\t<\/div>\n\t\t","protected":false},"excerpt":{"rendered":"<p>Viajes Indochina Gu\u00eda de Viajes Indochina Encuentra el tour adecuado para ti en Indochina. Tenemos 1930 tours que van a Indochina, comenzando desde solo 1 d\u00eda de duraci\u00f3n, y el tour m\u00e1s largo es de 43 d\u00edas. El mes m\u00e1s popular para viajar es noviembre, que tiene la mayor cantidad de salidas de tours. 9 [&hellip;]<\/p>\n","protected":false},"author":1,"featured_media":0,"parent":0,"menu_order":0,"comment_status":"closed","ping_status":"closed","template":"","meta":{"inline_featured_image":false,"footnotes":""},"class_list":["post-8318","page","type-page","status-publish","hentry"],"yoast_head":"<!-- This site is optimized with the Yoast SEO plugin v25.8 - https:\/\/yoast.com\/wordpress\/plugins\/seo\/ -->\n<title>Paquetes Tur\u00edsticos a Indochina 2025 | Eviva Tour Vietnam<\/title>\n<meta name=\"robots\" content=\"index, follow, max-snippet:-1, max-image-preview:large, max-video-preview:-1\" \/>\n<link rel=\"canonical\" href=\"https:\/\/evivatour.com\/ar\/indochina\/\" \/>\n<meta property=\"og:locale\" content=\"en_US\" \/>\n<meta property=\"og:type\" content=\"article\" \/>\n<meta property=\"og:title\" content=\"Paquetes Tur\u00edsticos a Indochina 2025 | Eviva Tour Vietnam\" \/>\n<meta property=\"og:description\" content=\"Viajes Indochina Gu\u00eda de Viajes Indochina Encuentra el tour adecuado para ti en Indochina. Tenemos 1930 tours que van a Indochina, comenzando desde solo 1 d\u00eda de duraci\u00f3n, y el tour m\u00e1s largo es de 43 d\u00edas. El mes m\u00e1s popular para viajar es noviembre, que tiene la mayor cantidad de salidas de tours. 9 [&hellip;]\" \/>\n<meta property=\"og:url\" content=\"https:\/\/evivatour.com\/ar\/indochina\/\" \/>\n<meta property=\"og:site_name\" content=\"Eviva Tour\" \/>\n<meta property=\"article:modified_time\" content=\"2025-01-07T08:14:11+00:00\" \/>\n<meta property=\"og:image\" content=\"https:\/\/evivatour.com\/ar\/wp-content\/uploads\/2021\/10\/Angkor-Thom-Siem-Reap-Cambodia-800x520.jpg\" \/>\n<meta name=\"twitter:card\" content=\"summary_large_image\" \/>\n<meta name=\"twitter:label1\" content=\"Est. reading time\" \/>\n\t<meta name=\"twitter:data1\" content=\"1 minute\" \/>\n<script type=\"application\/ld+json\" class=\"yoast-schema-graph\">{\"@context\":\"https:\/\/schema.org\",\"@graph\":[{\"@type\":\"WebPage\",\"@id\":\"https:\/\/evivatour.com\/ar\/indochina\/\",\"url\":\"https:\/\/evivatour.com\/ar\/indochina\/\",\"name\":\"Paquetes Tur\u00edsticos a Indochina 2025 | Eviva Tour Vietnam\",\"isPartOf\":{\"@id\":\"https:\/\/evivatour.com\/ar\/#website\"},\"primaryImageOfPage\":{\"@id\":\"https:\/\/evivatour.com\/ar\/indochina\/#primaryimage\"},\"image\":{\"@id\":\"https:\/\/evivatour.com\/ar\/indochina\/#primaryimage\"},\"thumbnailUrl\":\"https:\/\/evivatour.com\/ar\/wp-content\/uploads\/2021\/10\/Angkor-Thom-Siem-Reap-Cambodia-800x520.jpg\",\"datePublished\":\"2021-08-24T02:16:39+00:00\",\"dateModified\":\"2025-01-07T08:14:11+00:00\",\"breadcrumb\":{\"@id\":\"https:\/\/evivatour.com\/ar\/indochina\/#breadcrumb\"},\"inLanguage\":\"en-US\",\"potentialAction\":[{\"@type\":\"ReadAction\",\"target\":[\"https:\/\/evivatour.com\/ar\/indochina\/\"]}]},{\"@type\":\"ImageObject\",\"inLanguage\":\"en-US\",\"@id\":\"https:\/\/evivatour.com\/ar\/indochina\/#primaryimage\",\"url\":\"https:\/\/evivatour.com\/ar\/wp-content\/uploads\/2021\/10\/Angkor-Thom-Siem-Reap-Cambodia.jpg\",\"contentUrl\":\"https:\/\/evivatour.com\/ar\/wp-content\/uploads\/2021\/10\/Angkor-Thom-Siem-Reap-Cambodia.jpg\",\"width\":800,\"height\":534,\"caption\":\"Angkor-Thom-Siem-Reap-Cambodia\"},{\"@type\":\"BreadcrumbList\",\"@id\":\"https:\/\/evivatour.com\/ar\/indochina\/#breadcrumb\",\"itemListElement\":[{\"@type\":\"ListItem\",\"position\":1,\"name\":\"Home\",\"item\":\"https:\/\/evivatour.com\/ar\/\"},{\"@type\":\"ListItem\",\"position\":2,\"name\":\"Paquetes Tur\u00edsticos a Indochina 2025\"}]},{\"@type\":\"WebSite\",\"@id\":\"https:\/\/evivatour.com\/ar\/#website\",\"url\":\"https:\/\/evivatour.com\/ar\/\",\"name\":\"Eviva Tour\",\"description\":\"Smile every mile\",\"publisher\":{\"@id\":\"https:\/\/evivatour.com\/ar\/#organization\"},\"potentialAction\":[{\"@type\":\"SearchAction\",\"target\":{\"@type\":\"EntryPoint\",\"urlTemplate\":\"https:\/\/evivatour.com\/ar\/?s={search_term_string}\"},\"query-input\":{\"@type\":\"PropertyValueSpecification\",\"valueRequired\":true,\"valueName\":\"search_term_string\"}}],\"inLanguage\":\"en-US\"},{\"@type\":\"Organization\",\"@id\":\"https:\/\/evivatour.com\/ar\/#organization\",\"name\":\"Eviva Tour\",\"url\":\"https:\/\/evivatour.com\/ar\/\",\"logo\":{\"@type\":\"ImageObject\",\"inLanguage\":\"en-US\",\"@id\":\"https:\/\/evivatour.com\/ar\/#\/schema\/logo\/image\/\",\"url\":\"https:\/\/evivatour.com\/ar\/wp-content\/uploads\/2021\/08\/cropped-eviva-tour-vietnam.png\",\"contentUrl\":\"https:\/\/evivatour.com\/ar\/wp-content\/uploads\/2021\/08\/cropped-eviva-tour-vietnam.png\",\"width\":280,\"height\":185,\"caption\":\"Eviva Tour\"},\"image\":{\"@id\":\"https:\/\/evivatour.com\/ar\/#\/schema\/logo\/image\/\"}}]}<\/script>\n<!-- \/ Yoast SEO plugin. -->","yoast_head_json":{"title":"Paquetes Tur\u00edsticos a Indochina 2025 | Eviva Tour Vietnam","robots":{"index":"index","follow":"follow","max-snippet":"max-snippet:-1","max-image-preview":"max-image-preview:large","max-video-preview":"max-video-preview:-1"},"canonical":"https:\/\/evivatour.com\/ar\/indochina\/","og_locale":"en_US","og_type":"article","og_title":"Paquetes Tur\u00edsticos a Indochina 2025 | Eviva Tour Vietnam","og_description":"Viajes Indochina Gu\u00eda de Viajes Indochina Encuentra el tour adecuado para ti en Indochina. Tenemos 1930 tours que van a Indochina, comenzando desde solo 1 d\u00eda de duraci\u00f3n, y el tour m\u00e1s largo es de 43 d\u00edas. El mes m\u00e1s popular para viajar es noviembre, que tiene la mayor cantidad de salidas de tours. 9 [&hellip;]","og_url":"https:\/\/evivatour.com\/ar\/indochina\/","og_site_name":"Eviva Tour","article_modified_time":"2025-01-07T08:14:11+00:00","og_image":[{"url":"https:\/\/evivatour.com\/ar\/wp-content\/uploads\/2021\/10\/Angkor-Thom-Siem-Reap-Cambodia-800x520.jpg","type":"","width":"","height":""}],"twitter_card":"summary_large_image","twitter_misc":{"Est. reading time":"1 minute"},"schema":{"@context":"https:\/\/schema.org","@graph":[{"@type":"WebPage","@id":"https:\/\/evivatour.com\/ar\/indochina\/","url":"https:\/\/evivatour.com\/ar\/indochina\/","name":"Paquetes Tur\u00edsticos a Indochina 2025 | Eviva Tour Vietnam","isPartOf":{"@id":"https:\/\/evivatour.com\/ar\/#website"},"primaryImageOfPage":{"@id":"https:\/\/evivatour.com\/ar\/indochina\/#primaryimage"},"image":{"@id":"https:\/\/evivatour.com\/ar\/indochina\/#primaryimage"},"thumbnailUrl":"https:\/\/evivatour.com\/ar\/wp-content\/uploads\/2021\/10\/Angkor-Thom-Siem-Reap-Cambodia-800x520.jpg","datePublished":"2021-08-24T02:16:39+00:00","dateModified":"2025-01-07T08:14:11+00:00","breadcrumb":{"@id":"https:\/\/evivatour.com\/ar\/indochina\/#breadcrumb"},"inLanguage":"en-US","potentialAction":[{"@type":"ReadAction","target":["https:\/\/evivatour.com\/ar\/indochina\/"]}]},{"@type":"ImageObject","inLanguage":"en-US","@id":"https:\/\/evivatour.com\/ar\/indochina\/#primaryimage","url":"https:\/\/evivatour.com\/ar\/wp-content\/uploads\/2021\/10\/Angkor-Thom-Siem-Reap-Cambodia.jpg","contentUrl":"https:\/\/evivatour.com\/ar\/wp-content\/uploads\/2021\/10\/Angkor-Thom-Siem-Reap-Cambodia.jpg","width":800,"height":534,"caption":"Angkor-Thom-Siem-Reap-Cambodia"},{"@type":"BreadcrumbList","@id":"https:\/\/evivatour.com\/ar\/indochina\/#breadcrumb","itemListElement":[{"@type":"ListItem","position":1,"name":"Home","item":"https:\/\/evivatour.com\/ar\/"},{"@type":"ListItem","position":2,"name":"Paquetes Tur\u00edsticos a Indochina 2025"}]},{"@type":"WebSite","@id":"https:\/\/evivatour.com\/ar\/#website","url":"https:\/\/evivatour.com\/ar\/","name":"Eviva Tour","description":"Smile every mile","publisher":{"@id":"https:\/\/evivatour.com\/ar\/#organization"},"potentialAction":[{"@type":"SearchAction","target":{"@type":"EntryPoint","urlTemplate":"https:\/\/evivatour.com\/ar\/?s={search_term_string}"},"query-input":{"@type":"PropertyValueSpecification","valueRequired":true,"valueName":"search_term_string"}}],"inLanguage":"en-US"},{"@type":"Organization","@id":"https:\/\/evivatour.com\/ar\/#organization","name":"Eviva Tour","url":"https:\/\/evivatour.com\/ar\/","logo":{"@type":"ImageObject","inLanguage":"en-US","@id":"https:\/\/evivatour.com\/ar\/#\/schema\/logo\/image\/","url":"https:\/\/evivatour.com\/ar\/wp-content\/uploads\/2021\/08\/cropped-eviva-tour-vietnam.png","contentUrl":"https:\/\/evivatour.com\/ar\/wp-content\/uploads\/2021\/08\/cropped-eviva-tour-vietnam.png","width":280,"height":185,"caption":"Eviva Tour"},"image":{"@id":"https:\/\/evivatour.com\/ar\/#\/schema\/logo\/image\/"}}]}},"_links":{"self":[{"href":"https:\/\/evivatour.com\/ar\/wp-json\/wp\/v2\/pages\/8318","targetHints":{"allow":["GET"]}}],"collection":[{"href":"https:\/\/evivatour.com\/ar\/wp-json\/wp\/v2\/pages"}],"about":[{"href":"https:\/\/evivatour.com\/ar\/wp-json\/wp\/v2\/types\/page"}],"author":[{"embeddable":true,"href":"https:\/\/evivatour.com\/ar\/wp-json\/wp\/v2\/users\/1"}],"replies":[{"embeddable":true,"href":"https:\/\/evivatour.com\/ar\/wp-json\/wp\/v2\/comments?post=8318"}],"version-history":[{"count":23,"href":"https:\/\/evivatour.com\/ar\/wp-json\/wp\/v2\/pages\/8318\/revisions"}],"predecessor-version":[{"id":17837,"href":"https:\/\/evivatour.com\/ar\/wp-json\/wp\/v2\/pages\/8318\/revisions\/17837"}],"wp:attachment":[{"href":"https:\/\/evivatour.com\/ar\/wp-json\/wp\/v2\/media?parent=8318"}],"curies":[{"name":"wp","href":"https:\/\/api.w.org\/{rel}","templated":true}]}}