{"id":10,"date":"2021-08-04T06:52:33","date_gmt":"2021-08-03T23:52:33","guid":{"rendered":"http:\/\/evivatour.com\/terms-conditions\/"},"modified":"2024-01-18T11:11:58","modified_gmt":"2024-01-18T04:11:58","slug":"condiciones-de-uso","status":"publish","type":"page","link":"https:\/\/evivatour.com\/es\/condiciones-de-uso\/","title":{"rendered":"Condiciones de Uso"},"content":{"rendered":"<p>Al utilizar el sitio <a href=\"https:\/\/evivatour.com\/es\/\">https:\/\/evivatour.com\/es\/<\/a> y realizar reservas a trav\u00e9s de e\u0301l con Eviva Company Ltd., supuestamente acepta los T\u00e9rminos y condiciones que se describen a continuaci\u00f3n. Si no est\u00e1 de acuerdo con alguna parte de los siguientes t\u00e9rminos y condiciones, no debe utilizar este sitio.<\/p>\n<p>LEA DETENIDAMENTE ESTE ACUERDO DE USUARIO Y ESTOS T\u00c9RMINOS Y CONDICIONES ANTES DE UTILIZAR EL SITIO.<\/p>\n<h2>PARA SERVICIO DE VISADO<\/h2>\n<p>Lea atentamente estos t\u00e9rminos y condiciones antes de utilizar este sitio web. Si se opone a cualquiera de los t\u00e9rminos y condiciones establecidos en este acuerdo, no debe utilizar ninguno de los productos o servicios del sitio web y abandonarlo inmediatamente.<\/p>\n<p>Usted acepta que no utilizar\u00e1 el sitio web con fines ilegales y respetar\u00e1 todas las leyes y regulaciones aplicables.<\/p>\n<p>Usted acepta no utilizar el sitio web de una manera que pueda afectar el rendimiento, corromper el contenido o reducir de otro modo la funcionalidad general del sitio web.<\/p>\n<p>Usted acepta no comprometer la seguridad del sitio web ni intentar obtener acceso a \u00e1reas seguras o informaci\u00f3n confidencial.<\/p>\n<p>Usted acepta ser totalmente responsable de cualquier reclamo, gasto, responsabilidad, p\u00e9rdidas y costos, incluidos los honorarios legales, en los que incurramos como resultado de cualquier infracci\u00f3n de los t\u00e9rminos y condiciones establecidos en este acuerdo.<\/p>\n<h2>MODIFICACI\u00d3N<\/h2>\n<p>Eviva Tour Vietnam se reserva el derecho de cambiar cualquier parte de este acuerdo sin previo aviso y su uso del sitio web se considerar\u00e1 como aceptaci\u00f3n de este acuerdo. Aconsejamos a los usuarios que consulten peri\u00f3dicamente los T\u00e9rminos y condiciones de este acuerdo.<\/p>\n<p>Tenemos total discreci\u00f3n para modificar o eliminar cualquier parte de este sitio sin previo aviso ni responsabilidad que surja de dicha acci\u00f3n.<\/p>\n<h2>CANCELACIONES Y REEMBOLSOS<\/h2>\n<p>Sin embargo, el Departamento de Inmigraci\u00f3n de Vietnam aplica una pol\u00edtica de no reembolso en todas las visas de Vietnam, ya que cobran por el proceso realizado y no por la visa concedida. Por lo tanto, es importante que, si desea cancelar su solicitud de visa con Eviva Tour Vietnam, se comunique con nosotros de inmediato para evitar que se incurra en costes innecesarios. Una vez que el estado de su solicitud de visa sea &#8220;Pagado con \u00e9xito&#8221; o &#8220;En proceso&#8221; o que el Departamento de Inmigraci\u00f3n haya emitido una carta de aprobaci\u00f3n, no podremos reembolsarle la tarifa.<\/p>\n<p>Es imperativo que nos proporcione toda la informaci\u00f3n correcta requerida para la visa solicitada en el momento de su salida prevista. Eviva Tour Vietnam no se hace responsable de ninguna visa concedida incorrectamente o denegada de entrada debido a informaci\u00f3n incorrecta de la visa. Aunque haremos todo lo posible de nuestra parte para corregir cualquier problema con la visa antes de la salida, no otorgaremos ning\u00fan reembolso en caso de que se proporcione informaci\u00f3n falsa o incorrecta en el momento de la emisi\u00f3n. Le recomendamos encarecidamente que compare su carta de confirmaci\u00f3n de visa con su pasaporte e informaci\u00f3n personal antes de la salida.<\/p>\n<p>Esta visa se aplica \u00fanicamente a viajes a\u00e9reos, por lo que al solicitarla a trav\u00e9s de nuestro sitio web, usted acepta volar a Vietnam para sellar su visa. No reembolsaremos en caso de que NO ingrese a Vietnam por v\u00eda a\u00e9rea una vez que se apruebe su visa.<\/p>\n<h2>REEMBOLSOS<\/h2>\n<p>Si envi\u00f3 y nos notific\u00f3 que cancel\u00e1ramos la solicitud cuando no hemos procedido con su solicitud, se le reembolsar\u00e1 su dinero menos la tarifa del servicio de transacci\u00f3n de USD 3,00.<\/p>\n<p>Si present\u00f3 su solicitud y el Departamento de Inmigraci\u00f3n de Vietnam la rechaza, no se le reembolsar\u00e1 su dinero.<\/p>\n<h2>ERRORES<\/h2>\n<p>Los errores son posibles. Le sugerimos que verifique cuidadosamente los detalles que ha completado y los detalles en la carta de aprobaci\u00f3n.<\/p>\n<p>\u2013 La duraci\u00f3n del trabajo para proceder con su solicitud de visa se cuenta solo cuando recibimos los detalles finales completos que usted confirm\u00f3.<\/p>\n<p>\u2013 Si encuentra alg\u00fan error en la carta de aprobaci\u00f3n, inf\u00f3rmenos inmediatamente por CORREO ELECTR\u00d3NICO. Si no recibimos ning\u00fan correo electr\u00f3nico para la correcci\u00f3n de errores dentro de los 7 d\u00edas posteriores al momento en que enviamos la carta de aprobaci\u00f3n y antes de que usted venga, no seremos responsables de ninguna solicitud fallida, entradas rechazadas o p\u00e9rdidas.<\/p>\n<p>\u2013 Si realiza alg\u00fan cambio en los detalles del vuelo que proporcion\u00f3, inf\u00f3rmenos al menos 4 horas h\u00e1biles antes de su vuelo de llegada por correo electr\u00f3nico o a trav\u00e9s de nuestra l\u00ednea directa. En caso de que recibamos la informaci\u00f3n demasiado tarde (por ejemplo, sin correo electr\u00f3nico o sin llamada telef\u00f3nica para informarle al menos 4 horas h\u00e1biles antes de su hora de llegada), haremos todo lo posible para brindarle asistencia, pero no somos responsables de la informaci\u00f3n modificada y los clientes deben asumir los costos del servicio que usted ha pagado.<\/p>\n","protected":false},"excerpt":{"rendered":"<p>Al utilizar el sitio https:\/\/evivatour.com\/es\/ y realizar reservas a trav\u00e9s de e\u0301l con Eviva Company Ltd., supuestamente acepta los T\u00e9rminos y condiciones que se describen a continuaci\u00f3n. Si no est\u00e1 de acuerdo con alguna parte de los siguientes t\u00e9rminos y condiciones, no debe utilizar este sitio. LEA DETENIDAMENTE ESTE ACUERDO DE USUARIO Y ESTOS T\u00c9RMINOS [&hellip;]<\/p>\n","protected":false},"author":1,"featured_media":0,"parent":0,"menu_order":0,"comment_status":"closed","ping_status":"closed","template":"","meta":{"inline_featured_image":false,"footnotes":""},"class_list":["post-10","page","type-page","status-publish","hentry"],"yoast_head":"<!-- This site is optimized with the Yoast SEO plugin v24.7 - https:\/\/yoast.com\/wordpress\/plugins\/seo\/ -->\n<title>Condiciones de Uso - Eviva Tour<\/title>\n<meta name=\"robots\" content=\"index, follow, max-snippet:-1, max-image-preview:large, max-video-preview:-1\" \/>\n<link rel=\"canonical\" href=\"https:\/\/evivatour.com\/es\/condiciones-de-uso\/\" \/>\n<meta property=\"og:locale\" content=\"en_US\" \/>\n<meta property=\"og:type\" content=\"article\" \/>\n<meta property=\"og:title\" content=\"Condiciones de Uso - Eviva Tour\" \/>\n<meta property=\"og:description\" content=\"Al utilizar el sitio https:\/\/evivatour.com\/es\/ y realizar reservas a trav\u00e9s de e\u0301l con Eviva Company Ltd., supuestamente acepta los T\u00e9rminos y condiciones que se describen a continuaci\u00f3n. Si no est\u00e1 de acuerdo con alguna parte de los siguientes t\u00e9rminos y condiciones, no debe utilizar este sitio. LEA DETENIDAMENTE ESTE ACUERDO DE USUARIO Y ESTOS T\u00c9RMINOS [&hellip;]\" \/>\n<meta property=\"og:url\" content=\"https:\/\/evivatour.com\/es\/condiciones-de-uso\/\" \/>\n<meta property=\"og:site_name\" content=\"Eviva Tour\" \/>\n<meta property=\"article:modified_time\" content=\"2024-01-18T04:11:58+00:00\" \/>\n<meta name=\"twitter:card\" content=\"summary_large_image\" \/>\n<meta name=\"twitter:label1\" content=\"Est. reading time\" \/>\n\t<meta name=\"twitter:data1\" content=\"4 minutes\" \/>\n<script type=\"application\/ld+json\" class=\"yoast-schema-graph\">{\"@context\":\"https:\/\/schema.org\",\"@graph\":[{\"@type\":\"WebPage\",\"@id\":\"https:\/\/evivatour.com\/es\/condiciones-de-uso\/\",\"url\":\"https:\/\/evivatour.com\/es\/condiciones-de-uso\/\",\"name\":\"Condiciones de Uso - Eviva Tour\",\"isPartOf\":{\"@id\":\"https:\/\/evivatour.com\/es\/#website\"},\"datePublished\":\"2021-08-03T23:52:33+00:00\",\"dateModified\":\"2024-01-18T04:11:58+00:00\",\"breadcrumb\":{\"@id\":\"https:\/\/evivatour.com\/es\/condiciones-de-uso\/#breadcrumb\"},\"inLanguage\":\"en-US\",\"potentialAction\":[{\"@type\":\"ReadAction\",\"target\":[\"https:\/\/evivatour.com\/es\/condiciones-de-uso\/\"]}]},{\"@type\":\"BreadcrumbList\",\"@id\":\"https:\/\/evivatour.com\/es\/condiciones-de-uso\/#breadcrumb\",\"itemListElement\":[{\"@type\":\"ListItem\",\"position\":1,\"name\":\"Home\",\"item\":\"https:\/\/evivatour.com\/es\/\"},{\"@type\":\"ListItem\",\"position\":2,\"name\":\"Condiciones de Uso\"}]},{\"@type\":\"WebSite\",\"@id\":\"https:\/\/evivatour.com\/es\/#website\",\"url\":\"https:\/\/evivatour.com\/es\/\",\"name\":\"Eviva Tour\",\"description\":\"Smile every mile\",\"publisher\":{\"@id\":\"https:\/\/evivatour.com\/es\/#organization\"},\"potentialAction\":[{\"@type\":\"SearchAction\",\"target\":{\"@type\":\"EntryPoint\",\"urlTemplate\":\"https:\/\/evivatour.com\/es\/?s={search_term_string}\"},\"query-input\":{\"@type\":\"PropertyValueSpecification\",\"valueRequired\":true,\"valueName\":\"search_term_string\"}}],\"inLanguage\":\"en-US\"},{\"@type\":\"Organization\",\"@id\":\"https:\/\/evivatour.com\/es\/#organization\",\"name\":\"Eviva Tour\",\"url\":\"https:\/\/evivatour.com\/es\/\",\"logo\":{\"@type\":\"ImageObject\",\"inLanguage\":\"en-US\",\"@id\":\"https:\/\/evivatour.com\/es\/#\/schema\/logo\/image\/\",\"url\":\"https:\/\/evivatour.com\/es\/wp-content\/uploads\/2021\/08\/cropped-eviva-tour-vietnam.png\",\"contentUrl\":\"https:\/\/evivatour.com\/es\/wp-content\/uploads\/2021\/08\/cropped-eviva-tour-vietnam.png\",\"width\":280,\"height\":185,\"caption\":\"Eviva Tour\"},\"image\":{\"@id\":\"https:\/\/evivatour.com\/es\/#\/schema\/logo\/image\/\"}}]}<\/script>\n<!-- \/ Yoast SEO plugin. -->","yoast_head_json":{"title":"Condiciones de Uso - Eviva Tour","robots":{"index":"index","follow":"follow","max-snippet":"max-snippet:-1","max-image-preview":"max-image-preview:large","max-video-preview":"max-video-preview:-1"},"canonical":"https:\/\/evivatour.com\/es\/condiciones-de-uso\/","og_locale":"en_US","og_type":"article","og_title":"Condiciones de Uso - Eviva Tour","og_description":"Al utilizar el sitio https:\/\/evivatour.com\/es\/ y realizar reservas a trav\u00e9s de e\u0301l con Eviva Company Ltd., supuestamente acepta los T\u00e9rminos y condiciones que se describen a continuaci\u00f3n. Si no est\u00e1 de acuerdo con alguna parte de los siguientes t\u00e9rminos y condiciones, no debe utilizar este sitio. LEA DETENIDAMENTE ESTE ACUERDO DE USUARIO Y ESTOS T\u00c9RMINOS [&hellip;]","og_url":"https:\/\/evivatour.com\/es\/condiciones-de-uso\/","og_site_name":"Eviva Tour","article_modified_time":"2024-01-18T04:11:58+00:00","twitter_card":"summary_large_image","twitter_misc":{"Est. reading time":"4 minutes"},"schema":{"@context":"https:\/\/schema.org","@graph":[{"@type":"WebPage","@id":"https:\/\/evivatour.com\/es\/condiciones-de-uso\/","url":"https:\/\/evivatour.com\/es\/condiciones-de-uso\/","name":"Condiciones de Uso - Eviva Tour","isPartOf":{"@id":"https:\/\/evivatour.com\/es\/#website"},"datePublished":"2021-08-03T23:52:33+00:00","dateModified":"2024-01-18T04:11:58+00:00","breadcrumb":{"@id":"https:\/\/evivatour.com\/es\/condiciones-de-uso\/#breadcrumb"},"inLanguage":"en-US","potentialAction":[{"@type":"ReadAction","target":["https:\/\/evivatour.com\/es\/condiciones-de-uso\/"]}]},{"@type":"BreadcrumbList","@id":"https:\/\/evivatour.com\/es\/condiciones-de-uso\/#breadcrumb","itemListElement":[{"@type":"ListItem","position":1,"name":"Home","item":"https:\/\/evivatour.com\/es\/"},{"@type":"ListItem","position":2,"name":"Condiciones de Uso"}]},{"@type":"WebSite","@id":"https:\/\/evivatour.com\/es\/#website","url":"https:\/\/evivatour.com\/es\/","name":"Eviva Tour","description":"Smile every mile","publisher":{"@id":"https:\/\/evivatour.com\/es\/#organization"},"potentialAction":[{"@type":"SearchAction","target":{"@type":"EntryPoint","urlTemplate":"https:\/\/evivatour.com\/es\/?s={search_term_string}"},"query-input":{"@type":"PropertyValueSpecification","valueRequired":true,"valueName":"search_term_string"}}],"inLanguage":"en-US"},{"@type":"Organization","@id":"https:\/\/evivatour.com\/es\/#organization","name":"Eviva Tour","url":"https:\/\/evivatour.com\/es\/","logo":{"@type":"ImageObject","inLanguage":"en-US","@id":"https:\/\/evivatour.com\/es\/#\/schema\/logo\/image\/","url":"https:\/\/evivatour.com\/es\/wp-content\/uploads\/2021\/08\/cropped-eviva-tour-vietnam.png","contentUrl":"https:\/\/evivatour.com\/es\/wp-content\/uploads\/2021\/08\/cropped-eviva-tour-vietnam.png","width":280,"height":185,"caption":"Eviva Tour"},"image":{"@id":"https:\/\/evivatour.com\/es\/#\/schema\/logo\/image\/"}}]}},"_links":{"self":[{"href":"https:\/\/evivatour.com\/es\/wp-json\/wp\/v2\/pages\/10","targetHints":{"allow":["GET"]}}],"collection":[{"href":"https:\/\/evivatour.com\/es\/wp-json\/wp\/v2\/pages"}],"about":[{"href":"https:\/\/evivatour.com\/es\/wp-json\/wp\/v2\/types\/page"}],"author":[{"embeddable":true,"href":"https:\/\/evivatour.com\/es\/wp-json\/wp\/v2\/users\/1"}],"replies":[{"embeddable":true,"href":"https:\/\/evivatour.com\/es\/wp-json\/wp\/v2\/comments?post=10"}],"version-history":[{"count":5,"href":"https:\/\/evivatour.com\/es\/wp-json\/wp\/v2\/pages\/10\/revisions"}],"predecessor-version":[{"id":17602,"href":"https:\/\/evivatour.com\/es\/wp-json\/wp\/v2\/pages\/10\/revisions\/17602"}],"wp:attachment":[{"href":"https:\/\/evivatour.com\/es\/wp-json\/wp\/v2\/media?parent=10"}],"curies":[{"name":"wp","href":"https:\/\/api.w.org\/{rel}","templated":true}]}}