{"id":13095,"date":"2021-12-13T13:57:59","date_gmt":"2021-12-13T06:57:59","guid":{"rendered":"https:\/\/evivatour.com\/es\/?page_id=13095"},"modified":"2024-01-18T11:36:31","modified_gmt":"2024-01-18T04:36:31","slug":"alquiler-de-coches-en-vietnam-laos-cambodia","status":"publish","type":"page","link":"https:\/\/evivatour.com\/es\/alquiler-de-coches-en-vietnam-laos-cambodia\/","title":{"rendered":"Alquiler de coches en Vietnam"},"content":{"rendered":"<p>Estamos comprometidos a ofrecer servicios de alquiler de veh\u00edculos de alta calidad en Vietnam, Laos y Camboya.<\/p>\n<p>Nuestras flotas se componen de una amplia gama de veh\u00edculos desde 4 hasta 45 plazas para necesidades individuales, familiares o furgonetas, autobuses para grandes grupos. Tambi\u00e9n brindamos servicios de alquiler de autos diarios, mensuales o incluso m\u00e1s largos con ofertas especiales. Por favor env\u00edenos su solicitud a <a href=\"mailto:consultant@evivatour.com\">consultant@evivatour.com<\/a><\/p>\n<h3>Tipos de coches:<\/h3>\n<ul>\n<li>Coche de 4 plazas: Toyota Vios, Toyota Altis, Ford Lazer, Lacetti, Camry, Merscedes<\/li>\n<li>Coche de 7 plazas: Toyota Innova, Ford Everest, Toyota Fortuner<\/li>\n<li>Coche de 16 plazas: Mercedes Sprinter, Ford Transit<\/li>\n<li>Coche de 24-29 plazas: Condado de Hyundai<\/li>\n<li>Coche de 35 plazas: Hyundai Aero Town, Isuzu Samco, Universe<\/li>\n<li>Coche de 45 plazas: Hyundai Aero Space, Universe<\/li>\n<\/ul>\n","protected":false},"excerpt":{"rendered":"<p>Estamos comprometidos a ofrecer servicios de alquiler de veh\u00edculos de alta calidad en Vietnam, Laos y Camboya. Nuestras flotas se componen de una amplia gama de veh\u00edculos desde 4 hasta 45 plazas para necesidades individuales, familiares o furgonetas, autobuses para grandes grupos. Tambi\u00e9n brindamos servicios de alquiler de autos diarios, mensuales o incluso m\u00e1s largos [&hellip;]<\/p>\n","protected":false},"author":1,"featured_media":0,"parent":0,"menu_order":0,"comment_status":"closed","ping_status":"closed","template":"elementor_theme","meta":{"inline_featured_image":false,"footnotes":""},"class_list":["post-13095","page","type-page","status-publish","hentry"],"yoast_head":"<!-- This site is optimized with the Yoast SEO plugin v24.7 - https:\/\/yoast.com\/wordpress\/plugins\/seo\/ -->\n<title>Alquiler de coches en Vietnam | Eviva Tour Vietnam<\/title>\n<meta name=\"description\" content=\"Vietnam car rental services from 4 to 45 seats that meet any type of demand. All are in perfect condition with highest service quality to our customers.\" \/>\n<meta name=\"robots\" content=\"index, follow, max-snippet:-1, max-image-preview:large, max-video-preview:-1\" \/>\n<link rel=\"canonical\" href=\"https:\/\/evivatour.com\/es\/alquiler-de-coches-en-vietnam-laos-cambodia\/\" \/>\n<meta property=\"og:locale\" content=\"en_US\" \/>\n<meta property=\"og:type\" content=\"article\" \/>\n<meta property=\"og:title\" content=\"Alquiler de coches en Vietnam | Eviva Tour Vietnam\" \/>\n<meta property=\"og:description\" content=\"Vietnam car rental services from 4 to 45 seats that meet any type of demand. All are in perfect condition with highest service quality to our customers.\" \/>\n<meta property=\"og:url\" content=\"https:\/\/evivatour.com\/es\/alquiler-de-coches-en-vietnam-laos-cambodia\/\" \/>\n<meta property=\"og:site_name\" content=\"Eviva Tour\" \/>\n<meta property=\"article:modified_time\" content=\"2024-01-18T04:36:31+00:00\" \/>\n<meta name=\"twitter:card\" content=\"summary_large_image\" \/>\n<meta name=\"twitter:label1\" content=\"Est. reading time\" \/>\n\t<meta name=\"twitter:data1\" content=\"1 minute\" \/>\n<script type=\"application\/ld+json\" class=\"yoast-schema-graph\">{\"@context\":\"https:\/\/schema.org\",\"@graph\":[{\"@type\":\"WebPage\",\"@id\":\"https:\/\/evivatour.com\/es\/alquiler-de-coches-en-vietnam-laos-cambodia\/\",\"url\":\"https:\/\/evivatour.com\/es\/alquiler-de-coches-en-vietnam-laos-cambodia\/\",\"name\":\"Alquiler de coches en Vietnam | Eviva Tour Vietnam\",\"isPartOf\":{\"@id\":\"https:\/\/evivatour.com\/es\/#website\"},\"datePublished\":\"2021-12-13T06:57:59+00:00\",\"dateModified\":\"2024-01-18T04:36:31+00:00\",\"description\":\"Vietnam car rental services from 4 to 45 seats that meet any type of demand. All are in perfect condition with highest service quality to our customers.\",\"breadcrumb\":{\"@id\":\"https:\/\/evivatour.com\/es\/alquiler-de-coches-en-vietnam-laos-cambodia\/#breadcrumb\"},\"inLanguage\":\"en-US\",\"potentialAction\":[{\"@type\":\"ReadAction\",\"target\":[\"https:\/\/evivatour.com\/es\/alquiler-de-coches-en-vietnam-laos-cambodia\/\"]}]},{\"@type\":\"BreadcrumbList\",\"@id\":\"https:\/\/evivatour.com\/es\/alquiler-de-coches-en-vietnam-laos-cambodia\/#breadcrumb\",\"itemListElement\":[{\"@type\":\"ListItem\",\"position\":1,\"name\":\"Home\",\"item\":\"https:\/\/evivatour.com\/es\/\"},{\"@type\":\"ListItem\",\"position\":2,\"name\":\"Alquiler de coches en Vietnam\"}]},{\"@type\":\"WebSite\",\"@id\":\"https:\/\/evivatour.com\/es\/#website\",\"url\":\"https:\/\/evivatour.com\/es\/\",\"name\":\"Eviva Tour\",\"description\":\"Smile every mile\",\"publisher\":{\"@id\":\"https:\/\/evivatour.com\/es\/#organization\"},\"potentialAction\":[{\"@type\":\"SearchAction\",\"target\":{\"@type\":\"EntryPoint\",\"urlTemplate\":\"https:\/\/evivatour.com\/es\/?s={search_term_string}\"},\"query-input\":{\"@type\":\"PropertyValueSpecification\",\"valueRequired\":true,\"valueName\":\"search_term_string\"}}],\"inLanguage\":\"en-US\"},{\"@type\":\"Organization\",\"@id\":\"https:\/\/evivatour.com\/es\/#organization\",\"name\":\"Eviva Tour\",\"url\":\"https:\/\/evivatour.com\/es\/\",\"logo\":{\"@type\":\"ImageObject\",\"inLanguage\":\"en-US\",\"@id\":\"https:\/\/evivatour.com\/es\/#\/schema\/logo\/image\/\",\"url\":\"https:\/\/evivatour.com\/es\/wp-content\/uploads\/2021\/08\/cropped-eviva-tour-vietnam.png\",\"contentUrl\":\"https:\/\/evivatour.com\/es\/wp-content\/uploads\/2021\/08\/cropped-eviva-tour-vietnam.png\",\"width\":280,\"height\":185,\"caption\":\"Eviva Tour\"},\"image\":{\"@id\":\"https:\/\/evivatour.com\/es\/#\/schema\/logo\/image\/\"}}]}<\/script>\n<!-- \/ Yoast SEO plugin. -->","yoast_head_json":{"title":"Alquiler de coches en Vietnam | Eviva Tour Vietnam","description":"Vietnam car rental services from 4 to 45 seats that meet any type of demand. All are in perfect condition with highest service quality to our customers.","robots":{"index":"index","follow":"follow","max-snippet":"max-snippet:-1","max-image-preview":"max-image-preview:large","max-video-preview":"max-video-preview:-1"},"canonical":"https:\/\/evivatour.com\/es\/alquiler-de-coches-en-vietnam-laos-cambodia\/","og_locale":"en_US","og_type":"article","og_title":"Alquiler de coches en Vietnam | Eviva Tour Vietnam","og_description":"Vietnam car rental services from 4 to 45 seats that meet any type of demand. All are in perfect condition with highest service quality to our customers.","og_url":"https:\/\/evivatour.com\/es\/alquiler-de-coches-en-vietnam-laos-cambodia\/","og_site_name":"Eviva Tour","article_modified_time":"2024-01-18T04:36:31+00:00","twitter_card":"summary_large_image","twitter_misc":{"Est. reading time":"1 minute"},"schema":{"@context":"https:\/\/schema.org","@graph":[{"@type":"WebPage","@id":"https:\/\/evivatour.com\/es\/alquiler-de-coches-en-vietnam-laos-cambodia\/","url":"https:\/\/evivatour.com\/es\/alquiler-de-coches-en-vietnam-laos-cambodia\/","name":"Alquiler de coches en Vietnam | Eviva Tour Vietnam","isPartOf":{"@id":"https:\/\/evivatour.com\/es\/#website"},"datePublished":"2021-12-13T06:57:59+00:00","dateModified":"2024-01-18T04:36:31+00:00","description":"Vietnam car rental services from 4 to 45 seats that meet any type of demand. All are in perfect condition with highest service quality to our customers.","breadcrumb":{"@id":"https:\/\/evivatour.com\/es\/alquiler-de-coches-en-vietnam-laos-cambodia\/#breadcrumb"},"inLanguage":"en-US","potentialAction":[{"@type":"ReadAction","target":["https:\/\/evivatour.com\/es\/alquiler-de-coches-en-vietnam-laos-cambodia\/"]}]},{"@type":"BreadcrumbList","@id":"https:\/\/evivatour.com\/es\/alquiler-de-coches-en-vietnam-laos-cambodia\/#breadcrumb","itemListElement":[{"@type":"ListItem","position":1,"name":"Home","item":"https:\/\/evivatour.com\/es\/"},{"@type":"ListItem","position":2,"name":"Alquiler de coches en Vietnam"}]},{"@type":"WebSite","@id":"https:\/\/evivatour.com\/es\/#website","url":"https:\/\/evivatour.com\/es\/","name":"Eviva Tour","description":"Smile every mile","publisher":{"@id":"https:\/\/evivatour.com\/es\/#organization"},"potentialAction":[{"@type":"SearchAction","target":{"@type":"EntryPoint","urlTemplate":"https:\/\/evivatour.com\/es\/?s={search_term_string}"},"query-input":{"@type":"PropertyValueSpecification","valueRequired":true,"valueName":"search_term_string"}}],"inLanguage":"en-US"},{"@type":"Organization","@id":"https:\/\/evivatour.com\/es\/#organization","name":"Eviva Tour","url":"https:\/\/evivatour.com\/es\/","logo":{"@type":"ImageObject","inLanguage":"en-US","@id":"https:\/\/evivatour.com\/es\/#\/schema\/logo\/image\/","url":"https:\/\/evivatour.com\/es\/wp-content\/uploads\/2021\/08\/cropped-eviva-tour-vietnam.png","contentUrl":"https:\/\/evivatour.com\/es\/wp-content\/uploads\/2021\/08\/cropped-eviva-tour-vietnam.png","width":280,"height":185,"caption":"Eviva Tour"},"image":{"@id":"https:\/\/evivatour.com\/es\/#\/schema\/logo\/image\/"}}]}},"_links":{"self":[{"href":"https:\/\/evivatour.com\/es\/wp-json\/wp\/v2\/pages\/13095","targetHints":{"allow":["GET"]}}],"collection":[{"href":"https:\/\/evivatour.com\/es\/wp-json\/wp\/v2\/pages"}],"about":[{"href":"https:\/\/evivatour.com\/es\/wp-json\/wp\/v2\/types\/page"}],"author":[{"embeddable":true,"href":"https:\/\/evivatour.com\/es\/wp-json\/wp\/v2\/users\/1"}],"replies":[{"embeddable":true,"href":"https:\/\/evivatour.com\/es\/wp-json\/wp\/v2\/comments?post=13095"}],"version-history":[{"count":5,"href":"https:\/\/evivatour.com\/es\/wp-json\/wp\/v2\/pages\/13095\/revisions"}],"predecessor-version":[{"id":17636,"href":"https:\/\/evivatour.com\/es\/wp-json\/wp\/v2\/pages\/13095\/revisions\/17636"}],"wp:attachment":[{"href":"https:\/\/evivatour.com\/es\/wp-json\/wp\/v2\/media?parent=13095"}],"curies":[{"name":"wp","href":"https:\/\/api.w.org\/{rel}","templated":true}]}}