{"id":13100,"date":"2021-12-13T14:01:10","date_gmt":"2021-12-13T07:01:10","guid":{"rendered":"https:\/\/evivatour.com\/es\/?page_id=13100"},"modified":"2024-01-18T14:03:25","modified_gmt":"2024-01-18T07:03:25","slug":"hotel-y-crucero","status":"publish","type":"page","link":"https:\/\/evivatour.com\/es\/hotel-y-crucero\/","title":{"rendered":"Hotel Y Crucero"},"content":{"rendered":"<p>El propio Vietnam, con su octava maravilla del mundo, la bah\u00eda de Ha Long en el norte del pa\u00eds, le ofrece un crucero incre\u00edblemente ex\u00f3tico remando suavemente alrededor de una \u201cjungla\u201d de 1.969 islotes. Si bien el Mekong es emocionante, ajetreado, rom\u00e1ntico y emocionante que un recorrido en crucero tiene para ofrecer, Indochina es un lugar que no debe perderse. Destacada por su rica cultura y diversas minor\u00edas \u00e9tnicas, la regi\u00f3n tambi\u00e9n cuenta con mares y r\u00edos pintorescos que sirven como tel\u00f3n de fondo perfecto para una maravillosa experiencia de crucero. Ya sea que est\u00e9 interesado en explorar el legendario Ha Long con sus espectaculares aguas k\u00e1rsticas y esmeralda o el bullicioso mercado flotante de Cai Be, nos encargaremos de todos los detalles para asegurarnos de que tenga un viaje inolvidable.<\/p>\n<p>Cuando se trata de su decisi\u00f3n sobre un hotel o un crucero en un nuevo pa\u00eds, es muy importante que un DMC local le consulte cuidadosamente, quien inspecciona con frecuencia a los proveedores, verifica el estado actual de las habitaciones e instalaciones y le proporciona con la mejor consultor\u00eda para su mejor valor de dinero.<\/p>\n<p>Adem\u00e1s, un DMC local que entiendo bien las playas y piscinas de cada resort en la misma calle, aclar\u00e1ndole cu\u00e1l es el hotel con mejor ubicaci\u00f3n en la ciudad, un DMC local con un profundo conocimiento de todos los itinerarios y beneficios de cruceros que puede ofrecerle una oferta adecuada a su comportamiento que le ahorrar\u00e1 tiempo y costes de b\u00fasqueda en l\u00ednea y, sobre todo, el riesgo que puede afrontar al consultar a sus clientes.<\/p>\n<p>\u00bfEst\u00e1s listo para un viaje a Vietnam y necesita un consultor que le apoye? Cont\u00e1ctanos en <a href=\"mailto:consultant@evivatour.com\">consultant@evivatour.com<\/a>.<\/p>\n","protected":false},"excerpt":{"rendered":"<p>El propio Vietnam, con su octava maravilla del mundo, la bah\u00eda de Ha Long en el norte del pa\u00eds, le ofrece un crucero incre\u00edblemente ex\u00f3tico remando suavemente alrededor de una \u201cjungla\u201d de 1.969 islotes. Si bien el Mekong es emocionante, ajetreado, rom\u00e1ntico y emocionante que un recorrido en crucero tiene para ofrecer, Indochina es un [&hellip;]<\/p>\n","protected":false},"author":1,"featured_media":0,"parent":0,"menu_order":0,"comment_status":"closed","ping_status":"closed","template":"elementor_theme","meta":{"inline_featured_image":false,"footnotes":""},"class_list":["post-13100","page","type-page","status-publish","hentry"],"yoast_head":"<!-- This site is optimized with the Yoast SEO plugin v24.7 - https:\/\/yoast.com\/wordpress\/plugins\/seo\/ -->\n<title>Hotel Y Crucero | Eviva Tour Vietnam<\/title>\n<meta name=\"robots\" content=\"index, follow, max-snippet:-1, max-image-preview:large, max-video-preview:-1\" \/>\n<link rel=\"canonical\" href=\"https:\/\/evivatour.com\/es\/hotel-y-crucero\/\" \/>\n<meta property=\"og:locale\" content=\"en_US\" \/>\n<meta property=\"og:type\" content=\"article\" \/>\n<meta property=\"og:title\" content=\"Hotel Y Crucero | Eviva Tour Vietnam\" \/>\n<meta property=\"og:description\" content=\"El propio Vietnam, con su octava maravilla del mundo, la bah\u00eda de Ha Long en el norte del pa\u00eds, le ofrece un crucero incre\u00edblemente ex\u00f3tico remando suavemente alrededor de una \u201cjungla\u201d de 1.969 islotes. Si bien el Mekong es emocionante, ajetreado, rom\u00e1ntico y emocionante que un recorrido en crucero tiene para ofrecer, Indochina es un [&hellip;]\" \/>\n<meta property=\"og:url\" content=\"https:\/\/evivatour.com\/es\/hotel-y-crucero\/\" \/>\n<meta property=\"og:site_name\" content=\"Eviva Tour\" \/>\n<meta property=\"article:modified_time\" content=\"2024-01-18T07:03:25+00:00\" \/>\n<meta name=\"twitter:card\" content=\"summary_large_image\" \/>\n<meta name=\"twitter:label1\" content=\"Est. reading time\" \/>\n\t<meta name=\"twitter:data1\" content=\"2 minutes\" \/>\n<script type=\"application\/ld+json\" class=\"yoast-schema-graph\">{\"@context\":\"https:\/\/schema.org\",\"@graph\":[{\"@type\":\"WebPage\",\"@id\":\"https:\/\/evivatour.com\/es\/hotel-y-crucero\/\",\"url\":\"https:\/\/evivatour.com\/es\/hotel-y-crucero\/\",\"name\":\"Hotel Y Crucero | Eviva Tour Vietnam\",\"isPartOf\":{\"@id\":\"https:\/\/evivatour.com\/es\/#website\"},\"datePublished\":\"2021-12-13T07:01:10+00:00\",\"dateModified\":\"2024-01-18T07:03:25+00:00\",\"breadcrumb\":{\"@id\":\"https:\/\/evivatour.com\/es\/hotel-y-crucero\/#breadcrumb\"},\"inLanguage\":\"en-US\",\"potentialAction\":[{\"@type\":\"ReadAction\",\"target\":[\"https:\/\/evivatour.com\/es\/hotel-y-crucero\/\"]}]},{\"@type\":\"BreadcrumbList\",\"@id\":\"https:\/\/evivatour.com\/es\/hotel-y-crucero\/#breadcrumb\",\"itemListElement\":[{\"@type\":\"ListItem\",\"position\":1,\"name\":\"Home\",\"item\":\"https:\/\/evivatour.com\/es\/\"},{\"@type\":\"ListItem\",\"position\":2,\"name\":\"Hotel Y Crucero\"}]},{\"@type\":\"WebSite\",\"@id\":\"https:\/\/evivatour.com\/es\/#website\",\"url\":\"https:\/\/evivatour.com\/es\/\",\"name\":\"Eviva Tour\",\"description\":\"Smile every mile\",\"publisher\":{\"@id\":\"https:\/\/evivatour.com\/es\/#organization\"},\"potentialAction\":[{\"@type\":\"SearchAction\",\"target\":{\"@type\":\"EntryPoint\",\"urlTemplate\":\"https:\/\/evivatour.com\/es\/?s={search_term_string}\"},\"query-input\":{\"@type\":\"PropertyValueSpecification\",\"valueRequired\":true,\"valueName\":\"search_term_string\"}}],\"inLanguage\":\"en-US\"},{\"@type\":\"Organization\",\"@id\":\"https:\/\/evivatour.com\/es\/#organization\",\"name\":\"Eviva Tour\",\"url\":\"https:\/\/evivatour.com\/es\/\",\"logo\":{\"@type\":\"ImageObject\",\"inLanguage\":\"en-US\",\"@id\":\"https:\/\/evivatour.com\/es\/#\/schema\/logo\/image\/\",\"url\":\"https:\/\/evivatour.com\/es\/wp-content\/uploads\/2021\/08\/cropped-eviva-tour-vietnam.png\",\"contentUrl\":\"https:\/\/evivatour.com\/es\/wp-content\/uploads\/2021\/08\/cropped-eviva-tour-vietnam.png\",\"width\":280,\"height\":185,\"caption\":\"Eviva Tour\"},\"image\":{\"@id\":\"https:\/\/evivatour.com\/es\/#\/schema\/logo\/image\/\"}}]}<\/script>\n<!-- \/ Yoast SEO plugin. -->","yoast_head_json":{"title":"Hotel Y Crucero | Eviva Tour Vietnam","robots":{"index":"index","follow":"follow","max-snippet":"max-snippet:-1","max-image-preview":"max-image-preview:large","max-video-preview":"max-video-preview:-1"},"canonical":"https:\/\/evivatour.com\/es\/hotel-y-crucero\/","og_locale":"en_US","og_type":"article","og_title":"Hotel Y Crucero | Eviva Tour Vietnam","og_description":"El propio Vietnam, con su octava maravilla del mundo, la bah\u00eda de Ha Long en el norte del pa\u00eds, le ofrece un crucero incre\u00edblemente ex\u00f3tico remando suavemente alrededor de una \u201cjungla\u201d de 1.969 islotes. Si bien el Mekong es emocionante, ajetreado, rom\u00e1ntico y emocionante que un recorrido en crucero tiene para ofrecer, Indochina es un [&hellip;]","og_url":"https:\/\/evivatour.com\/es\/hotel-y-crucero\/","og_site_name":"Eviva Tour","article_modified_time":"2024-01-18T07:03:25+00:00","twitter_card":"summary_large_image","twitter_misc":{"Est. reading time":"2 minutes"},"schema":{"@context":"https:\/\/schema.org","@graph":[{"@type":"WebPage","@id":"https:\/\/evivatour.com\/es\/hotel-y-crucero\/","url":"https:\/\/evivatour.com\/es\/hotel-y-crucero\/","name":"Hotel Y Crucero | Eviva Tour Vietnam","isPartOf":{"@id":"https:\/\/evivatour.com\/es\/#website"},"datePublished":"2021-12-13T07:01:10+00:00","dateModified":"2024-01-18T07:03:25+00:00","breadcrumb":{"@id":"https:\/\/evivatour.com\/es\/hotel-y-crucero\/#breadcrumb"},"inLanguage":"en-US","potentialAction":[{"@type":"ReadAction","target":["https:\/\/evivatour.com\/es\/hotel-y-crucero\/"]}]},{"@type":"BreadcrumbList","@id":"https:\/\/evivatour.com\/es\/hotel-y-crucero\/#breadcrumb","itemListElement":[{"@type":"ListItem","position":1,"name":"Home","item":"https:\/\/evivatour.com\/es\/"},{"@type":"ListItem","position":2,"name":"Hotel Y Crucero"}]},{"@type":"WebSite","@id":"https:\/\/evivatour.com\/es\/#website","url":"https:\/\/evivatour.com\/es\/","name":"Eviva Tour","description":"Smile every mile","publisher":{"@id":"https:\/\/evivatour.com\/es\/#organization"},"potentialAction":[{"@type":"SearchAction","target":{"@type":"EntryPoint","urlTemplate":"https:\/\/evivatour.com\/es\/?s={search_term_string}"},"query-input":{"@type":"PropertyValueSpecification","valueRequired":true,"valueName":"search_term_string"}}],"inLanguage":"en-US"},{"@type":"Organization","@id":"https:\/\/evivatour.com\/es\/#organization","name":"Eviva Tour","url":"https:\/\/evivatour.com\/es\/","logo":{"@type":"ImageObject","inLanguage":"en-US","@id":"https:\/\/evivatour.com\/es\/#\/schema\/logo\/image\/","url":"https:\/\/evivatour.com\/es\/wp-content\/uploads\/2021\/08\/cropped-eviva-tour-vietnam.png","contentUrl":"https:\/\/evivatour.com\/es\/wp-content\/uploads\/2021\/08\/cropped-eviva-tour-vietnam.png","width":280,"height":185,"caption":"Eviva Tour"},"image":{"@id":"https:\/\/evivatour.com\/es\/#\/schema\/logo\/image\/"}}]}},"_links":{"self":[{"href":"https:\/\/evivatour.com\/es\/wp-json\/wp\/v2\/pages\/13100","targetHints":{"allow":["GET"]}}],"collection":[{"href":"https:\/\/evivatour.com\/es\/wp-json\/wp\/v2\/pages"}],"about":[{"href":"https:\/\/evivatour.com\/es\/wp-json\/wp\/v2\/types\/page"}],"author":[{"embeddable":true,"href":"https:\/\/evivatour.com\/es\/wp-json\/wp\/v2\/users\/1"}],"replies":[{"embeddable":true,"href":"https:\/\/evivatour.com\/es\/wp-json\/wp\/v2\/comments?post=13100"}],"version-history":[{"count":5,"href":"https:\/\/evivatour.com\/es\/wp-json\/wp\/v2\/pages\/13100\/revisions"}],"predecessor-version":[{"id":17667,"href":"https:\/\/evivatour.com\/es\/wp-json\/wp\/v2\/pages\/13100\/revisions\/17667"}],"wp:attachment":[{"href":"https:\/\/evivatour.com\/es\/wp-json\/wp\/v2\/media?parent=13100"}],"curies":[{"name":"wp","href":"https:\/\/api.w.org\/{rel}","templated":true}]}}