{"id":13104,"date":"2021-12-13T14:03:39","date_gmt":"2021-12-13T07:03:39","guid":{"rendered":"https:\/\/evivatour.com\/es\/?page_id=13104"},"modified":"2024-01-18T11:47:01","modified_gmt":"2024-01-18T04:47:01","slug":"guia-turistico","status":"publish","type":"page","link":"https:\/\/evivatour.com\/es\/guia-turistico\/","title":{"rendered":"Gu\u00eda tur\u00edstico"},"content":{"rendered":"<p>La mejor manera de comprender la cultura local y la vida cotidiana de la gente local en poco tiempo es contratar a un gu\u00eda tur\u00edstico. Nuestros gu\u00edas profesionales ser\u00e1n sus compa\u00f1eros sinceros y serviciales para ayudarle con todo lo que necesite mientras viaja por Vietnam, Laos y Camboya. Prometemos hacerte sonre\u00edr en cada kil\u00f3metro que recorras en Vietnam e Indochina.<\/p>\n<p>Para nosotros, la amabilidad, la integridad y la sensibilidad son los tres valores m\u00e1s importantes que nuestro gu\u00eda debe llevar a nuestros valiosos clientes. Nuestros gu\u00edas est\u00e1n siempre listos para servirle, sin importar cu\u00e1n grande sea su grupo y cu\u00e1les sean sus intereses. Si tiene alguna solicitud especial para el servicio de gu\u00eda tur\u00edstica, no dude en ponerse en contacto con nosotros en <a href=\"mailto:consultant@evivatour.com\">consultant@evivatour.com<\/a>.<\/p>\n","protected":false},"excerpt":{"rendered":"<p>La mejor manera de comprender la cultura local y la vida cotidiana de la gente local en poco tiempo es contratar a un gu\u00eda tur\u00edstico. Nuestros gu\u00edas profesionales ser\u00e1n sus compa\u00f1eros sinceros y serviciales para ayudarle con todo lo que necesite mientras viaja por Vietnam, Laos y Camboya. Prometemos hacerte sonre\u00edr en cada kil\u00f3metro que [&hellip;]<\/p>\n","protected":false},"author":1,"featured_media":0,"parent":0,"menu_order":0,"comment_status":"closed","ping_status":"closed","template":"elementor_theme","meta":{"inline_featured_image":false,"footnotes":""},"class_list":["post-13104","page","type-page","status-publish","hentry"],"yoast_head":"<!-- This site is optimized with the Yoast SEO plugin v24.7 - https:\/\/yoast.com\/wordpress\/plugins\/seo\/ -->\n<title>Gu\u00eda tur\u00edstico - Eviva Tour<\/title>\n<meta name=\"robots\" content=\"index, follow, max-snippet:-1, max-image-preview:large, max-video-preview:-1\" \/>\n<link rel=\"canonical\" href=\"https:\/\/evivatour.com\/es\/guia-turistico\/\" \/>\n<meta property=\"og:locale\" content=\"en_US\" \/>\n<meta property=\"og:type\" content=\"article\" \/>\n<meta property=\"og:title\" content=\"Gu\u00eda tur\u00edstico - Eviva Tour\" \/>\n<meta property=\"og:description\" content=\"La mejor manera de comprender la cultura local y la vida cotidiana de la gente local en poco tiempo es contratar a un gu\u00eda tur\u00edstico. Nuestros gu\u00edas profesionales ser\u00e1n sus compa\u00f1eros sinceros y serviciales para ayudarle con todo lo que necesite mientras viaja por Vietnam, Laos y Camboya. Prometemos hacerte sonre\u00edr en cada kil\u00f3metro que [&hellip;]\" \/>\n<meta property=\"og:url\" content=\"https:\/\/evivatour.com\/es\/guia-turistico\/\" \/>\n<meta property=\"og:site_name\" content=\"Eviva Tour\" \/>\n<meta property=\"article:modified_time\" content=\"2024-01-18T04:47:01+00:00\" \/>\n<meta name=\"twitter:card\" content=\"summary_large_image\" \/>\n<meta name=\"twitter:label1\" content=\"Est. reading time\" \/>\n\t<meta name=\"twitter:data1\" content=\"1 minute\" \/>\n<script type=\"application\/ld+json\" class=\"yoast-schema-graph\">{\"@context\":\"https:\/\/schema.org\",\"@graph\":[{\"@type\":\"WebPage\",\"@id\":\"https:\/\/evivatour.com\/es\/guia-turistico\/\",\"url\":\"https:\/\/evivatour.com\/es\/guia-turistico\/\",\"name\":\"Gu\u00eda tur\u00edstico - Eviva Tour\",\"isPartOf\":{\"@id\":\"https:\/\/evivatour.com\/es\/#website\"},\"datePublished\":\"2021-12-13T07:03:39+00:00\",\"dateModified\":\"2024-01-18T04:47:01+00:00\",\"breadcrumb\":{\"@id\":\"https:\/\/evivatour.com\/es\/guia-turistico\/#breadcrumb\"},\"inLanguage\":\"en-US\",\"potentialAction\":[{\"@type\":\"ReadAction\",\"target\":[\"https:\/\/evivatour.com\/es\/guia-turistico\/\"]}]},{\"@type\":\"BreadcrumbList\",\"@id\":\"https:\/\/evivatour.com\/es\/guia-turistico\/#breadcrumb\",\"itemListElement\":[{\"@type\":\"ListItem\",\"position\":1,\"name\":\"Home\",\"item\":\"https:\/\/evivatour.com\/es\/\"},{\"@type\":\"ListItem\",\"position\":2,\"name\":\"Gu\u00eda tur\u00edstico\"}]},{\"@type\":\"WebSite\",\"@id\":\"https:\/\/evivatour.com\/es\/#website\",\"url\":\"https:\/\/evivatour.com\/es\/\",\"name\":\"Eviva Tour\",\"description\":\"Smile every mile\",\"publisher\":{\"@id\":\"https:\/\/evivatour.com\/es\/#organization\"},\"potentialAction\":[{\"@type\":\"SearchAction\",\"target\":{\"@type\":\"EntryPoint\",\"urlTemplate\":\"https:\/\/evivatour.com\/es\/?s={search_term_string}\"},\"query-input\":{\"@type\":\"PropertyValueSpecification\",\"valueRequired\":true,\"valueName\":\"search_term_string\"}}],\"inLanguage\":\"en-US\"},{\"@type\":\"Organization\",\"@id\":\"https:\/\/evivatour.com\/es\/#organization\",\"name\":\"Eviva Tour\",\"url\":\"https:\/\/evivatour.com\/es\/\",\"logo\":{\"@type\":\"ImageObject\",\"inLanguage\":\"en-US\",\"@id\":\"https:\/\/evivatour.com\/es\/#\/schema\/logo\/image\/\",\"url\":\"https:\/\/evivatour.com\/es\/wp-content\/uploads\/2021\/08\/cropped-eviva-tour-vietnam.png\",\"contentUrl\":\"https:\/\/evivatour.com\/es\/wp-content\/uploads\/2021\/08\/cropped-eviva-tour-vietnam.png\",\"width\":280,\"height\":185,\"caption\":\"Eviva Tour\"},\"image\":{\"@id\":\"https:\/\/evivatour.com\/es\/#\/schema\/logo\/image\/\"}}]}<\/script>\n<!-- \/ Yoast SEO plugin. -->","yoast_head_json":{"title":"Gu\u00eda tur\u00edstico - Eviva Tour","robots":{"index":"index","follow":"follow","max-snippet":"max-snippet:-1","max-image-preview":"max-image-preview:large","max-video-preview":"max-video-preview:-1"},"canonical":"https:\/\/evivatour.com\/es\/guia-turistico\/","og_locale":"en_US","og_type":"article","og_title":"Gu\u00eda tur\u00edstico - Eviva Tour","og_description":"La mejor manera de comprender la cultura local y la vida cotidiana de la gente local en poco tiempo es contratar a un gu\u00eda tur\u00edstico. Nuestros gu\u00edas profesionales ser\u00e1n sus compa\u00f1eros sinceros y serviciales para ayudarle con todo lo que necesite mientras viaja por Vietnam, Laos y Camboya. Prometemos hacerte sonre\u00edr en cada kil\u00f3metro que [&hellip;]","og_url":"https:\/\/evivatour.com\/es\/guia-turistico\/","og_site_name":"Eviva Tour","article_modified_time":"2024-01-18T04:47:01+00:00","twitter_card":"summary_large_image","twitter_misc":{"Est. reading time":"1 minute"},"schema":{"@context":"https:\/\/schema.org","@graph":[{"@type":"WebPage","@id":"https:\/\/evivatour.com\/es\/guia-turistico\/","url":"https:\/\/evivatour.com\/es\/guia-turistico\/","name":"Gu\u00eda tur\u00edstico - Eviva Tour","isPartOf":{"@id":"https:\/\/evivatour.com\/es\/#website"},"datePublished":"2021-12-13T07:03:39+00:00","dateModified":"2024-01-18T04:47:01+00:00","breadcrumb":{"@id":"https:\/\/evivatour.com\/es\/guia-turistico\/#breadcrumb"},"inLanguage":"en-US","potentialAction":[{"@type":"ReadAction","target":["https:\/\/evivatour.com\/es\/guia-turistico\/"]}]},{"@type":"BreadcrumbList","@id":"https:\/\/evivatour.com\/es\/guia-turistico\/#breadcrumb","itemListElement":[{"@type":"ListItem","position":1,"name":"Home","item":"https:\/\/evivatour.com\/es\/"},{"@type":"ListItem","position":2,"name":"Gu\u00eda tur\u00edstico"}]},{"@type":"WebSite","@id":"https:\/\/evivatour.com\/es\/#website","url":"https:\/\/evivatour.com\/es\/","name":"Eviva Tour","description":"Smile every mile","publisher":{"@id":"https:\/\/evivatour.com\/es\/#organization"},"potentialAction":[{"@type":"SearchAction","target":{"@type":"EntryPoint","urlTemplate":"https:\/\/evivatour.com\/es\/?s={search_term_string}"},"query-input":{"@type":"PropertyValueSpecification","valueRequired":true,"valueName":"search_term_string"}}],"inLanguage":"en-US"},{"@type":"Organization","@id":"https:\/\/evivatour.com\/es\/#organization","name":"Eviva Tour","url":"https:\/\/evivatour.com\/es\/","logo":{"@type":"ImageObject","inLanguage":"en-US","@id":"https:\/\/evivatour.com\/es\/#\/schema\/logo\/image\/","url":"https:\/\/evivatour.com\/es\/wp-content\/uploads\/2021\/08\/cropped-eviva-tour-vietnam.png","contentUrl":"https:\/\/evivatour.com\/es\/wp-content\/uploads\/2021\/08\/cropped-eviva-tour-vietnam.png","width":280,"height":185,"caption":"Eviva Tour"},"image":{"@id":"https:\/\/evivatour.com\/es\/#\/schema\/logo\/image\/"}}]}},"_links":{"self":[{"href":"https:\/\/evivatour.com\/es\/wp-json\/wp\/v2\/pages\/13104","targetHints":{"allow":["GET"]}}],"collection":[{"href":"https:\/\/evivatour.com\/es\/wp-json\/wp\/v2\/pages"}],"about":[{"href":"https:\/\/evivatour.com\/es\/wp-json\/wp\/v2\/types\/page"}],"author":[{"embeddable":true,"href":"https:\/\/evivatour.com\/es\/wp-json\/wp\/v2\/users\/1"}],"replies":[{"embeddable":true,"href":"https:\/\/evivatour.com\/es\/wp-json\/wp\/v2\/comments?post=13104"}],"version-history":[{"count":3,"href":"https:\/\/evivatour.com\/es\/wp-json\/wp\/v2\/pages\/13104\/revisions"}],"predecessor-version":[{"id":17644,"href":"https:\/\/evivatour.com\/es\/wp-json\/wp\/v2\/pages\/13104\/revisions\/17644"}],"wp:attachment":[{"href":"https:\/\/evivatour.com\/es\/wp-json\/wp\/v2\/media?parent=13104"}],"curies":[{"name":"wp","href":"https:\/\/api.w.org\/{rel}","templated":true}]}}