{"id":13250,"date":"2021-12-16T14:29:52","date_gmt":"2021-12-16T07:29:52","guid":{"rendered":"https:\/\/evivatour.com\/es\/?page_id=13250"},"modified":"2024-01-18T15:31:23","modified_gmt":"2024-01-18T08:31:23","slug":"viajes-golf","status":"publish","type":"page","link":"https:\/\/evivatour.com\/es\/paquetes-de-turisticos\/viajes-golf\/","title":{"rendered":"Viajes Golf"},"content":{"rendered":"\t\t<div data-elementor-type=\"wp-page\" data-elementor-id=\"13250\" class=\"elementor elementor-13250\" data-elementor-post-type=\"page\">\n\t\t\t\t\t\t<div class=\"elementor-section elementor-top-section elementor-element elementor-element-ecadff2 elementor-section-stretched elementor-section-boxed elementor-section-height-default elementor-section-height-default\" data-id=\"ecadff2\" data-element_type=\"section\" data-settings=\"{&quot;stretch_section&quot;:&quot;section-stretched&quot;}\">\n\t\t\t\t\t\t<div class=\"elementor-container elementor-column-gap-no\">\n\t\t\t\t\t<div class=\"elementor-column elementor-col-100 elementor-top-column elementor-element elementor-element-017fcab\" data-id=\"017fcab\" data-element_type=\"column\">\n\t\t\t<div class=\"elementor-widget-wrap elementor-element-populated\">\n\t\t\t\t\t\t<div class=\"elementor-element elementor-element-755578f layout-style-1 elementor-widget elementor-widget-babe-search-form\" data-id=\"755578f\" data-element_type=\"widget\" data-widget_type=\"babe-search-form.default\">\n\t\t\t\t<div class=\"elementor-widget-container\">\n\t\t\t\n        <div id=\"triply-search-box\" class=\"babe-search-box\">\n            <form name=\"search_form\" action=\"https:\/\/evivatour.com\/es\/paquetes-de-turisticos\/\" method=\"get\" id=\"search_form\" class=\"babe-search-form\">\n                <div class=\"search-form-inner\">\n                    <div class=\"input-group col-4\">\n\t\t\t\t\t\t<div class=\"field-search-group \"><div class=\"field-group-inner locations-block\"><div class=\"icon-search left-search\"><i class=\"triply-icon- triply-icon-map-marker-alt\"><\/i><\/div><div class=\"field-search right-search\"><h4 class=\"field-title advanced-header\">Destinazioni<\/h4><div class=\"add_input_field is-active\" data-tax=\"ba_locations\" tabindex=\"0\">\n                                        <div class=\"add_ids_title\">\n                                            <div class=\"add_ids_title_value\">Dove stai andando?<\/div><i class=\"js-triply-icon triply-icon triply-icon-chevron-down\"><\/i>\n                                            <ul id=\"add_ids_list_ba_locations\" class=\"add_ids_list\" data-parent=\"0\">\n        <li class=\"term_item term_item_all\" data-id=\"0\">All Destinazioni<\/li><li class=\"term_item term_item_level_0\" data-id=\"72\">Camboya<\/li><li class=\"term_item term_item_level_0\" data-id=\"34\">Indochina<\/li><li class=\"term_item term_item_level_0\" data-id=\"38\">Laos<\/li><li class=\"term_item term_item_level_0\" data-id=\"57\">Myanmar<\/li><li class=\"term_item term_item_level_0\" data-id=\"74\">Viet Nam<\/li>\n        <\/ul>\n                                            <input type=\"hidden\" class=\"input_select_input_value\" name=\"add_ids_ba_locations\" value=\"0\">\n                                          <\/div>  \t\n                                        <\/div><\/div><\/div><\/div><div class=\"field-search-group \"><div class=\"field-group-inner locations-block\"><div class=\"icon-search left-search\"><i class=\"triply-icon- triply-icon-fan\"><\/i><\/div><div class=\"field-search right-search\"><h4 class=\"field-title advanced-header\">Stile tour<\/h4><div class=\"add_input_field is-active\" data-tax=\"ba_types\" tabindex=\"0\">\n                                        <div class=\"add_ids_title\">\n                                            <div class=\"add_ids_title_value\">Tour di golf<\/div><i class=\"js-triply-icon triply-icon triply-icon-chevron-down\"><\/i>\n                                            <ul id=\"add_ids_list_ba_types\" class=\"add_ids_list\" data-parent=\"0\">\n        <li class=\"term_item term_item_all\" data-id=\"0\">All Stile tour<\/li><li class=\"term_item term_item_level_0\" data-id=\"52\">Cl\u00e1sicos<\/li><li class=\"term_item term_item_level_0\" data-id=\"36\">Cortos<\/li><li class=\"term_item term_item_level_0\" data-id=\"43\">Crucero<\/li><li class=\"term_item term_item_level_0\" data-id=\"76\">Cultura<\/li><li class=\"term_item term_item_level_0\" data-id=\"53\">Familia<\/li><li class=\"term_item term_item_level_0\" data-id=\"77\">Golf<\/li><li class=\"term_item term_item_level_0\" data-id=\"78\">Lujo<\/li><li class=\"term_item term_item_level_0\" data-id=\"61\">Luna de Mie<\/li><li class=\"term_item term_item_level_0\" data-id=\"40\">Sol y Playa<\/li>\n        <\/ul>\n                                            <input type=\"hidden\" class=\"input_select_input_value\" name=\"add_ids_ba_types\" value=\"0\">\n                                          <\/div>  \t\n                                        <\/div><\/div><\/div><\/div><div class=\"field-search-group \"><div class=\"field-group-inner locations-block\"><div class=\"icon-search left-search\"><i class=\"triply-icon- triply-icon-calendar-alt\"><\/i><\/div><div class=\"field-search right-search\"><h4 class=\"field-title advanced-header\">Durata<\/h4><div class=\"add_input_field is-active\" data-tax=\"ba_duration\" tabindex=\"0\">\n                                        <div class=\"add_ids_title\">\n                                            <div class=\"add_ids_title_value\">Durata tutto<\/div><i class=\"js-triply-icon triply-icon triply-icon-chevron-down\"><\/i>\n                                            <ul id=\"add_ids_list_ba_duration\" class=\"add_ids_list\" data-parent=\"0\">\n        <li class=\"term_item term_item_all\" data-id=\"0\">All Durata<\/li><li class=\"term_item term_item_level_0\" data-id=\"336\">0-5 horas<\/li><li class=\"term_item term_item_level_0\" data-id=\"335\">1 d\u00eda (7+ horas)<\/li><li class=\"term_item term_item_level_0\" data-id=\"337\">2-4 d\u00edas<\/li><li class=\"term_item term_item_level_0\" data-id=\"338\">5-7 d\u00edas<\/li><li class=\"term_item term_item_level_0\" data-id=\"339\">8-10 d\u00edas<\/li><li class=\"term_item term_item_level_0\" data-id=\"340\">M\u00e1s de 10 d\u00edas<\/li>\n        <\/ul>\n                                            <input type=\"hidden\" class=\"input_select_input_value\" name=\"add_ids_ba_duration\" value=\"0\">\n                                          <\/div>  \t\n                                        <\/div><\/div><\/div><\/div><div class=\"field-search-group\"><div class=\"field-group-inner\"><div class=\"guest-block search_guests_field is-active\"><div class=\"icon-search left-search\"><i class=\"triply-icon-user-2\"><\/i><\/div><div class=\"field-search right-search\"><h4 class=\"field-title\">Ospiti<\/h4><span class=\"search_guests_title_value search_guests_title\">0<\/span>\n                                        <div class=\"search_guests_select_wrapper close_by_apply_btn\">\n                                             <div class=\"input_select_field input_select_field_guests\" data-name=\"guests[2]\">\n                              <span class=\"select_guests_value\">0<\/span>\n                              <span class=\"select_guests_title\">Adulto<\/span>\n                              <span class=\"search_guests_plus btn-search-guests-change btn btn-secondary-outlined\" tabindex=\"0\"><i class=\"fas fa-plus\"><\/i><\/span>\n                              <span class=\"search_guests_minus btn-search-guests-change btn btn-secondary-outlined\" tabindex=\"0\"><i class=\"fas fa-minus\"><\/i><\/span>\n                              <input type=\"hidden\" class=\"select_guests_input_value\" name=\"guests[2]\" value=\"0\">\n                           <\/div> <div class=\"input_select_field input_select_field_guests\" data-name=\"guests[4]\">\n                              <span class=\"select_guests_value\">0<\/span>\n                              <span class=\"select_guests_title\">Ni\u00f1os<\/span>\n                              <span class=\"search_guests_plus btn-search-guests-change btn btn-secondary-outlined\" tabindex=\"0\"><i class=\"fas fa-plus\"><\/i><\/span>\n                              <span class=\"search_guests_minus btn-search-guests-change btn btn-secondary-outlined\" tabindex=\"0\"><i class=\"fas fa-minus\"><\/i><\/span>\n                              <input type=\"hidden\" class=\"select_guests_input_value\" name=\"guests[4]\" value=\"0\">\n                           <\/div> <div class=\"input_select_field input_select_field_guests\" data-name=\"guests[3]\">\n                              <span class=\"select_guests_value\">0<\/span>\n                              <span class=\"select_guests_title\">Beb\u00e9s<\/span>\n                              <span class=\"search_guests_plus btn-search-guests-change btn btn-secondary-outlined\" tabindex=\"0\"><i class=\"fas fa-plus\"><\/i><\/span>\n                              <span class=\"search_guests_minus btn-search-guests-change btn btn-secondary-outlined\" tabindex=\"0\"><i class=\"fas fa-minus\"><\/i><\/span>\n                              <input type=\"hidden\" class=\"select_guests_input_value\" name=\"guests[3]\" value=\"0\">\n                           <\/div>\n                                            <div class=\"search_guests_apply\">\n                                                <button class=\"btn button btn-primary search_apply_btn\">Apply<\/button>\n                                            <\/div>\n                                        <\/div>\t\n                                    <\/div>\n                                <\/div>\n                            <\/div><\/div>                    <\/div>\n                    <div class=\"submit\">\n                        <button name=\"submit\" class=\"btn button btn-primary btn-search\" value=\"1\">\n\t\t\t\t\t\t\t                                <i class=\"triply-icon triply-icon-search\"><\/i>\n\t\t\t\t\t\t\t\t\t\t\t\t\t\tCerca                        <\/button>\n                    <\/div>\n                    <input type=\"hidden\" name=\"request_search_results\" value=\"1\">\n                    <input type=\"hidden\" name=\"search_results_sort_by\" value=\"title_asc\">\n                    \n                <\/div>\n            <\/form>\n        <\/div>\n\t\t\t\t<\/div>\n\t\t\t\t<\/div>\n\t\t\t\t\t<\/div>\n\t\t<\/div>\n\t\t\t\t\t<\/div>\n\t\t<\/div>\n\t\t\t\t<div class=\"elementor-section elementor-top-section elementor-element elementor-element-44cee6d elementor-section-stretched elementor-section-boxed elementor-section-height-default elementor-section-height-default\" data-id=\"44cee6d\" data-element_type=\"section\" data-settings=\"{&quot;stretch_section&quot;:&quot;section-stretched&quot;}\">\n\t\t\t\t\t\t<div class=\"elementor-container elementor-column-gap-no\">\n\t\t\t\t\t<div class=\"elementor-column elementor-col-100 elementor-top-column elementor-element elementor-element-b824a89\" data-id=\"b824a89\" data-element_type=\"column\">\n\t\t\t<div class=\"elementor-widget-wrap elementor-element-populated\">\n\t\t\t\t\t\t<div class=\"elementor-element elementor-element-e535d74 elementor-widget elementor-widget-text-editor\" data-id=\"e535d74\" data-element_type=\"widget\" data-widget_type=\"text-editor.default\">\n\t\t\t\t<div class=\"elementor-widget-container\">\n\t\t\t<style>\/*! elementor - v3.20.0 - 13-03-2024 *\/\n.elementor-widget-text-editor.elementor-drop-cap-view-stacked .elementor-drop-cap{background-color:#69727d;color:#fff}.elementor-widget-text-editor.elementor-drop-cap-view-framed .elementor-drop-cap{color:#69727d;border:3px solid;background-color:transparent}.elementor-widget-text-editor:not(.elementor-drop-cap-view-default) .elementor-drop-cap{margin-top:8px}.elementor-widget-text-editor:not(.elementor-drop-cap-view-default) .elementor-drop-cap-letter{width:1em;height:1em}.elementor-widget-text-editor .elementor-drop-cap{float:left;text-align:center;line-height:1;font-size:50px}.elementor-widget-text-editor .elementor-drop-cap-letter{display:inline-block}<\/style>\t\t\t\t<p><a href=\"https:\/\/evivatour.com\/es\/paquetes-de-turisticos\/viajes-golf\/\">Los tours de golf en Vietnam<\/a> ofrecen una combinaci\u00f3n excepcional de campos de golf de clase mundial y paisajes impresionantes. Desde Hanoi hasta Ho Chi Minh City, los entusiastas del golf pueden disfrutar jugando en campos de campeonato bellamente dise\u00f1ados rodeados de exuberante vegetaci\u00f3n. Con un rico patrimonio cultural para explorar junto con la experiencia del golf, Vietnam es un destino ideal para cualquier amante del golf.<\/p><p>Indochina cuenta con muchos campos de golf hermosos que atraen a turistas de todas partes. Desde Vietnam, Laos, Camboya hasta Myanmar, dise\u00f1aremos su viaje de ensue\u00f1o a los mejores campos de golf.<\/p>\t\t\t\t\t\t<\/div>\n\t\t\t\t<\/div>\n\t\t\t\t<div class=\"elementor-element elementor-element-c296005 arrow-style-1 elementor-widget elementor-widget-babe-all-items\" data-id=\"c296005\" data-element_type=\"widget\" data-widget_type=\"babe-all-items.default\">\n\t\t\t\t<div class=\"elementor-widget-container\">\n\t\t\t<div data-elementor-columns=\"3\" data-elementor-columns-tablet=\"2\" data-elementor-columns-mobile=\"1\">\n\t\t\t\t<div class=\"babe_shortcode_block sc_all_items \">\n\t\t\t\t\t<div class=\"babe_shortcode_block_bg_inner\">\n\t\t\t\t\t\t<div class=\"babe_shortcode_block_inner\">\n\t\t\t\t\t\t\t\n\t\t\t\t\t\t<\/div>\n\t\t\t\t\t\t\n\t\t\t\t\t<\/div>\n\t\t\t\t<\/div>\n\t\t\t<\/div>\t\t<\/div>\n\t\t\t\t<\/div>\n\t\t\t\t\t<\/div>\n\t\t<\/div>\n\t\t\t\t\t<\/div>\n\t\t<\/div>\n\t\t\t\t<\/div>\n\t\t","protected":false},"excerpt":{"rendered":"<p>Destinazioni Dove stai andando? All Destinazioni Camboya Indochina Laos Myanmar Viet Nam Stile tour Tour di golf All Stile tour Cl\u00e1sicos Cortos Crucero Cultura Familia Golf Lujo Luna de Mie Sol y Playa Durata Durata tutto All Durata 0-5 horas 1 d\u00eda (7+ horas) 2-4 d\u00edas 5-7 d\u00edas 8-10 d\u00edas M\u00e1s de 10 d\u00edas Ospiti [&hellip;]<\/p>\n","protected":false},"author":1,"featured_media":0,"parent":6630,"menu_order":0,"comment_status":"closed","ping_status":"closed","template":"elementor_header_footer","meta":{"inline_featured_image":false,"footnotes":""},"class_list":["post-13250","page","type-page","status-publish","hentry"],"yoast_head":"<!-- This site is optimized with the Yoast SEO plugin v24.7 - https:\/\/yoast.com\/wordpress\/plugins\/seo\/ -->\n<title>Vietnam Viajes De Golf | Operador tur\u00edstico de golf en Vietnam<\/title>\n<meta name=\"description\" content=\"Los tours de golf en Vietnam ofrecen una combinaci\u00f3n excepcional de campos de golf de clase mundial y paisajes impresionantes.\" \/>\n<meta name=\"robots\" content=\"index, follow, max-snippet:-1, max-image-preview:large, max-video-preview:-1\" \/>\n<link rel=\"canonical\" href=\"https:\/\/evivatour.com\/es\/paquetes-de-turisticos\/viajes-golf\/\" \/>\n<meta property=\"og:locale\" content=\"en_US\" \/>\n<meta property=\"og:type\" content=\"article\" \/>\n<meta property=\"og:title\" content=\"Vietnam Viajes De Golf | Operador tur\u00edstico de golf en Vietnam\" \/>\n<meta property=\"og:description\" content=\"Los tours de golf en Vietnam ofrecen una combinaci\u00f3n excepcional de campos de golf de clase mundial y paisajes impresionantes.\" \/>\n<meta property=\"og:url\" content=\"https:\/\/evivatour.com\/es\/paquetes-de-turisticos\/viajes-golf\/\" \/>\n<meta property=\"og:site_name\" content=\"Eviva Tour\" \/>\n<meta property=\"article:modified_time\" content=\"2024-01-18T08:31:23+00:00\" \/>\n<meta name=\"twitter:card\" content=\"summary_large_image\" \/>\n<meta name=\"twitter:label1\" content=\"Est. reading time\" \/>\n\t<meta name=\"twitter:data1\" content=\"1 minute\" \/>\n<script type=\"application\/ld+json\" class=\"yoast-schema-graph\">{\"@context\":\"https:\/\/schema.org\",\"@graph\":[{\"@type\":\"WebPage\",\"@id\":\"https:\/\/evivatour.com\/es\/paquetes-de-turisticos\/viajes-golf\/\",\"url\":\"https:\/\/evivatour.com\/es\/paquetes-de-turisticos\/viajes-golf\/\",\"name\":\"Vietnam Viajes De Golf | Operador tur\u00edstico de golf en Vietnam\",\"isPartOf\":{\"@id\":\"https:\/\/evivatour.com\/es\/#website\"},\"datePublished\":\"2021-12-16T07:29:52+00:00\",\"dateModified\":\"2024-01-18T08:31:23+00:00\",\"description\":\"Los tours de golf en Vietnam ofrecen una combinaci\u00f3n excepcional de campos de golf de clase mundial y paisajes impresionantes.\",\"breadcrumb\":{\"@id\":\"https:\/\/evivatour.com\/es\/paquetes-de-turisticos\/viajes-golf\/#breadcrumb\"},\"inLanguage\":\"en-US\",\"potentialAction\":[{\"@type\":\"ReadAction\",\"target\":[\"https:\/\/evivatour.com\/es\/paquetes-de-turisticos\/viajes-golf\/\"]}]},{\"@type\":\"BreadcrumbList\",\"@id\":\"https:\/\/evivatour.com\/es\/paquetes-de-turisticos\/viajes-golf\/#breadcrumb\",\"itemListElement\":[{\"@type\":\"ListItem\",\"position\":1,\"name\":\"Home\",\"item\":\"https:\/\/evivatour.com\/es\/\"},{\"@type\":\"ListItem\",\"position\":2,\"name\":\"Paquetes De Tur\u00edsticos 2026\",\"item\":\"https:\/\/evivatour.com\/es\/paquetes-de-turisticos\/\"},{\"@type\":\"ListItem\",\"position\":3,\"name\":\"Viajes Golf\"}]},{\"@type\":\"WebSite\",\"@id\":\"https:\/\/evivatour.com\/es\/#website\",\"url\":\"https:\/\/evivatour.com\/es\/\",\"name\":\"Eviva Tour\",\"description\":\"Smile every mile\",\"publisher\":{\"@id\":\"https:\/\/evivatour.com\/es\/#organization\"},\"potentialAction\":[{\"@type\":\"SearchAction\",\"target\":{\"@type\":\"EntryPoint\",\"urlTemplate\":\"https:\/\/evivatour.com\/es\/?s={search_term_string}\"},\"query-input\":{\"@type\":\"PropertyValueSpecification\",\"valueRequired\":true,\"valueName\":\"search_term_string\"}}],\"inLanguage\":\"en-US\"},{\"@type\":\"Organization\",\"@id\":\"https:\/\/evivatour.com\/es\/#organization\",\"name\":\"Eviva Tour\",\"url\":\"https:\/\/evivatour.com\/es\/\",\"logo\":{\"@type\":\"ImageObject\",\"inLanguage\":\"en-US\",\"@id\":\"https:\/\/evivatour.com\/es\/#\/schema\/logo\/image\/\",\"url\":\"https:\/\/evivatour.com\/es\/wp-content\/uploads\/2021\/08\/cropped-eviva-tour-vietnam.png\",\"contentUrl\":\"https:\/\/evivatour.com\/es\/wp-content\/uploads\/2021\/08\/cropped-eviva-tour-vietnam.png\",\"width\":280,\"height\":185,\"caption\":\"Eviva Tour\"},\"image\":{\"@id\":\"https:\/\/evivatour.com\/es\/#\/schema\/logo\/image\/\"}}]}<\/script>\n<!-- \/ Yoast SEO plugin. -->","yoast_head_json":{"title":"Vietnam Viajes De Golf | Operador tur\u00edstico de golf en Vietnam","description":"Los tours de golf en Vietnam ofrecen una combinaci\u00f3n excepcional de campos de golf de clase mundial y paisajes impresionantes.","robots":{"index":"index","follow":"follow","max-snippet":"max-snippet:-1","max-image-preview":"max-image-preview:large","max-video-preview":"max-video-preview:-1"},"canonical":"https:\/\/evivatour.com\/es\/paquetes-de-turisticos\/viajes-golf\/","og_locale":"en_US","og_type":"article","og_title":"Vietnam Viajes De Golf | Operador tur\u00edstico de golf en Vietnam","og_description":"Los tours de golf en Vietnam ofrecen una combinaci\u00f3n excepcional de campos de golf de clase mundial y paisajes impresionantes.","og_url":"https:\/\/evivatour.com\/es\/paquetes-de-turisticos\/viajes-golf\/","og_site_name":"Eviva Tour","article_modified_time":"2024-01-18T08:31:23+00:00","twitter_card":"summary_large_image","twitter_misc":{"Est. reading time":"1 minute"},"schema":{"@context":"https:\/\/schema.org","@graph":[{"@type":"WebPage","@id":"https:\/\/evivatour.com\/es\/paquetes-de-turisticos\/viajes-golf\/","url":"https:\/\/evivatour.com\/es\/paquetes-de-turisticos\/viajes-golf\/","name":"Vietnam Viajes De Golf | Operador tur\u00edstico de golf en Vietnam","isPartOf":{"@id":"https:\/\/evivatour.com\/es\/#website"},"datePublished":"2021-12-16T07:29:52+00:00","dateModified":"2024-01-18T08:31:23+00:00","description":"Los tours de golf en Vietnam ofrecen una combinaci\u00f3n excepcional de campos de golf de clase mundial y paisajes impresionantes.","breadcrumb":{"@id":"https:\/\/evivatour.com\/es\/paquetes-de-turisticos\/viajes-golf\/#breadcrumb"},"inLanguage":"en-US","potentialAction":[{"@type":"ReadAction","target":["https:\/\/evivatour.com\/es\/paquetes-de-turisticos\/viajes-golf\/"]}]},{"@type":"BreadcrumbList","@id":"https:\/\/evivatour.com\/es\/paquetes-de-turisticos\/viajes-golf\/#breadcrumb","itemListElement":[{"@type":"ListItem","position":1,"name":"Home","item":"https:\/\/evivatour.com\/es\/"},{"@type":"ListItem","position":2,"name":"Paquetes De Tur\u00edsticos 2026","item":"https:\/\/evivatour.com\/es\/paquetes-de-turisticos\/"},{"@type":"ListItem","position":3,"name":"Viajes Golf"}]},{"@type":"WebSite","@id":"https:\/\/evivatour.com\/es\/#website","url":"https:\/\/evivatour.com\/es\/","name":"Eviva Tour","description":"Smile every mile","publisher":{"@id":"https:\/\/evivatour.com\/es\/#organization"},"potentialAction":[{"@type":"SearchAction","target":{"@type":"EntryPoint","urlTemplate":"https:\/\/evivatour.com\/es\/?s={search_term_string}"},"query-input":{"@type":"PropertyValueSpecification","valueRequired":true,"valueName":"search_term_string"}}],"inLanguage":"en-US"},{"@type":"Organization","@id":"https:\/\/evivatour.com\/es\/#organization","name":"Eviva Tour","url":"https:\/\/evivatour.com\/es\/","logo":{"@type":"ImageObject","inLanguage":"en-US","@id":"https:\/\/evivatour.com\/es\/#\/schema\/logo\/image\/","url":"https:\/\/evivatour.com\/es\/wp-content\/uploads\/2021\/08\/cropped-eviva-tour-vietnam.png","contentUrl":"https:\/\/evivatour.com\/es\/wp-content\/uploads\/2021\/08\/cropped-eviva-tour-vietnam.png","width":280,"height":185,"caption":"Eviva Tour"},"image":{"@id":"https:\/\/evivatour.com\/es\/#\/schema\/logo\/image\/"}}]}},"_links":{"self":[{"href":"https:\/\/evivatour.com\/es\/wp-json\/wp\/v2\/pages\/13250","targetHints":{"allow":["GET"]}}],"collection":[{"href":"https:\/\/evivatour.com\/es\/wp-json\/wp\/v2\/pages"}],"about":[{"href":"https:\/\/evivatour.com\/es\/wp-json\/wp\/v2\/types\/page"}],"author":[{"embeddable":true,"href":"https:\/\/evivatour.com\/es\/wp-json\/wp\/v2\/users\/1"}],"replies":[{"embeddable":true,"href":"https:\/\/evivatour.com\/es\/wp-json\/wp\/v2\/comments?post=13250"}],"version-history":[{"count":10,"href":"https:\/\/evivatour.com\/es\/wp-json\/wp\/v2\/pages\/13250\/revisions"}],"predecessor-version":[{"id":17692,"href":"https:\/\/evivatour.com\/es\/wp-json\/wp\/v2\/pages\/13250\/revisions\/17692"}],"up":[{"embeddable":true,"href":"https:\/\/evivatour.com\/es\/wp-json\/wp\/v2\/pages\/6630"}],"wp:attachment":[{"href":"https:\/\/evivatour.com\/es\/wp-json\/wp\/v2\/media?parent=13250"}],"curies":[{"name":"wp","href":"https:\/\/api.w.org\/{rel}","templated":true}]}}