{"id":3,"date":"2021-08-04T06:49:26","date_gmt":"2021-08-03T23:49:26","guid":{"rendered":"http:\/\/evivatour.com\/?page_id=3"},"modified":"2024-01-18T11:38:17","modified_gmt":"2024-01-18T04:38:17","slug":"politica-de-privacidad","status":"publish","type":"page","link":"https:\/\/evivatour.com\/es\/politica-de-privacidad\/","title":{"rendered":"Pol\u00edtica De Privacidad"},"content":{"rendered":"<p>Es pol\u00edtica de Eviva Tour Vietnam proteger y preservar la privacidad de sus usuarios y clientes, as\u00ed como la confidencialidad de la informaci\u00f3n que proporcionan, sujeta a las condiciones descritas a continuaci\u00f3n. Para demostrar nuestro compromiso con la privacidad, alentamos a todos nuestros usuarios actuales y potenciales a leer atentamente esta Declaraci\u00f3n de Privacidad antes de utilizar el sistema.<\/p>\n<p>Esta declaraci\u00f3n de privacidad revela la informaci\u00f3n que recopilamos, c\u00f3mo la utilizamos y c\u00f3mo corregirla o cambiarla. Nuestra intenci\u00f3n es brindarle el m\u00e1ximo control posible sobre su privacidad con respecto a su informaci\u00f3n. Tenga la seguridad de que no divulgaremos informaci\u00f3n personal a terceros sin su consentimiento.<\/p>\n<p>Al utilizar nuestro sitio, acepta nuestros T\u00e9rminos y Condiciones y nuestra Declaraci\u00f3n de Privacidad. Eviva Tour se reserva el derecho de ampliar y\/o modificar esta Declaraci\u00f3n en cualquier momento.<\/p>\n<p><b>Seguridad<\/b><\/p>\n<p>Evivatour.com se compromete a proporcionar el m\u00e1s alto nivel de seguridad y privacidad. Todas las transacciones de autenticaci\u00f3n de usuarios, incluido el procesamiento de tarjetas de cr\u00e9dito, se realizan utilizando la tecnolog\u00eda SSL (Capa de Conexi\u00f3n Segura), respaldada por su navegador, que encripta toda la informaci\u00f3n que se nos env\u00eda.<\/p>\n<p>Nuestro certificado de seguridad ha sido verificado por Hawk Host, Inc., utilizando la mejor encriptaci\u00f3n comercialmente disponible en Internet. Tomamos todas las precauciones para proteger la informaci\u00f3n personal contra p\u00e9rdida, mal uso, acceso no autorizado, divulgaci\u00f3n, alteraci\u00f3n o destrucci\u00f3n, implementando pol\u00edticas y procedimientos para asegurar que la informaci\u00f3n personal se mantenga solo con los fines para los cuales se ha recopilado.<\/p>\n<h2>Uso de la informaci\u00f3n<\/h2>\n<p>Tomamos medidas para garantizar que la informaci\u00f3n que proporciona se registre de manera precisa y completa. Le proporcionamos acceso a su informaci\u00f3n personal en todo momento para corregir o modificar su informaci\u00f3n.<\/p>\n<p><strong>Informaci\u00f3n:<\/strong> La informaci\u00f3n recopilada de\/acerca de los clientes se utiliza exclusivamente con el prop\u00f3sito de proporcionar a los clientes mejores servicios. Nunca se divulga a terceros, excepto cuando el cliente lo permita expresamente. Cualquier informaci\u00f3n que proporcione es completamente confidencial y estar\u00e1 protegida contra el uso no autorizado.<\/p>\n<p><strong>Cookies:<\/strong> Evivatour.com utiliza cookies para reconocer a nuestros clientes cuando visitan nuestro sitio. Esto nos permite personalizar la experiencia de nuestros clientes en nuestro sitio web. Es posible que deba tener las cookies &#8220;activadas&#8221; o habilitadas en el navegador que utiliza para registrarse. Pero si elige desactivar las cookies, a\u00fan podr\u00e1 navegar por el sitio.<\/p>\n<p>Las cookies no almacenan ninguna informaci\u00f3n personal. Toda la informaci\u00f3n es completamente confidencial y nunca se vende ni se comparte fuera de la empresa. Evivatour.com puede mostrar enlaces o anuncios de\/to otros sitios y empresas que tambi\u00e9n pueden usar cookies.<\/p>\n<p>En tales casos, Evivatour.com no puede ser responsabilizado por cualquier informaci\u00f3n que estas partes recopilen a trav\u00e9s del uso de cookies. Se le aconseja que se familiarice con las pol\u00edticas de privacidad y los est\u00e1ndares de intercambio de informaci\u00f3n de estos sitios, ya que pueden ser diferentes de las pol\u00edticas y est\u00e1ndares de Evivatour.com.<\/p>\n<p><strong>Correo electr\u00f3nico:<\/strong> Evivatour.com utiliza el correo electr\u00f3nico para notificar a nuestros miembros o clientes sobre cambios en el estado de sus aplicaciones, cambios en la base de datos en nuestro sitio web o cuando se agregan nuevos servicios o funciones. Como parte del servicio, Evivatour.com puede enviar correos electr\u00f3nicos de notificaci\u00f3n siempre que haya descuentos especiales, nuevos productos agregados o nuevas caracter\u00edsticas desarrolladas. Nuestra lista de correo electr\u00f3nico es confidencial y nunca se vende ni se proporciona a terceros.<\/p>\n<h2>Renuncia<\/h2>\n<p>Las comunicaciones en Internet, as\u00ed como las aplicaciones, est\u00e1n sujetas a varios riesgos de seguridad. En ning\u00fan caso, Eviva Tour Vietnam ser\u00e1 responsable de los da\u00f1os o p\u00e9rdidas, directos o indirectos, incidentales o consecuentes, especiales o punitivos, que surjan o est\u00e9n relacionados con el uso no autorizado. Eviva Tour Vietnam no puede ser responsable de cambios, eliminaci\u00f3n o exposici\u00f3n de cualquier informaci\u00f3n, confidencial o no, resultante de la violaci\u00f3n no autorizada del sistema o cualquier otra violaci\u00f3n de seguridad, o fallo del sistema.<\/p>\n<p>Eviva Tour Vietnam renuncia a todas las garant\u00edas con respecto al hardware y software utilizados para proporcionar seguridad y respaldar este sitio web, incluidas todas las garant\u00edas impl\u00edcitas, particulares y incidentales, y da\u00f1os especiales, directos o consecuentes.<\/p>\n<p>En consecuencia, Evivatour.com, sus funcionarios y empleados, socios, afiliados, subsidiarias, sucesores y cesionarios, y sus agentes de terceros no ser\u00e1n, directa o indirectamente, responsables de ninguna manera, ante usted u cualquier otra persona, por cualquier inexactitud, mal uso, errores, interceptaciones de terceros, virus o ataques de piratas inform\u00e1ticos que resulten en p\u00e9rdida de datos o servicios, incluidos, entre otros, errores o interrupciones en la transmisi\u00f3n o entrega de servicios.<\/p>\n<p>Evivatour.com contiene enlaces a otros sitios. Estos enlaces se proporcionan exclusivamente con fines informativos y para ayudar a localizar otros recursos en Internet. Por lo tanto, no somos responsables de las pr\u00e1cticas de privacidad o el contenido de dichos sitios web.<\/p>\n","protected":false},"excerpt":{"rendered":"<p>Es pol\u00edtica de Eviva Tour Vietnam proteger y preservar la privacidad de sus usuarios y clientes, as\u00ed como la confidencialidad de la informaci\u00f3n que proporcionan, sujeta a las condiciones descritas a continuaci\u00f3n. Para demostrar nuestro compromiso con la privacidad, alentamos a todos nuestros usuarios actuales y potenciales a leer atentamente esta Declaraci\u00f3n de Privacidad antes [&hellip;]<\/p>\n","protected":false},"author":1,"featured_media":0,"parent":0,"menu_order":0,"comment_status":"closed","ping_status":"closed","template":"","meta":{"inline_featured_image":false,"footnotes":""},"class_list":["post-3","page","type-page","status-publish","hentry"],"yoast_head":"<!-- This site is optimized with the Yoast SEO plugin v24.7 - https:\/\/yoast.com\/wordpress\/plugins\/seo\/ -->\n<title>Pol\u00edtica De Privacidad - Eviva Tour<\/title>\n<meta name=\"robots\" content=\"index, follow, max-snippet:-1, max-image-preview:large, max-video-preview:-1\" \/>\n<link rel=\"canonical\" href=\"https:\/\/evivatour.com\/es\/politica-de-privacidad\/\" \/>\n<meta property=\"og:locale\" content=\"en_US\" \/>\n<meta property=\"og:type\" content=\"article\" \/>\n<meta property=\"og:title\" content=\"Pol\u00edtica De Privacidad - Eviva Tour\" \/>\n<meta property=\"og:description\" content=\"Es pol\u00edtica de Eviva Tour Vietnam proteger y preservar la privacidad de sus usuarios y clientes, as\u00ed como la confidencialidad de la informaci\u00f3n que proporcionan, sujeta a las condiciones descritas a continuaci\u00f3n. Para demostrar nuestro compromiso con la privacidad, alentamos a todos nuestros usuarios actuales y potenciales a leer atentamente esta Declaraci\u00f3n de Privacidad antes [&hellip;]\" \/>\n<meta property=\"og:url\" content=\"https:\/\/evivatour.com\/es\/politica-de-privacidad\/\" \/>\n<meta property=\"og:site_name\" content=\"Eviva Tour\" \/>\n<meta property=\"article:modified_time\" content=\"2024-01-18T04:38:17+00:00\" \/>\n<meta name=\"twitter:card\" content=\"summary_large_image\" \/>\n<meta name=\"twitter:label1\" content=\"Est. reading time\" \/>\n\t<meta name=\"twitter:data1\" content=\"4 minutes\" \/>\n<script type=\"application\/ld+json\" class=\"yoast-schema-graph\">{\"@context\":\"https:\/\/schema.org\",\"@graph\":[{\"@type\":\"WebPage\",\"@id\":\"https:\/\/evivatour.com\/es\/politica-de-privacidad\/\",\"url\":\"https:\/\/evivatour.com\/es\/politica-de-privacidad\/\",\"name\":\"Pol\u00edtica De Privacidad - Eviva Tour\",\"isPartOf\":{\"@id\":\"https:\/\/evivatour.com\/es\/#website\"},\"datePublished\":\"2021-08-03T23:49:26+00:00\",\"dateModified\":\"2024-01-18T04:38:17+00:00\",\"breadcrumb\":{\"@id\":\"https:\/\/evivatour.com\/es\/politica-de-privacidad\/#breadcrumb\"},\"inLanguage\":\"en-US\",\"potentialAction\":[{\"@type\":\"ReadAction\",\"target\":[\"https:\/\/evivatour.com\/es\/politica-de-privacidad\/\"]}]},{\"@type\":\"BreadcrumbList\",\"@id\":\"https:\/\/evivatour.com\/es\/politica-de-privacidad\/#breadcrumb\",\"itemListElement\":[{\"@type\":\"ListItem\",\"position\":1,\"name\":\"Home\",\"item\":\"https:\/\/evivatour.com\/es\/\"},{\"@type\":\"ListItem\",\"position\":2,\"name\":\"Pol\u00edtica De Privacidad\"}]},{\"@type\":\"WebSite\",\"@id\":\"https:\/\/evivatour.com\/es\/#website\",\"url\":\"https:\/\/evivatour.com\/es\/\",\"name\":\"Eviva Tour\",\"description\":\"Smile every mile\",\"publisher\":{\"@id\":\"https:\/\/evivatour.com\/es\/#organization\"},\"potentialAction\":[{\"@type\":\"SearchAction\",\"target\":{\"@type\":\"EntryPoint\",\"urlTemplate\":\"https:\/\/evivatour.com\/es\/?s={search_term_string}\"},\"query-input\":{\"@type\":\"PropertyValueSpecification\",\"valueRequired\":true,\"valueName\":\"search_term_string\"}}],\"inLanguage\":\"en-US\"},{\"@type\":\"Organization\",\"@id\":\"https:\/\/evivatour.com\/es\/#organization\",\"name\":\"Eviva Tour\",\"url\":\"https:\/\/evivatour.com\/es\/\",\"logo\":{\"@type\":\"ImageObject\",\"inLanguage\":\"en-US\",\"@id\":\"https:\/\/evivatour.com\/es\/#\/schema\/logo\/image\/\",\"url\":\"https:\/\/evivatour.com\/es\/wp-content\/uploads\/2021\/08\/cropped-eviva-tour-vietnam.png\",\"contentUrl\":\"https:\/\/evivatour.com\/es\/wp-content\/uploads\/2021\/08\/cropped-eviva-tour-vietnam.png\",\"width\":280,\"height\":185,\"caption\":\"Eviva Tour\"},\"image\":{\"@id\":\"https:\/\/evivatour.com\/es\/#\/schema\/logo\/image\/\"}}]}<\/script>\n<!-- \/ Yoast SEO plugin. -->","yoast_head_json":{"title":"Pol\u00edtica De Privacidad - Eviva Tour","robots":{"index":"index","follow":"follow","max-snippet":"max-snippet:-1","max-image-preview":"max-image-preview:large","max-video-preview":"max-video-preview:-1"},"canonical":"https:\/\/evivatour.com\/es\/politica-de-privacidad\/","og_locale":"en_US","og_type":"article","og_title":"Pol\u00edtica De Privacidad - Eviva Tour","og_description":"Es pol\u00edtica de Eviva Tour Vietnam proteger y preservar la privacidad de sus usuarios y clientes, as\u00ed como la confidencialidad de la informaci\u00f3n que proporcionan, sujeta a las condiciones descritas a continuaci\u00f3n. Para demostrar nuestro compromiso con la privacidad, alentamos a todos nuestros usuarios actuales y potenciales a leer atentamente esta Declaraci\u00f3n de Privacidad antes [&hellip;]","og_url":"https:\/\/evivatour.com\/es\/politica-de-privacidad\/","og_site_name":"Eviva Tour","article_modified_time":"2024-01-18T04:38:17+00:00","twitter_card":"summary_large_image","twitter_misc":{"Est. reading time":"4 minutes"},"schema":{"@context":"https:\/\/schema.org","@graph":[{"@type":"WebPage","@id":"https:\/\/evivatour.com\/es\/politica-de-privacidad\/","url":"https:\/\/evivatour.com\/es\/politica-de-privacidad\/","name":"Pol\u00edtica De Privacidad - Eviva Tour","isPartOf":{"@id":"https:\/\/evivatour.com\/es\/#website"},"datePublished":"2021-08-03T23:49:26+00:00","dateModified":"2024-01-18T04:38:17+00:00","breadcrumb":{"@id":"https:\/\/evivatour.com\/es\/politica-de-privacidad\/#breadcrumb"},"inLanguage":"en-US","potentialAction":[{"@type":"ReadAction","target":["https:\/\/evivatour.com\/es\/politica-de-privacidad\/"]}]},{"@type":"BreadcrumbList","@id":"https:\/\/evivatour.com\/es\/politica-de-privacidad\/#breadcrumb","itemListElement":[{"@type":"ListItem","position":1,"name":"Home","item":"https:\/\/evivatour.com\/es\/"},{"@type":"ListItem","position":2,"name":"Pol\u00edtica De Privacidad"}]},{"@type":"WebSite","@id":"https:\/\/evivatour.com\/es\/#website","url":"https:\/\/evivatour.com\/es\/","name":"Eviva Tour","description":"Smile every mile","publisher":{"@id":"https:\/\/evivatour.com\/es\/#organization"},"potentialAction":[{"@type":"SearchAction","target":{"@type":"EntryPoint","urlTemplate":"https:\/\/evivatour.com\/es\/?s={search_term_string}"},"query-input":{"@type":"PropertyValueSpecification","valueRequired":true,"valueName":"search_term_string"}}],"inLanguage":"en-US"},{"@type":"Organization","@id":"https:\/\/evivatour.com\/es\/#organization","name":"Eviva Tour","url":"https:\/\/evivatour.com\/es\/","logo":{"@type":"ImageObject","inLanguage":"en-US","@id":"https:\/\/evivatour.com\/es\/#\/schema\/logo\/image\/","url":"https:\/\/evivatour.com\/es\/wp-content\/uploads\/2021\/08\/cropped-eviva-tour-vietnam.png","contentUrl":"https:\/\/evivatour.com\/es\/wp-content\/uploads\/2021\/08\/cropped-eviva-tour-vietnam.png","width":280,"height":185,"caption":"Eviva Tour"},"image":{"@id":"https:\/\/evivatour.com\/es\/#\/schema\/logo\/image\/"}}]}},"_links":{"self":[{"href":"https:\/\/evivatour.com\/es\/wp-json\/wp\/v2\/pages\/3","targetHints":{"allow":["GET"]}}],"collection":[{"href":"https:\/\/evivatour.com\/es\/wp-json\/wp\/v2\/pages"}],"about":[{"href":"https:\/\/evivatour.com\/es\/wp-json\/wp\/v2\/types\/page"}],"author":[{"embeddable":true,"href":"https:\/\/evivatour.com\/es\/wp-json\/wp\/v2\/users\/1"}],"replies":[{"embeddable":true,"href":"https:\/\/evivatour.com\/es\/wp-json\/wp\/v2\/comments?post=3"}],"version-history":[{"count":5,"href":"https:\/\/evivatour.com\/es\/wp-json\/wp\/v2\/pages\/3\/revisions"}],"predecessor-version":[{"id":17637,"href":"https:\/\/evivatour.com\/es\/wp-json\/wp\/v2\/pages\/3\/revisions\/17637"}],"wp:attachment":[{"href":"https:\/\/evivatour.com\/es\/wp-json\/wp\/v2\/media?parent=3"}],"curies":[{"name":"wp","href":"https:\/\/api.w.org\/{rel}","templated":true}]}}