{"id":7847,"date":"2021-08-18T03:29:03","date_gmt":"2021-08-17T20:29:03","guid":{"rendered":"http:\/\/evivatour.com\/?page_id=7847"},"modified":"2024-01-18T14:40:58","modified_gmt":"2024-01-18T07:40:58","slug":"nuestro-csr","status":"publish","type":"page","link":"https:\/\/evivatour.com\/es\/nuestro-csr\/","title":{"rendered":"Nuestro CSR"},"content":{"rendered":"\t\t<div data-elementor-type=\"wp-page\" data-elementor-id=\"7847\" class=\"elementor elementor-7847\" data-elementor-post-type=\"page\">\n\t\t\t\t\t\t<section class=\"elementor-section elementor-top-section elementor-element elementor-element-2ce78d6 elementor-section-stretched elementor-section-boxed elementor-section-height-default elementor-section-height-default\" data-id=\"2ce78d6\" data-element_type=\"section\" data-settings=\"{&quot;stretch_section&quot;:&quot;section-stretched&quot;,&quot;background_background&quot;:&quot;classic&quot;}\">\n\t\t\t\t\t\t<div class=\"elementor-container elementor-column-gap-no\">\n\t\t\t\t\t<div class=\"elementor-column elementor-col-100 elementor-top-column elementor-element elementor-element-732ee43\" data-id=\"732ee43\" data-element_type=\"column\">\n\t\t\t<div class=\"elementor-widget-wrap elementor-element-populated\">\n\t\t\t\t\t\t<div class=\"elementor-element elementor-element-d3d7c71 elementor-widget elementor-widget-text-editor\" data-id=\"d3d7c71\" data-element_type=\"widget\" data-widget_type=\"text-editor.default\">\n\t\t\t\t<div class=\"elementor-widget-container\">\n\t\t\t<style>\/*! elementor - v3.20.0 - 13-03-2024 *\/\n.elementor-widget-text-editor.elementor-drop-cap-view-stacked .elementor-drop-cap{background-color:#69727d;color:#fff}.elementor-widget-text-editor.elementor-drop-cap-view-framed .elementor-drop-cap{color:#69727d;border:3px solid;background-color:transparent}.elementor-widget-text-editor:not(.elementor-drop-cap-view-default) .elementor-drop-cap{margin-top:8px}.elementor-widget-text-editor:not(.elementor-drop-cap-view-default) .elementor-drop-cap-letter{width:1em;height:1em}.elementor-widget-text-editor .elementor-drop-cap{float:left;text-align:center;line-height:1;font-size:50px}.elementor-widget-text-editor .elementor-drop-cap-letter{display:inline-block}<\/style>\t\t\t\t\t\t\t\t\t\t<\/div>\n\t\t\t\t<\/div>\n\t\t\t\t\t<\/div>\n\t\t<\/div>\n\t\t\t\t\t<\/div>\n\t\t<\/section>\n\t\t\t\t<div class=\"elementor-section elementor-top-section elementor-element elementor-element-90cdf4a elementor-section-stretched elementor-section-boxed elementor-section-height-default elementor-section-height-default\" data-id=\"90cdf4a\" data-element_type=\"section\" data-settings=\"{&quot;stretch_section&quot;:&quot;section-stretched&quot;}\">\n\t\t\t\t\t\t<div class=\"elementor-container elementor-column-gap-no\">\n\t\t\t\t\t<div class=\"elementor-column elementor-col-100 elementor-top-column elementor-element elementor-element-2146f77\" data-id=\"2146f77\" data-element_type=\"column\">\n\t\t\t<div class=\"elementor-widget-wrap elementor-element-populated\">\n\t\t\t\t\t\t<div class=\"elementor-element elementor-element-081732e animated-fast elementor-invisible elementor-widget elementor-widget-text-editor\" data-id=\"081732e\" data-element_type=\"widget\" data-settings=\"{&quot;_animation&quot;:&quot;opal-move-up&quot;}\" data-widget_type=\"text-editor.default\">\n\t\t\t\t<div class=\"elementor-widget-container\">\n\t\t\t\t\t\t\t<div><a href=\"https:\/\/www.evivatour.com\/it\/eviva-csr\/\"> CSR <\/a><\/div>\t\t\t\t\t\t<\/div>\n\t\t\t\t<\/div>\n\t\t\t\t<div class=\"elementor-element elementor-element-baba6a0 animated-fast elementor-invisible elementor-widget elementor-widget-heading\" data-id=\"baba6a0\" data-element_type=\"widget\" data-settings=\"{&quot;_animation&quot;:&quot;opal-move-up&quot;}\" data-widget_type=\"heading.default\">\n\t\t\t\t<div class=\"elementor-widget-container\">\n\t\t\t<style>\/*! elementor - v3.20.0 - 13-03-2024 *\/\n.elementor-heading-title{padding:0;margin:0;line-height:1}.elementor-widget-heading .elementor-heading-title[class*=elementor-size-]>a{color:inherit;font-size:inherit;line-height:inherit}.elementor-widget-heading .elementor-heading-title.elementor-size-small{font-size:15px}.elementor-widget-heading .elementor-heading-title.elementor-size-medium{font-size:19px}.elementor-widget-heading .elementor-heading-title.elementor-size-large{font-size:29px}.elementor-widget-heading .elementor-heading-title.elementor-size-xl{font-size:39px}.elementor-widget-heading .elementor-heading-title.elementor-size-xxl{font-size:59px}<\/style><h2 class=\"elementor-heading-title elementor-size-default\">Responsabilidad Social Corporativa<\/h2>\t\t<\/div>\n\t\t\t\t<\/div>\n\t\t\t\t\t<\/div>\n\t\t<\/div>\n\t\t\t\t\t<\/div>\n\t\t<\/div>\n\t\t\t\t<section class=\"elementor-section elementor-top-section elementor-element elementor-element-c6ef9a6 elementor-section-boxed elementor-section-height-default elementor-section-height-default\" data-id=\"c6ef9a6\" data-element_type=\"section\">\n\t\t\t\t\t\t<div class=\"elementor-container elementor-column-gap-default\">\n\t\t\t\t\t<div class=\"elementor-column elementor-col-100 elementor-top-column elementor-element elementor-element-4b0e12f\" data-id=\"4b0e12f\" data-element_type=\"column\">\n\t\t\t<div class=\"elementor-widget-wrap elementor-element-populated\">\n\t\t\t\t\t\t<div class=\"elementor-element elementor-element-f0a8d2f elementor-widget elementor-widget-text-editor\" data-id=\"f0a8d2f\" data-element_type=\"widget\" data-widget_type=\"text-editor.default\">\n\t\t\t\t<div class=\"elementor-widget-container\">\n\t\t\t\t\t\t\t<p>Las actividades de Responsabilidad Social Corporativa (RSC) de Eviva tienen como objetivo contribuir al desarrollo sostenible de Vietnam a trav\u00e9s de dos actividades principales: Educaci\u00f3n y Protecci\u00f3n del Medio Ambiente.<\/p><h2>Educaci\u00f3<\/h2><ol><li>Construcci\u00f3n de bibliotecas y recolecci\u00f3n de libros antiguos para escuelas y comunidades en regiones remotas.<\/li><li>Organizaci\u00f3n del Programa PRO Guide para capacitar a la pr\u00f3xima generaci\u00f3n de gu\u00edas tur\u00edsticos en Vietnam.<\/li><li>Llevar ropa vieja y juguetes a las \u00e1reas monta\u00f1osas empobrecidas y zonas afectadas por inundaciones.<\/li><li>Compartir conocimientos y orientaci\u00f3n profesional para estudiantes de turismo a trav\u00e9s de la serie &#8220;Charlas de Carrera&#8221; en la Universidad de Ciencias Sociales y Humanidades, la Universidad Nacional de Econom\u00eda y la Universidad Brit\u00e1nica de Vietnam.<\/li><li>Visitas de estudiantes a empresas: presentar departamentos en una empresa de viajes, compartir experiencias laborales con estudiantes universitarios.<\/li><li>Ofrecer oportunidades de pasant\u00edas para estudiantes de universidades en Hanoi: orientaci\u00f3n, capacitaci\u00f3n para el trabajo real y contrataci\u00f3n si muestran un buen desempe\u00f1o.<\/li><li>Participaci\u00f3n activa en el sector tur\u00edstico como presidente del Club de Viajes Responsables, presentando y contribuyendo con comentarios constructivos durante seminarios y conferencias organizados por el Instituto de Investigaci\u00f3n para el Desarrollo del Turismo, la Administraci\u00f3n de Turismo de Vietnam, la Sociedad de Agentes de Viajes de Vietnam.<\/li><li>Participaci\u00f3n en el programa de gesti\u00f3n tur\u00edstica (proyecto SECO en Vietnam) y difusi\u00f3n de informaci\u00f3n valiosa para contribuir al desarrollo sostenible del turismo en Vietnam. Crear activamente una red s\u00f3lida entre competidores y organizaciones relevantes para aumentar el poder competitivo del sector tur\u00edstico de Vietnam.<\/li><\/ol><h2>Medio Ambiente<\/h2><ol><li>Reducci\u00f3n de nylon y pl\u00e1stico: Nuestro objetivo es crear conciencia entre los vietnamitas y reducir la cantidad de pl\u00e1stico en un 5-10% en 2021.<\/li><li>Plantaci\u00f3n de \u00e1rboles: Crear conciencia sobre la importancia de los \u00e1rboles en la comunidad y se espera plantar 5 millones de \u00e1rboles en Vietnam para 2030.<\/li><\/ol><h2>Eviva Tour Vietnam se comprometi\u00f3 a combatir el transporte y comercio ilegal de vida silvestre.<\/h2><p>El 14 de diciembre de 2016, Eviva Tour y muchas empresas firmaron un compromiso para apoyar la lucha contra el transporte y comercio ilegal de vida silvestre en el seminario &#8220;Las empresas tur\u00edsticas de Vietnam se comprometen a combatir el comercio y consumo de plantas y animales salvajes&#8221;, organizado por TRAFFIC en el Hotel Nikko, Hanoi.<\/p><p>&#8220;Como parte del compromiso con el turismo responsable en todo el mundo, RTC, junto con Eviva, particip\u00f3 en esta ceremonia de firma y apel\u00f3 a otras empresas e individuos interesados a unirse a nosotros. Este movimiento contribuye a un compromiso oficial con el turismo responsable, que ir\u00e1 de la mano con la acci\u00f3n&#8221;, seg\u00fan la Sra. Nguyen Thuy Duong, Vicepresidenta de Eviva Tour Vietnam y Presidenta de RTC.<\/p><p>Para obtener m\u00e1s informaci\u00f3n, por favor <a href=\"https:\/\/www.evivatour.com\/eviva-tour-vietnam-signed-a-commitment-to-combat-illegal-wildlife-transport-and-trade\/\" target=\"_blank\" rel=\"noopener\">visita el ENLACE<\/a>.<\/p>\t\t\t\t\t\t<\/div>\n\t\t\t\t<\/div>\n\t\t\t\t\t<\/div>\n\t\t<\/div>\n\t\t\t\t\t<\/div>\n\t\t<\/section>\n\t\t\t\t<\/div>\n\t\t","protected":false},"excerpt":{"rendered":"<p>CSR Responsabilidad Social Corporativa Las actividades de Responsabilidad Social Corporativa (RSC) de Eviva tienen como objetivo contribuir al desarrollo sostenible de Vietnam a trav\u00e9s de dos actividades principales: Educaci\u00f3n y Protecci\u00f3n del Medio Ambiente. Educaci\u00f3 Construcci\u00f3n de bibliotecas y recolecci\u00f3n de libros antiguos para escuelas y comunidades en regiones remotas. Organizaci\u00f3n del Programa PRO Guide [&hellip;]<\/p>\n","protected":false},"author":1,"featured_media":0,"parent":0,"menu_order":0,"comment_status":"closed","ping_status":"closed","template":"","meta":{"inline_featured_image":false,"footnotes":""},"class_list":["post-7847","page","type-page","status-publish","hentry"],"yoast_head":"<!-- This site is optimized with the Yoast SEO plugin v24.7 - https:\/\/yoast.com\/wordpress\/plugins\/seo\/ -->\n<title>Nuestro CSR - Eviva Tour<\/title>\n<meta name=\"robots\" content=\"index, follow, max-snippet:-1, max-image-preview:large, max-video-preview:-1\" \/>\n<link rel=\"canonical\" href=\"https:\/\/evivatour.com\/es\/nuestro-csr\/\" \/>\n<meta property=\"og:locale\" content=\"en_US\" \/>\n<meta property=\"og:type\" content=\"article\" \/>\n<meta property=\"og:title\" content=\"Nuestro CSR - Eviva Tour\" \/>\n<meta property=\"og:description\" content=\"CSR Responsabilidad Social Corporativa Las actividades de Responsabilidad Social Corporativa (RSC) de Eviva tienen como objetivo contribuir al desarrollo sostenible de Vietnam a trav\u00e9s de dos actividades principales: Educaci\u00f3n y Protecci\u00f3n del Medio Ambiente. Educaci\u00f3 Construcci\u00f3n de bibliotecas y recolecci\u00f3n de libros antiguos para escuelas y comunidades en regiones remotas. Organizaci\u00f3n del Programa PRO Guide [&hellip;]\" \/>\n<meta property=\"og:url\" content=\"https:\/\/evivatour.com\/es\/nuestro-csr\/\" \/>\n<meta property=\"og:site_name\" content=\"Eviva Tour\" \/>\n<meta property=\"article:modified_time\" content=\"2024-01-18T07:40:58+00:00\" \/>\n<meta name=\"twitter:card\" content=\"summary_large_image\" \/>\n<meta name=\"twitter:label1\" content=\"Est. reading time\" \/>\n\t<meta name=\"twitter:data1\" content=\"2 minutes\" \/>\n<script type=\"application\/ld+json\" class=\"yoast-schema-graph\">{\"@context\":\"https:\/\/schema.org\",\"@graph\":[{\"@type\":\"WebPage\",\"@id\":\"https:\/\/evivatour.com\/es\/nuestro-csr\/\",\"url\":\"https:\/\/evivatour.com\/es\/nuestro-csr\/\",\"name\":\"Nuestro CSR - Eviva Tour\",\"isPartOf\":{\"@id\":\"https:\/\/evivatour.com\/es\/#website\"},\"datePublished\":\"2021-08-17T20:29:03+00:00\",\"dateModified\":\"2024-01-18T07:40:58+00:00\",\"breadcrumb\":{\"@id\":\"https:\/\/evivatour.com\/es\/nuestro-csr\/#breadcrumb\"},\"inLanguage\":\"en-US\",\"potentialAction\":[{\"@type\":\"ReadAction\",\"target\":[\"https:\/\/evivatour.com\/es\/nuestro-csr\/\"]}]},{\"@type\":\"BreadcrumbList\",\"@id\":\"https:\/\/evivatour.com\/es\/nuestro-csr\/#breadcrumb\",\"itemListElement\":[{\"@type\":\"ListItem\",\"position\":1,\"name\":\"Home\",\"item\":\"https:\/\/evivatour.com\/es\/\"},{\"@type\":\"ListItem\",\"position\":2,\"name\":\"Nuestro CSR\"}]},{\"@type\":\"WebSite\",\"@id\":\"https:\/\/evivatour.com\/es\/#website\",\"url\":\"https:\/\/evivatour.com\/es\/\",\"name\":\"Eviva Tour\",\"description\":\"Smile every mile\",\"publisher\":{\"@id\":\"https:\/\/evivatour.com\/es\/#organization\"},\"potentialAction\":[{\"@type\":\"SearchAction\",\"target\":{\"@type\":\"EntryPoint\",\"urlTemplate\":\"https:\/\/evivatour.com\/es\/?s={search_term_string}\"},\"query-input\":{\"@type\":\"PropertyValueSpecification\",\"valueRequired\":true,\"valueName\":\"search_term_string\"}}],\"inLanguage\":\"en-US\"},{\"@type\":\"Organization\",\"@id\":\"https:\/\/evivatour.com\/es\/#organization\",\"name\":\"Eviva Tour\",\"url\":\"https:\/\/evivatour.com\/es\/\",\"logo\":{\"@type\":\"ImageObject\",\"inLanguage\":\"en-US\",\"@id\":\"https:\/\/evivatour.com\/es\/#\/schema\/logo\/image\/\",\"url\":\"https:\/\/evivatour.com\/es\/wp-content\/uploads\/2021\/08\/cropped-eviva-tour-vietnam.png\",\"contentUrl\":\"https:\/\/evivatour.com\/es\/wp-content\/uploads\/2021\/08\/cropped-eviva-tour-vietnam.png\",\"width\":280,\"height\":185,\"caption\":\"Eviva Tour\"},\"image\":{\"@id\":\"https:\/\/evivatour.com\/es\/#\/schema\/logo\/image\/\"}}]}<\/script>\n<!-- \/ Yoast SEO plugin. -->","yoast_head_json":{"title":"Nuestro CSR - Eviva Tour","robots":{"index":"index","follow":"follow","max-snippet":"max-snippet:-1","max-image-preview":"max-image-preview:large","max-video-preview":"max-video-preview:-1"},"canonical":"https:\/\/evivatour.com\/es\/nuestro-csr\/","og_locale":"en_US","og_type":"article","og_title":"Nuestro CSR - Eviva Tour","og_description":"CSR Responsabilidad Social Corporativa Las actividades de Responsabilidad Social Corporativa (RSC) de Eviva tienen como objetivo contribuir al desarrollo sostenible de Vietnam a trav\u00e9s de dos actividades principales: Educaci\u00f3n y Protecci\u00f3n del Medio Ambiente. Educaci\u00f3 Construcci\u00f3n de bibliotecas y recolecci\u00f3n de libros antiguos para escuelas y comunidades en regiones remotas. Organizaci\u00f3n del Programa PRO Guide [&hellip;]","og_url":"https:\/\/evivatour.com\/es\/nuestro-csr\/","og_site_name":"Eviva Tour","article_modified_time":"2024-01-18T07:40:58+00:00","twitter_card":"summary_large_image","twitter_misc":{"Est. reading time":"2 minutes"},"schema":{"@context":"https:\/\/schema.org","@graph":[{"@type":"WebPage","@id":"https:\/\/evivatour.com\/es\/nuestro-csr\/","url":"https:\/\/evivatour.com\/es\/nuestro-csr\/","name":"Nuestro CSR - Eviva Tour","isPartOf":{"@id":"https:\/\/evivatour.com\/es\/#website"},"datePublished":"2021-08-17T20:29:03+00:00","dateModified":"2024-01-18T07:40:58+00:00","breadcrumb":{"@id":"https:\/\/evivatour.com\/es\/nuestro-csr\/#breadcrumb"},"inLanguage":"en-US","potentialAction":[{"@type":"ReadAction","target":["https:\/\/evivatour.com\/es\/nuestro-csr\/"]}]},{"@type":"BreadcrumbList","@id":"https:\/\/evivatour.com\/es\/nuestro-csr\/#breadcrumb","itemListElement":[{"@type":"ListItem","position":1,"name":"Home","item":"https:\/\/evivatour.com\/es\/"},{"@type":"ListItem","position":2,"name":"Nuestro CSR"}]},{"@type":"WebSite","@id":"https:\/\/evivatour.com\/es\/#website","url":"https:\/\/evivatour.com\/es\/","name":"Eviva Tour","description":"Smile every mile","publisher":{"@id":"https:\/\/evivatour.com\/es\/#organization"},"potentialAction":[{"@type":"SearchAction","target":{"@type":"EntryPoint","urlTemplate":"https:\/\/evivatour.com\/es\/?s={search_term_string}"},"query-input":{"@type":"PropertyValueSpecification","valueRequired":true,"valueName":"search_term_string"}}],"inLanguage":"en-US"},{"@type":"Organization","@id":"https:\/\/evivatour.com\/es\/#organization","name":"Eviva Tour","url":"https:\/\/evivatour.com\/es\/","logo":{"@type":"ImageObject","inLanguage":"en-US","@id":"https:\/\/evivatour.com\/es\/#\/schema\/logo\/image\/","url":"https:\/\/evivatour.com\/es\/wp-content\/uploads\/2021\/08\/cropped-eviva-tour-vietnam.png","contentUrl":"https:\/\/evivatour.com\/es\/wp-content\/uploads\/2021\/08\/cropped-eviva-tour-vietnam.png","width":280,"height":185,"caption":"Eviva Tour"},"image":{"@id":"https:\/\/evivatour.com\/es\/#\/schema\/logo\/image\/"}}]}},"_links":{"self":[{"href":"https:\/\/evivatour.com\/es\/wp-json\/wp\/v2\/pages\/7847","targetHints":{"allow":["GET"]}}],"collection":[{"href":"https:\/\/evivatour.com\/es\/wp-json\/wp\/v2\/pages"}],"about":[{"href":"https:\/\/evivatour.com\/es\/wp-json\/wp\/v2\/types\/page"}],"author":[{"embeddable":true,"href":"https:\/\/evivatour.com\/es\/wp-json\/wp\/v2\/users\/1"}],"replies":[{"embeddable":true,"href":"https:\/\/evivatour.com\/es\/wp-json\/wp\/v2\/comments?post=7847"}],"version-history":[{"count":11,"href":"https:\/\/evivatour.com\/es\/wp-json\/wp\/v2\/pages\/7847\/revisions"}],"predecessor-version":[{"id":17681,"href":"https:\/\/evivatour.com\/es\/wp-json\/wp\/v2\/pages\/7847\/revisions\/17681"}],"wp:attachment":[{"href":"https:\/\/evivatour.com\/es\/wp-json\/wp\/v2\/media?parent=7847"}],"curies":[{"name":"wp","href":"https:\/\/api.w.org\/{rel}","templated":true}]}}