{"id":7851,"date":"2021-08-18T03:30:10","date_gmt":"2021-08-17T20:30:10","guid":{"rendered":"http:\/\/evivatour.com\/?page_id=7851"},"modified":"2025-10-14T08:35:16","modified_gmt":"2025-10-14T01:35:16","slug":"vicante","status":"publish","type":"page","link":"https:\/\/evivatour.com\/es\/sobre-nosotros\/vicante\/","title":{"rendered":"Vicante"},"content":{"rendered":"\t\t<div data-elementor-type=\"wp-page\" data-elementor-id=\"7851\" class=\"elementor elementor-7851\" data-elementor-post-type=\"page\">\n\t\t\t\t\t\t<section class=\"elementor-section elementor-top-section elementor-element elementor-element-2ce78d6 elementor-section-full_width elementor-section-height-default elementor-section-height-default\" data-id=\"2ce78d6\" data-element_type=\"section\">\n\t\t\t\t\t\t<div class=\"elementor-container elementor-column-gap-default\">\n\t\t\t\t\t<div class=\"elementor-column elementor-col-100 elementor-top-column elementor-element elementor-element-732ee43\" data-id=\"732ee43\" data-element_type=\"column\">\n\t\t\t<div class=\"elementor-widget-wrap elementor-element-populated\">\n\t\t\t\t\t\t<div class=\"elementor-element elementor-element-d3d7c71 elementor-widget elementor-widget-text-editor\" data-id=\"d3d7c71\" data-element_type=\"widget\" data-widget_type=\"text-editor.default\">\n\t\t\t\t<div class=\"elementor-widget-container\">\n\t\t\t<style>\/*! elementor - v3.20.0 - 13-03-2024 *\/\n.elementor-widget-text-editor.elementor-drop-cap-view-stacked .elementor-drop-cap{background-color:#69727d;color:#fff}.elementor-widget-text-editor.elementor-drop-cap-view-framed .elementor-drop-cap{color:#69727d;border:3px solid;background-color:transparent}.elementor-widget-text-editor:not(.elementor-drop-cap-view-default) .elementor-drop-cap{margin-top:8px}.elementor-widget-text-editor:not(.elementor-drop-cap-view-default) .elementor-drop-cap-letter{width:1em;height:1em}.elementor-widget-text-editor .elementor-drop-cap{float:left;text-align:center;line-height:1;font-size:50px}.elementor-widget-text-editor .elementor-drop-cap-letter{display:inline-block}<\/style>\t\t\t\t<nav id=\"tours\" class=\"main-nav-top with-banner\">\n<div class=\"container\">\n<div class=\"main-nav-holder\">\n<div class=\"slide-nav js-slide-hidden\">\n<ul>\n \t<li><a href=\"\/es\/sobre-nosotros\/\">Sobre nosotros<\/a><\/li>\n \t<li><a href=\"\/es\/sobre-nosotros\/nuestro-grupo\/\">Nuestro grupo<\/a><\/li>\n \t<li><a href=\"\/es\/nuestro-csr\/\">Nuestro CSR<\/a><\/li>\n \t<li><a href=\"\/es\/sobre-nosotros\/nuestro-perfil\/\">Nuestro perfil<\/a><\/li>\n \t<li><a href=\"\/es\/sobre-nosotros\/testimonios\/\">Testimonios<\/a><\/li>\n \t<li class=\"active\"><a href=\"\/es\/sobre-nosotros\/vicante\/\">Vicante<\/a><\/li>\n<\/ul>\n<\/div>\n<\/div>\n<\/div>\n<\/nav>\t\t\t\t\t\t<\/div>\n\t\t\t\t<\/div>\n\t\t\t\t\t<\/div>\n\t\t<\/div>\n\t\t\t\t\t<\/div>\n\t\t<\/section>\n\t\t\t\t<section class=\"elementor-section elementor-top-section elementor-element elementor-element-b6b2c2f elementor-section-boxed elementor-section-height-default elementor-section-height-default\" data-id=\"b6b2c2f\" data-element_type=\"section\">\n\t\t\t\t\t\t<div class=\"elementor-container elementor-column-gap-default\">\n\t\t\t\t\t<div class=\"elementor-column elementor-col-100 elementor-top-column elementor-element elementor-element-3c41b5d\" data-id=\"3c41b5d\" data-element_type=\"column\">\n\t\t\t<div class=\"elementor-widget-wrap elementor-element-populated\">\n\t\t\t\t\t\t<div class=\"elementor-element elementor-element-1b272bb elementor-widget elementor-widget-text-editor\" data-id=\"1b272bb\" data-element_type=\"widget\" data-widget_type=\"text-editor.default\">\n\t\t\t\t<div class=\"elementor-widget-container\">\n\t\t\t\t\t\t\t<h3>POR QU\u00c9 EVIVA<\/h3><ul><li>Eviva Tour es una empresa local de Gesti\u00f3n de Destinos (DMC) que brinda servicios de viaje en Vietnam e Indochina desde 2004, por 20 a\u00f1os.<\/li><li>Ingreso mensual competitivo basado en tu esfuerzo y desempe\u00f1o (incluyendo salario, incentivos mensuales, salario del d\u00e9cimo tercer mes, bonificaciones por festividades nacionales, etc.).<\/li><li>Seguro social y de salud del gobierno.<\/li><li>Reconocimiento m\u00e9dico anual en un hospital de est\u00e1ndar internacional.<\/li><li>Vacaciones anuales de verano en resorts de 4 a 5 estrellas.<\/li><li>Entorno laboral profesional, amigable y cuidadoso, con capacitaci\u00f3n interna frecuente.<\/li><li>Oficina elegante y ecol\u00f3gica con instalaciones de trabajo modernas.<\/li><li>Horario de trabajo flexible y m\u00e1s tiempo para la familia.<\/li><li>Oportunidades de viaje e inspecci\u00f3n en destinos en Vietnam e Indochina.<\/li><\/ul>\t\t\t\t\t\t<\/div>\n\t\t\t\t<\/div>\n\t\t\t\t<div class=\"elementor-element elementor-element-c6ee3e4 elementor-widget-divider--view-line elementor-widget elementor-widget-divider\" data-id=\"c6ee3e4\" data-element_type=\"widget\" data-widget_type=\"divider.default\">\n\t\t\t\t<div class=\"elementor-widget-container\">\n\t\t\t<style>\/*! elementor - v3.20.0 - 13-03-2024 *\/\n.elementor-widget-divider{--divider-border-style:none;--divider-border-width:1px;--divider-color:#0c0d0e;--divider-icon-size:20px;--divider-element-spacing:10px;--divider-pattern-height:24px;--divider-pattern-size:20px;--divider-pattern-url:none;--divider-pattern-repeat:repeat-x}.elementor-widget-divider .elementor-divider{display:flex}.elementor-widget-divider .elementor-divider__text{font-size:15px;line-height:1;max-width:95%}.elementor-widget-divider .elementor-divider__element{margin:0 var(--divider-element-spacing);flex-shrink:0}.elementor-widget-divider .elementor-icon{font-size:var(--divider-icon-size)}.elementor-widget-divider .elementor-divider-separator{display:flex;margin:0;direction:ltr}.elementor-widget-divider--view-line_icon .elementor-divider-separator,.elementor-widget-divider--view-line_text .elementor-divider-separator{align-items:center}.elementor-widget-divider--view-line_icon .elementor-divider-separator:after,.elementor-widget-divider--view-line_icon .elementor-divider-separator:before,.elementor-widget-divider--view-line_text .elementor-divider-separator:after,.elementor-widget-divider--view-line_text .elementor-divider-separator:before{display:block;content:\"\";border-block-end:0;flex-grow:1;border-block-start:var(--divider-border-width) var(--divider-border-style) var(--divider-color)}.elementor-widget-divider--element-align-left .elementor-divider .elementor-divider-separator>.elementor-divider__svg:first-of-type{flex-grow:0;flex-shrink:100}.elementor-widget-divider--element-align-left .elementor-divider-separator:before{content:none}.elementor-widget-divider--element-align-left .elementor-divider__element{margin-left:0}.elementor-widget-divider--element-align-right .elementor-divider .elementor-divider-separator>.elementor-divider__svg:last-of-type{flex-grow:0;flex-shrink:100}.elementor-widget-divider--element-align-right .elementor-divider-separator:after{content:none}.elementor-widget-divider--element-align-right .elementor-divider__element{margin-right:0}.elementor-widget-divider--element-align-start .elementor-divider .elementor-divider-separator>.elementor-divider__svg:first-of-type{flex-grow:0;flex-shrink:100}.elementor-widget-divider--element-align-start .elementor-divider-separator:before{content:none}.elementor-widget-divider--element-align-start .elementor-divider__element{margin-inline-start:0}.elementor-widget-divider--element-align-end .elementor-divider .elementor-divider-separator>.elementor-divider__svg:last-of-type{flex-grow:0;flex-shrink:100}.elementor-widget-divider--element-align-end .elementor-divider-separator:after{content:none}.elementor-widget-divider--element-align-end .elementor-divider__element{margin-inline-end:0}.elementor-widget-divider:not(.elementor-widget-divider--view-line_text):not(.elementor-widget-divider--view-line_icon) .elementor-divider-separator{border-block-start:var(--divider-border-width) var(--divider-border-style) var(--divider-color)}.elementor-widget-divider--separator-type-pattern{--divider-border-style:none}.elementor-widget-divider--separator-type-pattern.elementor-widget-divider--view-line .elementor-divider-separator,.elementor-widget-divider--separator-type-pattern:not(.elementor-widget-divider--view-line) .elementor-divider-separator:after,.elementor-widget-divider--separator-type-pattern:not(.elementor-widget-divider--view-line) .elementor-divider-separator:before,.elementor-widget-divider--separator-type-pattern:not([class*=elementor-widget-divider--view]) .elementor-divider-separator{width:100%;min-height:var(--divider-pattern-height);-webkit-mask-size:var(--divider-pattern-size) 100%;mask-size:var(--divider-pattern-size) 100%;-webkit-mask-repeat:var(--divider-pattern-repeat);mask-repeat:var(--divider-pattern-repeat);background-color:var(--divider-color);-webkit-mask-image:var(--divider-pattern-url);mask-image:var(--divider-pattern-url)}.elementor-widget-divider--no-spacing{--divider-pattern-size:auto}.elementor-widget-divider--bg-round{--divider-pattern-repeat:round}.rtl .elementor-widget-divider .elementor-divider__text{direction:rtl}.e-con-inner>.elementor-widget-divider,.e-con>.elementor-widget-divider{width:var(--container-widget-width,100%);--flex-grow:var(--container-widget-flex-grow)}<\/style>\t\t<div class=\"elementor-divider\">\n\t\t\t<span class=\"elementor-divider-separator\">\n\t\t\t\t\t\t<\/span>\n\t\t<\/div>\n\t\t\t\t<\/div>\n\t\t\t\t<\/div>\n\t\t\t\t<div class=\"elementor-element elementor-element-ae216ce elementor-widget elementor-widget-text-editor\" data-id=\"ae216ce\" data-element_type=\"widget\" data-widget_type=\"text-editor.default\">\n\t\t\t\t<div class=\"elementor-widget-container\">\n\t\t\t\t\t\t\t<p><strong>Eviva Tour Vietnam siempre da la bienvenida a pasantes de todo el mundo y en Vietnam. Lo que m\u00e1s aprecian los pasantes:<\/strong><\/p><ol><li>Adaptar su pasant\u00eda exactamente a lo que esperan obtener despu\u00e9s del per\u00edodo de pasant\u00eda.<\/li><li>Asignar gerentes de l\u00ednea dedicados y agradables para apoyar a los pasantes.<\/li><li>Crear un entorno de apoyo para los pasantes.<\/li><li>Proporcionar la mejor puntuaci\u00f3n posible a los pasantes si cumplen al menos las tareas b\u00e1sicas, pero darles feedback muy estricta de forma individual.<\/li><li>Brindar la mayor cantidad de oportunidades de capacitaci\u00f3n, tanto interna como externa, si se producen durante su per\u00edodo de pasant\u00eda.<\/li><li>Orientar para su futura carrera.<\/li><li>Sensabiliza a los pasantes sobre su autoeducaci\u00f3n, lectura y mejora de la salud.<\/li><\/ol><p>Por favor, cont\u00e1ctenos en <a href=\"mailto:op1@evivatour.com\">op1@evivatour.com<\/a> si est\u00e1 interesado en una pasant\u00eda en Eviva Tour Vietnam.<\/p><h3>TIROCINANTI STRANIERI A EVIVA<\/h3><p>Ogni anno, Eviva Tour Vietnam riceve tironcinanti provenienti da diverse paesi del mondo, con il turismo o la commercializzazione di fondo dai loro programmi di bachelor o di master. <a href=\"https:\/\/www.youtube.com\/watch?v=FihhB0F7bEU\">Clicca qui<\/a> per la testimonianza da <strong>Amaryllis Pr\u00e9millieu<\/strong>, una nostra tironcinante con lo sfondo del Turismo Culturale Patrimoniale e Turismo per lo sviluppo nel suo programma di master dalla Francia.<\/p><h3>PERCH\u00c9 LAVORARE CON NOI \u2013 LA CULTURA DI EVIVA<\/h3><p><strong>1. Ambiente verde<\/strong><\/p><p>Costruiamo una cultura ufficio verde con il design verde e schemi di risparmio di risorse. Il nostro obiettivo \u00e8 quello di nutrire e proteggere il nostro ambiente.<\/p><ul><li><strong>Decorazione:<\/strong> Abbiamo forgiare un profondo apprezzamento per la natura e la bellezza. Il nostro ufficio \u00e8 decorato con piante e colorata dalla presense di pesci e tartarughe.<\/li><li><strong>Schemi Risorse Salvataggio:<\/strong> Il nostro ufficio \u00e8 monitorato attraverso l&#8217;uso efficiente dell&#8217;energia e delle risorse. Pratichiamo schemi di risparmio energetico (acqua ed elettricit\u00e0) cos\u00ec come il riciclaggio dei rifiuti.<\/li><\/ul><p><strong>2. Orientamento mestiere<\/strong><\/p><p>Siamo in possesso di una forte cultura il lavoro di squadra che \u00e8 pieno di divertimento e la previdenza professionale. Offriamo un divertimento, ambiente favorevole e sano per il personale. I dipendenti sono abilitati a perseguire l&#8217;istruzione superiore, opportunit\u00e0 di formazione e di promozione di abilit\u00e0.<\/p><h3>IL NOSTRO AMBIENTE DI LAVORO \u2013 ESPERIENZA A EVIVA<\/h3><p><strong>1. Il lavoro di squadra e Pratiche<\/strong><\/p><p>Siamo un team di pratiche e valori condivisi: Priorit\u00e0 alla Customer Service, Vision per diventare esperti a livello locale i nostri prodotti e un pioniere in iniziative turismo responsabile. Condividiamo la stessa visione e si sostengono a vicenda, personalmente e professionalmente.<\/p><p><strong>2. Auto-sviluppo e opportunit\u00e0 promozionali<\/strong><\/p><p>Eviva offre forti programmi di istruzione e di formazione. Si consentano ai lavoratori sia con expertise e competenze trasversali, al fine di eccellere in ambiente aziendale. Opportunites di diventare dirigenti senior e promozioni sono disponibili per aiutare il personale a tracciare percorsi di carriera. Salario competitivo, incentivo mensile insieme a 13 mensilit\u00e0 e altri bonus sono disponibili per le prestazioni del personale del credito.<\/p><p><strong>3. Salute e famiglia Support<\/strong><\/p><p>Siamo preoccupati per bene-esseri fisici e mentali del nostro staff. Eviva offre annuale Health Medical Check-up presso gli ospedali internazionali, nonch\u00e9 sociale e assicurazione sanitaria. Facciamo gli sforzi per condurre squadra di condivisione e di assistenza per aiutare il personale a superare i loro problemi di salute e personali. Orari flessibili e giorni di lavoro da casa sono anche disponibile per il personale di prendere in considerazione.<\/p><p><strong>4. Opportunit\u00e0 di networking<\/strong><\/p><p>Eviva offre opportunit\u00e0 per lo staff di connettersi con esperti e professionisti in tutti i settori. Indipendenti sono incoraggiati ad espandere le loro connessioni e conoscenze attraverso i convegni e workshop. \u00c8 disponibile anche la formazione con i migliori esperti nel settore del turismo.<\/p><p><strong>5. Viaggi e vacanze<\/strong><\/p><p>Eviva offre allo staff vacanze estive annuali negli alberghi 4 e 5 stelle. Eviva organizza vari viaggi di ispezione nelle destinazioni locali e nell\u2019aerea, offrendo opportunit\u00e0 per il nostro staff di viaggiare e sapere meglio le destinazioni per creare nuovi pacchetti turistici. Eviva offre opportunit\u00e0 di viaggiare estero agli indipendenti pi\u00f9 bravi.<\/p>\t\t\t\t\t\t<\/div>\n\t\t\t\t<\/div>\n\t\t\t\t\t<\/div>\n\t\t<\/div>\n\t\t\t\t\t<\/div>\n\t\t<\/section>\n\t\t\t\t<\/div>\n\t\t","protected":false},"excerpt":{"rendered":"<p>Sobre nosotros Nuestro grupo Nuestro CSR Nuestro perfil Testimonios Vicante POR QU\u00c9 EVIVA Eviva Tour es una empresa local de Gesti\u00f3n de Destinos (DMC) que brinda servicios de viaje en Vietnam e Indochina desde 2004, por 20 a\u00f1os. Ingreso mensual competitivo basado en tu esfuerzo y desempe\u00f1o (incluyendo salario, incentivos mensuales, salario del d\u00e9cimo tercer [&hellip;]<\/p>\n","protected":false},"author":1,"featured_media":0,"parent":614,"menu_order":0,"comment_status":"closed","ping_status":"closed","template":"","meta":{"inline_featured_image":false,"footnotes":""},"class_list":["post-7851","page","type-page","status-publish","hentry"],"yoast_head":"<!-- This site is optimized with the Yoast SEO plugin v24.7 - https:\/\/yoast.com\/wordpress\/plugins\/seo\/ -->\n<title>informazioni per viaggi di Eviva I Eviva tour Vietnam<\/title>\n<meta name=\"description\" content=\"Eviva si preoccupa di far sviluppare al meglio il potenziale delle persone fornendo loro il miglior ambiente per maturare le loro abilit\u00e0 tramite corsi di aggiornamento\" \/>\n<meta name=\"robots\" content=\"index, follow, max-snippet:-1, max-image-preview:large, max-video-preview:-1\" \/>\n<link rel=\"canonical\" href=\"https:\/\/evivatour.com\/es\/sobre-nosotros\/vicante\/\" \/>\n<meta property=\"og:locale\" content=\"en_US\" \/>\n<meta property=\"og:type\" content=\"article\" \/>\n<meta property=\"og:title\" content=\"informazioni per viaggi di Eviva I Eviva tour Vietnam\" \/>\n<meta property=\"og:description\" content=\"Eviva si preoccupa di far sviluppare al meglio il potenziale delle persone fornendo loro il miglior ambiente per maturare le loro abilit\u00e0 tramite corsi di aggiornamento\" \/>\n<meta property=\"og:url\" content=\"https:\/\/evivatour.com\/es\/sobre-nosotros\/vicante\/\" \/>\n<meta property=\"og:site_name\" content=\"Eviva Tour\" \/>\n<meta property=\"article:modified_time\" content=\"2025-10-14T01:35:16+00:00\" \/>\n<meta name=\"twitter:card\" content=\"summary_large_image\" \/>\n<meta name=\"twitter:label1\" content=\"Est. reading time\" \/>\n\t<meta name=\"twitter:data1\" content=\"4 minutes\" \/>\n<script type=\"application\/ld+json\" class=\"yoast-schema-graph\">{\"@context\":\"https:\/\/schema.org\",\"@graph\":[{\"@type\":\"WebPage\",\"@id\":\"https:\/\/evivatour.com\/es\/sobre-nosotros\/vicante\/\",\"url\":\"https:\/\/evivatour.com\/es\/sobre-nosotros\/vicante\/\",\"name\":\"informazioni per viaggi di Eviva I Eviva tour Vietnam\",\"isPartOf\":{\"@id\":\"https:\/\/evivatour.com\/es\/#website\"},\"datePublished\":\"2021-08-17T20:30:10+00:00\",\"dateModified\":\"2025-10-14T01:35:16+00:00\",\"description\":\"Eviva si preoccupa di far sviluppare al meglio il potenziale delle persone fornendo loro il miglior ambiente per maturare le loro abilit\u00e0 tramite corsi di aggiornamento\",\"breadcrumb\":{\"@id\":\"https:\/\/evivatour.com\/es\/sobre-nosotros\/vicante\/#breadcrumb\"},\"inLanguage\":\"en-US\",\"potentialAction\":[{\"@type\":\"ReadAction\",\"target\":[\"https:\/\/evivatour.com\/es\/sobre-nosotros\/vicante\/\"]}]},{\"@type\":\"BreadcrumbList\",\"@id\":\"https:\/\/evivatour.com\/es\/sobre-nosotros\/vicante\/#breadcrumb\",\"itemListElement\":[{\"@type\":\"ListItem\",\"position\":1,\"name\":\"Home\",\"item\":\"https:\/\/evivatour.com\/es\/\"},{\"@type\":\"ListItem\",\"position\":2,\"name\":\"Sobre Nosotros\",\"item\":\"https:\/\/evivatour.com\/es\/sobre-nosotros\/\"},{\"@type\":\"ListItem\",\"position\":3,\"name\":\"Vicante\"}]},{\"@type\":\"WebSite\",\"@id\":\"https:\/\/evivatour.com\/es\/#website\",\"url\":\"https:\/\/evivatour.com\/es\/\",\"name\":\"Eviva Tour\",\"description\":\"Smile every mile\",\"publisher\":{\"@id\":\"https:\/\/evivatour.com\/es\/#organization\"},\"potentialAction\":[{\"@type\":\"SearchAction\",\"target\":{\"@type\":\"EntryPoint\",\"urlTemplate\":\"https:\/\/evivatour.com\/es\/?s={search_term_string}\"},\"query-input\":{\"@type\":\"PropertyValueSpecification\",\"valueRequired\":true,\"valueName\":\"search_term_string\"}}],\"inLanguage\":\"en-US\"},{\"@type\":\"Organization\",\"@id\":\"https:\/\/evivatour.com\/es\/#organization\",\"name\":\"Eviva Tour\",\"url\":\"https:\/\/evivatour.com\/es\/\",\"logo\":{\"@type\":\"ImageObject\",\"inLanguage\":\"en-US\",\"@id\":\"https:\/\/evivatour.com\/es\/#\/schema\/logo\/image\/\",\"url\":\"https:\/\/evivatour.com\/es\/wp-content\/uploads\/2021\/08\/cropped-eviva-tour-vietnam.png\",\"contentUrl\":\"https:\/\/evivatour.com\/es\/wp-content\/uploads\/2021\/08\/cropped-eviva-tour-vietnam.png\",\"width\":280,\"height\":185,\"caption\":\"Eviva Tour\"},\"image\":{\"@id\":\"https:\/\/evivatour.com\/es\/#\/schema\/logo\/image\/\"}}]}<\/script>\n<!-- \/ Yoast SEO plugin. -->","yoast_head_json":{"title":"informazioni per viaggi di Eviva I Eviva tour Vietnam","description":"Eviva si preoccupa di far sviluppare al meglio il potenziale delle persone fornendo loro il miglior ambiente per maturare le loro abilit\u00e0 tramite corsi di aggiornamento","robots":{"index":"index","follow":"follow","max-snippet":"max-snippet:-1","max-image-preview":"max-image-preview:large","max-video-preview":"max-video-preview:-1"},"canonical":"https:\/\/evivatour.com\/es\/sobre-nosotros\/vicante\/","og_locale":"en_US","og_type":"article","og_title":"informazioni per viaggi di Eviva I Eviva tour Vietnam","og_description":"Eviva si preoccupa di far sviluppare al meglio il potenziale delle persone fornendo loro il miglior ambiente per maturare le loro abilit\u00e0 tramite corsi di aggiornamento","og_url":"https:\/\/evivatour.com\/es\/sobre-nosotros\/vicante\/","og_site_name":"Eviva Tour","article_modified_time":"2025-10-14T01:35:16+00:00","twitter_card":"summary_large_image","twitter_misc":{"Est. reading time":"4 minutes"},"schema":{"@context":"https:\/\/schema.org","@graph":[{"@type":"WebPage","@id":"https:\/\/evivatour.com\/es\/sobre-nosotros\/vicante\/","url":"https:\/\/evivatour.com\/es\/sobre-nosotros\/vicante\/","name":"informazioni per viaggi di Eviva I Eviva tour Vietnam","isPartOf":{"@id":"https:\/\/evivatour.com\/es\/#website"},"datePublished":"2021-08-17T20:30:10+00:00","dateModified":"2025-10-14T01:35:16+00:00","description":"Eviva si preoccupa di far sviluppare al meglio il potenziale delle persone fornendo loro il miglior ambiente per maturare le loro abilit\u00e0 tramite corsi di aggiornamento","breadcrumb":{"@id":"https:\/\/evivatour.com\/es\/sobre-nosotros\/vicante\/#breadcrumb"},"inLanguage":"en-US","potentialAction":[{"@type":"ReadAction","target":["https:\/\/evivatour.com\/es\/sobre-nosotros\/vicante\/"]}]},{"@type":"BreadcrumbList","@id":"https:\/\/evivatour.com\/es\/sobre-nosotros\/vicante\/#breadcrumb","itemListElement":[{"@type":"ListItem","position":1,"name":"Home","item":"https:\/\/evivatour.com\/es\/"},{"@type":"ListItem","position":2,"name":"Sobre Nosotros","item":"https:\/\/evivatour.com\/es\/sobre-nosotros\/"},{"@type":"ListItem","position":3,"name":"Vicante"}]},{"@type":"WebSite","@id":"https:\/\/evivatour.com\/es\/#website","url":"https:\/\/evivatour.com\/es\/","name":"Eviva Tour","description":"Smile every mile","publisher":{"@id":"https:\/\/evivatour.com\/es\/#organization"},"potentialAction":[{"@type":"SearchAction","target":{"@type":"EntryPoint","urlTemplate":"https:\/\/evivatour.com\/es\/?s={search_term_string}"},"query-input":{"@type":"PropertyValueSpecification","valueRequired":true,"valueName":"search_term_string"}}],"inLanguage":"en-US"},{"@type":"Organization","@id":"https:\/\/evivatour.com\/es\/#organization","name":"Eviva Tour","url":"https:\/\/evivatour.com\/es\/","logo":{"@type":"ImageObject","inLanguage":"en-US","@id":"https:\/\/evivatour.com\/es\/#\/schema\/logo\/image\/","url":"https:\/\/evivatour.com\/es\/wp-content\/uploads\/2021\/08\/cropped-eviva-tour-vietnam.png","contentUrl":"https:\/\/evivatour.com\/es\/wp-content\/uploads\/2021\/08\/cropped-eviva-tour-vietnam.png","width":280,"height":185,"caption":"Eviva Tour"},"image":{"@id":"https:\/\/evivatour.com\/es\/#\/schema\/logo\/image\/"}}]}},"_links":{"self":[{"href":"https:\/\/evivatour.com\/es\/wp-json\/wp\/v2\/pages\/7851","targetHints":{"allow":["GET"]}}],"collection":[{"href":"https:\/\/evivatour.com\/es\/wp-json\/wp\/v2\/pages"}],"about":[{"href":"https:\/\/evivatour.com\/es\/wp-json\/wp\/v2\/types\/page"}],"author":[{"embeddable":true,"href":"https:\/\/evivatour.com\/es\/wp-json\/wp\/v2\/users\/1"}],"replies":[{"embeddable":true,"href":"https:\/\/evivatour.com\/es\/wp-json\/wp\/v2\/comments?post=7851"}],"version-history":[{"count":2,"href":"https:\/\/evivatour.com\/es\/wp-json\/wp\/v2\/pages\/7851\/revisions"}],"predecessor-version":[{"id":17856,"href":"https:\/\/evivatour.com\/es\/wp-json\/wp\/v2\/pages\/7851\/revisions\/17856"}],"up":[{"embeddable":true,"href":"https:\/\/evivatour.com\/es\/wp-json\/wp\/v2\/pages\/614"}],"wp:attachment":[{"href":"https:\/\/evivatour.com\/es\/wp-json\/wp\/v2\/media?parent=7851"}],"curies":[{"name":"wp","href":"https:\/\/api.w.org\/{rel}","templated":true}]}}