{"id":8214,"date":"2021-08-20T09:54:35","date_gmt":"2021-08-20T02:54:35","guid":{"rendered":"http:\/\/evivatour.com\/?page_id=8214"},"modified":"2024-01-19T09:33:49","modified_gmt":"2024-01-19T02:33:49","slug":"mejor-epoca-para-visitar-camboya","status":"publish","type":"page","link":"https:\/\/evivatour.com\/es\/camboya\/mejor-epoca-para-visitar-camboya\/","title":{"rendered":"Mejor \u00c9poca Para Visitar Camboya"},"content":{"rendered":"\t\t<div data-elementor-type=\"wp-page\" data-elementor-id=\"8214\" class=\"elementor elementor-8214\" data-elementor-post-type=\"page\">\n\t\t\t\t\t\t<section class=\"elementor-section elementor-top-section elementor-element elementor-element-9874e37 elementor-section-stretched elementor-section-boxed elementor-section-height-default elementor-section-height-default\" data-id=\"9874e37\" data-element_type=\"section\" data-settings=\"{&quot;stretch_section&quot;:&quot;section-stretched&quot;,&quot;background_background&quot;:&quot;classic&quot;}\">\n\t\t\t\t\t\t<div class=\"elementor-container elementor-column-gap-no\">\n\t\t\t\t\t<div class=\"elementor-column elementor-col-100 elementor-top-column elementor-element elementor-element-d01ef93\" data-id=\"d01ef93\" data-element_type=\"column\">\n\t\t\t<div class=\"elementor-widget-wrap elementor-element-populated\">\n\t\t\t\t\t\t<div class=\"elementor-element elementor-element-2927a6c elementor-widget elementor-widget-text-editor\" data-id=\"2927a6c\" data-element_type=\"widget\" data-widget_type=\"text-editor.default\">\n\t\t\t\t<div class=\"elementor-widget-container\">\n\t\t\t<style>\/*! elementor - v3.20.0 - 13-03-2024 *\/\n.elementor-widget-text-editor.elementor-drop-cap-view-stacked .elementor-drop-cap{background-color:#69727d;color:#fff}.elementor-widget-text-editor.elementor-drop-cap-view-framed .elementor-drop-cap{color:#69727d;border:3px solid;background-color:transparent}.elementor-widget-text-editor:not(.elementor-drop-cap-view-default) .elementor-drop-cap{margin-top:8px}.elementor-widget-text-editor:not(.elementor-drop-cap-view-default) .elementor-drop-cap-letter{width:1em;height:1em}.elementor-widget-text-editor .elementor-drop-cap{float:left;text-align:center;line-height:1;font-size:50px}.elementor-widget-text-editor .elementor-drop-cap-letter{display:inline-block}<\/style>\t\t\t\t<nav id=\"tours\" class=\"main-nav-top with-banner\">\n<div class=\"container\">\n<div class=\"main-nav-holder\">\n<div class=\"slide-nav js-slide-hidden\">\n<ul id=\"slide-nav-ul\">\n \t<li><a href=\"https:\/\/evivatour.com\/es\/camboya\/\">Viaje Camboya<\/a><\/li>\n \t<li><a href=\"https:\/\/evivatour.com\/es\/camboya\/guia-de-viajes-camboya\/\">Gu\u00eda de Viajes Camboya<\/a><\/li>\n \t<li class=\"active\"><a href=\"https:\/\/evivatour.com\/es\/camboya\/mejor-epoca-para-visitar-camboya\/\">Mejor \u00c9poca Para Visitar Camboya<\/a><\/li>\n<\/ul>\n<\/div>\n<\/div>\n<\/div>\n<\/nav>\t\t\t\t\t\t<\/div>\n\t\t\t\t<\/div>\n\t\t\t\t\t<\/div>\n\t\t<\/div>\n\t\t\t\t\t<\/div>\n\t\t<\/section>\n\t\t\t\t<section class=\"elementor-section elementor-top-section elementor-element elementor-element-c01d4c3 elementor-section-boxed elementor-section-height-default elementor-section-height-default\" data-id=\"c01d4c3\" data-element_type=\"section\">\n\t\t\t\t\t\t<div class=\"elementor-container elementor-column-gap-default\">\n\t\t\t\t\t<div class=\"elementor-column elementor-col-100 elementor-top-column elementor-element elementor-element-d26fef5\" data-id=\"d26fef5\" data-element_type=\"column\">\n\t\t\t<div class=\"elementor-widget-wrap elementor-element-populated\">\n\t\t\t\t\t\t<div class=\"elementor-element elementor-element-0615542 elementor-widget elementor-widget-text-editor\" data-id=\"0615542\" data-element_type=\"widget\" data-widget_type=\"text-editor.default\">\n\t\t\t\t<div class=\"elementor-widget-container\">\n\t\t\t\t\t\t\t<p>Desde que lleg\u00f3 a esta publicaci\u00f3n, apostamos a que tambi\u00e9n tuvo una pregunta: &#8220;\u00bfCu\u00e1ndo es la mejor \u00e9poca para visitar Camboya?&#8221; tantos viajeros alrededor del mundo. Camboya es una impresionante naci\u00f3n del sudeste asi\u00e1tico que vale la pena visitar por su enigm\u00e1tica belleza, sus majestuosos templos, sus vastas llanuras salpicadas de verdes arrozales y su historia \u00fanica. Muchos visitantes occidentales han hecho de Camboya una parada obligada en su viaje a Indochina, no s\u00f3lo para apreciar la belleza del pa\u00eds, sino tambi\u00e9n para experimentar las caracter\u00edsticas culturales distintivas de su gente. As\u00ed que, para organizar con precisi\u00f3n tu visita a Camboya, \u00a1descubramos el clima y el medio ambiente aqu\u00ed!<\/p><h2>Descripci\u00f3n general del tiempo en Camboya<\/h2><p>El clima de Camboya es tropical, con tres estaciones distintas: fr\u00eda, calurosa y lluviosa. El clima dominante de Camboya es c\u00e1lido y h\u00famedo, con las temperaturas m\u00e1s altas entre mediados de marzo y mayo, alcanzando los 32\u00b0C. La temperatura en Camboya desciende a unos 25\u00b0C durante la transici\u00f3n entre el a\u00f1o viejo y el nuevo, entre diciembre y enero. El clima en Camboya en enero es el m\u00e1s agradable de todo el a\u00f1o, lo que lo convierte en una excelente \u00e9poca para viajar a Camboya. El per\u00edodo de mayo a octubre se caracteriza por abundantes precipitaciones, lo que provoca un aumento de la humedad de casi el 80%, combinado con temperaturas que se mantienen altas, lo que puede resultar inc\u00f3modo para los turistas.<\/p><h2>Estaciones en Camboya<\/h2><p><b>La estaci\u00f3n fr\u00eda en Camboya<\/b><\/p><p>La temperatura de Camboya comienza a bajar en noviembre y es agradable de diciembre a enero. En esta \u00e9poca del a\u00f1o, la temperatura en la capital de Camboya, Phnom Penh, oscila entre 21\u00b0C y 32\u00b0C. La temperatura en Camboya durante la estaci\u00f3n fr\u00eda es suave, por lo que no tendr\u00e1s que usar demasiadas capas para mantenerte abrigado. Dado que enero es el mes m\u00e1s fresco del a\u00f1o, tambi\u00e9n es el mes en el que la mayor\u00eda de la gente elige viajar.<\/p><p>Los templos de Angkor, visitar mercados multicolores y hacer caminatas por la jungla son destinos populares durante este per\u00edodo. Este tambi\u00e9n es un buen momento para explorar lugares como Siem Reap, Phnom Penh y Battambang. El clima seco har\u00e1 que sea m\u00e1s f\u00e1cil explorar templos, mercados y museos. Como la temporada fr\u00eda coincide con d\u00edas festivos importantes como Navidad y A\u00f1o Nuevo, el costo de los servicios aumentar\u00e1, al igual que las multitudes, lo que puede afectar negativamente su experiencia de viaje.<\/p><p><b>La temporada de calor en Camboya<\/b><\/p><p>La temporada calurosa en Camboya dura de marzo a junio, con temperaturas que alcanzan los 40\u00b0C en abril. Esto tambi\u00e9n se conoce como estaci\u00f3n seca, pero la humedad se mantiene alrededor del 60%, lo que hace que la temperatura se mantenga m\u00e1s alta de lo habitual. En esta \u00e9poca del a\u00f1o, pr\u00e1cticamente no hay viento, las calles no tienen sombra y el aire polvoriento hace que a los viajeros les resulte extremadamente dif\u00edcil explorar Camboya. Por suerte, en esta \u00e9poca del a\u00f1o llueve bastante, lo que mantiene el aire m\u00e1s limpio y fresco. Si visitas Camboya durante esta \u00e9poca, las playas son la mejor opci\u00f3n. Sihanoukville es la playa m\u00e1s bonita de Camboya, ten en cuenta esta opci\u00f3n para relajarte y emocionarte.<\/p><p><b>La temporada de lluvias en Camboya<\/b><\/p><p>La temporada de lluvias en Camboya se divide en dos fases: la fase caliente, que dura de junio a septiembre, y la fase fr\u00eda, que dura de octubre a noviembre. Durante la temporada de lluvias, puede llover veinte d\u00edas en un solo mes. Las tormentas suelen ocurrir en r\u00e1fagas cortas y se pueden esperar. Ocurren frecuentemente por la tarde.<\/p><p>Una caracter\u00edstica positiva durante la temporada de lluvias es que las precipitaciones contribuyen significativamente al descenso de las temperaturas de junio a septiembre. Las temperaturas comienzan a bajar alrededor de 23\u00b0C durante el per\u00edodo fr\u00edo, que dura de octubre a noviembre. En algunos lugares, como Phnom Penh y Siem Reap, las inundaciones pueden ocurrir a peque\u00f1a o gran escala. Por lo tanto, si desea visitar Camboya durante este tiempo, deber\u00e1 traer un impermeable y zapatos impermeables. La temporada de lluvias en Camboya es perfecta para viajeros con un presupuesto limitado.<\/p><p>Es posible que haya elegido el momento ideal para sus vacaciones en Camboya bas\u00e1ndose en la informaci\u00f3n meteorol\u00f3gica y clim\u00e1tica presentada anteriormente. Veamos ahora cu\u00e1l es la mejor \u00e9poca para visitar Camboya en funci\u00f3n del n\u00famero de visitantes.<\/p><h2>Temporadas en Camboya en t\u00e9rminos de volumen de turismo<\/h2><p><b>Temporada alta<\/b><\/p><p>La temporada fr\u00eda, de diciembre a febrero, es la temporada alta para los turistas que visitan Camboya. Tambi\u00e9n es la \u00e9poca del a\u00f1o en la que muchos viajeros creen que el clima es mejor. Las frescas temperaturas de alrededor de 25\u00b0C, junto con el clima seco, hacen que las visitas a los templos o las caminatas por el bosque sean m\u00e1s espectaculares que nunca. Si quieres ir a la playa, ahora es el momento de hacerlo. En esta \u00e9poca del a\u00f1o, las islas meridionales de Kep y Kampot son destinos tur\u00edsticos populares. Kampot es una peque\u00f1a ciudad con un ritmo de vida tranquilo donde puedes participar en actividades de kayak o descubrir las cercanas Kep y Rabbit Island. El cielo estar\u00e1 tan azul en ese momento que un crucero en barco ser\u00e1 fant\u00e1stico.<\/p><p>Sin embargo, si decide visitar Camboya durante este tiempo, deber\u00e1 traer dinero extra y estar preparado para enfrentar multitudes en cada sitio.<\/p><p><b>Temporada media<\/b><\/p><p>En Camboya, los meses de marzo a junio se denominan temporada media. En esta \u00e9poca del a\u00f1o hace mucho calor. Como las carreteras en Camboya no est\u00e1n completamente asfaltadas, el aire se vuelve extremadamente sucio y polvoriento. La temperatura abrasadora, combinada con la alta humedad de un pa\u00eds tropical, har\u00e1 que las actividades al aire libre como visitar templos o mercados sean dif\u00edciles e inc\u00f3modas. En estos momentos ir a la playa es la mejor opci\u00f3n. Este es un per\u00edodo bastante aceptable para viajeros con presupuestos bajos, especialmente si viajan en grupos de personas ya que podr\u00e1n recibir muchas ofertas.<\/p><p><b>Temporada baja<\/b><\/p><p>La temporada baja en Camboya dura de junio a noviembre. Con una media de 20 d\u00edas de lluvia al mes, resulta dif\u00edcil visitar estos lugares. Adem\u00e1s, las inundaciones son un peligro del que debes preocuparte durante esta \u00e9poca. Sin embargo, si eres un aventurero que ama la tranquilidad, este es el momento para ti. Dado que pr\u00e1cticamente no hay turistas visitando Camboya en este momento, seguramente tendr\u00e1 un viaje muy asequible con una variedad de experiencias interesantes.<\/p><p>Camboya era considerada un destino imposible de visitar si se tiene la oportunidad de llegar al Sudeste Asi\u00e1tico. Aunque el clima es generalmente duro, no es un impedimento para visitar Camboya. \u00bfQu\u00e9 est\u00e1 esperando exactamente? \u00a1Reserve su viaje a Camboya hoy!<\/p>\t\t\t\t\t\t<\/div>\n\t\t\t\t<\/div>\n\t\t\t\t<div class=\"elementor-element elementor-element-2c99101 elementor-widget-divider--view-line elementor-widget elementor-widget-divider\" data-id=\"2c99101\" data-element_type=\"widget\" data-widget_type=\"divider.default\">\n\t\t\t\t<div class=\"elementor-widget-container\">\n\t\t\t<style>\/*! elementor - v3.20.0 - 13-03-2024 *\/\n.elementor-widget-divider{--divider-border-style:none;--divider-border-width:1px;--divider-color:#0c0d0e;--divider-icon-size:20px;--divider-element-spacing:10px;--divider-pattern-height:24px;--divider-pattern-size:20px;--divider-pattern-url:none;--divider-pattern-repeat:repeat-x}.elementor-widget-divider .elementor-divider{display:flex}.elementor-widget-divider .elementor-divider__text{font-size:15px;line-height:1;max-width:95%}.elementor-widget-divider .elementor-divider__element{margin:0 var(--divider-element-spacing);flex-shrink:0}.elementor-widget-divider .elementor-icon{font-size:var(--divider-icon-size)}.elementor-widget-divider .elementor-divider-separator{display:flex;margin:0;direction:ltr}.elementor-widget-divider--view-line_icon .elementor-divider-separator,.elementor-widget-divider--view-line_text .elementor-divider-separator{align-items:center}.elementor-widget-divider--view-line_icon .elementor-divider-separator:after,.elementor-widget-divider--view-line_icon .elementor-divider-separator:before,.elementor-widget-divider--view-line_text .elementor-divider-separator:after,.elementor-widget-divider--view-line_text .elementor-divider-separator:before{display:block;content:\"\";border-block-end:0;flex-grow:1;border-block-start:var(--divider-border-width) var(--divider-border-style) var(--divider-color)}.elementor-widget-divider--element-align-left .elementor-divider .elementor-divider-separator>.elementor-divider__svg:first-of-type{flex-grow:0;flex-shrink:100}.elementor-widget-divider--element-align-left .elementor-divider-separator:before{content:none}.elementor-widget-divider--element-align-left .elementor-divider__element{margin-left:0}.elementor-widget-divider--element-align-right .elementor-divider .elementor-divider-separator>.elementor-divider__svg:last-of-type{flex-grow:0;flex-shrink:100}.elementor-widget-divider--element-align-right .elementor-divider-separator:after{content:none}.elementor-widget-divider--element-align-right .elementor-divider__element{margin-right:0}.elementor-widget-divider--element-align-start .elementor-divider .elementor-divider-separator>.elementor-divider__svg:first-of-type{flex-grow:0;flex-shrink:100}.elementor-widget-divider--element-align-start .elementor-divider-separator:before{content:none}.elementor-widget-divider--element-align-start .elementor-divider__element{margin-inline-start:0}.elementor-widget-divider--element-align-end .elementor-divider .elementor-divider-separator>.elementor-divider__svg:last-of-type{flex-grow:0;flex-shrink:100}.elementor-widget-divider--element-align-end .elementor-divider-separator:after{content:none}.elementor-widget-divider--element-align-end .elementor-divider__element{margin-inline-end:0}.elementor-widget-divider:not(.elementor-widget-divider--view-line_text):not(.elementor-widget-divider--view-line_icon) .elementor-divider-separator{border-block-start:var(--divider-border-width) var(--divider-border-style) var(--divider-color)}.elementor-widget-divider--separator-type-pattern{--divider-border-style:none}.elementor-widget-divider--separator-type-pattern.elementor-widget-divider--view-line .elementor-divider-separator,.elementor-widget-divider--separator-type-pattern:not(.elementor-widget-divider--view-line) .elementor-divider-separator:after,.elementor-widget-divider--separator-type-pattern:not(.elementor-widget-divider--view-line) .elementor-divider-separator:before,.elementor-widget-divider--separator-type-pattern:not([class*=elementor-widget-divider--view]) .elementor-divider-separator{width:100%;min-height:var(--divider-pattern-height);-webkit-mask-size:var(--divider-pattern-size) 100%;mask-size:var(--divider-pattern-size) 100%;-webkit-mask-repeat:var(--divider-pattern-repeat);mask-repeat:var(--divider-pattern-repeat);background-color:var(--divider-color);-webkit-mask-image:var(--divider-pattern-url);mask-image:var(--divider-pattern-url)}.elementor-widget-divider--no-spacing{--divider-pattern-size:auto}.elementor-widget-divider--bg-round{--divider-pattern-repeat:round}.rtl .elementor-widget-divider .elementor-divider__text{direction:rtl}.e-con-inner>.elementor-widget-divider,.e-con>.elementor-widget-divider{width:var(--container-widget-width,100%);--flex-grow:var(--container-widget-flex-grow)}<\/style>\t\t<div class=\"elementor-divider\">\n\t\t\t<span class=\"elementor-divider-separator\">\n\t\t\t\t\t\t<\/span>\n\t\t<\/div>\n\t\t\t\t<\/div>\n\t\t\t\t<\/div>\n\t\t\t\t\t<\/div>\n\t\t<\/div>\n\t\t\t\t\t<\/div>\n\t\t<\/section>\n\t\t\t\t<section class=\"elementor-section elementor-top-section elementor-element elementor-element-789228c elementor-section-boxed elementor-section-height-default elementor-section-height-default\" data-id=\"789228c\" data-element_type=\"section\">\n\t\t\t\t\t\t<div class=\"elementor-container elementor-column-gap-default\">\n\t\t\t\t\t<div class=\"elementor-column elementor-col-100 elementor-top-column elementor-element elementor-element-a06c196\" data-id=\"a06c196\" data-element_type=\"column\">\n\t\t\t<div class=\"elementor-widget-wrap elementor-element-populated\">\n\t\t\t\t\t\t<div class=\"elementor-element elementor-element-c7d1783 elementor-widget elementor-widget-text-editor\" data-id=\"c7d1783\" data-element_type=\"widget\" data-widget_type=\"text-editor.default\">\n\t\t\t\t<div class=\"elementor-widget-container\">\n\t\t\t\t\t\t\t<h2>Crea tu viaje a medida a Camboya<\/h2>\n<p style=\"font-size: 18px;\">\u00bfViajas a Camboya? Charle con un especialista en viajes local en Camboya, que podr\u00e1 ayudarle a organizar su viaje.<\/p>\t\t\t\t\t\t<\/div>\n\t\t\t\t<\/div>\n\t\t\t\t<div class=\"elementor-element elementor-element-181f44f elementor-align-center elementor-widget elementor-widget-button\" data-id=\"181f44f\" data-element_type=\"widget\" data-widget_type=\"button.default\">\n\t\t\t\t<div class=\"elementor-widget-container\">\n\t\t\t\t\t<div class=\"elementor-button-wrapper\">\n\t\t\t<a class=\"elementor-button elementor-button-link elementor-size-sm\" href=\"https:\/\/evivatour.com\/es\/solicitar-tour-privado\/\">\n\t\t\t\t\t\t<span class=\"elementor-button-content-wrapper\">\n\t\t\t\t\t\t<span class=\"elementor-button-text\">COMIENZA AQU\u00cd<\/span>\n\t\t<\/span>\n\t\t\t\t\t<\/a>\n\t\t<\/div>\n\t\t\t\t<\/div>\n\t\t\t\t<\/div>\n\t\t\t\t\t<\/div>\n\t\t<\/div>\n\t\t\t\t\t<\/div>\n\t\t<\/section>\n\t\t\t\t<\/div>\n\t\t","protected":false},"excerpt":{"rendered":"<p>Viaje Camboya Gu\u00eda de Viajes Camboya Mejor \u00c9poca Para Visitar Camboya Desde que lleg\u00f3 a esta publicaci\u00f3n, apostamos a que tambi\u00e9n tuvo una pregunta: &#8220;\u00bfCu\u00e1ndo es la mejor \u00e9poca para visitar Camboya?&#8221; tantos viajeros alrededor del mundo. Camboya es una impresionante naci\u00f3n del sudeste asi\u00e1tico que vale la pena visitar por su enigm\u00e1tica belleza, sus [&hellip;]<\/p>\n","protected":false},"author":1,"featured_media":0,"parent":8211,"menu_order":0,"comment_status":"closed","ping_status":"closed","template":"","meta":{"inline_featured_image":false,"footnotes":""},"class_list":["post-8214","page","type-page","status-publish","hentry"],"yoast_head":"<!-- This site is optimized with the Yoast SEO plugin v24.7 - https:\/\/yoast.com\/wordpress\/plugins\/seo\/ -->\n<title>Mejor \u00c9poca Para Visitar Camboya - Eviva Tour Vietnam<\/title>\n<meta name=\"description\" content=\"Desde que lleg\u00f3 a esta publicaci\u00f3n, apostamos a que tambi\u00e9n tuvo una pregunta: &quot;\u00bfCu\u00e1ndo es la mejor \u00e9poca para visitar Camboya?&quot;\" \/>\n<meta name=\"robots\" content=\"index, follow, max-snippet:-1, max-image-preview:large, max-video-preview:-1\" \/>\n<link rel=\"canonical\" href=\"https:\/\/evivatour.com\/es\/camboya\/mejor-epoca-para-visitar-camboya\/\" \/>\n<meta property=\"og:locale\" content=\"en_US\" \/>\n<meta property=\"og:type\" content=\"article\" \/>\n<meta property=\"og:title\" content=\"Mejor \u00c9poca Para Visitar Camboya - Eviva Tour Vietnam\" \/>\n<meta property=\"og:description\" content=\"Desde que lleg\u00f3 a esta publicaci\u00f3n, apostamos a que tambi\u00e9n tuvo una pregunta: &quot;\u00bfCu\u00e1ndo es la mejor \u00e9poca para visitar Camboya?&quot;\" \/>\n<meta property=\"og:url\" content=\"https:\/\/evivatour.com\/es\/camboya\/mejor-epoca-para-visitar-camboya\/\" \/>\n<meta property=\"og:site_name\" content=\"Eviva Tour\" \/>\n<meta property=\"article:modified_time\" content=\"2024-01-19T02:33:49+00:00\" \/>\n<meta name=\"twitter:card\" content=\"summary_large_image\" \/>\n<meta name=\"twitter:label1\" content=\"Est. reading time\" \/>\n\t<meta name=\"twitter:data1\" content=\"6 minutes\" \/>\n<script type=\"application\/ld+json\" class=\"yoast-schema-graph\">{\"@context\":\"https:\/\/schema.org\",\"@graph\":[{\"@type\":\"WebPage\",\"@id\":\"https:\/\/evivatour.com\/es\/camboya\/mejor-epoca-para-visitar-camboya\/\",\"url\":\"https:\/\/evivatour.com\/es\/camboya\/mejor-epoca-para-visitar-camboya\/\",\"name\":\"Mejor \u00c9poca Para Visitar Camboya - Eviva Tour Vietnam\",\"isPartOf\":{\"@id\":\"https:\/\/evivatour.com\/es\/#website\"},\"datePublished\":\"2021-08-20T02:54:35+00:00\",\"dateModified\":\"2024-01-19T02:33:49+00:00\",\"description\":\"Desde que lleg\u00f3 a esta publicaci\u00f3n, apostamos a que tambi\u00e9n tuvo una pregunta: \\\"\u00bfCu\u00e1ndo es la mejor \u00e9poca para visitar Camboya?\\\"\",\"breadcrumb\":{\"@id\":\"https:\/\/evivatour.com\/es\/camboya\/mejor-epoca-para-visitar-camboya\/#breadcrumb\"},\"inLanguage\":\"en-US\",\"potentialAction\":[{\"@type\":\"ReadAction\",\"target\":[\"https:\/\/evivatour.com\/es\/camboya\/mejor-epoca-para-visitar-camboya\/\"]}]},{\"@type\":\"BreadcrumbList\",\"@id\":\"https:\/\/evivatour.com\/es\/camboya\/mejor-epoca-para-visitar-camboya\/#breadcrumb\",\"itemListElement\":[{\"@type\":\"ListItem\",\"position\":1,\"name\":\"Home\",\"item\":\"https:\/\/evivatour.com\/es\/\"},{\"@type\":\"ListItem\",\"position\":2,\"name\":\"Paquetes de Tur\u00edsticos a Camboya 2026\",\"item\":\"https:\/\/evivatour.com\/es\/camboya\/\"},{\"@type\":\"ListItem\",\"position\":3,\"name\":\"Mejor \u00c9poca Para Visitar Camboya\"}]},{\"@type\":\"WebSite\",\"@id\":\"https:\/\/evivatour.com\/es\/#website\",\"url\":\"https:\/\/evivatour.com\/es\/\",\"name\":\"Eviva Tour\",\"description\":\"Smile every mile\",\"publisher\":{\"@id\":\"https:\/\/evivatour.com\/es\/#organization\"},\"potentialAction\":[{\"@type\":\"SearchAction\",\"target\":{\"@type\":\"EntryPoint\",\"urlTemplate\":\"https:\/\/evivatour.com\/es\/?s={search_term_string}\"},\"query-input\":{\"@type\":\"PropertyValueSpecification\",\"valueRequired\":true,\"valueName\":\"search_term_string\"}}],\"inLanguage\":\"en-US\"},{\"@type\":\"Organization\",\"@id\":\"https:\/\/evivatour.com\/es\/#organization\",\"name\":\"Eviva Tour\",\"url\":\"https:\/\/evivatour.com\/es\/\",\"logo\":{\"@type\":\"ImageObject\",\"inLanguage\":\"en-US\",\"@id\":\"https:\/\/evivatour.com\/es\/#\/schema\/logo\/image\/\",\"url\":\"https:\/\/evivatour.com\/es\/wp-content\/uploads\/2021\/08\/cropped-eviva-tour-vietnam.png\",\"contentUrl\":\"https:\/\/evivatour.com\/es\/wp-content\/uploads\/2021\/08\/cropped-eviva-tour-vietnam.png\",\"width\":280,\"height\":185,\"caption\":\"Eviva Tour\"},\"image\":{\"@id\":\"https:\/\/evivatour.com\/es\/#\/schema\/logo\/image\/\"}}]}<\/script>\n<!-- \/ Yoast SEO plugin. -->","yoast_head_json":{"title":"Mejor \u00c9poca Para Visitar Camboya - Eviva Tour Vietnam","description":"Desde que lleg\u00f3 a esta publicaci\u00f3n, apostamos a que tambi\u00e9n tuvo una pregunta: \"\u00bfCu\u00e1ndo es la mejor \u00e9poca para visitar Camboya?\"","robots":{"index":"index","follow":"follow","max-snippet":"max-snippet:-1","max-image-preview":"max-image-preview:large","max-video-preview":"max-video-preview:-1"},"canonical":"https:\/\/evivatour.com\/es\/camboya\/mejor-epoca-para-visitar-camboya\/","og_locale":"en_US","og_type":"article","og_title":"Mejor \u00c9poca Para Visitar Camboya - Eviva Tour Vietnam","og_description":"Desde que lleg\u00f3 a esta publicaci\u00f3n, apostamos a que tambi\u00e9n tuvo una pregunta: \"\u00bfCu\u00e1ndo es la mejor \u00e9poca para visitar Camboya?\"","og_url":"https:\/\/evivatour.com\/es\/camboya\/mejor-epoca-para-visitar-camboya\/","og_site_name":"Eviva Tour","article_modified_time":"2024-01-19T02:33:49+00:00","twitter_card":"summary_large_image","twitter_misc":{"Est. reading time":"6 minutes"},"schema":{"@context":"https:\/\/schema.org","@graph":[{"@type":"WebPage","@id":"https:\/\/evivatour.com\/es\/camboya\/mejor-epoca-para-visitar-camboya\/","url":"https:\/\/evivatour.com\/es\/camboya\/mejor-epoca-para-visitar-camboya\/","name":"Mejor \u00c9poca Para Visitar Camboya - Eviva Tour Vietnam","isPartOf":{"@id":"https:\/\/evivatour.com\/es\/#website"},"datePublished":"2021-08-20T02:54:35+00:00","dateModified":"2024-01-19T02:33:49+00:00","description":"Desde que lleg\u00f3 a esta publicaci\u00f3n, apostamos a que tambi\u00e9n tuvo una pregunta: \"\u00bfCu\u00e1ndo es la mejor \u00e9poca para visitar Camboya?\"","breadcrumb":{"@id":"https:\/\/evivatour.com\/es\/camboya\/mejor-epoca-para-visitar-camboya\/#breadcrumb"},"inLanguage":"en-US","potentialAction":[{"@type":"ReadAction","target":["https:\/\/evivatour.com\/es\/camboya\/mejor-epoca-para-visitar-camboya\/"]}]},{"@type":"BreadcrumbList","@id":"https:\/\/evivatour.com\/es\/camboya\/mejor-epoca-para-visitar-camboya\/#breadcrumb","itemListElement":[{"@type":"ListItem","position":1,"name":"Home","item":"https:\/\/evivatour.com\/es\/"},{"@type":"ListItem","position":2,"name":"Paquetes de Tur\u00edsticos a Camboya 2026","item":"https:\/\/evivatour.com\/es\/camboya\/"},{"@type":"ListItem","position":3,"name":"Mejor \u00c9poca Para Visitar Camboya"}]},{"@type":"WebSite","@id":"https:\/\/evivatour.com\/es\/#website","url":"https:\/\/evivatour.com\/es\/","name":"Eviva Tour","description":"Smile every mile","publisher":{"@id":"https:\/\/evivatour.com\/es\/#organization"},"potentialAction":[{"@type":"SearchAction","target":{"@type":"EntryPoint","urlTemplate":"https:\/\/evivatour.com\/es\/?s={search_term_string}"},"query-input":{"@type":"PropertyValueSpecification","valueRequired":true,"valueName":"search_term_string"}}],"inLanguage":"en-US"},{"@type":"Organization","@id":"https:\/\/evivatour.com\/es\/#organization","name":"Eviva Tour","url":"https:\/\/evivatour.com\/es\/","logo":{"@type":"ImageObject","inLanguage":"en-US","@id":"https:\/\/evivatour.com\/es\/#\/schema\/logo\/image\/","url":"https:\/\/evivatour.com\/es\/wp-content\/uploads\/2021\/08\/cropped-eviva-tour-vietnam.png","contentUrl":"https:\/\/evivatour.com\/es\/wp-content\/uploads\/2021\/08\/cropped-eviva-tour-vietnam.png","width":280,"height":185,"caption":"Eviva Tour"},"image":{"@id":"https:\/\/evivatour.com\/es\/#\/schema\/logo\/image\/"}}]}},"_links":{"self":[{"href":"https:\/\/evivatour.com\/es\/wp-json\/wp\/v2\/pages\/8214","targetHints":{"allow":["GET"]}}],"collection":[{"href":"https:\/\/evivatour.com\/es\/wp-json\/wp\/v2\/pages"}],"about":[{"href":"https:\/\/evivatour.com\/es\/wp-json\/wp\/v2\/types\/page"}],"author":[{"embeddable":true,"href":"https:\/\/evivatour.com\/es\/wp-json\/wp\/v2\/users\/1"}],"replies":[{"embeddable":true,"href":"https:\/\/evivatour.com\/es\/wp-json\/wp\/v2\/comments?post=8214"}],"version-history":[{"count":16,"href":"https:\/\/evivatour.com\/es\/wp-json\/wp\/v2\/pages\/8214\/revisions"}],"predecessor-version":[{"id":17728,"href":"https:\/\/evivatour.com\/es\/wp-json\/wp\/v2\/pages\/8214\/revisions\/17728"}],"up":[{"embeddable":true,"href":"https:\/\/evivatour.com\/es\/wp-json\/wp\/v2\/pages\/8211"}],"wp:attachment":[{"href":"https:\/\/evivatour.com\/es\/wp-json\/wp\/v2\/media?parent=8214"}],"curies":[{"name":"wp","href":"https:\/\/api.w.org\/{rel}","templated":true}]}}