{"id":8244,"date":"2021-08-23T10:04:52","date_gmt":"2021-08-23T03:04:52","guid":{"rendered":"http:\/\/evivatour.com\/?page_id=8244"},"modified":"2026-02-03T11:03:33","modified_gmt":"2026-02-03T04:03:33","slug":"myanmar","status":"publish","type":"page","link":"https:\/\/evivatour.com\/es\/myanmar\/","title":{"rendered":"Paquetes Tur\u00edsticos de Myanmar 2026"},"content":{"rendered":"\t\t<div data-elementor-type=\"wp-page\" data-elementor-id=\"8244\" class=\"elementor elementor-8244\" data-elementor-post-type=\"page\">\n\t\t\t\t\t\t<section class=\"elementor-section elementor-top-section elementor-element elementor-element-9874e37 elementor-section-full_width elementor-section-height-default elementor-section-height-default\" data-id=\"9874e37\" data-element_type=\"section\">\n\t\t\t\t\t\t<div class=\"elementor-container elementor-column-gap-default\">\n\t\t\t\t\t<div class=\"elementor-column elementor-col-100 elementor-top-column elementor-element elementor-element-d01ef93\" data-id=\"d01ef93\" data-element_type=\"column\">\n\t\t\t<div class=\"elementor-widget-wrap elementor-element-populated\">\n\t\t\t\t\t\t<div class=\"elementor-element elementor-element-2927a6c elementor-widget elementor-widget-text-editor\" data-id=\"2927a6c\" data-element_type=\"widget\" data-widget_type=\"text-editor.default\">\n\t\t\t\t<div class=\"elementor-widget-container\">\n\t\t\t<style>\/*! elementor - v3.20.0 - 13-03-2024 *\/\n.elementor-widget-text-editor.elementor-drop-cap-view-stacked .elementor-drop-cap{background-color:#69727d;color:#fff}.elementor-widget-text-editor.elementor-drop-cap-view-framed .elementor-drop-cap{color:#69727d;border:3px solid;background-color:transparent}.elementor-widget-text-editor:not(.elementor-drop-cap-view-default) .elementor-drop-cap{margin-top:8px}.elementor-widget-text-editor:not(.elementor-drop-cap-view-default) .elementor-drop-cap-letter{width:1em;height:1em}.elementor-widget-text-editor .elementor-drop-cap{float:left;text-align:center;line-height:1;font-size:50px}.elementor-widget-text-editor .elementor-drop-cap-letter{display:inline-block}<\/style>\t\t\t\t<nav id=\"tours\" class=\"main-nav-top with-banner\">\n<div class=\"container\">\n<div class=\"main-nav-holder\">\n<div class=\"slide-nav js-slide-hidden\">\n<ul id=\"slide-nav-ul\">\n \t<li class=\"active\"><a href=\"https:\/\/evivatour.com\/es\/myanmar\/\">Viaje Myanmar<\/a><\/li>\n \t<li><a href=\"https:\/\/evivatour.com\/es\/myanmar\/guia-de-viajes-myanmar\/\">Gu\u00eda de Viajes Myanmar<\/a><\/li>\n \t<li><a href=\"https:\/\/evivatour.com\/es\/myanmar\/mejor-epoca-para-visitar-myanmar\/\">Mejor \u00c9poca Para Visitar Myanmar<\/a><\/li>\n<\/ul>\n<\/div>\n<\/div>\n<\/div>\n<\/nav>\t\t\t\t\t\t<\/div>\n\t\t\t\t<\/div>\n\t\t\t\t\t<\/div>\n\t\t<\/div>\n\t\t\t\t\t<\/div>\n\t\t<\/section>\n\t\t\t\t<section class=\"elementor-section elementor-top-section elementor-element elementor-element-c01d4c3 elementor-section-boxed elementor-section-height-default elementor-section-height-default\" data-id=\"c01d4c3\" data-element_type=\"section\">\n\t\t\t\t\t\t<div class=\"elementor-container elementor-column-gap-default\">\n\t\t\t\t\t<div class=\"elementor-column elementor-col-100 elementor-top-column elementor-element elementor-element-d26fef5\" data-id=\"d26fef5\" data-element_type=\"column\">\n\t\t\t<div class=\"elementor-widget-wrap elementor-element-populated\">\n\t\t\t\t\t\t<div class=\"elementor-element elementor-element-0615542 elementor-widget elementor-widget-text-editor\" data-id=\"0615542\" data-element_type=\"widget\" data-widget_type=\"text-editor.default\">\n\t\t\t\t<div class=\"elementor-widget-container\">\n\t\t\t\t\t\t\t<p>A diferencia de cualquier otro lugar de Asia, Birmania, tambi\u00e9n conocida como Myanmar, es incre\u00edblemente rica en historia y cultura, hasta el punto de que se la ha llamado la &#8220;Tierra Dorada de Asia&#8221;.<\/p><p>Myanmar es un lugar que alberga muchas posibilidades para visitar. Puede pasear por vastos paisajes salpicados de antiguos templos budistas, pagodas y estupas o visitar ciudades vibrantes con hermosos parques, museos extraordinarios y conocer gente amable y c\u00e1lida.<\/p><p>Nuestra selecci\u00f3n de <a href=\"https:\/\/evivatour.com\/es\/myanmar\/\">tours en Myanmar<\/a> est\u00e1 cuidadosamente elaborada por un equipo de expertos para brindarle lo mejor de Myanmar. Deje que nuestros consultores le ayuden a personalizar su viaje a Myanmar.<\/p>\t\t\t\t\t\t<\/div>\n\t\t\t\t<\/div>\n\t\t\t\t<div class=\"elementor-element elementor-element-2c99101 elementor-widget-divider--view-line elementor-widget elementor-widget-divider\" data-id=\"2c99101\" data-element_type=\"widget\" data-widget_type=\"divider.default\">\n\t\t\t\t<div class=\"elementor-widget-container\">\n\t\t\t<style>\/*! elementor - v3.20.0 - 13-03-2024 *\/\n.elementor-widget-divider{--divider-border-style:none;--divider-border-width:1px;--divider-color:#0c0d0e;--divider-icon-size:20px;--divider-element-spacing:10px;--divider-pattern-height:24px;--divider-pattern-size:20px;--divider-pattern-url:none;--divider-pattern-repeat:repeat-x}.elementor-widget-divider .elementor-divider{display:flex}.elementor-widget-divider .elementor-divider__text{font-size:15px;line-height:1;max-width:95%}.elementor-widget-divider .elementor-divider__element{margin:0 var(--divider-element-spacing);flex-shrink:0}.elementor-widget-divider .elementor-icon{font-size:var(--divider-icon-size)}.elementor-widget-divider .elementor-divider-separator{display:flex;margin:0;direction:ltr}.elementor-widget-divider--view-line_icon .elementor-divider-separator,.elementor-widget-divider--view-line_text .elementor-divider-separator{align-items:center}.elementor-widget-divider--view-line_icon .elementor-divider-separator:after,.elementor-widget-divider--view-line_icon .elementor-divider-separator:before,.elementor-widget-divider--view-line_text .elementor-divider-separator:after,.elementor-widget-divider--view-line_text .elementor-divider-separator:before{display:block;content:\"\";border-block-end:0;flex-grow:1;border-block-start:var(--divider-border-width) var(--divider-border-style) var(--divider-color)}.elementor-widget-divider--element-align-left .elementor-divider .elementor-divider-separator>.elementor-divider__svg:first-of-type{flex-grow:0;flex-shrink:100}.elementor-widget-divider--element-align-left .elementor-divider-separator:before{content:none}.elementor-widget-divider--element-align-left .elementor-divider__element{margin-left:0}.elementor-widget-divider--element-align-right .elementor-divider .elementor-divider-separator>.elementor-divider__svg:last-of-type{flex-grow:0;flex-shrink:100}.elementor-widget-divider--element-align-right .elementor-divider-separator:after{content:none}.elementor-widget-divider--element-align-right .elementor-divider__element{margin-right:0}.elementor-widget-divider--element-align-start .elementor-divider .elementor-divider-separator>.elementor-divider__svg:first-of-type{flex-grow:0;flex-shrink:100}.elementor-widget-divider--element-align-start .elementor-divider-separator:before{content:none}.elementor-widget-divider--element-align-start .elementor-divider__element{margin-inline-start:0}.elementor-widget-divider--element-align-end .elementor-divider .elementor-divider-separator>.elementor-divider__svg:last-of-type{flex-grow:0;flex-shrink:100}.elementor-widget-divider--element-align-end .elementor-divider-separator:after{content:none}.elementor-widget-divider--element-align-end .elementor-divider__element{margin-inline-end:0}.elementor-widget-divider:not(.elementor-widget-divider--view-line_text):not(.elementor-widget-divider--view-line_icon) .elementor-divider-separator{border-block-start:var(--divider-border-width) var(--divider-border-style) var(--divider-color)}.elementor-widget-divider--separator-type-pattern{--divider-border-style:none}.elementor-widget-divider--separator-type-pattern.elementor-widget-divider--view-line .elementor-divider-separator,.elementor-widget-divider--separator-type-pattern:not(.elementor-widget-divider--view-line) .elementor-divider-separator:after,.elementor-widget-divider--separator-type-pattern:not(.elementor-widget-divider--view-line) .elementor-divider-separator:before,.elementor-widget-divider--separator-type-pattern:not([class*=elementor-widget-divider--view]) .elementor-divider-separator{width:100%;min-height:var(--divider-pattern-height);-webkit-mask-size:var(--divider-pattern-size) 100%;mask-size:var(--divider-pattern-size) 100%;-webkit-mask-repeat:var(--divider-pattern-repeat);mask-repeat:var(--divider-pattern-repeat);background-color:var(--divider-color);-webkit-mask-image:var(--divider-pattern-url);mask-image:var(--divider-pattern-url)}.elementor-widget-divider--no-spacing{--divider-pattern-size:auto}.elementor-widget-divider--bg-round{--divider-pattern-repeat:round}.rtl .elementor-widget-divider .elementor-divider__text{direction:rtl}.e-con-inner>.elementor-widget-divider,.e-con>.elementor-widget-divider{width:var(--container-widget-width,100%);--flex-grow:var(--container-widget-flex-grow)}<\/style>\t\t<div class=\"elementor-divider\">\n\t\t\t<span class=\"elementor-divider-separator\">\n\t\t\t\t\t\t<\/span>\n\t\t<\/div>\n\t\t\t\t<\/div>\n\t\t\t\t<\/div>\n\t\t\t\t\t<\/div>\n\t\t<\/div>\n\t\t\t\t\t<\/div>\n\t\t<\/section>\n\t\t\t\t<section class=\"elementor-section elementor-top-section elementor-element elementor-element-bc671b1 elementor-section-boxed elementor-section-height-default elementor-section-height-default\" data-id=\"bc671b1\" data-element_type=\"section\">\n\t\t\t\t\t\t<div class=\"elementor-container elementor-column-gap-default\">\n\t\t\t\t\t<div class=\"elementor-column elementor-col-100 elementor-top-column elementor-element elementor-element-9b194f2\" data-id=\"9b194f2\" data-element_type=\"column\">\n\t\t\t<div class=\"elementor-widget-wrap elementor-element-populated\">\n\t\t\t\t\t\t<div class=\"elementor-element elementor-element-52796be arrow-style-1 elementor-widget elementor-widget-babe-all-items\" data-id=\"52796be\" data-element_type=\"widget\" data-widget_type=\"babe-all-items.default\">\n\t\t\t\t<div class=\"elementor-widget-container\">\n\t\t\t<div data-elementor-columns=\"3\" data-elementor-columns-tablet=\"2\" data-elementor-columns-mobile=\"1\">\n\t\t\t\t<div class=\"babe_shortcode_block sc_all_items \">\n\t\t\t\t\t<div class=\"babe_shortcode_block_bg_inner\">\n\t\t\t\t\t\t<div class=\"babe_shortcode_block_inner\">\n\t\t\t\t\t\t\t\n\t\t\t\t\t\t<\/div>\n\t\t\t\t\t\t\n\t\t\t\t\t<\/div>\n\t\t\t\t<\/div>\n\t\t\t<\/div>\t\t<\/div>\n\t\t\t\t<\/div>\n\t\t\t\t\t<\/div>\n\t\t<\/div>\n\t\t\t\t\t<\/div>\n\t\t<\/section>\n\t\t\t\t<section class=\"elementor-section elementor-top-section elementor-element elementor-element-789228c elementor-section-boxed elementor-section-height-default elementor-section-height-default\" data-id=\"789228c\" data-element_type=\"section\">\n\t\t\t\t\t\t<div class=\"elementor-container elementor-column-gap-default\">\n\t\t\t\t\t<div class=\"elementor-column elementor-col-100 elementor-top-column elementor-element elementor-element-a06c196\" data-id=\"a06c196\" data-element_type=\"column\">\n\t\t\t<div class=\"elementor-widget-wrap elementor-element-populated\">\n\t\t\t\t\t\t<div class=\"elementor-element elementor-element-c7d1783 elementor-widget elementor-widget-text-editor\" data-id=\"c7d1783\" data-element_type=\"widget\" data-widget_type=\"text-editor.default\">\n\t\t\t\t<div class=\"elementor-widget-container\">\n\t\t\t\t\t\t\t<h2>Crea tu viaje a Myanmar a medida<\/h2>\n<p style=\"font-size: 18px;\">\u00bfViajas a Myanmar? Charle con un especialista en viajes local en Myanmar, que podr\u00e1 ayudarte a organizar tu viaje.<\/p>\t\t\t\t\t\t<\/div>\n\t\t\t\t<\/div>\n\t\t\t\t<div class=\"elementor-element elementor-element-181f44f elementor-align-center elementor-widget elementor-widget-button\" data-id=\"181f44f\" data-element_type=\"widget\" data-widget_type=\"button.default\">\n\t\t\t\t<div class=\"elementor-widget-container\">\n\t\t\t\t\t<div class=\"elementor-button-wrapper\">\n\t\t\t<a class=\"elementor-button elementor-button-link elementor-size-sm\" href=\"https:\/\/evivatour.com\/es\/solicitar-tour-privado\/\">\n\t\t\t\t\t\t<span class=\"elementor-button-content-wrapper\">\n\t\t\t\t\t\t<span class=\"elementor-button-text\">COMIENZA AQU\u00cd<\/span>\n\t\t<\/span>\n\t\t\t\t\t<\/a>\n\t\t<\/div>\n\t\t\t\t<\/div>\n\t\t\t\t<\/div>\n\t\t\t\t\t<\/div>\n\t\t<\/div>\n\t\t\t\t\t<\/div>\n\t\t<\/section>\n\t\t\t\t<\/div>\n\t\t","protected":false},"excerpt":{"rendered":"<p>Viaje Myanmar Gu\u00eda de Viajes Myanmar Mejor \u00c9poca Para Visitar Myanmar A diferencia de cualquier otro lugar de Asia, Birmania, tambi\u00e9n conocida como Myanmar, es incre\u00edblemente rica en historia y cultura, hasta el punto de que se la ha llamado la &#8220;Tierra Dorada de Asia&#8221;. Myanmar es un lugar que alberga muchas posibilidades para visitar. [&hellip;]<\/p>\n","protected":false},"author":1,"featured_media":0,"parent":0,"menu_order":0,"comment_status":"closed","ping_status":"closed","template":"","meta":{"inline_featured_image":false,"footnotes":""},"class_list":["post-8244","page","type-page","status-publish","hentry"],"yoast_head":"<!-- This site is optimized with the Yoast SEO plugin v24.7 - https:\/\/yoast.com\/wordpress\/plugins\/seo\/ -->\n<title>Paquetes Tur\u00edsticos de Myanmar 2026 - Eviva Tour<\/title>\n<meta name=\"description\" content=\"Reserve su recorrido por Myanmar para explorar ciudades fascinantes, paisajes impresionantes y templos sagrados. Lista de paquetes tur\u00edsticos de Myanmar 2026 para su viaje.\" \/>\n<meta name=\"robots\" content=\"index, follow, max-snippet:-1, max-image-preview:large, max-video-preview:-1\" \/>\n<link rel=\"canonical\" href=\"https:\/\/evivatour.com\/es\/myanmar\/\" \/>\n<meta property=\"og:locale\" content=\"en_US\" \/>\n<meta property=\"og:type\" content=\"article\" \/>\n<meta property=\"og:title\" content=\"Paquetes Tur\u00edsticos de Myanmar 2026 - Eviva Tour\" \/>\n<meta property=\"og:description\" content=\"Reserve su recorrido por Myanmar para explorar ciudades fascinantes, paisajes impresionantes y templos sagrados. Lista de paquetes tur\u00edsticos de Myanmar 2026 para su viaje.\" \/>\n<meta property=\"og:url\" content=\"https:\/\/evivatour.com\/es\/myanmar\/\" \/>\n<meta property=\"og:site_name\" content=\"Eviva Tour\" \/>\n<meta property=\"article:modified_time\" content=\"2026-02-03T04:03:33+00:00\" \/>\n<meta name=\"twitter:card\" content=\"summary_large_image\" \/>\n<meta name=\"twitter:label1\" content=\"Est. reading time\" \/>\n\t<meta name=\"twitter:data1\" content=\"1 minute\" \/>\n<script type=\"application\/ld+json\" class=\"yoast-schema-graph\">{\"@context\":\"https:\/\/schema.org\",\"@graph\":[{\"@type\":\"WebPage\",\"@id\":\"https:\/\/evivatour.com\/es\/myanmar\/\",\"url\":\"https:\/\/evivatour.com\/es\/myanmar\/\",\"name\":\"Paquetes Tur\u00edsticos de Myanmar 2026 - Eviva Tour\",\"isPartOf\":{\"@id\":\"https:\/\/evivatour.com\/es\/#website\"},\"datePublished\":\"2021-08-23T03:04:52+00:00\",\"dateModified\":\"2026-02-03T04:03:33+00:00\",\"description\":\"Reserve su recorrido por Myanmar para explorar ciudades fascinantes, paisajes impresionantes y templos sagrados. Lista de paquetes tur\u00edsticos de Myanmar 2026 para su viaje.\",\"breadcrumb\":{\"@id\":\"https:\/\/evivatour.com\/es\/myanmar\/#breadcrumb\"},\"inLanguage\":\"en-US\",\"potentialAction\":[{\"@type\":\"ReadAction\",\"target\":[\"https:\/\/evivatour.com\/es\/myanmar\/\"]}]},{\"@type\":\"BreadcrumbList\",\"@id\":\"https:\/\/evivatour.com\/es\/myanmar\/#breadcrumb\",\"itemListElement\":[{\"@type\":\"ListItem\",\"position\":1,\"name\":\"Home\",\"item\":\"https:\/\/evivatour.com\/es\/\"},{\"@type\":\"ListItem\",\"position\":2,\"name\":\"Paquetes Tur\u00edsticos de Myanmar 2026\"}]},{\"@type\":\"WebSite\",\"@id\":\"https:\/\/evivatour.com\/es\/#website\",\"url\":\"https:\/\/evivatour.com\/es\/\",\"name\":\"Eviva Tour\",\"description\":\"Smile every mile\",\"publisher\":{\"@id\":\"https:\/\/evivatour.com\/es\/#organization\"},\"potentialAction\":[{\"@type\":\"SearchAction\",\"target\":{\"@type\":\"EntryPoint\",\"urlTemplate\":\"https:\/\/evivatour.com\/es\/?s={search_term_string}\"},\"query-input\":{\"@type\":\"PropertyValueSpecification\",\"valueRequired\":true,\"valueName\":\"search_term_string\"}}],\"inLanguage\":\"en-US\"},{\"@type\":\"Organization\",\"@id\":\"https:\/\/evivatour.com\/es\/#organization\",\"name\":\"Eviva Tour\",\"url\":\"https:\/\/evivatour.com\/es\/\",\"logo\":{\"@type\":\"ImageObject\",\"inLanguage\":\"en-US\",\"@id\":\"https:\/\/evivatour.com\/es\/#\/schema\/logo\/image\/\",\"url\":\"https:\/\/evivatour.com\/es\/wp-content\/uploads\/2021\/08\/cropped-eviva-tour-vietnam.png\",\"contentUrl\":\"https:\/\/evivatour.com\/es\/wp-content\/uploads\/2021\/08\/cropped-eviva-tour-vietnam.png\",\"width\":280,\"height\":185,\"caption\":\"Eviva Tour\"},\"image\":{\"@id\":\"https:\/\/evivatour.com\/es\/#\/schema\/logo\/image\/\"}}]}<\/script>\n<!-- \/ Yoast SEO plugin. -->","yoast_head_json":{"title":"Paquetes Tur\u00edsticos de Myanmar 2026 - Eviva Tour","description":"Reserve su recorrido por Myanmar para explorar ciudades fascinantes, paisajes impresionantes y templos sagrados. Lista de paquetes tur\u00edsticos de Myanmar 2026 para su viaje.","robots":{"index":"index","follow":"follow","max-snippet":"max-snippet:-1","max-image-preview":"max-image-preview:large","max-video-preview":"max-video-preview:-1"},"canonical":"https:\/\/evivatour.com\/es\/myanmar\/","og_locale":"en_US","og_type":"article","og_title":"Paquetes Tur\u00edsticos de Myanmar 2026 - Eviva Tour","og_description":"Reserve su recorrido por Myanmar para explorar ciudades fascinantes, paisajes impresionantes y templos sagrados. Lista de paquetes tur\u00edsticos de Myanmar 2026 para su viaje.","og_url":"https:\/\/evivatour.com\/es\/myanmar\/","og_site_name":"Eviva Tour","article_modified_time":"2026-02-03T04:03:33+00:00","twitter_card":"summary_large_image","twitter_misc":{"Est. reading time":"1 minute"},"schema":{"@context":"https:\/\/schema.org","@graph":[{"@type":"WebPage","@id":"https:\/\/evivatour.com\/es\/myanmar\/","url":"https:\/\/evivatour.com\/es\/myanmar\/","name":"Paquetes Tur\u00edsticos de Myanmar 2026 - Eviva Tour","isPartOf":{"@id":"https:\/\/evivatour.com\/es\/#website"},"datePublished":"2021-08-23T03:04:52+00:00","dateModified":"2026-02-03T04:03:33+00:00","description":"Reserve su recorrido por Myanmar para explorar ciudades fascinantes, paisajes impresionantes y templos sagrados. Lista de paquetes tur\u00edsticos de Myanmar 2026 para su viaje.","breadcrumb":{"@id":"https:\/\/evivatour.com\/es\/myanmar\/#breadcrumb"},"inLanguage":"en-US","potentialAction":[{"@type":"ReadAction","target":["https:\/\/evivatour.com\/es\/myanmar\/"]}]},{"@type":"BreadcrumbList","@id":"https:\/\/evivatour.com\/es\/myanmar\/#breadcrumb","itemListElement":[{"@type":"ListItem","position":1,"name":"Home","item":"https:\/\/evivatour.com\/es\/"},{"@type":"ListItem","position":2,"name":"Paquetes Tur\u00edsticos de Myanmar 2026"}]},{"@type":"WebSite","@id":"https:\/\/evivatour.com\/es\/#website","url":"https:\/\/evivatour.com\/es\/","name":"Eviva Tour","description":"Smile every mile","publisher":{"@id":"https:\/\/evivatour.com\/es\/#organization"},"potentialAction":[{"@type":"SearchAction","target":{"@type":"EntryPoint","urlTemplate":"https:\/\/evivatour.com\/es\/?s={search_term_string}"},"query-input":{"@type":"PropertyValueSpecification","valueRequired":true,"valueName":"search_term_string"}}],"inLanguage":"en-US"},{"@type":"Organization","@id":"https:\/\/evivatour.com\/es\/#organization","name":"Eviva Tour","url":"https:\/\/evivatour.com\/es\/","logo":{"@type":"ImageObject","inLanguage":"en-US","@id":"https:\/\/evivatour.com\/es\/#\/schema\/logo\/image\/","url":"https:\/\/evivatour.com\/es\/wp-content\/uploads\/2021\/08\/cropped-eviva-tour-vietnam.png","contentUrl":"https:\/\/evivatour.com\/es\/wp-content\/uploads\/2021\/08\/cropped-eviva-tour-vietnam.png","width":280,"height":185,"caption":"Eviva Tour"},"image":{"@id":"https:\/\/evivatour.com\/es\/#\/schema\/logo\/image\/"}}]}},"_links":{"self":[{"href":"https:\/\/evivatour.com\/es\/wp-json\/wp\/v2\/pages\/8244","targetHints":{"allow":["GET"]}}],"collection":[{"href":"https:\/\/evivatour.com\/es\/wp-json\/wp\/v2\/pages"}],"about":[{"href":"https:\/\/evivatour.com\/es\/wp-json\/wp\/v2\/types\/page"}],"author":[{"embeddable":true,"href":"https:\/\/evivatour.com\/es\/wp-json\/wp\/v2\/users\/1"}],"replies":[{"embeddable":true,"href":"https:\/\/evivatour.com\/es\/wp-json\/wp\/v2\/comments?post=8244"}],"version-history":[{"count":3,"href":"https:\/\/evivatour.com\/es\/wp-json\/wp\/v2\/pages\/8244\/revisions"}],"predecessor-version":[{"id":17864,"href":"https:\/\/evivatour.com\/es\/wp-json\/wp\/v2\/pages\/8244\/revisions\/17864"}],"wp:attachment":[{"href":"https:\/\/evivatour.com\/es\/wp-json\/wp\/v2\/media?parent=8244"}],"curies":[{"name":"wp","href":"https:\/\/api.w.org\/{rel}","templated":true}]}}