{"id":8250,"date":"2021-08-23T10:06:38","date_gmt":"2021-08-23T03:06:38","guid":{"rendered":"http:\/\/evivatour.com\/?page_id=8250"},"modified":"2024-01-19T11:39:21","modified_gmt":"2024-01-19T04:39:21","slug":"mejor-epoca-para-visitar-myanmar","status":"publish","type":"page","link":"https:\/\/evivatour.com\/es\/myanmar\/mejor-epoca-para-visitar-myanmar\/","title":{"rendered":"Mejor \u00c9poca Para Visitar Myanmar"},"content":{"rendered":"\t\t<div data-elementor-type=\"wp-page\" data-elementor-id=\"8250\" class=\"elementor elementor-8250\" data-elementor-post-type=\"page\">\n\t\t\t\t\t\t<section class=\"elementor-section elementor-top-section elementor-element elementor-element-9874e37 elementor-section-full_width elementor-section-height-default elementor-section-height-default\" data-id=\"9874e37\" data-element_type=\"section\">\n\t\t\t\t\t\t<div class=\"elementor-container elementor-column-gap-default\">\n\t\t\t\t\t<div class=\"elementor-column elementor-col-100 elementor-top-column elementor-element elementor-element-d01ef93\" data-id=\"d01ef93\" data-element_type=\"column\">\n\t\t\t<div class=\"elementor-widget-wrap elementor-element-populated\">\n\t\t\t\t\t\t<div class=\"elementor-element elementor-element-2927a6c elementor-widget elementor-widget-text-editor\" data-id=\"2927a6c\" data-element_type=\"widget\" data-widget_type=\"text-editor.default\">\n\t\t\t\t<div class=\"elementor-widget-container\">\n\t\t\t<style>\/*! elementor - v3.20.0 - 13-03-2024 *\/\n.elementor-widget-text-editor.elementor-drop-cap-view-stacked .elementor-drop-cap{background-color:#69727d;color:#fff}.elementor-widget-text-editor.elementor-drop-cap-view-framed .elementor-drop-cap{color:#69727d;border:3px solid;background-color:transparent}.elementor-widget-text-editor:not(.elementor-drop-cap-view-default) .elementor-drop-cap{margin-top:8px}.elementor-widget-text-editor:not(.elementor-drop-cap-view-default) .elementor-drop-cap-letter{width:1em;height:1em}.elementor-widget-text-editor .elementor-drop-cap{float:left;text-align:center;line-height:1;font-size:50px}.elementor-widget-text-editor .elementor-drop-cap-letter{display:inline-block}<\/style>\t\t\t\t<nav id=\"tours\" class=\"main-nav-top with-banner\">\n<div class=\"container\">\n<div class=\"main-nav-holder\">\n<div class=\"slide-nav js-slide-hidden\">\n<ul id=\"slide-nav-ul\">\n \t<li><a href=\"https:\/\/evivatour.com\/es\/myanmar\/\">Viaje Myanmar<\/a><\/li>\n \t<li><a href=\"https:\/\/evivatour.com\/es\/myanmar\/guia-de-viajes-myanmar\/\">Gu\u00eda de Viajes Myanmar<\/a><\/li>\n \t<li class=\"active\"><a href=\"https:\/\/evivatour.com\/es\/myanmar\/mejor-epoca-para-visitar-myanmar\/\">Mejor \u00c9poca Para Visitar Myanmar<\/a><\/li>\n<\/ul>\n<\/div>\n<\/div>\n<\/div>\n<\/nav>\t\t\t\t\t\t<\/div>\n\t\t\t\t<\/div>\n\t\t\t\t\t<\/div>\n\t\t<\/div>\n\t\t\t\t\t<\/div>\n\t\t<\/section>\n\t\t\t\t<section class=\"elementor-section elementor-top-section elementor-element elementor-element-c01d4c3 elementor-section-boxed elementor-section-height-default elementor-section-height-default\" data-id=\"c01d4c3\" data-element_type=\"section\">\n\t\t\t\t\t\t<div class=\"elementor-container elementor-column-gap-default\">\n\t\t\t\t\t<div class=\"elementor-column elementor-col-100 elementor-top-column elementor-element elementor-element-d26fef5\" data-id=\"d26fef5\" data-element_type=\"column\">\n\t\t\t<div class=\"elementor-widget-wrap elementor-element-populated\">\n\t\t\t\t\t\t<div class=\"elementor-element elementor-element-0615542 elementor-widget elementor-widget-text-editor\" data-id=\"0615542\" data-element_type=\"widget\" data-widget_type=\"text-editor.default\">\n\t\t\t\t<div class=\"elementor-widget-container\">\n\t\t\t\t\t\t\t<p><strong>Estas informaciones ser\u00e1n \u00fatiles para comprender cu\u00e1ndo visitar Myanmar y elegir su gu\u00eda. La informaci\u00f3n incluye el clima, las temperaturas, las precipitaciones y los festivales.<\/strong><\/p><h2>EL CLIMA EN MYANMAR<\/h2><p>Como sabemos, la temperatura de un pa\u00eds est\u00e1 influenciada principalmente por la altitud y, por lo tanto, aunque el pa\u00eds sea generalmente c\u00e1lido durante todo el a\u00f1o, las zonas monta\u00f1osas e interiores son mucho m\u00e1s frescas en comparaci\u00f3n con las llanuras del sur y las regiones costeras. El clima de Myanmar sigue exactamente esta caracter\u00edstica.<\/p><p>Myanmar (anteriormente Birmania) tiene un sistema clim\u00e1tico t\u00edpicamente tropical con tres estaciones:<\/p><ul><li>Temporada caliente y seca (marzo &#8211; mayo): es el per\u00edodo m\u00e1s c\u00e1lido del a\u00f1o y las temperaturas pueden alcanzar hasta 40\u00b0C en Yangon y a\u00fan m\u00e1s en \u00e1reas alrededor de Bagan y Mandalay.<\/li><li>Temporada de lluvias (junio &#8211; octubre): la lluvia tiende a ser abundante durante la tarde y la noche, dejando las ma\u00f1anas soleadas. Mandalay y Bagan, ubicadas en el interior de Myanmar, son ciudades ideales para visitar durante esta temporada debido a la menor cantidad de lluvia.<\/li><li>Temporada fresca y seca (noviembre &#8211; febrero): menos lluviosa, con temperaturas suaves que oscilan entre 20\u00b0C y 26\u00b0C. Este es el mejor momento para visitar Myanmar cuando el clima es soleado y fresco.<\/li><\/ul><h2>FESTIVALES DE MYANMAR<\/h2><p>Las festividades tradicionales de Myanmar se basan en el calendario birmano tradicional y las fechas est\u00e1n en gran medida determinadas por las fases lunares.<\/p><h3>1. FESTIVALES NACIONALES<\/h3><p><strong>Thingyan &#8220;Festival del Agua&#8221; (abril)<\/strong><\/p><p>Se celebra a mediados de abril para conmemorar el inicio del a\u00f1o nuevo birmano con un festival de agua de 4 d\u00edas para purificar las malas acciones del a\u00f1o anterior. Debes llevar m\u00e1s ropa si est\u00e1s en Myanmar durante este festival, ya que seguramente te mojar\u00e1s al salir. Las personas de todo el pa\u00eds se re\u00fanen y visitan pagodas para rendir homenaje a los monjes. Desfiles tienen lugar en las calles de las principales ciudades como Yangon y Mandalay.<\/p><p><strong>Festival de riego de los \u00e1rboles de Kason Bo (mayo)<\/strong><\/p><p>Se celebra en el d\u00eda de luna llena para conmemorar el nacimiento, la iluminaci\u00f3n y la muerte de Gautama, el Se\u00f1or Buda. Las actividades t\u00edpicas incluyen el riego del \u00e1rbol de Bo, la recitaci\u00f3n de escrituras Pali o la migraci\u00f3n de peces\/tortugas desde estanques y lagos secos cercanos a lugares ricos en agua, etc.<\/p><p><strong>La fiesta de la ofrenda de t\u00fanicas de Waso (julio)<\/strong><\/p><p>La fiesta de la ordenaci\u00f3n de monjes comienza en el d\u00eda de luna llena de julio, marcando el inicio de los tres meses de retiro budista. A los monjes se les presentan t\u00fanicas para usar durante el retiro y no pueden viajar.<\/p><p><strong>Festival de las Luces (octubre)<\/strong><\/p><p>Se celebra en el d\u00eda de luna llena de octubre para marcar el final del per\u00edodo de retiro budista. Todas las casas y edificios se decoran con linternas, velas o bombillas el\u00e9ctricas. Algunas actividades tradicionales incluyen intercambios de regalos, gadaw (mostrar respeto a los ancianos present\u00e1ndoles formalmente regalos de comida o longyi) o visitas a la pagoda.<\/p><p><strong>Festival de Luces de Tazaungdaing (noviembre)<\/strong><\/p><p>Este festival tambi\u00e9n se celebra en el d\u00eda de luna llena de noviembre para conmemorar el final de la temporada de lluvias. Se ofrecen t\u00fanicas a los monjes y se realizan festividades para acumular m\u00e9ritos. En la Pagoda Shwedagon en Yangon, se lleva a cabo la competici\u00f3n de tejido durante toda la noche, donde los participantes intentar\u00e1n terminar de tejer las t\u00fanicas para el Buda antes del amanecer del d\u00eda siguiente.<\/p><h3>2. FIESTAS REGIONALES<\/h3><p><strong>Festival de la Pagoda Shwedagon &#8211; YANGON (marzo)<\/strong><\/p><p>Es el festival de pagoda m\u00e1s grande de Myanmar que se celebra en la Pagoda Shwedagon (Yangon), comenzando desde la luna nueva hasta la luna llena de marzo. Los monjes cantan sin parar todos los d\u00edas durante el festival. Se crean cientos de im\u00e1genes de Buda con agua, luz y flores en los suelos de la pagoda.<\/p><p><strong>Festival de la Pagoda Phaung Daw Oo &#8211; LAGO INLE (octubre)<\/strong><\/p><p>Es uno de los festivales budistas m\u00e1s grandes de Myanmar y se celebra en el lago Inle. El festival se lleva a cabo desde el primer d\u00eda de luna nueva hasta el tercer d\u00eda despu\u00e9s de la luna llena de octubre (18 d\u00edas). Cuatro estatuas de Buda son llevadas en procesi\u00f3n alrededor del lago en la balsa real. Durante el evento tambi\u00e9n se realizan competiciones de remo, lo que lo hace visualmente maravilloso.<\/p><p><strong>Festival Taung Byone Nat &#8211; MANDALAY (agosto)<\/strong><\/p><p>Es el festival Nat m\u00e1s grande de Myanmar y se celebra cada a\u00f1o en agosto. Los Nat, en las creencias de los ciudadanos de Myanmar, son seres supremos naturales. Se cree que traen buena suerte y prosperidad a sus seguidores, as\u00ed como peligro a aquellos que no los respetan.<\/p><p><strong>Festival de la Pagoda Shwezigon &#8211; BAGAN (noviembre)<\/strong><\/p><p>La Pagoda Shwezigon es una de las atracciones m\u00e1s imperdibles de Bagan. Este festival se lleva a cabo en noviembre, pero el d\u00eda m\u00e1s importante es el d\u00eda de luna llena. Hay entretenimientos para locales y visitantes, como Zats (un conjunto de bailes, canciones y actuaciones teatrales); Anyeints (una actuaci\u00f3n de algunas horas con algunas caricaturas sobre situaciones actuales y\/o personas vinculadas por un bailar\u00edn tradicional).<\/p>\t\t\t\t\t\t<\/div>\n\t\t\t\t<\/div>\n\t\t\t\t<div class=\"elementor-element elementor-element-2c99101 elementor-widget-divider--view-line elementor-widget elementor-widget-divider\" data-id=\"2c99101\" data-element_type=\"widget\" data-widget_type=\"divider.default\">\n\t\t\t\t<div class=\"elementor-widget-container\">\n\t\t\t<style>\/*! elementor - v3.20.0 - 13-03-2024 *\/\n.elementor-widget-divider{--divider-border-style:none;--divider-border-width:1px;--divider-color:#0c0d0e;--divider-icon-size:20px;--divider-element-spacing:10px;--divider-pattern-height:24px;--divider-pattern-size:20px;--divider-pattern-url:none;--divider-pattern-repeat:repeat-x}.elementor-widget-divider .elementor-divider{display:flex}.elementor-widget-divider .elementor-divider__text{font-size:15px;line-height:1;max-width:95%}.elementor-widget-divider .elementor-divider__element{margin:0 var(--divider-element-spacing);flex-shrink:0}.elementor-widget-divider .elementor-icon{font-size:var(--divider-icon-size)}.elementor-widget-divider .elementor-divider-separator{display:flex;margin:0;direction:ltr}.elementor-widget-divider--view-line_icon .elementor-divider-separator,.elementor-widget-divider--view-line_text .elementor-divider-separator{align-items:center}.elementor-widget-divider--view-line_icon .elementor-divider-separator:after,.elementor-widget-divider--view-line_icon .elementor-divider-separator:before,.elementor-widget-divider--view-line_text .elementor-divider-separator:after,.elementor-widget-divider--view-line_text .elementor-divider-separator:before{display:block;content:\"\";border-block-end:0;flex-grow:1;border-block-start:var(--divider-border-width) var(--divider-border-style) var(--divider-color)}.elementor-widget-divider--element-align-left .elementor-divider .elementor-divider-separator>.elementor-divider__svg:first-of-type{flex-grow:0;flex-shrink:100}.elementor-widget-divider--element-align-left .elementor-divider-separator:before{content:none}.elementor-widget-divider--element-align-left .elementor-divider__element{margin-left:0}.elementor-widget-divider--element-align-right .elementor-divider .elementor-divider-separator>.elementor-divider__svg:last-of-type{flex-grow:0;flex-shrink:100}.elementor-widget-divider--element-align-right .elementor-divider-separator:after{content:none}.elementor-widget-divider--element-align-right .elementor-divider__element{margin-right:0}.elementor-widget-divider--element-align-start .elementor-divider .elementor-divider-separator>.elementor-divider__svg:first-of-type{flex-grow:0;flex-shrink:100}.elementor-widget-divider--element-align-start .elementor-divider-separator:before{content:none}.elementor-widget-divider--element-align-start .elementor-divider__element{margin-inline-start:0}.elementor-widget-divider--element-align-end .elementor-divider .elementor-divider-separator>.elementor-divider__svg:last-of-type{flex-grow:0;flex-shrink:100}.elementor-widget-divider--element-align-end .elementor-divider-separator:after{content:none}.elementor-widget-divider--element-align-end .elementor-divider__element{margin-inline-end:0}.elementor-widget-divider:not(.elementor-widget-divider--view-line_text):not(.elementor-widget-divider--view-line_icon) .elementor-divider-separator{border-block-start:var(--divider-border-width) var(--divider-border-style) var(--divider-color)}.elementor-widget-divider--separator-type-pattern{--divider-border-style:none}.elementor-widget-divider--separator-type-pattern.elementor-widget-divider--view-line .elementor-divider-separator,.elementor-widget-divider--separator-type-pattern:not(.elementor-widget-divider--view-line) .elementor-divider-separator:after,.elementor-widget-divider--separator-type-pattern:not(.elementor-widget-divider--view-line) .elementor-divider-separator:before,.elementor-widget-divider--separator-type-pattern:not([class*=elementor-widget-divider--view]) .elementor-divider-separator{width:100%;min-height:var(--divider-pattern-height);-webkit-mask-size:var(--divider-pattern-size) 100%;mask-size:var(--divider-pattern-size) 100%;-webkit-mask-repeat:var(--divider-pattern-repeat);mask-repeat:var(--divider-pattern-repeat);background-color:var(--divider-color);-webkit-mask-image:var(--divider-pattern-url);mask-image:var(--divider-pattern-url)}.elementor-widget-divider--no-spacing{--divider-pattern-size:auto}.elementor-widget-divider--bg-round{--divider-pattern-repeat:round}.rtl .elementor-widget-divider .elementor-divider__text{direction:rtl}.e-con-inner>.elementor-widget-divider,.e-con>.elementor-widget-divider{width:var(--container-widget-width,100%);--flex-grow:var(--container-widget-flex-grow)}<\/style>\t\t<div class=\"elementor-divider\">\n\t\t\t<span class=\"elementor-divider-separator\">\n\t\t\t\t\t\t<\/span>\n\t\t<\/div>\n\t\t\t\t<\/div>\n\t\t\t\t<\/div>\n\t\t\t\t\t<\/div>\n\t\t<\/div>\n\t\t\t\t\t<\/div>\n\t\t<\/section>\n\t\t\t\t<section class=\"elementor-section elementor-top-section elementor-element elementor-element-789228c elementor-section-boxed elementor-section-height-default elementor-section-height-default\" data-id=\"789228c\" data-element_type=\"section\">\n\t\t\t\t\t\t<div class=\"elementor-container elementor-column-gap-default\">\n\t\t\t\t\t<div class=\"elementor-column elementor-col-100 elementor-top-column elementor-element elementor-element-a06c196\" data-id=\"a06c196\" data-element_type=\"column\">\n\t\t\t<div class=\"elementor-widget-wrap elementor-element-populated\">\n\t\t\t\t\t\t<div class=\"elementor-element elementor-element-c7d1783 elementor-widget elementor-widget-text-editor\" data-id=\"c7d1783\" data-element_type=\"widget\" data-widget_type=\"text-editor.default\">\n\t\t\t\t<div class=\"elementor-widget-container\">\n\t\t\t\t\t\t\t<h2>Crea tu viaje a medida en Myanmar<\/h2>\n<p style=\"font-size: 18px;\">\u00bfViajas a Myanmar? Charle con un especialista en viajes local en Myanmar, que podr\u00e1 ayudarle a organizar su viaje.<\/p>\t\t\t\t\t\t<\/div>\n\t\t\t\t<\/div>\n\t\t\t\t<div class=\"elementor-element elementor-element-181f44f elementor-align-center elementor-widget elementor-widget-button\" data-id=\"181f44f\" data-element_type=\"widget\" data-widget_type=\"button.default\">\n\t\t\t\t<div class=\"elementor-widget-container\">\n\t\t\t\t\t<div class=\"elementor-button-wrapper\">\n\t\t\t<a class=\"elementor-button elementor-button-link elementor-size-sm\" href=\"https:\/\/evivatour.com\/es\/solicitar-tour-privado\/\">\n\t\t\t\t\t\t<span class=\"elementor-button-content-wrapper\">\n\t\t\t\t\t\t<span class=\"elementor-button-text\">COMIENZA AQU\u00cd<\/span>\n\t\t<\/span>\n\t\t\t\t\t<\/a>\n\t\t<\/div>\n\t\t\t\t<\/div>\n\t\t\t\t<\/div>\n\t\t\t\t\t<\/div>\n\t\t<\/div>\n\t\t\t\t\t<\/div>\n\t\t<\/section>\n\t\t\t\t<\/div>\n\t\t","protected":false},"excerpt":{"rendered":"<p>Viaje Myanmar Gu\u00eda de Viajes Myanmar Mejor \u00c9poca Para Visitar Myanmar Estas informaciones ser\u00e1n \u00fatiles para comprender cu\u00e1ndo visitar Myanmar y elegir su gu\u00eda. La informaci\u00f3n incluye el clima, las temperaturas, las precipitaciones y los festivales. EL CLIMA EN MYANMAR Como sabemos, la temperatura de un pa\u00eds est\u00e1 influenciada principalmente por la altitud y, por [&hellip;]<\/p>\n","protected":false},"author":1,"featured_media":0,"parent":8244,"menu_order":0,"comment_status":"closed","ping_status":"closed","template":"","meta":{"inline_featured_image":false,"footnotes":""},"class_list":["post-8250","page","type-page","status-publish","hentry"],"yoast_head":"<!-- This site is optimized with the Yoast SEO plugin v24.7 - https:\/\/yoast.com\/wordpress\/plugins\/seo\/ -->\n<title>Mejor \u00c9poca Para Visitar Myanmar - Eviva Tour Vietnam<\/title>\n<meta name=\"description\" content=\"Informaci\u00f3n \u00fatil ayuda a los viajeros que van a Myanmar a orientarse sobre la mejor \u00e9poca para visitar Myanmar, incluido el clima, las cascadas y los festivales.\" \/>\n<meta name=\"robots\" content=\"index, follow, max-snippet:-1, max-image-preview:large, max-video-preview:-1\" \/>\n<link rel=\"canonical\" href=\"https:\/\/evivatour.com\/es\/myanmar\/mejor-epoca-para-visitar-myanmar\/\" \/>\n<meta property=\"og:locale\" content=\"en_US\" \/>\n<meta property=\"og:type\" content=\"article\" \/>\n<meta property=\"og:title\" content=\"Mejor \u00c9poca Para Visitar Myanmar - Eviva Tour Vietnam\" \/>\n<meta property=\"og:description\" content=\"Informaci\u00f3n \u00fatil ayuda a los viajeros que van a Myanmar a orientarse sobre la mejor \u00e9poca para visitar Myanmar, incluido el clima, las cascadas y los festivales.\" \/>\n<meta property=\"og:url\" content=\"https:\/\/evivatour.com\/es\/myanmar\/mejor-epoca-para-visitar-myanmar\/\" \/>\n<meta property=\"og:site_name\" content=\"Eviva Tour\" \/>\n<meta property=\"article:modified_time\" content=\"2024-01-19T04:39:21+00:00\" \/>\n<meta name=\"twitter:card\" content=\"summary_large_image\" \/>\n<meta name=\"twitter:label1\" content=\"Est. reading time\" \/>\n\t<meta name=\"twitter:data1\" content=\"4 minutes\" \/>\n<script type=\"application\/ld+json\" class=\"yoast-schema-graph\">{\"@context\":\"https:\/\/schema.org\",\"@graph\":[{\"@type\":\"WebPage\",\"@id\":\"https:\/\/evivatour.com\/es\/myanmar\/mejor-epoca-para-visitar-myanmar\/\",\"url\":\"https:\/\/evivatour.com\/es\/myanmar\/mejor-epoca-para-visitar-myanmar\/\",\"name\":\"Mejor \u00c9poca Para Visitar Myanmar - Eviva Tour Vietnam\",\"isPartOf\":{\"@id\":\"https:\/\/evivatour.com\/es\/#website\"},\"datePublished\":\"2021-08-23T03:06:38+00:00\",\"dateModified\":\"2024-01-19T04:39:21+00:00\",\"description\":\"Informaci\u00f3n \u00fatil ayuda a los viajeros que van a Myanmar a orientarse sobre la mejor \u00e9poca para visitar Myanmar, incluido el clima, las cascadas y los festivales.\",\"breadcrumb\":{\"@id\":\"https:\/\/evivatour.com\/es\/myanmar\/mejor-epoca-para-visitar-myanmar\/#breadcrumb\"},\"inLanguage\":\"en-US\",\"potentialAction\":[{\"@type\":\"ReadAction\",\"target\":[\"https:\/\/evivatour.com\/es\/myanmar\/mejor-epoca-para-visitar-myanmar\/\"]}]},{\"@type\":\"BreadcrumbList\",\"@id\":\"https:\/\/evivatour.com\/es\/myanmar\/mejor-epoca-para-visitar-myanmar\/#breadcrumb\",\"itemListElement\":[{\"@type\":\"ListItem\",\"position\":1,\"name\":\"Home\",\"item\":\"https:\/\/evivatour.com\/es\/\"},{\"@type\":\"ListItem\",\"position\":2,\"name\":\"Paquetes Tur\u00edsticos de Myanmar 2026\",\"item\":\"https:\/\/evivatour.com\/es\/myanmar\/\"},{\"@type\":\"ListItem\",\"position\":3,\"name\":\"Mejor \u00c9poca Para Visitar Myanmar\"}]},{\"@type\":\"WebSite\",\"@id\":\"https:\/\/evivatour.com\/es\/#website\",\"url\":\"https:\/\/evivatour.com\/es\/\",\"name\":\"Eviva Tour\",\"description\":\"Smile every mile\",\"publisher\":{\"@id\":\"https:\/\/evivatour.com\/es\/#organization\"},\"potentialAction\":[{\"@type\":\"SearchAction\",\"target\":{\"@type\":\"EntryPoint\",\"urlTemplate\":\"https:\/\/evivatour.com\/es\/?s={search_term_string}\"},\"query-input\":{\"@type\":\"PropertyValueSpecification\",\"valueRequired\":true,\"valueName\":\"search_term_string\"}}],\"inLanguage\":\"en-US\"},{\"@type\":\"Organization\",\"@id\":\"https:\/\/evivatour.com\/es\/#organization\",\"name\":\"Eviva Tour\",\"url\":\"https:\/\/evivatour.com\/es\/\",\"logo\":{\"@type\":\"ImageObject\",\"inLanguage\":\"en-US\",\"@id\":\"https:\/\/evivatour.com\/es\/#\/schema\/logo\/image\/\",\"url\":\"https:\/\/evivatour.com\/es\/wp-content\/uploads\/2021\/08\/cropped-eviva-tour-vietnam.png\",\"contentUrl\":\"https:\/\/evivatour.com\/es\/wp-content\/uploads\/2021\/08\/cropped-eviva-tour-vietnam.png\",\"width\":280,\"height\":185,\"caption\":\"Eviva Tour\"},\"image\":{\"@id\":\"https:\/\/evivatour.com\/es\/#\/schema\/logo\/image\/\"}}]}<\/script>\n<!-- \/ Yoast SEO plugin. -->","yoast_head_json":{"title":"Mejor \u00c9poca Para Visitar Myanmar - Eviva Tour Vietnam","description":"Informaci\u00f3n \u00fatil ayuda a los viajeros que van a Myanmar a orientarse sobre la mejor \u00e9poca para visitar Myanmar, incluido el clima, las cascadas y los festivales.","robots":{"index":"index","follow":"follow","max-snippet":"max-snippet:-1","max-image-preview":"max-image-preview:large","max-video-preview":"max-video-preview:-1"},"canonical":"https:\/\/evivatour.com\/es\/myanmar\/mejor-epoca-para-visitar-myanmar\/","og_locale":"en_US","og_type":"article","og_title":"Mejor \u00c9poca Para Visitar Myanmar - Eviva Tour Vietnam","og_description":"Informaci\u00f3n \u00fatil ayuda a los viajeros que van a Myanmar a orientarse sobre la mejor \u00e9poca para visitar Myanmar, incluido el clima, las cascadas y los festivales.","og_url":"https:\/\/evivatour.com\/es\/myanmar\/mejor-epoca-para-visitar-myanmar\/","og_site_name":"Eviva Tour","article_modified_time":"2024-01-19T04:39:21+00:00","twitter_card":"summary_large_image","twitter_misc":{"Est. reading time":"4 minutes"},"schema":{"@context":"https:\/\/schema.org","@graph":[{"@type":"WebPage","@id":"https:\/\/evivatour.com\/es\/myanmar\/mejor-epoca-para-visitar-myanmar\/","url":"https:\/\/evivatour.com\/es\/myanmar\/mejor-epoca-para-visitar-myanmar\/","name":"Mejor \u00c9poca Para Visitar Myanmar - Eviva Tour Vietnam","isPartOf":{"@id":"https:\/\/evivatour.com\/es\/#website"},"datePublished":"2021-08-23T03:06:38+00:00","dateModified":"2024-01-19T04:39:21+00:00","description":"Informaci\u00f3n \u00fatil ayuda a los viajeros que van a Myanmar a orientarse sobre la mejor \u00e9poca para visitar Myanmar, incluido el clima, las cascadas y los festivales.","breadcrumb":{"@id":"https:\/\/evivatour.com\/es\/myanmar\/mejor-epoca-para-visitar-myanmar\/#breadcrumb"},"inLanguage":"en-US","potentialAction":[{"@type":"ReadAction","target":["https:\/\/evivatour.com\/es\/myanmar\/mejor-epoca-para-visitar-myanmar\/"]}]},{"@type":"BreadcrumbList","@id":"https:\/\/evivatour.com\/es\/myanmar\/mejor-epoca-para-visitar-myanmar\/#breadcrumb","itemListElement":[{"@type":"ListItem","position":1,"name":"Home","item":"https:\/\/evivatour.com\/es\/"},{"@type":"ListItem","position":2,"name":"Paquetes Tur\u00edsticos de Myanmar 2026","item":"https:\/\/evivatour.com\/es\/myanmar\/"},{"@type":"ListItem","position":3,"name":"Mejor \u00c9poca Para Visitar Myanmar"}]},{"@type":"WebSite","@id":"https:\/\/evivatour.com\/es\/#website","url":"https:\/\/evivatour.com\/es\/","name":"Eviva Tour","description":"Smile every mile","publisher":{"@id":"https:\/\/evivatour.com\/es\/#organization"},"potentialAction":[{"@type":"SearchAction","target":{"@type":"EntryPoint","urlTemplate":"https:\/\/evivatour.com\/es\/?s={search_term_string}"},"query-input":{"@type":"PropertyValueSpecification","valueRequired":true,"valueName":"search_term_string"}}],"inLanguage":"en-US"},{"@type":"Organization","@id":"https:\/\/evivatour.com\/es\/#organization","name":"Eviva Tour","url":"https:\/\/evivatour.com\/es\/","logo":{"@type":"ImageObject","inLanguage":"en-US","@id":"https:\/\/evivatour.com\/es\/#\/schema\/logo\/image\/","url":"https:\/\/evivatour.com\/es\/wp-content\/uploads\/2021\/08\/cropped-eviva-tour-vietnam.png","contentUrl":"https:\/\/evivatour.com\/es\/wp-content\/uploads\/2021\/08\/cropped-eviva-tour-vietnam.png","width":280,"height":185,"caption":"Eviva Tour"},"image":{"@id":"https:\/\/evivatour.com\/es\/#\/schema\/logo\/image\/"}}]}},"_links":{"self":[{"href":"https:\/\/evivatour.com\/es\/wp-json\/wp\/v2\/pages\/8250","targetHints":{"allow":["GET"]}}],"collection":[{"href":"https:\/\/evivatour.com\/es\/wp-json\/wp\/v2\/pages"}],"about":[{"href":"https:\/\/evivatour.com\/es\/wp-json\/wp\/v2\/types\/page"}],"author":[{"embeddable":true,"href":"https:\/\/evivatour.com\/es\/wp-json\/wp\/v2\/users\/1"}],"replies":[{"embeddable":true,"href":"https:\/\/evivatour.com\/es\/wp-json\/wp\/v2\/comments?post=8250"}],"version-history":[{"count":11,"href":"https:\/\/evivatour.com\/es\/wp-json\/wp\/v2\/pages\/8250\/revisions"}],"predecessor-version":[{"id":17808,"href":"https:\/\/evivatour.com\/es\/wp-json\/wp\/v2\/pages\/8250\/revisions\/17808"}],"up":[{"embeddable":true,"href":"https:\/\/evivatour.com\/es\/wp-json\/wp\/v2\/pages\/8244"}],"wp:attachment":[{"href":"https:\/\/evivatour.com\/es\/wp-json\/wp\/v2\/media?parent=8250"}],"curies":[{"name":"wp","href":"https:\/\/api.w.org\/{rel}","templated":true}]}}