{"id":8320,"date":"2021-08-24T09:19:00","date_gmt":"2021-08-24T02:19:00","guid":{"rendered":"http:\/\/evivatour.com\/?page_id=8320"},"modified":"2024-01-19T11:11:00","modified_gmt":"2024-01-19T04:11:00","slug":"guia-de-viajes-indochina","status":"publish","type":"page","link":"https:\/\/evivatour.com\/es\/indochina\/guia-de-viajes-indochina\/","title":{"rendered":"Gu\u00eda de Viajes Indochina"},"content":{"rendered":"\t\t<div data-elementor-type=\"wp-page\" data-elementor-id=\"8320\" class=\"elementor elementor-8320\" data-elementor-post-type=\"page\">\n\t\t\t\t\t\t<section class=\"elementor-section elementor-top-section elementor-element elementor-element-9874e37 elementor-section-full_width elementor-section-height-default elementor-section-height-default\" data-id=\"9874e37\" data-element_type=\"section\">\n\t\t\t\t\t\t<div class=\"elementor-container elementor-column-gap-default\">\n\t\t\t\t\t<div class=\"elementor-column elementor-col-100 elementor-top-column elementor-element elementor-element-d01ef93\" data-id=\"d01ef93\" data-element_type=\"column\">\n\t\t\t<div class=\"elementor-widget-wrap elementor-element-populated\">\n\t\t\t\t\t\t<div class=\"elementor-element elementor-element-2927a6c elementor-widget elementor-widget-text-editor\" data-id=\"2927a6c\" data-element_type=\"widget\" data-widget_type=\"text-editor.default\">\n\t\t\t\t<div class=\"elementor-widget-container\">\n\t\t\t<style>\/*! elementor - v3.20.0 - 13-03-2024 *\/\n.elementor-widget-text-editor.elementor-drop-cap-view-stacked .elementor-drop-cap{background-color:#69727d;color:#fff}.elementor-widget-text-editor.elementor-drop-cap-view-framed .elementor-drop-cap{color:#69727d;border:3px solid;background-color:transparent}.elementor-widget-text-editor:not(.elementor-drop-cap-view-default) .elementor-drop-cap{margin-top:8px}.elementor-widget-text-editor:not(.elementor-drop-cap-view-default) .elementor-drop-cap-letter{width:1em;height:1em}.elementor-widget-text-editor .elementor-drop-cap{float:left;text-align:center;line-height:1;font-size:50px}.elementor-widget-text-editor .elementor-drop-cap-letter{display:inline-block}<\/style>\t\t\t\t<nav id=\"tours\" class=\"main-nav-top with-banner\">\n<div class=\"container\">\n<div class=\"main-nav-holder\">\n<div class=\"slide-nav js-slide-hidden\">\n<ul id=\"slide-nav-ul\">\n \t<li><a href=\"https:\/\/evivatour.com\/es\/indochina\/\">Viajes Indochina<\/a><\/li>\n \t<li class=\"active\"><a href=\"https:\/\/evivatour.com\/es\/indochina\/guia-de-viajes-indochina\/\">Gu\u00eda de Viajes Indochina<\/a><\/li>\n<\/ul>\n<\/div>\n<\/div>\n<\/div>\n<\/nav>\t\t\t\t\t\t<\/div>\n\t\t\t\t<\/div>\n\t\t\t\t\t<\/div>\n\t\t<\/div>\n\t\t\t\t\t<\/div>\n\t\t<\/section>\n\t\t\t\t<section class=\"elementor-section elementor-top-section elementor-element elementor-element-c01d4c3 elementor-section-boxed elementor-section-height-default elementor-section-height-default\" data-id=\"c01d4c3\" data-element_type=\"section\">\n\t\t\t\t\t\t<div class=\"elementor-container elementor-column-gap-default\">\n\t\t\t\t\t<div class=\"elementor-column elementor-col-100 elementor-top-column elementor-element elementor-element-d26fef5\" data-id=\"d26fef5\" data-element_type=\"column\">\n\t\t\t<div class=\"elementor-widget-wrap elementor-element-populated\">\n\t\t\t\t\t\t<div class=\"elementor-element elementor-element-0615542 elementor-widget elementor-widget-text-editor\" data-id=\"0615542\" data-element_type=\"widget\" data-widget_type=\"text-editor.default\">\n\t\t\t\t<div class=\"elementor-widget-container\">\n\t\t\t\t\t\t\t<p>Indochina, tambi\u00e9n llamada (hasta 1950) Indochina Francesa, Indochine Fran\u00e7aise en franc\u00e9s, son los tres estados de Vietnam, Laos y Camboya que estuvieron anteriormente asociados con Francia, primero dentro de su imperio y luego dentro de la Uni\u00f3n Francesa. El t\u00e9rmino Indochina se refiere a la mezcla de influencias indias y chinas en la cultura de la regi\u00f3n.<\/p><p>Despu\u00e9s de establecer gradualmente la soberan\u00eda sobre Indochina entre 1858 y 1893, los franceses crearon la primera Uni\u00f3n Indochina para gobernarla. Excepto en Cochinchina (en franc\u00e9s: Cochinchine), la porci\u00f3n m\u00e1s meridional de Vietnam, las casas reales originales de Vietnam, Camboya y Laos continuaron bajo un gobierno central de tipo federal que ten\u00eda autoridad exclusiva en asuntos exteriores, finanzas, defensa, aduanas y obras p\u00fablicas, encabezado por un gobernador general franc\u00e9s responsable ante el ministro franc\u00e9s de comercio. En Cochinchina, la administraci\u00f3n estaba bajo un prefecto y una burocracia francesa.<\/p><p>En 1940, los japoneses ocuparon la regi\u00f3n de Tonk\u00edn en el norte de Vietnam y al a\u00f1o siguiente el resto de Indochina. Sin embargo, excepto por Vietnam y las provincias occidentales de Camboya, que los japoneses cedieron a su aliado tailand\u00e9s, Indochina no se vio afectada por la invasi\u00f3n japonesa. El gobierno local franc\u00e9s de Vichy incluso pudo permanecer en funciones hasta marzo de 1945, cuando los japoneses internaron al personal franc\u00e9s local y proclamaron el estado aut\u00f3nomo de Vietnam.<\/p><p>Este r\u00e9gimen colaps\u00f3 tras la rendici\u00f3n japonesa en agosto de 1945, y en el norte, un partido llamado Viet Minh, liderado por el nacionalista vietnamita Ho Chi Minh, proclam\u00f3 de inmediato una Rep\u00fablica Democr\u00e1tica de Vietnam y asumi\u00f3 el poder. Las monarqu\u00edas en Laos y Camboya vacilaron en seguir el ejemplo y fueron pronto reocupadas por los franceses. Luego, los franceses fundaron la Federaci\u00f3n Indochina, que ser\u00eda parte de una nueva y m\u00e1s grande Uni\u00f3n Francesa y en la cual la Rep\u00fablica Democr\u00e1tica de Vietnam ser\u00eda tratada como un estado independiente. Sin embargo, la Uni\u00f3n Francesa no se estableci\u00f3 durante varios a\u00f1os y, cuando lo hizo, otorgaba control sobre el \u00e1rea desde Par\u00eds.<\/p><p>Pronto estall\u00f3 el conflicto conocido como la Primera Guerra de Indochina, y, durante una pausa en los combates en 1949-50, los franceses, en un intento de retener sus posesiones en la zona, ratificaron tratados separados que reconocieron a Vietnam, Laos y Camboya como estados independientes y aut\u00f3nomos dentro de la Uni\u00f3n Francesa. As\u00ed termin\u00f3 la concepci\u00f3n de que estos estados estaban unidos para formar la &#8220;Indochina Francesa&#8221;. Los l\u00edderes de los estados eran t\u00edteres; la verdadera independencia no lleg\u00f3 a la regi\u00f3n hasta despu\u00e9s de la Conferencia de Ginebra de 1954, que finalmente puso fin a los enfrentamientos entre los franceses y el Viet Minh.<\/p>\t\t\t\t\t\t<\/div>\n\t\t\t\t<\/div>\n\t\t\t\t<div class=\"elementor-element elementor-element-2c99101 elementor-widget-divider--view-line elementor-widget elementor-widget-divider\" data-id=\"2c99101\" data-element_type=\"widget\" data-widget_type=\"divider.default\">\n\t\t\t\t<div class=\"elementor-widget-container\">\n\t\t\t<style>\/*! elementor - v3.20.0 - 13-03-2024 *\/\n.elementor-widget-divider{--divider-border-style:none;--divider-border-width:1px;--divider-color:#0c0d0e;--divider-icon-size:20px;--divider-element-spacing:10px;--divider-pattern-height:24px;--divider-pattern-size:20px;--divider-pattern-url:none;--divider-pattern-repeat:repeat-x}.elementor-widget-divider .elementor-divider{display:flex}.elementor-widget-divider .elementor-divider__text{font-size:15px;line-height:1;max-width:95%}.elementor-widget-divider .elementor-divider__element{margin:0 var(--divider-element-spacing);flex-shrink:0}.elementor-widget-divider .elementor-icon{font-size:var(--divider-icon-size)}.elementor-widget-divider .elementor-divider-separator{display:flex;margin:0;direction:ltr}.elementor-widget-divider--view-line_icon .elementor-divider-separator,.elementor-widget-divider--view-line_text .elementor-divider-separator{align-items:center}.elementor-widget-divider--view-line_icon .elementor-divider-separator:after,.elementor-widget-divider--view-line_icon .elementor-divider-separator:before,.elementor-widget-divider--view-line_text .elementor-divider-separator:after,.elementor-widget-divider--view-line_text .elementor-divider-separator:before{display:block;content:\"\";border-block-end:0;flex-grow:1;border-block-start:var(--divider-border-width) var(--divider-border-style) var(--divider-color)}.elementor-widget-divider--element-align-left .elementor-divider .elementor-divider-separator>.elementor-divider__svg:first-of-type{flex-grow:0;flex-shrink:100}.elementor-widget-divider--element-align-left .elementor-divider-separator:before{content:none}.elementor-widget-divider--element-align-left .elementor-divider__element{margin-left:0}.elementor-widget-divider--element-align-right .elementor-divider .elementor-divider-separator>.elementor-divider__svg:last-of-type{flex-grow:0;flex-shrink:100}.elementor-widget-divider--element-align-right .elementor-divider-separator:after{content:none}.elementor-widget-divider--element-align-right .elementor-divider__element{margin-right:0}.elementor-widget-divider--element-align-start .elementor-divider .elementor-divider-separator>.elementor-divider__svg:first-of-type{flex-grow:0;flex-shrink:100}.elementor-widget-divider--element-align-start .elementor-divider-separator:before{content:none}.elementor-widget-divider--element-align-start .elementor-divider__element{margin-inline-start:0}.elementor-widget-divider--element-align-end .elementor-divider .elementor-divider-separator>.elementor-divider__svg:last-of-type{flex-grow:0;flex-shrink:100}.elementor-widget-divider--element-align-end .elementor-divider-separator:after{content:none}.elementor-widget-divider--element-align-end .elementor-divider__element{margin-inline-end:0}.elementor-widget-divider:not(.elementor-widget-divider--view-line_text):not(.elementor-widget-divider--view-line_icon) .elementor-divider-separator{border-block-start:var(--divider-border-width) var(--divider-border-style) var(--divider-color)}.elementor-widget-divider--separator-type-pattern{--divider-border-style:none}.elementor-widget-divider--separator-type-pattern.elementor-widget-divider--view-line .elementor-divider-separator,.elementor-widget-divider--separator-type-pattern:not(.elementor-widget-divider--view-line) .elementor-divider-separator:after,.elementor-widget-divider--separator-type-pattern:not(.elementor-widget-divider--view-line) .elementor-divider-separator:before,.elementor-widget-divider--separator-type-pattern:not([class*=elementor-widget-divider--view]) .elementor-divider-separator{width:100%;min-height:var(--divider-pattern-height);-webkit-mask-size:var(--divider-pattern-size) 100%;mask-size:var(--divider-pattern-size) 100%;-webkit-mask-repeat:var(--divider-pattern-repeat);mask-repeat:var(--divider-pattern-repeat);background-color:var(--divider-color);-webkit-mask-image:var(--divider-pattern-url);mask-image:var(--divider-pattern-url)}.elementor-widget-divider--no-spacing{--divider-pattern-size:auto}.elementor-widget-divider--bg-round{--divider-pattern-repeat:round}.rtl .elementor-widget-divider .elementor-divider__text{direction:rtl}.e-con-inner>.elementor-widget-divider,.e-con>.elementor-widget-divider{width:var(--container-widget-width,100%);--flex-grow:var(--container-widget-flex-grow)}<\/style>\t\t<div class=\"elementor-divider\">\n\t\t\t<span class=\"elementor-divider-separator\">\n\t\t\t\t\t\t<\/span>\n\t\t<\/div>\n\t\t\t\t<\/div>\n\t\t\t\t<\/div>\n\t\t\t\t\t<\/div>\n\t\t<\/div>\n\t\t\t\t\t<\/div>\n\t\t<\/section>\n\t\t\t\t<section class=\"elementor-section elementor-top-section elementor-element elementor-element-789228c elementor-section-boxed elementor-section-height-default elementor-section-height-default\" data-id=\"789228c\" data-element_type=\"section\">\n\t\t\t\t\t\t<div class=\"elementor-container elementor-column-gap-default\">\n\t\t\t\t\t<div class=\"elementor-column elementor-col-100 elementor-top-column elementor-element elementor-element-a06c196\" data-id=\"a06c196\" data-element_type=\"column\">\n\t\t\t<div class=\"elementor-widget-wrap elementor-element-populated\">\n\t\t\t\t\t\t<div class=\"elementor-element elementor-element-c7d1783 elementor-widget elementor-widget-text-editor\" data-id=\"c7d1783\" data-element_type=\"widget\" data-widget_type=\"text-editor.default\">\n\t\t\t\t<div class=\"elementor-widget-container\">\n\t\t\t\t\t\t\t<h2>Crea tu viaje a medida a Vietnam \u2013 Laos \u2013 Camboya<\/h2>\n\u00bfViajas a Indochina? Charle con un especialista en viajes local en In\ndochina, que podr\u00e1 ayudarle a organizar su viaje.\n\t\t\t\t\t\t<\/div>\n\t\t\t\t<\/div>\n\t\t\t\t<div class=\"elementor-element elementor-element-181f44f elementor-align-center elementor-widget elementor-widget-button\" data-id=\"181f44f\" data-element_type=\"widget\" data-widget_type=\"button.default\">\n\t\t\t\t<div class=\"elementor-widget-container\">\n\t\t\t\t\t<div class=\"elementor-button-wrapper\">\n\t\t\t<a class=\"elementor-button elementor-button-link elementor-size-sm\" href=\"https:\/\/evivatour.com\/es\/solicitar-tour-privado\/\">\n\t\t\t\t\t\t<span class=\"elementor-button-content-wrapper\">\n\t\t\t\t\t\t<span class=\"elementor-button-text\">COMIENZA AQU\u00cd<\/span>\n\t\t<\/span>\n\t\t\t\t\t<\/a>\n\t\t<\/div>\n\t\t\t\t<\/div>\n\t\t\t\t<\/div>\n\t\t\t\t\t<\/div>\n\t\t<\/div>\n\t\t\t\t\t<\/div>\n\t\t<\/section>\n\t\t\t\t<\/div>\n\t\t","protected":false},"excerpt":{"rendered":"<p>Viajes Indochina Gu\u00eda de Viajes Indochina Indochina, tambi\u00e9n llamada (hasta 1950) Indochina Francesa, Indochine Fran\u00e7aise en franc\u00e9s, son los tres estados de Vietnam, Laos y Camboya que estuvieron anteriormente asociados con Francia, primero dentro de su imperio y luego dentro de la Uni\u00f3n Francesa. El t\u00e9rmino Indochina se refiere a la mezcla de influencias indias [&hellip;]<\/p>\n","protected":false},"author":1,"featured_media":0,"parent":8318,"menu_order":0,"comment_status":"closed","ping_status":"closed","template":"","meta":{"inline_featured_image":false,"footnotes":""},"class_list":["post-8320","page","type-page","status-publish","hentry"],"yoast_head":"<!-- This site is optimized with the Yoast SEO plugin v24.7 - https:\/\/yoast.com\/wordpress\/plugins\/seo\/ -->\n<title>Gu\u00eda de Viajes Indochina | Eviva Tour Vietnam<\/title>\n<meta name=\"robots\" content=\"index, follow, max-snippet:-1, max-image-preview:large, max-video-preview:-1\" \/>\n<link rel=\"canonical\" href=\"https:\/\/evivatour.com\/es\/indochina\/guia-de-viajes-indochina\/\" \/>\n<meta property=\"og:locale\" content=\"en_US\" \/>\n<meta property=\"og:type\" content=\"article\" \/>\n<meta property=\"og:title\" content=\"Gu\u00eda de Viajes Indochina | Eviva Tour Vietnam\" \/>\n<meta property=\"og:description\" content=\"Viajes Indochina Gu\u00eda de Viajes Indochina Indochina, tambi\u00e9n llamada (hasta 1950) Indochina Francesa, Indochine Fran\u00e7aise en franc\u00e9s, son los tres estados de Vietnam, Laos y Camboya que estuvieron anteriormente asociados con Francia, primero dentro de su imperio y luego dentro de la Uni\u00f3n Francesa. El t\u00e9rmino Indochina se refiere a la mezcla de influencias indias [&hellip;]\" \/>\n<meta property=\"og:url\" content=\"https:\/\/evivatour.com\/es\/indochina\/guia-de-viajes-indochina\/\" \/>\n<meta property=\"og:site_name\" content=\"Eviva Tour\" \/>\n<meta property=\"article:modified_time\" content=\"2024-01-19T04:11:00+00:00\" \/>\n<meta name=\"twitter:card\" content=\"summary_large_image\" \/>\n<meta name=\"twitter:label1\" content=\"Est. reading time\" \/>\n\t<meta name=\"twitter:data1\" content=\"3 minutes\" \/>\n<script type=\"application\/ld+json\" class=\"yoast-schema-graph\">{\"@context\":\"https:\/\/schema.org\",\"@graph\":[{\"@type\":\"WebPage\",\"@id\":\"https:\/\/evivatour.com\/es\/indochina\/guia-de-viajes-indochina\/\",\"url\":\"https:\/\/evivatour.com\/es\/indochina\/guia-de-viajes-indochina\/\",\"name\":\"Gu\u00eda de Viajes Indochina | Eviva Tour Vietnam\",\"isPartOf\":{\"@id\":\"https:\/\/evivatour.com\/es\/#website\"},\"datePublished\":\"2021-08-24T02:19:00+00:00\",\"dateModified\":\"2024-01-19T04:11:00+00:00\",\"breadcrumb\":{\"@id\":\"https:\/\/evivatour.com\/es\/indochina\/guia-de-viajes-indochina\/#breadcrumb\"},\"inLanguage\":\"en-US\",\"potentialAction\":[{\"@type\":\"ReadAction\",\"target\":[\"https:\/\/evivatour.com\/es\/indochina\/guia-de-viajes-indochina\/\"]}]},{\"@type\":\"BreadcrumbList\",\"@id\":\"https:\/\/evivatour.com\/es\/indochina\/guia-de-viajes-indochina\/#breadcrumb\",\"itemListElement\":[{\"@type\":\"ListItem\",\"position\":1,\"name\":\"Home\",\"item\":\"https:\/\/evivatour.com\/es\/\"},{\"@type\":\"ListItem\",\"position\":2,\"name\":\"Paquetes Tur\u00edsticos a Indochina 2026\",\"item\":\"https:\/\/evivatour.com\/es\/indochina\/\"},{\"@type\":\"ListItem\",\"position\":3,\"name\":\"Gu\u00eda de Viajes Indochina\"}]},{\"@type\":\"WebSite\",\"@id\":\"https:\/\/evivatour.com\/es\/#website\",\"url\":\"https:\/\/evivatour.com\/es\/\",\"name\":\"Eviva Tour\",\"description\":\"Smile every mile\",\"publisher\":{\"@id\":\"https:\/\/evivatour.com\/es\/#organization\"},\"potentialAction\":[{\"@type\":\"SearchAction\",\"target\":{\"@type\":\"EntryPoint\",\"urlTemplate\":\"https:\/\/evivatour.com\/es\/?s={search_term_string}\"},\"query-input\":{\"@type\":\"PropertyValueSpecification\",\"valueRequired\":true,\"valueName\":\"search_term_string\"}}],\"inLanguage\":\"en-US\"},{\"@type\":\"Organization\",\"@id\":\"https:\/\/evivatour.com\/es\/#organization\",\"name\":\"Eviva Tour\",\"url\":\"https:\/\/evivatour.com\/es\/\",\"logo\":{\"@type\":\"ImageObject\",\"inLanguage\":\"en-US\",\"@id\":\"https:\/\/evivatour.com\/es\/#\/schema\/logo\/image\/\",\"url\":\"https:\/\/evivatour.com\/es\/wp-content\/uploads\/2021\/08\/cropped-eviva-tour-vietnam.png\",\"contentUrl\":\"https:\/\/evivatour.com\/es\/wp-content\/uploads\/2021\/08\/cropped-eviva-tour-vietnam.png\",\"width\":280,\"height\":185,\"caption\":\"Eviva Tour\"},\"image\":{\"@id\":\"https:\/\/evivatour.com\/es\/#\/schema\/logo\/image\/\"}}]}<\/script>\n<!-- \/ Yoast SEO plugin. -->","yoast_head_json":{"title":"Gu\u00eda de Viajes Indochina | Eviva Tour Vietnam","robots":{"index":"index","follow":"follow","max-snippet":"max-snippet:-1","max-image-preview":"max-image-preview:large","max-video-preview":"max-video-preview:-1"},"canonical":"https:\/\/evivatour.com\/es\/indochina\/guia-de-viajes-indochina\/","og_locale":"en_US","og_type":"article","og_title":"Gu\u00eda de Viajes Indochina | Eviva Tour Vietnam","og_description":"Viajes Indochina Gu\u00eda de Viajes Indochina Indochina, tambi\u00e9n llamada (hasta 1950) Indochina Francesa, Indochine Fran\u00e7aise en franc\u00e9s, son los tres estados de Vietnam, Laos y Camboya que estuvieron anteriormente asociados con Francia, primero dentro de su imperio y luego dentro de la Uni\u00f3n Francesa. El t\u00e9rmino Indochina se refiere a la mezcla de influencias indias [&hellip;]","og_url":"https:\/\/evivatour.com\/es\/indochina\/guia-de-viajes-indochina\/","og_site_name":"Eviva Tour","article_modified_time":"2024-01-19T04:11:00+00:00","twitter_card":"summary_large_image","twitter_misc":{"Est. reading time":"3 minutes"},"schema":{"@context":"https:\/\/schema.org","@graph":[{"@type":"WebPage","@id":"https:\/\/evivatour.com\/es\/indochina\/guia-de-viajes-indochina\/","url":"https:\/\/evivatour.com\/es\/indochina\/guia-de-viajes-indochina\/","name":"Gu\u00eda de Viajes Indochina | Eviva Tour Vietnam","isPartOf":{"@id":"https:\/\/evivatour.com\/es\/#website"},"datePublished":"2021-08-24T02:19:00+00:00","dateModified":"2024-01-19T04:11:00+00:00","breadcrumb":{"@id":"https:\/\/evivatour.com\/es\/indochina\/guia-de-viajes-indochina\/#breadcrumb"},"inLanguage":"en-US","potentialAction":[{"@type":"ReadAction","target":["https:\/\/evivatour.com\/es\/indochina\/guia-de-viajes-indochina\/"]}]},{"@type":"BreadcrumbList","@id":"https:\/\/evivatour.com\/es\/indochina\/guia-de-viajes-indochina\/#breadcrumb","itemListElement":[{"@type":"ListItem","position":1,"name":"Home","item":"https:\/\/evivatour.com\/es\/"},{"@type":"ListItem","position":2,"name":"Paquetes Tur\u00edsticos a Indochina 2026","item":"https:\/\/evivatour.com\/es\/indochina\/"},{"@type":"ListItem","position":3,"name":"Gu\u00eda de Viajes Indochina"}]},{"@type":"WebSite","@id":"https:\/\/evivatour.com\/es\/#website","url":"https:\/\/evivatour.com\/es\/","name":"Eviva Tour","description":"Smile every mile","publisher":{"@id":"https:\/\/evivatour.com\/es\/#organization"},"potentialAction":[{"@type":"SearchAction","target":{"@type":"EntryPoint","urlTemplate":"https:\/\/evivatour.com\/es\/?s={search_term_string}"},"query-input":{"@type":"PropertyValueSpecification","valueRequired":true,"valueName":"search_term_string"}}],"inLanguage":"en-US"},{"@type":"Organization","@id":"https:\/\/evivatour.com\/es\/#organization","name":"Eviva Tour","url":"https:\/\/evivatour.com\/es\/","logo":{"@type":"ImageObject","inLanguage":"en-US","@id":"https:\/\/evivatour.com\/es\/#\/schema\/logo\/image\/","url":"https:\/\/evivatour.com\/es\/wp-content\/uploads\/2021\/08\/cropped-eviva-tour-vietnam.png","contentUrl":"https:\/\/evivatour.com\/es\/wp-content\/uploads\/2021\/08\/cropped-eviva-tour-vietnam.png","width":280,"height":185,"caption":"Eviva Tour"},"image":{"@id":"https:\/\/evivatour.com\/es\/#\/schema\/logo\/image\/"}}]}},"_links":{"self":[{"href":"https:\/\/evivatour.com\/es\/wp-json\/wp\/v2\/pages\/8320","targetHints":{"allow":["GET"]}}],"collection":[{"href":"https:\/\/evivatour.com\/es\/wp-json\/wp\/v2\/pages"}],"about":[{"href":"https:\/\/evivatour.com\/es\/wp-json\/wp\/v2\/types\/page"}],"author":[{"embeddable":true,"href":"https:\/\/evivatour.com\/es\/wp-json\/wp\/v2\/users\/1"}],"replies":[{"embeddable":true,"href":"https:\/\/evivatour.com\/es\/wp-json\/wp\/v2\/comments?post=8320"}],"version-history":[{"count":13,"href":"https:\/\/evivatour.com\/es\/wp-json\/wp\/v2\/pages\/8320\/revisions"}],"predecessor-version":[{"id":17788,"href":"https:\/\/evivatour.com\/es\/wp-json\/wp\/v2\/pages\/8320\/revisions\/17788"}],"up":[{"embeddable":true,"href":"https:\/\/evivatour.com\/es\/wp-json\/wp\/v2\/pages\/8318"}],"wp:attachment":[{"href":"https:\/\/evivatour.com\/es\/wp-json\/wp\/v2\/media?parent=8320"}],"curies":[{"name":"wp","href":"https:\/\/api.w.org\/{rel}","templated":true}]}}