{"id":10951,"date":"2021-09-25T17:42:37","date_gmt":"2021-09-25T10:42:37","guid":{"rendered":"https:\/\/evivatour.com\/it\/?page_id=10951"},"modified":"2023-11-10T08:54:49","modified_gmt":"2023-11-10T01:54:49","slug":"il-periodo-migliore-per-visitare-il-vang-vieng","status":"publish","type":"page","link":"https:\/\/evivatour.com\/it\/vang-vieng\/il-periodo-migliore-per-visitare-il-vang-vieng\/","title":{"rendered":"Il Periodo Migliore per Visitare il Vang Vieng"},"content":{"rendered":"\t\t<div data-elementor-type=\"wp-page\" data-elementor-id=\"10951\" class=\"elementor elementor-10951\">\n\t\t\t\t\t\t<section class=\"elementor-section elementor-top-section elementor-element elementor-element-e272e1b elementor-section-stretched elementor-section-boxed elementor-section-height-default elementor-section-height-default\" data-id=\"e272e1b\" data-element_type=\"section\" data-settings=\"{&quot;stretch_section&quot;:&quot;section-stretched&quot;,&quot;background_background&quot;:&quot;classic&quot;}\">\n\t\t\t\t\t\t<div class=\"elementor-container elementor-column-gap-no\">\n\t\t\t\t\t<div class=\"elementor-column elementor-col-100 elementor-top-column elementor-element elementor-element-737bf0d\" data-id=\"737bf0d\" data-element_type=\"column\">\n\t\t\t<div class=\"elementor-widget-wrap elementor-element-populated\">\n\t\t\t\t\t\t<div class=\"elementor-element elementor-element-b831de5 elementor-widget elementor-widget-text-editor\" data-id=\"b831de5\" data-element_type=\"widget\" data-widget_type=\"text-editor.default\">\n\t\t\t\t<div class=\"elementor-widget-container\">\n\t\t\t<style>\/*! elementor - v3.20.0 - 13-03-2024 *\/\n.elementor-widget-text-editor.elementor-drop-cap-view-stacked .elementor-drop-cap{background-color:#69727d;color:#fff}.elementor-widget-text-editor.elementor-drop-cap-view-framed .elementor-drop-cap{color:#69727d;border:3px solid;background-color:transparent}.elementor-widget-text-editor:not(.elementor-drop-cap-view-default) .elementor-drop-cap{margin-top:8px}.elementor-widget-text-editor:not(.elementor-drop-cap-view-default) .elementor-drop-cap-letter{width:1em;height:1em}.elementor-widget-text-editor .elementor-drop-cap{float:left;text-align:center;line-height:1;font-size:50px}.elementor-widget-text-editor .elementor-drop-cap-letter{display:inline-block}<\/style>\t\t\t\t<nav id=\"tours\" class=\"main-nav-top with-banner\">\n<div class=\"container\">\n<div class=\"main-nav-holder\">\n<div class=\"slide-nav js-slide-hidden\">\n<ul id=\"slide-nav-ul\">\n \t<li><a href=\"https:\/\/evivatour.com\/it\/vang-vieng\/\">Tour Vang Vieng<\/a><\/li>\n \t<li><a href=\"https:\/\/evivatour.com\/it\/vang-vieng\/guida-di-viaggio-del-vang-vieng\/\">Guida di Viaggio del Vang Vieng<\/a><\/li>\n \t<li class=\"active\"><a href=\"https:\/\/evivatour.com\/it\/vang-vieng\/il-periodo-migliore-per-visitare-il-vang-vieng\/\">Il Periodo Migliore per Visitare il Vang Vieng<\/a><\/li>\n<\/ul>\n<\/div>\n<\/div>\n<\/div>\n<\/nav>\t\t\t\t\t\t<\/div>\n\t\t\t\t<\/div>\n\t\t\t\t\t<\/div>\n\t\t<\/div>\n\t\t\t\t\t<\/div>\n\t\t<\/section>\n\t\t\t\t<section class=\"elementor-section elementor-top-section elementor-element elementor-element-b91208b elementor-section-boxed elementor-section-height-default elementor-section-height-default\" data-id=\"b91208b\" data-element_type=\"section\">\n\t\t\t\t\t\t<div class=\"elementor-container elementor-column-gap-default\">\n\t\t\t\t\t<div class=\"elementor-column elementor-col-100 elementor-top-column elementor-element elementor-element-c39167f\" data-id=\"c39167f\" data-element_type=\"column\">\n\t\t\t<div class=\"elementor-widget-wrap elementor-element-populated\">\n\t\t\t\t\t\t<div class=\"elementor-element elementor-element-0b29a02 elementor-widget elementor-widget-text-editor\" data-id=\"0b29a02\" data-element_type=\"widget\" data-widget_type=\"text-editor.default\">\n\t\t\t\t<div class=\"elementor-widget-container\">\n\t\t\t\t\t\t\t<p>Annidato nel mezzo di imponenti montagne carsiche calcaree e lussureggianti risaie nel Laos centrale, Vang Vieng appare come una piccola citt\u00e0 sul dorso di un drago. Oltre alla bellezza naturale incontaminata, Vang Vieng \u00e8 in realt\u00e0 una destinazione idilliaca per il relax con tonnellate di bar e ristoranti alla moda e sistemazioni e resort alla moda per tutte le tasche. Tutto ci\u00f2 posiziona Vang Vieng come un paradiso ecologico e vale sicuramente la pena trascorrere qualche giorno nel tuo itinerario in Laos. Avendo caratteristiche del clima tropicale, il tempo di Vang Vieng potrebbe essere difficile da capire per te. In questo articolo, ti forniremo informazioni meteo a Vang Vieng per farti scegliere facilmente il momento migliore per visitare Vang Vieng in base alle tue preferenze.<\/p><h2>Il clima di Vang Vieng al primo sguardo<\/h2><p><strong>La temperatura di Vang Vieng<\/strong><\/p><p>In Vang Vieng, la temperatura media non modifica nei mesi. Considerando umidit\u00e0, puoi sentire caldo in tutti i mesi dell&#8217;anno e le precipitazioni sono scarse.<\/p><p>Se vuoi visitare Vang Vieng nel momento pi\u00f9 caldo, il periodo pi\u00f9 caldo va da aprile a giugno e il mese pi\u00f9 caldo \u00e8 maggio. La temperatura a maggio \u00e8 di circa 35,4\u00b0C di giorno e pu\u00f2 scendere di 24,4\u00b0C di notte.<\/p><p><strong>Precipitazioni (pioggia o neve)<\/strong><\/p><p>Il clima secco ha la pi\u00f9 bassa probabilit\u00e0 di pioggia che si verifica da dicembre a febbraio. Il mese con la minor probabilit\u00e0 di precipitazioni significative \u00e8 febbraio.<\/p><p>Al contrario, se sei come le piogge, il tempo piove spesso a fine luglio con una media di quattro giorni di pioggia in una settimana.<br \/>Quando puoi trovare la neve qui? Le stazioni meteorologiche non hanno mai notato la neve a Vang Vieng prima d&#8217;ora.<\/p><p><strong>Umidit\u00e0 e vento<\/strong><\/p><p>Ha alcuni mesi umidi a Vang Vieng, con altri normali mesi umidi. Marzo \u00e8 il mese meno umido con un&#8217;umidit\u00e0 relativa del 53,6%, luglio \u00e8 il mese pi\u00f9 umido con un&#8217;umidit\u00e0 relativa del 77,1%.<\/p><p>A Vang Vieng, il vento \u00e8 generalmente calmo. Il mese pi\u00f9 ventoso pu\u00f2 essere aprile cos\u00ec come maggio e novembre. La velocit\u00e0 media del vento di questo mese \u00e8 di circa 5,3 nodi. \u00c8 &#8220;una brezza leggera&#8221;.<\/p><h2>Le stagioni di Vang Vieng<\/h2><p><strong>La primavera in Vang Vieng<\/strong><\/p><p>La primavera dura da Marzo a Maggio, e il clima \u00e8 talmente comfortevole. La combinazione dell\u2019umidit\u00e0 e della temperatura fa sentire caldo, con la pi\u00f9 alta temperatura \u00e8 35.4 \u00b0C. Nei quelli mesi, c\u2019\u00e8 2-11 giorni delle pioggie, quindi la primavera \u00e8 considerato il pi\u00f9 basso del tourismo, che \u00e8 l\u2019ottimo periodo per guadare gli affari.<\/p><p><strong>L\u2019estate in Vang Vieng<\/strong><\/p><p>L\u2019estate va da Giugno attraverso Agosta. Il clima dei mesi di met\u00e0 anno \u00e8 abbastanza caldo con temperatura e umidit\u00e0 elevate. Questo tempo \u00e8 il periodo con la pi\u00f9 precipitazione. Ha sempre 12-16 giorni delle pioggie in un mese.<\/p><p><strong>L\u2019autunno in Vang Vieng<\/strong><\/p><p>L&#8217;autunno va da settembre a novembre e il clima \u00e8 piuttosto fresco. La temperatura in questi giorni \u00e8 da 29,8 a 32,2. Quindi puoi stare molto bene con la temperatura e l&#8217;umidit\u00e0 in questo momento. Ci sono 2-10 giorni di pioggia al mese, quindi il turismo \u00e8 piuttosto lento a causa delle piogge.<\/p><p><strong>L\u2019inverno in Vang Vieng<\/strong><\/p><p>L&#8217;inverno va da dicembre a febbraio e il clima \u00e8 perfetto per viaggiare. La temperatura in questi giorni va da 26,2\u00b0C a 33,3\u00b0C, e c&#8217;\u00e8 solo un giorno di pioggia in un mese. Quindi questo periodo \u00e8 considerato l&#8217;alta stagione.<\/p><h2>I mesi pi\u00f9 movimentati e meno affollati<\/h2><p>Febbraio \u00e8 il mese pi\u00f9 trafficato per viaggiare a Vang Vieng, seguito da luglio e novembre. I prezzi per l&#8217;alloggio e il trasporto saranno pi\u00f9 costosi durante questi periodi, quindi dovresti acquistare con largo anticipo se vuoi risparmiare e avere buoni servizi.<\/p><p>A marzo \u00e8 improbabile che i viaggiatori visitino Vang Vieng, ma se sei disposto a visitare in questo momento, probabilmente lo troverai il mese meno costoso.<\/p><h2>Il periodo migliore per visitare Vang Vieng<\/h2><p>Qual \u00e8 il periodo migliore per visitare Vang Vieng? Ecco alcune brevi informazioni per aiutare la tua decisione:<\/p><ul><li>Il mese pi\u00f9 caldo \u00e8 aprile, seguito da febbraio, marzo, maggio e settembre;<\/li><li>Il mese pi\u00f9 freddo dell&#8217;anno \u00e8 gennaio;<\/li><li>Luglio e agosto sono i mesi pi\u00f9 piovosi;<\/li><li>L&#8217;alta stagione \u00e8 l&#8217;inverno e la bassa stagione \u00e8 l&#8217;estate.<\/li><\/ul><p>Il periodo migliore per visitare Vang Vieng \u00e8 l&#8217;inverno (da ottobre a febbraio). In questi tempi, il clima non \u00e8 troppo caldo e l&#8217;umidit\u00e0 pu\u00f2 essere gestibile. Il fiume Nam Song, le piccole cascate, i laghi saranno pieni d&#8217;acqua dopo la pioggia qui e vedrai il verde ovunque durante questa stagione. \u00c8 il momento ideale per fare escursioni, fare trekking in montagna e trovare la fauna selvatica.<\/p><p>Supponiamo di non avere tempo per viaggiare in inverno. La primavera pu\u00f2 essere la seconda scelta. Durante questa stagione, la temperatura \u00e8 molto bella anche durante il giorno.<\/p><p>Ma dipende anche dalle tue attivit\u00e0 preferite. Se vai a Vang Vieng per la tranquillit\u00e0, la stagione estiva (bassa stagione) \u00e8 la scelta migliore. Se ti piacciono le attivit\u00e0 all&#8217;aperto, l&#8217;inverno fa per te.<\/p><h2>Consigli per l&#8217;imballaggio: cosa dovresti portare con te a Vang Vieng?<\/h2><p>Il clima a Vang Vieng \u00e8 caldo tutto l&#8217;anno. Quindi \u00e8 molto facile per te preparare e fare le valigie. Ecco alcune note quando vieni a Vang Vieng:<\/p><ul><li>Documenti da portare: passaporto, visto, biglietto di andata e ritorno, conferma dell&#8217;alloggio, assicurazione di viaggio, fotocopia, tessera del gruppo sanguigno<\/li><li>Vestiario:<br \/>+ Per le donne: camicia di cotone, vestiti, paio di pantaloncini, leggings, scarpe da trekking, giacca antipioggia<br \/>+ Per gli uomini: pantaloncini, maglietta, pantaloni lunghi, un paio di calzini, biancheria intima, scarpe.<\/li><li>Altre cose: cappello, occhiali da sole, repellente per zanzare, diario di viaggio<\/li><\/ul><h2>Insomma<\/h2><p>Dotato di bellezze naturali, Vang Vieng \u00e8 un&#8217;ottima destinazione per alcuni viaggi avventurosi leggeri o in bicicletta per sfuggire alla corsa al successo e ammirare la natura. A seconda della stagione che visiti, ci saranno diversi tipi di attivit\u00e0 per il tuo divertimento a Vang Vien. Pertanto, speriamo che le informazioni di cui sopra ti abbiano aiutato ad avere abbastanza conoscenze per scegliere il momento migliore per visitare Vang Vieng in base ai tuoi interessi.<\/p>\t\t\t\t\t\t<\/div>\n\t\t\t\t<\/div>\n\t\t\t\t\t<\/div>\n\t\t<\/div>\n\t\t\t\t\t<\/div>\n\t\t<\/section>\n\t\t\t\t<section class=\"elementor-section elementor-top-section elementor-element elementor-element-f8d565b elementor-section-boxed elementor-section-height-default elementor-section-height-default\" data-id=\"f8d565b\" data-element_type=\"section\">\n\t\t\t\t\t\t<div class=\"elementor-container elementor-column-gap-default\">\n\t\t\t\t\t<div class=\"elementor-column elementor-col-100 elementor-top-column elementor-element elementor-element-7537ca5\" data-id=\"7537ca5\" data-element_type=\"column\">\n\t\t\t<div class=\"elementor-widget-wrap elementor-element-populated\">\n\t\t\t\t\t\t<div class=\"elementor-element elementor-element-8c1b243 elementor-widget-divider--view-line elementor-widget elementor-widget-divider\" data-id=\"8c1b243\" data-element_type=\"widget\" data-widget_type=\"divider.default\">\n\t\t\t\t<div class=\"elementor-widget-container\">\n\t\t\t<style>\/*! elementor - v3.20.0 - 13-03-2024 *\/\n.elementor-widget-divider{--divider-border-style:none;--divider-border-width:1px;--divider-color:#0c0d0e;--divider-icon-size:20px;--divider-element-spacing:10px;--divider-pattern-height:24px;--divider-pattern-size:20px;--divider-pattern-url:none;--divider-pattern-repeat:repeat-x}.elementor-widget-divider .elementor-divider{display:flex}.elementor-widget-divider .elementor-divider__text{font-size:15px;line-height:1;max-width:95%}.elementor-widget-divider .elementor-divider__element{margin:0 var(--divider-element-spacing);flex-shrink:0}.elementor-widget-divider .elementor-icon{font-size:var(--divider-icon-size)}.elementor-widget-divider .elementor-divider-separator{display:flex;margin:0;direction:ltr}.elementor-widget-divider--view-line_icon .elementor-divider-separator,.elementor-widget-divider--view-line_text .elementor-divider-separator{align-items:center}.elementor-widget-divider--view-line_icon .elementor-divider-separator:after,.elementor-widget-divider--view-line_icon .elementor-divider-separator:before,.elementor-widget-divider--view-line_text .elementor-divider-separator:after,.elementor-widget-divider--view-line_text .elementor-divider-separator:before{display:block;content:\"\";border-block-end:0;flex-grow:1;border-block-start:var(--divider-border-width) var(--divider-border-style) var(--divider-color)}.elementor-widget-divider--element-align-left .elementor-divider .elementor-divider-separator>.elementor-divider__svg:first-of-type{flex-grow:0;flex-shrink:100}.elementor-widget-divider--element-align-left .elementor-divider-separator:before{content:none}.elementor-widget-divider--element-align-left .elementor-divider__element{margin-left:0}.elementor-widget-divider--element-align-right .elementor-divider .elementor-divider-separator>.elementor-divider__svg:last-of-type{flex-grow:0;flex-shrink:100}.elementor-widget-divider--element-align-right .elementor-divider-separator:after{content:none}.elementor-widget-divider--element-align-right .elementor-divider__element{margin-right:0}.elementor-widget-divider--element-align-start .elementor-divider .elementor-divider-separator>.elementor-divider__svg:first-of-type{flex-grow:0;flex-shrink:100}.elementor-widget-divider--element-align-start .elementor-divider-separator:before{content:none}.elementor-widget-divider--element-align-start .elementor-divider__element{margin-inline-start:0}.elementor-widget-divider--element-align-end .elementor-divider .elementor-divider-separator>.elementor-divider__svg:last-of-type{flex-grow:0;flex-shrink:100}.elementor-widget-divider--element-align-end .elementor-divider-separator:after{content:none}.elementor-widget-divider--element-align-end .elementor-divider__element{margin-inline-end:0}.elementor-widget-divider:not(.elementor-widget-divider--view-line_text):not(.elementor-widget-divider--view-line_icon) .elementor-divider-separator{border-block-start:var(--divider-border-width) var(--divider-border-style) var(--divider-color)}.elementor-widget-divider--separator-type-pattern{--divider-border-style:none}.elementor-widget-divider--separator-type-pattern.elementor-widget-divider--view-line .elementor-divider-separator,.elementor-widget-divider--separator-type-pattern:not(.elementor-widget-divider--view-line) .elementor-divider-separator:after,.elementor-widget-divider--separator-type-pattern:not(.elementor-widget-divider--view-line) .elementor-divider-separator:before,.elementor-widget-divider--separator-type-pattern:not([class*=elementor-widget-divider--view]) .elementor-divider-separator{width:100%;min-height:var(--divider-pattern-height);-webkit-mask-size:var(--divider-pattern-size) 100%;mask-size:var(--divider-pattern-size) 100%;-webkit-mask-repeat:var(--divider-pattern-repeat);mask-repeat:var(--divider-pattern-repeat);background-color:var(--divider-color);-webkit-mask-image:var(--divider-pattern-url);mask-image:var(--divider-pattern-url)}.elementor-widget-divider--no-spacing{--divider-pattern-size:auto}.elementor-widget-divider--bg-round{--divider-pattern-repeat:round}.rtl .elementor-widget-divider .elementor-divider__text{direction:rtl}.e-con-inner>.elementor-widget-divider,.e-con>.elementor-widget-divider{width:var(--container-widget-width,100%);--flex-grow:var(--container-widget-flex-grow)}<\/style>\t\t<div class=\"elementor-divider\">\n\t\t\t<span class=\"elementor-divider-separator\">\n\t\t\t\t\t\t<\/span>\n\t\t<\/div>\n\t\t\t\t<\/div>\n\t\t\t\t<\/div>\n\t\t\t\t<div class=\"elementor-element elementor-element-1ab9ff2 elementor-widget elementor-widget-text-editor\" data-id=\"1ab9ff2\" data-element_type=\"widget\" data-widget_type=\"text-editor.default\">\n\t\t\t\t<div class=\"elementor-widget-container\">\n\t\t\t\t\t\t\t<h2>Crea il tuo viaggio su misura in Vang Vieng, Laos<\/h2><p>In <a href=\"https:\/\/evivatour.com\/it\/vang-vieng\/\">viaggio in Vang Vieng<\/a>? Chatta con uno specialista di viaggi locale in Vang Vieng, che pu\u00f2 aiutarti a organizzare il tuo viaggio.<\/p>\t\t\t\t\t\t<\/div>\n\t\t\t\t<\/div>\n\t\t\t\t<div class=\"elementor-element elementor-element-8ed9d3c elementor-align-center elementor-widget elementor-widget-button\" data-id=\"8ed9d3c\" data-element_type=\"widget\" data-widget_type=\"button.default\">\n\t\t\t\t<div class=\"elementor-widget-container\">\n\t\t\t\t\t<div class=\"elementor-button-wrapper\">\n\t\t\t<a class=\"elementor-button elementor-button-link elementor-size-sm\" href=\"https:\/\/evivatour.com\/it\/personalizza-il-tuo-tour\/\">\n\t\t\t\t\t\t<span class=\"elementor-button-content-wrapper\">\n\t\t\t\t\t\t<span class=\"elementor-button-text\">COMINCIA QUI<\/span>\n\t\t<\/span>\n\t\t\t\t\t<\/a>\n\t\t<\/div>\n\t\t\t\t<\/div>\n\t\t\t\t<\/div>\n\t\t\t\t\t<\/div>\n\t\t<\/div>\n\t\t\t\t\t<\/div>\n\t\t<\/section>\n\t\t\t\t<\/div>\n\t\t","protected":false},"excerpt":{"rendered":"<p>Tour Vang Vieng Guida di Viaggio del Vang Vieng Il Periodo Migliore per Visitare il Vang Vieng Annidato nel mezzo di imponenti montagne carsiche calcaree e lussureggianti risaie nel Laos centrale, Vang Vieng appare come una piccola citt\u00e0 sul dorso di un drago. Oltre alla bellezza naturale incontaminata, Vang Vieng \u00e8 in realt\u00e0 una destinazione [&hellip;]<\/p>\n","protected":false},"author":1,"featured_media":0,"parent":10949,"menu_order":0,"comment_status":"closed","ping_status":"closed","template":"","meta":{"inline_featured_image":false,"footnotes":""},"class_list":["post-10951","page","type-page","status-publish","hentry"],"yoast_head":"<!-- This site is optimized with the Yoast SEO plugin v26.9 - https:\/\/yoast.com\/product\/yoast-seo-wordpress\/ -->\n<title>Periodo migliore da visitare Van Vieng, Laos | Eviva Tour Vietnam<\/title>\n<meta name=\"description\" content=\"Questo articolo mostra i dettagli sul clima di Vang Vieng. Per questo, \u00e8 una buona base per capire il periodo migliore per visitare Vang Vieng.\" \/>\n<meta name=\"robots\" content=\"index, follow, max-snippet:-1, max-image-preview:large, max-video-preview:-1\" \/>\n<link rel=\"canonical\" href=\"https:\/\/evivatour.com\/it\/vang-vieng\/il-periodo-migliore-per-visitare-il-vang-vieng\/\" \/>\n<meta property=\"og:locale\" content=\"en_US\" \/>\n<meta property=\"og:type\" content=\"article\" \/>\n<meta property=\"og:title\" content=\"Periodo migliore da visitare Van Vieng, Laos | Eviva Tour Vietnam\" \/>\n<meta property=\"og:description\" content=\"Questo articolo mostra i dettagli sul clima di Vang Vieng. Per questo, \u00e8 una buona base per capire il periodo migliore per visitare Vang Vieng.\" \/>\n<meta property=\"og:url\" content=\"https:\/\/evivatour.com\/it\/vang-vieng\/il-periodo-migliore-per-visitare-il-vang-vieng\/\" \/>\n<meta property=\"og:site_name\" content=\"Eviva Tour\" \/>\n<meta property=\"article:modified_time\" content=\"2023-11-10T01:54:49+00:00\" \/>\n<meta name=\"twitter:card\" content=\"summary_large_image\" \/>\n<meta name=\"twitter:label1\" content=\"Est. reading time\" \/>\n\t<meta name=\"twitter:data1\" content=\"5 minutes\" \/>\n<script type=\"application\/ld+json\" class=\"yoast-schema-graph\">{\"@context\":\"https:\/\/schema.org\",\"@graph\":[{\"@type\":\"WebPage\",\"@id\":\"https:\/\/evivatour.com\/it\/vang-vieng\/il-periodo-migliore-per-visitare-il-vang-vieng\/\",\"url\":\"https:\/\/evivatour.com\/it\/vang-vieng\/il-periodo-migliore-per-visitare-il-vang-vieng\/\",\"name\":\"Periodo migliore da visitare Van Vieng, Laos | Eviva Tour Vietnam\",\"isPartOf\":{\"@id\":\"https:\/\/evivatour.com\/it\/#website\"},\"datePublished\":\"2021-09-25T10:42:37+00:00\",\"dateModified\":\"2023-11-10T01:54:49+00:00\",\"description\":\"Questo articolo mostra i dettagli sul clima di Vang Vieng. Per questo, \u00e8 una buona base per capire il periodo migliore per visitare Vang Vieng.\",\"breadcrumb\":{\"@id\":\"https:\/\/evivatour.com\/it\/vang-vieng\/il-periodo-migliore-per-visitare-il-vang-vieng\/#breadcrumb\"},\"inLanguage\":\"en-US\",\"potentialAction\":[{\"@type\":\"ReadAction\",\"target\":[\"https:\/\/evivatour.com\/it\/vang-vieng\/il-periodo-migliore-per-visitare-il-vang-vieng\/\"]}]},{\"@type\":\"BreadcrumbList\",\"@id\":\"https:\/\/evivatour.com\/it\/vang-vieng\/il-periodo-migliore-per-visitare-il-vang-vieng\/#breadcrumb\",\"itemListElement\":[{\"@type\":\"ListItem\",\"position\":1,\"name\":\"Home\",\"item\":\"https:\/\/evivatour.com\/it\/\"},{\"@type\":\"ListItem\",\"position\":2,\"name\":\"Vang Vieng Tour e Viaggi 2026\",\"item\":\"https:\/\/evivatour.com\/it\/vang-vieng\/\"},{\"@type\":\"ListItem\",\"position\":3,\"name\":\"Il Periodo Migliore per Visitare il Vang Vieng\"}]},{\"@type\":\"WebSite\",\"@id\":\"https:\/\/evivatour.com\/it\/#website\",\"url\":\"https:\/\/evivatour.com\/it\/\",\"name\":\"Eviva Tour\",\"description\":\"Smile every mile\",\"publisher\":{\"@id\":\"https:\/\/evivatour.com\/it\/#organization\"},\"potentialAction\":[{\"@type\":\"SearchAction\",\"target\":{\"@type\":\"EntryPoint\",\"urlTemplate\":\"https:\/\/evivatour.com\/it\/?s={search_term_string}\"},\"query-input\":{\"@type\":\"PropertyValueSpecification\",\"valueRequired\":true,\"valueName\":\"search_term_string\"}}],\"inLanguage\":\"en-US\"},{\"@type\":\"Organization\",\"@id\":\"https:\/\/evivatour.com\/it\/#organization\",\"name\":\"Eviva Tour\",\"url\":\"https:\/\/evivatour.com\/it\/\",\"logo\":{\"@type\":\"ImageObject\",\"inLanguage\":\"en-US\",\"@id\":\"https:\/\/evivatour.com\/it\/#\/schema\/logo\/image\/\",\"url\":\"https:\/\/evivatour.com\/it\/wp-content\/uploads\/2021\/08\/cropped-eviva-tour-vietnam.png\",\"contentUrl\":\"https:\/\/evivatour.com\/it\/wp-content\/uploads\/2021\/08\/cropped-eviva-tour-vietnam.png\",\"width\":280,\"height\":185,\"caption\":\"Eviva Tour\"},\"image\":{\"@id\":\"https:\/\/evivatour.com\/it\/#\/schema\/logo\/image\/\"}}]}<\/script>\n<!-- \/ Yoast SEO plugin. -->","yoast_head_json":{"title":"Periodo migliore da visitare Van Vieng, Laos | Eviva Tour Vietnam","description":"Questo articolo mostra i dettagli sul clima di Vang Vieng. Per questo, \u00e8 una buona base per capire il periodo migliore per visitare Vang Vieng.","robots":{"index":"index","follow":"follow","max-snippet":"max-snippet:-1","max-image-preview":"max-image-preview:large","max-video-preview":"max-video-preview:-1"},"canonical":"https:\/\/evivatour.com\/it\/vang-vieng\/il-periodo-migliore-per-visitare-il-vang-vieng\/","og_locale":"en_US","og_type":"article","og_title":"Periodo migliore da visitare Van Vieng, Laos | Eviva Tour Vietnam","og_description":"Questo articolo mostra i dettagli sul clima di Vang Vieng. Per questo, \u00e8 una buona base per capire il periodo migliore per visitare Vang Vieng.","og_url":"https:\/\/evivatour.com\/it\/vang-vieng\/il-periodo-migliore-per-visitare-il-vang-vieng\/","og_site_name":"Eviva Tour","article_modified_time":"2023-11-10T01:54:49+00:00","twitter_card":"summary_large_image","twitter_misc":{"Est. reading time":"5 minutes"},"schema":{"@context":"https:\/\/schema.org","@graph":[{"@type":"WebPage","@id":"https:\/\/evivatour.com\/it\/vang-vieng\/il-periodo-migliore-per-visitare-il-vang-vieng\/","url":"https:\/\/evivatour.com\/it\/vang-vieng\/il-periodo-migliore-per-visitare-il-vang-vieng\/","name":"Periodo migliore da visitare Van Vieng, Laos | Eviva Tour Vietnam","isPartOf":{"@id":"https:\/\/evivatour.com\/it\/#website"},"datePublished":"2021-09-25T10:42:37+00:00","dateModified":"2023-11-10T01:54:49+00:00","description":"Questo articolo mostra i dettagli sul clima di Vang Vieng. Per questo, \u00e8 una buona base per capire il periodo migliore per visitare Vang Vieng.","breadcrumb":{"@id":"https:\/\/evivatour.com\/it\/vang-vieng\/il-periodo-migliore-per-visitare-il-vang-vieng\/#breadcrumb"},"inLanguage":"en-US","potentialAction":[{"@type":"ReadAction","target":["https:\/\/evivatour.com\/it\/vang-vieng\/il-periodo-migliore-per-visitare-il-vang-vieng\/"]}]},{"@type":"BreadcrumbList","@id":"https:\/\/evivatour.com\/it\/vang-vieng\/il-periodo-migliore-per-visitare-il-vang-vieng\/#breadcrumb","itemListElement":[{"@type":"ListItem","position":1,"name":"Home","item":"https:\/\/evivatour.com\/it\/"},{"@type":"ListItem","position":2,"name":"Vang Vieng Tour e Viaggi 2026","item":"https:\/\/evivatour.com\/it\/vang-vieng\/"},{"@type":"ListItem","position":3,"name":"Il Periodo Migliore per Visitare il Vang Vieng"}]},{"@type":"WebSite","@id":"https:\/\/evivatour.com\/it\/#website","url":"https:\/\/evivatour.com\/it\/","name":"Eviva Tour","description":"Smile every mile","publisher":{"@id":"https:\/\/evivatour.com\/it\/#organization"},"potentialAction":[{"@type":"SearchAction","target":{"@type":"EntryPoint","urlTemplate":"https:\/\/evivatour.com\/it\/?s={search_term_string}"},"query-input":{"@type":"PropertyValueSpecification","valueRequired":true,"valueName":"search_term_string"}}],"inLanguage":"en-US"},{"@type":"Organization","@id":"https:\/\/evivatour.com\/it\/#organization","name":"Eviva Tour","url":"https:\/\/evivatour.com\/it\/","logo":{"@type":"ImageObject","inLanguage":"en-US","@id":"https:\/\/evivatour.com\/it\/#\/schema\/logo\/image\/","url":"https:\/\/evivatour.com\/it\/wp-content\/uploads\/2021\/08\/cropped-eviva-tour-vietnam.png","contentUrl":"https:\/\/evivatour.com\/it\/wp-content\/uploads\/2021\/08\/cropped-eviva-tour-vietnam.png","width":280,"height":185,"caption":"Eviva Tour"},"image":{"@id":"https:\/\/evivatour.com\/it\/#\/schema\/logo\/image\/"}}]}},"_links":{"self":[{"href":"https:\/\/evivatour.com\/it\/wp-json\/wp\/v2\/pages\/10951","targetHints":{"allow":["GET"]}}],"collection":[{"href":"https:\/\/evivatour.com\/it\/wp-json\/wp\/v2\/pages"}],"about":[{"href":"https:\/\/evivatour.com\/it\/wp-json\/wp\/v2\/types\/page"}],"author":[{"embeddable":true,"href":"https:\/\/evivatour.com\/it\/wp-json\/wp\/v2\/users\/1"}],"replies":[{"embeddable":true,"href":"https:\/\/evivatour.com\/it\/wp-json\/wp\/v2\/comments?post=10951"}],"version-history":[{"count":2,"href":"https:\/\/evivatour.com\/it\/wp-json\/wp\/v2\/pages\/10951\/revisions"}],"predecessor-version":[{"id":17168,"href":"https:\/\/evivatour.com\/it\/wp-json\/wp\/v2\/pages\/10951\/revisions\/17168"}],"up":[{"embeddable":true,"href":"https:\/\/evivatour.com\/it\/wp-json\/wp\/v2\/pages\/10949"}],"wp:attachment":[{"href":"https:\/\/evivatour.com\/it\/wp-json\/wp\/v2\/media?parent=10951"}],"curies":[{"name":"wp","href":"https:\/\/api.w.org\/{rel}","templated":true}]}}