{"id":14854,"date":"2022-04-18T09:01:50","date_gmt":"2022-04-18T02:01:50","guid":{"rendered":"https:\/\/evivatour.com\/it\/?page_id=14854"},"modified":"2023-11-14T11:13:58","modified_gmt":"2023-11-14T04:13:58","slug":"il-periodo-migliore-per-visitare-il-pu-luong","status":"publish","type":"page","link":"https:\/\/evivatour.com\/it\/pu-luong\/il-periodo-migliore-per-visitare-il-pu-luong\/","title":{"rendered":"Il Periodo Migliore per Visitare il Pu Luong"},"content":{"rendered":"\t\t<div data-elementor-type=\"wp-page\" data-elementor-id=\"14854\" class=\"elementor elementor-14854\">\n\t\t\t\t\t\t<section class=\"elementor-section elementor-top-section elementor-element elementor-element-e272e1b elementor-section-stretched elementor-section-boxed elementor-section-height-default elementor-section-height-default\" data-id=\"e272e1b\" data-element_type=\"section\" data-settings=\"{&quot;stretch_section&quot;:&quot;section-stretched&quot;,&quot;background_background&quot;:&quot;classic&quot;}\">\n\t\t\t\t\t\t<div class=\"elementor-container elementor-column-gap-no\">\n\t\t\t\t\t<div class=\"elementor-column elementor-col-100 elementor-top-column elementor-element elementor-element-737bf0d\" data-id=\"737bf0d\" data-element_type=\"column\">\n\t\t\t<div class=\"elementor-widget-wrap elementor-element-populated\">\n\t\t\t\t\t\t<div class=\"elementor-element elementor-element-b831de5 elementor-widget elementor-widget-text-editor\" data-id=\"b831de5\" data-element_type=\"widget\" data-widget_type=\"text-editor.default\">\n\t\t\t\t<div class=\"elementor-widget-container\">\n\t\t\t<style>\/*! elementor - v3.20.0 - 13-03-2024 *\/\n.elementor-widget-text-editor.elementor-drop-cap-view-stacked .elementor-drop-cap{background-color:#69727d;color:#fff}.elementor-widget-text-editor.elementor-drop-cap-view-framed .elementor-drop-cap{color:#69727d;border:3px solid;background-color:transparent}.elementor-widget-text-editor:not(.elementor-drop-cap-view-default) .elementor-drop-cap{margin-top:8px}.elementor-widget-text-editor:not(.elementor-drop-cap-view-default) .elementor-drop-cap-letter{width:1em;height:1em}.elementor-widget-text-editor .elementor-drop-cap{float:left;text-align:center;line-height:1;font-size:50px}.elementor-widget-text-editor .elementor-drop-cap-letter{display:inline-block}<\/style>\t\t\t\t<nav id=\"tours\" class=\"main-nav-top with-banner\">\n<div class=\"container\">\n<div class=\"main-nav-holder\">\n<div class=\"slide-nav js-slide-hidden\">\n<ul id=\"slide-nav-ul\">\n \t<li><a href=\"https:\/\/evivatour.com\/it\/pu-luong\/\">Tour Pu Luong<\/a><\/li>\n \t<li><a href=\"https:\/\/evivatour.com\/it\/pu-luong\/guida-di-viaggio-del-pu-luong\/\">Guida di Viaggio del Pu Luong<\/a><\/li>\n \t<li class=\"active\"><a href=\"https:\/\/evivatour.com\/it\/pu-luong\/il-periodo-migliore-per-visitare-il-pu-luong\/\">Il Periodo Migliore per Visitare il Pu Luong<\/a><\/li>\n<\/ul>\n<\/div>\n<\/div>\n<\/div>\n<\/nav>\t\t\t\t\t\t<\/div>\n\t\t\t\t<\/div>\n\t\t\t\t\t<\/div>\n\t\t<\/div>\n\t\t\t\t\t<\/div>\n\t\t<\/section>\n\t\t\t\t<section class=\"elementor-section elementor-top-section elementor-element elementor-element-b91208b elementor-section-boxed elementor-section-height-default elementor-section-height-default\" data-id=\"b91208b\" data-element_type=\"section\">\n\t\t\t\t\t\t<div class=\"elementor-container elementor-column-gap-default\">\n\t\t\t\t\t<div class=\"elementor-column elementor-col-100 elementor-top-column elementor-element elementor-element-c39167f\" data-id=\"c39167f\" data-element_type=\"column\">\n\t\t\t<div class=\"elementor-widget-wrap elementor-element-populated\">\n\t\t\t\t\t\t<div class=\"elementor-element elementor-element-0b29a02 elementor-widget elementor-widget-text-editor\" data-id=\"0b29a02\" data-element_type=\"widget\" data-widget_type=\"text-editor.default\">\n\t\t\t\t<div class=\"elementor-widget-container\">\n\t\t\t\t\t\t\t<p>Pu Luong ha anche quattro stagione distinto nel Vietnam settentrionale: Primavera, Estate, Autunno e Inverno. Come nella zona a clima subtropicale, la temperatura nel Pu Luong scende normalmente tra 18 \u00b0C e 38 \u00b0C ( 64-100 \u00b0F).<\/p><p>Si dice che il periodo migliore per visitare Pu Luong si durante due i propri periodi di racolto: da fine maggio a inizio giugno o settembre e ottobre. Dalla cima della valle, puoi vedere il panorama di splendide risaie uniformi che coprono pendii montuosi a gradini e circondate da immense foreste verdi alla luce del sole. Il clima autunnale di settembre e ottobre sar\u00e0 pi\u00f9 adatto agli occidentali rispetto ai caldi e umidi mesi estivi. Ma c&#8217;\u00e8 qualcosa in pi\u00f9 in questa terra da scoprire di quanto non lo sia solo nel suo periodo d&#8217;oro ed evitare l&#8217;alta stagione dei viaggi.<\/p><h2>In primavera ( da Febrario a Aprile): Stagione dell&#8217;identit\u00e0<\/h2><p>La temperatura durante questi mesi \u00e8 compresa tra 18 e 25 \u00b0C (64-77 \u00b0F). Il clima \u00e8 mite e un po&#8217; freddo. La primavera \u00e8 il periodo ideale per feste e attivit\u00e0 all&#8217;aperto. Anche l&#8217;atmosfera festosa del capodanno lunare nell&#8217;altopiano del Vietnam \u00e8 diversa e distintiva.<\/p><p>All&#8217;inizio dell&#8217;anno, la gente del posto ha pi\u00f9 tempo per riunirsi per incontrare la famiglia e gli amici dopo un anno di lavoro intenso. Parleranno con entusiasmo di raccolti impegnativi, scambi, feste, matrimoni, pettegolezzi&#8230; Tutto \u00e8 passato nell&#8217;ultimo anno e cosa si aspettano per il nuovo anno. Le persone etniche Thai e Muong passeranno piacevolmente per le strade con i loro nuovi abiti dai colori vivaci sotto i ciliegi in fiore tra le montagne per partecipare ai festival primaverili. Pregano per un nuovo anno generoso, giocano a giochi popolari e ballano insieme.<\/p><p>Un altro momento clou della primavera nell&#8217;altopiano sono i mercati fieristici, che offrono un&#8217;affascinante esperienza di viaggio indietro nel tempo. Partecipare ai mercati locali \u00e8 il modo pi\u00f9 semplice per immergersi nella cultura locale. Le merci nei mercati sono principalmente di produzione propria come broccato, vino, verdure di stagione, insetti, frutta fresca, coltelli, vestiti colorati, gioielli&#8230;<\/p><h2>In estate (da Maggio a Agosto) : Stagione di attivit\u00e0 divertenti<\/h2><p>Durante questo periodo, il clima di Pu Luong cambia drasticamente tra il giorno e la notte. Le temperature saliranno di giorno a causa del vento di Foehn da sud-ovest. L&#8217;ora pi\u00f9 calda \u00e8 tra le 11:00 e le 15:00 e pu\u00f2 raggiungere i 38 \u00b0C (64 \u2013 100 \u00b0F). Durante la notte, l&#8217;aria pi\u00f9 fresca trabocca rapidamente nella valle dalle montagne e potrebbe gelare.<\/p><p>L&#8217;estate \u00e8 anche una delle stagioni di punta per recarsi a Pu Luong mentre entra nella prima stagione della raccolta. Ci sono infinite cose da fare in estate qui: trekking, trekking, maratona, campeggio nella foresta; scivolare su una zattera di bamb\u00f9, ritirarsi nei rifugi rustici e idilliaci, scatenarsi nei freschi e freschi ruscelli, gustare le specialit\u00e0 di montagna&#8230; L&#8217;inizio dell&#8217;estate mite \u00e8 adatto per gite in famiglia o amici intimi per godersi attivit\u00e0 all&#8217;aria aperta, ammirare il maestoso paesaggio e trascorrere momenti indimenticabili foto del check-in.<\/p><h2>In Autunno ( Settembre &amp; Ottobre) : Clima pi\u00f9 mite per godersi la natura e lo stile di vita di Pu Luong<\/h2><p>Questo periodo \u00e8 il secondo raccolto di riso dell&#8217;anno, ma il clima \u00e8 mite e piacevole per i visitatori che desiderano fare un viaggio favoloso. La temperatura media \u00e8 compresa tra 18 e 23\u00b0C (64 \u2013 77\u00b0F). Durante il giorno, i viaggiatori possono rilassarsi godendosi il clima ventilato che porta l&#8217;odore del fragrante riso maturo. Di notte, la temperatura pu\u00f2 scendere fino a 15\u00b0C (59\u00b0F).<\/p><h2>In Inverno (Da Novembre da Gennaio): Fredda e Secca<\/h2><p>Da novembre a dicembre sono i mesi pi\u00f9 freddi dell&#8217;anno con vento gelido e forte nebbia al presta mattina e a tarda notte. Le temperature scendono tra 10\u00b0C e 12\u00b0C durante la notte e tra 14\u00b0C e 18\u00b0C nel pomeriggio.<\/p><p>Nonostante la temperatura sia bassa, questo periodo dell&#8217;anno \u00e8 perfetto per gli amanti del trekking a causa dell&#8217;aria secca. Gli escursionisti possono addentrarsi nella giungla e sulle montagne, visitare i villaggi locali, sedersi accanto alla stufa a legna e ascoltare il suono del vento che soffia forte all&#8217;esterno<\/p>\t\t\t\t\t\t<\/div>\n\t\t\t\t<\/div>\n\t\t\t\t\t<\/div>\n\t\t<\/div>\n\t\t\t\t\t<\/div>\n\t\t<\/section>\n\t\t\t\t<section class=\"elementor-section elementor-top-section elementor-element elementor-element-f8d565b elementor-section-boxed elementor-section-height-default elementor-section-height-default\" data-id=\"f8d565b\" data-element_type=\"section\">\n\t\t\t\t\t\t<div class=\"elementor-container elementor-column-gap-default\">\n\t\t\t\t\t<div class=\"elementor-column elementor-col-100 elementor-top-column elementor-element elementor-element-7537ca5\" data-id=\"7537ca5\" data-element_type=\"column\">\n\t\t\t<div class=\"elementor-widget-wrap elementor-element-populated\">\n\t\t\t\t\t\t<div class=\"elementor-element elementor-element-8c1b243 elementor-widget-divider--view-line elementor-widget elementor-widget-divider\" data-id=\"8c1b243\" data-element_type=\"widget\" data-widget_type=\"divider.default\">\n\t\t\t\t<div class=\"elementor-widget-container\">\n\t\t\t<style>\/*! elementor - v3.20.0 - 13-03-2024 *\/\n.elementor-widget-divider{--divider-border-style:none;--divider-border-width:1px;--divider-color:#0c0d0e;--divider-icon-size:20px;--divider-element-spacing:10px;--divider-pattern-height:24px;--divider-pattern-size:20px;--divider-pattern-url:none;--divider-pattern-repeat:repeat-x}.elementor-widget-divider .elementor-divider{display:flex}.elementor-widget-divider .elementor-divider__text{font-size:15px;line-height:1;max-width:95%}.elementor-widget-divider .elementor-divider__element{margin:0 var(--divider-element-spacing);flex-shrink:0}.elementor-widget-divider .elementor-icon{font-size:var(--divider-icon-size)}.elementor-widget-divider .elementor-divider-separator{display:flex;margin:0;direction:ltr}.elementor-widget-divider--view-line_icon .elementor-divider-separator,.elementor-widget-divider--view-line_text .elementor-divider-separator{align-items:center}.elementor-widget-divider--view-line_icon .elementor-divider-separator:after,.elementor-widget-divider--view-line_icon .elementor-divider-separator:before,.elementor-widget-divider--view-line_text .elementor-divider-separator:after,.elementor-widget-divider--view-line_text .elementor-divider-separator:before{display:block;content:\"\";border-block-end:0;flex-grow:1;border-block-start:var(--divider-border-width) var(--divider-border-style) var(--divider-color)}.elementor-widget-divider--element-align-left .elementor-divider .elementor-divider-separator>.elementor-divider__svg:first-of-type{flex-grow:0;flex-shrink:100}.elementor-widget-divider--element-align-left .elementor-divider-separator:before{content:none}.elementor-widget-divider--element-align-left .elementor-divider__element{margin-left:0}.elementor-widget-divider--element-align-right .elementor-divider .elementor-divider-separator>.elementor-divider__svg:last-of-type{flex-grow:0;flex-shrink:100}.elementor-widget-divider--element-align-right .elementor-divider-separator:after{content:none}.elementor-widget-divider--element-align-right .elementor-divider__element{margin-right:0}.elementor-widget-divider--element-align-start .elementor-divider .elementor-divider-separator>.elementor-divider__svg:first-of-type{flex-grow:0;flex-shrink:100}.elementor-widget-divider--element-align-start .elementor-divider-separator:before{content:none}.elementor-widget-divider--element-align-start .elementor-divider__element{margin-inline-start:0}.elementor-widget-divider--element-align-end .elementor-divider .elementor-divider-separator>.elementor-divider__svg:last-of-type{flex-grow:0;flex-shrink:100}.elementor-widget-divider--element-align-end .elementor-divider-separator:after{content:none}.elementor-widget-divider--element-align-end .elementor-divider__element{margin-inline-end:0}.elementor-widget-divider:not(.elementor-widget-divider--view-line_text):not(.elementor-widget-divider--view-line_icon) .elementor-divider-separator{border-block-start:var(--divider-border-width) var(--divider-border-style) var(--divider-color)}.elementor-widget-divider--separator-type-pattern{--divider-border-style:none}.elementor-widget-divider--separator-type-pattern.elementor-widget-divider--view-line .elementor-divider-separator,.elementor-widget-divider--separator-type-pattern:not(.elementor-widget-divider--view-line) .elementor-divider-separator:after,.elementor-widget-divider--separator-type-pattern:not(.elementor-widget-divider--view-line) .elementor-divider-separator:before,.elementor-widget-divider--separator-type-pattern:not([class*=elementor-widget-divider--view]) .elementor-divider-separator{width:100%;min-height:var(--divider-pattern-height);-webkit-mask-size:var(--divider-pattern-size) 100%;mask-size:var(--divider-pattern-size) 100%;-webkit-mask-repeat:var(--divider-pattern-repeat);mask-repeat:var(--divider-pattern-repeat);background-color:var(--divider-color);-webkit-mask-image:var(--divider-pattern-url);mask-image:var(--divider-pattern-url)}.elementor-widget-divider--no-spacing{--divider-pattern-size:auto}.elementor-widget-divider--bg-round{--divider-pattern-repeat:round}.rtl .elementor-widget-divider .elementor-divider__text{direction:rtl}.e-con-inner>.elementor-widget-divider,.e-con>.elementor-widget-divider{width:var(--container-widget-width,100%);--flex-grow:var(--container-widget-flex-grow)}<\/style>\t\t<div class=\"elementor-divider\">\n\t\t\t<span class=\"elementor-divider-separator\">\n\t\t\t\t\t\t<\/span>\n\t\t<\/div>\n\t\t\t\t<\/div>\n\t\t\t\t<\/div>\n\t\t\t\t<div class=\"elementor-element elementor-element-1ab9ff2 elementor-widget elementor-widget-text-editor\" data-id=\"1ab9ff2\" data-element_type=\"widget\" data-widget_type=\"text-editor.default\">\n\t\t\t\t<div class=\"elementor-widget-container\">\n\t\t\t\t\t\t\t<h2>Crea il tuo viaggio su misura in Pu Luong, Vietnam<\/h2><p>In <a href=\"https:\/\/evivatour.com\/it\/pu-luong\/\">viaggio in Pu Luong<\/a>? Chatta con uno specialista di viaggi locale in Pu Luong, che pu\u00f2 aiutarti a organizzare il tuo viaggio.<\/p>\t\t\t\t\t\t<\/div>\n\t\t\t\t<\/div>\n\t\t\t\t<div class=\"elementor-element elementor-element-8ed9d3c elementor-align-center elementor-widget elementor-widget-button\" data-id=\"8ed9d3c\" data-element_type=\"widget\" data-widget_type=\"button.default\">\n\t\t\t\t<div class=\"elementor-widget-container\">\n\t\t\t\t\t<div class=\"elementor-button-wrapper\">\n\t\t\t<a class=\"elementor-button elementor-button-link elementor-size-sm\" href=\"https:\/\/evivatour.com\/it\/personalizza-il-tuo-tour\/\">\n\t\t\t\t\t\t<span class=\"elementor-button-content-wrapper\">\n\t\t\t\t\t\t<span class=\"elementor-button-text\">COMINCIA QUI<\/span>\n\t\t<\/span>\n\t\t\t\t\t<\/a>\n\t\t<\/div>\n\t\t\t\t<\/div>\n\t\t\t\t<\/div>\n\t\t\t\t\t<\/div>\n\t\t<\/div>\n\t\t\t\t\t<\/div>\n\t\t<\/section>\n\t\t\t\t<\/div>\n\t\t","protected":false},"excerpt":{"rendered":"<p>Tour Pu Luong Guida di Viaggio del Pu Luong Il Periodo Migliore per Visitare il Pu Luong Pu Luong ha anche quattro stagione distinto nel Vietnam settentrionale: Primavera, Estate, Autunno e Inverno. Come nella zona a clima subtropicale, la temperatura nel Pu Luong scende normalmente tra 18 \u00b0C e 38 \u00b0C ( 64-100 \u00b0F). Si [&hellip;]<\/p>\n","protected":false},"author":1,"featured_media":0,"parent":14843,"menu_order":0,"comment_status":"closed","ping_status":"closed","template":"","meta":{"inline_featured_image":false,"footnotes":""},"class_list":["post-14854","page","type-page","status-publish","hentry"],"yoast_head":"<!-- This site is optimized with the Yoast SEO plugin v26.9 - https:\/\/yoast.com\/product\/yoast-seo-wordpress\/ -->\n<title>Periodo migliore da visitare Pu Luong Nature Reserve, Vietnam | Evivatour.com<\/title>\n<meta name=\"description\" content=\"Si dice che il periodo migliore per visitare Pu Luong sia durante i suoi due raccolti: da fine maggio a inizio giugno o a settembre e ottobre.\" \/>\n<meta name=\"robots\" content=\"index, follow, max-snippet:-1, max-image-preview:large, max-video-preview:-1\" \/>\n<link rel=\"canonical\" href=\"https:\/\/evivatour.com\/it\/pu-luong\/il-periodo-migliore-per-visitare-il-pu-luong\/\" \/>\n<meta property=\"og:locale\" content=\"en_US\" \/>\n<meta property=\"og:type\" content=\"article\" \/>\n<meta property=\"og:title\" content=\"Periodo migliore da visitare Pu Luong Nature Reserve, Vietnam | Evivatour.com\" \/>\n<meta property=\"og:description\" content=\"Si dice che il periodo migliore per visitare Pu Luong sia durante i suoi due raccolti: da fine maggio a inizio giugno o a settembre e ottobre.\" \/>\n<meta property=\"og:url\" content=\"https:\/\/evivatour.com\/it\/pu-luong\/il-periodo-migliore-per-visitare-il-pu-luong\/\" \/>\n<meta property=\"og:site_name\" content=\"Eviva Tour\" \/>\n<meta property=\"article:modified_time\" content=\"2023-11-14T04:13:58+00:00\" \/>\n<meta name=\"twitter:card\" content=\"summary_large_image\" \/>\n<meta name=\"twitter:label1\" content=\"Est. reading time\" \/>\n\t<meta name=\"twitter:data1\" content=\"4 minutes\" \/>\n<script type=\"application\/ld+json\" class=\"yoast-schema-graph\">{\"@context\":\"https:\/\/schema.org\",\"@graph\":[{\"@type\":\"WebPage\",\"@id\":\"https:\/\/evivatour.com\/it\/pu-luong\/il-periodo-migliore-per-visitare-il-pu-luong\/\",\"url\":\"https:\/\/evivatour.com\/it\/pu-luong\/il-periodo-migliore-per-visitare-il-pu-luong\/\",\"name\":\"Periodo migliore da visitare Pu Luong Nature Reserve, Vietnam | Evivatour.com\",\"isPartOf\":{\"@id\":\"https:\/\/evivatour.com\/it\/#website\"},\"datePublished\":\"2022-04-18T02:01:50+00:00\",\"dateModified\":\"2023-11-14T04:13:58+00:00\",\"description\":\"Si dice che il periodo migliore per visitare Pu Luong sia durante i suoi due raccolti: da fine maggio a inizio giugno o a settembre e ottobre.\",\"breadcrumb\":{\"@id\":\"https:\/\/evivatour.com\/it\/pu-luong\/il-periodo-migliore-per-visitare-il-pu-luong\/#breadcrumb\"},\"inLanguage\":\"en-US\",\"potentialAction\":[{\"@type\":\"ReadAction\",\"target\":[\"https:\/\/evivatour.com\/it\/pu-luong\/il-periodo-migliore-per-visitare-il-pu-luong\/\"]}]},{\"@type\":\"BreadcrumbList\",\"@id\":\"https:\/\/evivatour.com\/it\/pu-luong\/il-periodo-migliore-per-visitare-il-pu-luong\/#breadcrumb\",\"itemListElement\":[{\"@type\":\"ListItem\",\"position\":1,\"name\":\"Home\",\"item\":\"https:\/\/evivatour.com\/it\/\"},{\"@type\":\"ListItem\",\"position\":2,\"name\":\"Pu Luong Tour e Viaggi 2026\",\"item\":\"https:\/\/evivatour.com\/it\/pu-luong\/\"},{\"@type\":\"ListItem\",\"position\":3,\"name\":\"Il Periodo Migliore per Visitare il Pu Luong\"}]},{\"@type\":\"WebSite\",\"@id\":\"https:\/\/evivatour.com\/it\/#website\",\"url\":\"https:\/\/evivatour.com\/it\/\",\"name\":\"Eviva Tour\",\"description\":\"Smile every mile\",\"publisher\":{\"@id\":\"https:\/\/evivatour.com\/it\/#organization\"},\"potentialAction\":[{\"@type\":\"SearchAction\",\"target\":{\"@type\":\"EntryPoint\",\"urlTemplate\":\"https:\/\/evivatour.com\/it\/?s={search_term_string}\"},\"query-input\":{\"@type\":\"PropertyValueSpecification\",\"valueRequired\":true,\"valueName\":\"search_term_string\"}}],\"inLanguage\":\"en-US\"},{\"@type\":\"Organization\",\"@id\":\"https:\/\/evivatour.com\/it\/#organization\",\"name\":\"Eviva Tour\",\"url\":\"https:\/\/evivatour.com\/it\/\",\"logo\":{\"@type\":\"ImageObject\",\"inLanguage\":\"en-US\",\"@id\":\"https:\/\/evivatour.com\/it\/#\/schema\/logo\/image\/\",\"url\":\"https:\/\/evivatour.com\/it\/wp-content\/uploads\/2021\/08\/cropped-eviva-tour-vietnam.png\",\"contentUrl\":\"https:\/\/evivatour.com\/it\/wp-content\/uploads\/2021\/08\/cropped-eviva-tour-vietnam.png\",\"width\":280,\"height\":185,\"caption\":\"Eviva Tour\"},\"image\":{\"@id\":\"https:\/\/evivatour.com\/it\/#\/schema\/logo\/image\/\"}}]}<\/script>\n<!-- \/ Yoast SEO plugin. -->","yoast_head_json":{"title":"Periodo migliore da visitare Pu Luong Nature Reserve, Vietnam | Evivatour.com","description":"Si dice che il periodo migliore per visitare Pu Luong sia durante i suoi due raccolti: da fine maggio a inizio giugno o a settembre e ottobre.","robots":{"index":"index","follow":"follow","max-snippet":"max-snippet:-1","max-image-preview":"max-image-preview:large","max-video-preview":"max-video-preview:-1"},"canonical":"https:\/\/evivatour.com\/it\/pu-luong\/il-periodo-migliore-per-visitare-il-pu-luong\/","og_locale":"en_US","og_type":"article","og_title":"Periodo migliore da visitare Pu Luong Nature Reserve, Vietnam | Evivatour.com","og_description":"Si dice che il periodo migliore per visitare Pu Luong sia durante i suoi due raccolti: da fine maggio a inizio giugno o a settembre e ottobre.","og_url":"https:\/\/evivatour.com\/it\/pu-luong\/il-periodo-migliore-per-visitare-il-pu-luong\/","og_site_name":"Eviva Tour","article_modified_time":"2023-11-14T04:13:58+00:00","twitter_card":"summary_large_image","twitter_misc":{"Est. reading time":"4 minutes"},"schema":{"@context":"https:\/\/schema.org","@graph":[{"@type":"WebPage","@id":"https:\/\/evivatour.com\/it\/pu-luong\/il-periodo-migliore-per-visitare-il-pu-luong\/","url":"https:\/\/evivatour.com\/it\/pu-luong\/il-periodo-migliore-per-visitare-il-pu-luong\/","name":"Periodo migliore da visitare Pu Luong Nature Reserve, Vietnam | Evivatour.com","isPartOf":{"@id":"https:\/\/evivatour.com\/it\/#website"},"datePublished":"2022-04-18T02:01:50+00:00","dateModified":"2023-11-14T04:13:58+00:00","description":"Si dice che il periodo migliore per visitare Pu Luong sia durante i suoi due raccolti: da fine maggio a inizio giugno o a settembre e ottobre.","breadcrumb":{"@id":"https:\/\/evivatour.com\/it\/pu-luong\/il-periodo-migliore-per-visitare-il-pu-luong\/#breadcrumb"},"inLanguage":"en-US","potentialAction":[{"@type":"ReadAction","target":["https:\/\/evivatour.com\/it\/pu-luong\/il-periodo-migliore-per-visitare-il-pu-luong\/"]}]},{"@type":"BreadcrumbList","@id":"https:\/\/evivatour.com\/it\/pu-luong\/il-periodo-migliore-per-visitare-il-pu-luong\/#breadcrumb","itemListElement":[{"@type":"ListItem","position":1,"name":"Home","item":"https:\/\/evivatour.com\/it\/"},{"@type":"ListItem","position":2,"name":"Pu Luong Tour e Viaggi 2026","item":"https:\/\/evivatour.com\/it\/pu-luong\/"},{"@type":"ListItem","position":3,"name":"Il Periodo Migliore per Visitare il Pu Luong"}]},{"@type":"WebSite","@id":"https:\/\/evivatour.com\/it\/#website","url":"https:\/\/evivatour.com\/it\/","name":"Eviva Tour","description":"Smile every mile","publisher":{"@id":"https:\/\/evivatour.com\/it\/#organization"},"potentialAction":[{"@type":"SearchAction","target":{"@type":"EntryPoint","urlTemplate":"https:\/\/evivatour.com\/it\/?s={search_term_string}"},"query-input":{"@type":"PropertyValueSpecification","valueRequired":true,"valueName":"search_term_string"}}],"inLanguage":"en-US"},{"@type":"Organization","@id":"https:\/\/evivatour.com\/it\/#organization","name":"Eviva Tour","url":"https:\/\/evivatour.com\/it\/","logo":{"@type":"ImageObject","inLanguage":"en-US","@id":"https:\/\/evivatour.com\/it\/#\/schema\/logo\/image\/","url":"https:\/\/evivatour.com\/it\/wp-content\/uploads\/2021\/08\/cropped-eviva-tour-vietnam.png","contentUrl":"https:\/\/evivatour.com\/it\/wp-content\/uploads\/2021\/08\/cropped-eviva-tour-vietnam.png","width":280,"height":185,"caption":"Eviva Tour"},"image":{"@id":"https:\/\/evivatour.com\/it\/#\/schema\/logo\/image\/"}}]}},"_links":{"self":[{"href":"https:\/\/evivatour.com\/it\/wp-json\/wp\/v2\/pages\/14854","targetHints":{"allow":["GET"]}}],"collection":[{"href":"https:\/\/evivatour.com\/it\/wp-json\/wp\/v2\/pages"}],"about":[{"href":"https:\/\/evivatour.com\/it\/wp-json\/wp\/v2\/types\/page"}],"author":[{"embeddable":true,"href":"https:\/\/evivatour.com\/it\/wp-json\/wp\/v2\/users\/1"}],"replies":[{"embeddable":true,"href":"https:\/\/evivatour.com\/it\/wp-json\/wp\/v2\/comments?post=14854"}],"version-history":[{"count":2,"href":"https:\/\/evivatour.com\/it\/wp-json\/wp\/v2\/pages\/14854\/revisions"}],"predecessor-version":[{"id":17303,"href":"https:\/\/evivatour.com\/it\/wp-json\/wp\/v2\/pages\/14854\/revisions\/17303"}],"up":[{"embeddable":true,"href":"https:\/\/evivatour.com\/it\/wp-json\/wp\/v2\/pages\/14843"}],"wp:attachment":[{"href":"https:\/\/evivatour.com\/it\/wp-json\/wp\/v2\/media?parent=14854"}],"curies":[{"name":"wp","href":"https:\/\/api.w.org\/{rel}","templated":true}]}}