{"id":7561,"date":"2021-08-13T09:15:16","date_gmt":"2021-08-13T02:15:16","guid":{"rendered":"http:\/\/evivatour.com\/?page_id=7561"},"modified":"2023-10-17T09:44:31","modified_gmt":"2023-10-17T02:44:31","slug":"il-periodo-migliore-per-visitare-il-hanoi","status":"publish","type":"page","link":"https:\/\/evivatour.com\/it\/hanoi\/il-periodo-migliore-per-visitare-il-hanoi\/","title":{"rendered":"Il Periodo Migliore per Visitare il Hanoi"},"content":{"rendered":"\t\t<div data-elementor-type=\"wp-page\" data-elementor-id=\"7561\" class=\"elementor elementor-7561\">\n\t\t\t\t\t\t<section class=\"elementor-section elementor-top-section elementor-element elementor-element-e272e1b elementor-section-stretched elementor-section-boxed elementor-section-height-default elementor-section-height-default\" data-id=\"e272e1b\" data-element_type=\"section\" data-settings=\"{&quot;stretch_section&quot;:&quot;section-stretched&quot;,&quot;background_background&quot;:&quot;classic&quot;}\">\n\t\t\t\t\t\t<div class=\"elementor-container elementor-column-gap-no\">\n\t\t\t\t\t<div class=\"elementor-column elementor-col-100 elementor-top-column elementor-element elementor-element-737bf0d\" data-id=\"737bf0d\" data-element_type=\"column\">\n\t\t\t<div class=\"elementor-widget-wrap elementor-element-populated\">\n\t\t\t\t\t\t<div class=\"elementor-element elementor-element-b831de5 elementor-widget elementor-widget-text-editor\" data-id=\"b831de5\" data-element_type=\"widget\" data-widget_type=\"text-editor.default\">\n\t\t\t\t<div class=\"elementor-widget-container\">\n\t\t\t<style>\/*! elementor - v3.20.0 - 13-03-2024 *\/\n.elementor-widget-text-editor.elementor-drop-cap-view-stacked .elementor-drop-cap{background-color:#69727d;color:#fff}.elementor-widget-text-editor.elementor-drop-cap-view-framed .elementor-drop-cap{color:#69727d;border:3px solid;background-color:transparent}.elementor-widget-text-editor:not(.elementor-drop-cap-view-default) .elementor-drop-cap{margin-top:8px}.elementor-widget-text-editor:not(.elementor-drop-cap-view-default) .elementor-drop-cap-letter{width:1em;height:1em}.elementor-widget-text-editor .elementor-drop-cap{float:left;text-align:center;line-height:1;font-size:50px}.elementor-widget-text-editor .elementor-drop-cap-letter{display:inline-block}<\/style>\t\t\t\t<nav id=\"tours\" class=\"main-nav-top with-banner\">\n<div class=\"container\">\n<div class=\"main-nav-holder\">\n<div class=\"slide-nav js-slide-hidden\">\n<ul id=\"slide-nav-ul\">\n \t<li><a href=\"https:\/\/evivatour.com\/it\/hanoi\/\">Tour Del Hanoi<\/a><\/li>\n \t<li><a href=\"https:\/\/evivatour.com\/it\/hanoi\/guida-di-viaggio-del-hanoi\/\">Guida di Viaggio del Hanoi<\/a><\/li>\n \t<li class=\"active\"><a href=\"https:\/\/evivatour.com\/it\/hanoi\/il-periodo-migliore-per-visitare-il-hanoi\/\">Il Periodo Migliore per Visitare il Hanoi<\/a><\/li>\n<\/ul>\n<\/div>\n<\/div>\n<\/div>\n<\/nav>\t\t\t\t\t\t<\/div>\n\t\t\t\t<\/div>\n\t\t\t\t\t<\/div>\n\t\t<\/div>\n\t\t\t\t\t<\/div>\n\t\t<\/section>\n\t\t\t\t<section class=\"elementor-section elementor-top-section elementor-element elementor-element-b91208b elementor-section-boxed elementor-section-height-default elementor-section-height-default\" data-id=\"b91208b\" data-element_type=\"section\">\n\t\t\t\t\t\t<div class=\"elementor-container elementor-column-gap-default\">\n\t\t\t\t\t<div class=\"elementor-column elementor-col-100 elementor-top-column elementor-element elementor-element-c39167f\" data-id=\"c39167f\" data-element_type=\"column\">\n\t\t\t<div class=\"elementor-widget-wrap elementor-element-populated\">\n\t\t\t\t\t\t<div class=\"elementor-element elementor-element-0b29a02 elementor-widget elementor-widget-text-editor\" data-id=\"0b29a02\" data-element_type=\"widget\" data-widget_type=\"text-editor.default\">\n\t\t\t\t<div class=\"elementor-widget-container\">\n\t\t\t\t\t\t\t<p>Hanoi, la capitale situata nel Nord del Vietnam, ha quattro stagione durante l\u2019anno. Il clima im estate \u00e8 estremely caldo (35-40 gradi Celsius) ed \u00e8 piuttosto freddo (14-20 gradi Celsius) con nebbia fitta in inverno. Tuttavia, <a href=\"https:\/\/evivatour.com\/it\/hanoi\/il-periodo-migliore-per-visitare-il-hanoi\/\">il periodo migliore per visitare Hanoi<\/a> va da Febbraio a Aprile e da Septembre a Novembre, che il clima \u00e8 comoda, non troppo caldo e asciutto.<\/p><h2>La primavera a Hanoi (da Febbrario a Aprile)<\/h2><p><strong>Il clima<\/strong><\/p><p>\u00c8 difficile vedere l&#8217;inizio della primavera, molte persone credono che la primavera inizi a Tet quando i fiori sbocciano ovunque. A volte, la temperatura \u00e8 di circa 18 gradi Celsius e l&#8217;umidit\u00e0 pu\u00f2 raggiungere il 70%. A marzo e aprile la temperatura \u00e8 pi\u00f9 alta, oscillando tra i 20-24 gradi. Il cielo azzurro, cos\u00ec come la temperatura mite, \u00e8 molto adatto per passeggiare per le strade ed esplorare molte famose attrazioni come il lago Hoan Kiem, la Pagoda a un pilastro o i giardini di pesche di Nhat Tan. La primavera \u00e8 anche il momento migliore per gustare Com, una specialit\u00e0 a base di giovane riso glutinoso dolce e profumato di Hanoi e bere il t\u00e8 di loto preparato preparando il t\u00e8 in fiori di loto non aperti.<\/p><p><strong>Feste<\/strong><\/p><p>La primavera \u00e8 anche il periodo delle feste di Hanoi. Ci sono centinaia di eventi e celebrazioni e il pi\u00f9 importante \u00e8 il Tet o il capodanno lunare. Di solito si svolge alla fine di gennaio o all&#8217;inizio di febbraio. Questo \u00e8 il momento migliore per testimoniare la cultura vietnamita perch\u00e9 ogni singola persona \u00e8 impegnata a prepararsi per la pi\u00f9 grande celebrazione tradizionale dell&#8217;anno. Vedrai un afflusso di adulti che decorano le strade e le loro case, acquistano ingredienti da cucina e fanno molte cose diverse per accogliere gli ospiti. Quasi tutti gli hotel e ristoranti sono chiusi a Tet in quanto \u00e8 anche un&#8217;occasione per una riunione di famiglia. Di conseguenza, i membri della famiglia tendono a riunirsi a casa, cucinare e gustare insieme i pasti tradizionali.<\/p><p>Oltre a Tet, puoi prendere parte alla festa di Co Loa nella cittadella di Co Loa, nota per il wrestling e le sparatorie con la balestra. La festa Dong nel distretto di Gia Lam \u00e8 anche una scelta adatta per chi ama le speciali esibizioni di arti marziali di artisti famosi. Inoltre, ci sono molti eventi religiosi celebrati nella periferia di Hanoi come la festsa della Pagoda dei profumi, la festa della Pagoda di Keo,\u2026<\/p><h2>Hanoi nell\u2019Autunno (da Septembre a Novembre)<\/h2><p><strong>Il clima<\/strong><\/p><p>In estate, la temperatura pu\u00f2 superare i 40 gradi Celsius. Giugno, luglio e agosto sono i mesi pi\u00f9 caldi. In questo periodo dell&#8217;anno fa ancora pi\u00f9 caldo nel sud del paese. Pertanto, i cittadini di Hanoi spesso vanno in qualche luogo fuori dai sentieri battuti per le loro vacanze come il monte Tam Dao o Sa Pa con aria fresca. Se sei ad Hanoi in questo momento, non appena esci dallo spazio climatizzato \u00e8 probabile che torni in bagno o soffrirai di sudore. \u00c8 anche la stagione delle piogge, il che significa acquazzoni regolari. Camminare non \u00e8 molto divertente poich\u00e9 molte strade sono soggette ad allagamenti. La temperatura scende solo leggermente a settembre. Ottobre e novembre sono simili a marzo e aprile in termini di temperatura e precipitazioni. Viaggiando ad Hanoi in questa occasione, ti godrai comodamente tour a piedi, in bicicletta, in bicicletta o hop-on hop-off in giro per la citt\u00e0. Inoltre, Hanoi \u00e8 spesso paragonata a una ragazza affascinante che \u00e8 sempre brillante con 12 stagioni di fiori, e i colori del fiore rendono Hanoi pi\u00f9 poetica e unica.<\/p><p><strong>Attivit\u00e0 popolari per i turisti<\/strong><\/p><p>Secondo la percezione degli anziani, in autunno del Hanoi sembra rivestire un nuovo viso, diventando una ragazza tradizionale dalla bellezza femminile e romantica. Durante questa stagione, ci sono molte attivit\u00e0 interessanti come andare in bicicletta al tramonto e godersi i delicati odori dei fiori di pino milkwood. Solo andando in bicicletta per il centro storico di Hanoi al mattino presto, puoi trovare una vita tranquilla attraverso i profumi delle pepite dei venditori ambulanti. Anni dopo anni, questa \u00e8 un&#8217;attivit\u00e0 comune per i turisti occidentali quando visitano il Vietnam.<\/p><p>Inoltre, grazie al clima piacevole in quel periodo, \u00e8 il momento ideale per avventurarsi ed esplorare le destinazioni circostanti di Hanoi. Da settembre a novembre, le persone hanno l&#8217;abitudine di visitare i siti storici per ricordare il passato. Le attrazioni turistiche pi\u00f9 famose in questa occasione sono il Museo di Etnologia del Vietnam, il Mausoleo di Ho Chi Minh, la prigione di Hoa Lo, il mercato di Dong Xuan e il Lago occidentale.<\/p><h2>Insomma<\/h2><p>In generale, non c&#8217;\u00e8 davvero un brutto momento per visitare Hanoi. Tuttavia, dovresti notare che l&#8217;inverno \u00e8 un po&#8217; deprimente e se hai paura del caldo, non dovresti venire a giugno, luglio e agosto. Inoltre, pianifica attentamente il tuo viaggio e non lasciare che il tempo rovini la tua vacanza.<\/p>\t\t\t\t\t\t<\/div>\n\t\t\t\t<\/div>\n\t\t\t\t\t<\/div>\n\t\t<\/div>\n\t\t\t\t\t<\/div>\n\t\t<\/section>\n\t\t\t\t<section class=\"elementor-section elementor-top-section elementor-element elementor-element-ff247db elementor-section-boxed elementor-section-height-default elementor-section-height-default\" data-id=\"ff247db\" data-element_type=\"section\">\n\t\t\t\t\t\t<div class=\"elementor-container elementor-column-gap-default\">\n\t\t\t\t\t<div class=\"elementor-column elementor-col-100 elementor-top-column elementor-element elementor-element-5327564\" data-id=\"5327564\" data-element_type=\"column\">\n\t\t\t<div class=\"elementor-widget-wrap elementor-element-populated\">\n\t\t\t\t\t\t<div class=\"elementor-element elementor-element-8e5c764 elementor-widget-divider--view-line elementor-widget elementor-widget-divider\" data-id=\"8e5c764\" data-element_type=\"widget\" data-widget_type=\"divider.default\">\n\t\t\t\t<div class=\"elementor-widget-container\">\n\t\t\t<style>\/*! elementor - v3.20.0 - 13-03-2024 *\/\n.elementor-widget-divider{--divider-border-style:none;--divider-border-width:1px;--divider-color:#0c0d0e;--divider-icon-size:20px;--divider-element-spacing:10px;--divider-pattern-height:24px;--divider-pattern-size:20px;--divider-pattern-url:none;--divider-pattern-repeat:repeat-x}.elementor-widget-divider .elementor-divider{display:flex}.elementor-widget-divider .elementor-divider__text{font-size:15px;line-height:1;max-width:95%}.elementor-widget-divider .elementor-divider__element{margin:0 var(--divider-element-spacing);flex-shrink:0}.elementor-widget-divider .elementor-icon{font-size:var(--divider-icon-size)}.elementor-widget-divider .elementor-divider-separator{display:flex;margin:0;direction:ltr}.elementor-widget-divider--view-line_icon .elementor-divider-separator,.elementor-widget-divider--view-line_text .elementor-divider-separator{align-items:center}.elementor-widget-divider--view-line_icon .elementor-divider-separator:after,.elementor-widget-divider--view-line_icon .elementor-divider-separator:before,.elementor-widget-divider--view-line_text .elementor-divider-separator:after,.elementor-widget-divider--view-line_text .elementor-divider-separator:before{display:block;content:\"\";border-block-end:0;flex-grow:1;border-block-start:var(--divider-border-width) var(--divider-border-style) var(--divider-color)}.elementor-widget-divider--element-align-left .elementor-divider .elementor-divider-separator>.elementor-divider__svg:first-of-type{flex-grow:0;flex-shrink:100}.elementor-widget-divider--element-align-left .elementor-divider-separator:before{content:none}.elementor-widget-divider--element-align-left .elementor-divider__element{margin-left:0}.elementor-widget-divider--element-align-right .elementor-divider .elementor-divider-separator>.elementor-divider__svg:last-of-type{flex-grow:0;flex-shrink:100}.elementor-widget-divider--element-align-right .elementor-divider-separator:after{content:none}.elementor-widget-divider--element-align-right .elementor-divider__element{margin-right:0}.elementor-widget-divider--element-align-start .elementor-divider .elementor-divider-separator>.elementor-divider__svg:first-of-type{flex-grow:0;flex-shrink:100}.elementor-widget-divider--element-align-start .elementor-divider-separator:before{content:none}.elementor-widget-divider--element-align-start .elementor-divider__element{margin-inline-start:0}.elementor-widget-divider--element-align-end .elementor-divider .elementor-divider-separator>.elementor-divider__svg:last-of-type{flex-grow:0;flex-shrink:100}.elementor-widget-divider--element-align-end .elementor-divider-separator:after{content:none}.elementor-widget-divider--element-align-end .elementor-divider__element{margin-inline-end:0}.elementor-widget-divider:not(.elementor-widget-divider--view-line_text):not(.elementor-widget-divider--view-line_icon) .elementor-divider-separator{border-block-start:var(--divider-border-width) var(--divider-border-style) var(--divider-color)}.elementor-widget-divider--separator-type-pattern{--divider-border-style:none}.elementor-widget-divider--separator-type-pattern.elementor-widget-divider--view-line .elementor-divider-separator,.elementor-widget-divider--separator-type-pattern:not(.elementor-widget-divider--view-line) .elementor-divider-separator:after,.elementor-widget-divider--separator-type-pattern:not(.elementor-widget-divider--view-line) .elementor-divider-separator:before,.elementor-widget-divider--separator-type-pattern:not([class*=elementor-widget-divider--view]) .elementor-divider-separator{width:100%;min-height:var(--divider-pattern-height);-webkit-mask-size:var(--divider-pattern-size) 100%;mask-size:var(--divider-pattern-size) 100%;-webkit-mask-repeat:var(--divider-pattern-repeat);mask-repeat:var(--divider-pattern-repeat);background-color:var(--divider-color);-webkit-mask-image:var(--divider-pattern-url);mask-image:var(--divider-pattern-url)}.elementor-widget-divider--no-spacing{--divider-pattern-size:auto}.elementor-widget-divider--bg-round{--divider-pattern-repeat:round}.rtl .elementor-widget-divider .elementor-divider__text{direction:rtl}.e-con-inner>.elementor-widget-divider,.e-con>.elementor-widget-divider{width:var(--container-widget-width,100%);--flex-grow:var(--container-widget-flex-grow)}<\/style>\t\t<div class=\"elementor-divider\">\n\t\t\t<span class=\"elementor-divider-separator\">\n\t\t\t\t\t\t<\/span>\n\t\t<\/div>\n\t\t\t\t<\/div>\n\t\t\t\t<\/div>\n\t\t\t\t<div class=\"elementor-element elementor-element-52256b1 elementor-widget elementor-widget-text-editor\" data-id=\"52256b1\" data-element_type=\"widget\" data-widget_type=\"text-editor.default\">\n\t\t\t\t<div class=\"elementor-widget-container\">\n\t\t\t\t\t\t\t<h2>Crea il tuo viaggio su misura in Hanoi, Vietnam<\/h2><p>In viaggio in Hanoi? Chatta con uno specialista di viaggi locale in Hanoi, che pu\u00f2 aiutarti a organizzare il tuo viaggio.<\/p>\t\t\t\t\t\t<\/div>\n\t\t\t\t<\/div>\n\t\t\t\t<div class=\"elementor-element elementor-element-8737acb elementor-align-center elementor-widget elementor-widget-button\" data-id=\"8737acb\" data-element_type=\"widget\" data-widget_type=\"button.default\">\n\t\t\t\t<div class=\"elementor-widget-container\">\n\t\t\t\t\t<div class=\"elementor-button-wrapper\">\n\t\t\t<a class=\"elementor-button elementor-button-link elementor-size-sm\" href=\"https:\/\/evivatour.com\/it\/personalizza-il-tuo-tour\/\">\n\t\t\t\t\t\t<span class=\"elementor-button-content-wrapper\">\n\t\t\t\t\t\t<span class=\"elementor-button-text\">COMINCIA QUI<\/span>\n\t\t<\/span>\n\t\t\t\t\t<\/a>\n\t\t<\/div>\n\t\t\t\t<\/div>\n\t\t\t\t<\/div>\n\t\t\t\t\t<\/div>\n\t\t<\/div>\n\t\t\t\t\t<\/div>\n\t\t<\/section>\n\t\t\t\t<\/div>\n\t\t","protected":false},"excerpt":{"rendered":"<p>Tour Del Hanoi Guida di Viaggio del Hanoi Il Periodo Migliore per Visitare il Hanoi Hanoi, la capitale situata nel Nord del Vietnam, ha quattro stagione durante l\u2019anno. Il clima im estate \u00e8 estremely caldo (35-40 gradi Celsius) ed \u00e8 piuttosto freddo (14-20 gradi Celsius) con nebbia fitta in inverno. Tuttavia, il periodo migliore per [&hellip;]<\/p>\n","protected":false},"author":1,"featured_media":0,"parent":7355,"menu_order":0,"comment_status":"closed","ping_status":"closed","template":"","meta":{"inline_featured_image":false,"footnotes":""},"class_list":["post-7561","page","type-page","status-publish","hentry"],"yoast_head":"<!-- This site is optimized with the Yoast SEO plugin v26.9 - https:\/\/yoast.com\/product\/yoast-seo-wordpress\/ -->\n<title>Il migliore periodo per vedere Hanoi. Quando dovreste viaggiare ad Hanoi?<\/title>\n<meta name=\"description\" content=\"Il periodo migliore per visitare Hanoi \u00e8 da Gennaio ad Aprile e da Settembre a Novembre, quando il clima \u00e8 caldo e confortevole ma non troppo caldo e secco\" \/>\n<meta name=\"robots\" content=\"index, follow, max-snippet:-1, max-image-preview:large, max-video-preview:-1\" \/>\n<link rel=\"canonical\" href=\"https:\/\/evivatour.com\/it\/hanoi\/il-periodo-migliore-per-visitare-il-hanoi\/\" \/>\n<meta property=\"og:locale\" content=\"en_US\" \/>\n<meta property=\"og:type\" content=\"article\" \/>\n<meta property=\"og:title\" content=\"Il migliore periodo per vedere Hanoi. Quando dovreste viaggiare ad Hanoi?\" \/>\n<meta property=\"og:description\" content=\"Il periodo migliore per visitare Hanoi \u00e8 da Gennaio ad Aprile e da Settembre a Novembre, quando il clima \u00e8 caldo e confortevole ma non troppo caldo e secco\" \/>\n<meta property=\"og:url\" content=\"https:\/\/evivatour.com\/it\/hanoi\/il-periodo-migliore-per-visitare-il-hanoi\/\" \/>\n<meta property=\"og:site_name\" content=\"Eviva Tour\" \/>\n<meta property=\"article:modified_time\" content=\"2023-10-17T02:44:31+00:00\" \/>\n<meta name=\"twitter:card\" content=\"summary_large_image\" \/>\n<meta name=\"twitter:label1\" content=\"Est. reading time\" \/>\n\t<meta name=\"twitter:data1\" content=\"4 minutes\" \/>\n<script type=\"application\/ld+json\" class=\"yoast-schema-graph\">{\"@context\":\"https:\/\/schema.org\",\"@graph\":[{\"@type\":\"WebPage\",\"@id\":\"https:\/\/evivatour.com\/it\/hanoi\/il-periodo-migliore-per-visitare-il-hanoi\/\",\"url\":\"https:\/\/evivatour.com\/it\/hanoi\/il-periodo-migliore-per-visitare-il-hanoi\/\",\"name\":\"Il migliore periodo per vedere Hanoi. Quando dovreste viaggiare ad Hanoi?\",\"isPartOf\":{\"@id\":\"https:\/\/evivatour.com\/it\/#website\"},\"datePublished\":\"2021-08-13T02:15:16+00:00\",\"dateModified\":\"2023-10-17T02:44:31+00:00\",\"description\":\"Il periodo migliore per visitare Hanoi \u00e8 da Gennaio ad Aprile e da Settembre a Novembre, quando il clima \u00e8 caldo e confortevole ma non troppo caldo e secco\",\"breadcrumb\":{\"@id\":\"https:\/\/evivatour.com\/it\/hanoi\/il-periodo-migliore-per-visitare-il-hanoi\/#breadcrumb\"},\"inLanguage\":\"en-US\",\"potentialAction\":[{\"@type\":\"ReadAction\",\"target\":[\"https:\/\/evivatour.com\/it\/hanoi\/il-periodo-migliore-per-visitare-il-hanoi\/\"]}]},{\"@type\":\"BreadcrumbList\",\"@id\":\"https:\/\/evivatour.com\/it\/hanoi\/il-periodo-migliore-per-visitare-il-hanoi\/#breadcrumb\",\"itemListElement\":[{\"@type\":\"ListItem\",\"position\":1,\"name\":\"Home\",\"item\":\"https:\/\/evivatour.com\/it\/\"},{\"@type\":\"ListItem\",\"position\":2,\"name\":\"Hanoi Tour e Viaggi 2026\",\"item\":\"https:\/\/evivatour.com\/it\/hanoi\/\"},{\"@type\":\"ListItem\",\"position\":3,\"name\":\"Il Periodo Migliore per Visitare il Hanoi\"}]},{\"@type\":\"WebSite\",\"@id\":\"https:\/\/evivatour.com\/it\/#website\",\"url\":\"https:\/\/evivatour.com\/it\/\",\"name\":\"Eviva Tour\",\"description\":\"Smile every mile\",\"publisher\":{\"@id\":\"https:\/\/evivatour.com\/it\/#organization\"},\"potentialAction\":[{\"@type\":\"SearchAction\",\"target\":{\"@type\":\"EntryPoint\",\"urlTemplate\":\"https:\/\/evivatour.com\/it\/?s={search_term_string}\"},\"query-input\":{\"@type\":\"PropertyValueSpecification\",\"valueRequired\":true,\"valueName\":\"search_term_string\"}}],\"inLanguage\":\"en-US\"},{\"@type\":\"Organization\",\"@id\":\"https:\/\/evivatour.com\/it\/#organization\",\"name\":\"Eviva Tour\",\"url\":\"https:\/\/evivatour.com\/it\/\",\"logo\":{\"@type\":\"ImageObject\",\"inLanguage\":\"en-US\",\"@id\":\"https:\/\/evivatour.com\/it\/#\/schema\/logo\/image\/\",\"url\":\"https:\/\/evivatour.com\/it\/wp-content\/uploads\/2021\/08\/cropped-eviva-tour-vietnam.png\",\"contentUrl\":\"https:\/\/evivatour.com\/it\/wp-content\/uploads\/2021\/08\/cropped-eviva-tour-vietnam.png\",\"width\":280,\"height\":185,\"caption\":\"Eviva Tour\"},\"image\":{\"@id\":\"https:\/\/evivatour.com\/it\/#\/schema\/logo\/image\/\"}}]}<\/script>\n<!-- \/ Yoast SEO plugin. -->","yoast_head_json":{"title":"Il migliore periodo per vedere Hanoi. Quando dovreste viaggiare ad Hanoi?","description":"Il periodo migliore per visitare Hanoi \u00e8 da Gennaio ad Aprile e da Settembre a Novembre, quando il clima \u00e8 caldo e confortevole ma non troppo caldo e secco","robots":{"index":"index","follow":"follow","max-snippet":"max-snippet:-1","max-image-preview":"max-image-preview:large","max-video-preview":"max-video-preview:-1"},"canonical":"https:\/\/evivatour.com\/it\/hanoi\/il-periodo-migliore-per-visitare-il-hanoi\/","og_locale":"en_US","og_type":"article","og_title":"Il migliore periodo per vedere Hanoi. Quando dovreste viaggiare ad Hanoi?","og_description":"Il periodo migliore per visitare Hanoi \u00e8 da Gennaio ad Aprile e da Settembre a Novembre, quando il clima \u00e8 caldo e confortevole ma non troppo caldo e secco","og_url":"https:\/\/evivatour.com\/it\/hanoi\/il-periodo-migliore-per-visitare-il-hanoi\/","og_site_name":"Eviva Tour","article_modified_time":"2023-10-17T02:44:31+00:00","twitter_card":"summary_large_image","twitter_misc":{"Est. reading time":"4 minutes"},"schema":{"@context":"https:\/\/schema.org","@graph":[{"@type":"WebPage","@id":"https:\/\/evivatour.com\/it\/hanoi\/il-periodo-migliore-per-visitare-il-hanoi\/","url":"https:\/\/evivatour.com\/it\/hanoi\/il-periodo-migliore-per-visitare-il-hanoi\/","name":"Il migliore periodo per vedere Hanoi. Quando dovreste viaggiare ad Hanoi?","isPartOf":{"@id":"https:\/\/evivatour.com\/it\/#website"},"datePublished":"2021-08-13T02:15:16+00:00","dateModified":"2023-10-17T02:44:31+00:00","description":"Il periodo migliore per visitare Hanoi \u00e8 da Gennaio ad Aprile e da Settembre a Novembre, quando il clima \u00e8 caldo e confortevole ma non troppo caldo e secco","breadcrumb":{"@id":"https:\/\/evivatour.com\/it\/hanoi\/il-periodo-migliore-per-visitare-il-hanoi\/#breadcrumb"},"inLanguage":"en-US","potentialAction":[{"@type":"ReadAction","target":["https:\/\/evivatour.com\/it\/hanoi\/il-periodo-migliore-per-visitare-il-hanoi\/"]}]},{"@type":"BreadcrumbList","@id":"https:\/\/evivatour.com\/it\/hanoi\/il-periodo-migliore-per-visitare-il-hanoi\/#breadcrumb","itemListElement":[{"@type":"ListItem","position":1,"name":"Home","item":"https:\/\/evivatour.com\/it\/"},{"@type":"ListItem","position":2,"name":"Hanoi Tour e Viaggi 2026","item":"https:\/\/evivatour.com\/it\/hanoi\/"},{"@type":"ListItem","position":3,"name":"Il Periodo Migliore per Visitare il Hanoi"}]},{"@type":"WebSite","@id":"https:\/\/evivatour.com\/it\/#website","url":"https:\/\/evivatour.com\/it\/","name":"Eviva Tour","description":"Smile every mile","publisher":{"@id":"https:\/\/evivatour.com\/it\/#organization"},"potentialAction":[{"@type":"SearchAction","target":{"@type":"EntryPoint","urlTemplate":"https:\/\/evivatour.com\/it\/?s={search_term_string}"},"query-input":{"@type":"PropertyValueSpecification","valueRequired":true,"valueName":"search_term_string"}}],"inLanguage":"en-US"},{"@type":"Organization","@id":"https:\/\/evivatour.com\/it\/#organization","name":"Eviva Tour","url":"https:\/\/evivatour.com\/it\/","logo":{"@type":"ImageObject","inLanguage":"en-US","@id":"https:\/\/evivatour.com\/it\/#\/schema\/logo\/image\/","url":"https:\/\/evivatour.com\/it\/wp-content\/uploads\/2021\/08\/cropped-eviva-tour-vietnam.png","contentUrl":"https:\/\/evivatour.com\/it\/wp-content\/uploads\/2021\/08\/cropped-eviva-tour-vietnam.png","width":280,"height":185,"caption":"Eviva Tour"},"image":{"@id":"https:\/\/evivatour.com\/it\/#\/schema\/logo\/image\/"}}]}},"_links":{"self":[{"href":"https:\/\/evivatour.com\/it\/wp-json\/wp\/v2\/pages\/7561","targetHints":{"allow":["GET"]}}],"collection":[{"href":"https:\/\/evivatour.com\/it\/wp-json\/wp\/v2\/pages"}],"about":[{"href":"https:\/\/evivatour.com\/it\/wp-json\/wp\/v2\/types\/page"}],"author":[{"embeddable":true,"href":"https:\/\/evivatour.com\/it\/wp-json\/wp\/v2\/users\/1"}],"replies":[{"embeddable":true,"href":"https:\/\/evivatour.com\/it\/wp-json\/wp\/v2\/comments?post=7561"}],"version-history":[{"count":2,"href":"https:\/\/evivatour.com\/it\/wp-json\/wp\/v2\/pages\/7561\/revisions"}],"predecessor-version":[{"id":16935,"href":"https:\/\/evivatour.com\/it\/wp-json\/wp\/v2\/pages\/7561\/revisions\/16935"}],"up":[{"embeddable":true,"href":"https:\/\/evivatour.com\/it\/wp-json\/wp\/v2\/pages\/7355"}],"wp:attachment":[{"href":"https:\/\/evivatour.com\/it\/wp-json\/wp\/v2\/media?parent=7561"}],"curies":[{"name":"wp","href":"https:\/\/api.w.org\/{rel}","templated":true}]}}