{"id":7847,"date":"2021-08-18T03:29:03","date_gmt":"2021-08-17T20:29:03","guid":{"rendered":"http:\/\/evivatour.com\/?page_id=7847"},"modified":"2023-11-14T09:57:49","modified_gmt":"2023-11-14T02:57:49","slug":"la-nostra-csr","status":"publish","type":"page","link":"https:\/\/evivatour.com\/it\/la-nostra-csr\/","title":{"rendered":"La nostra CSR"},"content":{"rendered":"\t\t<div data-elementor-type=\"wp-page\" data-elementor-id=\"7847\" class=\"elementor elementor-7847\">\n\t\t\t\t\t\t<section class=\"elementor-section elementor-top-section elementor-element elementor-element-2ce78d6 elementor-section-stretched elementor-section-boxed elementor-section-height-default elementor-section-height-default\" data-id=\"2ce78d6\" data-element_type=\"section\" data-settings=\"{&quot;stretch_section&quot;:&quot;section-stretched&quot;,&quot;background_background&quot;:&quot;classic&quot;}\">\n\t\t\t\t\t\t<div class=\"elementor-container elementor-column-gap-no\">\n\t\t\t\t\t<div class=\"elementor-column elementor-col-100 elementor-top-column elementor-element elementor-element-732ee43\" data-id=\"732ee43\" data-element_type=\"column\">\n\t\t\t<div class=\"elementor-widget-wrap elementor-element-populated\">\n\t\t\t\t\t\t<div class=\"elementor-element elementor-element-d3d7c71 elementor-widget elementor-widget-text-editor\" data-id=\"d3d7c71\" data-element_type=\"widget\" data-widget_type=\"text-editor.default\">\n\t\t\t\t<div class=\"elementor-widget-container\">\n\t\t\t<style>\/*! elementor - v3.20.0 - 13-03-2024 *\/\n.elementor-widget-text-editor.elementor-drop-cap-view-stacked .elementor-drop-cap{background-color:#69727d;color:#fff}.elementor-widget-text-editor.elementor-drop-cap-view-framed .elementor-drop-cap{color:#69727d;border:3px solid;background-color:transparent}.elementor-widget-text-editor:not(.elementor-drop-cap-view-default) .elementor-drop-cap{margin-top:8px}.elementor-widget-text-editor:not(.elementor-drop-cap-view-default) .elementor-drop-cap-letter{width:1em;height:1em}.elementor-widget-text-editor .elementor-drop-cap{float:left;text-align:center;line-height:1;font-size:50px}.elementor-widget-text-editor .elementor-drop-cap-letter{display:inline-block}<\/style>\t\t\t\t<nav id=\"tours\" class=\"main-nav-top with-banner\">\n<div class=\"container\">\n<div class=\"main-nav-holder\">\n<div class=\"slide-nav js-slide-hidden\">\n<ul id=\"slide-nav-ul\">\n \t<li class=\"active\"><a href=\"\/it\/la-nostra-csr\/\">Responsabile<\/a><\/li>\n \t<li><a href=\"\/it\/la-nostra-csr\/educazione\/\">Formazione scolastica<\/a><\/li>\n \t<li><a href=\"\/it\/la-nostra-csr\/ambiente\/\">Ambiente<\/a><\/li>\n \t<li><a href=\"\/it\/la-nostra-csr\/salute\/\">Salute<\/a><\/li>\n<\/ul>\n<\/div>\n<\/div>\n<\/div>\n<\/nav>\t\t\t\t\t\t<\/div>\n\t\t\t\t<\/div>\n\t\t\t\t\t<\/div>\n\t\t<\/div>\n\t\t\t\t\t<\/div>\n\t\t<\/section>\n\t\t\t\t<div class=\"elementor-section elementor-top-section elementor-element elementor-element-90cdf4a elementor-section-stretched elementor-section-boxed elementor-section-height-default elementor-section-height-default\" data-id=\"90cdf4a\" data-element_type=\"section\" data-settings=\"{&quot;stretch_section&quot;:&quot;section-stretched&quot;}\">\n\t\t\t\t\t\t<div class=\"elementor-container elementor-column-gap-no\">\n\t\t\t\t\t<div class=\"elementor-column elementor-col-100 elementor-top-column elementor-element elementor-element-2146f77\" data-id=\"2146f77\" data-element_type=\"column\">\n\t\t\t<div class=\"elementor-widget-wrap elementor-element-populated\">\n\t\t\t\t\t\t<div class=\"elementor-element elementor-element-081732e animated-fast elementor-invisible elementor-widget elementor-widget-text-editor\" data-id=\"081732e\" data-element_type=\"widget\" data-settings=\"{&quot;_animation&quot;:&quot;opal-move-up&quot;}\" data-widget_type=\"text-editor.default\">\n\t\t\t\t<div class=\"elementor-widget-container\">\n\t\t\t\t\t\t\t<div><a href=\"https:\/\/www.evivatour.com\/it\/eviva-csr\/\"> CSR <\/a><\/div>\t\t\t\t\t\t<\/div>\n\t\t\t\t<\/div>\n\t\t\t\t<div class=\"elementor-element elementor-element-baba6a0 animated-fast elementor-invisible elementor-widget elementor-widget-heading\" data-id=\"baba6a0\" data-element_type=\"widget\" data-settings=\"{&quot;_animation&quot;:&quot;opal-move-up&quot;}\" data-widget_type=\"heading.default\">\n\t\t\t\t<div class=\"elementor-widget-container\">\n\t\t\t<style>\/*! elementor - v3.20.0 - 13-03-2024 *\/\n.elementor-heading-title{padding:0;margin:0;line-height:1}.elementor-widget-heading .elementor-heading-title[class*=elementor-size-]>a{color:inherit;font-size:inherit;line-height:inherit}.elementor-widget-heading .elementor-heading-title.elementor-size-small{font-size:15px}.elementor-widget-heading .elementor-heading-title.elementor-size-medium{font-size:19px}.elementor-widget-heading .elementor-heading-title.elementor-size-large{font-size:29px}.elementor-widget-heading .elementor-heading-title.elementor-size-xl{font-size:39px}.elementor-widget-heading .elementor-heading-title.elementor-size-xxl{font-size:59px}<\/style><h2 class=\"elementor-heading-title elementor-size-default\">Corporate Social Responsibility<\/h2>\t\t<\/div>\n\t\t\t\t<\/div>\n\t\t\t\t\t<\/div>\n\t\t<\/div>\n\t\t\t\t\t<\/div>\n\t\t<\/div>\n\t\t\t\t<section class=\"elementor-section elementor-top-section elementor-element elementor-element-c6ef9a6 elementor-section-boxed elementor-section-height-default elementor-section-height-default\" data-id=\"c6ef9a6\" data-element_type=\"section\">\n\t\t\t\t\t\t<div class=\"elementor-container elementor-column-gap-default\">\n\t\t\t\t\t<div class=\"elementor-column elementor-col-100 elementor-top-column elementor-element elementor-element-4b0e12f\" data-id=\"4b0e12f\" data-element_type=\"column\">\n\t\t\t<div class=\"elementor-widget-wrap elementor-element-populated\">\n\t\t\t\t\t\t<div class=\"elementor-element elementor-element-f0a8d2f elementor-widget elementor-widget-text-editor\" data-id=\"f0a8d2f\" data-element_type=\"widget\" data-widget_type=\"text-editor.default\">\n\t\t\t\t<div class=\"elementor-widget-container\">\n\t\t\t\t\t\t\t<p>Le attivit\u00e0 di eviva Corporate Social Responsibility (CSR) mirano a contribuire allo sviluppo sostenibile del Vietnam attraverso 2 attivit\u00e0 principali: Educazione e Protezione dell\u2019ambiente.<\/p><h2>Educazione<\/h2><ol><li>Costruire biblioteche e raccogliere libri antichi per scuole e comuni in regioni remote<\/li><li>Organizzare il programma PRO Guide per formare la prossima generazione di guide turistiche in Vietnam<\/li><li>Portare vecchi vestiti e giocattoli nelle zone montuose povere e nelle zone colpite dalle inondazioni<\/li><li>Condivisione delle conoscenze e orientamento professionale per gli studenti del turismo attraverso la serie \u201c Career Talk\u201d presso l\u2019Universita di scienze sociale e umanistiche, National Economics University e British University Vietnam.<\/li><li>Ospitare visite di aziende studentesche: introdurre i dipartimenti in una compagia di viaggi, condividere esperienze lavorative con studenti universitari.<\/li><li>Offrire opportunit\u00e0 di stage agli studenti delle universit\u00e0 di Hanoi: orientamenti, formazione per il vero lavoro e reclutamento se mostrano buone capacit\u00e0.<\/li><li>Partecipando attivamente nel settore turistico come presidente del Club di Viaggio Responsabile, presentando e contribuendo feedback costruttivi durante seminari, conferenze organizzate dall\u2019institute for Tourism Development Research, Vietnam Society of Travel Agents.<\/li><li>Partecipare al programma di gestione del turismo (progetto SECO in Vietnam) e diffondere informazioni preziose per contribuire allo sviluppo sostenibile del turismo in Vietnam. Creare in modo proattivo una forte rete tra concorrenti e organizzazioni pertinenti per aumentare il potere competitivo del settore turistico del Vietnam<\/li><\/ol><h2>Ambiente<\/h2><ol><li aria-level=\"1\">Ridurre nylon e plastica: il nostro obiettivo \u00e8 aumentare la consapevolezza dei vietnamiti e ridurre la quantita di plastica del 5-10% nel 2021.<\/li><li aria-level=\"1\">Piantare pi\u00f9 alberi : aumentare la consapevolezza sull\u2019importanza degli alberi nella communit\u00e0 e aspettarsi di piantare pi\u00f9 5 milioni di alberi in Vietnam entro il 2030.<\/li><\/ol><h2>Eviva Tour Vietnam ha firmato un impegno per combattere il trasporto e il commercio illegale di fauna selvatica.<\/h2><p>Il 14 dicembre 2016, Eviva Tour Vietnam e molte aziende hanno firmato un impegno sostenere la lotta contro il trasporto e il commercio illegale di fauna selvatica al seminario \u201cLe imprese turistiche del Vietnam si impegnano a combattere il commercio e il consumo di piante e animali selvatici\u201d organizzato da Trafic a Nikko Hotel , Hanoi.<\/p><p>&#8220;Come parte dell\u2019impegno per il turismo responsabile in tutto in mondo, RTC, insieme a Eviva, ha partecipato a questa cerimonia di firma e ha fatto apello ad altre aziende, persone interessate a unirsi a noi. Questo movimento contribuisce a un impegno ufficiale per un turismo responsabile, che andr\u00e0 di pari passo con l\u2019azione.\u2019\u2019 Secondo la signora Nguyen Thuy Duong, vicepresidente di Eviva Tour Vietnam e presidente di RTC.<\/p><p>Per maggiori informazioni, per favore <a href=\"https:\/\/www.evivatour.com\/eviva-tour-vietnam-signed-a-commitment-to-combat-illegal-wildlife-transport-and-trade\/\">visit LINK<\/a><\/p>\t\t\t\t\t\t<\/div>\n\t\t\t\t<\/div>\n\t\t\t\t\t<\/div>\n\t\t<\/div>\n\t\t\t\t\t<\/div>\n\t\t<\/section>\n\t\t\t\t<\/div>\n\t\t","protected":false},"excerpt":{"rendered":"<p>Responsabile Formazione scolastica Ambiente Salute CSR Corporate Social Responsibility Le attivit\u00e0 di eviva Corporate Social Responsibility (CSR) mirano a contribuire allo sviluppo sostenibile del Vietnam attraverso 2 attivit\u00e0 principali: Educazione e Protezione dell\u2019ambiente. Educazione Costruire biblioteche e raccogliere libri antichi per scuole e comuni in regioni remote Organizzare il programma PRO Guide per formare la [&hellip;]<\/p>\n","protected":false},"author":1,"featured_media":0,"parent":0,"menu_order":0,"comment_status":"closed","ping_status":"closed","template":"","meta":{"inline_featured_image":false,"footnotes":""},"class_list":["post-7847","page","type-page","status-publish","hentry"],"yoast_head":"<!-- This site is optimized with the Yoast SEO plugin v26.9 - https:\/\/yoast.com\/product\/yoast-seo-wordpress\/ -->\n<title>Attivit\u00e0 di CSR dell&#039;Eviva - Educazione e Protezione dell&#039;ambiente<\/title>\n<meta name=\"description\" content=\"Le attivit\u00e0 di Eviva Corporate Social Responsibility (CSR) mirano a contribuire allo sviluppo sostenibile del Vietnam attraverso 2 attivit\u00e0 principali: protezione dell&#039;ambiente e istruzione.\" \/>\n<meta name=\"robots\" content=\"index, follow, max-snippet:-1, max-image-preview:large, max-video-preview:-1\" \/>\n<link rel=\"canonical\" href=\"https:\/\/evivatour.com\/it\/la-nostra-csr\/\" \/>\n<meta property=\"og:locale\" content=\"en_US\" \/>\n<meta property=\"og:type\" content=\"article\" \/>\n<meta property=\"og:title\" content=\"Attivit\u00e0 di CSR dell&#039;Eviva - Educazione e Protezione dell&#039;ambiente\" \/>\n<meta property=\"og:description\" content=\"Le attivit\u00e0 di Eviva Corporate Social Responsibility (CSR) mirano a contribuire allo sviluppo sostenibile del Vietnam attraverso 2 attivit\u00e0 principali: protezione dell&#039;ambiente e istruzione.\" \/>\n<meta property=\"og:url\" content=\"https:\/\/evivatour.com\/it\/la-nostra-csr\/\" \/>\n<meta property=\"og:site_name\" content=\"Eviva Tour\" \/>\n<meta property=\"article:modified_time\" content=\"2023-11-14T02:57:49+00:00\" \/>\n<meta name=\"twitter:card\" content=\"summary_large_image\" \/>\n<meta name=\"twitter:label1\" content=\"Est. reading time\" \/>\n\t<meta name=\"twitter:data1\" content=\"2 minutes\" \/>\n<script type=\"application\/ld+json\" class=\"yoast-schema-graph\">{\"@context\":\"https:\/\/schema.org\",\"@graph\":[{\"@type\":\"WebPage\",\"@id\":\"https:\/\/evivatour.com\/it\/la-nostra-csr\/\",\"url\":\"https:\/\/evivatour.com\/it\/la-nostra-csr\/\",\"name\":\"Attivit\u00e0 di CSR dell'Eviva - Educazione e Protezione dell'ambiente\",\"isPartOf\":{\"@id\":\"https:\/\/evivatour.com\/it\/#website\"},\"datePublished\":\"2021-08-17T20:29:03+00:00\",\"dateModified\":\"2023-11-14T02:57:49+00:00\",\"description\":\"Le attivit\u00e0 di Eviva Corporate Social Responsibility (CSR) mirano a contribuire allo sviluppo sostenibile del Vietnam attraverso 2 attivit\u00e0 principali: protezione dell'ambiente e istruzione.\",\"breadcrumb\":{\"@id\":\"https:\/\/evivatour.com\/it\/la-nostra-csr\/#breadcrumb\"},\"inLanguage\":\"en-US\",\"potentialAction\":[{\"@type\":\"ReadAction\",\"target\":[\"https:\/\/evivatour.com\/it\/la-nostra-csr\/\"]}]},{\"@type\":\"BreadcrumbList\",\"@id\":\"https:\/\/evivatour.com\/it\/la-nostra-csr\/#breadcrumb\",\"itemListElement\":[{\"@type\":\"ListItem\",\"position\":1,\"name\":\"Home\",\"item\":\"https:\/\/evivatour.com\/it\/\"},{\"@type\":\"ListItem\",\"position\":2,\"name\":\"La nostra CSR\"}]},{\"@type\":\"WebSite\",\"@id\":\"https:\/\/evivatour.com\/it\/#website\",\"url\":\"https:\/\/evivatour.com\/it\/\",\"name\":\"Eviva Tour\",\"description\":\"Smile every mile\",\"publisher\":{\"@id\":\"https:\/\/evivatour.com\/it\/#organization\"},\"potentialAction\":[{\"@type\":\"SearchAction\",\"target\":{\"@type\":\"EntryPoint\",\"urlTemplate\":\"https:\/\/evivatour.com\/it\/?s={search_term_string}\"},\"query-input\":{\"@type\":\"PropertyValueSpecification\",\"valueRequired\":true,\"valueName\":\"search_term_string\"}}],\"inLanguage\":\"en-US\"},{\"@type\":\"Organization\",\"@id\":\"https:\/\/evivatour.com\/it\/#organization\",\"name\":\"Eviva Tour\",\"url\":\"https:\/\/evivatour.com\/it\/\",\"logo\":{\"@type\":\"ImageObject\",\"inLanguage\":\"en-US\",\"@id\":\"https:\/\/evivatour.com\/it\/#\/schema\/logo\/image\/\",\"url\":\"https:\/\/evivatour.com\/it\/wp-content\/uploads\/2021\/08\/cropped-eviva-tour-vietnam.png\",\"contentUrl\":\"https:\/\/evivatour.com\/it\/wp-content\/uploads\/2021\/08\/cropped-eviva-tour-vietnam.png\",\"width\":280,\"height\":185,\"caption\":\"Eviva Tour\"},\"image\":{\"@id\":\"https:\/\/evivatour.com\/it\/#\/schema\/logo\/image\/\"}}]}<\/script>\n<!-- \/ Yoast SEO plugin. -->","yoast_head_json":{"title":"Attivit\u00e0 di CSR dell'Eviva - Educazione e Protezione dell'ambiente","description":"Le attivit\u00e0 di Eviva Corporate Social Responsibility (CSR) mirano a contribuire allo sviluppo sostenibile del Vietnam attraverso 2 attivit\u00e0 principali: protezione dell'ambiente e istruzione.","robots":{"index":"index","follow":"follow","max-snippet":"max-snippet:-1","max-image-preview":"max-image-preview:large","max-video-preview":"max-video-preview:-1"},"canonical":"https:\/\/evivatour.com\/it\/la-nostra-csr\/","og_locale":"en_US","og_type":"article","og_title":"Attivit\u00e0 di CSR dell'Eviva - Educazione e Protezione dell'ambiente","og_description":"Le attivit\u00e0 di Eviva Corporate Social Responsibility (CSR) mirano a contribuire allo sviluppo sostenibile del Vietnam attraverso 2 attivit\u00e0 principali: protezione dell'ambiente e istruzione.","og_url":"https:\/\/evivatour.com\/it\/la-nostra-csr\/","og_site_name":"Eviva Tour","article_modified_time":"2023-11-14T02:57:49+00:00","twitter_card":"summary_large_image","twitter_misc":{"Est. reading time":"2 minutes"},"schema":{"@context":"https:\/\/schema.org","@graph":[{"@type":"WebPage","@id":"https:\/\/evivatour.com\/it\/la-nostra-csr\/","url":"https:\/\/evivatour.com\/it\/la-nostra-csr\/","name":"Attivit\u00e0 di CSR dell'Eviva - Educazione e Protezione dell'ambiente","isPartOf":{"@id":"https:\/\/evivatour.com\/it\/#website"},"datePublished":"2021-08-17T20:29:03+00:00","dateModified":"2023-11-14T02:57:49+00:00","description":"Le attivit\u00e0 di Eviva Corporate Social Responsibility (CSR) mirano a contribuire allo sviluppo sostenibile del Vietnam attraverso 2 attivit\u00e0 principali: protezione dell'ambiente e istruzione.","breadcrumb":{"@id":"https:\/\/evivatour.com\/it\/la-nostra-csr\/#breadcrumb"},"inLanguage":"en-US","potentialAction":[{"@type":"ReadAction","target":["https:\/\/evivatour.com\/it\/la-nostra-csr\/"]}]},{"@type":"BreadcrumbList","@id":"https:\/\/evivatour.com\/it\/la-nostra-csr\/#breadcrumb","itemListElement":[{"@type":"ListItem","position":1,"name":"Home","item":"https:\/\/evivatour.com\/it\/"},{"@type":"ListItem","position":2,"name":"La nostra CSR"}]},{"@type":"WebSite","@id":"https:\/\/evivatour.com\/it\/#website","url":"https:\/\/evivatour.com\/it\/","name":"Eviva Tour","description":"Smile every mile","publisher":{"@id":"https:\/\/evivatour.com\/it\/#organization"},"potentialAction":[{"@type":"SearchAction","target":{"@type":"EntryPoint","urlTemplate":"https:\/\/evivatour.com\/it\/?s={search_term_string}"},"query-input":{"@type":"PropertyValueSpecification","valueRequired":true,"valueName":"search_term_string"}}],"inLanguage":"en-US"},{"@type":"Organization","@id":"https:\/\/evivatour.com\/it\/#organization","name":"Eviva Tour","url":"https:\/\/evivatour.com\/it\/","logo":{"@type":"ImageObject","inLanguage":"en-US","@id":"https:\/\/evivatour.com\/it\/#\/schema\/logo\/image\/","url":"https:\/\/evivatour.com\/it\/wp-content\/uploads\/2021\/08\/cropped-eviva-tour-vietnam.png","contentUrl":"https:\/\/evivatour.com\/it\/wp-content\/uploads\/2021\/08\/cropped-eviva-tour-vietnam.png","width":280,"height":185,"caption":"Eviva Tour"},"image":{"@id":"https:\/\/evivatour.com\/it\/#\/schema\/logo\/image\/"}}]}},"_links":{"self":[{"href":"https:\/\/evivatour.com\/it\/wp-json\/wp\/v2\/pages\/7847","targetHints":{"allow":["GET"]}}],"collection":[{"href":"https:\/\/evivatour.com\/it\/wp-json\/wp\/v2\/pages"}],"about":[{"href":"https:\/\/evivatour.com\/it\/wp-json\/wp\/v2\/types\/page"}],"author":[{"embeddable":true,"href":"https:\/\/evivatour.com\/it\/wp-json\/wp\/v2\/users\/1"}],"replies":[{"embeddable":true,"href":"https:\/\/evivatour.com\/it\/wp-json\/wp\/v2\/comments?post=7847"}],"version-history":[{"count":2,"href":"https:\/\/evivatour.com\/it\/wp-json\/wp\/v2\/pages\/7847\/revisions"}],"predecessor-version":[{"id":17222,"href":"https:\/\/evivatour.com\/it\/wp-json\/wp\/v2\/pages\/7847\/revisions\/17222"}],"wp:attachment":[{"href":"https:\/\/evivatour.com\/it\/wp-json\/wp\/v2\/media?parent=7847"}],"curies":[{"name":"wp","href":"https:\/\/api.w.org\/{rel}","templated":true}]}}