{"id":8172,"date":"2021-08-20T06:55:36","date_gmt":"2021-08-19T23:55:36","guid":{"rendered":"https:\/\/evivatour.com\/it\/?page_id=8172"},"modified":"2023-10-17T09:52:43","modified_gmt":"2023-10-17T02:52:43","slug":"guida-di-viaggio-del-laos","status":"publish","type":"page","link":"https:\/\/evivatour.com\/it\/laos\/guida-di-viaggio-del-laos\/","title":{"rendered":"Guida Di Viaggio Del Laos"},"content":{"rendered":"\t\t<div data-elementor-type=\"wp-page\" data-elementor-id=\"8172\" class=\"elementor elementor-8172\">\n\t\t\t\t\t\t<section class=\"elementor-section elementor-top-section elementor-element elementor-element-9874e37 elementor-section-full_width elementor-section-height-default elementor-section-height-default\" data-id=\"9874e37\" data-element_type=\"section\">\n\t\t\t\t\t\t<div class=\"elementor-container elementor-column-gap-default\">\n\t\t\t\t\t<div class=\"elementor-column elementor-col-100 elementor-top-column elementor-element elementor-element-d01ef93\" data-id=\"d01ef93\" data-element_type=\"column\">\n\t\t\t<div class=\"elementor-widget-wrap elementor-element-populated\">\n\t\t\t\t\t\t<div class=\"elementor-element elementor-element-2927a6c elementor-widget elementor-widget-text-editor\" data-id=\"2927a6c\" data-element_type=\"widget\" data-widget_type=\"text-editor.default\">\n\t\t\t\t<div class=\"elementor-widget-container\">\n\t\t\t<style>\/*! elementor - v3.20.0 - 13-03-2024 *\/\n.elementor-widget-text-editor.elementor-drop-cap-view-stacked .elementor-drop-cap{background-color:#69727d;color:#fff}.elementor-widget-text-editor.elementor-drop-cap-view-framed .elementor-drop-cap{color:#69727d;border:3px solid;background-color:transparent}.elementor-widget-text-editor:not(.elementor-drop-cap-view-default) .elementor-drop-cap{margin-top:8px}.elementor-widget-text-editor:not(.elementor-drop-cap-view-default) .elementor-drop-cap-letter{width:1em;height:1em}.elementor-widget-text-editor .elementor-drop-cap{float:left;text-align:center;line-height:1;font-size:50px}.elementor-widget-text-editor .elementor-drop-cap-letter{display:inline-block}<\/style>\t\t\t\t<nav id=\"tours\" class=\"main-nav-top with-banner\">\n<div class=\"container\">\n<div class=\"main-nav-holder\">\n<div class=\"slide-nav js-slide-hidden\">\n<ul id=\"slide-nav-ul\">\n \t<li><a href=\"\/it\/laos\/\">Tour del Laos<\/a><\/li>\n \t<li><a href=\"\/it\/laos\/luoghi-da-visitare-in-laos\/\">Luoghi da visitare in Laos<\/a><\/li>\n \t<li class=\"active\"><a href=\"\/it\/laos\/guida-di-viaggio-del-laos\/\">Guida Di Viaggio Del Laos<\/a><\/li>\n \t<li><a href=\"\/it\/laos\/il-periodo-migliore-per-visitare-il-laos\/\">Il Periodo Migliore Per Visitare Il Laos<\/a><\/li>\n<\/ul>\n<\/div>\n<\/div>\n<\/div>\n<\/nav>\t\t\t\t\t\t<\/div>\n\t\t\t\t<\/div>\n\t\t\t\t\t<\/div>\n\t\t<\/div>\n\t\t\t\t\t<\/div>\n\t\t<\/section>\n\t\t\t\t<section class=\"elementor-section elementor-top-section elementor-element elementor-element-c01d4c3 elementor-section-boxed elementor-section-height-default elementor-section-height-default\" data-id=\"c01d4c3\" data-element_type=\"section\">\n\t\t\t\t\t\t<div class=\"elementor-container elementor-column-gap-default\">\n\t\t\t\t\t<div class=\"elementor-column elementor-col-100 elementor-top-column elementor-element elementor-element-d26fef5\" data-id=\"d26fef5\" data-element_type=\"column\">\n\t\t\t<div class=\"elementor-widget-wrap elementor-element-populated\">\n\t\t\t\t\t\t<div class=\"elementor-element elementor-element-0615542 elementor-widget elementor-widget-text-editor\" data-id=\"0615542\" data-element_type=\"widget\" data-widget_type=\"text-editor.default\">\n\t\t\t\t<div class=\"elementor-widget-container\">\n\t\t\t\t\t\t\t<h2>VISTO D\u2019INGRESSO<\/h2><p>I viaggiatori italiani, cos\u00ec come tutti coloro che desiderano fare ingresso in Laos dovranno fare di visto d&#8217;ingresso. Il modo pi\u00f9 semplice \u00e8 quello di richiederlo al momento dell&#8217;arrivo tenuto conto che ai cittadini di molti paesi viene rilasciato un visto turistico valido 30 giorni all&#8217;aeroporto e presso quasi tutti i passaggi di frontiera. Il passaporto dovr\u00e0 avere una validit\u00e0 residua di almeno sei mesi. Ovviamente, \u00e8 possibile richiedere il visto anche prima della partenza. La validit\u00e0 \u00e8 di 14 giorni e pu\u00f2 essere rinnovato dal Dipartimento dell\u2019Immigrazione locale. Per il visto all&#8217;arrivo, il costo per cittadini italiani \u00e8 $30\/persona, il viaggiatore all&#8217;arrivo, deve compilare un modulo e aspettare 10 minuti per il visto stampato.<\/p><h2>FUSO ORARIO<\/h2><p>GMT+7: +6h (rispetto all&#8217;ora solare italiana); +5h (rispetto all&#8217;ora legale italiana). Nota bene che I negozi e ristoranti in Laos chiudono molto presto, verso le 21.00 &#8211; 22.00.<\/p><h2>CLIMA<\/h2><p>Monsonico. La stagione secca va da inizio novembre a fine febbraio; costituisce il periodo migliore per visitare il Paese grazie al caldo sopportabile durante il giorno e a notti relativamente fresche, cielo terso e limpido, tranne che nel nord e nelle valli, dove rimane abbastanza nuvoloso con temperature medie tra i 14 e i 20\u00b0C. Da marzo a inizio maggio comincia il periodo caldo, difficile da sopportare particolarmente nei centri urbani con temperature massime che possono arrivare ai 35\u00b0C. La stagione delle piogge va da inizio maggio a met\u00e0 ottobre con rovesci torrenziali e frequenti inondazioni. L&#8217;elevato tasso di umidit\u00e0 rende il caldo opprimente. Nel medesimo periodo si registrano anche tifoni.<\/p><h2>VALUTA E TASSO DI SCAMBIO<\/h2><p>La moneta ufficiale \u00e8 il Kip (LAK). Si fa presente che in Laos non sussistono affidabili sportelli internazionali ATM. Le principali carte di credito sono accettate nei grandi alberghi e nelle pi\u00f9 importanti strutture turistiche. Le transazioni sono condotte principalmente in dollari americani, Thai Bath o Lao Kip. Gli euro ed i dollari vengono accettati e cambiati ovunque.<\/p><p><strong>1EUR = 13400 LAK<\/strong><\/p><p><strong>1USD = 12800 LAK<\/strong><\/p><h2>VOLI INTERNAZIONALI E NAZIONALI<\/h2><p>In Laos ci sono quattro aereoporti internazionali: uno nel nord del paese, due nel centro ed uno nel Laos meridionale.<\/p><p>Luang Prabang International Airport (LPQ), Wattay International Airport, Vientiane (VTE), Savannakhet International Airport (ZVK), Pakse International Airport (PKZ)<\/p><p>Compagnie aeree in Laos: Lao Airlines (QV) (compagnia di bandiera), Thai Airways International (TG), Bangkok Airways (PG), Vietnam Airlines (VT), Air Asia, China Eastern Airlines.<\/p><h2>INFORMAZIONI SANITARIE<\/h2><p>Vaccinazioni obbligatorie: nessuna. Raccomandazioni: non assumere acqua corrente e non bere latte e bevande di produzione locale evitando di aggiungere il ghiaccio; consumare carni e uova cotte (ad almeno 70 gradi); osservare norme igieniche basilari, come lavarsi frequentemente le mani; scegliere gli alimenti con la massima attenzione; eventuale profilassi antimalarica.<\/p><h2>CIBI E BEVANDE<\/h2><p>Meno varia e sofisticata delle pi\u00f9 rinomate cucine dei paesi confinanti, la cucina laotiana ha comunque una sua peculiarit\u00e0. Il riso \u00e8 la base dell&#8217;alimentazione in tutta l&#8217;Indocina e il Laos non fa eccezione. Questo riso cotto al vapore viene servito in piccoli panieri di vimini e usato scondito e freddo al posto del pane. Gli ingredienti in generale sono semplici e freschi: verdure, pesce principalmente d&#8217;acqua dolce, pollo, anatra, maiale, manzo e bufalo. Il gusto speziato \u00e8 dato dall&#8217;uso del succo di lime, citronella, foglie di menta e coriandolo, radici, peperoncino e zenzero. La bevanda pi\u00f9 popolare \u00e8 la &#8220;birra Lao&#8221;, prodotta localmente, leggera e rinfrescante, e il &#8220;lau-lao&#8221;, una sorta di whisky di riso.<\/p><h2>POSTA, TELEFONO, INTERNET E MEDIA<\/h2><p>Per telefonare in Laos dall&#8217;Italia comporre lo 00856 seguito dal prefisso interurbano e dal numero dell\u2019abbonato richiesto.<\/p><p>Viceversa, per telefonare dal Laos in Italia, si possono usare i telefoni cellulari dotati di servizio di roaming internazionale (la copertura della rete \u00e8 buona nelle citt\u00e0 e nelle principali localit\u00e0 turistiche, meno nei villaggi e nelle strette valli delle zone montuose), i telefoni degli alberghi, oppure recarsi presso i numerosi internet point presenti soprattutto nelle citt\u00e0 pi\u00f9 turistiche.<\/p><p>\u00c8 possibile infine acquistare SIM card locali dal valore di 20.000 kip (schede prepagate).<\/p><p>Per chiamate interurbane nel paese comporre 0 prima del numero, per la chiamate internazionali 00 prima del prefisso del paese (es. Italia: 0039).<\/p><h2>TRASPORTO<\/h2><p>Al di fuori di Vientiane la rete stradale \u00e8 molto arretrata (anche se sono in atto dei lavori di modernizzazione), quindi anche per percorrere distanze relativamente brevi si impiega molto tempo. Gli autobus generalmente servono solo le zone circostanti i capoluoghi di provincia, e sono rari quelli a lunga percorrenza. Un modo per ovviare a questo problema \u00e8 farsi dare un passaggio dai camion adibiti al trasporto delle merci oppure ricorrere agli autocarri trasformati in veicoli per passeggeri. L&#8217;alternativa \u00e8 costituita dai trasporti fluviali. I fiumi sono le vere strade del Laos; le principali vie di comunicazione fluviale sono il Mekong, il Nam Ou, il Nam Khan, il Nam Tha, il Nam Ngum e il Se Don. Per i viaggi lunghi prendete i traghetti con motore diesel, che sovente offrono qualche rudimentale forma di sistemazione per la notte oppure hanno sul ponte delle zone dove si pu\u00f2 dormire; per gli spostamenti brevi \u00e8 meglio prendere i taxi fluviali o, sul corso superiore del Mekong, le lance. Nelle citt\u00e0 pi\u00f9 grandi ci sono alcuni taxi, molti mototaxi a tre ruote e, per le distanze pi\u00f9 brevi, i risci\u00f2; le tariffe vanno contrattate. A Vientiane, Luang Prabang e Savannakhet ci sono piccole motociclette da 100cc. Le biciclette a noleggio si trovano solo a Vientiane e a Luang Prabang.<\/p><h2>COSA METTERE IN VALIGIA<\/h2><p>Abbigliamento pratico e sportivo, in cotone e meglio se in fibre naturali, capi pi\u00f9 pesanti per proteggersi dall&#8217;aria condizionata degli alberghi, k-way; cappellino, eventuale costume da bagno, occhiali da sole e creme protettive, scarponcini da trekking e\/o scarpe sportive con suola antiscivolo, sandali, coltellino multiuso, borraccia, torcia, collirio, repellenti per zanzare; farmaci di uso personale.<\/p><h2>ELETTRICIT\u00c0<\/h2><p>220V 50Hz. Spine di tipo A (USA a 2 contatti), B (USA a 3 poli), C (europea a 2 poli), E (francese a 3 poli) ed F (tedesca a 2 poli). \u00c8 consigliabile munirsi di torcia elettrica qualora dovesse mancare la corrente. Assicurarsi di avere anche un adattatore di presa internazionale (molto utile per ricaricare il vostro cellulare).<\/p><h2>FOTO E VIDEO<\/h2><p>\u00c8 vietato fotografare postazioni militari e aeroporti, cos\u00ec come \u00e8 meglio evitare di fotografare la gente che prega e i monaci. Si suggerisce rispetto e sensibilit\u00e0 nel fotografare le persone: \u00e8 consigliabile sempre chiedere prima il loro permesso, per evitare possibili discussioni. \u00c8 consigliabile acquistare tutto il materiale fotografico in Italia.<\/p><h2>SHOPPING<\/h2><p>Interessanti sono gli oggetti per la casa, come i cesti, prodotti in paglia, rattan e canna, e suppellettili in ceramica e legno intagliato. Importante \u00e8 la lavorazione dell&#8217;oro, ma soprattutto dell&#8217;argento da cui vengono prodotti dei bei gioielli. Bellissimi i tessuti, seta e cotone in primis, dai colori sgargianti e dai disegni differenti a seconda dell&#8217;etnia e della provenienza del tessitore. Particolare la carta ricavata dalla corteccia di gelso. \u00c8 severamente vietato esporre oggetti antichi e immagini del Buddha. La contrattazione \u00e8 un&#8217;arte e generalmente i laotiani sono garbati e onesti nel mercanteggiare. Solo in alcuni negozi il prezzo \u00e8 fisso.<\/p><h2>FORMALIT\u00c0 DOGANALI<\/h2><p>\u00c8 richiesto il visto d&#8217;ingresso per i cittadini di tutti i paesi europei, il Pacifico e Americhe e in Africa. Molto facile da ottenere, \u00e8 emesso all&#8217;arrivo tutti i valichi di frontiera internazionali sul pagamento delle spese di emissione. Il modulo per la domanda di visto \u00e8 distribuito su un volo, o disponibile presso il confine. Fornire dimensioni foto 6&#215;9 cm e 20 dollari statunitensi in contanti. Il passaporto deve essere valido almeno pi\u00f9 di 6 mesi rispetto alla data di scadenza del visto. Tasse aeroportuali: Sono compresi nel biglietti nazionali e internazionali.<\/p><p><strong>Assicurazione:<\/strong> Si consiglia di stipulare un&#8217;assicurazione sanitaria per il rimborso delle spese mediche sostenute all&#8217;estero e, preferibilmente, il rimpatrio in caso di incidente. Ricordate che come singolo titolare di una carta di credito, si ricever\u00e0 automaticamente spesso il tipo ASSISTENZA Europe Assistance, su incidente o malattia, supportato con alcune spese connesse, compreso il residenza tassa estensione, rientro anticipato &#8230; un anticipo sui costi di assistenza legale, le spese legali &#8230;; Questi benefici non sono legati alla definizione del vostro viaggio con carta ma acquisiti in qualit\u00e0 di titolare o beneficiario.di contanti non accette gli assegni, le carte bancarie, i risparmi certificati o gli altri certificati.<\/p><h2>SICUREZZA<\/h2><p>Nell&#8217;insieme il Laos \u00e8 un paese senza problemi, ma ci\u00f2 non esclude le abituali precauzioni da usare in un viaggio: non farsi portare i propri bagagli, stare attenti agli scippi.<\/p><p>A causa dell&#8217;insicurezza in alcune province, \u00e8 meglio raccogliere informazioni presso le autorit\u00e0, prima di partire. Su alcuni tragitti le auto sono accompagnate da militari armati.<\/p><p>Le strade sono in cattivo stato e possono diventare pericolose durante la stagione delle piogge. In caso di incidente grave si consiglia vivamente il rimpatrio. Un&#8217;assicurazione per l&#8217;assistenza medica sembra indispensabile per intraprendere un soggiorno nel Laos.<\/p><h2>PAESE CHE VAI USANZE CHE TROVI<\/h2><p>Nei paesi di cultura orientale \u00e8 bene mostrarsi con un abbigliamento adeguato che copra spalle, petto, braccia e gambe evitare dunque canottiere e calzoni corti.<\/p><p>Soprattutto nei luoghi di culto occorre rispettare i costumi religiosi, quindi \u00e8 necessario togliersi le scarpe prima di entrare in una pagoda o in un tempio (si possono tenere i calzini), bisogna sedersi per terra con le gambe raccolte di lato senza mai rivolgere la pianta dei piedi all&#8217;effige del Buddha.<\/p><p>I laotiani parlano quasi sottovoce, quindi \u00e8 meglio non essere chiassosi e, in caso di contrariet\u00e0, non \u00e8 conveniente n\u00e9 utile perdere la calma lasciandosi andare ad un comportamento maleducato ed aggressivo.<\/p><p>Ogni questione pu\u00f2 essere regolata con rispetto reciproco. Anche tra persone sposate \u00e8 consigliabile non ostentare atteggiamenti affettuosi in pubblico come scambiarsi effusioni o anche solo tenersi per mano.<\/p><p>Cose assolutamente da non fare sono toccare la testa ad altre persone o a statue del Buddha, indicare cose o persone con la punta dei piedi. Le signore non possono toccare i monaci o sedersi accanto a loro.<\/p>\t\t\t\t\t\t<\/div>\n\t\t\t\t<\/div>\n\t\t\t\t\t<\/div>\n\t\t<\/div>\n\t\t\t\t\t<\/div>\n\t\t<\/section>\n\t\t\t\t<section class=\"elementor-section elementor-top-section elementor-element elementor-element-789228c elementor-section-boxed elementor-section-height-default elementor-section-height-default\" data-id=\"789228c\" data-element_type=\"section\">\n\t\t\t\t\t\t<div class=\"elementor-container elementor-column-gap-default\">\n\t\t\t\t\t<div class=\"elementor-column elementor-col-100 elementor-top-column elementor-element elementor-element-a06c196\" data-id=\"a06c196\" data-element_type=\"column\">\n\t\t\t<div class=\"elementor-widget-wrap elementor-element-populated\">\n\t\t\t\t\t\t<div class=\"elementor-element elementor-element-c7d1783 elementor-widget elementor-widget-text-editor\" data-id=\"c7d1783\" data-element_type=\"widget\" data-widget_type=\"text-editor.default\">\n\t\t\t\t<div class=\"elementor-widget-container\">\n\t\t\t\t\t\t\t<h2>Crea il tuo viaggio su misura in Laos<\/h2><p style=\"font-size: 18px;\">In viaggio in Laos? Chatta con uno specialista di viaggi locale in Laos, che pu\u00f2 aiutarti a organizzare il tuo viaggio.<\/p>\t\t\t\t\t\t<\/div>\n\t\t\t\t<\/div>\n\t\t\t\t<div class=\"elementor-element elementor-element-181f44f elementor-align-center elementor-widget elementor-widget-button\" data-id=\"181f44f\" data-element_type=\"widget\" data-widget_type=\"button.default\">\n\t\t\t\t<div class=\"elementor-widget-container\">\n\t\t\t\t\t<div class=\"elementor-button-wrapper\">\n\t\t\t<a class=\"elementor-button elementor-button-link elementor-size-sm\" href=\"https:\/\/evivatour.com\/it\/personalizza-il-tuo-tour\/\">\n\t\t\t\t\t\t<span class=\"elementor-button-content-wrapper\">\n\t\t\t\t\t\t<span class=\"elementor-button-text\">COMINCIA QUI<\/span>\n\t\t<\/span>\n\t\t\t\t\t<\/a>\n\t\t<\/div>\n\t\t\t\t<\/div>\n\t\t\t\t<\/div>\n\t\t\t\t\t<\/div>\n\t\t<\/div>\n\t\t\t\t\t<\/div>\n\t\t<\/section>\n\t\t\t\t<\/div>\n\t\t","protected":false},"excerpt":{"rendered":"<p>Tour del Laos Luoghi da visitare in Laos Guida Di Viaggio Del Laos Il Periodo Migliore Per Visitare Il Laos VISTO D\u2019INGRESSO I viaggiatori italiani, cos\u00ec come tutti coloro che desiderano fare ingresso in Laos dovranno fare di visto d&#8217;ingresso. Il modo pi\u00f9 semplice \u00e8 quello di richiederlo al momento dell&#8217;arrivo tenuto conto che ai [&hellip;]<\/p>\n","protected":false},"author":1,"featured_media":0,"parent":8165,"menu_order":0,"comment_status":"closed","ping_status":"closed","template":"","meta":{"inline_featured_image":false,"footnotes":""},"class_list":["post-8172","page","type-page","status-publish","hentry"],"yoast_head":"<!-- This site is optimized with the Yoast SEO plugin v26.9 - https:\/\/yoast.com\/product\/yoast-seo-wordpress\/ -->\n<title>Itinerario Laos - Informazioni utili prima di viaggiare in Laos<\/title>\n<meta name=\"description\" content=\"Itinerario Laos: scopri su argomenti come visto, meteo, valuta e costi, consigli di viaggio ed esplora luoghi da visitare in Laos. Pianifica il tuo viaggio in Laos\" \/>\n<meta name=\"robots\" content=\"index, follow, max-snippet:-1, max-image-preview:large, max-video-preview:-1\" \/>\n<link rel=\"canonical\" href=\"https:\/\/evivatour.com\/it\/laos\/guida-di-viaggio-del-laos\/\" \/>\n<meta property=\"og:locale\" content=\"en_US\" \/>\n<meta property=\"og:type\" content=\"article\" \/>\n<meta property=\"og:title\" content=\"Itinerario Laos - Informazioni utili prima di viaggiare in Laos\" \/>\n<meta property=\"og:description\" content=\"Itinerario Laos: scopri su argomenti come visto, meteo, valuta e costi, consigli di viaggio ed esplora luoghi da visitare in Laos. Pianifica il tuo viaggio in Laos\" \/>\n<meta property=\"og:url\" content=\"https:\/\/evivatour.com\/it\/laos\/guida-di-viaggio-del-laos\/\" \/>\n<meta property=\"og:site_name\" content=\"Eviva Tour\" \/>\n<meta property=\"article:modified_time\" content=\"2023-10-17T02:52:43+00:00\" \/>\n<meta name=\"twitter:card\" content=\"summary_large_image\" \/>\n<meta name=\"twitter:label1\" content=\"Est. reading time\" \/>\n\t<meta name=\"twitter:data1\" content=\"8 minutes\" \/>\n<script type=\"application\/ld+json\" class=\"yoast-schema-graph\">{\"@context\":\"https:\/\/schema.org\",\"@graph\":[{\"@type\":\"WebPage\",\"@id\":\"https:\/\/evivatour.com\/it\/laos\/guida-di-viaggio-del-laos\/\",\"url\":\"https:\/\/evivatour.com\/it\/laos\/guida-di-viaggio-del-laos\/\",\"name\":\"Itinerario Laos - Informazioni utili prima di viaggiare in Laos\",\"isPartOf\":{\"@id\":\"https:\/\/evivatour.com\/it\/#website\"},\"datePublished\":\"2021-08-19T23:55:36+00:00\",\"dateModified\":\"2023-10-17T02:52:43+00:00\",\"description\":\"Itinerario Laos: scopri su argomenti come visto, meteo, valuta e costi, consigli di viaggio ed esplora luoghi da visitare in Laos. Pianifica il tuo viaggio in Laos\",\"breadcrumb\":{\"@id\":\"https:\/\/evivatour.com\/it\/laos\/guida-di-viaggio-del-laos\/#breadcrumb\"},\"inLanguage\":\"en-US\",\"potentialAction\":[{\"@type\":\"ReadAction\",\"target\":[\"https:\/\/evivatour.com\/it\/laos\/guida-di-viaggio-del-laos\/\"]}]},{\"@type\":\"BreadcrumbList\",\"@id\":\"https:\/\/evivatour.com\/it\/laos\/guida-di-viaggio-del-laos\/#breadcrumb\",\"itemListElement\":[{\"@type\":\"ListItem\",\"position\":1,\"name\":\"Home\",\"item\":\"https:\/\/evivatour.com\/it\/\"},{\"@type\":\"ListItem\",\"position\":2,\"name\":\"Laos Tour e Viaggi 2026\",\"item\":\"https:\/\/evivatour.com\/it\/laos\/\"},{\"@type\":\"ListItem\",\"position\":3,\"name\":\"Guida Di Viaggio Del Laos\"}]},{\"@type\":\"WebSite\",\"@id\":\"https:\/\/evivatour.com\/it\/#website\",\"url\":\"https:\/\/evivatour.com\/it\/\",\"name\":\"Eviva Tour\",\"description\":\"Smile every mile\",\"publisher\":{\"@id\":\"https:\/\/evivatour.com\/it\/#organization\"},\"potentialAction\":[{\"@type\":\"SearchAction\",\"target\":{\"@type\":\"EntryPoint\",\"urlTemplate\":\"https:\/\/evivatour.com\/it\/?s={search_term_string}\"},\"query-input\":{\"@type\":\"PropertyValueSpecification\",\"valueRequired\":true,\"valueName\":\"search_term_string\"}}],\"inLanguage\":\"en-US\"},{\"@type\":\"Organization\",\"@id\":\"https:\/\/evivatour.com\/it\/#organization\",\"name\":\"Eviva Tour\",\"url\":\"https:\/\/evivatour.com\/it\/\",\"logo\":{\"@type\":\"ImageObject\",\"inLanguage\":\"en-US\",\"@id\":\"https:\/\/evivatour.com\/it\/#\/schema\/logo\/image\/\",\"url\":\"https:\/\/evivatour.com\/it\/wp-content\/uploads\/2021\/08\/cropped-eviva-tour-vietnam.png\",\"contentUrl\":\"https:\/\/evivatour.com\/it\/wp-content\/uploads\/2021\/08\/cropped-eviva-tour-vietnam.png\",\"width\":280,\"height\":185,\"caption\":\"Eviva Tour\"},\"image\":{\"@id\":\"https:\/\/evivatour.com\/it\/#\/schema\/logo\/image\/\"}}]}<\/script>\n<!-- \/ Yoast SEO plugin. -->","yoast_head_json":{"title":"Itinerario Laos - Informazioni utili prima di viaggiare in Laos","description":"Itinerario Laos: scopri su argomenti come visto, meteo, valuta e costi, consigli di viaggio ed esplora luoghi da visitare in Laos. Pianifica il tuo viaggio in Laos","robots":{"index":"index","follow":"follow","max-snippet":"max-snippet:-1","max-image-preview":"max-image-preview:large","max-video-preview":"max-video-preview:-1"},"canonical":"https:\/\/evivatour.com\/it\/laos\/guida-di-viaggio-del-laos\/","og_locale":"en_US","og_type":"article","og_title":"Itinerario Laos - Informazioni utili prima di viaggiare in Laos","og_description":"Itinerario Laos: scopri su argomenti come visto, meteo, valuta e costi, consigli di viaggio ed esplora luoghi da visitare in Laos. Pianifica il tuo viaggio in Laos","og_url":"https:\/\/evivatour.com\/it\/laos\/guida-di-viaggio-del-laos\/","og_site_name":"Eviva Tour","article_modified_time":"2023-10-17T02:52:43+00:00","twitter_card":"summary_large_image","twitter_misc":{"Est. reading time":"8 minutes"},"schema":{"@context":"https:\/\/schema.org","@graph":[{"@type":"WebPage","@id":"https:\/\/evivatour.com\/it\/laos\/guida-di-viaggio-del-laos\/","url":"https:\/\/evivatour.com\/it\/laos\/guida-di-viaggio-del-laos\/","name":"Itinerario Laos - Informazioni utili prima di viaggiare in Laos","isPartOf":{"@id":"https:\/\/evivatour.com\/it\/#website"},"datePublished":"2021-08-19T23:55:36+00:00","dateModified":"2023-10-17T02:52:43+00:00","description":"Itinerario Laos: scopri su argomenti come visto, meteo, valuta e costi, consigli di viaggio ed esplora luoghi da visitare in Laos. Pianifica il tuo viaggio in Laos","breadcrumb":{"@id":"https:\/\/evivatour.com\/it\/laos\/guida-di-viaggio-del-laos\/#breadcrumb"},"inLanguage":"en-US","potentialAction":[{"@type":"ReadAction","target":["https:\/\/evivatour.com\/it\/laos\/guida-di-viaggio-del-laos\/"]}]},{"@type":"BreadcrumbList","@id":"https:\/\/evivatour.com\/it\/laos\/guida-di-viaggio-del-laos\/#breadcrumb","itemListElement":[{"@type":"ListItem","position":1,"name":"Home","item":"https:\/\/evivatour.com\/it\/"},{"@type":"ListItem","position":2,"name":"Laos Tour e Viaggi 2026","item":"https:\/\/evivatour.com\/it\/laos\/"},{"@type":"ListItem","position":3,"name":"Guida Di Viaggio Del Laos"}]},{"@type":"WebSite","@id":"https:\/\/evivatour.com\/it\/#website","url":"https:\/\/evivatour.com\/it\/","name":"Eviva Tour","description":"Smile every mile","publisher":{"@id":"https:\/\/evivatour.com\/it\/#organization"},"potentialAction":[{"@type":"SearchAction","target":{"@type":"EntryPoint","urlTemplate":"https:\/\/evivatour.com\/it\/?s={search_term_string}"},"query-input":{"@type":"PropertyValueSpecification","valueRequired":true,"valueName":"search_term_string"}}],"inLanguage":"en-US"},{"@type":"Organization","@id":"https:\/\/evivatour.com\/it\/#organization","name":"Eviva Tour","url":"https:\/\/evivatour.com\/it\/","logo":{"@type":"ImageObject","inLanguage":"en-US","@id":"https:\/\/evivatour.com\/it\/#\/schema\/logo\/image\/","url":"https:\/\/evivatour.com\/it\/wp-content\/uploads\/2021\/08\/cropped-eviva-tour-vietnam.png","contentUrl":"https:\/\/evivatour.com\/it\/wp-content\/uploads\/2021\/08\/cropped-eviva-tour-vietnam.png","width":280,"height":185,"caption":"Eviva Tour"},"image":{"@id":"https:\/\/evivatour.com\/it\/#\/schema\/logo\/image\/"}}]}},"_links":{"self":[{"href":"https:\/\/evivatour.com\/it\/wp-json\/wp\/v2\/pages\/8172","targetHints":{"allow":["GET"]}}],"collection":[{"href":"https:\/\/evivatour.com\/it\/wp-json\/wp\/v2\/pages"}],"about":[{"href":"https:\/\/evivatour.com\/it\/wp-json\/wp\/v2\/types\/page"}],"author":[{"embeddable":true,"href":"https:\/\/evivatour.com\/it\/wp-json\/wp\/v2\/users\/1"}],"replies":[{"embeddable":true,"href":"https:\/\/evivatour.com\/it\/wp-json\/wp\/v2\/comments?post=8172"}],"version-history":[{"count":2,"href":"https:\/\/evivatour.com\/it\/wp-json\/wp\/v2\/pages\/8172\/revisions"}],"predecessor-version":[{"id":16953,"href":"https:\/\/evivatour.com\/it\/wp-json\/wp\/v2\/pages\/8172\/revisions\/16953"}],"up":[{"embeddable":true,"href":"https:\/\/evivatour.com\/it\/wp-json\/wp\/v2\/pages\/8165"}],"wp:attachment":[{"href":"https:\/\/evivatour.com\/it\/wp-json\/wp\/v2\/media?parent=8172"}],"curies":[{"name":"wp","href":"https:\/\/api.w.org\/{rel}","templated":true}]}}