{"id":8214,"date":"2021-08-20T09:54:35","date_gmt":"2021-08-20T02:54:35","guid":{"rendered":"http:\/\/evivatour.com\/?page_id=8214"},"modified":"2023-10-17T09:28:54","modified_gmt":"2023-10-17T02:28:54","slug":"il-periodo-migliore-per-visitare-il-cambogia","status":"publish","type":"page","link":"https:\/\/evivatour.com\/it\/cambogia\/il-periodo-migliore-per-visitare-il-cambogia\/","title":{"rendered":"Il Periodo Migliore Per Visitare La Cambogia"},"content":{"rendered":"\t\t<div data-elementor-type=\"wp-page\" data-elementor-id=\"8214\" class=\"elementor elementor-8214\">\n\t\t\t\t\t\t<section class=\"elementor-section elementor-top-section elementor-element elementor-element-9874e37 elementor-section-stretched elementor-section-boxed elementor-section-height-default elementor-section-height-default\" data-id=\"9874e37\" data-element_type=\"section\" data-settings=\"{&quot;stretch_section&quot;:&quot;section-stretched&quot;,&quot;background_background&quot;:&quot;classic&quot;}\">\n\t\t\t\t\t\t<div class=\"elementor-container elementor-column-gap-no\">\n\t\t\t\t\t<div class=\"elementor-column elementor-col-100 elementor-top-column elementor-element elementor-element-d01ef93\" data-id=\"d01ef93\" data-element_type=\"column\">\n\t\t\t<div class=\"elementor-widget-wrap elementor-element-populated\">\n\t\t\t\t\t\t<div class=\"elementor-element elementor-element-2927a6c elementor-widget elementor-widget-text-editor\" data-id=\"2927a6c\" data-element_type=\"widget\" data-widget_type=\"text-editor.default\">\n\t\t\t\t<div class=\"elementor-widget-container\">\n\t\t\t<style>\/*! elementor - v3.20.0 - 13-03-2024 *\/\n.elementor-widget-text-editor.elementor-drop-cap-view-stacked .elementor-drop-cap{background-color:#69727d;color:#fff}.elementor-widget-text-editor.elementor-drop-cap-view-framed .elementor-drop-cap{color:#69727d;border:3px solid;background-color:transparent}.elementor-widget-text-editor:not(.elementor-drop-cap-view-default) .elementor-drop-cap{margin-top:8px}.elementor-widget-text-editor:not(.elementor-drop-cap-view-default) .elementor-drop-cap-letter{width:1em;height:1em}.elementor-widget-text-editor .elementor-drop-cap{float:left;text-align:center;line-height:1;font-size:50px}.elementor-widget-text-editor .elementor-drop-cap-letter{display:inline-block}<\/style>\t\t\t\t<nav id=\"tours\" class=\"main-nav-top with-banner\"><div class=\"container\"><div class=\"main-nav-holder\"><div class=\"slide-nav js-slide-hidden\"><ul id=\"slide-nav-ul\"><li><a href=\"\/it\/cambogia\/\">Tour Del Cambogia<\/a><\/li><li><a href=\"\/it\/cambodia\/luoghi-da-visitare-in-cambogia\/\">Luoghi da visitare in Cambogia<\/a><\/li><li><a href=\"\/it\/cambodia\/guida-di-viaggio-del-cambogia\/\">Guida Di Viaggio Del Cambogia<\/a><\/li><li class=\"active\"><a href=\"\/it\/cambodia\/il-periodo-migliore-per-visitare-il-cambogia\/\">Il Periodo Migliore Per Visitare La Cambogia<\/a><\/li><\/ul><\/div><\/div><\/div><\/nav>\t\t\t\t\t\t<\/div>\n\t\t\t\t<\/div>\n\t\t\t\t\t<\/div>\n\t\t<\/div>\n\t\t\t\t\t<\/div>\n\t\t<\/section>\n\t\t\t\t<section class=\"elementor-section elementor-top-section elementor-element elementor-element-c01d4c3 elementor-section-boxed elementor-section-height-default elementor-section-height-default\" data-id=\"c01d4c3\" data-element_type=\"section\">\n\t\t\t\t\t\t<div class=\"elementor-container elementor-column-gap-default\">\n\t\t\t\t\t<div class=\"elementor-column elementor-col-100 elementor-top-column elementor-element elementor-element-d26fef5\" data-id=\"d26fef5\" data-element_type=\"column\">\n\t\t\t<div class=\"elementor-widget-wrap elementor-element-populated\">\n\t\t\t\t\t\t<div class=\"elementor-element elementor-element-0615542 elementor-widget elementor-widget-text-editor\" data-id=\"0615542\" data-element_type=\"widget\" data-widget_type=\"text-editor.default\">\n\t\t\t\t<div class=\"elementor-widget-container\">\n\t\t\t\t\t\t\t<p>Da quando hai raggiunto questo post, scommettiamo che anche tu hai avuto una domanda: &#8220;Quando \u00e8 il momento migliore per visitare la Cambogia ?&#8221; altrettanti viaggiatori nel mondo. La Cambogia \u00e8 una meravigliosa nazione del sud-est asiatico che vale la pena visitare per la sua enigmatica bellezza, i maestosi templi, le vaste pianure costellate di risaie verdi e la storia unica. Molti visitatori occidentali hanno reso la Cambogia una tappa obbligata nel loro viaggio in Indocina, non solo per apprezzare la bellezza del paese, ma anche per sperimentare le caratteristiche culturali distinte della gente. Quindi, per organizzare con precisione la tua visita in Cambogia, scopriamo il clima e l&#8217;ambiente qui!<\/p><h2>Panoramica del tempo in Cambogia<\/h2><p>Il clima della Cambogia \u00e8 tropicale, con tre stagioni distinte: fredda, calda e piovosa. Il clima dominante della Cambogia \u00e8 caldo e umido, con le temperature pi\u00f9 alte che si verificano tra met\u00e0 marzo e maggio, raggiungendo i 32\u00b0C. La temperatura in Cambogia scende intorno ai 25\u00b0C\u00a0 durante la transizione tra il vecchio e il nuovo anno, tra dicembre e gennaio. Il clima in Cambogia nel mese di gennaio \u00e8 il pi\u00f9 confortevole di tutto l&#8217;anno, il che lo rende un ottimo periodo di viaggio importante in Cambogia. Il periodo da maggio a ottobre \u00e8 caratterizzato da molte precipitazioni, provocando un aumento dell&#8217;umidit\u00e0 di quasi l&#8217;80%, combinato con temperature che rimangono elevate, il che pu\u00f2 essere scomodo per i turisti.<\/p><h2>Stagioni in Cambogia<\/h2><h3>La stagione fredda in Cambogia<\/h3><p>La temperatura della Cambogia inizia a scendere a novembre ed \u00e8 piacevole da dicembre a gennaio. In questo periodo dell\u2019anno, la temperatura nella capitale della Cambogia, Phnom Penh, varia da 21\u00b0C a 32\u00b0C. La temperatura in Cambogia durante la stagione fredda \u00e8 mite, quindi non dovrai indossare troppi strati per essere al caldo. Poich\u00e9 gennaio \u00e8 il mese pi\u00f9 fresco dell\u2019anno, \u00e8 anche il mese in cui la maggior parte delle persone sceglie di viaggiare.<\/p><p>I templi di Angkor, la visita di mercati multicolori e il trekking nella giungla sono destinazioni popolari durante questo periodo. Questo \u00e8 anche un ottimo momento per esplorare luoghi come Siem Reap, Phnom Penh e Battambang. Il clima secco render\u00e0 pi\u00f9 semplice esplorare templi, mercati e musei. Poich\u00e9 la stagione fresca coincide con le principali festivit\u00e0 come Natale e Capodanno, il costo dei servizi aumenter\u00e0, cos\u00ec come la folla, che potrebbe avere un impatto negativo sulla tua esperienza di viaggio.<\/p><h3>La stagione calda in Cambogia<\/h3><p>La stagione calda in Cambogia dura da marzo a giugno, con temperature che raggiungono i 40\u00b0C ad aprile. Questa \u00e8 anche conosciuta come la stagione secca, ma l\u2019umidit\u00e0 si mantiene intorno al 60%, facendo s\u00ec che la temperatura rimanga pi\u00f9 calda del solito. In questo periodo dell\u2019anno, praticamente non c\u2019\u00e8 vento, le strade sono prive di ombra e l\u2019aria polverosa rende estremamente difficile per i viaggiatori esplorare la Cambogia. Fortunatamente, in questo periodo dell\u2019anno piove un po\u2019, il che mantiene l\u2019aria pi\u00f9 limpida e fresca. Se visiti la Cambogia in questo periodo, le spiagge sono l\u2019opzione migliore. Sihanoukville \u00e8 la spiaggia pi\u00f9 bella della Cambogia, tieni a mente questa opzione per rilassarti ed emozionarti.<\/p><h3>La stagione delle piogge in Cambogia<\/h3><p>La stagione delle piogge in Cambogia \u00e8 divisa in due fasi: la fase calda, che dura da giugno a settembre, e la fase fredda, che dura da ottobre a novembre. Durante la stagione delle piogge, potrebbe piovere venti giorni in un solo mese. I temporali si verificano in genere in brevi raffiche e possono essere previsti. Si verificano frequentemente nel pomeriggio.<\/p><p>Una caratteristica positiva durante la stagione delle piogge \u00e8 che le precipitazioni contribuiscono in modo significativo all\u2019abbassamento delle temperature da giugno a settembre. La temperatura cominciano a scendere intorno ai 23\u00b0C durante il periodo freddo, che \u00e8 dura da ottobre a novembre. In alcuni luoghi, come Phnom Penh e Siem Reap, le inondazioni possono verificarsi su piccola o grande scala. Di conseguenza, se vuoi visitare la Cambogia in questo periodo, devi portare un impermeabile e scarpe impermeabili. La stagione delle piogge in Cambogia \u00e8 perfetta per i viaggiatori con un budget limitato.<\/p><p>Potresti aver scelto il momento ideale per la tua vacanza in Cambogia in base alle informazioni meteo e climatiche presentate sopra. Vediamo ora quale \u00e8 il momento migliore per visitare la Cambogia basandoci sul numero dei visitatori.<\/p><h2>Stagioni in Cambogia in termini di volume di turismo<\/h2><h3>Alta stagione<\/h3><p>La stagione fredda, da dicembre a febbraio, \u00e8 l\u2019alta stagione per i turisti che visitano la Cambogia. \u00c8 anche il periodo dell\u2019anno in cui molti viaggiatori credono che il clima sia il migliore. Le fresche temperature di circa 25\u00b0C, insieme al clima secco, rendono le visite al tempio o il trekking nei boschi pi\u00f9 spettacolari che mai. Se vuoi andare al mare, ora \u00e8 il momento di farlo. In questo periodo dell\u2019anno, le isole meridionali di Kep e Kampot sono popolari destinazioni turistiche. Kampot \u00e8 una piccola citt\u00e0 con un ritmo di vita tranquillo dove puoi partecipare ad attivit\u00e0 di kayak o scoprire Kep nelle sue vicinanze e l\u2019isola dei conigli.\u00a0 Il cielo sar\u00e0 cos\u00ec blu in quel periodo che una crociera in barca sar\u00e0 fantastica.<\/p><p>Tuttavia, se decidi di visitare la Cambogia in questo periodo, dovrai portare denaro extra ed essere preparato ad affrontare la folla in ogni sito.<\/p><h3>Mezza stagione<\/h3><p>In Cambogia, i mesi da marzo a giugno sono chiamati la stagione delle spalle. In questo periodo dell\u2019anno, il clima \u00e8 molto caldo. Siccome le strade della Cambogia non sono completamente asfaltate, queste rendendo l\u2019aria estremamente sporca e polverosa. La temperatura torrida, insieme all\u2019elevata umidit\u00e0 di un paese tropicale, render\u00e0 difficili e scomode le attivit\u00e0 all\u2019aperto come la visita di templi o mercati. In questi momenti, andare in spiaggia \u00e8 l\u2019opzione migliore. Questo \u00e8 un periodo abbastanza accettabile per i viaggiatori con budget bassi, soprattutto se viaggiano in gruppi di persone poich\u00e9 potranno ricevere molte offerte.<\/p><h3>Bassa stagione<\/h3><p>La bassa stagione in Cambogia dura da giugno a novembre. Con una media di 20 giorni di pioggia al mese, \u00e8 dunque difficile visitare i siti. Inoltre, le inondazioni sono un pericolo di cui dovresti preoccuparti in questo periodo. Tuttavia, se sei un avventuriero che ama la tranquillit\u00e0, questo \u00e8 il momento per te. Siccome non ci sono praticamente turisti che visitano la Cambogia in questo momento, molto sicuramente avrai un viaggio molto conveniente con una variet\u00e0 di esperienze interessanti.<\/p><p>La Cambogia era considerata una destinazione impossibile da visitare se si ha l&#8217;opportunit\u00e0 di raggiungere il sud-est asiatico. Sebbene il tempo sia generalmente rigido, non \u00e8 un deterrente per visitare la Cambogia. Cosa stai aspettando esattamente? Prenota oggi il tuo viaggio in Cambogia!<\/p>\t\t\t\t\t\t<\/div>\n\t\t\t\t<\/div>\n\t\t\t\t<div class=\"elementor-element elementor-element-2c99101 elementor-widget-divider--view-line elementor-widget elementor-widget-divider\" data-id=\"2c99101\" data-element_type=\"widget\" data-widget_type=\"divider.default\">\n\t\t\t\t<div class=\"elementor-widget-container\">\n\t\t\t<style>\/*! elementor - v3.20.0 - 13-03-2024 *\/\n.elementor-widget-divider{--divider-border-style:none;--divider-border-width:1px;--divider-color:#0c0d0e;--divider-icon-size:20px;--divider-element-spacing:10px;--divider-pattern-height:24px;--divider-pattern-size:20px;--divider-pattern-url:none;--divider-pattern-repeat:repeat-x}.elementor-widget-divider .elementor-divider{display:flex}.elementor-widget-divider .elementor-divider__text{font-size:15px;line-height:1;max-width:95%}.elementor-widget-divider .elementor-divider__element{margin:0 var(--divider-element-spacing);flex-shrink:0}.elementor-widget-divider .elementor-icon{font-size:var(--divider-icon-size)}.elementor-widget-divider .elementor-divider-separator{display:flex;margin:0;direction:ltr}.elementor-widget-divider--view-line_icon .elementor-divider-separator,.elementor-widget-divider--view-line_text .elementor-divider-separator{align-items:center}.elementor-widget-divider--view-line_icon .elementor-divider-separator:after,.elementor-widget-divider--view-line_icon .elementor-divider-separator:before,.elementor-widget-divider--view-line_text .elementor-divider-separator:after,.elementor-widget-divider--view-line_text .elementor-divider-separator:before{display:block;content:\"\";border-block-end:0;flex-grow:1;border-block-start:var(--divider-border-width) var(--divider-border-style) var(--divider-color)}.elementor-widget-divider--element-align-left .elementor-divider .elementor-divider-separator>.elementor-divider__svg:first-of-type{flex-grow:0;flex-shrink:100}.elementor-widget-divider--element-align-left .elementor-divider-separator:before{content:none}.elementor-widget-divider--element-align-left .elementor-divider__element{margin-left:0}.elementor-widget-divider--element-align-right .elementor-divider .elementor-divider-separator>.elementor-divider__svg:last-of-type{flex-grow:0;flex-shrink:100}.elementor-widget-divider--element-align-right .elementor-divider-separator:after{content:none}.elementor-widget-divider--element-align-right .elementor-divider__element{margin-right:0}.elementor-widget-divider--element-align-start .elementor-divider .elementor-divider-separator>.elementor-divider__svg:first-of-type{flex-grow:0;flex-shrink:100}.elementor-widget-divider--element-align-start .elementor-divider-separator:before{content:none}.elementor-widget-divider--element-align-start .elementor-divider__element{margin-inline-start:0}.elementor-widget-divider--element-align-end .elementor-divider .elementor-divider-separator>.elementor-divider__svg:last-of-type{flex-grow:0;flex-shrink:100}.elementor-widget-divider--element-align-end .elementor-divider-separator:after{content:none}.elementor-widget-divider--element-align-end .elementor-divider__element{margin-inline-end:0}.elementor-widget-divider:not(.elementor-widget-divider--view-line_text):not(.elementor-widget-divider--view-line_icon) .elementor-divider-separator{border-block-start:var(--divider-border-width) var(--divider-border-style) var(--divider-color)}.elementor-widget-divider--separator-type-pattern{--divider-border-style:none}.elementor-widget-divider--separator-type-pattern.elementor-widget-divider--view-line .elementor-divider-separator,.elementor-widget-divider--separator-type-pattern:not(.elementor-widget-divider--view-line) .elementor-divider-separator:after,.elementor-widget-divider--separator-type-pattern:not(.elementor-widget-divider--view-line) .elementor-divider-separator:before,.elementor-widget-divider--separator-type-pattern:not([class*=elementor-widget-divider--view]) .elementor-divider-separator{width:100%;min-height:var(--divider-pattern-height);-webkit-mask-size:var(--divider-pattern-size) 100%;mask-size:var(--divider-pattern-size) 100%;-webkit-mask-repeat:var(--divider-pattern-repeat);mask-repeat:var(--divider-pattern-repeat);background-color:var(--divider-color);-webkit-mask-image:var(--divider-pattern-url);mask-image:var(--divider-pattern-url)}.elementor-widget-divider--no-spacing{--divider-pattern-size:auto}.elementor-widget-divider--bg-round{--divider-pattern-repeat:round}.rtl .elementor-widget-divider .elementor-divider__text{direction:rtl}.e-con-inner>.elementor-widget-divider,.e-con>.elementor-widget-divider{width:var(--container-widget-width,100%);--flex-grow:var(--container-widget-flex-grow)}<\/style>\t\t<div class=\"elementor-divider\">\n\t\t\t<span class=\"elementor-divider-separator\">\n\t\t\t\t\t\t<\/span>\n\t\t<\/div>\n\t\t\t\t<\/div>\n\t\t\t\t<\/div>\n\t\t\t\t\t<\/div>\n\t\t<\/div>\n\t\t\t\t\t<\/div>\n\t\t<\/section>\n\t\t\t\t<section class=\"elementor-section elementor-top-section elementor-element elementor-element-789228c elementor-section-boxed elementor-section-height-default elementor-section-height-default\" data-id=\"789228c\" data-element_type=\"section\">\n\t\t\t\t\t\t<div class=\"elementor-container elementor-column-gap-default\">\n\t\t\t\t\t<div class=\"elementor-column elementor-col-100 elementor-top-column elementor-element elementor-element-a06c196\" data-id=\"a06c196\" data-element_type=\"column\">\n\t\t\t<div class=\"elementor-widget-wrap elementor-element-populated\">\n\t\t\t\t\t\t<div class=\"elementor-element elementor-element-c7d1783 elementor-widget elementor-widget-text-editor\" data-id=\"c7d1783\" data-element_type=\"widget\" data-widget_type=\"text-editor.default\">\n\t\t\t\t<div class=\"elementor-widget-container\">\n\t\t\t\t\t\t\t<h2>Create your custom-made trip to Cambodia<\/h2>\n<p style=\"font-size: 18px;\">Travelling to Cambodia? Chat with a local travel specialist in Cambodia, who can help organize your trip.<\/p>\t\t\t\t\t\t<\/div>\n\t\t\t\t<\/div>\n\t\t\t\t<div class=\"elementor-element elementor-element-181f44f elementor-align-center elementor-widget elementor-widget-button\" data-id=\"181f44f\" data-element_type=\"widget\" data-widget_type=\"button.default\">\n\t\t\t\t<div class=\"elementor-widget-container\">\n\t\t\t\t\t<div class=\"elementor-button-wrapper\">\n\t\t\t<a class=\"elementor-button elementor-button-link elementor-size-sm\" href=\"https:\/\/www.evivatour.com\/it\/customize-tour\/\">\n\t\t\t\t\t\t<span class=\"elementor-button-content-wrapper\">\n\t\t\t\t\t\t<span class=\"elementor-button-text\">START HERE<\/span>\n\t\t<\/span>\n\t\t\t\t\t<\/a>\n\t\t<\/div>\n\t\t\t\t<\/div>\n\t\t\t\t<\/div>\n\t\t\t\t\t<\/div>\n\t\t<\/div>\n\t\t\t\t\t<\/div>\n\t\t<\/section>\n\t\t\t\t<\/div>\n\t\t","protected":false},"excerpt":{"rendered":"<p>Tour Del Cambogia Luoghi da visitare in Cambogia Guida Di Viaggio Del Cambogia Il Periodo Migliore Per Visitare La Cambogia Da quando hai raggiunto questo post, scommettiamo che anche tu hai avuto una domanda: &#8220;Quando \u00e8 il momento migliore per visitare la Cambogia ?&#8221; altrettanti viaggiatori nel mondo. La Cambogia \u00e8 una meravigliosa nazione del [&hellip;]<\/p>\n","protected":false},"author":1,"featured_media":0,"parent":8211,"menu_order":0,"comment_status":"closed","ping_status":"closed","template":"","meta":{"inline_featured_image":false,"footnotes":""},"class_list":["post-8214","page","type-page","status-publish","hentry"],"yoast_head":"<!-- This site is optimized with the Yoast SEO plugin v26.9 - https:\/\/yoast.com\/product\/yoast-seo-wordpress\/ -->\n<title>Il Periodo Migliore Per Visitare La Cambogia - Eviva Tour<\/title>\n<meta name=\"description\" content=\"Da quando hai trovato questo post, scommettiamo che anche tu hai avuto una domanda: \u201cQuando \u00e8 il momento migliore per visitare la Cambogia?\u201d\" \/>\n<meta name=\"robots\" content=\"index, follow, max-snippet:-1, max-image-preview:large, max-video-preview:-1\" \/>\n<link rel=\"canonical\" href=\"https:\/\/evivatour.com\/it\/cambogia\/il-periodo-migliore-per-visitare-il-cambogia\/\" \/>\n<meta property=\"og:locale\" content=\"en_US\" \/>\n<meta property=\"og:type\" content=\"article\" \/>\n<meta property=\"og:title\" content=\"Il Periodo Migliore Per Visitare La Cambogia - Eviva Tour\" \/>\n<meta property=\"og:description\" content=\"Da quando hai trovato questo post, scommettiamo che anche tu hai avuto una domanda: \u201cQuando \u00e8 il momento migliore per visitare la Cambogia?\u201d\" \/>\n<meta property=\"og:url\" content=\"https:\/\/evivatour.com\/it\/cambogia\/il-periodo-migliore-per-visitare-il-cambogia\/\" \/>\n<meta property=\"og:site_name\" content=\"Eviva Tour\" \/>\n<meta property=\"article:modified_time\" content=\"2023-10-17T02:28:54+00:00\" \/>\n<meta name=\"twitter:card\" content=\"summary_large_image\" \/>\n<meta name=\"twitter:label1\" content=\"Est. reading time\" \/>\n\t<meta name=\"twitter:data1\" content=\"6 minutes\" \/>\n<script type=\"application\/ld+json\" class=\"yoast-schema-graph\">{\"@context\":\"https:\/\/schema.org\",\"@graph\":[{\"@type\":\"WebPage\",\"@id\":\"https:\/\/evivatour.com\/it\/cambogia\/il-periodo-migliore-per-visitare-il-cambogia\/\",\"url\":\"https:\/\/evivatour.com\/it\/cambogia\/il-periodo-migliore-per-visitare-il-cambogia\/\",\"name\":\"Il Periodo Migliore Per Visitare La Cambogia - Eviva Tour\",\"isPartOf\":{\"@id\":\"https:\/\/evivatour.com\/it\/#website\"},\"datePublished\":\"2021-08-20T02:54:35+00:00\",\"dateModified\":\"2023-10-17T02:28:54+00:00\",\"description\":\"Da quando hai trovato questo post, scommettiamo che anche tu hai avuto una domanda: \u201cQuando \u00e8 il momento migliore per visitare la Cambogia?\u201d\",\"breadcrumb\":{\"@id\":\"https:\/\/evivatour.com\/it\/cambogia\/il-periodo-migliore-per-visitare-il-cambogia\/#breadcrumb\"},\"inLanguage\":\"en-US\",\"potentialAction\":[{\"@type\":\"ReadAction\",\"target\":[\"https:\/\/evivatour.com\/it\/cambogia\/il-periodo-migliore-per-visitare-il-cambogia\/\"]}]},{\"@type\":\"BreadcrumbList\",\"@id\":\"https:\/\/evivatour.com\/it\/cambogia\/il-periodo-migliore-per-visitare-il-cambogia\/#breadcrumb\",\"itemListElement\":[{\"@type\":\"ListItem\",\"position\":1,\"name\":\"Home\",\"item\":\"https:\/\/evivatour.com\/it\/\"},{\"@type\":\"ListItem\",\"position\":2,\"name\":\"Cambogia Tour e Viaggi 2026\",\"item\":\"https:\/\/evivatour.com\/it\/cambogia\/\"},{\"@type\":\"ListItem\",\"position\":3,\"name\":\"Il Periodo Migliore Per Visitare La Cambogia\"}]},{\"@type\":\"WebSite\",\"@id\":\"https:\/\/evivatour.com\/it\/#website\",\"url\":\"https:\/\/evivatour.com\/it\/\",\"name\":\"Eviva Tour\",\"description\":\"Smile every mile\",\"publisher\":{\"@id\":\"https:\/\/evivatour.com\/it\/#organization\"},\"potentialAction\":[{\"@type\":\"SearchAction\",\"target\":{\"@type\":\"EntryPoint\",\"urlTemplate\":\"https:\/\/evivatour.com\/it\/?s={search_term_string}\"},\"query-input\":{\"@type\":\"PropertyValueSpecification\",\"valueRequired\":true,\"valueName\":\"search_term_string\"}}],\"inLanguage\":\"en-US\"},{\"@type\":\"Organization\",\"@id\":\"https:\/\/evivatour.com\/it\/#organization\",\"name\":\"Eviva Tour\",\"url\":\"https:\/\/evivatour.com\/it\/\",\"logo\":{\"@type\":\"ImageObject\",\"inLanguage\":\"en-US\",\"@id\":\"https:\/\/evivatour.com\/it\/#\/schema\/logo\/image\/\",\"url\":\"https:\/\/evivatour.com\/it\/wp-content\/uploads\/2021\/08\/cropped-eviva-tour-vietnam.png\",\"contentUrl\":\"https:\/\/evivatour.com\/it\/wp-content\/uploads\/2021\/08\/cropped-eviva-tour-vietnam.png\",\"width\":280,\"height\":185,\"caption\":\"Eviva Tour\"},\"image\":{\"@id\":\"https:\/\/evivatour.com\/it\/#\/schema\/logo\/image\/\"}}]}<\/script>\n<!-- \/ Yoast SEO plugin. -->","yoast_head_json":{"title":"Il Periodo Migliore Per Visitare La Cambogia - Eviva Tour","description":"Da quando hai trovato questo post, scommettiamo che anche tu hai avuto una domanda: \u201cQuando \u00e8 il momento migliore per visitare la Cambogia?\u201d","robots":{"index":"index","follow":"follow","max-snippet":"max-snippet:-1","max-image-preview":"max-image-preview:large","max-video-preview":"max-video-preview:-1"},"canonical":"https:\/\/evivatour.com\/it\/cambogia\/il-periodo-migliore-per-visitare-il-cambogia\/","og_locale":"en_US","og_type":"article","og_title":"Il Periodo Migliore Per Visitare La Cambogia - Eviva Tour","og_description":"Da quando hai trovato questo post, scommettiamo che anche tu hai avuto una domanda: \u201cQuando \u00e8 il momento migliore per visitare la Cambogia?\u201d","og_url":"https:\/\/evivatour.com\/it\/cambogia\/il-periodo-migliore-per-visitare-il-cambogia\/","og_site_name":"Eviva Tour","article_modified_time":"2023-10-17T02:28:54+00:00","twitter_card":"summary_large_image","twitter_misc":{"Est. reading time":"6 minutes"},"schema":{"@context":"https:\/\/schema.org","@graph":[{"@type":"WebPage","@id":"https:\/\/evivatour.com\/it\/cambogia\/il-periodo-migliore-per-visitare-il-cambogia\/","url":"https:\/\/evivatour.com\/it\/cambogia\/il-periodo-migliore-per-visitare-il-cambogia\/","name":"Il Periodo Migliore Per Visitare La Cambogia - Eviva Tour","isPartOf":{"@id":"https:\/\/evivatour.com\/it\/#website"},"datePublished":"2021-08-20T02:54:35+00:00","dateModified":"2023-10-17T02:28:54+00:00","description":"Da quando hai trovato questo post, scommettiamo che anche tu hai avuto una domanda: \u201cQuando \u00e8 il momento migliore per visitare la Cambogia?\u201d","breadcrumb":{"@id":"https:\/\/evivatour.com\/it\/cambogia\/il-periodo-migliore-per-visitare-il-cambogia\/#breadcrumb"},"inLanguage":"en-US","potentialAction":[{"@type":"ReadAction","target":["https:\/\/evivatour.com\/it\/cambogia\/il-periodo-migliore-per-visitare-il-cambogia\/"]}]},{"@type":"BreadcrumbList","@id":"https:\/\/evivatour.com\/it\/cambogia\/il-periodo-migliore-per-visitare-il-cambogia\/#breadcrumb","itemListElement":[{"@type":"ListItem","position":1,"name":"Home","item":"https:\/\/evivatour.com\/it\/"},{"@type":"ListItem","position":2,"name":"Cambogia Tour e Viaggi 2026","item":"https:\/\/evivatour.com\/it\/cambogia\/"},{"@type":"ListItem","position":3,"name":"Il Periodo Migliore Per Visitare La Cambogia"}]},{"@type":"WebSite","@id":"https:\/\/evivatour.com\/it\/#website","url":"https:\/\/evivatour.com\/it\/","name":"Eviva Tour","description":"Smile every mile","publisher":{"@id":"https:\/\/evivatour.com\/it\/#organization"},"potentialAction":[{"@type":"SearchAction","target":{"@type":"EntryPoint","urlTemplate":"https:\/\/evivatour.com\/it\/?s={search_term_string}"},"query-input":{"@type":"PropertyValueSpecification","valueRequired":true,"valueName":"search_term_string"}}],"inLanguage":"en-US"},{"@type":"Organization","@id":"https:\/\/evivatour.com\/it\/#organization","name":"Eviva Tour","url":"https:\/\/evivatour.com\/it\/","logo":{"@type":"ImageObject","inLanguage":"en-US","@id":"https:\/\/evivatour.com\/it\/#\/schema\/logo\/image\/","url":"https:\/\/evivatour.com\/it\/wp-content\/uploads\/2021\/08\/cropped-eviva-tour-vietnam.png","contentUrl":"https:\/\/evivatour.com\/it\/wp-content\/uploads\/2021\/08\/cropped-eviva-tour-vietnam.png","width":280,"height":185,"caption":"Eviva Tour"},"image":{"@id":"https:\/\/evivatour.com\/it\/#\/schema\/logo\/image\/"}}]}},"_links":{"self":[{"href":"https:\/\/evivatour.com\/it\/wp-json\/wp\/v2\/pages\/8214","targetHints":{"allow":["GET"]}}],"collection":[{"href":"https:\/\/evivatour.com\/it\/wp-json\/wp\/v2\/pages"}],"about":[{"href":"https:\/\/evivatour.com\/it\/wp-json\/wp\/v2\/types\/page"}],"author":[{"embeddable":true,"href":"https:\/\/evivatour.com\/it\/wp-json\/wp\/v2\/users\/1"}],"replies":[{"embeddable":true,"href":"https:\/\/evivatour.com\/it\/wp-json\/wp\/v2\/comments?post=8214"}],"version-history":[{"count":2,"href":"https:\/\/evivatour.com\/it\/wp-json\/wp\/v2\/pages\/8214\/revisions"}],"predecessor-version":[{"id":16898,"href":"https:\/\/evivatour.com\/it\/wp-json\/wp\/v2\/pages\/8214\/revisions\/16898"}],"up":[{"embeddable":true,"href":"https:\/\/evivatour.com\/it\/wp-json\/wp\/v2\/pages\/8211"}],"wp:attachment":[{"href":"https:\/\/evivatour.com\/it\/wp-json\/wp\/v2\/media?parent=8214"}],"curies":[{"name":"wp","href":"https:\/\/api.w.org\/{rel}","templated":true}]}}