{"id":8250,"date":"2021-08-23T10:06:38","date_gmt":"2021-08-23T03:06:38","guid":{"rendered":"http:\/\/evivatour.com\/?page_id=8250"},"modified":"2023-10-17T09:59:37","modified_gmt":"2023-10-17T02:59:37","slug":"il-periodo-migliore-per-visitare-il-myanmar","status":"publish","type":"page","link":"https:\/\/evivatour.com\/it\/myanmar\/il-periodo-migliore-per-visitare-il-myanmar\/","title":{"rendered":"Il Periodo Migliore Per Visitare Il Myanmar"},"content":{"rendered":"\t\t<div data-elementor-type=\"wp-page\" data-elementor-id=\"8250\" class=\"elementor elementor-8250\">\n\t\t\t\t\t\t<section class=\"elementor-section elementor-top-section elementor-element elementor-element-9874e37 elementor-section-full_width elementor-section-height-default elementor-section-height-default\" data-id=\"9874e37\" data-element_type=\"section\">\n\t\t\t\t\t\t<div class=\"elementor-container elementor-column-gap-default\">\n\t\t\t\t\t<div class=\"elementor-column elementor-col-100 elementor-top-column elementor-element elementor-element-d01ef93\" data-id=\"d01ef93\" data-element_type=\"column\">\n\t\t\t<div class=\"elementor-widget-wrap elementor-element-populated\">\n\t\t\t\t\t\t<div class=\"elementor-element elementor-element-2927a6c elementor-widget elementor-widget-text-editor\" data-id=\"2927a6c\" data-element_type=\"widget\" data-widget_type=\"text-editor.default\">\n\t\t\t\t<div class=\"elementor-widget-container\">\n\t\t\t<style>\/*! elementor - v3.20.0 - 13-03-2024 *\/\n.elementor-widget-text-editor.elementor-drop-cap-view-stacked .elementor-drop-cap{background-color:#69727d;color:#fff}.elementor-widget-text-editor.elementor-drop-cap-view-framed .elementor-drop-cap{color:#69727d;border:3px solid;background-color:transparent}.elementor-widget-text-editor:not(.elementor-drop-cap-view-default) .elementor-drop-cap{margin-top:8px}.elementor-widget-text-editor:not(.elementor-drop-cap-view-default) .elementor-drop-cap-letter{width:1em;height:1em}.elementor-widget-text-editor .elementor-drop-cap{float:left;text-align:center;line-height:1;font-size:50px}.elementor-widget-text-editor .elementor-drop-cap-letter{display:inline-block}<\/style>\t\t\t\t<nav id=\"tours\" class=\"main-nav-top with-banner\">\n<div class=\"container\">\n<div class=\"main-nav-holder\">\n<div class=\"slide-nav js-slide-hidden\">\n<ul id=\"slide-nav-ul\">\n \t<li><a href=\"\/it\/myanmar\/\">Tour del Myanmar<\/a><\/li>\n \t<li><a href=\"\/it\/myanmar\/luoghi-da-visitare-in-myanmar\/\">Luoghi da visitare in Myanmar<\/a><\/li>\n \t<li><a href=\"\/it\/myanmar\/guida-di-viaggio-del-myanmar\/\">Guida Di Viaggio Del Myanmar<\/a><\/li>\n \t<li class=\"active\"><a href=\"\/it\/myanmar\/il-periodo-migliore-per-visitare-il-myanmar\/\">Il Periodo Migliore Per Visitare Il Myanmar<\/a><\/li>\n<\/ul>\n<\/div>\n<\/div>\n<\/div>\n<\/nav>\t\t\t\t\t\t<\/div>\n\t\t\t\t<\/div>\n\t\t\t\t\t<\/div>\n\t\t<\/div>\n\t\t\t\t\t<\/div>\n\t\t<\/section>\n\t\t\t\t<section class=\"elementor-section elementor-top-section elementor-element elementor-element-c01d4c3 elementor-section-boxed elementor-section-height-default elementor-section-height-default\" data-id=\"c01d4c3\" data-element_type=\"section\">\n\t\t\t\t\t\t<div class=\"elementor-container elementor-column-gap-default\">\n\t\t\t\t\t<div class=\"elementor-column elementor-col-100 elementor-top-column elementor-element elementor-element-d26fef5\" data-id=\"d26fef5\" data-element_type=\"column\">\n\t\t\t<div class=\"elementor-widget-wrap elementor-element-populated\">\n\t\t\t\t\t\t<div class=\"elementor-element elementor-element-0615542 elementor-widget elementor-widget-text-editor\" data-id=\"0615542\" data-element_type=\"widget\" data-widget_type=\"text-editor.default\">\n\t\t\t\t<div class=\"elementor-widget-container\">\n\t\t\t\t\t\t\t<p><strong>Queste informazioni vi saranno utili per capire quando visitare il Myanmar e scegliere la vostra guida. Le informazioni includono il clima, le temperature, le precipitazioni, i festival.<\/strong><\/p><h3>IL METEO IN MYANMAR<\/h3><p>Come sappiamo, la temperatura di un paese \u00e8 influenzata principalmente dall&#8217;altitudine e quindi, sebbene il paese sia generalmente caldo durante tutto l&#8217;anno, le zone montuose e interne sono molto pi\u00f9 fresche rispetto alle pianure meridionali e alle regioni costiere. Il clima del Myanmar segue esattamente questa caratteristica.<\/p><p>Il Myanmar (precedentemente Birmania) ha un sistema climatico tipicamente tropicale con tre stagioni:<\/p><p><strong>\u2022 <\/strong>Stagione calda e secca (marzo \u2013 maggio):\u00e8 il periodo pi\u00f9 caldo dell\u2019anno e le temperature possono raggiungere un massimo massimo a 40\u00b0C a Yangon e anche di pi\u00f9 nelle aree intorno a Bagan e Mandalay.<\/p><p>\u2022 Stagione delle piogge (giugno \u2013 ottobre): la pioggia tende a essere abbondante durante il pomeriggio e la sera, lasciando le mattine soleggiate. Mandalay e Bagan, che si trovano all&#8217;interno del Myanmar, sono citt\u00e0 ideali da visitare durante la stagione a causa della minor pioggia.<\/p><p>\u2022 Stagione fresca e secca (novembre \u2013 febbraio): meno piovosa, mite con temperature medie comprese tra 20\u00b0C e 26\u00b0C . Questo \u00e8 il periodo migliore per visitare il Myanmar quando il tempo \u00e8 soleggiato e fresco.<\/p><h3>FESTIVAL DEL MYANMAR<\/h3><p>Le feste tradizionali del Myanmar si basano sul tradizionale calendario birmano e le date sono in gran parte determinate dalle fasi lunari.<\/p><p><strong>1. FESTIVAL NAZIONALI<br \/><\/strong><\/p><p><em><strong>Thingyan &#8220;Festival dell&#8217;acqua&#8221; (aprile)<\/strong><\/em><\/p><p>\u00c8 organizzato a met\u00e0 aprile per celebrare l&#8217;inizio del capodanno birmano con un festival dell&#8217;acqua di 4 giorni per purificare le cattive azioni dell&#8217;anno precedente. Devi preparare pi\u00f9 vestiti se sei in Myanmar durante questo festival poich\u00e9 sicuramente ti bagnerai una volta uscito. Le persone in tutto il paese si riuniscono e visitano le pagode per rendere omaggio ai monaci. Le sfilate si svolgono nelle strade delle principali citt\u00e0 come Yangon e Mandalay.<\/p><p><em><strong>Festival dell&#8217;irrigazione degli alberi di Kason Bo (maggio)<\/strong><\/em><\/p><p>\u00c8 organizzato nel giorno della luna piena per commemorare la nascita, l\u2019illuminazione e la morte di Gautama, il Signore Buddha. Le attivit\u00e0 tipiche sono l\u2019irrigazione dell\u2019albero di Bo, il canto di scritture Pali o la migrazione di pesci\/tartarughe da stagni e laghi asciutti vicini a luoghi ricchi di acqua, ecc.<\/p><p><em><strong><b>La festa dell\u2019offerta delle vesti di Waso (luglio)<\/b><\/strong><\/em><\/p><p>La festa dell&#8217;ordinazione dei monaci inizia dal giorno di luna piena di luglio, segna l&#8217;inizio dei tre mesi di quaresima buddista. Ai monaci vengono presentate le vesti da indossare durante la Quaresima e non possono viaggiare.<\/p><p><em><strong>Festa delle Luci (ottobre)<\/strong><\/em><\/p><p>La festa si celebra nel giorno di luna piena di ottobre per segnare la fine del periodo di quaresima buddista. Tutte le case e gli edifici sono decorati con lanterne, candele o lampadine elettriche. Alcune attivit\u00e0 tradizionali sono scambi di regali, gadaw (mostra onore agli anziani presentando loro formalmente doni di cibo o longyi) o visitando la pagoda.<\/p><p><em><strong>Festival delle luci di Tazaungdaing (novembre)<\/strong><\/em><\/p><p>Questo festival \u00e8 organizzato anche nel giorno di luna piena di novembre per prendere atto della fine della stagione delle piogge. Ai monaci vengono offerte vesti e si tengono feste per la creazione di meriti. Nella Pagoda Shwedagon a Yangon, si svolge la gara di tessitura per tutta la notte, in cui i partecipanti cercheranno di finire di tessere le vesti per il Buddha prima dell&#8217;alba successiva.<\/p><p><strong>2. FESTE REGIONALI<br \/><\/strong><\/p><p><em><strong>Festival della Pagoda di Shwedagon \u2013 YANGON (marzo)<\/strong><\/em><\/p><p>\u00c8 il pi\u00f9 grande festival della pagoda in Birmania che si tiene a Shwedagon Pagoda (Yangon), inizia dalla luna nuova alla luna piena di marzo. I monaci cantano senza sosta tutti i giorni durante il festival. Centinaia di immagini di Buddha sono fatte di acqua, luce e fiori nei pavimenti della pagoda<\/p><p><em><strong>Festival della Pagoda Phaung Daw Oo \u2013 LAGO INLE (ottobre)<\/strong><\/em><\/p><p>\u00c8 uno dei pi\u00f9 grandi festival buddisti del Myanmar e si tiene nel lago Inle. La festa \u00e8 organizzata dal primo giorno di luna nuova al terzo giorno dopo il giorno di luna piena di ottobre (18 giorni). Quattro statue di Buddha vengono fatte sfilare intorno al lago sulla chiatta reale. Durante l\u2019evento si tengono anche gare di canottaggio, il che lo rende meravigliosamente visivo.<\/p><p><em><strong>Festival Taung Byone Nat \u2013 MANDALAY (agosto)<\/strong><\/em><\/p><p>\u00c8 il pi\u00f9 grande Nat Festival in Myanmar e si tiene ogni anno ad agosto. I Nat, nelle credenze dei cittadini del Myanmar, sono esseri naturali supremi. Si crede che portino fortuna e prosperit\u00e0 ai seguaci, oltre a mettere in pericolo coloro che non li rispettano..<\/p><p><em><strong>Shwezigon Pagoda Festival \u2013 BAGAN (novembre)<\/strong><\/em><\/p><p>La Pagoda di Shwezigon \u00e8 una delle destinazioni pi\u00f9 imperdibili di Bagan. Questo festival si tiene nel mese di novembre, ma il giorno pi\u00f9 importante \u00e8 il giorno di luna piena. Ci sono alcuni intrattenimenti per locali e visitatori, come Zats (un complesso di danze, canti e spettacoli teatrali); Anyeints (un&#8217;esibizione di poche ore con qualche caricatura su situazioni attuali e\/o persone legate insieme da un ballerino tradizionale).<\/p>\t\t\t\t\t\t<\/div>\n\t\t\t\t<\/div>\n\t\t\t\t<div class=\"elementor-element elementor-element-2c99101 elementor-widget-divider--view-line elementor-widget elementor-widget-divider\" data-id=\"2c99101\" data-element_type=\"widget\" data-widget_type=\"divider.default\">\n\t\t\t\t<div class=\"elementor-widget-container\">\n\t\t\t<style>\/*! elementor - v3.20.0 - 13-03-2024 *\/\n.elementor-widget-divider{--divider-border-style:none;--divider-border-width:1px;--divider-color:#0c0d0e;--divider-icon-size:20px;--divider-element-spacing:10px;--divider-pattern-height:24px;--divider-pattern-size:20px;--divider-pattern-url:none;--divider-pattern-repeat:repeat-x}.elementor-widget-divider .elementor-divider{display:flex}.elementor-widget-divider .elementor-divider__text{font-size:15px;line-height:1;max-width:95%}.elementor-widget-divider .elementor-divider__element{margin:0 var(--divider-element-spacing);flex-shrink:0}.elementor-widget-divider .elementor-icon{font-size:var(--divider-icon-size)}.elementor-widget-divider .elementor-divider-separator{display:flex;margin:0;direction:ltr}.elementor-widget-divider--view-line_icon .elementor-divider-separator,.elementor-widget-divider--view-line_text .elementor-divider-separator{align-items:center}.elementor-widget-divider--view-line_icon .elementor-divider-separator:after,.elementor-widget-divider--view-line_icon .elementor-divider-separator:before,.elementor-widget-divider--view-line_text .elementor-divider-separator:after,.elementor-widget-divider--view-line_text .elementor-divider-separator:before{display:block;content:\"\";border-block-end:0;flex-grow:1;border-block-start:var(--divider-border-width) var(--divider-border-style) var(--divider-color)}.elementor-widget-divider--element-align-left .elementor-divider .elementor-divider-separator>.elementor-divider__svg:first-of-type{flex-grow:0;flex-shrink:100}.elementor-widget-divider--element-align-left .elementor-divider-separator:before{content:none}.elementor-widget-divider--element-align-left .elementor-divider__element{margin-left:0}.elementor-widget-divider--element-align-right .elementor-divider .elementor-divider-separator>.elementor-divider__svg:last-of-type{flex-grow:0;flex-shrink:100}.elementor-widget-divider--element-align-right .elementor-divider-separator:after{content:none}.elementor-widget-divider--element-align-right .elementor-divider__element{margin-right:0}.elementor-widget-divider--element-align-start .elementor-divider .elementor-divider-separator>.elementor-divider__svg:first-of-type{flex-grow:0;flex-shrink:100}.elementor-widget-divider--element-align-start .elementor-divider-separator:before{content:none}.elementor-widget-divider--element-align-start .elementor-divider__element{margin-inline-start:0}.elementor-widget-divider--element-align-end .elementor-divider .elementor-divider-separator>.elementor-divider__svg:last-of-type{flex-grow:0;flex-shrink:100}.elementor-widget-divider--element-align-end .elementor-divider-separator:after{content:none}.elementor-widget-divider--element-align-end .elementor-divider__element{margin-inline-end:0}.elementor-widget-divider:not(.elementor-widget-divider--view-line_text):not(.elementor-widget-divider--view-line_icon) .elementor-divider-separator{border-block-start:var(--divider-border-width) var(--divider-border-style) var(--divider-color)}.elementor-widget-divider--separator-type-pattern{--divider-border-style:none}.elementor-widget-divider--separator-type-pattern.elementor-widget-divider--view-line .elementor-divider-separator,.elementor-widget-divider--separator-type-pattern:not(.elementor-widget-divider--view-line) .elementor-divider-separator:after,.elementor-widget-divider--separator-type-pattern:not(.elementor-widget-divider--view-line) .elementor-divider-separator:before,.elementor-widget-divider--separator-type-pattern:not([class*=elementor-widget-divider--view]) .elementor-divider-separator{width:100%;min-height:var(--divider-pattern-height);-webkit-mask-size:var(--divider-pattern-size) 100%;mask-size:var(--divider-pattern-size) 100%;-webkit-mask-repeat:var(--divider-pattern-repeat);mask-repeat:var(--divider-pattern-repeat);background-color:var(--divider-color);-webkit-mask-image:var(--divider-pattern-url);mask-image:var(--divider-pattern-url)}.elementor-widget-divider--no-spacing{--divider-pattern-size:auto}.elementor-widget-divider--bg-round{--divider-pattern-repeat:round}.rtl .elementor-widget-divider .elementor-divider__text{direction:rtl}.e-con-inner>.elementor-widget-divider,.e-con>.elementor-widget-divider{width:var(--container-widget-width,100%);--flex-grow:var(--container-widget-flex-grow)}<\/style>\t\t<div class=\"elementor-divider\">\n\t\t\t<span class=\"elementor-divider-separator\">\n\t\t\t\t\t\t<\/span>\n\t\t<\/div>\n\t\t\t\t<\/div>\n\t\t\t\t<\/div>\n\t\t\t\t\t<\/div>\n\t\t<\/div>\n\t\t\t\t\t<\/div>\n\t\t<\/section>\n\t\t\t\t<section class=\"elementor-section elementor-top-section elementor-element elementor-element-789228c elementor-section-boxed elementor-section-height-default elementor-section-height-default\" data-id=\"789228c\" data-element_type=\"section\">\n\t\t\t\t\t\t<div class=\"elementor-container elementor-column-gap-default\">\n\t\t\t\t\t<div class=\"elementor-column elementor-col-100 elementor-top-column elementor-element elementor-element-a06c196\" data-id=\"a06c196\" data-element_type=\"column\">\n\t\t\t<div class=\"elementor-widget-wrap elementor-element-populated\">\n\t\t\t\t\t\t<div class=\"elementor-element elementor-element-c7d1783 elementor-widget elementor-widget-text-editor\" data-id=\"c7d1783\" data-element_type=\"widget\" data-widget_type=\"text-editor.default\">\n\t\t\t\t<div class=\"elementor-widget-container\">\n\t\t\t\t\t\t\t<h2>Crea il tuo viaggio su misura in Myanmar<\/h2><p style=\"font-size: 18px;\">In viaggio in Myanmar? Chatta con uno specialista di viaggi locale in Myanmar, che pu\u00f2 aiutarti a organizzare il tuo viaggio.<\/p>\t\t\t\t\t\t<\/div>\n\t\t\t\t<\/div>\n\t\t\t\t<div class=\"elementor-element elementor-element-181f44f elementor-align-center elementor-widget elementor-widget-button\" data-id=\"181f44f\" data-element_type=\"widget\" data-widget_type=\"button.default\">\n\t\t\t\t<div class=\"elementor-widget-container\">\n\t\t\t\t\t<div class=\"elementor-button-wrapper\">\n\t\t\t<a class=\"elementor-button elementor-button-link elementor-size-sm\" href=\"https:\/\/evivatour.com\/it\/personalizza-il-tuo-tour\/\">\n\t\t\t\t\t\t<span class=\"elementor-button-content-wrapper\">\n\t\t\t\t\t\t<span class=\"elementor-button-text\">COMINCIA QUI<\/span>\n\t\t<\/span>\n\t\t\t\t\t<\/a>\n\t\t<\/div>\n\t\t\t\t<\/div>\n\t\t\t\t<\/div>\n\t\t\t\t\t<\/div>\n\t\t<\/div>\n\t\t\t\t\t<\/div>\n\t\t<\/section>\n\t\t\t\t<\/div>\n\t\t","protected":false},"excerpt":{"rendered":"<p>Tour del Myanmar Luoghi da visitare in Myanmar Guida Di Viaggio Del Myanmar Il Periodo Migliore Per Visitare Il Myanmar Queste informazioni vi saranno utili per capire quando visitare il Myanmar e scegliere la vostra guida. Le informazioni includono il clima, le temperature, le precipitazioni, i festival. IL METEO IN MYANMAR Come sappiamo, la temperatura [&hellip;]<\/p>\n","protected":false},"author":1,"featured_media":0,"parent":8244,"menu_order":0,"comment_status":"closed","ping_status":"closed","template":"","meta":{"inline_featured_image":false,"footnotes":""},"class_list":["post-8250","page","type-page","status-publish","hentry"],"yoast_head":"<!-- This site is optimized with the Yoast SEO plugin v26.9 - https:\/\/yoast.com\/product\/yoast-seo-wordpress\/ -->\n<title>Quando venite a Myanmar - Periodo migliore per visitare Myanmar<\/title>\n<meta name=\"description\" content=\"Informazione utile aiuta i viaggiatori andando a Myanmar con la guida nel periodo migliore per visitare Myanmar con clima, cascate e feste inclusi\" \/>\n<meta name=\"robots\" content=\"index, follow, max-snippet:-1, max-image-preview:large, max-video-preview:-1\" \/>\n<link rel=\"canonical\" href=\"https:\/\/evivatour.com\/it\/myanmar\/il-periodo-migliore-per-visitare-il-myanmar\/\" \/>\n<meta property=\"og:locale\" content=\"en_US\" \/>\n<meta property=\"og:type\" content=\"article\" \/>\n<meta property=\"og:title\" content=\"Quando venite a Myanmar - Periodo migliore per visitare Myanmar\" \/>\n<meta property=\"og:description\" content=\"Informazione utile aiuta i viaggiatori andando a Myanmar con la guida nel periodo migliore per visitare Myanmar con clima, cascate e feste inclusi\" \/>\n<meta property=\"og:url\" content=\"https:\/\/evivatour.com\/it\/myanmar\/il-periodo-migliore-per-visitare-il-myanmar\/\" \/>\n<meta property=\"og:site_name\" content=\"Eviva Tour\" \/>\n<meta property=\"article:modified_time\" content=\"2023-10-17T02:59:37+00:00\" \/>\n<meta name=\"twitter:card\" content=\"summary_large_image\" \/>\n<meta name=\"twitter:label1\" content=\"Est. reading time\" \/>\n\t<meta name=\"twitter:data1\" content=\"4 minutes\" \/>\n<script type=\"application\/ld+json\" class=\"yoast-schema-graph\">{\"@context\":\"https:\/\/schema.org\",\"@graph\":[{\"@type\":\"WebPage\",\"@id\":\"https:\/\/evivatour.com\/it\/myanmar\/il-periodo-migliore-per-visitare-il-myanmar\/\",\"url\":\"https:\/\/evivatour.com\/it\/myanmar\/il-periodo-migliore-per-visitare-il-myanmar\/\",\"name\":\"Quando venite a Myanmar - Periodo migliore per visitare Myanmar\",\"isPartOf\":{\"@id\":\"https:\/\/evivatour.com\/it\/#website\"},\"datePublished\":\"2021-08-23T03:06:38+00:00\",\"dateModified\":\"2023-10-17T02:59:37+00:00\",\"description\":\"Informazione utile aiuta i viaggiatori andando a Myanmar con la guida nel periodo migliore per visitare Myanmar con clima, cascate e feste inclusi\",\"breadcrumb\":{\"@id\":\"https:\/\/evivatour.com\/it\/myanmar\/il-periodo-migliore-per-visitare-il-myanmar\/#breadcrumb\"},\"inLanguage\":\"en-US\",\"potentialAction\":[{\"@type\":\"ReadAction\",\"target\":[\"https:\/\/evivatour.com\/it\/myanmar\/il-periodo-migliore-per-visitare-il-myanmar\/\"]}]},{\"@type\":\"BreadcrumbList\",\"@id\":\"https:\/\/evivatour.com\/it\/myanmar\/il-periodo-migliore-per-visitare-il-myanmar\/#breadcrumb\",\"itemListElement\":[{\"@type\":\"ListItem\",\"position\":1,\"name\":\"Home\",\"item\":\"https:\/\/evivatour.com\/it\/\"},{\"@type\":\"ListItem\",\"position\":2,\"name\":\"Myanmar Tour e Viaggi 2026\",\"item\":\"https:\/\/evivatour.com\/it\/myanmar\/\"},{\"@type\":\"ListItem\",\"position\":3,\"name\":\"Il Periodo Migliore Per Visitare Il Myanmar\"}]},{\"@type\":\"WebSite\",\"@id\":\"https:\/\/evivatour.com\/it\/#website\",\"url\":\"https:\/\/evivatour.com\/it\/\",\"name\":\"Eviva Tour\",\"description\":\"Smile every mile\",\"publisher\":{\"@id\":\"https:\/\/evivatour.com\/it\/#organization\"},\"potentialAction\":[{\"@type\":\"SearchAction\",\"target\":{\"@type\":\"EntryPoint\",\"urlTemplate\":\"https:\/\/evivatour.com\/it\/?s={search_term_string}\"},\"query-input\":{\"@type\":\"PropertyValueSpecification\",\"valueRequired\":true,\"valueName\":\"search_term_string\"}}],\"inLanguage\":\"en-US\"},{\"@type\":\"Organization\",\"@id\":\"https:\/\/evivatour.com\/it\/#organization\",\"name\":\"Eviva Tour\",\"url\":\"https:\/\/evivatour.com\/it\/\",\"logo\":{\"@type\":\"ImageObject\",\"inLanguage\":\"en-US\",\"@id\":\"https:\/\/evivatour.com\/it\/#\/schema\/logo\/image\/\",\"url\":\"https:\/\/evivatour.com\/it\/wp-content\/uploads\/2021\/08\/cropped-eviva-tour-vietnam.png\",\"contentUrl\":\"https:\/\/evivatour.com\/it\/wp-content\/uploads\/2021\/08\/cropped-eviva-tour-vietnam.png\",\"width\":280,\"height\":185,\"caption\":\"Eviva Tour\"},\"image\":{\"@id\":\"https:\/\/evivatour.com\/it\/#\/schema\/logo\/image\/\"}}]}<\/script>\n<!-- \/ Yoast SEO plugin. -->","yoast_head_json":{"title":"Quando venite a Myanmar - Periodo migliore per visitare Myanmar","description":"Informazione utile aiuta i viaggiatori andando a Myanmar con la guida nel periodo migliore per visitare Myanmar con clima, cascate e feste inclusi","robots":{"index":"index","follow":"follow","max-snippet":"max-snippet:-1","max-image-preview":"max-image-preview:large","max-video-preview":"max-video-preview:-1"},"canonical":"https:\/\/evivatour.com\/it\/myanmar\/il-periodo-migliore-per-visitare-il-myanmar\/","og_locale":"en_US","og_type":"article","og_title":"Quando venite a Myanmar - Periodo migliore per visitare Myanmar","og_description":"Informazione utile aiuta i viaggiatori andando a Myanmar con la guida nel periodo migliore per visitare Myanmar con clima, cascate e feste inclusi","og_url":"https:\/\/evivatour.com\/it\/myanmar\/il-periodo-migliore-per-visitare-il-myanmar\/","og_site_name":"Eviva Tour","article_modified_time":"2023-10-17T02:59:37+00:00","twitter_card":"summary_large_image","twitter_misc":{"Est. reading time":"4 minutes"},"schema":{"@context":"https:\/\/schema.org","@graph":[{"@type":"WebPage","@id":"https:\/\/evivatour.com\/it\/myanmar\/il-periodo-migliore-per-visitare-il-myanmar\/","url":"https:\/\/evivatour.com\/it\/myanmar\/il-periodo-migliore-per-visitare-il-myanmar\/","name":"Quando venite a Myanmar - Periodo migliore per visitare Myanmar","isPartOf":{"@id":"https:\/\/evivatour.com\/it\/#website"},"datePublished":"2021-08-23T03:06:38+00:00","dateModified":"2023-10-17T02:59:37+00:00","description":"Informazione utile aiuta i viaggiatori andando a Myanmar con la guida nel periodo migliore per visitare Myanmar con clima, cascate e feste inclusi","breadcrumb":{"@id":"https:\/\/evivatour.com\/it\/myanmar\/il-periodo-migliore-per-visitare-il-myanmar\/#breadcrumb"},"inLanguage":"en-US","potentialAction":[{"@type":"ReadAction","target":["https:\/\/evivatour.com\/it\/myanmar\/il-periodo-migliore-per-visitare-il-myanmar\/"]}]},{"@type":"BreadcrumbList","@id":"https:\/\/evivatour.com\/it\/myanmar\/il-periodo-migliore-per-visitare-il-myanmar\/#breadcrumb","itemListElement":[{"@type":"ListItem","position":1,"name":"Home","item":"https:\/\/evivatour.com\/it\/"},{"@type":"ListItem","position":2,"name":"Myanmar Tour e Viaggi 2026","item":"https:\/\/evivatour.com\/it\/myanmar\/"},{"@type":"ListItem","position":3,"name":"Il Periodo Migliore Per Visitare Il Myanmar"}]},{"@type":"WebSite","@id":"https:\/\/evivatour.com\/it\/#website","url":"https:\/\/evivatour.com\/it\/","name":"Eviva Tour","description":"Smile every mile","publisher":{"@id":"https:\/\/evivatour.com\/it\/#organization"},"potentialAction":[{"@type":"SearchAction","target":{"@type":"EntryPoint","urlTemplate":"https:\/\/evivatour.com\/it\/?s={search_term_string}"},"query-input":{"@type":"PropertyValueSpecification","valueRequired":true,"valueName":"search_term_string"}}],"inLanguage":"en-US"},{"@type":"Organization","@id":"https:\/\/evivatour.com\/it\/#organization","name":"Eviva Tour","url":"https:\/\/evivatour.com\/it\/","logo":{"@type":"ImageObject","inLanguage":"en-US","@id":"https:\/\/evivatour.com\/it\/#\/schema\/logo\/image\/","url":"https:\/\/evivatour.com\/it\/wp-content\/uploads\/2021\/08\/cropped-eviva-tour-vietnam.png","contentUrl":"https:\/\/evivatour.com\/it\/wp-content\/uploads\/2021\/08\/cropped-eviva-tour-vietnam.png","width":280,"height":185,"caption":"Eviva Tour"},"image":{"@id":"https:\/\/evivatour.com\/it\/#\/schema\/logo\/image\/"}}]}},"_links":{"self":[{"href":"https:\/\/evivatour.com\/it\/wp-json\/wp\/v2\/pages\/8250","targetHints":{"allow":["GET"]}}],"collection":[{"href":"https:\/\/evivatour.com\/it\/wp-json\/wp\/v2\/pages"}],"about":[{"href":"https:\/\/evivatour.com\/it\/wp-json\/wp\/v2\/types\/page"}],"author":[{"embeddable":true,"href":"https:\/\/evivatour.com\/it\/wp-json\/wp\/v2\/users\/1"}],"replies":[{"embeddable":true,"href":"https:\/\/evivatour.com\/it\/wp-json\/wp\/v2\/comments?post=8250"}],"version-history":[{"count":2,"href":"https:\/\/evivatour.com\/it\/wp-json\/wp\/v2\/pages\/8250\/revisions"}],"predecessor-version":[{"id":16978,"href":"https:\/\/evivatour.com\/it\/wp-json\/wp\/v2\/pages\/8250\/revisions\/16978"}],"up":[{"embeddable":true,"href":"https:\/\/evivatour.com\/it\/wp-json\/wp\/v2\/pages\/8244"}],"wp:attachment":[{"href":"https:\/\/evivatour.com\/it\/wp-json\/wp\/v2\/media?parent=8250"}],"curies":[{"name":"wp","href":"https:\/\/api.w.org\/{rel}","templated":true}]}}