{"id":8331,"date":"2021-08-24T09:28:26","date_gmt":"2021-08-24T02:28:26","guid":{"rendered":"http:\/\/evivatour.com\/?page_id=8331"},"modified":"2022-07-13T11:50:16","modified_gmt":"2022-07-13T04:50:16","slug":"il-periodo-migliore-per-visitare-il-ninh-binh","status":"publish","type":"page","link":"https:\/\/evivatour.com\/it\/ninh-binh\/il-periodo-migliore-per-visitare-il-ninh-binh\/","title":{"rendered":"Il Periodo Migliore per Visitare il Ninh Binh"},"content":{"rendered":"\t\t<div data-elementor-type=\"wp-page\" data-elementor-id=\"8331\" class=\"elementor elementor-8331\">\n\t\t\t\t\t\t<section class=\"elementor-section elementor-top-section elementor-element elementor-element-e272e1b elementor-section-stretched elementor-section-boxed elementor-section-height-default elementor-section-height-default\" data-id=\"e272e1b\" data-element_type=\"section\" data-settings=\"{&quot;stretch_section&quot;:&quot;section-stretched&quot;,&quot;background_background&quot;:&quot;classic&quot;}\">\n\t\t\t\t\t\t<div class=\"elementor-container elementor-column-gap-no\">\n\t\t\t\t\t<div class=\"elementor-column elementor-col-100 elementor-top-column elementor-element elementor-element-737bf0d\" data-id=\"737bf0d\" data-element_type=\"column\">\n\t\t\t<div class=\"elementor-widget-wrap elementor-element-populated\">\n\t\t\t\t\t\t<div class=\"elementor-element elementor-element-b831de5 elementor-widget elementor-widget-text-editor\" data-id=\"b831de5\" data-element_type=\"widget\" data-widget_type=\"text-editor.default\">\n\t\t\t\t<div class=\"elementor-widget-container\">\n\t\t\t<style>\/*! elementor - v3.20.0 - 13-03-2024 *\/\n.elementor-widget-text-editor.elementor-drop-cap-view-stacked .elementor-drop-cap{background-color:#69727d;color:#fff}.elementor-widget-text-editor.elementor-drop-cap-view-framed .elementor-drop-cap{color:#69727d;border:3px solid;background-color:transparent}.elementor-widget-text-editor:not(.elementor-drop-cap-view-default) .elementor-drop-cap{margin-top:8px}.elementor-widget-text-editor:not(.elementor-drop-cap-view-default) .elementor-drop-cap-letter{width:1em;height:1em}.elementor-widget-text-editor .elementor-drop-cap{float:left;text-align:center;line-height:1;font-size:50px}.elementor-widget-text-editor .elementor-drop-cap-letter{display:inline-block}<\/style>\t\t\t\t<nav id=\"tours\" class=\"main-nav-top with-banner\">\n<div class=\"container\">\n<div class=\"main-nav-holder\">\n<div class=\"slide-nav js-slide-hidden\">\n<ul id=\"slide-nav-ul\">\n \t<li><a href=\"https:\/\/evivatour.com\/it\/ninh-binh\/\">Tour Ninh Binh<\/a><\/li>\n \t<li><a href=\"https:\/\/evivatour.com\/it\/ninh-binh\/guida-di-viaggio-del-ninh-binh\/\">Guida di Viaggio del Ninh Binh<\/a><\/li>\n \t<li class=\"active\"><a href=\"https:\/\/evivatour.com\/it\/ninh-binh\/il-periodo-migliore-per-visitare-il-ninh-binh\/\">Il Periodo Migliore per Visitare il Ninh Binh<\/a><\/li>\n<\/ul>\n<\/div>\n<\/div>\n<\/div>\n<\/nav>\t\t\t\t\t\t<\/div>\n\t\t\t\t<\/div>\n\t\t\t\t\t<\/div>\n\t\t<\/div>\n\t\t\t\t\t<\/div>\n\t\t<\/section>\n\t\t\t\t<section class=\"elementor-section elementor-top-section elementor-element elementor-element-b91208b elementor-section-boxed elementor-section-height-default elementor-section-height-default\" data-id=\"b91208b\" data-element_type=\"section\">\n\t\t\t\t\t\t<div class=\"elementor-container elementor-column-gap-default\">\n\t\t\t\t\t<div class=\"elementor-column elementor-col-100 elementor-top-column elementor-element elementor-element-c39167f\" data-id=\"c39167f\" data-element_type=\"column\">\n\t\t\t<div class=\"elementor-widget-wrap elementor-element-populated\">\n\t\t\t\t\t\t<div class=\"elementor-element elementor-element-0b29a02 elementor-widget elementor-widget-text-editor\" data-id=\"0b29a02\" data-element_type=\"widget\" data-widget_type=\"text-editor.default\">\n\t\t\t\t<div class=\"elementor-widget-container\">\n\t\t\t\t\t\t\t<p>Potreste gi\u00e0 sapere che Ninh Binh era l\u2019antica capitale del Vietnam negli anni 1010. Pertanto, Ninh Binh \u00e8 nota per l\u2019architettura bella e storica, l&#8217;atmosfera pacifica dei siti religiosi. Situato nel sud-est del Delta del fiume Rosso, il clima a Ninh Binh ha gli attributi tipici del clima settentrionale &#8211; che \u00e8 diviso in 4 stagioni distinte. Ogni stagione offre una bellezza diversa di Ninh B\u00ecnh, quindi questa guida vi aiuter\u00e0 a scegliere il periodo migliore che soddisfa le vostre preferenze.<\/p>\n<h2>Il periodo migliore per visitare Ninh Binh<\/h2>\n<p>Ninh Binh si trova in una zona subtropicale con un clima monsonico e una temperatura media di 23,5 gradi Celsius. Ha quattro stagioni distinte: Primavera, Estate caldo e umida con molta pioggia, Autunno e Inverno freddo e secco. Secondo la mia esperienza, i periodi pi\u00f9 ideali per visitare Ninh Binh sono la primavera e l\u2019inizio dell\u2019estate.<\/p>\n<p>In primavera, da gennaio a marzo, il clima \u00e8 quasi fresco, non troppo freddo e piovoso (la temperatura oscilla da 16 a 20 gradi Celsius), che \u00e8 molto conveniente per le visite turistiche e le attivit\u00e0 all\u2019aperto. Inoltre, si tratta di un monumento adatto a visitare le attrazioni religiose come: La pagoda di Bai Dinh, Trang An, la chiesa di Da.<\/p>\n<p>Oltre a questo, ci sono numerosi festival per pregare la pace e la fortuna. In queste festival, i turisti possono partecipare in molti giochi popolari e godere degli spettacoli di arte tradizionale.<\/p>\n<p>Da aprile all\u2019inizio giugno e da settembre a ottobre, due periodi sono le stagioni del raccolto dell\u2019anno. La temperatura media \u00e8 di circa 23-28 gradi Celsius da aprile all\u2019inizio giugno e di circa 25 gradi Celsius da settembre a ottobre. In quel tempo, si possono scattare le foto della incredibile risaie dorate belle. Un ulteriore vantaggio di visitare Ninh Binh da aprile all\u2019inizio giugno \u00e8 vedere il loto a Tam Coc &#8211; Bich Dong. Inoltre, \u00e8 un ottimo periodo per godere della bellezza naturale delle grotte e delle montagne. Da settembre a ottobre, \u00e8 il tempo perfetto per viaggiare e provare un viaggio memorabile senza preoccuparsi delle piogge e dei potenziali tifoni.<\/p>\n<p>Oltretutto, si dovrebbe notare che dalla fine di giugno ad agosto, non \u00e8 bene passeggiare per Ninh Binh dovuto al tempo quasi noioso con alte precipitazioni di circa 320 mm. Dunque, se volete sfruttare al massimo il vostro viaggio, cercate di evitare questo periodo.<\/p>\t\t\t\t\t\t<\/div>\n\t\t\t\t<\/div>\n\t\t\t\t\t<\/div>\n\t\t<\/div>\n\t\t\t\t\t<\/div>\n\t\t<\/section>\n\t\t\t\t<section class=\"elementor-section elementor-top-section elementor-element elementor-element-f8d565b elementor-section-boxed elementor-section-height-default elementor-section-height-default\" data-id=\"f8d565b\" data-element_type=\"section\">\n\t\t\t\t\t\t<div class=\"elementor-container elementor-column-gap-default\">\n\t\t\t\t\t<div class=\"elementor-column elementor-col-100 elementor-top-column elementor-element elementor-element-7537ca5\" data-id=\"7537ca5\" data-element_type=\"column\">\n\t\t\t<div class=\"elementor-widget-wrap elementor-element-populated\">\n\t\t\t\t\t\t<div class=\"elementor-element elementor-element-8c1b243 elementor-widget-divider--view-line elementor-widget elementor-widget-divider\" data-id=\"8c1b243\" data-element_type=\"widget\" data-widget_type=\"divider.default\">\n\t\t\t\t<div class=\"elementor-widget-container\">\n\t\t\t<style>\/*! elementor - v3.20.0 - 13-03-2024 *\/\n.elementor-widget-divider{--divider-border-style:none;--divider-border-width:1px;--divider-color:#0c0d0e;--divider-icon-size:20px;--divider-element-spacing:10px;--divider-pattern-height:24px;--divider-pattern-size:20px;--divider-pattern-url:none;--divider-pattern-repeat:repeat-x}.elementor-widget-divider .elementor-divider{display:flex}.elementor-widget-divider .elementor-divider__text{font-size:15px;line-height:1;max-width:95%}.elementor-widget-divider .elementor-divider__element{margin:0 var(--divider-element-spacing);flex-shrink:0}.elementor-widget-divider .elementor-icon{font-size:var(--divider-icon-size)}.elementor-widget-divider .elementor-divider-separator{display:flex;margin:0;direction:ltr}.elementor-widget-divider--view-line_icon .elementor-divider-separator,.elementor-widget-divider--view-line_text .elementor-divider-separator{align-items:center}.elementor-widget-divider--view-line_icon .elementor-divider-separator:after,.elementor-widget-divider--view-line_icon .elementor-divider-separator:before,.elementor-widget-divider--view-line_text .elementor-divider-separator:after,.elementor-widget-divider--view-line_text .elementor-divider-separator:before{display:block;content:\"\";border-block-end:0;flex-grow:1;border-block-start:var(--divider-border-width) var(--divider-border-style) var(--divider-color)}.elementor-widget-divider--element-align-left .elementor-divider .elementor-divider-separator>.elementor-divider__svg:first-of-type{flex-grow:0;flex-shrink:100}.elementor-widget-divider--element-align-left .elementor-divider-separator:before{content:none}.elementor-widget-divider--element-align-left .elementor-divider__element{margin-left:0}.elementor-widget-divider--element-align-right .elementor-divider .elementor-divider-separator>.elementor-divider__svg:last-of-type{flex-grow:0;flex-shrink:100}.elementor-widget-divider--element-align-right .elementor-divider-separator:after{content:none}.elementor-widget-divider--element-align-right .elementor-divider__element{margin-right:0}.elementor-widget-divider--element-align-start .elementor-divider .elementor-divider-separator>.elementor-divider__svg:first-of-type{flex-grow:0;flex-shrink:100}.elementor-widget-divider--element-align-start .elementor-divider-separator:before{content:none}.elementor-widget-divider--element-align-start .elementor-divider__element{margin-inline-start:0}.elementor-widget-divider--element-align-end .elementor-divider .elementor-divider-separator>.elementor-divider__svg:last-of-type{flex-grow:0;flex-shrink:100}.elementor-widget-divider--element-align-end .elementor-divider-separator:after{content:none}.elementor-widget-divider--element-align-end .elementor-divider__element{margin-inline-end:0}.elementor-widget-divider:not(.elementor-widget-divider--view-line_text):not(.elementor-widget-divider--view-line_icon) .elementor-divider-separator{border-block-start:var(--divider-border-width) var(--divider-border-style) var(--divider-color)}.elementor-widget-divider--separator-type-pattern{--divider-border-style:none}.elementor-widget-divider--separator-type-pattern.elementor-widget-divider--view-line .elementor-divider-separator,.elementor-widget-divider--separator-type-pattern:not(.elementor-widget-divider--view-line) .elementor-divider-separator:after,.elementor-widget-divider--separator-type-pattern:not(.elementor-widget-divider--view-line) .elementor-divider-separator:before,.elementor-widget-divider--separator-type-pattern:not([class*=elementor-widget-divider--view]) .elementor-divider-separator{width:100%;min-height:var(--divider-pattern-height);-webkit-mask-size:var(--divider-pattern-size) 100%;mask-size:var(--divider-pattern-size) 100%;-webkit-mask-repeat:var(--divider-pattern-repeat);mask-repeat:var(--divider-pattern-repeat);background-color:var(--divider-color);-webkit-mask-image:var(--divider-pattern-url);mask-image:var(--divider-pattern-url)}.elementor-widget-divider--no-spacing{--divider-pattern-size:auto}.elementor-widget-divider--bg-round{--divider-pattern-repeat:round}.rtl .elementor-widget-divider .elementor-divider__text{direction:rtl}.e-con-inner>.elementor-widget-divider,.e-con>.elementor-widget-divider{width:var(--container-widget-width,100%);--flex-grow:var(--container-widget-flex-grow)}<\/style>\t\t<div class=\"elementor-divider\">\n\t\t\t<span class=\"elementor-divider-separator\">\n\t\t\t\t\t\t<\/span>\n\t\t<\/div>\n\t\t\t\t<\/div>\n\t\t\t\t<\/div>\n\t\t\t\t<div class=\"elementor-element elementor-element-1ab9ff2 elementor-widget elementor-widget-text-editor\" data-id=\"1ab9ff2\" data-element_type=\"widget\" data-widget_type=\"text-editor.default\">\n\t\t\t\t<div class=\"elementor-widget-container\">\n\t\t\t\t\t\t\t<h2>Crea il tuo viaggio su misura in Ninh Binh, Vietnam<\/h2><p>In <a href=\"https:\/\/evivatour.com\/it\/ninh-binh\/\">viaggio in Ninh Binh<\/a>? Chatta con uno specialista di viaggi locale in Ninh Binh, che pu\u00f2 aiutarti a organizzare il tuo viaggio.<\/p>\t\t\t\t\t\t<\/div>\n\t\t\t\t<\/div>\n\t\t\t\t<div class=\"elementor-element elementor-element-8ed9d3c elementor-align-center elementor-widget elementor-widget-button\" data-id=\"8ed9d3c\" data-element_type=\"widget\" data-widget_type=\"button.default\">\n\t\t\t\t<div class=\"elementor-widget-container\">\n\t\t\t\t\t<div class=\"elementor-button-wrapper\">\n\t\t\t<a class=\"elementor-button elementor-button-link elementor-size-sm\" href=\"https:\/\/evivatour.com\/it\/personalizza-il-tuo-tour\/\">\n\t\t\t\t\t\t<span class=\"elementor-button-content-wrapper\">\n\t\t\t\t\t\t<span class=\"elementor-button-text\">COMINCIA QUI<\/span>\n\t\t<\/span>\n\t\t\t\t\t<\/a>\n\t\t<\/div>\n\t\t\t\t<\/div>\n\t\t\t\t<\/div>\n\t\t\t\t\t<\/div>\n\t\t<\/div>\n\t\t\t\t\t<\/div>\n\t\t<\/section>\n\t\t\t\t<\/div>\n\t\t","protected":false},"excerpt":{"rendered":"<p>Tour Ninh Binh Guida di Viaggio del Ninh Binh Il Periodo Migliore per Visitare il Ninh Binh Potreste gi\u00e0 sapere che Ninh Binh era l\u2019antica capitale del Vietnam negli anni 1010. Pertanto, Ninh Binh \u00e8 nota per l\u2019architettura bella e storica, l&#8217;atmosfera pacifica dei siti religiosi. Situato nel sud-est del Delta del fiume Rosso, il [&hellip;]<\/p>\n","protected":false},"author":1,"featured_media":0,"parent":8209,"menu_order":0,"comment_status":"closed","ping_status":"closed","template":"","meta":{"inline_featured_image":false,"footnotes":""},"class_list":["post-8331","page","type-page","status-publish","hentry"],"yoast_head":"<!-- This site is optimized with the Yoast SEO plugin v26.9 - https:\/\/yoast.com\/product\/yoast-seo-wordpress\/ -->\n<title>Il Periodo Migliore per Visitare il Ninh Binh - Eviva Tour<\/title>\n<meta name=\"robots\" content=\"index, follow, max-snippet:-1, max-image-preview:large, max-video-preview:-1\" \/>\n<link rel=\"canonical\" href=\"https:\/\/evivatour.com\/it\/ninh-binh\/il-periodo-migliore-per-visitare-il-ninh-binh\/\" \/>\n<meta property=\"og:locale\" content=\"en_US\" \/>\n<meta property=\"og:type\" content=\"article\" \/>\n<meta property=\"og:title\" content=\"Il Periodo Migliore per Visitare il Ninh Binh - Eviva Tour\" \/>\n<meta property=\"og:description\" content=\"Tour Ninh Binh Guida di Viaggio del Ninh Binh Il Periodo Migliore per Visitare il Ninh Binh Potreste gi\u00e0 sapere che Ninh Binh era l\u2019antica capitale del Vietnam negli anni 1010. Pertanto, Ninh Binh \u00e8 nota per l\u2019architettura bella e storica, l&#8217;atmosfera pacifica dei siti religiosi. Situato nel sud-est del Delta del fiume Rosso, il [&hellip;]\" \/>\n<meta property=\"og:url\" content=\"https:\/\/evivatour.com\/it\/ninh-binh\/il-periodo-migliore-per-visitare-il-ninh-binh\/\" \/>\n<meta property=\"og:site_name\" content=\"Eviva Tour\" \/>\n<meta property=\"article:modified_time\" content=\"2022-07-13T04:50:16+00:00\" \/>\n<meta name=\"twitter:card\" content=\"summary_large_image\" \/>\n<meta name=\"twitter:label1\" content=\"Est. reading time\" \/>\n\t<meta name=\"twitter:data1\" content=\"2 minutes\" \/>\n<script type=\"application\/ld+json\" class=\"yoast-schema-graph\">{\"@context\":\"https:\/\/schema.org\",\"@graph\":[{\"@type\":\"WebPage\",\"@id\":\"https:\/\/evivatour.com\/it\/ninh-binh\/il-periodo-migliore-per-visitare-il-ninh-binh\/\",\"url\":\"https:\/\/evivatour.com\/it\/ninh-binh\/il-periodo-migliore-per-visitare-il-ninh-binh\/\",\"name\":\"Il Periodo Migliore per Visitare il Ninh Binh - Eviva Tour\",\"isPartOf\":{\"@id\":\"https:\/\/evivatour.com\/it\/#website\"},\"datePublished\":\"2021-08-24T02:28:26+00:00\",\"dateModified\":\"2022-07-13T04:50:16+00:00\",\"breadcrumb\":{\"@id\":\"https:\/\/evivatour.com\/it\/ninh-binh\/il-periodo-migliore-per-visitare-il-ninh-binh\/#breadcrumb\"},\"inLanguage\":\"en-US\",\"potentialAction\":[{\"@type\":\"ReadAction\",\"target\":[\"https:\/\/evivatour.com\/it\/ninh-binh\/il-periodo-migliore-per-visitare-il-ninh-binh\/\"]}]},{\"@type\":\"BreadcrumbList\",\"@id\":\"https:\/\/evivatour.com\/it\/ninh-binh\/il-periodo-migliore-per-visitare-il-ninh-binh\/#breadcrumb\",\"itemListElement\":[{\"@type\":\"ListItem\",\"position\":1,\"name\":\"Home\",\"item\":\"https:\/\/evivatour.com\/it\/\"},{\"@type\":\"ListItem\",\"position\":2,\"name\":\"Ninh Binh Tour e Viaggi 2026\",\"item\":\"https:\/\/evivatour.com\/it\/ninh-binh\/\"},{\"@type\":\"ListItem\",\"position\":3,\"name\":\"Il Periodo Migliore per Visitare il Ninh Binh\"}]},{\"@type\":\"WebSite\",\"@id\":\"https:\/\/evivatour.com\/it\/#website\",\"url\":\"https:\/\/evivatour.com\/it\/\",\"name\":\"Eviva Tour\",\"description\":\"Smile every mile\",\"publisher\":{\"@id\":\"https:\/\/evivatour.com\/it\/#organization\"},\"potentialAction\":[{\"@type\":\"SearchAction\",\"target\":{\"@type\":\"EntryPoint\",\"urlTemplate\":\"https:\/\/evivatour.com\/it\/?s={search_term_string}\"},\"query-input\":{\"@type\":\"PropertyValueSpecification\",\"valueRequired\":true,\"valueName\":\"search_term_string\"}}],\"inLanguage\":\"en-US\"},{\"@type\":\"Organization\",\"@id\":\"https:\/\/evivatour.com\/it\/#organization\",\"name\":\"Eviva Tour\",\"url\":\"https:\/\/evivatour.com\/it\/\",\"logo\":{\"@type\":\"ImageObject\",\"inLanguage\":\"en-US\",\"@id\":\"https:\/\/evivatour.com\/it\/#\/schema\/logo\/image\/\",\"url\":\"https:\/\/evivatour.com\/it\/wp-content\/uploads\/2021\/08\/cropped-eviva-tour-vietnam.png\",\"contentUrl\":\"https:\/\/evivatour.com\/it\/wp-content\/uploads\/2021\/08\/cropped-eviva-tour-vietnam.png\",\"width\":280,\"height\":185,\"caption\":\"Eviva Tour\"},\"image\":{\"@id\":\"https:\/\/evivatour.com\/it\/#\/schema\/logo\/image\/\"}}]}<\/script>\n<!-- \/ Yoast SEO plugin. -->","yoast_head_json":{"title":"Il Periodo Migliore per Visitare il Ninh Binh - Eviva Tour","robots":{"index":"index","follow":"follow","max-snippet":"max-snippet:-1","max-image-preview":"max-image-preview:large","max-video-preview":"max-video-preview:-1"},"canonical":"https:\/\/evivatour.com\/it\/ninh-binh\/il-periodo-migliore-per-visitare-il-ninh-binh\/","og_locale":"en_US","og_type":"article","og_title":"Il Periodo Migliore per Visitare il Ninh Binh - Eviva Tour","og_description":"Tour Ninh Binh Guida di Viaggio del Ninh Binh Il Periodo Migliore per Visitare il Ninh Binh Potreste gi\u00e0 sapere che Ninh Binh era l\u2019antica capitale del Vietnam negli anni 1010. Pertanto, Ninh Binh \u00e8 nota per l\u2019architettura bella e storica, l&#8217;atmosfera pacifica dei siti religiosi. Situato nel sud-est del Delta del fiume Rosso, il [&hellip;]","og_url":"https:\/\/evivatour.com\/it\/ninh-binh\/il-periodo-migliore-per-visitare-il-ninh-binh\/","og_site_name":"Eviva Tour","article_modified_time":"2022-07-13T04:50:16+00:00","twitter_card":"summary_large_image","twitter_misc":{"Est. reading time":"2 minutes"},"schema":{"@context":"https:\/\/schema.org","@graph":[{"@type":"WebPage","@id":"https:\/\/evivatour.com\/it\/ninh-binh\/il-periodo-migliore-per-visitare-il-ninh-binh\/","url":"https:\/\/evivatour.com\/it\/ninh-binh\/il-periodo-migliore-per-visitare-il-ninh-binh\/","name":"Il Periodo Migliore per Visitare il Ninh Binh - Eviva Tour","isPartOf":{"@id":"https:\/\/evivatour.com\/it\/#website"},"datePublished":"2021-08-24T02:28:26+00:00","dateModified":"2022-07-13T04:50:16+00:00","breadcrumb":{"@id":"https:\/\/evivatour.com\/it\/ninh-binh\/il-periodo-migliore-per-visitare-il-ninh-binh\/#breadcrumb"},"inLanguage":"en-US","potentialAction":[{"@type":"ReadAction","target":["https:\/\/evivatour.com\/it\/ninh-binh\/il-periodo-migliore-per-visitare-il-ninh-binh\/"]}]},{"@type":"BreadcrumbList","@id":"https:\/\/evivatour.com\/it\/ninh-binh\/il-periodo-migliore-per-visitare-il-ninh-binh\/#breadcrumb","itemListElement":[{"@type":"ListItem","position":1,"name":"Home","item":"https:\/\/evivatour.com\/it\/"},{"@type":"ListItem","position":2,"name":"Ninh Binh Tour e Viaggi 2026","item":"https:\/\/evivatour.com\/it\/ninh-binh\/"},{"@type":"ListItem","position":3,"name":"Il Periodo Migliore per Visitare il Ninh Binh"}]},{"@type":"WebSite","@id":"https:\/\/evivatour.com\/it\/#website","url":"https:\/\/evivatour.com\/it\/","name":"Eviva Tour","description":"Smile every mile","publisher":{"@id":"https:\/\/evivatour.com\/it\/#organization"},"potentialAction":[{"@type":"SearchAction","target":{"@type":"EntryPoint","urlTemplate":"https:\/\/evivatour.com\/it\/?s={search_term_string}"},"query-input":{"@type":"PropertyValueSpecification","valueRequired":true,"valueName":"search_term_string"}}],"inLanguage":"en-US"},{"@type":"Organization","@id":"https:\/\/evivatour.com\/it\/#organization","name":"Eviva Tour","url":"https:\/\/evivatour.com\/it\/","logo":{"@type":"ImageObject","inLanguage":"en-US","@id":"https:\/\/evivatour.com\/it\/#\/schema\/logo\/image\/","url":"https:\/\/evivatour.com\/it\/wp-content\/uploads\/2021\/08\/cropped-eviva-tour-vietnam.png","contentUrl":"https:\/\/evivatour.com\/it\/wp-content\/uploads\/2021\/08\/cropped-eviva-tour-vietnam.png","width":280,"height":185,"caption":"Eviva Tour"},"image":{"@id":"https:\/\/evivatour.com\/it\/#\/schema\/logo\/image\/"}}]}},"_links":{"self":[{"href":"https:\/\/evivatour.com\/it\/wp-json\/wp\/v2\/pages\/8331","targetHints":{"allow":["GET"]}}],"collection":[{"href":"https:\/\/evivatour.com\/it\/wp-json\/wp\/v2\/pages"}],"about":[{"href":"https:\/\/evivatour.com\/it\/wp-json\/wp\/v2\/types\/page"}],"author":[{"embeddable":true,"href":"https:\/\/evivatour.com\/it\/wp-json\/wp\/v2\/users\/1"}],"replies":[{"embeddable":true,"href":"https:\/\/evivatour.com\/it\/wp-json\/wp\/v2\/comments?post=8331"}],"version-history":[{"count":2,"href":"https:\/\/evivatour.com\/it\/wp-json\/wp\/v2\/pages\/8331\/revisions"}],"predecessor-version":[{"id":16524,"href":"https:\/\/evivatour.com\/it\/wp-json\/wp\/v2\/pages\/8331\/revisions\/16524"}],"up":[{"embeddable":true,"href":"https:\/\/evivatour.com\/it\/wp-json\/wp\/v2\/pages\/8209"}],"wp:attachment":[{"href":"https:\/\/evivatour.com\/it\/wp-json\/wp\/v2\/media?parent=8331"}],"curies":[{"name":"wp","href":"https:\/\/api.w.org\/{rel}","templated":true}]}}