{"id":8394,"date":"2021-08-24T10:04:14","date_gmt":"2021-08-24T03:04:14","guid":{"rendered":"http:\/\/evivatour.com\/?page_id=8394"},"modified":"2023-10-17T09:31:04","modified_gmt":"2023-10-17T02:31:04","slug":"il-periodo-migliore-per-visitare-il-cao-bang","status":"publish","type":"page","link":"https:\/\/evivatour.com\/it\/cao-bang\/il-periodo-migliore-per-visitare-il-cao-bang\/","title":{"rendered":"Il Periodo Migliore per Visitare il Cao Bang"},"content":{"rendered":"\t\t<div data-elementor-type=\"wp-page\" data-elementor-id=\"8394\" class=\"elementor elementor-8394\">\n\t\t\t\t\t\t<section class=\"elementor-section elementor-top-section elementor-element elementor-element-e272e1b elementor-section-stretched elementor-section-boxed elementor-section-height-default elementor-section-height-default\" data-id=\"e272e1b\" data-element_type=\"section\" data-settings=\"{&quot;stretch_section&quot;:&quot;section-stretched&quot;,&quot;background_background&quot;:&quot;classic&quot;}\">\n\t\t\t\t\t\t<div class=\"elementor-container elementor-column-gap-no\">\n\t\t\t\t\t<div class=\"elementor-column elementor-col-100 elementor-top-column elementor-element elementor-element-737bf0d\" data-id=\"737bf0d\" data-element_type=\"column\">\n\t\t\t<div class=\"elementor-widget-wrap elementor-element-populated\">\n\t\t\t\t\t\t<div class=\"elementor-element elementor-element-b831de5 elementor-widget elementor-widget-text-editor\" data-id=\"b831de5\" data-element_type=\"widget\" data-widget_type=\"text-editor.default\">\n\t\t\t\t<div class=\"elementor-widget-container\">\n\t\t\t<style>\/*! elementor - v3.20.0 - 13-03-2024 *\/\n.elementor-widget-text-editor.elementor-drop-cap-view-stacked .elementor-drop-cap{background-color:#69727d;color:#fff}.elementor-widget-text-editor.elementor-drop-cap-view-framed .elementor-drop-cap{color:#69727d;border:3px solid;background-color:transparent}.elementor-widget-text-editor:not(.elementor-drop-cap-view-default) .elementor-drop-cap{margin-top:8px}.elementor-widget-text-editor:not(.elementor-drop-cap-view-default) .elementor-drop-cap-letter{width:1em;height:1em}.elementor-widget-text-editor .elementor-drop-cap{float:left;text-align:center;line-height:1;font-size:50px}.elementor-widget-text-editor .elementor-drop-cap-letter{display:inline-block}<\/style>\t\t\t\t<nav id=\"tours\" class=\"main-nav-top with-banner\">\n<div class=\"container\">\n<div class=\"main-nav-holder\">\n<div class=\"slide-nav js-slide-hidden\">\n<ul id=\"slide-nav-ul\">\n \t<li><a href=\"https:\/\/evivatour.com\/it\/cao-bang\/\">Tour Del Cao Bang<\/a><\/li>\n \t<li><a href=\"https:\/\/evivatour.com\/it\/cao-bang\/guida-di-viaggio-del-cao-bang\/\">Guida di Viaggio del Cao Bang<\/a><\/li>\n \t<li class=\"active\"><a href=\"https:\/\/evivatour.com\/it\/cao-bang\/il-periodo-migliore-per-visitare-il-cao-bang\/\">Il Periodo Migliore per Visitare il Cao Bang<\/a><\/li>\n<\/ul>\n<\/div>\n<\/div>\n<\/div>\n<\/nav>\t\t\t\t\t\t<\/div>\n\t\t\t\t<\/div>\n\t\t\t\t\t<\/div>\n\t\t<\/div>\n\t\t\t\t\t<\/div>\n\t\t<\/section>\n\t\t\t\t<section class=\"elementor-section elementor-top-section elementor-element elementor-element-b91208b elementor-section-boxed elementor-section-height-default elementor-section-height-default\" data-id=\"b91208b\" data-element_type=\"section\">\n\t\t\t\t\t\t<div class=\"elementor-container elementor-column-gap-default\">\n\t\t\t\t\t<div class=\"elementor-column elementor-col-100 elementor-top-column elementor-element elementor-element-c39167f\" data-id=\"c39167f\" data-element_type=\"column\">\n\t\t\t<div class=\"elementor-widget-wrap elementor-element-populated\">\n\t\t\t\t\t\t<div class=\"elementor-element elementor-element-0b29a02 elementor-widget elementor-widget-text-editor\" data-id=\"0b29a02\" data-element_type=\"widget\" data-widget_type=\"text-editor.default\">\n\t\t\t\t<div class=\"elementor-widget-container\">\n\t\t\t\t\t\t\t<p>Cao Bang \u00e8 una provincia montuosa nella ragione settentrionale del Vietnam, convidendo confini con Bac Kan, Lang Son e Cinese. \u00c8 famoso per i molteplici siti storici e archeologici e anche per i magnifici paesaggi. Se hai <a href=\"https:\/\/evivatour.com\/it\/cao-bang\/\">intenzione di visitare Cao Bang<\/a> ma non riesci ancora a decidere quando e dove andare, questa guida fornisce informazioni sul tempo di Cao Bang e le sue principali attrazioni turistiche in modo da poter scegliere il momento giusto e pianificare l&#8217;itinerario per il tuo viaggio.<\/p><h2>Una panoramica del clima di Cao Bang<\/h2><p>Cao Bang ha un clima subtropicale influenzato da un monsone continentale di alta montagna. Il clima \u00e8 diviso in due stagioni principali: la stagione delle piogge e la stagione secca.<\/p><ul><li>La stagione delle piogge va da aprile a settembre. La temperatura media \u00e8 di 20 \u2013 32 gradi Celsius con i mesi pi\u00f9 caldi giugno e luglio.<\/li><li>La stagione secca va da ottobre a marzo. Il clima \u00e8 caratterizzato da una bassa umidit\u00e0 con temperature miti comprese tra 8\u00b0C e 18\u00b0C.<\/li><\/ul><p><a href=\"https:\/\/evivatour.com\/it\/cao-bang\/il-periodo-migliore-per-visitare-il-cao-bang\/\">Il periodo migliore per visitare Cao Bang<\/a> \u00e8 febbraio \u2013 marzo o settembre \u2013 ottobre, dato che la temperatura \u00e8 calda e gradevole e le precipitazioni sono scarse.<\/p><h2>Visita Cao Bang in diverse stagioni<\/h2><p><strong>Cao Bang in primavera (Febbraio \u2013 Marzo)<\/strong><\/p><p>In primavera va da fresco a leggermente freddo con poche possibilit\u00e0 di pioggia. La temperatura \u00e8 di 12 \u2013 23 gradi Celsius. Pertanto, \u00e8 un buon momento per prendere parte ad attivit\u00e0 all&#8217;aperto come l&#8217;escursionismo, il trekking e il ciclismo. Inoltre, puoi goderti i fiori dai colori vivaci in mezzo a boschi e prati verdi.<\/p><p><strong>Cao Bang in estate (Aprile \u2013 Agosto)<\/strong><\/p><p>La temperatura a Cao Bang varia da 25 a 35 gradi Celsius in estate, pi\u00f9 fresca che nelle citt\u00e0 del nord. Se hai intenzione di visitare il Vietnam e hai paura del caldo delle grandi citt\u00e0 durante l&#8217;estate, Cao Bang potrebbe essere il posto giusto per te. Inoltre, la cascata di Ban Gioc \u00e8 nel suo periodo pi\u00f9 bello con molta acqua. Tuttavia, a giugno, luglio e agosto ci sar\u00e0 un&#8217;alta probabilit\u00e0 di forti piogge, quindi assicurati di controllare attentamente il tempo prima di visitare Cao Bang durante questo periodo.<\/p><p><strong>Cao Bang in autunno (Settembre \u2013 Ottobre)<\/strong><\/p><p>Forse questo \u00e8 il momento migliore per visitare Cao Bang perch\u00e9 il clima \u00e8 relativamente fresco tutto il giorno con una temperatura compresa tra 18 e 30 gradi Celsius. Inoltre, questa \u00e8 la stagione dei fiori di grano saraceno e il momento in cui tutte le risaie ingialliscono. Creano uno scenario magnifico nell&#8217;altopiano del Vietnam, attirando molti visitatori a venire, ammirare la bellezza pittoresca e scattare foto. Quindi questa \u00e8 anche l&#8217;alta stagione a Cao Bang.<\/p><p><strong>Cao Bang in inverno (Novembre \u2013 Gennaio)<\/strong><\/p><p>In inverno, \u00e8 freddo e nebbioso con poca pioggia. La temperatura \u00e8 compresa tra 10 e 18 gradi Celsius, anche se di notte pu\u00f2 scendere sotto i 5 gradi Celsius. Tuttavia, il tempo \u00e8 ancora piacevole. In effetti, molti occidentali amano viaggiare a Cao Bang durante questo periodo. Questa \u00e8 la stagione della fioritura dei girasoli selvatici e dei fiori di grano saraceno viola-rosa. Puoi anche scorgere i colori rosso, giallo e arancione della gomma dolce taiwanese lungo l&#8217;anello montuoso o sul lago Ban Viet, che \u00e8 davvero incantevole.<\/p><p>In conclusione, non c&#8217;\u00e8 un brutto momento per visitare Cao Bang perch\u00e9 \u00e8 diverso in ogni stagione. Puoi decidere quando viaggiare l\u00ec a seconda del tuo interesse personale. Tuttavia, ti consigliamo di visitare Cao Bang a febbraio \u2013 marzo o settembre \u2013 ottobre, quando il clima \u00e8 piuttosto mite.<br \/>Se hai difficolt\u00e0 a pianificare il tuo viaggio a Cao Bang, non esitare a contattarci. I nostri consulenti esperti e professionali sono disposti ad aiutarti, in modo che tu possa goderti il \u200b\u200btour di Cao Bang il pi\u00f9 possibile.<\/p>\t\t\t\t\t\t<\/div>\n\t\t\t\t<\/div>\n\t\t\t\t<div class=\"elementor-element elementor-element-8c1b243 elementor-widget-divider--view-line elementor-widget elementor-widget-divider\" data-id=\"8c1b243\" data-element_type=\"widget\" data-widget_type=\"divider.default\">\n\t\t\t\t<div class=\"elementor-widget-container\">\n\t\t\t<style>\/*! elementor - v3.20.0 - 13-03-2024 *\/\n.elementor-widget-divider{--divider-border-style:none;--divider-border-width:1px;--divider-color:#0c0d0e;--divider-icon-size:20px;--divider-element-spacing:10px;--divider-pattern-height:24px;--divider-pattern-size:20px;--divider-pattern-url:none;--divider-pattern-repeat:repeat-x}.elementor-widget-divider .elementor-divider{display:flex}.elementor-widget-divider .elementor-divider__text{font-size:15px;line-height:1;max-width:95%}.elementor-widget-divider .elementor-divider__element{margin:0 var(--divider-element-spacing);flex-shrink:0}.elementor-widget-divider .elementor-icon{font-size:var(--divider-icon-size)}.elementor-widget-divider .elementor-divider-separator{display:flex;margin:0;direction:ltr}.elementor-widget-divider--view-line_icon .elementor-divider-separator,.elementor-widget-divider--view-line_text .elementor-divider-separator{align-items:center}.elementor-widget-divider--view-line_icon .elementor-divider-separator:after,.elementor-widget-divider--view-line_icon .elementor-divider-separator:before,.elementor-widget-divider--view-line_text .elementor-divider-separator:after,.elementor-widget-divider--view-line_text .elementor-divider-separator:before{display:block;content:\"\";border-block-end:0;flex-grow:1;border-block-start:var(--divider-border-width) var(--divider-border-style) var(--divider-color)}.elementor-widget-divider--element-align-left .elementor-divider .elementor-divider-separator>.elementor-divider__svg:first-of-type{flex-grow:0;flex-shrink:100}.elementor-widget-divider--element-align-left .elementor-divider-separator:before{content:none}.elementor-widget-divider--element-align-left .elementor-divider__element{margin-left:0}.elementor-widget-divider--element-align-right .elementor-divider .elementor-divider-separator>.elementor-divider__svg:last-of-type{flex-grow:0;flex-shrink:100}.elementor-widget-divider--element-align-right .elementor-divider-separator:after{content:none}.elementor-widget-divider--element-align-right .elementor-divider__element{margin-right:0}.elementor-widget-divider--element-align-start .elementor-divider .elementor-divider-separator>.elementor-divider__svg:first-of-type{flex-grow:0;flex-shrink:100}.elementor-widget-divider--element-align-start .elementor-divider-separator:before{content:none}.elementor-widget-divider--element-align-start .elementor-divider__element{margin-inline-start:0}.elementor-widget-divider--element-align-end .elementor-divider .elementor-divider-separator>.elementor-divider__svg:last-of-type{flex-grow:0;flex-shrink:100}.elementor-widget-divider--element-align-end .elementor-divider-separator:after{content:none}.elementor-widget-divider--element-align-end .elementor-divider__element{margin-inline-end:0}.elementor-widget-divider:not(.elementor-widget-divider--view-line_text):not(.elementor-widget-divider--view-line_icon) .elementor-divider-separator{border-block-start:var(--divider-border-width) var(--divider-border-style) var(--divider-color)}.elementor-widget-divider--separator-type-pattern{--divider-border-style:none}.elementor-widget-divider--separator-type-pattern.elementor-widget-divider--view-line .elementor-divider-separator,.elementor-widget-divider--separator-type-pattern:not(.elementor-widget-divider--view-line) .elementor-divider-separator:after,.elementor-widget-divider--separator-type-pattern:not(.elementor-widget-divider--view-line) .elementor-divider-separator:before,.elementor-widget-divider--separator-type-pattern:not([class*=elementor-widget-divider--view]) .elementor-divider-separator{width:100%;min-height:var(--divider-pattern-height);-webkit-mask-size:var(--divider-pattern-size) 100%;mask-size:var(--divider-pattern-size) 100%;-webkit-mask-repeat:var(--divider-pattern-repeat);mask-repeat:var(--divider-pattern-repeat);background-color:var(--divider-color);-webkit-mask-image:var(--divider-pattern-url);mask-image:var(--divider-pattern-url)}.elementor-widget-divider--no-spacing{--divider-pattern-size:auto}.elementor-widget-divider--bg-round{--divider-pattern-repeat:round}.rtl .elementor-widget-divider .elementor-divider__text{direction:rtl}.e-con-inner>.elementor-widget-divider,.e-con>.elementor-widget-divider{width:var(--container-widget-width,100%);--flex-grow:var(--container-widget-flex-grow)}<\/style>\t\t<div class=\"elementor-divider\">\n\t\t\t<span class=\"elementor-divider-separator\">\n\t\t\t\t\t\t<\/span>\n\t\t<\/div>\n\t\t\t\t<\/div>\n\t\t\t\t<\/div>\n\t\t\t\t\t<\/div>\n\t\t<\/div>\n\t\t\t\t\t<\/div>\n\t\t<\/section>\n\t\t\t\t<section class=\"elementor-section elementor-top-section elementor-element elementor-element-f8d565b elementor-section-boxed elementor-section-height-default elementor-section-height-default\" data-id=\"f8d565b\" data-element_type=\"section\">\n\t\t\t\t\t\t<div class=\"elementor-container elementor-column-gap-default\">\n\t\t\t\t\t<div class=\"elementor-column elementor-col-100 elementor-top-column elementor-element elementor-element-7537ca5\" data-id=\"7537ca5\" data-element_type=\"column\">\n\t\t\t<div class=\"elementor-widget-wrap elementor-element-populated\">\n\t\t\t\t\t\t<div class=\"elementor-element elementor-element-1ab9ff2 elementor-widget elementor-widget-text-editor\" data-id=\"1ab9ff2\" data-element_type=\"widget\" data-widget_type=\"text-editor.default\">\n\t\t\t\t<div class=\"elementor-widget-container\">\n\t\t\t\t\t\t\t<h2>Crea il tuo viaggio su misura in Cao Bang, Vietnam<\/h2><p>In viaggio in Cao Bang? Chatta con uno specialista di viaggi locale in Cao Bang, che pu\u00f2 aiutarti a organizzare il tuo viaggio.<\/p>\t\t\t\t\t\t<\/div>\n\t\t\t\t<\/div>\n\t\t\t\t<div class=\"elementor-element elementor-element-8ed9d3c elementor-align-center elementor-widget elementor-widget-button\" data-id=\"8ed9d3c\" data-element_type=\"widget\" data-widget_type=\"button.default\">\n\t\t\t\t<div class=\"elementor-widget-container\">\n\t\t\t\t\t<div class=\"elementor-button-wrapper\">\n\t\t\t<a class=\"elementor-button elementor-button-link elementor-size-sm\" href=\"https:\/\/www.evivatour.com\/it\/customize-tour\/\">\n\t\t\t\t\t\t<span class=\"elementor-button-content-wrapper\">\n\t\t\t\t\t\t<span class=\"elementor-button-text\">COMINCIA QUI<\/span>\n\t\t<\/span>\n\t\t\t\t\t<\/a>\n\t\t<\/div>\n\t\t\t\t<\/div>\n\t\t\t\t<\/div>\n\t\t\t\t\t<\/div>\n\t\t<\/div>\n\t\t\t\t\t<\/div>\n\t\t<\/section>\n\t\t\t\t<\/div>\n\t\t","protected":false},"excerpt":{"rendered":"<p>Tour Del Cao Bang Guida di Viaggio del Cao Bang Il Periodo Migliore per Visitare il Cao Bang Cao Bang \u00e8 una provincia montuosa nella ragione settentrionale del Vietnam, convidendo confini con Bac Kan, Lang Son e Cinese. \u00c8 famoso per i molteplici siti storici e archeologici e anche per i magnifici paesaggi. Se hai [&hellip;]<\/p>\n","protected":false},"author":1,"featured_media":0,"parent":8384,"menu_order":0,"comment_status":"closed","ping_status":"closed","template":"","meta":{"inline_featured_image":false,"footnotes":""},"class_list":["post-8394","page","type-page","status-publish","hentry"],"yoast_head":"<!-- This site is optimized with the Yoast SEO plugin v26.9 - https:\/\/yoast.com\/product\/yoast-seo-wordpress\/ -->\n<title>Il tempo perfetto per visitare Cao Bang | Quando fare un tour di Cao Bang?<\/title>\n<meta name=\"description\" content=\"Il periodo migliore per visitare Cao Bang \u00e8 Febbraio - Marzo o Settembre - Ottobre, dato che la temperatura \u00e8 calda e piacevole e c&#039;\u00e8 poca pioggia.\" \/>\n<meta name=\"robots\" content=\"index, follow, max-snippet:-1, max-image-preview:large, max-video-preview:-1\" \/>\n<link rel=\"canonical\" href=\"https:\/\/evivatour.com\/it\/cao-bang\/il-periodo-migliore-per-visitare-il-cao-bang\/\" \/>\n<meta property=\"og:locale\" content=\"en_US\" \/>\n<meta property=\"og:type\" content=\"article\" \/>\n<meta property=\"og:title\" content=\"Il tempo perfetto per visitare Cao Bang | Quando fare un tour di Cao Bang?\" \/>\n<meta property=\"og:description\" content=\"Il periodo migliore per visitare Cao Bang \u00e8 Febbraio - Marzo o Settembre - Ottobre, dato che la temperatura \u00e8 calda e piacevole e c&#039;\u00e8 poca pioggia.\" \/>\n<meta property=\"og:url\" content=\"https:\/\/evivatour.com\/it\/cao-bang\/il-periodo-migliore-per-visitare-il-cao-bang\/\" \/>\n<meta property=\"og:site_name\" content=\"Eviva Tour\" \/>\n<meta property=\"article:modified_time\" content=\"2023-10-17T02:31:04+00:00\" \/>\n<meta name=\"twitter:card\" content=\"summary_large_image\" \/>\n<meta name=\"twitter:label1\" content=\"Est. reading time\" \/>\n\t<meta name=\"twitter:data1\" content=\"3 minutes\" \/>\n<script type=\"application\/ld+json\" class=\"yoast-schema-graph\">{\"@context\":\"https:\/\/schema.org\",\"@graph\":[{\"@type\":\"WebPage\",\"@id\":\"https:\/\/evivatour.com\/it\/cao-bang\/il-periodo-migliore-per-visitare-il-cao-bang\/\",\"url\":\"https:\/\/evivatour.com\/it\/cao-bang\/il-periodo-migliore-per-visitare-il-cao-bang\/\",\"name\":\"Il tempo perfetto per visitare Cao Bang | Quando fare un tour di Cao Bang?\",\"isPartOf\":{\"@id\":\"https:\/\/evivatour.com\/it\/#website\"},\"datePublished\":\"2021-08-24T03:04:14+00:00\",\"dateModified\":\"2023-10-17T02:31:04+00:00\",\"description\":\"Il periodo migliore per visitare Cao Bang \u00e8 Febbraio - Marzo o Settembre - Ottobre, dato che la temperatura \u00e8 calda e piacevole e c'\u00e8 poca pioggia.\",\"breadcrumb\":{\"@id\":\"https:\/\/evivatour.com\/it\/cao-bang\/il-periodo-migliore-per-visitare-il-cao-bang\/#breadcrumb\"},\"inLanguage\":\"en-US\",\"potentialAction\":[{\"@type\":\"ReadAction\",\"target\":[\"https:\/\/evivatour.com\/it\/cao-bang\/il-periodo-migliore-per-visitare-il-cao-bang\/\"]}]},{\"@type\":\"BreadcrumbList\",\"@id\":\"https:\/\/evivatour.com\/it\/cao-bang\/il-periodo-migliore-per-visitare-il-cao-bang\/#breadcrumb\",\"itemListElement\":[{\"@type\":\"ListItem\",\"position\":1,\"name\":\"Home\",\"item\":\"https:\/\/evivatour.com\/it\/\"},{\"@type\":\"ListItem\",\"position\":2,\"name\":\"Cao Bang Tour e Viaggi 2026\",\"item\":\"https:\/\/evivatour.com\/it\/cao-bang\/\"},{\"@type\":\"ListItem\",\"position\":3,\"name\":\"Il Periodo Migliore per Visitare il Cao Bang\"}]},{\"@type\":\"WebSite\",\"@id\":\"https:\/\/evivatour.com\/it\/#website\",\"url\":\"https:\/\/evivatour.com\/it\/\",\"name\":\"Eviva Tour\",\"description\":\"Smile every mile\",\"publisher\":{\"@id\":\"https:\/\/evivatour.com\/it\/#organization\"},\"potentialAction\":[{\"@type\":\"SearchAction\",\"target\":{\"@type\":\"EntryPoint\",\"urlTemplate\":\"https:\/\/evivatour.com\/it\/?s={search_term_string}\"},\"query-input\":{\"@type\":\"PropertyValueSpecification\",\"valueRequired\":true,\"valueName\":\"search_term_string\"}}],\"inLanguage\":\"en-US\"},{\"@type\":\"Organization\",\"@id\":\"https:\/\/evivatour.com\/it\/#organization\",\"name\":\"Eviva Tour\",\"url\":\"https:\/\/evivatour.com\/it\/\",\"logo\":{\"@type\":\"ImageObject\",\"inLanguage\":\"en-US\",\"@id\":\"https:\/\/evivatour.com\/it\/#\/schema\/logo\/image\/\",\"url\":\"https:\/\/evivatour.com\/it\/wp-content\/uploads\/2021\/08\/cropped-eviva-tour-vietnam.png\",\"contentUrl\":\"https:\/\/evivatour.com\/it\/wp-content\/uploads\/2021\/08\/cropped-eviva-tour-vietnam.png\",\"width\":280,\"height\":185,\"caption\":\"Eviva Tour\"},\"image\":{\"@id\":\"https:\/\/evivatour.com\/it\/#\/schema\/logo\/image\/\"}}]}<\/script>\n<!-- \/ Yoast SEO plugin. -->","yoast_head_json":{"title":"Il tempo perfetto per visitare Cao Bang | Quando fare un tour di Cao Bang?","description":"Il periodo migliore per visitare Cao Bang \u00e8 Febbraio - Marzo o Settembre - Ottobre, dato che la temperatura \u00e8 calda e piacevole e c'\u00e8 poca pioggia.","robots":{"index":"index","follow":"follow","max-snippet":"max-snippet:-1","max-image-preview":"max-image-preview:large","max-video-preview":"max-video-preview:-1"},"canonical":"https:\/\/evivatour.com\/it\/cao-bang\/il-periodo-migliore-per-visitare-il-cao-bang\/","og_locale":"en_US","og_type":"article","og_title":"Il tempo perfetto per visitare Cao Bang | Quando fare un tour di Cao Bang?","og_description":"Il periodo migliore per visitare Cao Bang \u00e8 Febbraio - Marzo o Settembre - Ottobre, dato che la temperatura \u00e8 calda e piacevole e c'\u00e8 poca pioggia.","og_url":"https:\/\/evivatour.com\/it\/cao-bang\/il-periodo-migliore-per-visitare-il-cao-bang\/","og_site_name":"Eviva Tour","article_modified_time":"2023-10-17T02:31:04+00:00","twitter_card":"summary_large_image","twitter_misc":{"Est. reading time":"3 minutes"},"schema":{"@context":"https:\/\/schema.org","@graph":[{"@type":"WebPage","@id":"https:\/\/evivatour.com\/it\/cao-bang\/il-periodo-migliore-per-visitare-il-cao-bang\/","url":"https:\/\/evivatour.com\/it\/cao-bang\/il-periodo-migliore-per-visitare-il-cao-bang\/","name":"Il tempo perfetto per visitare Cao Bang | Quando fare un tour di Cao Bang?","isPartOf":{"@id":"https:\/\/evivatour.com\/it\/#website"},"datePublished":"2021-08-24T03:04:14+00:00","dateModified":"2023-10-17T02:31:04+00:00","description":"Il periodo migliore per visitare Cao Bang \u00e8 Febbraio - Marzo o Settembre - Ottobre, dato che la temperatura \u00e8 calda e piacevole e c'\u00e8 poca pioggia.","breadcrumb":{"@id":"https:\/\/evivatour.com\/it\/cao-bang\/il-periodo-migliore-per-visitare-il-cao-bang\/#breadcrumb"},"inLanguage":"en-US","potentialAction":[{"@type":"ReadAction","target":["https:\/\/evivatour.com\/it\/cao-bang\/il-periodo-migliore-per-visitare-il-cao-bang\/"]}]},{"@type":"BreadcrumbList","@id":"https:\/\/evivatour.com\/it\/cao-bang\/il-periodo-migliore-per-visitare-il-cao-bang\/#breadcrumb","itemListElement":[{"@type":"ListItem","position":1,"name":"Home","item":"https:\/\/evivatour.com\/it\/"},{"@type":"ListItem","position":2,"name":"Cao Bang Tour e Viaggi 2026","item":"https:\/\/evivatour.com\/it\/cao-bang\/"},{"@type":"ListItem","position":3,"name":"Il Periodo Migliore per Visitare il Cao Bang"}]},{"@type":"WebSite","@id":"https:\/\/evivatour.com\/it\/#website","url":"https:\/\/evivatour.com\/it\/","name":"Eviva Tour","description":"Smile every mile","publisher":{"@id":"https:\/\/evivatour.com\/it\/#organization"},"potentialAction":[{"@type":"SearchAction","target":{"@type":"EntryPoint","urlTemplate":"https:\/\/evivatour.com\/it\/?s={search_term_string}"},"query-input":{"@type":"PropertyValueSpecification","valueRequired":true,"valueName":"search_term_string"}}],"inLanguage":"en-US"},{"@type":"Organization","@id":"https:\/\/evivatour.com\/it\/#organization","name":"Eviva Tour","url":"https:\/\/evivatour.com\/it\/","logo":{"@type":"ImageObject","inLanguage":"en-US","@id":"https:\/\/evivatour.com\/it\/#\/schema\/logo\/image\/","url":"https:\/\/evivatour.com\/it\/wp-content\/uploads\/2021\/08\/cropped-eviva-tour-vietnam.png","contentUrl":"https:\/\/evivatour.com\/it\/wp-content\/uploads\/2021\/08\/cropped-eviva-tour-vietnam.png","width":280,"height":185,"caption":"Eviva Tour"},"image":{"@id":"https:\/\/evivatour.com\/it\/#\/schema\/logo\/image\/"}}]}},"_links":{"self":[{"href":"https:\/\/evivatour.com\/it\/wp-json\/wp\/v2\/pages\/8394","targetHints":{"allow":["GET"]}}],"collection":[{"href":"https:\/\/evivatour.com\/it\/wp-json\/wp\/v2\/pages"}],"about":[{"href":"https:\/\/evivatour.com\/it\/wp-json\/wp\/v2\/types\/page"}],"author":[{"embeddable":true,"href":"https:\/\/evivatour.com\/it\/wp-json\/wp\/v2\/users\/1"}],"replies":[{"embeddable":true,"href":"https:\/\/evivatour.com\/it\/wp-json\/wp\/v2\/comments?post=8394"}],"version-history":[{"count":2,"href":"https:\/\/evivatour.com\/it\/wp-json\/wp\/v2\/pages\/8394\/revisions"}],"predecessor-version":[{"id":16901,"href":"https:\/\/evivatour.com\/it\/wp-json\/wp\/v2\/pages\/8394\/revisions\/16901"}],"up":[{"embeddable":true,"href":"https:\/\/evivatour.com\/it\/wp-json\/wp\/v2\/pages\/8384"}],"wp:attachment":[{"href":"https:\/\/evivatour.com\/it\/wp-json\/wp\/v2\/media?parent=8394"}],"curies":[{"name":"wp","href":"https:\/\/api.w.org\/{rel}","templated":true}]}}