{"id":8493,"date":"2021-08-24T10:52:03","date_gmt":"2021-08-24T03:52:03","guid":{"rendered":"http:\/\/evivatour.com\/?page_id=8493"},"modified":"2023-10-17T09:41:05","modified_gmt":"2023-10-17T02:41:05","slug":"il-periodo-migliore-per-visitare-il-ha-giang","status":"publish","type":"page","link":"https:\/\/evivatour.com\/it\/ha-giang\/il-periodo-migliore-per-visitare-il-ha-giang\/","title":{"rendered":"Il Periodo Migliore per Visitare il Ha Giang"},"content":{"rendered":"\t\t<div data-elementor-type=\"wp-page\" data-elementor-id=\"8493\" class=\"elementor elementor-8493\">\n\t\t\t\t\t\t<section class=\"elementor-section elementor-top-section elementor-element elementor-element-e272e1b elementor-section-stretched elementor-section-boxed elementor-section-height-default elementor-section-height-default\" data-id=\"e272e1b\" data-element_type=\"section\" data-settings=\"{&quot;stretch_section&quot;:&quot;section-stretched&quot;,&quot;background_background&quot;:&quot;classic&quot;}\">\n\t\t\t\t\t\t<div class=\"elementor-container elementor-column-gap-no\">\n\t\t\t\t\t<div class=\"elementor-column elementor-col-100 elementor-top-column elementor-element elementor-element-737bf0d\" data-id=\"737bf0d\" data-element_type=\"column\">\n\t\t\t<div class=\"elementor-widget-wrap elementor-element-populated\">\n\t\t\t\t\t\t<div class=\"elementor-element elementor-element-b831de5 elementor-widget elementor-widget-text-editor\" data-id=\"b831de5\" data-element_type=\"widget\" data-widget_type=\"text-editor.default\">\n\t\t\t\t<div class=\"elementor-widget-container\">\n\t\t\t<style>\/*! elementor - v3.20.0 - 13-03-2024 *\/\n.elementor-widget-text-editor.elementor-drop-cap-view-stacked .elementor-drop-cap{background-color:#69727d;color:#fff}.elementor-widget-text-editor.elementor-drop-cap-view-framed .elementor-drop-cap{color:#69727d;border:3px solid;background-color:transparent}.elementor-widget-text-editor:not(.elementor-drop-cap-view-default) .elementor-drop-cap{margin-top:8px}.elementor-widget-text-editor:not(.elementor-drop-cap-view-default) .elementor-drop-cap-letter{width:1em;height:1em}.elementor-widget-text-editor .elementor-drop-cap{float:left;text-align:center;line-height:1;font-size:50px}.elementor-widget-text-editor .elementor-drop-cap-letter{display:inline-block}<\/style>\t\t\t\t<nav id=\"tours\" class=\"main-nav-top with-banner\">\n<div class=\"container\">\n<div class=\"main-nav-holder\">\n<div class=\"slide-nav js-slide-hidden\">\n<ul id=\"slide-nav-ul\">\n \t<li><a href=\"https:\/\/evivatour.com\/it\/ha-giang\/\">Tour Del Ha Giang<\/a><\/li>\n \t<li><a href=\"https:\/\/evivatour.com\/it\/ha-giang\/guida-di-viaggio-del-ha-giang\/\">Guida di Viaggio del Ha Giang<\/a><\/li>\n \t<li class=\"active\"><a href=\"https:\/\/evivatour.com\/it\/ha-giang\/il-periodo-migliore-per-visitare-il-ha-giang\/\">Il Periodo Migliore per Visitare il Ha Giang<\/a><\/li>\n<\/ul>\n<\/div>\n<\/div>\n<\/div>\n<\/nav>\t\t\t\t\t\t<\/div>\n\t\t\t\t<\/div>\n\t\t\t\t\t<\/div>\n\t\t<\/div>\n\t\t\t\t\t<\/div>\n\t\t<\/section>\n\t\t\t\t<section class=\"elementor-section elementor-top-section elementor-element elementor-element-b91208b elementor-section-boxed elementor-section-height-default elementor-section-height-default\" data-id=\"b91208b\" data-element_type=\"section\">\n\t\t\t\t\t\t<div class=\"elementor-container elementor-column-gap-default\">\n\t\t\t\t\t<div class=\"elementor-column elementor-col-100 elementor-top-column elementor-element elementor-element-c39167f\" data-id=\"c39167f\" data-element_type=\"column\">\n\t\t\t<div class=\"elementor-widget-wrap elementor-element-populated\">\n\t\t\t\t\t\t<div class=\"elementor-element elementor-element-0b29a02 elementor-drop-cap-yes elementor-drop-cap-view-default elementor-widget elementor-widget-text-editor\" data-id=\"0b29a02\" data-element_type=\"widget\" data-settings=\"{&quot;drop_cap&quot;:&quot;yes&quot;}\" data-widget_type=\"text-editor.default\">\n\t\t\t\t<div class=\"elementor-widget-container\">\n\t\t\t\t\t\t\t<p>Come saprai, Ha Giang \u00e8 una provincia montuosa nel nord del Vietnam e impressiona i visitatori con la bellezza naturale e eccizionale, magnifici passi di montagna, e la cultura unica delle minoranze etniche. Desideri esplorare Ha Giang, ma ti starai chiedendo quando \u00e8 il momento migliore per visitarlo e come arrivarci? Seguici e scopri di pi\u00f9 su Ha Giang in modo da poter pianificare attentamente il tuo viaggio prima di partire.<\/p><h2>Il clima di Ha Giang &#8211; Quando \u00e8 il periodo migliore per visitare ?<\/h2><p>Ha Giang \u00e8 un luogo stupendo che si pu\u00f2 visitato tutto l\u2019anno: per\u00f2, il paesaggio naturale potrai modificare secondo ogni stagione. Ha Giang ha un clima monsonico tropicale e pu\u00f2 essere suddiviso in quattro stagioni distinte: primavera, estate, autunno e inverno. La temperatura media varia da 21,6 gradi Celsius a 23,9 gradi Celsius, con la temperatura massima che raggiunge i 40 gradi Celsius a giugno e luglio e la minima che scende a 2,2 gradi Celsius a gennaio.<\/p><p><strong>Primavera (Gennaio \u2013 Marzo)<\/strong><\/p><p>La primavera \u00e8 la stagione secca, quindi c&#8217;\u00e8 poca pioggia e molto sole. Il clima a marzo \u00e8 particolarmente gradevole, circa 15-20 gradi Celsius, che \u00e8 davvero adatto per il trekking. Tuttavia, a gennaio e febbraio fa abbastanza freddo, circa 10-15 gradi Celsius.<\/p><p>Forse questo \u00e8 il periodo migliore dell&#8217;anno per recarsi a Ha Giang, poich\u00e9 all&#8217;inizio di gennaio fiori di pesco e fiori di prugna iniziano a sbocciare ovunque. Questi fiori colorati rendono l&#8217;intera provincia ancora pi\u00f9 bella e romantica. Venendo ad Ha Giang in primavera, puoi avere la possibilit\u00e0 di assistere alle celebrazioni locali delle festivit\u00e0 del Tet, che spesso si svolgono a fine gennaio o inizio febbraio, e immergerti in festival culturali come il Buffalo Fighting Festival e il Horses Fighting Festival.<\/p><p><strong>Estate (Aprile \u2013 Agosto)<\/strong><\/p><p>Aprile ha ancora un clima piacevole con scarse precipitazioni e una temperatura media di 24 gradi Celsius durante il giorno. Se questa volta andrai ad Ha Giang, non perderti il mercato dell&#8217;amore di Khau Vai, un evento speciale che si tiene solo una volta all&#8217;anno. Questa \u00e8 un&#8217;opportunit\u00e0 per i venditori di tutta la provincia di venire a vendere i loro prodotti e per gli ex amanti di incontrarsi di nuovo. Da maggio in poi il clima diventa pi\u00f9 caldo ma ancora pi\u00f9 fresco che nelle citt\u00e0 del delta. La temperatura pu\u00f2 essere di circa 30-37 gradi Celsius. \u00c8 anche l&#8217;inizio della stagione delle piogge, quindi preparati con impermeabili o ombrelli in caso di forti acquazzoni.<\/p><p>L&#8217;estate \u00e8 il momento in cui gli agricoltori iniziano a lavorare nei campi. Gli Hmong e i Dao coltivano mais mentre i Tay irrigano le loro risaie. A giugno, Ha Giang \u00e8 per lo pi\u00f9 ricoperto dal colore verde del raccolto e della foresta.<\/p><p><strong>Autunno (settembre \u2013 ottobre)<\/strong><\/p><p>In autunno \u00e8 piuttosto mite con temperature medie di 28 e 29 gradi Celsius rispettivamente a settembre e ottobre. In questi mesi piove ancora, ma molto meno rispetto ai mesi estivi, quindi controlla attentamente il tempo per evitarlo.<br \/>Inoltre, questo \u00e8 il periodo migliore per ammirare la bellezza dei terrazzamenti di riso, visto che iniziano a virare il loro colore al giallo, pronti per essere raccolti. Assicurati di fare il check-in e scattare alcune foto di Hoang Su Phi, che ha i campi terrazzati pi\u00f9 belli del Vietnam.<\/p><p><strong>Inverno (Novembre \u2013 Dicembre)<\/strong><\/p><p>Il clima a novembre ha una temperatura mite, in media circa 24 gradi Celsius, ma la sera pu\u00f2 arrivare fino a 10 gradi Celsius. A dicembre \u00e8 fresco e asciutto, con temperature in media di 19 gradi Celsius durante il giorno e ma 5-10 gradi Celsius la sera. Pertanto, \u00e8 essenziale mettere in valigia abiti caldi per evitare il freddo.<\/p><p>L&#8217;inverno \u00e8 anche la stagione dei fiori di grano saraceno, simbolo del <a href=\"https:\/\/evivatour.com\/it\/ha-giang\/\">turismo di Ha Giang<\/a>. Questi minuscoli fiori rosa e viola sbocciano sui campi terrazzati, attirando ogni anno un gran numero di amanti dei fiori a visitare Ha Giang. Se sei fortunato, potresti avere la possibilit\u00e0 di assistere alla neve in alcune parti di Ha Giang, in particolare nel distretto di Dong Van e Meo Vac.<\/p><h2>Insomma<\/h2><p>Sopra \u00e8 la nostra esperienza del tempo ad Ha Giang e come arrivarci. Ci auguriamo che possa esserti utile quando pianifichi il tuo viaggio in questa bellissima provincia.<br \/>Se hai domande, non esitare a contattarci. Il nostro personale professionale ed esperto \u00e8 pronto a rispondere il prima possibile.<\/p>\t\t\t\t\t\t<\/div>\n\t\t\t\t<\/div>\n\t\t\t\t\t<\/div>\n\t\t<\/div>\n\t\t\t\t\t<\/div>\n\t\t<\/section>\n\t\t\t\t<section class=\"elementor-section elementor-top-section elementor-element elementor-element-f8d565b elementor-section-boxed elementor-section-height-default elementor-section-height-default\" data-id=\"f8d565b\" data-element_type=\"section\">\n\t\t\t\t\t\t<div class=\"elementor-container elementor-column-gap-default\">\n\t\t\t\t\t<div class=\"elementor-column elementor-col-100 elementor-top-column elementor-element elementor-element-7537ca5\" data-id=\"7537ca5\" data-element_type=\"column\">\n\t\t\t<div class=\"elementor-widget-wrap elementor-element-populated\">\n\t\t\t\t\t\t<div class=\"elementor-element elementor-element-8c1b243 elementor-widget-divider--view-line elementor-widget elementor-widget-divider\" data-id=\"8c1b243\" data-element_type=\"widget\" data-widget_type=\"divider.default\">\n\t\t\t\t<div class=\"elementor-widget-container\">\n\t\t\t<style>\/*! elementor - v3.20.0 - 13-03-2024 *\/\n.elementor-widget-divider{--divider-border-style:none;--divider-border-width:1px;--divider-color:#0c0d0e;--divider-icon-size:20px;--divider-element-spacing:10px;--divider-pattern-height:24px;--divider-pattern-size:20px;--divider-pattern-url:none;--divider-pattern-repeat:repeat-x}.elementor-widget-divider .elementor-divider{display:flex}.elementor-widget-divider .elementor-divider__text{font-size:15px;line-height:1;max-width:95%}.elementor-widget-divider .elementor-divider__element{margin:0 var(--divider-element-spacing);flex-shrink:0}.elementor-widget-divider .elementor-icon{font-size:var(--divider-icon-size)}.elementor-widget-divider .elementor-divider-separator{display:flex;margin:0;direction:ltr}.elementor-widget-divider--view-line_icon .elementor-divider-separator,.elementor-widget-divider--view-line_text .elementor-divider-separator{align-items:center}.elementor-widget-divider--view-line_icon .elementor-divider-separator:after,.elementor-widget-divider--view-line_icon .elementor-divider-separator:before,.elementor-widget-divider--view-line_text .elementor-divider-separator:after,.elementor-widget-divider--view-line_text .elementor-divider-separator:before{display:block;content:\"\";border-block-end:0;flex-grow:1;border-block-start:var(--divider-border-width) var(--divider-border-style) var(--divider-color)}.elementor-widget-divider--element-align-left .elementor-divider .elementor-divider-separator>.elementor-divider__svg:first-of-type{flex-grow:0;flex-shrink:100}.elementor-widget-divider--element-align-left .elementor-divider-separator:before{content:none}.elementor-widget-divider--element-align-left .elementor-divider__element{margin-left:0}.elementor-widget-divider--element-align-right .elementor-divider .elementor-divider-separator>.elementor-divider__svg:last-of-type{flex-grow:0;flex-shrink:100}.elementor-widget-divider--element-align-right .elementor-divider-separator:after{content:none}.elementor-widget-divider--element-align-right .elementor-divider__element{margin-right:0}.elementor-widget-divider--element-align-start .elementor-divider .elementor-divider-separator>.elementor-divider__svg:first-of-type{flex-grow:0;flex-shrink:100}.elementor-widget-divider--element-align-start .elementor-divider-separator:before{content:none}.elementor-widget-divider--element-align-start .elementor-divider__element{margin-inline-start:0}.elementor-widget-divider--element-align-end .elementor-divider .elementor-divider-separator>.elementor-divider__svg:last-of-type{flex-grow:0;flex-shrink:100}.elementor-widget-divider--element-align-end .elementor-divider-separator:after{content:none}.elementor-widget-divider--element-align-end .elementor-divider__element{margin-inline-end:0}.elementor-widget-divider:not(.elementor-widget-divider--view-line_text):not(.elementor-widget-divider--view-line_icon) .elementor-divider-separator{border-block-start:var(--divider-border-width) var(--divider-border-style) var(--divider-color)}.elementor-widget-divider--separator-type-pattern{--divider-border-style:none}.elementor-widget-divider--separator-type-pattern.elementor-widget-divider--view-line .elementor-divider-separator,.elementor-widget-divider--separator-type-pattern:not(.elementor-widget-divider--view-line) .elementor-divider-separator:after,.elementor-widget-divider--separator-type-pattern:not(.elementor-widget-divider--view-line) .elementor-divider-separator:before,.elementor-widget-divider--separator-type-pattern:not([class*=elementor-widget-divider--view]) .elementor-divider-separator{width:100%;min-height:var(--divider-pattern-height);-webkit-mask-size:var(--divider-pattern-size) 100%;mask-size:var(--divider-pattern-size) 100%;-webkit-mask-repeat:var(--divider-pattern-repeat);mask-repeat:var(--divider-pattern-repeat);background-color:var(--divider-color);-webkit-mask-image:var(--divider-pattern-url);mask-image:var(--divider-pattern-url)}.elementor-widget-divider--no-spacing{--divider-pattern-size:auto}.elementor-widget-divider--bg-round{--divider-pattern-repeat:round}.rtl .elementor-widget-divider .elementor-divider__text{direction:rtl}.e-con-inner>.elementor-widget-divider,.e-con>.elementor-widget-divider{width:var(--container-widget-width,100%);--flex-grow:var(--container-widget-flex-grow)}<\/style>\t\t<div class=\"elementor-divider\">\n\t\t\t<span class=\"elementor-divider-separator\">\n\t\t\t\t\t\t<\/span>\n\t\t<\/div>\n\t\t\t\t<\/div>\n\t\t\t\t<\/div>\n\t\t\t\t<div class=\"elementor-element elementor-element-1ab9ff2 elementor-widget elementor-widget-text-editor\" data-id=\"1ab9ff2\" data-element_type=\"widget\" data-widget_type=\"text-editor.default\">\n\t\t\t\t<div class=\"elementor-widget-container\">\n\t\t\t\t\t\t\t<h2>Crea il tuo viaggio su misura in Ha Giang, Vietnam<\/h2><p>In viaggio in Ha Giang? Chatta con uno specialista di viaggi locale in Ha Giang, che pu\u00f2 aiutarti a organizzare il tuo viaggio.<\/p>\t\t\t\t\t\t<\/div>\n\t\t\t\t<\/div>\n\t\t\t\t<div class=\"elementor-element elementor-element-8ed9d3c elementor-align-center elementor-widget elementor-widget-button\" data-id=\"8ed9d3c\" data-element_type=\"widget\" data-widget_type=\"button.default\">\n\t\t\t\t<div class=\"elementor-widget-container\">\n\t\t\t\t\t<div class=\"elementor-button-wrapper\">\n\t\t\t<a class=\"elementor-button elementor-button-link elementor-size-sm\" href=\"https:\/\/evivatour.com\/it\/personalizza-il-tuo-tour\/\">\n\t\t\t\t\t\t<span class=\"elementor-button-content-wrapper\">\n\t\t\t\t\t\t<span class=\"elementor-button-text\">COMINCIA QUI<\/span>\n\t\t<\/span>\n\t\t\t\t\t<\/a>\n\t\t<\/div>\n\t\t\t\t<\/div>\n\t\t\t\t<\/div>\n\t\t\t\t\t<\/div>\n\t\t<\/div>\n\t\t\t\t\t<\/div>\n\t\t<\/section>\n\t\t\t\t<\/div>\n\t\t","protected":false},"excerpt":{"rendered":"<p>Tour Del Ha Giang Guida di Viaggio del Ha Giang Il Periodo Migliore per Visitare il Ha Giang Come saprai, Ha Giang \u00e8 una provincia montuosa nel nord del Vietnam e impressiona i visitatori con la bellezza naturale e eccizionale, magnifici passi di montagna, e la cultura unica delle minoranze etniche. Desideri esplorare Ha Giang, [&hellip;]<\/p>\n","protected":false},"author":1,"featured_media":0,"parent":8467,"menu_order":0,"comment_status":"closed","ping_status":"closed","template":"","meta":{"inline_featured_image":false,"footnotes":""},"class_list":["post-8493","page","type-page","status-publish","hentry"],"yoast_head":"<!-- This site is optimized with the Yoast SEO plugin v26.9 - https:\/\/yoast.com\/product\/yoast-seo-wordpress\/ -->\n<title>Il periodo migliore per visitare Ha Giang. Quando dovreste viaggiare a Ha Giang?<\/title>\n<meta name=\"description\" content=\"Desideri esplorare Ha Giang, ti stai chiedendo quando \u00e8 il periodo migliore per visitarla e come arrivarci? Seguici e scopri di pi\u00f9 su Ha Giang.\" \/>\n<meta name=\"robots\" content=\"index, follow, max-snippet:-1, max-image-preview:large, max-video-preview:-1\" \/>\n<link rel=\"canonical\" href=\"https:\/\/evivatour.com\/it\/ha-giang\/il-periodo-migliore-per-visitare-il-ha-giang\/\" \/>\n<meta property=\"og:locale\" content=\"en_US\" \/>\n<meta property=\"og:type\" content=\"article\" \/>\n<meta property=\"og:title\" content=\"Il periodo migliore per visitare Ha Giang. Quando dovreste viaggiare a Ha Giang?\" \/>\n<meta property=\"og:description\" content=\"Desideri esplorare Ha Giang, ti stai chiedendo quando \u00e8 il periodo migliore per visitarla e come arrivarci? Seguici e scopri di pi\u00f9 su Ha Giang.\" \/>\n<meta property=\"og:url\" content=\"https:\/\/evivatour.com\/it\/ha-giang\/il-periodo-migliore-per-visitare-il-ha-giang\/\" \/>\n<meta property=\"og:site_name\" content=\"Eviva Tour\" \/>\n<meta property=\"article:modified_time\" content=\"2023-10-17T02:41:05+00:00\" \/>\n<meta name=\"twitter:card\" content=\"summary_large_image\" \/>\n<meta name=\"twitter:label1\" content=\"Est. reading time\" \/>\n\t<meta name=\"twitter:data1\" content=\"4 minutes\" \/>\n<script type=\"application\/ld+json\" class=\"yoast-schema-graph\">{\"@context\":\"https:\/\/schema.org\",\"@graph\":[{\"@type\":\"WebPage\",\"@id\":\"https:\/\/evivatour.com\/it\/ha-giang\/il-periodo-migliore-per-visitare-il-ha-giang\/\",\"url\":\"https:\/\/evivatour.com\/it\/ha-giang\/il-periodo-migliore-per-visitare-il-ha-giang\/\",\"name\":\"Il periodo migliore per visitare Ha Giang. Quando dovreste viaggiare a Ha Giang?\",\"isPartOf\":{\"@id\":\"https:\/\/evivatour.com\/it\/#website\"},\"datePublished\":\"2021-08-24T03:52:03+00:00\",\"dateModified\":\"2023-10-17T02:41:05+00:00\",\"description\":\"Desideri esplorare Ha Giang, ti stai chiedendo quando \u00e8 il periodo migliore per visitarla e come arrivarci? Seguici e scopri di pi\u00f9 su Ha Giang.\",\"breadcrumb\":{\"@id\":\"https:\/\/evivatour.com\/it\/ha-giang\/il-periodo-migliore-per-visitare-il-ha-giang\/#breadcrumb\"},\"inLanguage\":\"en-US\",\"potentialAction\":[{\"@type\":\"ReadAction\",\"target\":[\"https:\/\/evivatour.com\/it\/ha-giang\/il-periodo-migliore-per-visitare-il-ha-giang\/\"]}]},{\"@type\":\"BreadcrumbList\",\"@id\":\"https:\/\/evivatour.com\/it\/ha-giang\/il-periodo-migliore-per-visitare-il-ha-giang\/#breadcrumb\",\"itemListElement\":[{\"@type\":\"ListItem\",\"position\":1,\"name\":\"Home\",\"item\":\"https:\/\/evivatour.com\/it\/\"},{\"@type\":\"ListItem\",\"position\":2,\"name\":\"Ha Giang Tour e Viaggi 2026\",\"item\":\"https:\/\/evivatour.com\/it\/ha-giang\/\"},{\"@type\":\"ListItem\",\"position\":3,\"name\":\"Il Periodo Migliore per Visitare il Ha Giang\"}]},{\"@type\":\"WebSite\",\"@id\":\"https:\/\/evivatour.com\/it\/#website\",\"url\":\"https:\/\/evivatour.com\/it\/\",\"name\":\"Eviva Tour\",\"description\":\"Smile every mile\",\"publisher\":{\"@id\":\"https:\/\/evivatour.com\/it\/#organization\"},\"potentialAction\":[{\"@type\":\"SearchAction\",\"target\":{\"@type\":\"EntryPoint\",\"urlTemplate\":\"https:\/\/evivatour.com\/it\/?s={search_term_string}\"},\"query-input\":{\"@type\":\"PropertyValueSpecification\",\"valueRequired\":true,\"valueName\":\"search_term_string\"}}],\"inLanguage\":\"en-US\"},{\"@type\":\"Organization\",\"@id\":\"https:\/\/evivatour.com\/it\/#organization\",\"name\":\"Eviva Tour\",\"url\":\"https:\/\/evivatour.com\/it\/\",\"logo\":{\"@type\":\"ImageObject\",\"inLanguage\":\"en-US\",\"@id\":\"https:\/\/evivatour.com\/it\/#\/schema\/logo\/image\/\",\"url\":\"https:\/\/evivatour.com\/it\/wp-content\/uploads\/2021\/08\/cropped-eviva-tour-vietnam.png\",\"contentUrl\":\"https:\/\/evivatour.com\/it\/wp-content\/uploads\/2021\/08\/cropped-eviva-tour-vietnam.png\",\"width\":280,\"height\":185,\"caption\":\"Eviva Tour\"},\"image\":{\"@id\":\"https:\/\/evivatour.com\/it\/#\/schema\/logo\/image\/\"}}]}<\/script>\n<!-- \/ Yoast SEO plugin. -->","yoast_head_json":{"title":"Il periodo migliore per visitare Ha Giang. Quando dovreste viaggiare a Ha Giang?","description":"Desideri esplorare Ha Giang, ti stai chiedendo quando \u00e8 il periodo migliore per visitarla e come arrivarci? Seguici e scopri di pi\u00f9 su Ha Giang.","robots":{"index":"index","follow":"follow","max-snippet":"max-snippet:-1","max-image-preview":"max-image-preview:large","max-video-preview":"max-video-preview:-1"},"canonical":"https:\/\/evivatour.com\/it\/ha-giang\/il-periodo-migliore-per-visitare-il-ha-giang\/","og_locale":"en_US","og_type":"article","og_title":"Il periodo migliore per visitare Ha Giang. Quando dovreste viaggiare a Ha Giang?","og_description":"Desideri esplorare Ha Giang, ti stai chiedendo quando \u00e8 il periodo migliore per visitarla e come arrivarci? Seguici e scopri di pi\u00f9 su Ha Giang.","og_url":"https:\/\/evivatour.com\/it\/ha-giang\/il-periodo-migliore-per-visitare-il-ha-giang\/","og_site_name":"Eviva Tour","article_modified_time":"2023-10-17T02:41:05+00:00","twitter_card":"summary_large_image","twitter_misc":{"Est. reading time":"4 minutes"},"schema":{"@context":"https:\/\/schema.org","@graph":[{"@type":"WebPage","@id":"https:\/\/evivatour.com\/it\/ha-giang\/il-periodo-migliore-per-visitare-il-ha-giang\/","url":"https:\/\/evivatour.com\/it\/ha-giang\/il-periodo-migliore-per-visitare-il-ha-giang\/","name":"Il periodo migliore per visitare Ha Giang. Quando dovreste viaggiare a Ha Giang?","isPartOf":{"@id":"https:\/\/evivatour.com\/it\/#website"},"datePublished":"2021-08-24T03:52:03+00:00","dateModified":"2023-10-17T02:41:05+00:00","description":"Desideri esplorare Ha Giang, ti stai chiedendo quando \u00e8 il periodo migliore per visitarla e come arrivarci? Seguici e scopri di pi\u00f9 su Ha Giang.","breadcrumb":{"@id":"https:\/\/evivatour.com\/it\/ha-giang\/il-periodo-migliore-per-visitare-il-ha-giang\/#breadcrumb"},"inLanguage":"en-US","potentialAction":[{"@type":"ReadAction","target":["https:\/\/evivatour.com\/it\/ha-giang\/il-periodo-migliore-per-visitare-il-ha-giang\/"]}]},{"@type":"BreadcrumbList","@id":"https:\/\/evivatour.com\/it\/ha-giang\/il-periodo-migliore-per-visitare-il-ha-giang\/#breadcrumb","itemListElement":[{"@type":"ListItem","position":1,"name":"Home","item":"https:\/\/evivatour.com\/it\/"},{"@type":"ListItem","position":2,"name":"Ha Giang Tour e Viaggi 2026","item":"https:\/\/evivatour.com\/it\/ha-giang\/"},{"@type":"ListItem","position":3,"name":"Il Periodo Migliore per Visitare il Ha Giang"}]},{"@type":"WebSite","@id":"https:\/\/evivatour.com\/it\/#website","url":"https:\/\/evivatour.com\/it\/","name":"Eviva Tour","description":"Smile every mile","publisher":{"@id":"https:\/\/evivatour.com\/it\/#organization"},"potentialAction":[{"@type":"SearchAction","target":{"@type":"EntryPoint","urlTemplate":"https:\/\/evivatour.com\/it\/?s={search_term_string}"},"query-input":{"@type":"PropertyValueSpecification","valueRequired":true,"valueName":"search_term_string"}}],"inLanguage":"en-US"},{"@type":"Organization","@id":"https:\/\/evivatour.com\/it\/#organization","name":"Eviva Tour","url":"https:\/\/evivatour.com\/it\/","logo":{"@type":"ImageObject","inLanguage":"en-US","@id":"https:\/\/evivatour.com\/it\/#\/schema\/logo\/image\/","url":"https:\/\/evivatour.com\/it\/wp-content\/uploads\/2021\/08\/cropped-eviva-tour-vietnam.png","contentUrl":"https:\/\/evivatour.com\/it\/wp-content\/uploads\/2021\/08\/cropped-eviva-tour-vietnam.png","width":280,"height":185,"caption":"Eviva Tour"},"image":{"@id":"https:\/\/evivatour.com\/it\/#\/schema\/logo\/image\/"}}]}},"_links":{"self":[{"href":"https:\/\/evivatour.com\/it\/wp-json\/wp\/v2\/pages\/8493","targetHints":{"allow":["GET"]}}],"collection":[{"href":"https:\/\/evivatour.com\/it\/wp-json\/wp\/v2\/pages"}],"about":[{"href":"https:\/\/evivatour.com\/it\/wp-json\/wp\/v2\/types\/page"}],"author":[{"embeddable":true,"href":"https:\/\/evivatour.com\/it\/wp-json\/wp\/v2\/users\/1"}],"replies":[{"embeddable":true,"href":"https:\/\/evivatour.com\/it\/wp-json\/wp\/v2\/comments?post=8493"}],"version-history":[{"count":2,"href":"https:\/\/evivatour.com\/it\/wp-json\/wp\/v2\/pages\/8493\/revisions"}],"predecessor-version":[{"id":16925,"href":"https:\/\/evivatour.com\/it\/wp-json\/wp\/v2\/pages\/8493\/revisions\/16925"}],"up":[{"embeddable":true,"href":"https:\/\/evivatour.com\/it\/wp-json\/wp\/v2\/pages\/8467"}],"wp:attachment":[{"href":"https:\/\/evivatour.com\/it\/wp-json\/wp\/v2\/media?parent=8493"}],"curies":[{"name":"wp","href":"https:\/\/api.w.org\/{rel}","templated":true}]}}