{"id":8533,"date":"2021-08-25T13:44:40","date_gmt":"2021-08-25T06:44:40","guid":{"rendered":"https:\/\/evivatour.com\/it\/?page_id=8533"},"modified":"2023-11-10T08:56:49","modified_gmt":"2023-11-10T01:56:49","slug":"guida-di-viaggio-del-siem-reap","status":"publish","type":"page","link":"https:\/\/evivatour.com\/it\/siem-reap\/guida-di-viaggio-del-siem-reap\/","title":{"rendered":"Guida di Viaggio del Siem Reap"},"content":{"rendered":"\t\t<div data-elementor-type=\"wp-page\" data-elementor-id=\"8533\" class=\"elementor elementor-8533\">\n\t\t\t\t\t\t<section class=\"elementor-section elementor-top-section elementor-element elementor-element-c087e4e elementor-section-stretched elementor-section-boxed elementor-section-height-default elementor-section-height-default\" data-id=\"c087e4e\" data-element_type=\"section\" data-settings=\"{&quot;stretch_section&quot;:&quot;section-stretched&quot;,&quot;background_background&quot;:&quot;classic&quot;}\">\n\t\t\t\t\t\t<div class=\"elementor-container elementor-column-gap-no\">\n\t\t\t\t\t<div class=\"elementor-column elementor-col-100 elementor-top-column elementor-element elementor-element-f8233fd\" data-id=\"f8233fd\" data-element_type=\"column\">\n\t\t\t<div class=\"elementor-widget-wrap elementor-element-populated\">\n\t\t\t\t\t\t<div class=\"elementor-element elementor-element-a7a8eb3 elementor-widget elementor-widget-text-editor\" data-id=\"a7a8eb3\" data-element_type=\"widget\" data-widget_type=\"text-editor.default\">\n\t\t\t\t<div class=\"elementor-widget-container\">\n\t\t\t<style>\/*! elementor - v3.20.0 - 13-03-2024 *\/\n.elementor-widget-text-editor.elementor-drop-cap-view-stacked .elementor-drop-cap{background-color:#69727d;color:#fff}.elementor-widget-text-editor.elementor-drop-cap-view-framed .elementor-drop-cap{color:#69727d;border:3px solid;background-color:transparent}.elementor-widget-text-editor:not(.elementor-drop-cap-view-default) .elementor-drop-cap{margin-top:8px}.elementor-widget-text-editor:not(.elementor-drop-cap-view-default) .elementor-drop-cap-letter{width:1em;height:1em}.elementor-widget-text-editor .elementor-drop-cap{float:left;text-align:center;line-height:1;font-size:50px}.elementor-widget-text-editor .elementor-drop-cap-letter{display:inline-block}<\/style>\t\t\t\t<nav id=\"tours\" class=\"main-nav-top with-banner\">\n<div class=\"container\">\n<div class=\"main-nav-holder\">\n<div class=\"slide-nav js-slide-hidden\">\n<ul id=\"slide-nav-ul\">\n \t<li><a href=\"https:\/\/evivatour.com\/it\/siem-reap\/\">Tour Siem Reap<\/a><\/li>\n \t<li class=\"active\"><a href=\"https:\/\/evivatour.com\/it\/siem-reap\/guida-di-viaggio-del-siem-reap\/\">Guida di Viaggio del Siem Reap<\/a><\/li>\n \t<li><a href=\"https:\/\/evivatour.com\/it\/siem-reap\/il-periodo-migliore-per-visitare-il-siem-reap\/\">Il Periodo Migliore per Visitare il Siem Reap<\/a><\/li>\n<\/ul>\n<\/div>\n<\/div>\n<\/div>\n<\/nav>\t\t\t\t\t\t<\/div>\n\t\t\t\t<\/div>\n\t\t\t\t\t<\/div>\n\t\t<\/div>\n\t\t\t\t\t<\/div>\n\t\t<\/section>\n\t\t\t\t<section class=\"elementor-section elementor-top-section elementor-element elementor-element-07b5939 elementor-section-boxed elementor-section-height-default elementor-section-height-default\" data-id=\"07b5939\" data-element_type=\"section\">\n\t\t\t\t\t\t<div class=\"elementor-container elementor-column-gap-default\">\n\t\t\t\t\t<div class=\"elementor-column elementor-col-100 elementor-top-column elementor-element elementor-element-6e6d607\" data-id=\"6e6d607\" data-element_type=\"column\">\n\t\t\t<div class=\"elementor-widget-wrap elementor-element-populated\">\n\t\t\t\t\t\t<div class=\"elementor-element elementor-element-1f96aae elementor-drop-cap-yes elementor-drop-cap-view-default elementor-widget elementor-widget-text-editor\" data-id=\"1f96aae\" data-element_type=\"widget\" data-settings=\"{&quot;drop_cap&quot;:&quot;yes&quot;}\" data-widget_type=\"text-editor.default\">\n\t\t\t\t<div class=\"elementor-widget-container\">\n\t\t\t\t\t\t\t<p>Located in northwestern Cambodia, Siem Reap is famous for the legacy of the vast Angkor temple complex. The majestic Angkor ruins, a world-renowned World Heritage site and one of the most stunning historical sites worldwide, consist of moss-grown centuries-old temples with the incredible Angkor Wat and a lineup of other ruins, such as Beng Mealea, Bantaey Srei, and the sacred mountain Phnom Kulen.<\/p>\n\n<p>The unique charm of the province also lies in colonial and Chinese-style architecture in the Old French Quarter and around the Old Market.<\/p>\n\n<p>Whether you are historical and cultural enthusiasts, natural lovers or just look for an exotic getaway, Siem Reap is a must-go attraction to witness awesome objects displayed in museums, delicate souvenirs and handicrafts in street-side shops or explore the rustic life of the locals at Cambodian cultural village, silk farms, rice-paddy countryside, fishing villages or get close to nature at a bird sanctuary near the Tonle Sap Lake. But it is not all of the city\u2019s attractions; Siem Reap is more.<\/p>\n\n<p>From hip hotels, world-class wining and dining to sumptuous spas, there is an endless party which awaits the travelers.<\/p>\t\t\t\t\t\t<\/div>\n\t\t\t\t<\/div>\n\t\t\t\t\t<\/div>\n\t\t<\/div>\n\t\t\t\t\t<\/div>\n\t\t<\/section>\n\t\t\t\t<section class=\"elementor-section elementor-top-section elementor-element elementor-element-fa6a8b5 elementor-section-boxed elementor-section-height-default elementor-section-height-default\" data-id=\"fa6a8b5\" data-element_type=\"section\">\n\t\t\t\t\t\t<div class=\"elementor-container elementor-column-gap-default\">\n\t\t\t\t\t<div class=\"elementor-column elementor-col-100 elementor-top-column elementor-element elementor-element-d01120f\" data-id=\"d01120f\" data-element_type=\"column\">\n\t\t\t<div class=\"elementor-widget-wrap elementor-element-populated\">\n\t\t\t\t\t\t<div class=\"elementor-element elementor-element-173016e elementor-widget-divider--view-line elementor-widget elementor-widget-divider\" data-id=\"173016e\" data-element_type=\"widget\" data-widget_type=\"divider.default\">\n\t\t\t\t<div class=\"elementor-widget-container\">\n\t\t\t<style>\/*! elementor - v3.20.0 - 13-03-2024 *\/\n.elementor-widget-divider{--divider-border-style:none;--divider-border-width:1px;--divider-color:#0c0d0e;--divider-icon-size:20px;--divider-element-spacing:10px;--divider-pattern-height:24px;--divider-pattern-size:20px;--divider-pattern-url:none;--divider-pattern-repeat:repeat-x}.elementor-widget-divider .elementor-divider{display:flex}.elementor-widget-divider .elementor-divider__text{font-size:15px;line-height:1;max-width:95%}.elementor-widget-divider .elementor-divider__element{margin:0 var(--divider-element-spacing);flex-shrink:0}.elementor-widget-divider .elementor-icon{font-size:var(--divider-icon-size)}.elementor-widget-divider .elementor-divider-separator{display:flex;margin:0;direction:ltr}.elementor-widget-divider--view-line_icon .elementor-divider-separator,.elementor-widget-divider--view-line_text .elementor-divider-separator{align-items:center}.elementor-widget-divider--view-line_icon .elementor-divider-separator:after,.elementor-widget-divider--view-line_icon .elementor-divider-separator:before,.elementor-widget-divider--view-line_text .elementor-divider-separator:after,.elementor-widget-divider--view-line_text .elementor-divider-separator:before{display:block;content:\"\";border-block-end:0;flex-grow:1;border-block-start:var(--divider-border-width) var(--divider-border-style) var(--divider-color)}.elementor-widget-divider--element-align-left .elementor-divider .elementor-divider-separator>.elementor-divider__svg:first-of-type{flex-grow:0;flex-shrink:100}.elementor-widget-divider--element-align-left .elementor-divider-separator:before{content:none}.elementor-widget-divider--element-align-left .elementor-divider__element{margin-left:0}.elementor-widget-divider--element-align-right .elementor-divider .elementor-divider-separator>.elementor-divider__svg:last-of-type{flex-grow:0;flex-shrink:100}.elementor-widget-divider--element-align-right .elementor-divider-separator:after{content:none}.elementor-widget-divider--element-align-right .elementor-divider__element{margin-right:0}.elementor-widget-divider--element-align-start .elementor-divider .elementor-divider-separator>.elementor-divider__svg:first-of-type{flex-grow:0;flex-shrink:100}.elementor-widget-divider--element-align-start .elementor-divider-separator:before{content:none}.elementor-widget-divider--element-align-start .elementor-divider__element{margin-inline-start:0}.elementor-widget-divider--element-align-end .elementor-divider .elementor-divider-separator>.elementor-divider__svg:last-of-type{flex-grow:0;flex-shrink:100}.elementor-widget-divider--element-align-end .elementor-divider-separator:after{content:none}.elementor-widget-divider--element-align-end .elementor-divider__element{margin-inline-end:0}.elementor-widget-divider:not(.elementor-widget-divider--view-line_text):not(.elementor-widget-divider--view-line_icon) .elementor-divider-separator{border-block-start:var(--divider-border-width) var(--divider-border-style) var(--divider-color)}.elementor-widget-divider--separator-type-pattern{--divider-border-style:none}.elementor-widget-divider--separator-type-pattern.elementor-widget-divider--view-line .elementor-divider-separator,.elementor-widget-divider--separator-type-pattern:not(.elementor-widget-divider--view-line) .elementor-divider-separator:after,.elementor-widget-divider--separator-type-pattern:not(.elementor-widget-divider--view-line) .elementor-divider-separator:before,.elementor-widget-divider--separator-type-pattern:not([class*=elementor-widget-divider--view]) .elementor-divider-separator{width:100%;min-height:var(--divider-pattern-height);-webkit-mask-size:var(--divider-pattern-size) 100%;mask-size:var(--divider-pattern-size) 100%;-webkit-mask-repeat:var(--divider-pattern-repeat);mask-repeat:var(--divider-pattern-repeat);background-color:var(--divider-color);-webkit-mask-image:var(--divider-pattern-url);mask-image:var(--divider-pattern-url)}.elementor-widget-divider--no-spacing{--divider-pattern-size:auto}.elementor-widget-divider--bg-round{--divider-pattern-repeat:round}.rtl .elementor-widget-divider .elementor-divider__text{direction:rtl}.e-con-inner>.elementor-widget-divider,.e-con>.elementor-widget-divider{width:var(--container-widget-width,100%);--flex-grow:var(--container-widget-flex-grow)}<\/style>\t\t<div class=\"elementor-divider\">\n\t\t\t<span class=\"elementor-divider-separator\">\n\t\t\t\t\t\t<\/span>\n\t\t<\/div>\n\t\t\t\t<\/div>\n\t\t\t\t<\/div>\n\t\t\t\t<div class=\"elementor-element elementor-element-246d101 elementor-widget elementor-widget-text-editor\" data-id=\"246d101\" data-element_type=\"widget\" data-widget_type=\"text-editor.default\">\n\t\t\t\t<div class=\"elementor-widget-container\">\n\t\t\t\t\t\t\t<h2>Crea il tuo viaggio su misura in Siem Reap, Cambodia<\/h2><p>In <a href=\"https:\/\/evivatour.com\/it\/siem-reap\/\">viaggio in Siem Reap<\/a>? Chatta con uno specialista di viaggi locale in Siem Reap, che pu\u00f2 aiutarti a organizzare il tuo viaggio.<\/p>\t\t\t\t\t\t<\/div>\n\t\t\t\t<\/div>\n\t\t\t\t<div class=\"elementor-element elementor-element-65549f2 elementor-align-center elementor-widget elementor-widget-button\" data-id=\"65549f2\" data-element_type=\"widget\" data-widget_type=\"button.default\">\n\t\t\t\t<div class=\"elementor-widget-container\">\n\t\t\t\t\t<div class=\"elementor-button-wrapper\">\n\t\t\t<a class=\"elementor-button elementor-button-link elementor-size-sm\" href=\"https:\/\/evivatour.com\/it\/personalizza-il-tuo-tour\/\">\n\t\t\t\t\t\t<span class=\"elementor-button-content-wrapper\">\n\t\t\t\t\t\t<span class=\"elementor-button-text\">COMINCIA QUI<\/span>\n\t\t<\/span>\n\t\t\t\t\t<\/a>\n\t\t<\/div>\n\t\t\t\t<\/div>\n\t\t\t\t<\/div>\n\t\t\t\t\t<\/div>\n\t\t<\/div>\n\t\t\t\t\t<\/div>\n\t\t<\/section>\n\t\t\t\t<\/div>\n\t\t","protected":false},"excerpt":{"rendered":"<p>Tour Siem Reap Guida di Viaggio del Siem Reap Il Periodo Migliore per Visitare il Siem Reap Located in northwestern Cambodia, Siem Reap is famous for the legacy of the vast Angkor temple complex. The majestic Angkor ruins, a world-renowned World Heritage site and one of the most stunning historical sites worldwide, consist of moss-grown [&hellip;]<\/p>\n","protected":false},"author":1,"featured_media":0,"parent":8523,"menu_order":0,"comment_status":"closed","ping_status":"closed","template":"","meta":{"inline_featured_image":false,"footnotes":""},"class_list":["post-8533","page","type-page","status-publish","hentry"],"yoast_head":"<!-- This site is optimized with the Yoast SEO plugin v26.9 - https:\/\/yoast.com\/product\/yoast-seo-wordpress\/ -->\n<title>Itinerario di Siem Reap - Le cose da fare a Siem Reap, Cambogia<\/title>\n<meta name=\"description\" content=\"Situata nel nord-ovest della Cambogia, la provincia di Siem Reap \u00e8 un luogo da non perdere in Cambogia, in quanto \u00e8 la citt\u00e0 pi\u00f9 vicina ai templi di fama mondiale di Angkor.\" \/>\n<meta name=\"robots\" content=\"index, follow, max-snippet:-1, max-image-preview:large, max-video-preview:-1\" \/>\n<link rel=\"canonical\" href=\"https:\/\/evivatour.com\/it\/siem-reap\/guida-di-viaggio-del-siem-reap\/\" \/>\n<meta property=\"og:locale\" content=\"en_US\" \/>\n<meta property=\"og:type\" content=\"article\" \/>\n<meta property=\"og:title\" content=\"Itinerario di Siem Reap - Le cose da fare a Siem Reap, Cambogia\" \/>\n<meta property=\"og:description\" content=\"Situata nel nord-ovest della Cambogia, la provincia di Siem Reap \u00e8 un luogo da non perdere in Cambogia, in quanto \u00e8 la citt\u00e0 pi\u00f9 vicina ai templi di fama mondiale di Angkor.\" \/>\n<meta property=\"og:url\" content=\"https:\/\/evivatour.com\/it\/siem-reap\/guida-di-viaggio-del-siem-reap\/\" \/>\n<meta property=\"og:site_name\" content=\"Eviva Tour\" \/>\n<meta property=\"article:modified_time\" content=\"2023-11-10T01:56:49+00:00\" \/>\n<meta name=\"twitter:card\" content=\"summary_large_image\" \/>\n<meta name=\"twitter:label1\" content=\"Est. reading time\" \/>\n\t<meta name=\"twitter:data1\" content=\"2 minutes\" \/>\n<script type=\"application\/ld+json\" class=\"yoast-schema-graph\">{\"@context\":\"https:\/\/schema.org\",\"@graph\":[{\"@type\":\"WebPage\",\"@id\":\"https:\/\/evivatour.com\/it\/siem-reap\/guida-di-viaggio-del-siem-reap\/\",\"url\":\"https:\/\/evivatour.com\/it\/siem-reap\/guida-di-viaggio-del-siem-reap\/\",\"name\":\"Itinerario di Siem Reap - Le cose da fare a Siem Reap, Cambogia\",\"isPartOf\":{\"@id\":\"https:\/\/evivatour.com\/it\/#website\"},\"datePublished\":\"2021-08-25T06:44:40+00:00\",\"dateModified\":\"2023-11-10T01:56:49+00:00\",\"description\":\"Situata nel nord-ovest della Cambogia, la provincia di Siem Reap \u00e8 un luogo da non perdere in Cambogia, in quanto \u00e8 la citt\u00e0 pi\u00f9 vicina ai templi di fama mondiale di Angkor.\",\"breadcrumb\":{\"@id\":\"https:\/\/evivatour.com\/it\/siem-reap\/guida-di-viaggio-del-siem-reap\/#breadcrumb\"},\"inLanguage\":\"en-US\",\"potentialAction\":[{\"@type\":\"ReadAction\",\"target\":[\"https:\/\/evivatour.com\/it\/siem-reap\/guida-di-viaggio-del-siem-reap\/\"]}]},{\"@type\":\"BreadcrumbList\",\"@id\":\"https:\/\/evivatour.com\/it\/siem-reap\/guida-di-viaggio-del-siem-reap\/#breadcrumb\",\"itemListElement\":[{\"@type\":\"ListItem\",\"position\":1,\"name\":\"Home\",\"item\":\"https:\/\/evivatour.com\/it\/\"},{\"@type\":\"ListItem\",\"position\":2,\"name\":\"Siem Reap Tour e Viaggi 2026\",\"item\":\"https:\/\/evivatour.com\/it\/siem-reap\/\"},{\"@type\":\"ListItem\",\"position\":3,\"name\":\"Guida di Viaggio del Siem Reap\"}]},{\"@type\":\"WebSite\",\"@id\":\"https:\/\/evivatour.com\/it\/#website\",\"url\":\"https:\/\/evivatour.com\/it\/\",\"name\":\"Eviva Tour\",\"description\":\"Smile every mile\",\"publisher\":{\"@id\":\"https:\/\/evivatour.com\/it\/#organization\"},\"potentialAction\":[{\"@type\":\"SearchAction\",\"target\":{\"@type\":\"EntryPoint\",\"urlTemplate\":\"https:\/\/evivatour.com\/it\/?s={search_term_string}\"},\"query-input\":{\"@type\":\"PropertyValueSpecification\",\"valueRequired\":true,\"valueName\":\"search_term_string\"}}],\"inLanguage\":\"en-US\"},{\"@type\":\"Organization\",\"@id\":\"https:\/\/evivatour.com\/it\/#organization\",\"name\":\"Eviva Tour\",\"url\":\"https:\/\/evivatour.com\/it\/\",\"logo\":{\"@type\":\"ImageObject\",\"inLanguage\":\"en-US\",\"@id\":\"https:\/\/evivatour.com\/it\/#\/schema\/logo\/image\/\",\"url\":\"https:\/\/evivatour.com\/it\/wp-content\/uploads\/2021\/08\/cropped-eviva-tour-vietnam.png\",\"contentUrl\":\"https:\/\/evivatour.com\/it\/wp-content\/uploads\/2021\/08\/cropped-eviva-tour-vietnam.png\",\"width\":280,\"height\":185,\"caption\":\"Eviva Tour\"},\"image\":{\"@id\":\"https:\/\/evivatour.com\/it\/#\/schema\/logo\/image\/\"}}]}<\/script>\n<!-- \/ Yoast SEO plugin. -->","yoast_head_json":{"title":"Itinerario di Siem Reap - Le cose da fare a Siem Reap, Cambogia","description":"Situata nel nord-ovest della Cambogia, la provincia di Siem Reap \u00e8 un luogo da non perdere in Cambogia, in quanto \u00e8 la citt\u00e0 pi\u00f9 vicina ai templi di fama mondiale di Angkor.","robots":{"index":"index","follow":"follow","max-snippet":"max-snippet:-1","max-image-preview":"max-image-preview:large","max-video-preview":"max-video-preview:-1"},"canonical":"https:\/\/evivatour.com\/it\/siem-reap\/guida-di-viaggio-del-siem-reap\/","og_locale":"en_US","og_type":"article","og_title":"Itinerario di Siem Reap - Le cose da fare a Siem Reap, Cambogia","og_description":"Situata nel nord-ovest della Cambogia, la provincia di Siem Reap \u00e8 un luogo da non perdere in Cambogia, in quanto \u00e8 la citt\u00e0 pi\u00f9 vicina ai templi di fama mondiale di Angkor.","og_url":"https:\/\/evivatour.com\/it\/siem-reap\/guida-di-viaggio-del-siem-reap\/","og_site_name":"Eviva Tour","article_modified_time":"2023-11-10T01:56:49+00:00","twitter_card":"summary_large_image","twitter_misc":{"Est. reading time":"2 minutes"},"schema":{"@context":"https:\/\/schema.org","@graph":[{"@type":"WebPage","@id":"https:\/\/evivatour.com\/it\/siem-reap\/guida-di-viaggio-del-siem-reap\/","url":"https:\/\/evivatour.com\/it\/siem-reap\/guida-di-viaggio-del-siem-reap\/","name":"Itinerario di Siem Reap - Le cose da fare a Siem Reap, Cambogia","isPartOf":{"@id":"https:\/\/evivatour.com\/it\/#website"},"datePublished":"2021-08-25T06:44:40+00:00","dateModified":"2023-11-10T01:56:49+00:00","description":"Situata nel nord-ovest della Cambogia, la provincia di Siem Reap \u00e8 un luogo da non perdere in Cambogia, in quanto \u00e8 la citt\u00e0 pi\u00f9 vicina ai templi di fama mondiale di Angkor.","breadcrumb":{"@id":"https:\/\/evivatour.com\/it\/siem-reap\/guida-di-viaggio-del-siem-reap\/#breadcrumb"},"inLanguage":"en-US","potentialAction":[{"@type":"ReadAction","target":["https:\/\/evivatour.com\/it\/siem-reap\/guida-di-viaggio-del-siem-reap\/"]}]},{"@type":"BreadcrumbList","@id":"https:\/\/evivatour.com\/it\/siem-reap\/guida-di-viaggio-del-siem-reap\/#breadcrumb","itemListElement":[{"@type":"ListItem","position":1,"name":"Home","item":"https:\/\/evivatour.com\/it\/"},{"@type":"ListItem","position":2,"name":"Siem Reap Tour e Viaggi 2026","item":"https:\/\/evivatour.com\/it\/siem-reap\/"},{"@type":"ListItem","position":3,"name":"Guida di Viaggio del Siem Reap"}]},{"@type":"WebSite","@id":"https:\/\/evivatour.com\/it\/#website","url":"https:\/\/evivatour.com\/it\/","name":"Eviva Tour","description":"Smile every mile","publisher":{"@id":"https:\/\/evivatour.com\/it\/#organization"},"potentialAction":[{"@type":"SearchAction","target":{"@type":"EntryPoint","urlTemplate":"https:\/\/evivatour.com\/it\/?s={search_term_string}"},"query-input":{"@type":"PropertyValueSpecification","valueRequired":true,"valueName":"search_term_string"}}],"inLanguage":"en-US"},{"@type":"Organization","@id":"https:\/\/evivatour.com\/it\/#organization","name":"Eviva Tour","url":"https:\/\/evivatour.com\/it\/","logo":{"@type":"ImageObject","inLanguage":"en-US","@id":"https:\/\/evivatour.com\/it\/#\/schema\/logo\/image\/","url":"https:\/\/evivatour.com\/it\/wp-content\/uploads\/2021\/08\/cropped-eviva-tour-vietnam.png","contentUrl":"https:\/\/evivatour.com\/it\/wp-content\/uploads\/2021\/08\/cropped-eviva-tour-vietnam.png","width":280,"height":185,"caption":"Eviva Tour"},"image":{"@id":"https:\/\/evivatour.com\/it\/#\/schema\/logo\/image\/"}}]}},"_links":{"self":[{"href":"https:\/\/evivatour.com\/it\/wp-json\/wp\/v2\/pages\/8533","targetHints":{"allow":["GET"]}}],"collection":[{"href":"https:\/\/evivatour.com\/it\/wp-json\/wp\/v2\/pages"}],"about":[{"href":"https:\/\/evivatour.com\/it\/wp-json\/wp\/v2\/types\/page"}],"author":[{"embeddable":true,"href":"https:\/\/evivatour.com\/it\/wp-json\/wp\/v2\/users\/1"}],"replies":[{"embeddable":true,"href":"https:\/\/evivatour.com\/it\/wp-json\/wp\/v2\/comments?post=8533"}],"version-history":[{"count":2,"href":"https:\/\/evivatour.com\/it\/wp-json\/wp\/v2\/pages\/8533\/revisions"}],"predecessor-version":[{"id":17171,"href":"https:\/\/evivatour.com\/it\/wp-json\/wp\/v2\/pages\/8533\/revisions\/17171"}],"up":[{"embeddable":true,"href":"https:\/\/evivatour.com\/it\/wp-json\/wp\/v2\/pages\/8523"}],"wp:attachment":[{"href":"https:\/\/evivatour.com\/it\/wp-json\/wp\/v2\/media?parent=8533"}],"curies":[{"name":"wp","href":"https:\/\/api.w.org\/{rel}","templated":true}]}}