{"id":8671,"date":"2021-08-25T17:04:09","date_gmt":"2021-08-25T10:04:09","guid":{"rendered":"https:\/\/evivatour.com\/it\/?page_id=8671"},"modified":"2023-10-17T09:55:03","modified_gmt":"2023-10-17T02:55:03","slug":"il-periodo-migliore-per-visitare-il-luang-prabang","status":"publish","type":"page","link":"https:\/\/evivatour.com\/it\/luang-prabang\/il-periodo-migliore-per-visitare-il-luang-prabang\/","title":{"rendered":"Il Periodo Migliore per Visitare il Luang Prabang"},"content":{"rendered":"\t\t<div data-elementor-type=\"wp-page\" data-elementor-id=\"8671\" class=\"elementor elementor-8671\">\n\t\t\t\t\t\t<section class=\"elementor-section elementor-top-section elementor-element elementor-element-e272e1b elementor-section-stretched elementor-section-boxed elementor-section-height-default elementor-section-height-default\" data-id=\"e272e1b\" data-element_type=\"section\" data-settings=\"{&quot;stretch_section&quot;:&quot;section-stretched&quot;,&quot;background_background&quot;:&quot;classic&quot;}\">\n\t\t\t\t\t\t<div class=\"elementor-container elementor-column-gap-no\">\n\t\t\t\t\t<div class=\"elementor-column elementor-col-100 elementor-top-column elementor-element elementor-element-737bf0d\" data-id=\"737bf0d\" data-element_type=\"column\">\n\t\t\t<div class=\"elementor-widget-wrap elementor-element-populated\">\n\t\t\t\t\t\t<div class=\"elementor-element elementor-element-b831de5 elementor-widget elementor-widget-text-editor\" data-id=\"b831de5\" data-element_type=\"widget\" data-widget_type=\"text-editor.default\">\n\t\t\t\t<div class=\"elementor-widget-container\">\n\t\t\t<style>\/*! elementor - v3.20.0 - 13-03-2024 *\/\n.elementor-widget-text-editor.elementor-drop-cap-view-stacked .elementor-drop-cap{background-color:#69727d;color:#fff}.elementor-widget-text-editor.elementor-drop-cap-view-framed .elementor-drop-cap{color:#69727d;border:3px solid;background-color:transparent}.elementor-widget-text-editor:not(.elementor-drop-cap-view-default) .elementor-drop-cap{margin-top:8px}.elementor-widget-text-editor:not(.elementor-drop-cap-view-default) .elementor-drop-cap-letter{width:1em;height:1em}.elementor-widget-text-editor .elementor-drop-cap{float:left;text-align:center;line-height:1;font-size:50px}.elementor-widget-text-editor .elementor-drop-cap-letter{display:inline-block}<\/style>\t\t\t\t<nav id=\"tours\" class=\"main-nav-top with-banner\">\n<div class=\"container\">\n<div class=\"main-nav-holder\">\n<div class=\"slide-nav js-slide-hidden\">\n<ul id=\"slide-nav-ul\">\n \t<li><a href=\"https:\/\/evivatour.com\/it\/luang-prabang\/\">Tour Luang Prabang<\/a><\/li>\n \t<li><a href=\"https:\/\/evivatour.com\/it\/luang-prabang\/guida-di-viaggio-del-luang-prabang\/\">Guida di Viaggio del Luang Prabang<\/a><\/li>\n \t<li class=\"active\"><a href=\"https:\/\/evivatour.com\/it\/luang-prabang\/il-periodo-migliore-per-visitare-il-luang-prabang\/\">Il Periodo Migliore per Visitare il Luang Prabang<\/a><\/li>\n<\/ul>\n<\/div>\n<\/div>\n<\/div>\n<\/nav>\t\t\t\t\t\t<\/div>\n\t\t\t\t<\/div>\n\t\t\t\t\t<\/div>\n\t\t<\/div>\n\t\t\t\t\t<\/div>\n\t\t<\/section>\n\t\t\t\t<section class=\"elementor-section elementor-top-section elementor-element elementor-element-b91208b elementor-section-boxed elementor-section-height-default elementor-section-height-default\" data-id=\"b91208b\" data-element_type=\"section\">\n\t\t\t\t\t\t<div class=\"elementor-container elementor-column-gap-default\">\n\t\t\t\t\t<div class=\"elementor-column elementor-col-100 elementor-top-column elementor-element elementor-element-c39167f\" data-id=\"c39167f\" data-element_type=\"column\">\n\t\t\t<div class=\"elementor-widget-wrap elementor-element-populated\">\n\t\t\t\t\t\t<div class=\"elementor-element elementor-element-0b29a02 elementor-widget elementor-widget-text-editor\" data-id=\"0b29a02\" data-element_type=\"widget\" data-widget_type=\"text-editor.default\">\n\t\t\t\t<div class=\"elementor-widget-container\">\n\t\t\t\t\t\t\t<p>Dal momento che Luang Prabang \u00e8 attualmente una delle destinazioni pi\u00f9 attraenti del sud-est asiatico, molti visitatori hanno cercato la risposta alla domanda sul &#8220;periodo migliore per visitare Luang Prabang&#8221;. Luang Prabang ha una bellezza rustica, semplice e antica, che dona alle persone un incredibile senso di pace. In precedenza, Luang Prabang era la capitale del Laos, ecco perch\u00e9 oggi, in questa citt\u00e0, ci sono ancora molte antiche reliquie e opere architettoniche. Nel 1995, l&#8217;UNESCO ha anche riconosciuto Luang Prabang come patrimonio culturale immateriale del mondo.<\/p><h2>Panoramica del clima di Luang Prabang<\/h2><p>Luang Prabang \u00e8 situato nella provinca settrionale di Laos. Questa citt\u00e0 ha climate tropcale monsonico ed \u00e8 circondato dalla giungla, attraversato dal fiume Mekong. Con temperature che vanno da 15 gradi Celsius a 38 gradi Celsius, la citt\u00e0 ha un clima mite tutto l&#8217;anno. Luang Prabang vive le stagioni secche e umide, con ogni stagione qui che ha la sua bellezza unica.<\/p><p><strong>La stagione secca: da Novembre a Aprile<\/strong><\/p><p>Luang Prabang dura la stagione secca da novembre ad aprile. Le temperature variano in media da 15 gradi Celsius a 27 gradi Celsius. Grazie all&#8217;aria completamente fresca e fresca fornita da questi mesi, la stagione secca attira molti viaggiatori in citt\u00e0, con l&#8217;alta stagione da novembre a febbraio. Tuttavia, a marzo e aprile, il fumo dei contadini che hanno dato fuoco ai resti delle risaie potrebbe creare disagio durante questi mesi.<\/p><p><strong>La stagione delle pioggie: Maggio a Ottobre<\/strong><\/p><p>La stagione delle piogge a Luang Prabang dura da maggio a ottobre. Durante questa stagione, le temperature medie variano da 24 gradi Celsius a 33 gradi Celsius. Luang Prabang, come molte citt\u00e0 tropicali del sud-est asiatico, subisce piogge giornaliere che durano alcune ore. Nonostante il fatto che le precipitazioni siano distribuite uniformemente durante questi mesi, agosto potrebbe ricevere la maggior parte delle piogge. Durante questo periodo di tempo diventano comuni le frane, che possono causare ritardi nel trasporto via terra. Pertanto, questa non \u00e8 probabilmente una condizione adatta per le attivit\u00e0 all&#8217;aperto.<\/p><p><strong>Temperatura media di Luang Prabang per mesi<\/strong><\/p><p>Per un&#8217;idea migliore del tempo nell&#8217;ex capitale del Laos, dai un&#8217;occhiata pi\u00f9 da vicino all&#8217;elenco delle temperature medie mensili a Luang Prabang che abbiamo sviluppato di seguito.<\/p><h2>Il periodo migliore per visitare Luang Prabang<\/h2><p>Il periodo migliore per visitare Luang Prabang \u00e8 tra Novembre e Marzo quando il clima \u00e8 secca e la temperatura media \u00e8 piacevole. Pu\u00f2 anche essere affollato, soprattutto a gennaio e durante i festival, quindi pianifica in anticipo se visiti in questo periodo.<\/p><h2>Insomma<\/h2><p>Speriamo che tutte le informazione previsto nell\u2019articolo siano utile e ti diano un panoramica del periodo migliore per visitare Luang Prabang e cosa godersi in Luang Prabang. Tutto lascer\u00e0 un&#8217;impressione cos\u00ec profonda nella tua mente che a volte potresti sentire come se quello che succede l\u00ec sia come un sogno. Ti auguro un viaggio felice e memorabile!<\/p>\t\t\t\t\t\t<\/div>\n\t\t\t\t<\/div>\n\t\t\t\t\t<\/div>\n\t\t<\/div>\n\t\t\t\t\t<\/div>\n\t\t<\/section>\n\t\t\t\t<section class=\"elementor-section elementor-top-section elementor-element elementor-element-f8d565b elementor-section-boxed elementor-section-height-default elementor-section-height-default\" data-id=\"f8d565b\" data-element_type=\"section\">\n\t\t\t\t\t\t<div class=\"elementor-container elementor-column-gap-default\">\n\t\t\t\t\t<div class=\"elementor-column elementor-col-100 elementor-top-column elementor-element elementor-element-7537ca5\" data-id=\"7537ca5\" data-element_type=\"column\">\n\t\t\t<div class=\"elementor-widget-wrap elementor-element-populated\">\n\t\t\t\t\t\t<div class=\"elementor-element elementor-element-8c1b243 elementor-widget-divider--view-line elementor-widget elementor-widget-divider\" data-id=\"8c1b243\" data-element_type=\"widget\" data-widget_type=\"divider.default\">\n\t\t\t\t<div class=\"elementor-widget-container\">\n\t\t\t<style>\/*! elementor - v3.20.0 - 13-03-2024 *\/\n.elementor-widget-divider{--divider-border-style:none;--divider-border-width:1px;--divider-color:#0c0d0e;--divider-icon-size:20px;--divider-element-spacing:10px;--divider-pattern-height:24px;--divider-pattern-size:20px;--divider-pattern-url:none;--divider-pattern-repeat:repeat-x}.elementor-widget-divider .elementor-divider{display:flex}.elementor-widget-divider .elementor-divider__text{font-size:15px;line-height:1;max-width:95%}.elementor-widget-divider .elementor-divider__element{margin:0 var(--divider-element-spacing);flex-shrink:0}.elementor-widget-divider .elementor-icon{font-size:var(--divider-icon-size)}.elementor-widget-divider .elementor-divider-separator{display:flex;margin:0;direction:ltr}.elementor-widget-divider--view-line_icon .elementor-divider-separator,.elementor-widget-divider--view-line_text .elementor-divider-separator{align-items:center}.elementor-widget-divider--view-line_icon .elementor-divider-separator:after,.elementor-widget-divider--view-line_icon .elementor-divider-separator:before,.elementor-widget-divider--view-line_text .elementor-divider-separator:after,.elementor-widget-divider--view-line_text .elementor-divider-separator:before{display:block;content:\"\";border-block-end:0;flex-grow:1;border-block-start:var(--divider-border-width) var(--divider-border-style) var(--divider-color)}.elementor-widget-divider--element-align-left .elementor-divider .elementor-divider-separator>.elementor-divider__svg:first-of-type{flex-grow:0;flex-shrink:100}.elementor-widget-divider--element-align-left .elementor-divider-separator:before{content:none}.elementor-widget-divider--element-align-left .elementor-divider__element{margin-left:0}.elementor-widget-divider--element-align-right .elementor-divider .elementor-divider-separator>.elementor-divider__svg:last-of-type{flex-grow:0;flex-shrink:100}.elementor-widget-divider--element-align-right .elementor-divider-separator:after{content:none}.elementor-widget-divider--element-align-right .elementor-divider__element{margin-right:0}.elementor-widget-divider--element-align-start .elementor-divider .elementor-divider-separator>.elementor-divider__svg:first-of-type{flex-grow:0;flex-shrink:100}.elementor-widget-divider--element-align-start .elementor-divider-separator:before{content:none}.elementor-widget-divider--element-align-start .elementor-divider__element{margin-inline-start:0}.elementor-widget-divider--element-align-end .elementor-divider .elementor-divider-separator>.elementor-divider__svg:last-of-type{flex-grow:0;flex-shrink:100}.elementor-widget-divider--element-align-end .elementor-divider-separator:after{content:none}.elementor-widget-divider--element-align-end .elementor-divider__element{margin-inline-end:0}.elementor-widget-divider:not(.elementor-widget-divider--view-line_text):not(.elementor-widget-divider--view-line_icon) .elementor-divider-separator{border-block-start:var(--divider-border-width) var(--divider-border-style) var(--divider-color)}.elementor-widget-divider--separator-type-pattern{--divider-border-style:none}.elementor-widget-divider--separator-type-pattern.elementor-widget-divider--view-line .elementor-divider-separator,.elementor-widget-divider--separator-type-pattern:not(.elementor-widget-divider--view-line) .elementor-divider-separator:after,.elementor-widget-divider--separator-type-pattern:not(.elementor-widget-divider--view-line) .elementor-divider-separator:before,.elementor-widget-divider--separator-type-pattern:not([class*=elementor-widget-divider--view]) .elementor-divider-separator{width:100%;min-height:var(--divider-pattern-height);-webkit-mask-size:var(--divider-pattern-size) 100%;mask-size:var(--divider-pattern-size) 100%;-webkit-mask-repeat:var(--divider-pattern-repeat);mask-repeat:var(--divider-pattern-repeat);background-color:var(--divider-color);-webkit-mask-image:var(--divider-pattern-url);mask-image:var(--divider-pattern-url)}.elementor-widget-divider--no-spacing{--divider-pattern-size:auto}.elementor-widget-divider--bg-round{--divider-pattern-repeat:round}.rtl .elementor-widget-divider .elementor-divider__text{direction:rtl}.e-con-inner>.elementor-widget-divider,.e-con>.elementor-widget-divider{width:var(--container-widget-width,100%);--flex-grow:var(--container-widget-flex-grow)}<\/style>\t\t<div class=\"elementor-divider\">\n\t\t\t<span class=\"elementor-divider-separator\">\n\t\t\t\t\t\t<\/span>\n\t\t<\/div>\n\t\t\t\t<\/div>\n\t\t\t\t<\/div>\n\t\t\t\t<div class=\"elementor-element elementor-element-1ab9ff2 elementor-widget elementor-widget-text-editor\" data-id=\"1ab9ff2\" data-element_type=\"widget\" data-widget_type=\"text-editor.default\">\n\t\t\t\t<div class=\"elementor-widget-container\">\n\t\t\t\t\t\t\t<h2>Crea il tuo viaggio su misura in Luang Prabang, Laos<\/h2><p>In viaggio in Luang Prabang? Chatta con uno specialista di viaggi locale in Luang Prabang, che pu\u00f2 aiutarti a organizzare il tuo viaggio.<\/p>\t\t\t\t\t\t<\/div>\n\t\t\t\t<\/div>\n\t\t\t\t<div class=\"elementor-element elementor-element-8ed9d3c elementor-align-center elementor-widget elementor-widget-button\" data-id=\"8ed9d3c\" data-element_type=\"widget\" data-widget_type=\"button.default\">\n\t\t\t\t<div class=\"elementor-widget-container\">\n\t\t\t\t\t<div class=\"elementor-button-wrapper\">\n\t\t\t<a class=\"elementor-button elementor-button-link elementor-size-sm\" href=\"https:\/\/evivatour.com\/it\/personalizza-il-tuo-tour\/\">\n\t\t\t\t\t\t<span class=\"elementor-button-content-wrapper\">\n\t\t\t\t\t\t<span class=\"elementor-button-text\">COMINCIA QUI<\/span>\n\t\t<\/span>\n\t\t\t\t\t<\/a>\n\t\t<\/div>\n\t\t\t\t<\/div>\n\t\t\t\t<\/div>\n\t\t\t\t\t<\/div>\n\t\t<\/div>\n\t\t\t\t\t<\/div>\n\t\t<\/section>\n\t\t\t\t<\/div>\n\t\t","protected":false},"excerpt":{"rendered":"<p>Tour Luang Prabang Guida di Viaggio del Luang Prabang Il Periodo Migliore per Visitare il Luang Prabang Dal momento che Luang Prabang \u00e8 attualmente una delle destinazioni pi\u00f9 attraenti del sud-est asiatico, molti visitatori hanno cercato la risposta alla domanda sul &#8220;periodo migliore per visitare Luang Prabang&#8221;. Luang Prabang ha una bellezza rustica, semplice e [&hellip;]<\/p>\n","protected":false},"author":1,"featured_media":0,"parent":8663,"menu_order":0,"comment_status":"closed","ping_status":"closed","template":"","meta":{"inline_featured_image":false,"footnotes":""},"class_list":["post-8671","page","type-page","status-publish","hentry"],"yoast_head":"<!-- This site is optimized with the Yoast SEO plugin v26.9 - https:\/\/yoast.com\/product\/yoast-seo-wordpress\/ -->\n<title>Il periodo migliore per visitare Luang Prabang, Laos<\/title>\n<meta name=\"description\" content=\"Questo titolo sar\u00e0 sicuramente utile per te se stai cercando di capire il momento migliore per visitare Luang Prabang, Laos!\" \/>\n<meta name=\"robots\" content=\"index, follow, max-snippet:-1, max-image-preview:large, max-video-preview:-1\" \/>\n<link rel=\"canonical\" href=\"https:\/\/evivatour.com\/it\/luang-prabang\/il-periodo-migliore-per-visitare-il-luang-prabang\/\" \/>\n<meta property=\"og:locale\" content=\"en_US\" \/>\n<meta property=\"og:type\" content=\"article\" \/>\n<meta property=\"og:title\" content=\"Il periodo migliore per visitare Luang Prabang, Laos\" \/>\n<meta property=\"og:description\" content=\"Questo titolo sar\u00e0 sicuramente utile per te se stai cercando di capire il momento migliore per visitare Luang Prabang, Laos!\" \/>\n<meta property=\"og:url\" content=\"https:\/\/evivatour.com\/it\/luang-prabang\/il-periodo-migliore-per-visitare-il-luang-prabang\/\" \/>\n<meta property=\"og:site_name\" content=\"Eviva Tour\" \/>\n<meta property=\"article:modified_time\" content=\"2023-10-17T02:55:03+00:00\" \/>\n<meta name=\"twitter:card\" content=\"summary_large_image\" \/>\n<meta name=\"twitter:label1\" content=\"Est. reading time\" \/>\n\t<meta name=\"twitter:data1\" content=\"3 minutes\" \/>\n<script type=\"application\/ld+json\" class=\"yoast-schema-graph\">{\"@context\":\"https:\/\/schema.org\",\"@graph\":[{\"@type\":\"WebPage\",\"@id\":\"https:\/\/evivatour.com\/it\/luang-prabang\/il-periodo-migliore-per-visitare-il-luang-prabang\/\",\"url\":\"https:\/\/evivatour.com\/it\/luang-prabang\/il-periodo-migliore-per-visitare-il-luang-prabang\/\",\"name\":\"Il periodo migliore per visitare Luang Prabang, Laos\",\"isPartOf\":{\"@id\":\"https:\/\/evivatour.com\/it\/#website\"},\"datePublished\":\"2021-08-25T10:04:09+00:00\",\"dateModified\":\"2023-10-17T02:55:03+00:00\",\"description\":\"Questo titolo sar\u00e0 sicuramente utile per te se stai cercando di capire il momento migliore per visitare Luang Prabang, Laos!\",\"breadcrumb\":{\"@id\":\"https:\/\/evivatour.com\/it\/luang-prabang\/il-periodo-migliore-per-visitare-il-luang-prabang\/#breadcrumb\"},\"inLanguage\":\"en-US\",\"potentialAction\":[{\"@type\":\"ReadAction\",\"target\":[\"https:\/\/evivatour.com\/it\/luang-prabang\/il-periodo-migliore-per-visitare-il-luang-prabang\/\"]}]},{\"@type\":\"BreadcrumbList\",\"@id\":\"https:\/\/evivatour.com\/it\/luang-prabang\/il-periodo-migliore-per-visitare-il-luang-prabang\/#breadcrumb\",\"itemListElement\":[{\"@type\":\"ListItem\",\"position\":1,\"name\":\"Home\",\"item\":\"https:\/\/evivatour.com\/it\/\"},{\"@type\":\"ListItem\",\"position\":2,\"name\":\"Luang Prabang Tour e Viaggi 2026\",\"item\":\"https:\/\/evivatour.com\/it\/luang-prabang\/\"},{\"@type\":\"ListItem\",\"position\":3,\"name\":\"Il Periodo Migliore per Visitare il Luang Prabang\"}]},{\"@type\":\"WebSite\",\"@id\":\"https:\/\/evivatour.com\/it\/#website\",\"url\":\"https:\/\/evivatour.com\/it\/\",\"name\":\"Eviva Tour\",\"description\":\"Smile every mile\",\"publisher\":{\"@id\":\"https:\/\/evivatour.com\/it\/#organization\"},\"potentialAction\":[{\"@type\":\"SearchAction\",\"target\":{\"@type\":\"EntryPoint\",\"urlTemplate\":\"https:\/\/evivatour.com\/it\/?s={search_term_string}\"},\"query-input\":{\"@type\":\"PropertyValueSpecification\",\"valueRequired\":true,\"valueName\":\"search_term_string\"}}],\"inLanguage\":\"en-US\"},{\"@type\":\"Organization\",\"@id\":\"https:\/\/evivatour.com\/it\/#organization\",\"name\":\"Eviva Tour\",\"url\":\"https:\/\/evivatour.com\/it\/\",\"logo\":{\"@type\":\"ImageObject\",\"inLanguage\":\"en-US\",\"@id\":\"https:\/\/evivatour.com\/it\/#\/schema\/logo\/image\/\",\"url\":\"https:\/\/evivatour.com\/it\/wp-content\/uploads\/2021\/08\/cropped-eviva-tour-vietnam.png\",\"contentUrl\":\"https:\/\/evivatour.com\/it\/wp-content\/uploads\/2021\/08\/cropped-eviva-tour-vietnam.png\",\"width\":280,\"height\":185,\"caption\":\"Eviva Tour\"},\"image\":{\"@id\":\"https:\/\/evivatour.com\/it\/#\/schema\/logo\/image\/\"}}]}<\/script>\n<!-- \/ Yoast SEO plugin. -->","yoast_head_json":{"title":"Il periodo migliore per visitare Luang Prabang, Laos","description":"Questo titolo sar\u00e0 sicuramente utile per te se stai cercando di capire il momento migliore per visitare Luang Prabang, Laos!","robots":{"index":"index","follow":"follow","max-snippet":"max-snippet:-1","max-image-preview":"max-image-preview:large","max-video-preview":"max-video-preview:-1"},"canonical":"https:\/\/evivatour.com\/it\/luang-prabang\/il-periodo-migliore-per-visitare-il-luang-prabang\/","og_locale":"en_US","og_type":"article","og_title":"Il periodo migliore per visitare Luang Prabang, Laos","og_description":"Questo titolo sar\u00e0 sicuramente utile per te se stai cercando di capire il momento migliore per visitare Luang Prabang, Laos!","og_url":"https:\/\/evivatour.com\/it\/luang-prabang\/il-periodo-migliore-per-visitare-il-luang-prabang\/","og_site_name":"Eviva Tour","article_modified_time":"2023-10-17T02:55:03+00:00","twitter_card":"summary_large_image","twitter_misc":{"Est. reading time":"3 minutes"},"schema":{"@context":"https:\/\/schema.org","@graph":[{"@type":"WebPage","@id":"https:\/\/evivatour.com\/it\/luang-prabang\/il-periodo-migliore-per-visitare-il-luang-prabang\/","url":"https:\/\/evivatour.com\/it\/luang-prabang\/il-periodo-migliore-per-visitare-il-luang-prabang\/","name":"Il periodo migliore per visitare Luang Prabang, Laos","isPartOf":{"@id":"https:\/\/evivatour.com\/it\/#website"},"datePublished":"2021-08-25T10:04:09+00:00","dateModified":"2023-10-17T02:55:03+00:00","description":"Questo titolo sar\u00e0 sicuramente utile per te se stai cercando di capire il momento migliore per visitare Luang Prabang, Laos!","breadcrumb":{"@id":"https:\/\/evivatour.com\/it\/luang-prabang\/il-periodo-migliore-per-visitare-il-luang-prabang\/#breadcrumb"},"inLanguage":"en-US","potentialAction":[{"@type":"ReadAction","target":["https:\/\/evivatour.com\/it\/luang-prabang\/il-periodo-migliore-per-visitare-il-luang-prabang\/"]}]},{"@type":"BreadcrumbList","@id":"https:\/\/evivatour.com\/it\/luang-prabang\/il-periodo-migliore-per-visitare-il-luang-prabang\/#breadcrumb","itemListElement":[{"@type":"ListItem","position":1,"name":"Home","item":"https:\/\/evivatour.com\/it\/"},{"@type":"ListItem","position":2,"name":"Luang Prabang Tour e Viaggi 2026","item":"https:\/\/evivatour.com\/it\/luang-prabang\/"},{"@type":"ListItem","position":3,"name":"Il Periodo Migliore per Visitare il Luang Prabang"}]},{"@type":"WebSite","@id":"https:\/\/evivatour.com\/it\/#website","url":"https:\/\/evivatour.com\/it\/","name":"Eviva Tour","description":"Smile every mile","publisher":{"@id":"https:\/\/evivatour.com\/it\/#organization"},"potentialAction":[{"@type":"SearchAction","target":{"@type":"EntryPoint","urlTemplate":"https:\/\/evivatour.com\/it\/?s={search_term_string}"},"query-input":{"@type":"PropertyValueSpecification","valueRequired":true,"valueName":"search_term_string"}}],"inLanguage":"en-US"},{"@type":"Organization","@id":"https:\/\/evivatour.com\/it\/#organization","name":"Eviva Tour","url":"https:\/\/evivatour.com\/it\/","logo":{"@type":"ImageObject","inLanguage":"en-US","@id":"https:\/\/evivatour.com\/it\/#\/schema\/logo\/image\/","url":"https:\/\/evivatour.com\/it\/wp-content\/uploads\/2021\/08\/cropped-eviva-tour-vietnam.png","contentUrl":"https:\/\/evivatour.com\/it\/wp-content\/uploads\/2021\/08\/cropped-eviva-tour-vietnam.png","width":280,"height":185,"caption":"Eviva Tour"},"image":{"@id":"https:\/\/evivatour.com\/it\/#\/schema\/logo\/image\/"}}]}},"_links":{"self":[{"href":"https:\/\/evivatour.com\/it\/wp-json\/wp\/v2\/pages\/8671","targetHints":{"allow":["GET"]}}],"collection":[{"href":"https:\/\/evivatour.com\/it\/wp-json\/wp\/v2\/pages"}],"about":[{"href":"https:\/\/evivatour.com\/it\/wp-json\/wp\/v2\/types\/page"}],"author":[{"embeddable":true,"href":"https:\/\/evivatour.com\/it\/wp-json\/wp\/v2\/users\/1"}],"replies":[{"embeddable":true,"href":"https:\/\/evivatour.com\/it\/wp-json\/wp\/v2\/comments?post=8671"}],"version-history":[{"count":2,"href":"https:\/\/evivatour.com\/it\/wp-json\/wp\/v2\/pages\/8671\/revisions"}],"predecessor-version":[{"id":16961,"href":"https:\/\/evivatour.com\/it\/wp-json\/wp\/v2\/pages\/8671\/revisions\/16961"}],"up":[{"embeddable":true,"href":"https:\/\/evivatour.com\/it\/wp-json\/wp\/v2\/pages\/8663"}],"wp:attachment":[{"href":"https:\/\/evivatour.com\/it\/wp-json\/wp\/v2\/media?parent=8671"}],"curies":[{"name":"wp","href":"https:\/\/api.w.org\/{rel}","templated":true}]}}