{"id":8770,"date":"2021-08-26T14:28:29","date_gmt":"2021-08-26T07:28:29","guid":{"rendered":"https:\/\/evivatour.com\/it\/?page_id=8770"},"modified":"2023-11-14T11:15:30","modified_gmt":"2023-11-14T04:15:30","slug":"il-periodo-migliore-per-visitare-il-quang-binh","status":"publish","type":"page","link":"https:\/\/evivatour.com\/it\/quang-binh\/il-periodo-migliore-per-visitare-il-quang-binh\/","title":{"rendered":"Il Periodo Migliore per Visitare il Quang Binh"},"content":{"rendered":"\t\t<div data-elementor-type=\"wp-page\" data-elementor-id=\"8770\" class=\"elementor elementor-8770\">\n\t\t\t\t\t\t<section class=\"elementor-section elementor-top-section elementor-element elementor-element-e272e1b elementor-section-stretched elementor-section-boxed elementor-section-height-default elementor-section-height-default\" data-id=\"e272e1b\" data-element_type=\"section\" data-settings=\"{&quot;stretch_section&quot;:&quot;section-stretched&quot;,&quot;background_background&quot;:&quot;classic&quot;}\">\n\t\t\t\t\t\t<div class=\"elementor-container elementor-column-gap-no\">\n\t\t\t\t\t<div class=\"elementor-column elementor-col-100 elementor-top-column elementor-element elementor-element-737bf0d\" data-id=\"737bf0d\" data-element_type=\"column\">\n\t\t\t<div class=\"elementor-widget-wrap elementor-element-populated\">\n\t\t\t\t\t\t<div class=\"elementor-element elementor-element-b831de5 elementor-widget elementor-widget-text-editor\" data-id=\"b831de5\" data-element_type=\"widget\" data-widget_type=\"text-editor.default\">\n\t\t\t\t<div class=\"elementor-widget-container\">\n\t\t\t<style>\/*! elementor - v3.20.0 - 13-03-2024 *\/\n.elementor-widget-text-editor.elementor-drop-cap-view-stacked .elementor-drop-cap{background-color:#69727d;color:#fff}.elementor-widget-text-editor.elementor-drop-cap-view-framed .elementor-drop-cap{color:#69727d;border:3px solid;background-color:transparent}.elementor-widget-text-editor:not(.elementor-drop-cap-view-default) .elementor-drop-cap{margin-top:8px}.elementor-widget-text-editor:not(.elementor-drop-cap-view-default) .elementor-drop-cap-letter{width:1em;height:1em}.elementor-widget-text-editor .elementor-drop-cap{float:left;text-align:center;line-height:1;font-size:50px}.elementor-widget-text-editor .elementor-drop-cap-letter{display:inline-block}<\/style>\t\t\t\t<nav id=\"tours\" class=\"main-nav-top with-banner\">\n<div class=\"container\">\n<div class=\"main-nav-holder\">\n<div class=\"slide-nav js-slide-hidden\">\n<ul id=\"slide-nav-ul\">\n \t<li><a href=\"https:\/\/evivatour.com\/it\/quang-binh\/\">Tour Quang Binh<\/a><\/li>\n \t<li><a href=\"https:\/\/evivatour.com\/it\/quang-binh\/guida-di-viaggio-del-quang-binh\/\">Guida di Viaggio del Quang Binh<\/a><\/li>\n \t<li class=\"active\"><a href=\"https:\/\/evivatour.com\/it\/quang-binh\/il-periodo-migliore-per-visitare-il-quang-binh\/\">Il Periodo Migliore per Visitare il Quang Binh<\/a><\/li>\n<\/ul>\n<\/div>\n<\/div>\n<\/div>\n<\/nav>\t\t\t\t\t\t<\/div>\n\t\t\t\t<\/div>\n\t\t\t\t\t<\/div>\n\t\t<\/div>\n\t\t\t\t\t<\/div>\n\t\t<\/section>\n\t\t\t\t<section class=\"elementor-section elementor-top-section elementor-element elementor-element-b91208b elementor-section-boxed elementor-section-height-default elementor-section-height-default\" data-id=\"b91208b\" data-element_type=\"section\">\n\t\t\t\t\t\t<div class=\"elementor-container elementor-column-gap-default\">\n\t\t\t\t\t<div class=\"elementor-column elementor-col-100 elementor-top-column elementor-element elementor-element-c39167f\" data-id=\"c39167f\" data-element_type=\"column\">\n\t\t\t<div class=\"elementor-widget-wrap elementor-element-populated\">\n\t\t\t\t\t\t<div class=\"elementor-element elementor-element-0b29a02 elementor-widget elementor-widget-text-editor\" data-id=\"0b29a02\" data-element_type=\"widget\" data-widget_type=\"text-editor.default\">\n\t\t\t\t<div class=\"elementor-widget-container\">\n\t\t\t\t\t\t\t<p>Se stai programmando la tua vacanza a Vietnam, Quang Binh \u00e8 una eccezionale destinazione che non dovresti perder. La provincia di Quang Binh ha un terreno vario da montagne, pianure, isole, foreste, nonch\u00e9 mari e fiumi. Tutti questi si combinano per creare lo scenario naturale affascinante e spettacolare di Quang Binh.Tuttavia, il clima \u00e8 molto rigido. Seguiamo questo articolo per scoprire qual \u00e8 <a href=\"https:\/\/evivatour.com\/it\/quang-binh\/il-periodo-migliore-per-visitare-il-quang-binh\/\">il momento migliore per visitare Quang Binh<\/a> e tante cose interessanti qui.<\/p><h2>Il clima in Quang Binh-Vietnam<\/h2><p>Quang Binh si trova nel monsone tropicale, risente del clima del Nord e del Sud del Vietnam quindi \u00e8 diviso in due stagioni: la stagione secca e la stagione delle piogge.<\/p><h3>La temperatura in Quang Binh<\/h3><p>La temperatura media annuale \u00e8 di 23 \u2013 25\u00b0C, con la temperatura massima di 41\u00b0C nella stagione secca e la pi\u00f9 bassa possibile fino a 6\u00b0C nella stagione delle piogge. Il periodo pi\u00f9 caldo va da giugno ad agosto, con una temperatura media di 28\u00b0C mentre da dicembre a febbraio ha una temperatura media di 18\u00b0C.<\/p><h3>Umidit\u00e0 e vento a Quang Binh<\/h3><p>Quang Binh ha un&#8217;umidit\u00e0 superiore alla media durante tutto l&#8217;anno. Ci sono diversi mesi nell&#8217;umidit\u00e0 estrema. Febbraio \u00e8 il mese pi\u00f9 umido (85,5% di umidit\u00e0 relativa) e giugno \u00e8 il mese meno umido (63%)<br \/>A Quang Binh, il vento \u00e8 generalmente estremamente calmo. Il mese pi\u00f9 ventoso \u00e8 dicembre con una velocit\u00e0 media di circa 4,7 nodi (5,4 MPH o 8,7 KPH). I venti massimi sostenuti (la velocit\u00e0 massima per la giornata che dura pi\u00f9 di pochi istanti) raggiungono gli 8,4 nodi, \u00e8 anche considerata una brezza leggera.<\/p><h3>Stagioni in Quang Binh &#8211; Vietnam<\/h3><p><strong>La stagione secca<\/strong><\/p><p>The average temperature during the dry season is 30 \u2013 35\u00b0C, from April to August. The Southeast wind influences the dry season. However, due to the regulation of the East Sea, the climate of Quang Binh is quite chilly at night. As the most attractive side of the province of tourism is nature such as beaches and caves, the weather in these months could facilitate travelers to enjoy many great outdoor activities.<\/p><p><strong>La stagione delle piogge<\/strong><\/p><p>La stagione delle piogge va da settembre a marzo del prossimo anno con una temperatura media di 18 \u2013 23\u00b0C. La piovosit\u00e0 media annua \u00e8 di 2000 \u2013 2300 mm con l&#8217;83% tra luglio e dicembre.<\/p><p>Nella stagione delle piogge, Quang Binh ha molti tifoni e inondazioni improvvise. Inoltre, nei giorni di pioggia, il livello dell&#8217;acqua nel fiume Son si alza, quindi non puoi visitare la grotta di Phong Nha. Puoi ancora esplorare altre grotte come la grotta di Tien Son o la grotta del Paradiso.<\/p><h2>I mesi pi\u00f9 e meno affollati a Quang Binh Vietnam<\/h2><p>Febbraio \u00e8 il mese pi\u00f9 trafficato per il turismo a Quang Binh, seguito da settembre e agosto. I prezzi per l&#8217;alloggio e il trasporto saranno pi\u00f9 alti durante questi mesi, anche se puoi risparmiare se acquisti con largo anticipo.<\/p><p>Il mese meno affollato \u00e8 luglio, chi \u00e8 disposto a visitare in questi periodi probabilmente lo trover\u00e0 il mese meno costoso.<\/p><h2>Il periodo migliore per visitare Quang Binh Vietnam<\/h2><p>Il periodo migliore per viaggiare nella provincia di Quang Binh \u00e8 nella stagione secca, da aprile ad agosto. In questi mesi il tempo \u00e8 bello e soleggiato. Quindi \u00e8 molto adatto per visite turistiche e attivit\u00e0 all&#8217;aperto. Dovresti prestare attenzione alle previsioni del tempo per pianificare il tuo viaggio, l&#8217;attrezzatura e i vestiti di conseguenza.<\/p><h2>Le migliori cose da fare a Quang Binh Vietnam<\/h2><p><strong>Per esplorare il Parco Nazionale di Phong Nha Ke Bang e avventurarsi nella popolazione delle caverne<\/strong><\/p><p>Essendo il patrimonio naturale mondiale dal 2013, per lo pi\u00f9 coperto da foreste pluviali tropicali, il Parco Nazionale di Phong Nha Ke Bang ha intrecciato e gigantesco massiccio e boschi antichi. Ospita anche molte specie in via di estinzione e varie specie vegetali interessanti. Come topografia speciale, Phong Nha Ke Bang offre innumerevoli attivit\u00e0, tra cui tour delle grotte in barca, alpinismo, escursionismo e trekking.<\/p><p>Ci sono molte grotte spettacolari come la grotta di Son Doong \u2013 La grotta pi\u00f9 grande del mondo, la grotta di Phong Nha \u2013 Con una grotta umida e una grotta secca, Paradise Cave (Hang Thien Duong) \u2013 Con la sua forma speciale, questa grotta \u00e8 una delle le grotte pi\u00f9 famose del Vietnam\u2026<\/p><p><strong>Per visitare le attrazioni panoramiche<\/strong><\/p><p>Oltre al parco nazionale e alle grotte mistiche, \u00e8 anche considerata un&#8217;interessante destinazione turistica con molte destinazioni attraenti a Quang Binh come Bang Mineral Hot Spring &#8211; L&#8217;unica fonte di acqua calda con una temperatura di 105\u00baC, Canh Duong Village &#8211; un villaggio di 400 anni , Quang Phu Sand Hill, Da Nhay Beach\u2026<\/p><h2>I migliori cibi da provare a Quang Binh Vietnam<\/h2><p>La provincia di Quang Binh ha molti cibi gustosi. Potrebbe volerci pi\u00f9 di un mese per provare tutto il miglior cibo locale a Quang Binh. Tuttavia, se non hai molto tempo, dovresti provare Banh Loc (torta di farina), Banh Beo, Banh Xeo, Chao Banh Canh, Sup Luon (zuppa di anguille).<\/p><p><strong>Conclusione + invito all&#8217;azione<\/strong><\/p><p>Infine, il periodo migliore per visitare Quang Binh va da aprile ad agosto nella stagione secca. Puoi provare molte attivit\u00e0 come il trekking, l&#8217;arrampicata, il nuoto e l&#8217;esplorazione delle grotte, oltre a provare molti piatti tradizionali come Banh Loc, Banh Beo e Sup Luon. Quando vuoi visitare Quang Binh? Prevediamo di visitare presto Quang Binh per esplorare molte cose interessanti qui.<\/p>\t\t\t\t\t\t<\/div>\n\t\t\t\t<\/div>\n\t\t\t\t\t<\/div>\n\t\t<\/div>\n\t\t\t\t\t<\/div>\n\t\t<\/section>\n\t\t\t\t<section class=\"elementor-section elementor-top-section elementor-element elementor-element-f8d565b elementor-section-boxed elementor-section-height-default elementor-section-height-default\" data-id=\"f8d565b\" data-element_type=\"section\">\n\t\t\t\t\t\t<div class=\"elementor-container elementor-column-gap-default\">\n\t\t\t\t\t<div class=\"elementor-column elementor-col-100 elementor-top-column elementor-element elementor-element-7537ca5\" data-id=\"7537ca5\" data-element_type=\"column\">\n\t\t\t<div class=\"elementor-widget-wrap elementor-element-populated\">\n\t\t\t\t\t\t<div class=\"elementor-element elementor-element-8c1b243 elementor-widget-divider--view-line elementor-widget elementor-widget-divider\" data-id=\"8c1b243\" data-element_type=\"widget\" data-widget_type=\"divider.default\">\n\t\t\t\t<div class=\"elementor-widget-container\">\n\t\t\t<style>\/*! elementor - v3.20.0 - 13-03-2024 *\/\n.elementor-widget-divider{--divider-border-style:none;--divider-border-width:1px;--divider-color:#0c0d0e;--divider-icon-size:20px;--divider-element-spacing:10px;--divider-pattern-height:24px;--divider-pattern-size:20px;--divider-pattern-url:none;--divider-pattern-repeat:repeat-x}.elementor-widget-divider .elementor-divider{display:flex}.elementor-widget-divider .elementor-divider__text{font-size:15px;line-height:1;max-width:95%}.elementor-widget-divider .elementor-divider__element{margin:0 var(--divider-element-spacing);flex-shrink:0}.elementor-widget-divider .elementor-icon{font-size:var(--divider-icon-size)}.elementor-widget-divider .elementor-divider-separator{display:flex;margin:0;direction:ltr}.elementor-widget-divider--view-line_icon .elementor-divider-separator,.elementor-widget-divider--view-line_text .elementor-divider-separator{align-items:center}.elementor-widget-divider--view-line_icon .elementor-divider-separator:after,.elementor-widget-divider--view-line_icon .elementor-divider-separator:before,.elementor-widget-divider--view-line_text .elementor-divider-separator:after,.elementor-widget-divider--view-line_text .elementor-divider-separator:before{display:block;content:\"\";border-block-end:0;flex-grow:1;border-block-start:var(--divider-border-width) var(--divider-border-style) var(--divider-color)}.elementor-widget-divider--element-align-left .elementor-divider .elementor-divider-separator>.elementor-divider__svg:first-of-type{flex-grow:0;flex-shrink:100}.elementor-widget-divider--element-align-left .elementor-divider-separator:before{content:none}.elementor-widget-divider--element-align-left .elementor-divider__element{margin-left:0}.elementor-widget-divider--element-align-right .elementor-divider .elementor-divider-separator>.elementor-divider__svg:last-of-type{flex-grow:0;flex-shrink:100}.elementor-widget-divider--element-align-right .elementor-divider-separator:after{content:none}.elementor-widget-divider--element-align-right .elementor-divider__element{margin-right:0}.elementor-widget-divider--element-align-start .elementor-divider .elementor-divider-separator>.elementor-divider__svg:first-of-type{flex-grow:0;flex-shrink:100}.elementor-widget-divider--element-align-start .elementor-divider-separator:before{content:none}.elementor-widget-divider--element-align-start .elementor-divider__element{margin-inline-start:0}.elementor-widget-divider--element-align-end .elementor-divider .elementor-divider-separator>.elementor-divider__svg:last-of-type{flex-grow:0;flex-shrink:100}.elementor-widget-divider--element-align-end .elementor-divider-separator:after{content:none}.elementor-widget-divider--element-align-end .elementor-divider__element{margin-inline-end:0}.elementor-widget-divider:not(.elementor-widget-divider--view-line_text):not(.elementor-widget-divider--view-line_icon) .elementor-divider-separator{border-block-start:var(--divider-border-width) var(--divider-border-style) var(--divider-color)}.elementor-widget-divider--separator-type-pattern{--divider-border-style:none}.elementor-widget-divider--separator-type-pattern.elementor-widget-divider--view-line .elementor-divider-separator,.elementor-widget-divider--separator-type-pattern:not(.elementor-widget-divider--view-line) .elementor-divider-separator:after,.elementor-widget-divider--separator-type-pattern:not(.elementor-widget-divider--view-line) .elementor-divider-separator:before,.elementor-widget-divider--separator-type-pattern:not([class*=elementor-widget-divider--view]) .elementor-divider-separator{width:100%;min-height:var(--divider-pattern-height);-webkit-mask-size:var(--divider-pattern-size) 100%;mask-size:var(--divider-pattern-size) 100%;-webkit-mask-repeat:var(--divider-pattern-repeat);mask-repeat:var(--divider-pattern-repeat);background-color:var(--divider-color);-webkit-mask-image:var(--divider-pattern-url);mask-image:var(--divider-pattern-url)}.elementor-widget-divider--no-spacing{--divider-pattern-size:auto}.elementor-widget-divider--bg-round{--divider-pattern-repeat:round}.rtl .elementor-widget-divider .elementor-divider__text{direction:rtl}.e-con-inner>.elementor-widget-divider,.e-con>.elementor-widget-divider{width:var(--container-widget-width,100%);--flex-grow:var(--container-widget-flex-grow)}<\/style>\t\t<div class=\"elementor-divider\">\n\t\t\t<span class=\"elementor-divider-separator\">\n\t\t\t\t\t\t<\/span>\n\t\t<\/div>\n\t\t\t\t<\/div>\n\t\t\t\t<\/div>\n\t\t\t\t<div class=\"elementor-element elementor-element-1ab9ff2 elementor-widget elementor-widget-text-editor\" data-id=\"1ab9ff2\" data-element_type=\"widget\" data-widget_type=\"text-editor.default\">\n\t\t\t\t<div class=\"elementor-widget-container\">\n\t\t\t\t\t\t\t<h2>Crea il tuo viaggio su misura in Quang Binh, Vietnam<\/h2><p>In <a href=\"https:\/\/evivatour.com\/it\/quang-binh\/\">viaggio in Quang Binh<\/a>? Chatta con uno specialista di viaggi locale in Quang Binh, che pu\u00f2 aiutarti a organizzare il tuo viaggio.<\/p>\t\t\t\t\t\t<\/div>\n\t\t\t\t<\/div>\n\t\t\t\t<div class=\"elementor-element elementor-element-8ed9d3c elementor-align-center elementor-widget elementor-widget-button\" data-id=\"8ed9d3c\" data-element_type=\"widget\" data-widget_type=\"button.default\">\n\t\t\t\t<div class=\"elementor-widget-container\">\n\t\t\t\t\t<div class=\"elementor-button-wrapper\">\n\t\t\t<a class=\"elementor-button elementor-button-link elementor-size-sm\" href=\"https:\/\/evivatour.com\/it\/personalizza-il-tuo-tour\/\">\n\t\t\t\t\t\t<span class=\"elementor-button-content-wrapper\">\n\t\t\t\t\t\t<span class=\"elementor-button-text\">COMINCIA QUI<\/span>\n\t\t<\/span>\n\t\t\t\t\t<\/a>\n\t\t<\/div>\n\t\t\t\t<\/div>\n\t\t\t\t<\/div>\n\t\t\t\t\t<\/div>\n\t\t<\/div>\n\t\t\t\t\t<\/div>\n\t\t<\/section>\n\t\t\t\t<\/div>\n\t\t","protected":false},"excerpt":{"rendered":"<p>Tour Quang Binh Guida di Viaggio del Quang Binh Il Periodo Migliore per Visitare il Quang Binh Se stai programmando la tua vacanza a Vietnam, Quang Binh \u00e8 una eccezionale destinazione che non dovresti perder. La provincia di Quang Binh ha un terreno vario da montagne, pianure, isole, foreste, nonch\u00e9 mari e fiumi. Tutti questi [&hellip;]<\/p>\n","protected":false},"author":1,"featured_media":0,"parent":8768,"menu_order":0,"comment_status":"closed","ping_status":"closed","template":"","meta":{"inline_featured_image":false,"footnotes":""},"class_list":["post-8770","page","type-page","status-publish","hentry"],"yoast_head":"<!-- This site is optimized with the Yoast SEO plugin v26.9 - https:\/\/yoast.com\/product\/yoast-seo-wordpress\/ -->\n<title>Il Periodo Migliore per Visitare il Quang Binh - Eviva Tour<\/title>\n<meta name=\"description\" content=\"Questa guida ti consente di conoscere il momento migliore per visitare Quang Binh, il clima, le attrazioni, le specialit\u00e0, le attivit\u00e0... Scopriamole!\" \/>\n<meta name=\"robots\" content=\"index, follow, max-snippet:-1, max-image-preview:large, max-video-preview:-1\" \/>\n<link rel=\"canonical\" href=\"https:\/\/evivatour.com\/it\/quang-binh\/il-periodo-migliore-per-visitare-il-quang-binh\/\" \/>\n<meta property=\"og:locale\" content=\"en_US\" \/>\n<meta property=\"og:type\" content=\"article\" \/>\n<meta property=\"og:title\" content=\"Il Periodo Migliore per Visitare il Quang Binh - Eviva Tour\" \/>\n<meta property=\"og:description\" content=\"Questa guida ti consente di conoscere il momento migliore per visitare Quang Binh, il clima, le attrazioni, le specialit\u00e0, le attivit\u00e0... Scopriamole!\" \/>\n<meta property=\"og:url\" content=\"https:\/\/evivatour.com\/it\/quang-binh\/il-periodo-migliore-per-visitare-il-quang-binh\/\" \/>\n<meta property=\"og:site_name\" content=\"Eviva Tour\" \/>\n<meta property=\"article:modified_time\" content=\"2023-11-14T04:15:30+00:00\" \/>\n<meta name=\"twitter:card\" content=\"summary_large_image\" \/>\n<meta name=\"twitter:label1\" content=\"Est. reading time\" \/>\n\t<meta name=\"twitter:data1\" content=\"5 minutes\" \/>\n<script type=\"application\/ld+json\" class=\"yoast-schema-graph\">{\"@context\":\"https:\/\/schema.org\",\"@graph\":[{\"@type\":\"WebPage\",\"@id\":\"https:\/\/evivatour.com\/it\/quang-binh\/il-periodo-migliore-per-visitare-il-quang-binh\/\",\"url\":\"https:\/\/evivatour.com\/it\/quang-binh\/il-periodo-migliore-per-visitare-il-quang-binh\/\",\"name\":\"Il Periodo Migliore per Visitare il Quang Binh - Eviva Tour\",\"isPartOf\":{\"@id\":\"https:\/\/evivatour.com\/it\/#website\"},\"datePublished\":\"2021-08-26T07:28:29+00:00\",\"dateModified\":\"2023-11-14T04:15:30+00:00\",\"description\":\"Questa guida ti consente di conoscere il momento migliore per visitare Quang Binh, il clima, le attrazioni, le specialit\u00e0, le attivit\u00e0... Scopriamole!\",\"breadcrumb\":{\"@id\":\"https:\/\/evivatour.com\/it\/quang-binh\/il-periodo-migliore-per-visitare-il-quang-binh\/#breadcrumb\"},\"inLanguage\":\"en-US\",\"potentialAction\":[{\"@type\":\"ReadAction\",\"target\":[\"https:\/\/evivatour.com\/it\/quang-binh\/il-periodo-migliore-per-visitare-il-quang-binh\/\"]}]},{\"@type\":\"BreadcrumbList\",\"@id\":\"https:\/\/evivatour.com\/it\/quang-binh\/il-periodo-migliore-per-visitare-il-quang-binh\/#breadcrumb\",\"itemListElement\":[{\"@type\":\"ListItem\",\"position\":1,\"name\":\"Home\",\"item\":\"https:\/\/evivatour.com\/it\/\"},{\"@type\":\"ListItem\",\"position\":2,\"name\":\"Quang Binh Tour e Viaggi 2026\",\"item\":\"https:\/\/evivatour.com\/it\/quang-binh\/\"},{\"@type\":\"ListItem\",\"position\":3,\"name\":\"Il Periodo Migliore per Visitare il Quang Binh\"}]},{\"@type\":\"WebSite\",\"@id\":\"https:\/\/evivatour.com\/it\/#website\",\"url\":\"https:\/\/evivatour.com\/it\/\",\"name\":\"Eviva Tour\",\"description\":\"Smile every mile\",\"publisher\":{\"@id\":\"https:\/\/evivatour.com\/it\/#organization\"},\"potentialAction\":[{\"@type\":\"SearchAction\",\"target\":{\"@type\":\"EntryPoint\",\"urlTemplate\":\"https:\/\/evivatour.com\/it\/?s={search_term_string}\"},\"query-input\":{\"@type\":\"PropertyValueSpecification\",\"valueRequired\":true,\"valueName\":\"search_term_string\"}}],\"inLanguage\":\"en-US\"},{\"@type\":\"Organization\",\"@id\":\"https:\/\/evivatour.com\/it\/#organization\",\"name\":\"Eviva Tour\",\"url\":\"https:\/\/evivatour.com\/it\/\",\"logo\":{\"@type\":\"ImageObject\",\"inLanguage\":\"en-US\",\"@id\":\"https:\/\/evivatour.com\/it\/#\/schema\/logo\/image\/\",\"url\":\"https:\/\/evivatour.com\/it\/wp-content\/uploads\/2021\/08\/cropped-eviva-tour-vietnam.png\",\"contentUrl\":\"https:\/\/evivatour.com\/it\/wp-content\/uploads\/2021\/08\/cropped-eviva-tour-vietnam.png\",\"width\":280,\"height\":185,\"caption\":\"Eviva Tour\"},\"image\":{\"@id\":\"https:\/\/evivatour.com\/it\/#\/schema\/logo\/image\/\"}}]}<\/script>\n<!-- \/ Yoast SEO plugin. -->","yoast_head_json":{"title":"Il Periodo Migliore per Visitare il Quang Binh - Eviva Tour","description":"Questa guida ti consente di conoscere il momento migliore per visitare Quang Binh, il clima, le attrazioni, le specialit\u00e0, le attivit\u00e0... Scopriamole!","robots":{"index":"index","follow":"follow","max-snippet":"max-snippet:-1","max-image-preview":"max-image-preview:large","max-video-preview":"max-video-preview:-1"},"canonical":"https:\/\/evivatour.com\/it\/quang-binh\/il-periodo-migliore-per-visitare-il-quang-binh\/","og_locale":"en_US","og_type":"article","og_title":"Il Periodo Migliore per Visitare il Quang Binh - Eviva Tour","og_description":"Questa guida ti consente di conoscere il momento migliore per visitare Quang Binh, il clima, le attrazioni, le specialit\u00e0, le attivit\u00e0... Scopriamole!","og_url":"https:\/\/evivatour.com\/it\/quang-binh\/il-periodo-migliore-per-visitare-il-quang-binh\/","og_site_name":"Eviva Tour","article_modified_time":"2023-11-14T04:15:30+00:00","twitter_card":"summary_large_image","twitter_misc":{"Est. reading time":"5 minutes"},"schema":{"@context":"https:\/\/schema.org","@graph":[{"@type":"WebPage","@id":"https:\/\/evivatour.com\/it\/quang-binh\/il-periodo-migliore-per-visitare-il-quang-binh\/","url":"https:\/\/evivatour.com\/it\/quang-binh\/il-periodo-migliore-per-visitare-il-quang-binh\/","name":"Il Periodo Migliore per Visitare il Quang Binh - Eviva Tour","isPartOf":{"@id":"https:\/\/evivatour.com\/it\/#website"},"datePublished":"2021-08-26T07:28:29+00:00","dateModified":"2023-11-14T04:15:30+00:00","description":"Questa guida ti consente di conoscere il momento migliore per visitare Quang Binh, il clima, le attrazioni, le specialit\u00e0, le attivit\u00e0... Scopriamole!","breadcrumb":{"@id":"https:\/\/evivatour.com\/it\/quang-binh\/il-periodo-migliore-per-visitare-il-quang-binh\/#breadcrumb"},"inLanguage":"en-US","potentialAction":[{"@type":"ReadAction","target":["https:\/\/evivatour.com\/it\/quang-binh\/il-periodo-migliore-per-visitare-il-quang-binh\/"]}]},{"@type":"BreadcrumbList","@id":"https:\/\/evivatour.com\/it\/quang-binh\/il-periodo-migliore-per-visitare-il-quang-binh\/#breadcrumb","itemListElement":[{"@type":"ListItem","position":1,"name":"Home","item":"https:\/\/evivatour.com\/it\/"},{"@type":"ListItem","position":2,"name":"Quang Binh Tour e Viaggi 2026","item":"https:\/\/evivatour.com\/it\/quang-binh\/"},{"@type":"ListItem","position":3,"name":"Il Periodo Migliore per Visitare il Quang Binh"}]},{"@type":"WebSite","@id":"https:\/\/evivatour.com\/it\/#website","url":"https:\/\/evivatour.com\/it\/","name":"Eviva Tour","description":"Smile every mile","publisher":{"@id":"https:\/\/evivatour.com\/it\/#organization"},"potentialAction":[{"@type":"SearchAction","target":{"@type":"EntryPoint","urlTemplate":"https:\/\/evivatour.com\/it\/?s={search_term_string}"},"query-input":{"@type":"PropertyValueSpecification","valueRequired":true,"valueName":"search_term_string"}}],"inLanguage":"en-US"},{"@type":"Organization","@id":"https:\/\/evivatour.com\/it\/#organization","name":"Eviva Tour","url":"https:\/\/evivatour.com\/it\/","logo":{"@type":"ImageObject","inLanguage":"en-US","@id":"https:\/\/evivatour.com\/it\/#\/schema\/logo\/image\/","url":"https:\/\/evivatour.com\/it\/wp-content\/uploads\/2021\/08\/cropped-eviva-tour-vietnam.png","contentUrl":"https:\/\/evivatour.com\/it\/wp-content\/uploads\/2021\/08\/cropped-eviva-tour-vietnam.png","width":280,"height":185,"caption":"Eviva Tour"},"image":{"@id":"https:\/\/evivatour.com\/it\/#\/schema\/logo\/image\/"}}]}},"_links":{"self":[{"href":"https:\/\/evivatour.com\/it\/wp-json\/wp\/v2\/pages\/8770","targetHints":{"allow":["GET"]}}],"collection":[{"href":"https:\/\/evivatour.com\/it\/wp-json\/wp\/v2\/pages"}],"about":[{"href":"https:\/\/evivatour.com\/it\/wp-json\/wp\/v2\/types\/page"}],"author":[{"embeddable":true,"href":"https:\/\/evivatour.com\/it\/wp-json\/wp\/v2\/users\/1"}],"replies":[{"embeddable":true,"href":"https:\/\/evivatour.com\/it\/wp-json\/wp\/v2\/comments?post=8770"}],"version-history":[{"count":2,"href":"https:\/\/evivatour.com\/it\/wp-json\/wp\/v2\/pages\/8770\/revisions"}],"predecessor-version":[{"id":17306,"href":"https:\/\/evivatour.com\/it\/wp-json\/wp\/v2\/pages\/8770\/revisions\/17306"}],"up":[{"embeddable":true,"href":"https:\/\/evivatour.com\/it\/wp-json\/wp\/v2\/pages\/8768"}],"wp:attachment":[{"href":"https:\/\/evivatour.com\/it\/wp-json\/wp\/v2\/media?parent=8770"}],"curies":[{"name":"wp","href":"https:\/\/api.w.org\/{rel}","templated":true}]}}