{"id":8813,"date":"2021-08-26T14:53:15","date_gmt":"2021-08-26T07:53:15","guid":{"rendered":"https:\/\/evivatour.com\/it\/?page_id=8813"},"modified":"2022-07-13T14:20:18","modified_gmt":"2022-07-13T07:20:18","slug":"il-periodo-migliore-per-visitare-il-hue","status":"publish","type":"page","link":"https:\/\/evivatour.com\/it\/hue\/il-periodo-migliore-per-visitare-il-hue\/","title":{"rendered":"Il Periodo Migliore per Visitare il Hue"},"content":{"rendered":"\t\t<div data-elementor-type=\"wp-page\" data-elementor-id=\"8813\" class=\"elementor elementor-8813\">\n\t\t\t\t\t\t<section class=\"elementor-section elementor-top-section elementor-element elementor-element-e272e1b elementor-section-stretched elementor-section-boxed elementor-section-height-default elementor-section-height-default\" data-id=\"e272e1b\" data-element_type=\"section\" data-settings=\"{&quot;stretch_section&quot;:&quot;section-stretched&quot;,&quot;background_background&quot;:&quot;classic&quot;}\">\n\t\t\t\t\t\t<div class=\"elementor-container elementor-column-gap-no\">\n\t\t\t\t\t<div class=\"elementor-column elementor-col-100 elementor-top-column elementor-element elementor-element-737bf0d\" data-id=\"737bf0d\" data-element_type=\"column\">\n\t\t\t<div class=\"elementor-widget-wrap elementor-element-populated\">\n\t\t\t\t\t\t<div class=\"elementor-element elementor-element-b831de5 elementor-widget elementor-widget-text-editor\" data-id=\"b831de5\" data-element_type=\"widget\" data-widget_type=\"text-editor.default\">\n\t\t\t\t<div class=\"elementor-widget-container\">\n\t\t\t<style>\/*! elementor - v3.20.0 - 13-03-2024 *\/\n.elementor-widget-text-editor.elementor-drop-cap-view-stacked .elementor-drop-cap{background-color:#69727d;color:#fff}.elementor-widget-text-editor.elementor-drop-cap-view-framed .elementor-drop-cap{color:#69727d;border:3px solid;background-color:transparent}.elementor-widget-text-editor:not(.elementor-drop-cap-view-default) .elementor-drop-cap{margin-top:8px}.elementor-widget-text-editor:not(.elementor-drop-cap-view-default) .elementor-drop-cap-letter{width:1em;height:1em}.elementor-widget-text-editor .elementor-drop-cap{float:left;text-align:center;line-height:1;font-size:50px}.elementor-widget-text-editor .elementor-drop-cap-letter{display:inline-block}<\/style>\t\t\t\t<nav id=\"tours\" class=\"main-nav-top with-banner\">\n<div class=\"container\">\n<div class=\"main-nav-holder\">\n<div class=\"slide-nav js-slide-hidden\">\n<ul id=\"slide-nav-ul\">\n \t<li><a href=\"https:\/\/evivatour.com\/it\/hue\/\">Tour Del Hue<\/a><\/li>\n \t<li><a href=\"https:\/\/evivatour.com\/it\/hue\/guida-di-viaggio-del-hue\/\">Guida di Viaggio del Hue<\/a><\/li>\n \t<li class=\"active\"><a href=\"https:\/\/evivatour.com\/it\/hue\/il-periodo-migliore-per-visitare-il-hue\/\">Il Periodo Migliore per Visitare il Hue<\/a><\/li>\n<\/ul>\n<\/div>\n<\/div>\n<\/div>\n<\/nav>\t\t\t\t\t\t<\/div>\n\t\t\t\t<\/div>\n\t\t\t\t\t<\/div>\n\t\t<\/div>\n\t\t\t\t\t<\/div>\n\t\t<\/section>\n\t\t\t\t<section class=\"elementor-section elementor-top-section elementor-element elementor-element-b91208b elementor-section-boxed elementor-section-height-default elementor-section-height-default\" data-id=\"b91208b\" data-element_type=\"section\">\n\t\t\t\t\t\t<div class=\"elementor-container elementor-column-gap-default\">\n\t\t\t\t\t<div class=\"elementor-column elementor-col-100 elementor-top-column elementor-element elementor-element-c39167f\" data-id=\"c39167f\" data-element_type=\"column\">\n\t\t\t<div class=\"elementor-widget-wrap elementor-element-populated\">\n\t\t\t\t\t\t<div class=\"elementor-element elementor-element-0b29a02 elementor-widget elementor-widget-text-editor\" data-id=\"0b29a02\" data-element_type=\"widget\" data-widget_type=\"text-editor.default\">\n\t\t\t\t<div class=\"elementor-widget-container\">\n\t\t\t\t\t\t\t<p>Situata nella parte centrale del Vietnam, Hue \u00e8 famosa per i tesori della cultura tradizionale e del patrimonio storico, nonch\u00e9 per la sua bellezza poetica, e con &#8220;poetico&#8221; intendiamo davvero che Hue \u00e8 anche famosa e lodata nella poesia vietnamita. Tutte queste caratteristiche incantate potrebbero spingerti a porre una domanda: &#8220;\u00c8 fantastico, ma quando arrivarci per ottenere <a href=\"https:\/\/evivatour.com\/it\/hue\/il-periodo-migliore-per-visitare-il-hue\/\">il massimo dal tuo viaggio verso Hue<\/a>?&#8221;. Bene, comprendiamo perfettamente che questa \u00e8 una domanda abbastanza comune ma difficile per ogni viaggiatore, specialmente per coloro che non sono mai stati in questa bellissima citt\u00e0, quindi siamo qui per fornirti alcune informazioni utili che stavi cercando.<\/p><h2>Panoramica del clima di Hue<\/h2><p>Proprio come la maggior parte delle citt\u00e0 situate al centro del Vietnam, il clima di Hue \u00e8 una combinazione di due stagioni distinte, che sono la stagione secca e quella delle piogge.<\/p><p>Di solito, la stagione secca va da marzo ad agosto, insieme a un clima caldo e soleggiato. Durante questo periodo, in particolare da luglio ad agosto, la temperatura pi\u00f9 alta potrebbe raggiungere i 38-40 gradi Celsius a causa del vento caldo e secco che soffia dal Laos. Questa \u00e8 la stagione in cui le attivit\u00e0 turistiche diventano pi\u00f9 trafficate che mai grazie soprattutto al clima piacevole che crea comodit\u00e0 per le attivit\u00e0 turistiche.<\/p><p>Il periodo da agosto a gennaio del prossimo anno \u00e8 per la stagione delle piogge quando il tempo si raffredda molto con la temperatura media che varia da 18 a 20 gradi Celsius, a volte scendendo a 10 gradi. In questa stagione rigida, Hue subisce molte forti piogge, anche frequenti tifoni e inondazioni che si verificano tra ottobre e novembre. Le attivit\u00e0 turistiche e di svago, quindi, sono limitate, in ritardo e i servizi sono notevolmente meno qualificati.<\/p><h2>Il periodo migliore per visitare Hue<\/h2><p><strong>Da febbraio a marzo, il periodo pi\u00f9 consigliato per Hue.<\/strong><\/p><p>Ad essere onesti, questo potrebbe essere considerato il momento migliore per visitare Hue. La temperatura media varia da 20 a 24 gradi Celsius, rendendolo perfetto per qualsiasi attivit\u00e0 all&#8217;aperto. La quantit\u00e0 di precipitazioni \u00e8 al minimo in questi mesi, quindi sentiti libero di vivere la citt\u00e0 come desideri senza preoccuparti che una pioggia inaspettata possa rovinare la tua eccitante esplorazione. La primavera arriva a Hue non solo piena di vitalit\u00e0, ma anche con il capodanno lunare, quindi \u00e8 il momento di visitare alcune destinazioni spirituali come la pagoda Thien Mu, la pagoda Bao Quoc o la pagoda Thien Lam.<\/p><p><strong>Aprile, il gioioso mese delle feste.<\/strong><\/p><p>Un viaggio a Hue ad aprile potrebbe essere un&#8217;opportunit\u00e0 per tutta la vita per immergersi nella bellezza del colorato Festival di Hue e nell&#8217;atmosfera vivida e meravigliosa dello spazio artistico che non potrebbe essere visto da nessun&#8217;altra parte. Hai anche la possibilit\u00e0 di osservare, comprendere e conoscere meglio le tradizioni culturali del Vietnam. Si prega di notare che il tempo \u00e8 ancora molto &#8220;di supporto&#8221; in questo momento.<\/p><p><strong>Da maggio a luglio, tempo di spiagge.<\/strong><\/p><p>Se Hue \u00e8 la meta delle tue vacanze estive, fai la scelta giusta! Ecco che arriva la sabbia bianchissima, le fresche onde della spiaggia di Thuan An e l&#8217;acqua cristallina della leggendaria spiaggia di Lang Co. L&#8217;aria calda, il mare blu, la sabbia bianca e il sole dorato qui ti porteranno sicuramente una gita al mare che non dimenticherai mai. La cosa speciale di fare una gita in spiaggia a Hue \u00e8 che le spiagge non sono affollate e c&#8217;\u00e8 sempre abbastanza spazio per goderti appieno il paesaggio. Inoltre, potresti anche scoprire la vita dei pescatori qui e provare a prendere parte a diverse attivit\u00e0 interessanti, come catturare il pesce o persino grigliare il pesce da solo.<\/p><p><strong>Da dicembre a gennaio, tonalit\u00e0 elegante in inverno.<\/strong><\/p><p>Nel caso in cui il tuo programma personale non ti permetta di goderti questa meravigliosa citt\u00e0 durante il resto dell&#8217;anno, l&#8217;inverno a Hue \u00e8 una buona opzione da scegliere. Se sei interessato al freddo e alla tranquilla pioggia romantica, questo \u00e8 esattamente ci\u00f2 che stavi sognando. Tutti i tuoi sensi sarebbero risvegliati per goderti ogni singolo secondo dello stile di vita calmo, pacifico e lento in questo momento a Hue. Tutti i piatti caldi e gustosi come mais grigliato, succo di mais caldo e calamari alla griglia sono pronti per essere serviti.<\/p>\t\t\t\t\t\t<\/div>\n\t\t\t\t<\/div>\n\t\t\t\t<div class=\"elementor-element elementor-element-8c1b243 elementor-widget-divider--view-line elementor-widget elementor-widget-divider\" data-id=\"8c1b243\" data-element_type=\"widget\" data-widget_type=\"divider.default\">\n\t\t\t\t<div class=\"elementor-widget-container\">\n\t\t\t<style>\/*! elementor - v3.20.0 - 13-03-2024 *\/\n.elementor-widget-divider{--divider-border-style:none;--divider-border-width:1px;--divider-color:#0c0d0e;--divider-icon-size:20px;--divider-element-spacing:10px;--divider-pattern-height:24px;--divider-pattern-size:20px;--divider-pattern-url:none;--divider-pattern-repeat:repeat-x}.elementor-widget-divider .elementor-divider{display:flex}.elementor-widget-divider .elementor-divider__text{font-size:15px;line-height:1;max-width:95%}.elementor-widget-divider .elementor-divider__element{margin:0 var(--divider-element-spacing);flex-shrink:0}.elementor-widget-divider .elementor-icon{font-size:var(--divider-icon-size)}.elementor-widget-divider .elementor-divider-separator{display:flex;margin:0;direction:ltr}.elementor-widget-divider--view-line_icon .elementor-divider-separator,.elementor-widget-divider--view-line_text .elementor-divider-separator{align-items:center}.elementor-widget-divider--view-line_icon .elementor-divider-separator:after,.elementor-widget-divider--view-line_icon .elementor-divider-separator:before,.elementor-widget-divider--view-line_text .elementor-divider-separator:after,.elementor-widget-divider--view-line_text .elementor-divider-separator:before{display:block;content:\"\";border-block-end:0;flex-grow:1;border-block-start:var(--divider-border-width) var(--divider-border-style) var(--divider-color)}.elementor-widget-divider--element-align-left .elementor-divider .elementor-divider-separator>.elementor-divider__svg:first-of-type{flex-grow:0;flex-shrink:100}.elementor-widget-divider--element-align-left .elementor-divider-separator:before{content:none}.elementor-widget-divider--element-align-left .elementor-divider__element{margin-left:0}.elementor-widget-divider--element-align-right .elementor-divider .elementor-divider-separator>.elementor-divider__svg:last-of-type{flex-grow:0;flex-shrink:100}.elementor-widget-divider--element-align-right .elementor-divider-separator:after{content:none}.elementor-widget-divider--element-align-right .elementor-divider__element{margin-right:0}.elementor-widget-divider--element-align-start .elementor-divider .elementor-divider-separator>.elementor-divider__svg:first-of-type{flex-grow:0;flex-shrink:100}.elementor-widget-divider--element-align-start .elementor-divider-separator:before{content:none}.elementor-widget-divider--element-align-start .elementor-divider__element{margin-inline-start:0}.elementor-widget-divider--element-align-end .elementor-divider .elementor-divider-separator>.elementor-divider__svg:last-of-type{flex-grow:0;flex-shrink:100}.elementor-widget-divider--element-align-end .elementor-divider-separator:after{content:none}.elementor-widget-divider--element-align-end .elementor-divider__element{margin-inline-end:0}.elementor-widget-divider:not(.elementor-widget-divider--view-line_text):not(.elementor-widget-divider--view-line_icon) .elementor-divider-separator{border-block-start:var(--divider-border-width) var(--divider-border-style) var(--divider-color)}.elementor-widget-divider--separator-type-pattern{--divider-border-style:none}.elementor-widget-divider--separator-type-pattern.elementor-widget-divider--view-line .elementor-divider-separator,.elementor-widget-divider--separator-type-pattern:not(.elementor-widget-divider--view-line) .elementor-divider-separator:after,.elementor-widget-divider--separator-type-pattern:not(.elementor-widget-divider--view-line) .elementor-divider-separator:before,.elementor-widget-divider--separator-type-pattern:not([class*=elementor-widget-divider--view]) .elementor-divider-separator{width:100%;min-height:var(--divider-pattern-height);-webkit-mask-size:var(--divider-pattern-size) 100%;mask-size:var(--divider-pattern-size) 100%;-webkit-mask-repeat:var(--divider-pattern-repeat);mask-repeat:var(--divider-pattern-repeat);background-color:var(--divider-color);-webkit-mask-image:var(--divider-pattern-url);mask-image:var(--divider-pattern-url)}.elementor-widget-divider--no-spacing{--divider-pattern-size:auto}.elementor-widget-divider--bg-round{--divider-pattern-repeat:round}.rtl .elementor-widget-divider .elementor-divider__text{direction:rtl}.e-con-inner>.elementor-widget-divider,.e-con>.elementor-widget-divider{width:var(--container-widget-width,100%);--flex-grow:var(--container-widget-flex-grow)}<\/style>\t\t<div class=\"elementor-divider\">\n\t\t\t<span class=\"elementor-divider-separator\">\n\t\t\t\t\t\t<\/span>\n\t\t<\/div>\n\t\t\t\t<\/div>\n\t\t\t\t<\/div>\n\t\t\t\t\t<\/div>\n\t\t<\/div>\n\t\t\t\t\t<\/div>\n\t\t<\/section>\n\t\t\t\t<section class=\"elementor-section elementor-top-section elementor-element elementor-element-f8d565b elementor-section-boxed elementor-section-height-default elementor-section-height-default\" data-id=\"f8d565b\" data-element_type=\"section\">\n\t\t\t\t\t\t<div class=\"elementor-container elementor-column-gap-default\">\n\t\t\t\t\t<div class=\"elementor-column elementor-col-100 elementor-top-column elementor-element elementor-element-7537ca5\" data-id=\"7537ca5\" data-element_type=\"column\">\n\t\t\t<div class=\"elementor-widget-wrap elementor-element-populated\">\n\t\t\t\t\t\t<div class=\"elementor-element elementor-element-1ab9ff2 elementor-widget elementor-widget-text-editor\" data-id=\"1ab9ff2\" data-element_type=\"widget\" data-widget_type=\"text-editor.default\">\n\t\t\t\t<div class=\"elementor-widget-container\">\n\t\t\t\t\t\t\t<h2>Crea il tuo viaggio su misura in Hue City, Vietnam<\/h2><p>In viaggio in Hue City? Chatta con uno specialista di viaggi locale in Hue, che pu\u00f2 aiutarti a organizzare il tuo viaggio.<\/p>\t\t\t\t\t\t<\/div>\n\t\t\t\t<\/div>\n\t\t\t\t<div class=\"elementor-element elementor-element-8ed9d3c elementor-align-center elementor-widget elementor-widget-button\" data-id=\"8ed9d3c\" data-element_type=\"widget\" data-widget_type=\"button.default\">\n\t\t\t\t<div class=\"elementor-widget-container\">\n\t\t\t\t\t<div class=\"elementor-button-wrapper\">\n\t\t\t<a class=\"elementor-button elementor-button-link elementor-size-sm\" href=\"https:\/\/evivatour.com\/it\/personalizza-il-tuo-tour\/\">\n\t\t\t\t\t\t<span class=\"elementor-button-content-wrapper\">\n\t\t\t\t\t\t<span class=\"elementor-button-text\">COMINCIA QUI<\/span>\n\t\t<\/span>\n\t\t\t\t\t<\/a>\n\t\t<\/div>\n\t\t\t\t<\/div>\n\t\t\t\t<\/div>\n\t\t\t\t\t<\/div>\n\t\t<\/div>\n\t\t\t\t\t<\/div>\n\t\t<\/section>\n\t\t\t\t<\/div>\n\t\t","protected":false},"excerpt":{"rendered":"<p>Tour Del Hue Guida di Viaggio del Hue Il Periodo Migliore per Visitare il Hue Situata nella parte centrale del Vietnam, Hue \u00e8 famosa per i tesori della cultura tradizionale e del patrimonio storico, nonch\u00e9 per la sua bellezza poetica, e con &#8220;poetico&#8221; intendiamo davvero che Hue \u00e8 anche famosa e lodata nella poesia vietnamita. [&hellip;]<\/p>\n","protected":false},"author":1,"featured_media":0,"parent":8810,"menu_order":0,"comment_status":"closed","ping_status":"closed","template":"","meta":{"inline_featured_image":false,"footnotes":""},"class_list":["post-8813","page","type-page","status-publish","hentry"],"yoast_head":"<!-- This site is optimized with the Yoast SEO plugin v26.9 - https:\/\/yoast.com\/product\/yoast-seo-wordpress\/ -->\n<title>Il Periodo Migliore per Visitare il Hue - Eviva Tour<\/title>\n<meta name=\"robots\" content=\"index, follow, max-snippet:-1, max-image-preview:large, max-video-preview:-1\" \/>\n<link rel=\"canonical\" href=\"https:\/\/evivatour.com\/it\/hue\/il-periodo-migliore-per-visitare-il-hue\/\" \/>\n<meta property=\"og:locale\" content=\"en_US\" \/>\n<meta property=\"og:type\" content=\"article\" \/>\n<meta property=\"og:title\" content=\"Il Periodo Migliore per Visitare il Hue - Eviva Tour\" \/>\n<meta property=\"og:description\" content=\"Tour Del Hue Guida di Viaggio del Hue Il Periodo Migliore per Visitare il Hue Situata nella parte centrale del Vietnam, Hue \u00e8 famosa per i tesori della cultura tradizionale e del patrimonio storico, nonch\u00e9 per la sua bellezza poetica, e con &#8220;poetico&#8221; intendiamo davvero che Hue \u00e8 anche famosa e lodata nella poesia vietnamita. [&hellip;]\" \/>\n<meta property=\"og:url\" content=\"https:\/\/evivatour.com\/it\/hue\/il-periodo-migliore-per-visitare-il-hue\/\" \/>\n<meta property=\"og:site_name\" content=\"Eviva Tour\" \/>\n<meta property=\"article:modified_time\" content=\"2022-07-13T07:20:18+00:00\" \/>\n<meta name=\"twitter:card\" content=\"summary_large_image\" \/>\n<meta name=\"twitter:label1\" content=\"Est. reading time\" \/>\n\t<meta name=\"twitter:data1\" content=\"4 minutes\" \/>\n<script type=\"application\/ld+json\" class=\"yoast-schema-graph\">{\"@context\":\"https:\/\/schema.org\",\"@graph\":[{\"@type\":\"WebPage\",\"@id\":\"https:\/\/evivatour.com\/it\/hue\/il-periodo-migliore-per-visitare-il-hue\/\",\"url\":\"https:\/\/evivatour.com\/it\/hue\/il-periodo-migliore-per-visitare-il-hue\/\",\"name\":\"Il Periodo Migliore per Visitare il Hue - Eviva Tour\",\"isPartOf\":{\"@id\":\"https:\/\/evivatour.com\/it\/#website\"},\"datePublished\":\"2021-08-26T07:53:15+00:00\",\"dateModified\":\"2022-07-13T07:20:18+00:00\",\"breadcrumb\":{\"@id\":\"https:\/\/evivatour.com\/it\/hue\/il-periodo-migliore-per-visitare-il-hue\/#breadcrumb\"},\"inLanguage\":\"en-US\",\"potentialAction\":[{\"@type\":\"ReadAction\",\"target\":[\"https:\/\/evivatour.com\/it\/hue\/il-periodo-migliore-per-visitare-il-hue\/\"]}]},{\"@type\":\"BreadcrumbList\",\"@id\":\"https:\/\/evivatour.com\/it\/hue\/il-periodo-migliore-per-visitare-il-hue\/#breadcrumb\",\"itemListElement\":[{\"@type\":\"ListItem\",\"position\":1,\"name\":\"Home\",\"item\":\"https:\/\/evivatour.com\/it\/\"},{\"@type\":\"ListItem\",\"position\":2,\"name\":\"Hue Tour e Viaggi 2026\",\"item\":\"https:\/\/evivatour.com\/it\/hue\/\"},{\"@type\":\"ListItem\",\"position\":3,\"name\":\"Il Periodo Migliore per Visitare il Hue\"}]},{\"@type\":\"WebSite\",\"@id\":\"https:\/\/evivatour.com\/it\/#website\",\"url\":\"https:\/\/evivatour.com\/it\/\",\"name\":\"Eviva Tour\",\"description\":\"Smile every mile\",\"publisher\":{\"@id\":\"https:\/\/evivatour.com\/it\/#organization\"},\"potentialAction\":[{\"@type\":\"SearchAction\",\"target\":{\"@type\":\"EntryPoint\",\"urlTemplate\":\"https:\/\/evivatour.com\/it\/?s={search_term_string}\"},\"query-input\":{\"@type\":\"PropertyValueSpecification\",\"valueRequired\":true,\"valueName\":\"search_term_string\"}}],\"inLanguage\":\"en-US\"},{\"@type\":\"Organization\",\"@id\":\"https:\/\/evivatour.com\/it\/#organization\",\"name\":\"Eviva Tour\",\"url\":\"https:\/\/evivatour.com\/it\/\",\"logo\":{\"@type\":\"ImageObject\",\"inLanguage\":\"en-US\",\"@id\":\"https:\/\/evivatour.com\/it\/#\/schema\/logo\/image\/\",\"url\":\"https:\/\/evivatour.com\/it\/wp-content\/uploads\/2021\/08\/cropped-eviva-tour-vietnam.png\",\"contentUrl\":\"https:\/\/evivatour.com\/it\/wp-content\/uploads\/2021\/08\/cropped-eviva-tour-vietnam.png\",\"width\":280,\"height\":185,\"caption\":\"Eviva Tour\"},\"image\":{\"@id\":\"https:\/\/evivatour.com\/it\/#\/schema\/logo\/image\/\"}}]}<\/script>\n<!-- \/ Yoast SEO plugin. -->","yoast_head_json":{"title":"Il Periodo Migliore per Visitare il Hue - Eviva Tour","robots":{"index":"index","follow":"follow","max-snippet":"max-snippet:-1","max-image-preview":"max-image-preview:large","max-video-preview":"max-video-preview:-1"},"canonical":"https:\/\/evivatour.com\/it\/hue\/il-periodo-migliore-per-visitare-il-hue\/","og_locale":"en_US","og_type":"article","og_title":"Il Periodo Migliore per Visitare il Hue - Eviva Tour","og_description":"Tour Del Hue Guida di Viaggio del Hue Il Periodo Migliore per Visitare il Hue Situata nella parte centrale del Vietnam, Hue \u00e8 famosa per i tesori della cultura tradizionale e del patrimonio storico, nonch\u00e9 per la sua bellezza poetica, e con &#8220;poetico&#8221; intendiamo davvero che Hue \u00e8 anche famosa e lodata nella poesia vietnamita. [&hellip;]","og_url":"https:\/\/evivatour.com\/it\/hue\/il-periodo-migliore-per-visitare-il-hue\/","og_site_name":"Eviva Tour","article_modified_time":"2022-07-13T07:20:18+00:00","twitter_card":"summary_large_image","twitter_misc":{"Est. reading time":"4 minutes"},"schema":{"@context":"https:\/\/schema.org","@graph":[{"@type":"WebPage","@id":"https:\/\/evivatour.com\/it\/hue\/il-periodo-migliore-per-visitare-il-hue\/","url":"https:\/\/evivatour.com\/it\/hue\/il-periodo-migliore-per-visitare-il-hue\/","name":"Il Periodo Migliore per Visitare il Hue - Eviva Tour","isPartOf":{"@id":"https:\/\/evivatour.com\/it\/#website"},"datePublished":"2021-08-26T07:53:15+00:00","dateModified":"2022-07-13T07:20:18+00:00","breadcrumb":{"@id":"https:\/\/evivatour.com\/it\/hue\/il-periodo-migliore-per-visitare-il-hue\/#breadcrumb"},"inLanguage":"en-US","potentialAction":[{"@type":"ReadAction","target":["https:\/\/evivatour.com\/it\/hue\/il-periodo-migliore-per-visitare-il-hue\/"]}]},{"@type":"BreadcrumbList","@id":"https:\/\/evivatour.com\/it\/hue\/il-periodo-migliore-per-visitare-il-hue\/#breadcrumb","itemListElement":[{"@type":"ListItem","position":1,"name":"Home","item":"https:\/\/evivatour.com\/it\/"},{"@type":"ListItem","position":2,"name":"Hue Tour e Viaggi 2026","item":"https:\/\/evivatour.com\/it\/hue\/"},{"@type":"ListItem","position":3,"name":"Il Periodo Migliore per Visitare il Hue"}]},{"@type":"WebSite","@id":"https:\/\/evivatour.com\/it\/#website","url":"https:\/\/evivatour.com\/it\/","name":"Eviva Tour","description":"Smile every mile","publisher":{"@id":"https:\/\/evivatour.com\/it\/#organization"},"potentialAction":[{"@type":"SearchAction","target":{"@type":"EntryPoint","urlTemplate":"https:\/\/evivatour.com\/it\/?s={search_term_string}"},"query-input":{"@type":"PropertyValueSpecification","valueRequired":true,"valueName":"search_term_string"}}],"inLanguage":"en-US"},{"@type":"Organization","@id":"https:\/\/evivatour.com\/it\/#organization","name":"Eviva Tour","url":"https:\/\/evivatour.com\/it\/","logo":{"@type":"ImageObject","inLanguage":"en-US","@id":"https:\/\/evivatour.com\/it\/#\/schema\/logo\/image\/","url":"https:\/\/evivatour.com\/it\/wp-content\/uploads\/2021\/08\/cropped-eviva-tour-vietnam.png","contentUrl":"https:\/\/evivatour.com\/it\/wp-content\/uploads\/2021\/08\/cropped-eviva-tour-vietnam.png","width":280,"height":185,"caption":"Eviva Tour"},"image":{"@id":"https:\/\/evivatour.com\/it\/#\/schema\/logo\/image\/"}}]}},"_links":{"self":[{"href":"https:\/\/evivatour.com\/it\/wp-json\/wp\/v2\/pages\/8813","targetHints":{"allow":["GET"]}}],"collection":[{"href":"https:\/\/evivatour.com\/it\/wp-json\/wp\/v2\/pages"}],"about":[{"href":"https:\/\/evivatour.com\/it\/wp-json\/wp\/v2\/types\/page"}],"author":[{"embeddable":true,"href":"https:\/\/evivatour.com\/it\/wp-json\/wp\/v2\/users\/1"}],"replies":[{"embeddable":true,"href":"https:\/\/evivatour.com\/it\/wp-json\/wp\/v2\/comments?post=8813"}],"version-history":[{"count":2,"href":"https:\/\/evivatour.com\/it\/wp-json\/wp\/v2\/pages\/8813\/revisions"}],"predecessor-version":[{"id":16575,"href":"https:\/\/evivatour.com\/it\/wp-json\/wp\/v2\/pages\/8813\/revisions\/16575"}],"up":[{"embeddable":true,"href":"https:\/\/evivatour.com\/it\/wp-json\/wp\/v2\/pages\/8810"}],"wp:attachment":[{"href":"https:\/\/evivatour.com\/it\/wp-json\/wp\/v2\/media?parent=8813"}],"curies":[{"name":"wp","href":"https:\/\/api.w.org\/{rel}","templated":true}]}}