{"id":8851,"date":"2021-08-26T16:01:07","date_gmt":"2021-08-26T09:01:07","guid":{"rendered":"https:\/\/evivatour.com\/it\/?page_id=8851"},"modified":"2023-10-17T09:39:54","modified_gmt":"2023-10-17T02:39:54","slug":"il-periodo-migliore-per-visitare-il-da-nang","status":"publish","type":"page","link":"https:\/\/evivatour.com\/it\/da-nang\/il-periodo-migliore-per-visitare-il-da-nang\/","title":{"rendered":"Il Periodo Migliore per Visitare il Da Nang"},"content":{"rendered":"\t\t<div data-elementor-type=\"wp-page\" data-elementor-id=\"8851\" class=\"elementor elementor-8851\">\n\t\t\t\t\t\t<section class=\"elementor-section elementor-top-section elementor-element elementor-element-e272e1b elementor-section-stretched elementor-section-boxed elementor-section-height-default elementor-section-height-default\" data-id=\"e272e1b\" data-element_type=\"section\" data-settings=\"{&quot;stretch_section&quot;:&quot;section-stretched&quot;,&quot;background_background&quot;:&quot;classic&quot;}\">\n\t\t\t\t\t\t<div class=\"elementor-container elementor-column-gap-no\">\n\t\t\t\t\t<div class=\"elementor-column elementor-col-100 elementor-top-column elementor-element elementor-element-737bf0d\" data-id=\"737bf0d\" data-element_type=\"column\">\n\t\t\t<div class=\"elementor-widget-wrap elementor-element-populated\">\n\t\t\t\t\t\t<div class=\"elementor-element elementor-element-b831de5 elementor-widget elementor-widget-text-editor\" data-id=\"b831de5\" data-element_type=\"widget\" data-widget_type=\"text-editor.default\">\n\t\t\t\t<div class=\"elementor-widget-container\">\n\t\t\t<style>\/*! elementor - v3.20.0 - 13-03-2024 *\/\n.elementor-widget-text-editor.elementor-drop-cap-view-stacked .elementor-drop-cap{background-color:#69727d;color:#fff}.elementor-widget-text-editor.elementor-drop-cap-view-framed .elementor-drop-cap{color:#69727d;border:3px solid;background-color:transparent}.elementor-widget-text-editor:not(.elementor-drop-cap-view-default) .elementor-drop-cap{margin-top:8px}.elementor-widget-text-editor:not(.elementor-drop-cap-view-default) .elementor-drop-cap-letter{width:1em;height:1em}.elementor-widget-text-editor .elementor-drop-cap{float:left;text-align:center;line-height:1;font-size:50px}.elementor-widget-text-editor .elementor-drop-cap-letter{display:inline-block}<\/style>\t\t\t\t<nav id=\"tours\" class=\"main-nav-top with-banner\">\n<div class=\"container\">\n<div class=\"main-nav-holder\">\n<div class=\"slide-nav js-slide-hidden\">\n<ul id=\"slide-nav-ul\">\n \t<li><a href=\"https:\/\/evivatour.com\/it\/da-nang\/\">Da Nang Tours<\/a><\/li>\n \t<li><a href=\"https:\/\/evivatour.com\/it\/da-nang\/guida-di-viaggio-del-da-nang\/\">Guida di Viaggio del Da Nang<\/a><\/li>\n \t<li class=\"active\"><a href=\"https:\/\/evivatour.com\/it\/da-nang\/il-periodo-migliore-per-visitare-il-da-nang\/\">Il Periodo Migliore per Visitare il Da Nang<\/a><\/li>\n<\/ul>\n<\/div>\n<\/div>\n<\/div>\n<\/nav>\t\t\t\t\t\t<\/div>\n\t\t\t\t<\/div>\n\t\t\t\t\t<\/div>\n\t\t<\/div>\n\t\t\t\t\t<\/div>\n\t\t<\/section>\n\t\t\t\t<section class=\"elementor-section elementor-top-section elementor-element elementor-element-b91208b elementor-section-boxed elementor-section-height-default elementor-section-height-default\" data-id=\"b91208b\" data-element_type=\"section\">\n\t\t\t\t\t\t<div class=\"elementor-container elementor-column-gap-default\">\n\t\t\t\t\t<div class=\"elementor-column elementor-col-100 elementor-top-column elementor-element elementor-element-c39167f\" data-id=\"c39167f\" data-element_type=\"column\">\n\t\t\t<div class=\"elementor-widget-wrap elementor-element-populated\">\n\t\t\t\t\t\t<div class=\"elementor-element elementor-element-0b29a02 elementor-drop-cap-yes elementor-drop-cap-view-default elementor-widget elementor-widget-text-editor\" data-id=\"0b29a02\" data-element_type=\"widget\" data-settings=\"{&quot;drop_cap&quot;:&quot;yes&quot;}\" data-widget_type=\"text-editor.default\">\n\t\t\t\t<div class=\"elementor-widget-container\">\n\t\t\t\t\t\t\t<p>Da Nang \u00e8 uno dei cinque centri urbani del Vietnam. Non \u00e8 solo riconosciuto per le sue meravigliose spiagge come My Khe, Non Nuoc,\u2026; \u00e8 anche una citt\u00e0 alla moda con ponti abbaglianti e uno stile di vita attivo. Con queste condizioni, Da Nang \u00e8 diventata una destinazione turistica sicura e di alta qualit\u00e0 negli ultimi cinque anni. Allora, qual \u00e8 <a href=\"https:\/\/evivatour.com\/it\/da-nang\/il-periodo-migliore-per-visitare-il-da-nang\/\">il momento migliore per visitare Da Nang<\/a>? Lo scopriremo in questo post.<\/p><h2>Le stagioni e il clima di Da Nang<\/h2><p>Da Nang ha un clima tropicale con due diverse stagioni: la stagione secca, che va da gennaio ad agosto, e la stagione delle piogge, che va da settembre a dicembre. Ogni stagione a Da Nang \u00e8 appropriata per un particolare tipo di viaggio.<\/p><p><strong>La stagione secca di Da Nang<\/strong><\/p><p>La stagione secca a Da Nang dura da gennaio ad agosto. Questo livello di precipitazioni in questo periodo dell&#8217;anno \u00e8 al minimo.<\/p><p>La stagione secca \u00e8 suddivisa in 4 periodi, con piccole variazioni delle condizioni climatiche tra di loro. La prima fase, nota come fase freddo-secco, inizia a gennaio. Il clima sar\u00e0 secco e freddo, con minime di 20\u00b0C e una temperatura media di 21\u00b0C. La seconda fase, dry-cool, inizia a febbraio. Con il piacevole vento proveniente dall&#8217;oceano e una diminuzione delle precipitazioni, la temperatura aumenter\u00e0 gradualmente. In queste condizioni le attivit\u00e0 all&#8217;aria aperta sono fantastiche, ci si pu\u00f2 divertire a prendere il sole e fare trekking senza paura della pioggia.<\/p><p>La terza fase, caldo-secco, inizia a marzo e dura fino a maggio. In questi mesi la temperatura raggiunge il suo massimo, con massime che raggiungono i 33\u00b0C. Le precipitazioni medie rimangono estremamente basse a marzo e aprile, i mesi pi\u00f9 secchi dell&#8217;anno, per poi aumentare gradualmente a maggio. Il caldo torrido inizia a infastidire le passeggiate o il trekking in citt\u00e0.<\/p><p>La fase finale, calda e secca, dura da giugno ad agosto. Sono i mesi pi\u00f9 caldi dell&#8217;anno, con massime di 35-36\u00b0C, e anche di 40\u00b0C. Inizierai a sperimentare il solito caldo del Vietnam centrale, con lunghi periodi di sole. Indossa un cappello, occhiali da sole, crema solare e mantieniti idratato per proteggerti dalla luce solare diretta.<\/p><p><strong>La stagione delle piogge di Da Nang<\/strong><\/p><p>La stagione delle piogge a Da Nang dura da settembre a dicembre ed \u00e8 divisa in 3 fasi. Durante questi mesi, Da Nang riceve un&#8217;elevata quantit\u00e0 di pioggia. La prima fase, tempestosa, si verifica a settembre quando la maggior parte dei tifoni arriva dal mare. Le precipitazioni sono in media pi\u00f9 del doppio rispetto ad agosto (da 117 mm di agosto a 312 mm di settembre).<\/p><p>La fase tempestosa-fresca, che dura da ottobre a novembre, \u00e8 la seconda fase. In questa citt\u00e0, la temperatura scende in media a 24-25\u00b0C, indicando un clima autunnale. Le precipitazioni medie salgono a 650 mm in ottobre e 432 mm in novembre, rendendo questi due mesi i pi\u00f9 piovosi dell&#8217;anno.<br \/>A dicembre l&#8217;anno termina con un periodo piovoso-fresco. A Danang la temperatura scender\u00e0 a una media di 22\u00b0C, segnando l&#8217;inizio dell&#8217;inverno. Con meno precipitazioni e brezze invernali fredde, sar\u00e0 notevolmente pi\u00f9 piacevole.<\/p><p>La maggior parte delle attivit\u00e0 in spiaggia sono limitate durante la stagione delle piogge, quindi evita di visitare durante questi mesi se vuoi nuotare.<\/p><h2>Stagioni in termini di volume di turismo a Danang<\/h2><p><strong>L&#8217;alta stagione di Da Nang<\/strong><\/p><p>Da giugno ad agosto, Da Nang \u00e8 pi\u00f9 affollato. Questo \u00e8 quando la temperatura ha raggiunto il suo picco, che era compreso tra 32 e 38 gradi Celsius. \u00c8 anche estate, quindi ci saranno molte persone in vacanza, quindi il servizio potrebbe essere troppo caro. Sembra che non ci sia un buon momento per te se non ti piacciono le aree affollate.<\/p><p><strong>Stagione delle spalle: la stagione migliore per viaggiare a Da Nang<\/strong><\/p><p>La stagione delle spalle (da febbraio a maggio) \u00e8 il periodo ideale per viaggiare a Da Nang. Il cielo \u00e8 luminoso di luce solare, l&#8217;umidit\u00e0 \u00e8 bassa e la temperatura \u00e8 incantevole, intorno ai 28\u00b0C. La tua esperienza in spiaggia sar\u00e0 fantastica perch\u00e9 Da Nang non \u00e8 sovraffollata di turisti in quel momento. Anche il costo dei servizi \u00e8 stabile e coerente in questo momento.<\/p><p><strong>La bassa stagione di Da Nang<\/strong><\/p><p>Se hai un budget limitato, l&#8217;Offseason (da ottobre a gennaio) \u00e8 una buona opzione. In questo momento, non ci sono quasi turisti a Da Nang. Questo \u00e8 anche il periodo dell&#8217;anno in cui le piogge sono pi\u00f9 probabili (circa 20 giorni al mese in media) e le temperature sono pi\u00f9 fresche (20 \u2013 30\u00b0C). Non potrai partecipare ad attivit\u00e0 in spiaggia come prendere il sole, nuotare, fare surf, ecc., ma potrai visitare la citt\u00e0 e le attrazioni circostanti come il Santuario di My Son e l&#8217;antica citt\u00e0 di Hoi An.<\/p><p>In base alle tue esigenze e ai tuoi interessi, puoi selezionare una delle tre stagioni per vivere la migliore esperienza di vacanza a Da Nang.<\/p><h2>Conclusione<\/h2><p>Poich\u00e9 Da Nang \u00e8 famosa per le sue spiagge, l&#8217;estate \u00e8 la stagione perfetta per viaggiare. Tuttavia, se vuoi fare un viaggio avventuroso o vedere i siti, puoi prenotare un volo per Da Nang durante la bassa stagione. Ogni stagione ha il suo sapore distinto. Con una destinazione decente e affidabile come Da Nang, non sarai mai frustrato dalla visita in qualsiasi momento!<\/p>\t\t\t\t\t\t<\/div>\n\t\t\t\t<\/div>\n\t\t\t\t\t<\/div>\n\t\t<\/div>\n\t\t\t\t\t<\/div>\n\t\t<\/section>\n\t\t\t\t<section class=\"elementor-section elementor-top-section elementor-element elementor-element-f8d565b elementor-section-boxed elementor-section-height-default elementor-section-height-default\" data-id=\"f8d565b\" data-element_type=\"section\">\n\t\t\t\t\t\t<div class=\"elementor-container elementor-column-gap-default\">\n\t\t\t\t\t<div class=\"elementor-column elementor-col-100 elementor-top-column elementor-element elementor-element-7537ca5\" data-id=\"7537ca5\" data-element_type=\"column\">\n\t\t\t<div class=\"elementor-widget-wrap elementor-element-populated\">\n\t\t\t\t\t\t<div class=\"elementor-element elementor-element-8c1b243 elementor-widget-divider--view-line elementor-widget elementor-widget-divider\" data-id=\"8c1b243\" data-element_type=\"widget\" data-widget_type=\"divider.default\">\n\t\t\t\t<div class=\"elementor-widget-container\">\n\t\t\t<style>\/*! elementor - v3.20.0 - 13-03-2024 *\/\n.elementor-widget-divider{--divider-border-style:none;--divider-border-width:1px;--divider-color:#0c0d0e;--divider-icon-size:20px;--divider-element-spacing:10px;--divider-pattern-height:24px;--divider-pattern-size:20px;--divider-pattern-url:none;--divider-pattern-repeat:repeat-x}.elementor-widget-divider .elementor-divider{display:flex}.elementor-widget-divider .elementor-divider__text{font-size:15px;line-height:1;max-width:95%}.elementor-widget-divider .elementor-divider__element{margin:0 var(--divider-element-spacing);flex-shrink:0}.elementor-widget-divider .elementor-icon{font-size:var(--divider-icon-size)}.elementor-widget-divider .elementor-divider-separator{display:flex;margin:0;direction:ltr}.elementor-widget-divider--view-line_icon .elementor-divider-separator,.elementor-widget-divider--view-line_text .elementor-divider-separator{align-items:center}.elementor-widget-divider--view-line_icon .elementor-divider-separator:after,.elementor-widget-divider--view-line_icon .elementor-divider-separator:before,.elementor-widget-divider--view-line_text .elementor-divider-separator:after,.elementor-widget-divider--view-line_text .elementor-divider-separator:before{display:block;content:\"\";border-block-end:0;flex-grow:1;border-block-start:var(--divider-border-width) var(--divider-border-style) var(--divider-color)}.elementor-widget-divider--element-align-left .elementor-divider .elementor-divider-separator>.elementor-divider__svg:first-of-type{flex-grow:0;flex-shrink:100}.elementor-widget-divider--element-align-left .elementor-divider-separator:before{content:none}.elementor-widget-divider--element-align-left .elementor-divider__element{margin-left:0}.elementor-widget-divider--element-align-right .elementor-divider .elementor-divider-separator>.elementor-divider__svg:last-of-type{flex-grow:0;flex-shrink:100}.elementor-widget-divider--element-align-right .elementor-divider-separator:after{content:none}.elementor-widget-divider--element-align-right .elementor-divider__element{margin-right:0}.elementor-widget-divider--element-align-start .elementor-divider .elementor-divider-separator>.elementor-divider__svg:first-of-type{flex-grow:0;flex-shrink:100}.elementor-widget-divider--element-align-start .elementor-divider-separator:before{content:none}.elementor-widget-divider--element-align-start .elementor-divider__element{margin-inline-start:0}.elementor-widget-divider--element-align-end .elementor-divider .elementor-divider-separator>.elementor-divider__svg:last-of-type{flex-grow:0;flex-shrink:100}.elementor-widget-divider--element-align-end .elementor-divider-separator:after{content:none}.elementor-widget-divider--element-align-end .elementor-divider__element{margin-inline-end:0}.elementor-widget-divider:not(.elementor-widget-divider--view-line_text):not(.elementor-widget-divider--view-line_icon) .elementor-divider-separator{border-block-start:var(--divider-border-width) var(--divider-border-style) var(--divider-color)}.elementor-widget-divider--separator-type-pattern{--divider-border-style:none}.elementor-widget-divider--separator-type-pattern.elementor-widget-divider--view-line .elementor-divider-separator,.elementor-widget-divider--separator-type-pattern:not(.elementor-widget-divider--view-line) .elementor-divider-separator:after,.elementor-widget-divider--separator-type-pattern:not(.elementor-widget-divider--view-line) .elementor-divider-separator:before,.elementor-widget-divider--separator-type-pattern:not([class*=elementor-widget-divider--view]) .elementor-divider-separator{width:100%;min-height:var(--divider-pattern-height);-webkit-mask-size:var(--divider-pattern-size) 100%;mask-size:var(--divider-pattern-size) 100%;-webkit-mask-repeat:var(--divider-pattern-repeat);mask-repeat:var(--divider-pattern-repeat);background-color:var(--divider-color);-webkit-mask-image:var(--divider-pattern-url);mask-image:var(--divider-pattern-url)}.elementor-widget-divider--no-spacing{--divider-pattern-size:auto}.elementor-widget-divider--bg-round{--divider-pattern-repeat:round}.rtl .elementor-widget-divider .elementor-divider__text{direction:rtl}.e-con-inner>.elementor-widget-divider,.e-con>.elementor-widget-divider{width:var(--container-widget-width,100%);--flex-grow:var(--container-widget-flex-grow)}<\/style>\t\t<div class=\"elementor-divider\">\n\t\t\t<span class=\"elementor-divider-separator\">\n\t\t\t\t\t\t<\/span>\n\t\t<\/div>\n\t\t\t\t<\/div>\n\t\t\t\t<\/div>\n\t\t\t\t<div class=\"elementor-element elementor-element-1ab9ff2 elementor-widget elementor-widget-text-editor\" data-id=\"1ab9ff2\" data-element_type=\"widget\" data-widget_type=\"text-editor.default\">\n\t\t\t\t<div class=\"elementor-widget-container\">\n\t\t\t\t\t\t\t<h2>Crea il tuo viaggio su misura in Da Nang, Vietnam<\/h2><p>In viaggio in Da Nang? Chatta con uno specialista di viaggi locale in Da Nang, che pu\u00f2 aiutarti a organizzare il tuo viaggio.<\/p>\t\t\t\t\t\t<\/div>\n\t\t\t\t<\/div>\n\t\t\t\t<div class=\"elementor-element elementor-element-8ed9d3c elementor-align-center elementor-widget elementor-widget-button\" data-id=\"8ed9d3c\" data-element_type=\"widget\" data-widget_type=\"button.default\">\n\t\t\t\t<div class=\"elementor-widget-container\">\n\t\t\t\t\t<div class=\"elementor-button-wrapper\">\n\t\t\t<a class=\"elementor-button elementor-button-link elementor-size-sm\" href=\"https:\/\/evivatour.com\/it\/personalizza-il-tuo-tour\/\">\n\t\t\t\t\t\t<span class=\"elementor-button-content-wrapper\">\n\t\t\t\t\t\t<span class=\"elementor-button-text\">COMINCIA QUI<\/span>\n\t\t<\/span>\n\t\t\t\t\t<\/a>\n\t\t<\/div>\n\t\t\t\t<\/div>\n\t\t\t\t<\/div>\n\t\t\t\t\t<\/div>\n\t\t<\/div>\n\t\t\t\t\t<\/div>\n\t\t<\/section>\n\t\t\t\t<\/div>\n\t\t","protected":false},"excerpt":{"rendered":"<p>Da Nang Tours Guida di Viaggio del Da Nang Il Periodo Migliore per Visitare il Da Nang Da Nang \u00e8 uno dei cinque centri urbani del Vietnam. Non \u00e8 solo riconosciuto per le sue meravigliose spiagge come My Khe, Non Nuoc,\u2026; \u00e8 anche una citt\u00e0 alla moda con ponti abbaglianti e uno stile di vita [&hellip;]<\/p>\n","protected":false},"author":1,"featured_media":0,"parent":8849,"menu_order":0,"comment_status":"closed","ping_status":"closed","template":"","meta":{"inline_featured_image":false,"footnotes":""},"class_list":["post-8851","page","type-page","status-publish","hentry"],"yoast_head":"<!-- This site is optimized with the Yoast SEO plugin v26.9 - https:\/\/yoast.com\/product\/yoast-seo-wordpress\/ -->\n<title>Il meglio periodo da visitare Danang. Quando dovreste viaggiare a Danang?<\/title>\n<meta name=\"description\" content=\"Danang \u00e8 diventata una destinazione turistica sicura e di alta qualit\u00e0 negli ultimi cinque anni. Quindi, quando \u00e8 il momento migliore per visitare Da Nang? Lo scopriremo in questo post.\" \/>\n<meta name=\"robots\" content=\"index, follow, max-snippet:-1, max-image-preview:large, max-video-preview:-1\" \/>\n<link rel=\"canonical\" href=\"https:\/\/evivatour.com\/it\/da-nang\/il-periodo-migliore-per-visitare-il-da-nang\/\" \/>\n<meta property=\"og:locale\" content=\"en_US\" \/>\n<meta property=\"og:type\" content=\"article\" \/>\n<meta property=\"og:title\" content=\"Il meglio periodo da visitare Danang. Quando dovreste viaggiare a Danang?\" \/>\n<meta property=\"og:description\" content=\"Danang \u00e8 diventata una destinazione turistica sicura e di alta qualit\u00e0 negli ultimi cinque anni. Quindi, quando \u00e8 il momento migliore per visitare Da Nang? Lo scopriremo in questo post.\" \/>\n<meta property=\"og:url\" content=\"https:\/\/evivatour.com\/it\/da-nang\/il-periodo-migliore-per-visitare-il-da-nang\/\" \/>\n<meta property=\"og:site_name\" content=\"Eviva Tour\" \/>\n<meta property=\"article:modified_time\" content=\"2023-10-17T02:39:54+00:00\" \/>\n<meta name=\"twitter:card\" content=\"summary_large_image\" \/>\n<meta name=\"twitter:label1\" content=\"Est. reading time\" \/>\n\t<meta name=\"twitter:data1\" content=\"5 minutes\" \/>\n<script type=\"application\/ld+json\" class=\"yoast-schema-graph\">{\"@context\":\"https:\/\/schema.org\",\"@graph\":[{\"@type\":\"WebPage\",\"@id\":\"https:\/\/evivatour.com\/it\/da-nang\/il-periodo-migliore-per-visitare-il-da-nang\/\",\"url\":\"https:\/\/evivatour.com\/it\/da-nang\/il-periodo-migliore-per-visitare-il-da-nang\/\",\"name\":\"Il meglio periodo da visitare Danang. Quando dovreste viaggiare a Danang?\",\"isPartOf\":{\"@id\":\"https:\/\/evivatour.com\/it\/#website\"},\"datePublished\":\"2021-08-26T09:01:07+00:00\",\"dateModified\":\"2023-10-17T02:39:54+00:00\",\"description\":\"Danang \u00e8 diventata una destinazione turistica sicura e di alta qualit\u00e0 negli ultimi cinque anni. Quindi, quando \u00e8 il momento migliore per visitare Da Nang? Lo scopriremo in questo post.\",\"breadcrumb\":{\"@id\":\"https:\/\/evivatour.com\/it\/da-nang\/il-periodo-migliore-per-visitare-il-da-nang\/#breadcrumb\"},\"inLanguage\":\"en-US\",\"potentialAction\":[{\"@type\":\"ReadAction\",\"target\":[\"https:\/\/evivatour.com\/it\/da-nang\/il-periodo-migliore-per-visitare-il-da-nang\/\"]}]},{\"@type\":\"BreadcrumbList\",\"@id\":\"https:\/\/evivatour.com\/it\/da-nang\/il-periodo-migliore-per-visitare-il-da-nang\/#breadcrumb\",\"itemListElement\":[{\"@type\":\"ListItem\",\"position\":1,\"name\":\"Home\",\"item\":\"https:\/\/evivatour.com\/it\/\"},{\"@type\":\"ListItem\",\"position\":2,\"name\":\"Da Nang Tour e Viaggi 2026\",\"item\":\"https:\/\/evivatour.com\/it\/da-nang\/\"},{\"@type\":\"ListItem\",\"position\":3,\"name\":\"Il Periodo Migliore per Visitare il Da Nang\"}]},{\"@type\":\"WebSite\",\"@id\":\"https:\/\/evivatour.com\/it\/#website\",\"url\":\"https:\/\/evivatour.com\/it\/\",\"name\":\"Eviva Tour\",\"description\":\"Smile every mile\",\"publisher\":{\"@id\":\"https:\/\/evivatour.com\/it\/#organization\"},\"potentialAction\":[{\"@type\":\"SearchAction\",\"target\":{\"@type\":\"EntryPoint\",\"urlTemplate\":\"https:\/\/evivatour.com\/it\/?s={search_term_string}\"},\"query-input\":{\"@type\":\"PropertyValueSpecification\",\"valueRequired\":true,\"valueName\":\"search_term_string\"}}],\"inLanguage\":\"en-US\"},{\"@type\":\"Organization\",\"@id\":\"https:\/\/evivatour.com\/it\/#organization\",\"name\":\"Eviva Tour\",\"url\":\"https:\/\/evivatour.com\/it\/\",\"logo\":{\"@type\":\"ImageObject\",\"inLanguage\":\"en-US\",\"@id\":\"https:\/\/evivatour.com\/it\/#\/schema\/logo\/image\/\",\"url\":\"https:\/\/evivatour.com\/it\/wp-content\/uploads\/2021\/08\/cropped-eviva-tour-vietnam.png\",\"contentUrl\":\"https:\/\/evivatour.com\/it\/wp-content\/uploads\/2021\/08\/cropped-eviva-tour-vietnam.png\",\"width\":280,\"height\":185,\"caption\":\"Eviva Tour\"},\"image\":{\"@id\":\"https:\/\/evivatour.com\/it\/#\/schema\/logo\/image\/\"}}]}<\/script>\n<!-- \/ Yoast SEO plugin. -->","yoast_head_json":{"title":"Il meglio periodo da visitare Danang. Quando dovreste viaggiare a Danang?","description":"Danang \u00e8 diventata una destinazione turistica sicura e di alta qualit\u00e0 negli ultimi cinque anni. Quindi, quando \u00e8 il momento migliore per visitare Da Nang? Lo scopriremo in questo post.","robots":{"index":"index","follow":"follow","max-snippet":"max-snippet:-1","max-image-preview":"max-image-preview:large","max-video-preview":"max-video-preview:-1"},"canonical":"https:\/\/evivatour.com\/it\/da-nang\/il-periodo-migliore-per-visitare-il-da-nang\/","og_locale":"en_US","og_type":"article","og_title":"Il meglio periodo da visitare Danang. Quando dovreste viaggiare a Danang?","og_description":"Danang \u00e8 diventata una destinazione turistica sicura e di alta qualit\u00e0 negli ultimi cinque anni. Quindi, quando \u00e8 il momento migliore per visitare Da Nang? Lo scopriremo in questo post.","og_url":"https:\/\/evivatour.com\/it\/da-nang\/il-periodo-migliore-per-visitare-il-da-nang\/","og_site_name":"Eviva Tour","article_modified_time":"2023-10-17T02:39:54+00:00","twitter_card":"summary_large_image","twitter_misc":{"Est. reading time":"5 minutes"},"schema":{"@context":"https:\/\/schema.org","@graph":[{"@type":"WebPage","@id":"https:\/\/evivatour.com\/it\/da-nang\/il-periodo-migliore-per-visitare-il-da-nang\/","url":"https:\/\/evivatour.com\/it\/da-nang\/il-periodo-migliore-per-visitare-il-da-nang\/","name":"Il meglio periodo da visitare Danang. Quando dovreste viaggiare a Danang?","isPartOf":{"@id":"https:\/\/evivatour.com\/it\/#website"},"datePublished":"2021-08-26T09:01:07+00:00","dateModified":"2023-10-17T02:39:54+00:00","description":"Danang \u00e8 diventata una destinazione turistica sicura e di alta qualit\u00e0 negli ultimi cinque anni. Quindi, quando \u00e8 il momento migliore per visitare Da Nang? Lo scopriremo in questo post.","breadcrumb":{"@id":"https:\/\/evivatour.com\/it\/da-nang\/il-periodo-migliore-per-visitare-il-da-nang\/#breadcrumb"},"inLanguage":"en-US","potentialAction":[{"@type":"ReadAction","target":["https:\/\/evivatour.com\/it\/da-nang\/il-periodo-migliore-per-visitare-il-da-nang\/"]}]},{"@type":"BreadcrumbList","@id":"https:\/\/evivatour.com\/it\/da-nang\/il-periodo-migliore-per-visitare-il-da-nang\/#breadcrumb","itemListElement":[{"@type":"ListItem","position":1,"name":"Home","item":"https:\/\/evivatour.com\/it\/"},{"@type":"ListItem","position":2,"name":"Da Nang Tour e Viaggi 2026","item":"https:\/\/evivatour.com\/it\/da-nang\/"},{"@type":"ListItem","position":3,"name":"Il Periodo Migliore per Visitare il Da Nang"}]},{"@type":"WebSite","@id":"https:\/\/evivatour.com\/it\/#website","url":"https:\/\/evivatour.com\/it\/","name":"Eviva Tour","description":"Smile every mile","publisher":{"@id":"https:\/\/evivatour.com\/it\/#organization"},"potentialAction":[{"@type":"SearchAction","target":{"@type":"EntryPoint","urlTemplate":"https:\/\/evivatour.com\/it\/?s={search_term_string}"},"query-input":{"@type":"PropertyValueSpecification","valueRequired":true,"valueName":"search_term_string"}}],"inLanguage":"en-US"},{"@type":"Organization","@id":"https:\/\/evivatour.com\/it\/#organization","name":"Eviva Tour","url":"https:\/\/evivatour.com\/it\/","logo":{"@type":"ImageObject","inLanguage":"en-US","@id":"https:\/\/evivatour.com\/it\/#\/schema\/logo\/image\/","url":"https:\/\/evivatour.com\/it\/wp-content\/uploads\/2021\/08\/cropped-eviva-tour-vietnam.png","contentUrl":"https:\/\/evivatour.com\/it\/wp-content\/uploads\/2021\/08\/cropped-eviva-tour-vietnam.png","width":280,"height":185,"caption":"Eviva Tour"},"image":{"@id":"https:\/\/evivatour.com\/it\/#\/schema\/logo\/image\/"}}]}},"_links":{"self":[{"href":"https:\/\/evivatour.com\/it\/wp-json\/wp\/v2\/pages\/8851","targetHints":{"allow":["GET"]}}],"collection":[{"href":"https:\/\/evivatour.com\/it\/wp-json\/wp\/v2\/pages"}],"about":[{"href":"https:\/\/evivatour.com\/it\/wp-json\/wp\/v2\/types\/page"}],"author":[{"embeddable":true,"href":"https:\/\/evivatour.com\/it\/wp-json\/wp\/v2\/users\/1"}],"replies":[{"embeddable":true,"href":"https:\/\/evivatour.com\/it\/wp-json\/wp\/v2\/comments?post=8851"}],"version-history":[{"count":2,"href":"https:\/\/evivatour.com\/it\/wp-json\/wp\/v2\/pages\/8851\/revisions"}],"predecessor-version":[{"id":16922,"href":"https:\/\/evivatour.com\/it\/wp-json\/wp\/v2\/pages\/8851\/revisions\/16922"}],"up":[{"embeddable":true,"href":"https:\/\/evivatour.com\/it\/wp-json\/wp\/v2\/pages\/8849"}],"wp:attachment":[{"href":"https:\/\/evivatour.com\/it\/wp-json\/wp\/v2\/media?parent=8851"}],"curies":[{"name":"wp","href":"https:\/\/api.w.org\/{rel}","templated":true}]}}