{"id":9424,"date":"2021-08-27T16:22:09","date_gmt":"2021-08-27T09:22:09","guid":{"rendered":"https:\/\/evivatour.com\/it\/?page_id=9424"},"modified":"2023-10-17T09:46:06","modified_gmt":"2023-10-17T02:46:06","slug":"il-periodo-migliore-per-visitare-il-hoi-an","status":"publish","type":"page","link":"https:\/\/evivatour.com\/it\/hoi-an\/il-periodo-migliore-per-visitare-il-hoi-an\/","title":{"rendered":"Il Periodo Migliore per Visitare il Hoi An"},"content":{"rendered":"\t\t<div data-elementor-type=\"wp-page\" data-elementor-id=\"9424\" class=\"elementor elementor-9424\">\n\t\t\t\t\t\t<section class=\"elementor-section elementor-top-section elementor-element elementor-element-e272e1b elementor-section-stretched elementor-section-boxed elementor-section-height-default elementor-section-height-default\" data-id=\"e272e1b\" data-element_type=\"section\" data-settings=\"{&quot;stretch_section&quot;:&quot;section-stretched&quot;,&quot;background_background&quot;:&quot;classic&quot;}\">\n\t\t\t\t\t\t<div class=\"elementor-container elementor-column-gap-no\">\n\t\t\t\t\t<div class=\"elementor-column elementor-col-100 elementor-top-column elementor-element elementor-element-737bf0d\" data-id=\"737bf0d\" data-element_type=\"column\">\n\t\t\t<div class=\"elementor-widget-wrap elementor-element-populated\">\n\t\t\t\t\t\t<div class=\"elementor-element elementor-element-b831de5 elementor-widget elementor-widget-text-editor\" data-id=\"b831de5\" data-element_type=\"widget\" data-widget_type=\"text-editor.default\">\n\t\t\t\t<div class=\"elementor-widget-container\">\n\t\t\t<style>\/*! elementor - v3.20.0 - 13-03-2024 *\/\n.elementor-widget-text-editor.elementor-drop-cap-view-stacked .elementor-drop-cap{background-color:#69727d;color:#fff}.elementor-widget-text-editor.elementor-drop-cap-view-framed .elementor-drop-cap{color:#69727d;border:3px solid;background-color:transparent}.elementor-widget-text-editor:not(.elementor-drop-cap-view-default) .elementor-drop-cap{margin-top:8px}.elementor-widget-text-editor:not(.elementor-drop-cap-view-default) .elementor-drop-cap-letter{width:1em;height:1em}.elementor-widget-text-editor .elementor-drop-cap{float:left;text-align:center;line-height:1;font-size:50px}.elementor-widget-text-editor .elementor-drop-cap-letter{display:inline-block}<\/style>\t\t\t\t<nav id=\"tours\" class=\"main-nav-top with-banner\">\n<div class=\"container\">\n<div class=\"main-nav-holder\">\n<div class=\"slide-nav js-slide-hidden\">\n<ul id=\"slide-nav-ul\">\n \t<li><a href=\"https:\/\/evivatour.com\/it\/hoi-an\/\">Tour Del Hoi An<\/a><\/li>\n \t<li><a href=\"https:\/\/evivatour.com\/it\/hoi-an\/guida-di-viaggio-del-hoi-an\/\">Guida di Viaggio del Hoi An<\/a><\/li>\n \t<li class=\"active\"><a href=\"https:\/\/evivatour.com\/it\/hoi-an\/il-periodo-migliore-per-visitare-il-hoi-an\/\">Il Periodo Migliore per Visitare il Hoi An<\/a><\/li>\n<\/ul>\n<\/div>\n<\/div>\n<\/div>\n<\/nav>\t\t\t\t\t\t<\/div>\n\t\t\t\t<\/div>\n\t\t\t\t\t<\/div>\n\t\t<\/div>\n\t\t\t\t\t<\/div>\n\t\t<\/section>\n\t\t\t\t<section class=\"elementor-section elementor-top-section elementor-element elementor-element-b91208b elementor-section-boxed elementor-section-height-default elementor-section-height-default\" data-id=\"b91208b\" data-element_type=\"section\">\n\t\t\t\t\t\t<div class=\"elementor-container elementor-column-gap-default\">\n\t\t\t\t\t<div class=\"elementor-column elementor-col-100 elementor-top-column elementor-element elementor-element-c39167f\" data-id=\"c39167f\" data-element_type=\"column\">\n\t\t\t<div class=\"elementor-widget-wrap elementor-element-populated\">\n\t\t\t\t\t\t<div class=\"elementor-element elementor-element-0b29a02 elementor-widget elementor-widget-text-editor\" data-id=\"0b29a02\" data-element_type=\"widget\" data-widget_type=\"text-editor.default\">\n\t\t\t\t<div class=\"elementor-widget-container\">\n\t\t\t\t\t\t\t<p>Hoi An \u00e8 una destinazione famosa in tutto il mondo con un interessante significato culturale. \u00c8 anche riconosciuto dall&#8217;UNESCO come sito del patrimonio culturale mondiale dal 1999. Il <a href=\"https:\/\/evivatour.com\/it\/hoi-an\/il-periodo-migliore-per-visitare-il-hoi-an\/\">clima a Hoi An<\/a> ha alcune caratteristiche tipiche del monsone tropicale e del mare orientale. Pertanto, prima di organizzare un viaggio a Hoi An, dovresti sapere quando il momento migliore per visitare Hoi An \u00e8 ottenere il massimo dal tuo viaggio. In questo articolo, Eviva Tour ti aiuter\u00e0 a dare un&#8217;occhiata al tempo a Hoi An e ad altri aspetti come le stagioni turistiche e i consigli sull&#8217;imballaggio per aiutarti a pianificare meglio il tuo viaggio.<\/p><h2>Il clima in Hoi An<\/h2><p>Situato nella costa centro-meridionale del Vietnam, il clima a Hoi An esprime le caratteristiche distintive di un clima tropicale monsonico. Quindi, Hoi An ha solo due stagioni: una stagione secca e una stagione delle piogge (stagione delle piogge). Ogni stagione possiede caratteristiche uniche e consente ai viaggiatori di godersi Hoi An in modi diversi.<\/p><p><strong>La stagione secca in Hoi An<\/strong><\/p><p>La stagione secca \u00e8 divisa in due parti. La prima fase dura da febbraio a maggio. Questa volta, quando il sole sorge principalmente, le temperature sono elevate e le precipitazioni minime. Con queste condizioni meteorologiche, i visitatori possono sentirsi pi\u00f9 piacevoli ed \u00e8 anche un buon momento per passeggiare, esplorare i porti, i musei e molte antiche reliquie in questa citt\u00e0, un sito patrimonio dell&#8217;UNESCO. La seconda fase inizia a giugno e dura fino a luglio con la temperatura pi\u00f9 alta che raggiunge i 38\u00b0C a met\u00e0 giornata e la temperatura pi\u00f9 bassa scende a 21\u00b0C di notte. Quindi, questo \u00e8 il momento ideale per godersi la spiaggia e le attivit\u00e0 all&#8217;aperto.<\/p><p><strong>La stagione umida in Hoi An<\/strong><\/p><p>La stagione delle piogge inizia da agosto a gennaio del prossimo anno. Anche l&#8217;inizio di agosto \u00e8 un periodo caldo, ma alla fine di questo mese iniziano a piovere pioviggine e le temperature scendono notevolmente a settembre. Questi tempi sono perfetti per visitare Hoi An se il tuo interesse principale \u00e8 esplorare i siti del patrimonio.<\/p><p>Entro ottobre, l&#8217;affitto degli alloggi inizia a diminuire. Ottobre e novembre sono spesso i mesi pi\u00f9 piovosi dell&#8217;intero anno. Tifoni, inondazioni di solito si verificano durante questi due mesi. Quindi, la maggior parte delle persone normalmente evita di viaggiare a Hoi An questa volta. Tuttavia, negli ultimi anni, risentendo dei cambiamenti climatici, il tempo pu\u00f2 essere benedetto da un ampio soleggiamento in diversi giorni.<\/p><p>L&#8217;umidit\u00e0 e la temperatura iniziano a diminuire alla fine di novembre. La temperatura \u00e8 di circa 20\u00b0C in novembre e dicembre. Quindi, ci sono pochissime attivit\u00e0 svolte in questo momento.<\/p><p>In generale, il clima da giugno a settembre \u00e8 il periodo pi\u00f9 caldo, mentre il clima da novembre a settembre \u00e8 il periodo pi\u00f9 freddo. In particolare, di seguito \u00e8 riportata la tabella che mostra maggiori dettagli sul Tempo a Hoi An, che \u00e8 descritto dalla temperatura mensile a Hoi An.<\/p><h2>Il periodo migliore per visit Hoi An<\/h2><p>Per riassumere, il periodo migliore per visitare Hoi An va da gennaio a luglio a causa del suo clima secco e soleggiato. Nel periodo gennaio-aprile la temperatura \u00e8 calda di giorno e leggermente fresca quando scende la notte tra i 25\u00b0C ei 33\u00b0C. Durante questi periodi, puoi goderti tutti i tipi di attivit\u00e0 e visitare ogni attrazione senza preoccuparti del tempo. Da maggio a luglio la temperatura \u00e8 un po&#8217; pi\u00f9 alta rispetto al periodo precedente. Pertanto, le attivit\u00e0 all&#8217;aperto come passeggiare per la citt\u00e0 antica o andare in bicicletta non sono l&#8217;ideale, ma le spiagge di Hoi An sono perfette in questo momento.<\/p><h2>Stagioni in termini di volume di turismo<\/h2><p><strong>Hoi An in alta stagione<\/strong><\/p><p>Come accennato in precedenza, la temperatura da febbraio a giugno varia tra 24 e 29 gradi Celsius con molto sole, bassa umidit\u00e0 e il minor livello di precipitazioni. Quindi, questo \u00e8 il momento in cui Hoi An si vanta del suo fascino nel modo pi\u00f9 ovvio e fa appello al maggior numero di visitatori in un anno. Venendo a Hoi An in questo momento, dovresti prenotare l&#8217;alloggio e il biglietto aereo con circa 1 mese di anticipo perch\u00e9 i prezzi possono aumentare del solito durante l&#8217;alta stagione a Hoi An.<\/p><p><strong>Hoi An nella stagione delle spalle<\/strong><\/p><p>Da luglio a settembre, i prezzi sono pi\u00f9 accettabili. Perch\u00e9 la temperatura a Hoi An da luglio ad agosto \u00e8 piuttosto estrema, raggiungendo i 38\u00b0C durante il giorno. Quindi, sembra che prendere il sole sulle spiagge non sia una scelta perfetta per la maggior parte delle persone. A settembre inizia a piovigginare, molte attivit\u00e0 in spiaggia non possono essere organizzate in breve tempo.<\/p><p><strong>Hoi An in bassa stagione<\/strong><\/p><p>Da ottobre a gennaio \u00e8 il periodo pi\u00f9 piovoso dell&#8217;anno. Calamit\u00e0 come tifoni, inondazioni si verificano spesso in questi tempi, ma la vita continua come al solito per la gente del posto. Viaggiare in barca e camminare in acque profonde fino alle ginocchia sono piuttosto interessanti per i visitatori. Inoltre, con molte precipitazioni, le attivit\u00e0 sulla spiaggia rimangono chiuse durante questo periodo.<\/p><h2>Consigli sull&#8217;imballaggio quando si visita Hoi An<\/h2><p><strong>Consigli sull&#8217;imballaggio quando si viaggia nella stagione secca<\/strong><\/p><ul><li>Acqua: in questi tempi puoi facilmente sudare e avere sete, quindi dovresti bere abbastanza acqua e non dimenticare di portare una bottiglia d&#8217;acqua al tuo fianco.<\/li><li>Crema solare: la pelle deve essere protetta con crema solare, crema idratante per evitare il sole cocente, soprattutto a giugno e luglio.<\/li><li>Occhiali da sole.<\/li><li>Cappelli.<\/li><li>Vestiti leggeri.<\/li><li>Ombrello.<\/li><li>Se hai intenzione di visitare i templi, metti in valigia abiti adeguati.<\/li><li>Costumi da bagno se vai in spiaggia<\/li><\/ul><p><strong>Consigli sull&#8217;imballaggio quando si viaggia nella stagione delle piogge<\/strong><\/p><p>La stagione delle piogge (piovose) in Vietnam pu\u00f2 essere davvero deprimente. Quindi, gli oggetti pi\u00f9 importanti da avere sono cappelli e impermeabili perch\u00e9 la pioggia potrebbe cadere in qualsiasi momento.<\/p><p>A seconda del punto di vista divergente, le definizioni del periodo migliore per visitare Hoi An sono diverse. Pensa solo a cosa vuoi durante il viaggio e prendi le decisioni al momento giusto per vivere il miglior viaggio di Hoi An con esperienze interessanti.<\/p>\t\t\t\t\t\t<\/div>\n\t\t\t\t<\/div>\n\t\t\t\t\t<\/div>\n\t\t<\/div>\n\t\t\t\t\t<\/div>\n\t\t<\/section>\n\t\t\t\t<section class=\"elementor-section elementor-top-section elementor-element elementor-element-f8d565b elementor-section-boxed elementor-section-height-default elementor-section-height-default\" data-id=\"f8d565b\" data-element_type=\"section\">\n\t\t\t\t\t\t<div class=\"elementor-container elementor-column-gap-default\">\n\t\t\t\t\t<div class=\"elementor-column elementor-col-100 elementor-top-column elementor-element elementor-element-7537ca5\" data-id=\"7537ca5\" data-element_type=\"column\">\n\t\t\t<div class=\"elementor-widget-wrap elementor-element-populated\">\n\t\t\t\t\t\t<div class=\"elementor-element elementor-element-8c1b243 elementor-widget-divider--view-line elementor-widget elementor-widget-divider\" data-id=\"8c1b243\" data-element_type=\"widget\" data-widget_type=\"divider.default\">\n\t\t\t\t<div class=\"elementor-widget-container\">\n\t\t\t<style>\/*! elementor - v3.20.0 - 13-03-2024 *\/\n.elementor-widget-divider{--divider-border-style:none;--divider-border-width:1px;--divider-color:#0c0d0e;--divider-icon-size:20px;--divider-element-spacing:10px;--divider-pattern-height:24px;--divider-pattern-size:20px;--divider-pattern-url:none;--divider-pattern-repeat:repeat-x}.elementor-widget-divider .elementor-divider{display:flex}.elementor-widget-divider .elementor-divider__text{font-size:15px;line-height:1;max-width:95%}.elementor-widget-divider .elementor-divider__element{margin:0 var(--divider-element-spacing);flex-shrink:0}.elementor-widget-divider .elementor-icon{font-size:var(--divider-icon-size)}.elementor-widget-divider .elementor-divider-separator{display:flex;margin:0;direction:ltr}.elementor-widget-divider--view-line_icon .elementor-divider-separator,.elementor-widget-divider--view-line_text .elementor-divider-separator{align-items:center}.elementor-widget-divider--view-line_icon .elementor-divider-separator:after,.elementor-widget-divider--view-line_icon .elementor-divider-separator:before,.elementor-widget-divider--view-line_text .elementor-divider-separator:after,.elementor-widget-divider--view-line_text .elementor-divider-separator:before{display:block;content:\"\";border-block-end:0;flex-grow:1;border-block-start:var(--divider-border-width) var(--divider-border-style) var(--divider-color)}.elementor-widget-divider--element-align-left .elementor-divider .elementor-divider-separator>.elementor-divider__svg:first-of-type{flex-grow:0;flex-shrink:100}.elementor-widget-divider--element-align-left .elementor-divider-separator:before{content:none}.elementor-widget-divider--element-align-left .elementor-divider__element{margin-left:0}.elementor-widget-divider--element-align-right .elementor-divider .elementor-divider-separator>.elementor-divider__svg:last-of-type{flex-grow:0;flex-shrink:100}.elementor-widget-divider--element-align-right .elementor-divider-separator:after{content:none}.elementor-widget-divider--element-align-right .elementor-divider__element{margin-right:0}.elementor-widget-divider--element-align-start .elementor-divider .elementor-divider-separator>.elementor-divider__svg:first-of-type{flex-grow:0;flex-shrink:100}.elementor-widget-divider--element-align-start .elementor-divider-separator:before{content:none}.elementor-widget-divider--element-align-start .elementor-divider__element{margin-inline-start:0}.elementor-widget-divider--element-align-end .elementor-divider .elementor-divider-separator>.elementor-divider__svg:last-of-type{flex-grow:0;flex-shrink:100}.elementor-widget-divider--element-align-end .elementor-divider-separator:after{content:none}.elementor-widget-divider--element-align-end .elementor-divider__element{margin-inline-end:0}.elementor-widget-divider:not(.elementor-widget-divider--view-line_text):not(.elementor-widget-divider--view-line_icon) .elementor-divider-separator{border-block-start:var(--divider-border-width) var(--divider-border-style) var(--divider-color)}.elementor-widget-divider--separator-type-pattern{--divider-border-style:none}.elementor-widget-divider--separator-type-pattern.elementor-widget-divider--view-line .elementor-divider-separator,.elementor-widget-divider--separator-type-pattern:not(.elementor-widget-divider--view-line) .elementor-divider-separator:after,.elementor-widget-divider--separator-type-pattern:not(.elementor-widget-divider--view-line) .elementor-divider-separator:before,.elementor-widget-divider--separator-type-pattern:not([class*=elementor-widget-divider--view]) .elementor-divider-separator{width:100%;min-height:var(--divider-pattern-height);-webkit-mask-size:var(--divider-pattern-size) 100%;mask-size:var(--divider-pattern-size) 100%;-webkit-mask-repeat:var(--divider-pattern-repeat);mask-repeat:var(--divider-pattern-repeat);background-color:var(--divider-color);-webkit-mask-image:var(--divider-pattern-url);mask-image:var(--divider-pattern-url)}.elementor-widget-divider--no-spacing{--divider-pattern-size:auto}.elementor-widget-divider--bg-round{--divider-pattern-repeat:round}.rtl .elementor-widget-divider .elementor-divider__text{direction:rtl}.e-con-inner>.elementor-widget-divider,.e-con>.elementor-widget-divider{width:var(--container-widget-width,100%);--flex-grow:var(--container-widget-flex-grow)}<\/style>\t\t<div class=\"elementor-divider\">\n\t\t\t<span class=\"elementor-divider-separator\">\n\t\t\t\t\t\t<\/span>\n\t\t<\/div>\n\t\t\t\t<\/div>\n\t\t\t\t<\/div>\n\t\t\t\t<div class=\"elementor-element elementor-element-1ab9ff2 elementor-widget elementor-widget-text-editor\" data-id=\"1ab9ff2\" data-element_type=\"widget\" data-widget_type=\"text-editor.default\">\n\t\t\t\t<div class=\"elementor-widget-container\">\n\t\t\t\t\t\t\t<h2>Crea il tuo viaggio su misura in Hoi An, Vietnam<\/h2><p>In viaggio in Hoi An? Chatta con uno specialista di viaggi locale in Hoi An, che pu\u00f2 aiutarti a organizzare il tuo viaggio.<\/p>\t\t\t\t\t\t<\/div>\n\t\t\t\t<\/div>\n\t\t\t\t<div class=\"elementor-element elementor-element-8ed9d3c elementor-align-center elementor-widget elementor-widget-button\" data-id=\"8ed9d3c\" data-element_type=\"widget\" data-widget_type=\"button.default\">\n\t\t\t\t<div class=\"elementor-widget-container\">\n\t\t\t\t\t<div class=\"elementor-button-wrapper\">\n\t\t\t<a class=\"elementor-button elementor-button-link elementor-size-sm\" href=\"https:\/\/evivatour.com\/it\/personalizza-il-tuo-tour\/\">\n\t\t\t\t\t\t<span class=\"elementor-button-content-wrapper\">\n\t\t\t\t\t\t<span class=\"elementor-button-text\">COMINCIA QUI<\/span>\n\t\t<\/span>\n\t\t\t\t\t<\/a>\n\t\t<\/div>\n\t\t\t\t<\/div>\n\t\t\t\t<\/div>\n\t\t\t\t\t<\/div>\n\t\t<\/div>\n\t\t\t\t\t<\/div>\n\t\t<\/section>\n\t\t\t\t<\/div>\n\t\t","protected":false},"excerpt":{"rendered":"<p>Tour Del Hoi An Guida di Viaggio del Hoi An Il Periodo Migliore per Visitare il Hoi An Hoi An \u00e8 una destinazione famosa in tutto il mondo con un interessante significato culturale. \u00c8 anche riconosciuto dall&#8217;UNESCO come sito del patrimonio culturale mondiale dal 1999. Il clima a Hoi An ha alcune caratteristiche tipiche del [&hellip;]<\/p>\n","protected":false},"author":1,"featured_media":0,"parent":9420,"menu_order":0,"comment_status":"closed","ping_status":"closed","template":"","meta":{"inline_featured_image":false,"footnotes":""},"class_list":["post-9424","page","type-page","status-publish","hentry"],"yoast_head":"<!-- This site is optimized with the Yoast SEO plugin v26.9 - https:\/\/yoast.com\/product\/yoast-seo-wordpress\/ -->\n<title>Il clima di Hoi An e il periodo migliore per visitare Hoi An<\/title>\n<meta name=\"description\" content=\"Questo articolo mostra i dettagli sul clima ad Hoi An e sul turismo di Hoi An. Quindi, \u00e8 un buon punto di partenza per capire quale sia il periodo migliore per visitare Hoi An.\" \/>\n<meta name=\"robots\" content=\"index, follow, max-snippet:-1, max-image-preview:large, max-video-preview:-1\" \/>\n<link rel=\"canonical\" href=\"https:\/\/evivatour.com\/it\/hoi-an\/il-periodo-migliore-per-visitare-il-hoi-an\/\" \/>\n<meta property=\"og:locale\" content=\"en_US\" \/>\n<meta property=\"og:type\" content=\"article\" \/>\n<meta property=\"og:title\" content=\"Il clima di Hoi An e il periodo migliore per visitare Hoi An\" \/>\n<meta property=\"og:description\" content=\"Questo articolo mostra i dettagli sul clima ad Hoi An e sul turismo di Hoi An. Quindi, \u00e8 un buon punto di partenza per capire quale sia il periodo migliore per visitare Hoi An.\" \/>\n<meta property=\"og:url\" content=\"https:\/\/evivatour.com\/it\/hoi-an\/il-periodo-migliore-per-visitare-il-hoi-an\/\" \/>\n<meta property=\"og:site_name\" content=\"Eviva Tour\" \/>\n<meta property=\"article:modified_time\" content=\"2023-10-17T02:46:06+00:00\" \/>\n<meta name=\"twitter:card\" content=\"summary_large_image\" \/>\n<meta name=\"twitter:label1\" content=\"Est. reading time\" \/>\n\t<meta name=\"twitter:data1\" content=\"5 minutes\" \/>\n<script type=\"application\/ld+json\" class=\"yoast-schema-graph\">{\"@context\":\"https:\/\/schema.org\",\"@graph\":[{\"@type\":\"WebPage\",\"@id\":\"https:\/\/evivatour.com\/it\/hoi-an\/il-periodo-migliore-per-visitare-il-hoi-an\/\",\"url\":\"https:\/\/evivatour.com\/it\/hoi-an\/il-periodo-migliore-per-visitare-il-hoi-an\/\",\"name\":\"Il clima di Hoi An e il periodo migliore per visitare Hoi An\",\"isPartOf\":{\"@id\":\"https:\/\/evivatour.com\/it\/#website\"},\"datePublished\":\"2021-08-27T09:22:09+00:00\",\"dateModified\":\"2023-10-17T02:46:06+00:00\",\"description\":\"Questo articolo mostra i dettagli sul clima ad Hoi An e sul turismo di Hoi An. Quindi, \u00e8 un buon punto di partenza per capire quale sia il periodo migliore per visitare Hoi An.\",\"breadcrumb\":{\"@id\":\"https:\/\/evivatour.com\/it\/hoi-an\/il-periodo-migliore-per-visitare-il-hoi-an\/#breadcrumb\"},\"inLanguage\":\"en-US\",\"potentialAction\":[{\"@type\":\"ReadAction\",\"target\":[\"https:\/\/evivatour.com\/it\/hoi-an\/il-periodo-migliore-per-visitare-il-hoi-an\/\"]}]},{\"@type\":\"BreadcrumbList\",\"@id\":\"https:\/\/evivatour.com\/it\/hoi-an\/il-periodo-migliore-per-visitare-il-hoi-an\/#breadcrumb\",\"itemListElement\":[{\"@type\":\"ListItem\",\"position\":1,\"name\":\"Home\",\"item\":\"https:\/\/evivatour.com\/it\/\"},{\"@type\":\"ListItem\",\"position\":2,\"name\":\"Hoi An Tour e Viaggi 2026\",\"item\":\"https:\/\/evivatour.com\/it\/hoi-an\/\"},{\"@type\":\"ListItem\",\"position\":3,\"name\":\"Il Periodo Migliore per Visitare il Hoi An\"}]},{\"@type\":\"WebSite\",\"@id\":\"https:\/\/evivatour.com\/it\/#website\",\"url\":\"https:\/\/evivatour.com\/it\/\",\"name\":\"Eviva Tour\",\"description\":\"Smile every mile\",\"publisher\":{\"@id\":\"https:\/\/evivatour.com\/it\/#organization\"},\"potentialAction\":[{\"@type\":\"SearchAction\",\"target\":{\"@type\":\"EntryPoint\",\"urlTemplate\":\"https:\/\/evivatour.com\/it\/?s={search_term_string}\"},\"query-input\":{\"@type\":\"PropertyValueSpecification\",\"valueRequired\":true,\"valueName\":\"search_term_string\"}}],\"inLanguage\":\"en-US\"},{\"@type\":\"Organization\",\"@id\":\"https:\/\/evivatour.com\/it\/#organization\",\"name\":\"Eviva Tour\",\"url\":\"https:\/\/evivatour.com\/it\/\",\"logo\":{\"@type\":\"ImageObject\",\"inLanguage\":\"en-US\",\"@id\":\"https:\/\/evivatour.com\/it\/#\/schema\/logo\/image\/\",\"url\":\"https:\/\/evivatour.com\/it\/wp-content\/uploads\/2021\/08\/cropped-eviva-tour-vietnam.png\",\"contentUrl\":\"https:\/\/evivatour.com\/it\/wp-content\/uploads\/2021\/08\/cropped-eviva-tour-vietnam.png\",\"width\":280,\"height\":185,\"caption\":\"Eviva Tour\"},\"image\":{\"@id\":\"https:\/\/evivatour.com\/it\/#\/schema\/logo\/image\/\"}}]}<\/script>\n<!-- \/ Yoast SEO plugin. -->","yoast_head_json":{"title":"Il clima di Hoi An e il periodo migliore per visitare Hoi An","description":"Questo articolo mostra i dettagli sul clima ad Hoi An e sul turismo di Hoi An. Quindi, \u00e8 un buon punto di partenza per capire quale sia il periodo migliore per visitare Hoi An.","robots":{"index":"index","follow":"follow","max-snippet":"max-snippet:-1","max-image-preview":"max-image-preview:large","max-video-preview":"max-video-preview:-1"},"canonical":"https:\/\/evivatour.com\/it\/hoi-an\/il-periodo-migliore-per-visitare-il-hoi-an\/","og_locale":"en_US","og_type":"article","og_title":"Il clima di Hoi An e il periodo migliore per visitare Hoi An","og_description":"Questo articolo mostra i dettagli sul clima ad Hoi An e sul turismo di Hoi An. Quindi, \u00e8 un buon punto di partenza per capire quale sia il periodo migliore per visitare Hoi An.","og_url":"https:\/\/evivatour.com\/it\/hoi-an\/il-periodo-migliore-per-visitare-il-hoi-an\/","og_site_name":"Eviva Tour","article_modified_time":"2023-10-17T02:46:06+00:00","twitter_card":"summary_large_image","twitter_misc":{"Est. reading time":"5 minutes"},"schema":{"@context":"https:\/\/schema.org","@graph":[{"@type":"WebPage","@id":"https:\/\/evivatour.com\/it\/hoi-an\/il-periodo-migliore-per-visitare-il-hoi-an\/","url":"https:\/\/evivatour.com\/it\/hoi-an\/il-periodo-migliore-per-visitare-il-hoi-an\/","name":"Il clima di Hoi An e il periodo migliore per visitare Hoi An","isPartOf":{"@id":"https:\/\/evivatour.com\/it\/#website"},"datePublished":"2021-08-27T09:22:09+00:00","dateModified":"2023-10-17T02:46:06+00:00","description":"Questo articolo mostra i dettagli sul clima ad Hoi An e sul turismo di Hoi An. Quindi, \u00e8 un buon punto di partenza per capire quale sia il periodo migliore per visitare Hoi An.","breadcrumb":{"@id":"https:\/\/evivatour.com\/it\/hoi-an\/il-periodo-migliore-per-visitare-il-hoi-an\/#breadcrumb"},"inLanguage":"en-US","potentialAction":[{"@type":"ReadAction","target":["https:\/\/evivatour.com\/it\/hoi-an\/il-periodo-migliore-per-visitare-il-hoi-an\/"]}]},{"@type":"BreadcrumbList","@id":"https:\/\/evivatour.com\/it\/hoi-an\/il-periodo-migliore-per-visitare-il-hoi-an\/#breadcrumb","itemListElement":[{"@type":"ListItem","position":1,"name":"Home","item":"https:\/\/evivatour.com\/it\/"},{"@type":"ListItem","position":2,"name":"Hoi An Tour e Viaggi 2026","item":"https:\/\/evivatour.com\/it\/hoi-an\/"},{"@type":"ListItem","position":3,"name":"Il Periodo Migliore per Visitare il Hoi An"}]},{"@type":"WebSite","@id":"https:\/\/evivatour.com\/it\/#website","url":"https:\/\/evivatour.com\/it\/","name":"Eviva Tour","description":"Smile every mile","publisher":{"@id":"https:\/\/evivatour.com\/it\/#organization"},"potentialAction":[{"@type":"SearchAction","target":{"@type":"EntryPoint","urlTemplate":"https:\/\/evivatour.com\/it\/?s={search_term_string}"},"query-input":{"@type":"PropertyValueSpecification","valueRequired":true,"valueName":"search_term_string"}}],"inLanguage":"en-US"},{"@type":"Organization","@id":"https:\/\/evivatour.com\/it\/#organization","name":"Eviva Tour","url":"https:\/\/evivatour.com\/it\/","logo":{"@type":"ImageObject","inLanguage":"en-US","@id":"https:\/\/evivatour.com\/it\/#\/schema\/logo\/image\/","url":"https:\/\/evivatour.com\/it\/wp-content\/uploads\/2021\/08\/cropped-eviva-tour-vietnam.png","contentUrl":"https:\/\/evivatour.com\/it\/wp-content\/uploads\/2021\/08\/cropped-eviva-tour-vietnam.png","width":280,"height":185,"caption":"Eviva Tour"},"image":{"@id":"https:\/\/evivatour.com\/it\/#\/schema\/logo\/image\/"}}]}},"_links":{"self":[{"href":"https:\/\/evivatour.com\/it\/wp-json\/wp\/v2\/pages\/9424","targetHints":{"allow":["GET"]}}],"collection":[{"href":"https:\/\/evivatour.com\/it\/wp-json\/wp\/v2\/pages"}],"about":[{"href":"https:\/\/evivatour.com\/it\/wp-json\/wp\/v2\/types\/page"}],"author":[{"embeddable":true,"href":"https:\/\/evivatour.com\/it\/wp-json\/wp\/v2\/users\/1"}],"replies":[{"embeddable":true,"href":"https:\/\/evivatour.com\/it\/wp-json\/wp\/v2\/comments?post=9424"}],"version-history":[{"count":2,"href":"https:\/\/evivatour.com\/it\/wp-json\/wp\/v2\/pages\/9424\/revisions"}],"predecessor-version":[{"id":16940,"href":"https:\/\/evivatour.com\/it\/wp-json\/wp\/v2\/pages\/9424\/revisions\/16940"}],"up":[{"embeddable":true,"href":"https:\/\/evivatour.com\/it\/wp-json\/wp\/v2\/pages\/9420"}],"wp:attachment":[{"href":"https:\/\/evivatour.com\/it\/wp-json\/wp\/v2\/media?parent=9424"}],"curies":[{"name":"wp","href":"https:\/\/api.w.org\/{rel}","templated":true}]}}