{"id":9621,"date":"2021-08-30T11:13:48","date_gmt":"2021-08-30T04:13:48","guid":{"rendered":"https:\/\/evivatour.com\/it\/?page_id=9621"},"modified":"2023-10-17T09:36:06","modified_gmt":"2023-10-17T02:36:06","slug":"il-periodo-migliore-per-visitare-il-da-lat","status":"publish","type":"page","link":"https:\/\/evivatour.com\/it\/da-lat\/il-periodo-migliore-per-visitare-il-da-lat\/","title":{"rendered":"Il Periodo Migliore per Visitare il Da Lat"},"content":{"rendered":"\t\t<div data-elementor-type=\"wp-page\" data-elementor-id=\"9621\" class=\"elementor elementor-9621\">\n\t\t\t\t\t\t<section class=\"elementor-section elementor-top-section elementor-element elementor-element-e272e1b elementor-section-stretched elementor-section-boxed elementor-section-height-default elementor-section-height-default\" data-id=\"e272e1b\" data-element_type=\"section\" data-settings=\"{&quot;stretch_section&quot;:&quot;section-stretched&quot;,&quot;background_background&quot;:&quot;classic&quot;}\">\n\t\t\t\t\t\t<div class=\"elementor-container elementor-column-gap-no\">\n\t\t\t\t\t<div class=\"elementor-column elementor-col-100 elementor-top-column elementor-element elementor-element-737bf0d\" data-id=\"737bf0d\" data-element_type=\"column\">\n\t\t\t<div class=\"elementor-widget-wrap elementor-element-populated\">\n\t\t\t\t\t\t<div class=\"elementor-element elementor-element-b831de5 elementor-widget elementor-widget-text-editor\" data-id=\"b831de5\" data-element_type=\"widget\" data-widget_type=\"text-editor.default\">\n\t\t\t\t<div class=\"elementor-widget-container\">\n\t\t\t<style>\/*! elementor - v3.20.0 - 13-03-2024 *\/\n.elementor-widget-text-editor.elementor-drop-cap-view-stacked .elementor-drop-cap{background-color:#69727d;color:#fff}.elementor-widget-text-editor.elementor-drop-cap-view-framed .elementor-drop-cap{color:#69727d;border:3px solid;background-color:transparent}.elementor-widget-text-editor:not(.elementor-drop-cap-view-default) .elementor-drop-cap{margin-top:8px}.elementor-widget-text-editor:not(.elementor-drop-cap-view-default) .elementor-drop-cap-letter{width:1em;height:1em}.elementor-widget-text-editor .elementor-drop-cap{float:left;text-align:center;line-height:1;font-size:50px}.elementor-widget-text-editor .elementor-drop-cap-letter{display:inline-block}<\/style>\t\t\t\t<nav id=\"tours\" class=\"main-nav-top with-banner\">\n<div class=\"container\">\n<div class=\"main-nav-holder\">\n<div class=\"slide-nav js-slide-hidden\">\n<ul id=\"slide-nav-ul\">\n \t<li><a href=\"https:\/\/evivatour.com\/it\/da-lat\/\">Tour Del Da Lat<\/a><\/li>\n \t<li><a href=\"https:\/\/evivatour.com\/it\/da-lat\/guida-di-viaggio-del-da-lat\/\">Guida di Viaggio del Da Lat<\/a><\/li>\n \t<li class=\"active\"><a href=\"https:\/\/evivatour.com\/it\/da-lat\/il-periodo-migliore-per-visitare-il-da-lat\/\">Il Periodo Migliore per Visitare il Da Lat<\/a><\/li>\n<\/ul>\n<\/div>\n<\/div>\n<\/div>\n<\/nav>\t\t\t\t\t\t<\/div>\n\t\t\t\t<\/div>\n\t\t\t\t\t<\/div>\n\t\t<\/div>\n\t\t\t\t\t<\/div>\n\t\t<\/section>\n\t\t\t\t<section class=\"elementor-section elementor-top-section elementor-element elementor-element-b91208b elementor-section-boxed elementor-section-height-default elementor-section-height-default\" data-id=\"b91208b\" data-element_type=\"section\">\n\t\t\t\t\t\t<div class=\"elementor-container elementor-column-gap-default\">\n\t\t\t\t\t<div class=\"elementor-column elementor-col-100 elementor-top-column elementor-element elementor-element-c39167f\" data-id=\"c39167f\" data-element_type=\"column\">\n\t\t\t<div class=\"elementor-widget-wrap elementor-element-populated\">\n\t\t\t\t\t\t<div class=\"elementor-element elementor-element-0b29a02 elementor-widget elementor-widget-text-editor\" data-id=\"0b29a02\" data-element_type=\"widget\" data-widget_type=\"text-editor.default\">\n\t\t\t\t<div class=\"elementor-widget-container\">\n\t\t\t\t\t\t\t<p>Hai sicuramente sentito parlare di Dalat come una delle destinazioni pi\u00f9 incredibili e ambite del Vietnam. E lo \u00e8, senza alcun dubbio! Situata nel nord della provincia di Lam Dong, Dalat si trova a un&#8217;altitudine di 1.500 metri sul livello del mare. Di conseguenza, Dalat ha un clima tipicamente stabile, dove il clima \u00e8 mite e piacevole tutto l&#8217;anno. Con tutte queste condizioni favorevoli, il turismo a Dalat ha molte grandi opportunit\u00e0 di sviluppo ed \u00e8 diventato una tendenza negli ultimi anni. \u00c8 giunto il momento di scoprire il momento migliore per visitare Dalat con le nostre utili informazioni di seguito!<\/p><h2>Il clima in Dalat<\/h2><p>Proprio come le altre citt\u00e0 di Tay Nguyen, il clima di Dalat \u00e8 diviso in 2 stagioni: la stagione secca e la stagione delle piogge. Anche la temperatura a Dalat \u00e8 abbastanza costante, con una temperatura media di 20 gradi Celsius, il che la rende favorevole per qualsiasi attivit\u00e0. La cosa interessante \u00e8 che l&#8217;intervallo di temperatura in un giorno qui \u00e8 relativamente ampio, circa 11 gradi Celsius, un fattore che rende noto a Da Lat che ha 4 stagioni in un giorno. Sebbene Da Lat abbia 2 stagioni distinte, ogni periodo della zona ha le sue caratteristiche uniche. Qualunque stagione tu scelga a Dalat, in ogni caso, non ti deluder\u00e0!<\/p><p><strong>La stagione secca, la stagione magica della fioritura<\/strong><\/p><p>La stagione secca a Dalat dura da novembre ad aprile dell&#8217;anno successivo. Questo \u00e8 un periodo meraviglioso per una visita poich\u00e9 Dalat diventa secco e piove raramente, la piovosit\u00e0 media totale \u00e8 di pochi giorni al mese.<\/p><p>Da novembre a gennaio il clima \u00e8 molto pi\u00f9 fresco, pi\u00f9 secco ed estremamente adatto alle attivit\u00e0 turistiche. \u00c8 il momento in cui fiori di mimosa e girasoli selvatici sbocciano su tutta la strada. Dalat diventa romanticamente e tristemente bella, con un po&#8217; di vento, un po&#8217; di nebbia e un po&#8217; di freddo paralizzante. Nel clima freddo di Dalat nei giorni invernali, un&#8217;opportunit\u00e0 per esplorare i campi di girasoli selvaggi, visitare il maestoso Langbiang o gustare una tazza di caff\u00e8 in stile Tay Nguyen sarebbe cos\u00ec preziosa.<\/p><p>Da febbraio ad aprile, umidit\u00e0, vento lento e cielo nuvoloso creano le condizioni per la formazione di brina e nebbia. La cosa speciale di Dalat in questo periodo \u00e8 che l&#8217;intera citt\u00e0 si trasforma in un vero paradiso mentre i fiori e gli alberi spuntano. I fiori possono essere visti ovunque, sul ciglio della strada, sui pendii delle colline, agli angoli delle strade, sui balconi o nel giardino di qualcuno. Soprattutto, \u00e8 il momento in cui le strade di Dalat sono completamente tinte di rosa dai fiori di ciliegio albicocca, cosa che sicuramente non si pu\u00f2 vedere da nessun&#8217;altra parte!<\/p><p><strong>La stagione delle piogge con piogge persistenti ma romantiche.<\/strong><\/p><p>La stagione delle piogge va da maggio a ottobre. Facendo una visita a Dalat in questo periodo, devi quasi sempre preparare un ombrello perch\u00e9 ci sono circa 20 giorni di pioggia al mese! Tuttavia, non preoccuparti perch\u00e9 un tour a Dalat in questa stagione si trasformer\u00e0 sicuramente in una grande esperienza!<\/p><p>Da maggio a luglio, Dalat \u00e8 conosciuta come la stagione delle piogge incessanti, che emana il profumo di terra rossa, pini e migliaia di fiori. La nebbia che si diffonde nel cielo e in tutta la citt\u00e0 fa sembrare Dalat un luogo fatato. Inoltre, raramente in Vietnam i fiori di fenice viola possono crescere e sbocciare magnificamente come Dalat. Quindi ogni volta che vuoi immergerti in uno scenario poetico con fiori di fenice viola, Dalat \u00e8 assolutamente la scelta ideale.<br \/>Da agosto a ottobre \u00e8 il periodo pi\u00f9 piovoso dell&#8217;anno, con brezze dolci e poetiche giornate di pioggia. In questo periodo, Dalat conserva i suoi colori delicati con verdi colline di pini e splendidi giardini fioriti.<\/p><h2>Scopri il periodo migliore per visitare Dalat<\/h2><p>Con tutte le informazioni sul clima meraviglioso fornite sopra, \u00e8 piuttosto difficile prendere una decisione quando \u00e8 il momento perfetto per viaggiare a Dalat. Bene, il periodo pi\u00f9 consigliato per un viaggio a Dalat sarebbe tra dicembre e marzo, il periodo del cambio di stagione dall&#8217;inverno alla primavera. Con il clima fresco e asciutto, i campi fioriti, il cielo azzurro e il sole mite, questa sarebbe un'&#8221;offerta irresistibile&#8221; per qualsiasi attivit\u00e0 turistica.<\/p><h2>Stagioni turistiche in questa citt\u00e0<\/h2><p><strong>Alta stagione<\/strong><\/p><p>L&#8217;alta stagione turistica di Dalat si svolge da novembre a marzo del prossimo anno. Come accennato in precedenza, la condizione ideale a Dalat durante questo periodo spiega perch\u00e9 ci sono cos\u00ec tante persone che intendono visitare questa bella citt\u00e0. Questo \u00e8 anche il periodo prima, durante e dopo il capodanno lunare, e Dalat deve essere un luogo ideale per godersi e festeggiare i giorni del nuovo anno con la famiglia e gli amici.<\/p><p><strong>Stagione delle spalle<\/strong><\/p><p>Il periodo da met\u00e0 maggio a fine luglio \u00e8 la spalla della stagione turistica a Dalat. Dalat accoglie molti visitatori in questo periodo perch\u00e9, nelle altre parti del paese, il clima estivo \u00e8 generalmente caldo. Quindi, per evitare il caldo estivo, le persone spesso optano per il meraviglioso clima di Dalat. Inoltre, poich\u00e9 questo \u00e8 anche il periodo delle vacanze estive, \u00e8 comprensibile che molti viaggiatori vengano a Dalat. Tuttavia, ti assicuriamo che, sebbene il numero di visitatori aumenti in modo significativo, i prezzi dei servizi in questi mesi non aumentano di molto.<\/p><p><strong>Bassa stagione<\/strong><\/p><p>Le piogge arrivano a Dalat abbastanza frequentemente in agosto e settembre. Di conseguenza, c&#8217;\u00e8 una notevole diminuzione del numero di persone che visitano Dalat in questi 2 mesi. L&#8217;assenza di giornate secche e soleggiate pu\u00f2 impedire alle persone di esplorare e vivere la citt\u00e0; tuttavia, potresti non essere tu se sei un fan dei venti miti e delle piogge piovose!<\/p>\t\t\t\t\t\t<\/div>\n\t\t\t\t<\/div>\n\t\t\t\t\t<\/div>\n\t\t<\/div>\n\t\t\t\t\t<\/div>\n\t\t<\/section>\n\t\t\t\t<section class=\"elementor-section elementor-top-section elementor-element elementor-element-f8d565b elementor-section-boxed elementor-section-height-default elementor-section-height-default\" data-id=\"f8d565b\" data-element_type=\"section\">\n\t\t\t\t\t\t<div class=\"elementor-container elementor-column-gap-default\">\n\t\t\t\t\t<div class=\"elementor-column elementor-col-100 elementor-top-column elementor-element elementor-element-7537ca5\" data-id=\"7537ca5\" data-element_type=\"column\">\n\t\t\t<div class=\"elementor-widget-wrap elementor-element-populated\">\n\t\t\t\t\t\t<div class=\"elementor-element elementor-element-8c1b243 elementor-widget-divider--view-line elementor-widget elementor-widget-divider\" data-id=\"8c1b243\" data-element_type=\"widget\" data-widget_type=\"divider.default\">\n\t\t\t\t<div class=\"elementor-widget-container\">\n\t\t\t<style>\/*! elementor - v3.20.0 - 13-03-2024 *\/\n.elementor-widget-divider{--divider-border-style:none;--divider-border-width:1px;--divider-color:#0c0d0e;--divider-icon-size:20px;--divider-element-spacing:10px;--divider-pattern-height:24px;--divider-pattern-size:20px;--divider-pattern-url:none;--divider-pattern-repeat:repeat-x}.elementor-widget-divider .elementor-divider{display:flex}.elementor-widget-divider .elementor-divider__text{font-size:15px;line-height:1;max-width:95%}.elementor-widget-divider .elementor-divider__element{margin:0 var(--divider-element-spacing);flex-shrink:0}.elementor-widget-divider .elementor-icon{font-size:var(--divider-icon-size)}.elementor-widget-divider .elementor-divider-separator{display:flex;margin:0;direction:ltr}.elementor-widget-divider--view-line_icon .elementor-divider-separator,.elementor-widget-divider--view-line_text .elementor-divider-separator{align-items:center}.elementor-widget-divider--view-line_icon .elementor-divider-separator:after,.elementor-widget-divider--view-line_icon .elementor-divider-separator:before,.elementor-widget-divider--view-line_text .elementor-divider-separator:after,.elementor-widget-divider--view-line_text .elementor-divider-separator:before{display:block;content:\"\";border-block-end:0;flex-grow:1;border-block-start:var(--divider-border-width) var(--divider-border-style) var(--divider-color)}.elementor-widget-divider--element-align-left .elementor-divider .elementor-divider-separator>.elementor-divider__svg:first-of-type{flex-grow:0;flex-shrink:100}.elementor-widget-divider--element-align-left .elementor-divider-separator:before{content:none}.elementor-widget-divider--element-align-left .elementor-divider__element{margin-left:0}.elementor-widget-divider--element-align-right .elementor-divider .elementor-divider-separator>.elementor-divider__svg:last-of-type{flex-grow:0;flex-shrink:100}.elementor-widget-divider--element-align-right .elementor-divider-separator:after{content:none}.elementor-widget-divider--element-align-right .elementor-divider__element{margin-right:0}.elementor-widget-divider--element-align-start .elementor-divider .elementor-divider-separator>.elementor-divider__svg:first-of-type{flex-grow:0;flex-shrink:100}.elementor-widget-divider--element-align-start .elementor-divider-separator:before{content:none}.elementor-widget-divider--element-align-start .elementor-divider__element{margin-inline-start:0}.elementor-widget-divider--element-align-end .elementor-divider .elementor-divider-separator>.elementor-divider__svg:last-of-type{flex-grow:0;flex-shrink:100}.elementor-widget-divider--element-align-end .elementor-divider-separator:after{content:none}.elementor-widget-divider--element-align-end .elementor-divider__element{margin-inline-end:0}.elementor-widget-divider:not(.elementor-widget-divider--view-line_text):not(.elementor-widget-divider--view-line_icon) .elementor-divider-separator{border-block-start:var(--divider-border-width) var(--divider-border-style) var(--divider-color)}.elementor-widget-divider--separator-type-pattern{--divider-border-style:none}.elementor-widget-divider--separator-type-pattern.elementor-widget-divider--view-line .elementor-divider-separator,.elementor-widget-divider--separator-type-pattern:not(.elementor-widget-divider--view-line) .elementor-divider-separator:after,.elementor-widget-divider--separator-type-pattern:not(.elementor-widget-divider--view-line) .elementor-divider-separator:before,.elementor-widget-divider--separator-type-pattern:not([class*=elementor-widget-divider--view]) .elementor-divider-separator{width:100%;min-height:var(--divider-pattern-height);-webkit-mask-size:var(--divider-pattern-size) 100%;mask-size:var(--divider-pattern-size) 100%;-webkit-mask-repeat:var(--divider-pattern-repeat);mask-repeat:var(--divider-pattern-repeat);background-color:var(--divider-color);-webkit-mask-image:var(--divider-pattern-url);mask-image:var(--divider-pattern-url)}.elementor-widget-divider--no-spacing{--divider-pattern-size:auto}.elementor-widget-divider--bg-round{--divider-pattern-repeat:round}.rtl .elementor-widget-divider .elementor-divider__text{direction:rtl}.e-con-inner>.elementor-widget-divider,.e-con>.elementor-widget-divider{width:var(--container-widget-width,100%);--flex-grow:var(--container-widget-flex-grow)}<\/style>\t\t<div class=\"elementor-divider\">\n\t\t\t<span class=\"elementor-divider-separator\">\n\t\t\t\t\t\t<\/span>\n\t\t<\/div>\n\t\t\t\t<\/div>\n\t\t\t\t<\/div>\n\t\t\t\t<div class=\"elementor-element elementor-element-1ab9ff2 elementor-widget elementor-widget-text-editor\" data-id=\"1ab9ff2\" data-element_type=\"widget\" data-widget_type=\"text-editor.default\">\n\t\t\t\t<div class=\"elementor-widget-container\">\n\t\t\t\t\t\t\t<h2>Crea il tuo viaggio su misura in Da Lat, Vietnam<\/h2><p>In viaggio in Da Lat? Chatta con uno specialista di viaggi locale in Da Lat, che pu\u00f2 aiutarti a organizzare il tuo viaggio.<\/p>\t\t\t\t\t\t<\/div>\n\t\t\t\t<\/div>\n\t\t\t\t<div class=\"elementor-element elementor-element-8ed9d3c elementor-align-center elementor-widget elementor-widget-button\" data-id=\"8ed9d3c\" data-element_type=\"widget\" data-widget_type=\"button.default\">\n\t\t\t\t<div class=\"elementor-widget-container\">\n\t\t\t\t\t<div class=\"elementor-button-wrapper\">\n\t\t\t<a class=\"elementor-button elementor-button-link elementor-size-sm\" href=\"https:\/\/evivatour.com\/it\/personalizza-il-tuo-tour\/\">\n\t\t\t\t\t\t<span class=\"elementor-button-content-wrapper\">\n\t\t\t\t\t\t<span class=\"elementor-button-text\">COMINCIA QUI<\/span>\n\t\t<\/span>\n\t\t\t\t\t<\/a>\n\t\t<\/div>\n\t\t\t\t<\/div>\n\t\t\t\t<\/div>\n\t\t\t\t\t<\/div>\n\t\t<\/div>\n\t\t\t\t\t<\/div>\n\t\t<\/section>\n\t\t\t\t<\/div>\n\t\t","protected":false},"excerpt":{"rendered":"<p>Tour Del Da Lat Guida di Viaggio del Da Lat Il Periodo Migliore per Visitare il Da Lat Hai sicuramente sentito parlare di Dalat come una delle destinazioni pi\u00f9 incredibili e ambite del Vietnam. E lo \u00e8, senza alcun dubbio! Situata nel nord della provincia di Lam Dong, Dalat si trova a un&#8217;altitudine di 1.500 [&hellip;]<\/p>\n","protected":false},"author":1,"featured_media":0,"parent":9619,"menu_order":0,"comment_status":"closed","ping_status":"closed","template":"","meta":{"inline_featured_image":false,"footnotes":""},"class_list":["post-9621","page","type-page","status-publish","hentry"],"yoast_head":"<!-- This site is optimized with the Yoast SEO plugin v26.9 - https:\/\/yoast.com\/product\/yoast-seo-wordpress\/ -->\n<title>Il Periodo Migliore per Visitare il Da Lat - Eviva Tour<\/title>\n<meta name=\"description\" content=\"Non sai rispondere alla domanda &quot;quand \u00e8 il periodo migliore per visitare Da Lat?&quot; Bene, questo titolo ha tutte le informazioni che stai cercando\" \/>\n<meta name=\"robots\" content=\"index, follow, max-snippet:-1, max-image-preview:large, max-video-preview:-1\" \/>\n<link rel=\"canonical\" href=\"https:\/\/evivatour.com\/it\/da-lat\/il-periodo-migliore-per-visitare-il-da-lat\/\" \/>\n<meta property=\"og:locale\" content=\"en_US\" \/>\n<meta property=\"og:type\" content=\"article\" \/>\n<meta property=\"og:title\" content=\"Il Periodo Migliore per Visitare il Da Lat - Eviva Tour\" \/>\n<meta property=\"og:description\" content=\"Non sai rispondere alla domanda &quot;quand \u00e8 il periodo migliore per visitare Da Lat?&quot; Bene, questo titolo ha tutte le informazioni che stai cercando\" \/>\n<meta property=\"og:url\" content=\"https:\/\/evivatour.com\/it\/da-lat\/il-periodo-migliore-per-visitare-il-da-lat\/\" \/>\n<meta property=\"og:site_name\" content=\"Eviva Tour\" \/>\n<meta property=\"article:modified_time\" content=\"2023-10-17T02:36:06+00:00\" \/>\n<meta name=\"twitter:card\" content=\"summary_large_image\" \/>\n<meta name=\"twitter:label1\" content=\"Est. reading time\" \/>\n\t<meta name=\"twitter:data1\" content=\"5 minutes\" \/>\n<script type=\"application\/ld+json\" class=\"yoast-schema-graph\">{\"@context\":\"https:\/\/schema.org\",\"@graph\":[{\"@type\":\"WebPage\",\"@id\":\"https:\/\/evivatour.com\/it\/da-lat\/il-periodo-migliore-per-visitare-il-da-lat\/\",\"url\":\"https:\/\/evivatour.com\/it\/da-lat\/il-periodo-migliore-per-visitare-il-da-lat\/\",\"name\":\"Il Periodo Migliore per Visitare il Da Lat - Eviva Tour\",\"isPartOf\":{\"@id\":\"https:\/\/evivatour.com\/it\/#website\"},\"datePublished\":\"2021-08-30T04:13:48+00:00\",\"dateModified\":\"2023-10-17T02:36:06+00:00\",\"description\":\"Non sai rispondere alla domanda \\\"quand \u00e8 il periodo migliore per visitare Da Lat?\\\" Bene, questo titolo ha tutte le informazioni che stai cercando\",\"breadcrumb\":{\"@id\":\"https:\/\/evivatour.com\/it\/da-lat\/il-periodo-migliore-per-visitare-il-da-lat\/#breadcrumb\"},\"inLanguage\":\"en-US\",\"potentialAction\":[{\"@type\":\"ReadAction\",\"target\":[\"https:\/\/evivatour.com\/it\/da-lat\/il-periodo-migliore-per-visitare-il-da-lat\/\"]}]},{\"@type\":\"BreadcrumbList\",\"@id\":\"https:\/\/evivatour.com\/it\/da-lat\/il-periodo-migliore-per-visitare-il-da-lat\/#breadcrumb\",\"itemListElement\":[{\"@type\":\"ListItem\",\"position\":1,\"name\":\"Home\",\"item\":\"https:\/\/evivatour.com\/it\/\"},{\"@type\":\"ListItem\",\"position\":2,\"name\":\"Da Lat Tour e Viaggi 2026\",\"item\":\"https:\/\/evivatour.com\/it\/da-lat\/\"},{\"@type\":\"ListItem\",\"position\":3,\"name\":\"Il Periodo Migliore per Visitare il Da Lat\"}]},{\"@type\":\"WebSite\",\"@id\":\"https:\/\/evivatour.com\/it\/#website\",\"url\":\"https:\/\/evivatour.com\/it\/\",\"name\":\"Eviva Tour\",\"description\":\"Smile every mile\",\"publisher\":{\"@id\":\"https:\/\/evivatour.com\/it\/#organization\"},\"potentialAction\":[{\"@type\":\"SearchAction\",\"target\":{\"@type\":\"EntryPoint\",\"urlTemplate\":\"https:\/\/evivatour.com\/it\/?s={search_term_string}\"},\"query-input\":{\"@type\":\"PropertyValueSpecification\",\"valueRequired\":true,\"valueName\":\"search_term_string\"}}],\"inLanguage\":\"en-US\"},{\"@type\":\"Organization\",\"@id\":\"https:\/\/evivatour.com\/it\/#organization\",\"name\":\"Eviva Tour\",\"url\":\"https:\/\/evivatour.com\/it\/\",\"logo\":{\"@type\":\"ImageObject\",\"inLanguage\":\"en-US\",\"@id\":\"https:\/\/evivatour.com\/it\/#\/schema\/logo\/image\/\",\"url\":\"https:\/\/evivatour.com\/it\/wp-content\/uploads\/2021\/08\/cropped-eviva-tour-vietnam.png\",\"contentUrl\":\"https:\/\/evivatour.com\/it\/wp-content\/uploads\/2021\/08\/cropped-eviva-tour-vietnam.png\",\"width\":280,\"height\":185,\"caption\":\"Eviva Tour\"},\"image\":{\"@id\":\"https:\/\/evivatour.com\/it\/#\/schema\/logo\/image\/\"}}]}<\/script>\n<!-- \/ Yoast SEO plugin. -->","yoast_head_json":{"title":"Il Periodo Migliore per Visitare il Da Lat - Eviva Tour","description":"Non sai rispondere alla domanda \"quand \u00e8 il periodo migliore per visitare Da Lat?\" Bene, questo titolo ha tutte le informazioni che stai cercando","robots":{"index":"index","follow":"follow","max-snippet":"max-snippet:-1","max-image-preview":"max-image-preview:large","max-video-preview":"max-video-preview:-1"},"canonical":"https:\/\/evivatour.com\/it\/da-lat\/il-periodo-migliore-per-visitare-il-da-lat\/","og_locale":"en_US","og_type":"article","og_title":"Il Periodo Migliore per Visitare il Da Lat - Eviva Tour","og_description":"Non sai rispondere alla domanda \"quand \u00e8 il periodo migliore per visitare Da Lat?\" Bene, questo titolo ha tutte le informazioni che stai cercando","og_url":"https:\/\/evivatour.com\/it\/da-lat\/il-periodo-migliore-per-visitare-il-da-lat\/","og_site_name":"Eviva Tour","article_modified_time":"2023-10-17T02:36:06+00:00","twitter_card":"summary_large_image","twitter_misc":{"Est. reading time":"5 minutes"},"schema":{"@context":"https:\/\/schema.org","@graph":[{"@type":"WebPage","@id":"https:\/\/evivatour.com\/it\/da-lat\/il-periodo-migliore-per-visitare-il-da-lat\/","url":"https:\/\/evivatour.com\/it\/da-lat\/il-periodo-migliore-per-visitare-il-da-lat\/","name":"Il Periodo Migliore per Visitare il Da Lat - Eviva Tour","isPartOf":{"@id":"https:\/\/evivatour.com\/it\/#website"},"datePublished":"2021-08-30T04:13:48+00:00","dateModified":"2023-10-17T02:36:06+00:00","description":"Non sai rispondere alla domanda \"quand \u00e8 il periodo migliore per visitare Da Lat?\" Bene, questo titolo ha tutte le informazioni che stai cercando","breadcrumb":{"@id":"https:\/\/evivatour.com\/it\/da-lat\/il-periodo-migliore-per-visitare-il-da-lat\/#breadcrumb"},"inLanguage":"en-US","potentialAction":[{"@type":"ReadAction","target":["https:\/\/evivatour.com\/it\/da-lat\/il-periodo-migliore-per-visitare-il-da-lat\/"]}]},{"@type":"BreadcrumbList","@id":"https:\/\/evivatour.com\/it\/da-lat\/il-periodo-migliore-per-visitare-il-da-lat\/#breadcrumb","itemListElement":[{"@type":"ListItem","position":1,"name":"Home","item":"https:\/\/evivatour.com\/it\/"},{"@type":"ListItem","position":2,"name":"Da Lat Tour e Viaggi 2026","item":"https:\/\/evivatour.com\/it\/da-lat\/"},{"@type":"ListItem","position":3,"name":"Il Periodo Migliore per Visitare il Da Lat"}]},{"@type":"WebSite","@id":"https:\/\/evivatour.com\/it\/#website","url":"https:\/\/evivatour.com\/it\/","name":"Eviva Tour","description":"Smile every mile","publisher":{"@id":"https:\/\/evivatour.com\/it\/#organization"},"potentialAction":[{"@type":"SearchAction","target":{"@type":"EntryPoint","urlTemplate":"https:\/\/evivatour.com\/it\/?s={search_term_string}"},"query-input":{"@type":"PropertyValueSpecification","valueRequired":true,"valueName":"search_term_string"}}],"inLanguage":"en-US"},{"@type":"Organization","@id":"https:\/\/evivatour.com\/it\/#organization","name":"Eviva Tour","url":"https:\/\/evivatour.com\/it\/","logo":{"@type":"ImageObject","inLanguage":"en-US","@id":"https:\/\/evivatour.com\/it\/#\/schema\/logo\/image\/","url":"https:\/\/evivatour.com\/it\/wp-content\/uploads\/2021\/08\/cropped-eviva-tour-vietnam.png","contentUrl":"https:\/\/evivatour.com\/it\/wp-content\/uploads\/2021\/08\/cropped-eviva-tour-vietnam.png","width":280,"height":185,"caption":"Eviva Tour"},"image":{"@id":"https:\/\/evivatour.com\/it\/#\/schema\/logo\/image\/"}}]}},"_links":{"self":[{"href":"https:\/\/evivatour.com\/it\/wp-json\/wp\/v2\/pages\/9621","targetHints":{"allow":["GET"]}}],"collection":[{"href":"https:\/\/evivatour.com\/it\/wp-json\/wp\/v2\/pages"}],"about":[{"href":"https:\/\/evivatour.com\/it\/wp-json\/wp\/v2\/types\/page"}],"author":[{"embeddable":true,"href":"https:\/\/evivatour.com\/it\/wp-json\/wp\/v2\/users\/1"}],"replies":[{"embeddable":true,"href":"https:\/\/evivatour.com\/it\/wp-json\/wp\/v2\/comments?post=9621"}],"version-history":[{"count":2,"href":"https:\/\/evivatour.com\/it\/wp-json\/wp\/v2\/pages\/9621\/revisions"}],"predecessor-version":[{"id":16917,"href":"https:\/\/evivatour.com\/it\/wp-json\/wp\/v2\/pages\/9621\/revisions\/16917"}],"up":[{"embeddable":true,"href":"https:\/\/evivatour.com\/it\/wp-json\/wp\/v2\/pages\/9619"}],"wp:attachment":[{"href":"https:\/\/evivatour.com\/it\/wp-json\/wp\/v2\/media?parent=9621"}],"curies":[{"name":"wp","href":"https:\/\/api.w.org\/{rel}","templated":true}]}}