{"id":9738,"date":"2021-08-30T14:56:58","date_gmt":"2021-08-30T07:56:58","guid":{"rendered":"https:\/\/evivatour.com\/it\/?page_id=9738"},"modified":"2022-07-13T15:02:09","modified_gmt":"2022-07-13T08:02:09","slug":"il-periodo-migliore-per-visitare-il-mekong-delta","status":"publish","type":"page","link":"https:\/\/evivatour.com\/it\/mekong-delta\/il-periodo-migliore-per-visitare-il-mekong-delta\/","title":{"rendered":"Il Periodo Migliore per Visitare il Mekong Delta"},"content":{"rendered":"\t\t<div data-elementor-type=\"wp-page\" data-elementor-id=\"9738\" class=\"elementor elementor-9738\">\n\t\t\t\t\t\t<section class=\"elementor-section elementor-top-section elementor-element elementor-element-e272e1b elementor-section-stretched elementor-section-boxed elementor-section-height-default elementor-section-height-default\" data-id=\"e272e1b\" data-element_type=\"section\" data-settings=\"{&quot;stretch_section&quot;:&quot;section-stretched&quot;,&quot;background_background&quot;:&quot;classic&quot;}\">\n\t\t\t\t\t\t<div class=\"elementor-container elementor-column-gap-no\">\n\t\t\t\t\t<div class=\"elementor-column elementor-col-100 elementor-top-column elementor-element elementor-element-737bf0d\" data-id=\"737bf0d\" data-element_type=\"column\">\n\t\t\t<div class=\"elementor-widget-wrap elementor-element-populated\">\n\t\t\t\t\t\t<div class=\"elementor-element elementor-element-b831de5 elementor-widget elementor-widget-text-editor\" data-id=\"b831de5\" data-element_type=\"widget\" data-widget_type=\"text-editor.default\">\n\t\t\t\t<div class=\"elementor-widget-container\">\n\t\t\t<style>\/*! elementor - v3.20.0 - 13-03-2024 *\/\n.elementor-widget-text-editor.elementor-drop-cap-view-stacked .elementor-drop-cap{background-color:#69727d;color:#fff}.elementor-widget-text-editor.elementor-drop-cap-view-framed .elementor-drop-cap{color:#69727d;border:3px solid;background-color:transparent}.elementor-widget-text-editor:not(.elementor-drop-cap-view-default) .elementor-drop-cap{margin-top:8px}.elementor-widget-text-editor:not(.elementor-drop-cap-view-default) .elementor-drop-cap-letter{width:1em;height:1em}.elementor-widget-text-editor .elementor-drop-cap{float:left;text-align:center;line-height:1;font-size:50px}.elementor-widget-text-editor .elementor-drop-cap-letter{display:inline-block}<\/style>\t\t\t\t<nav id=\"tours\" class=\"main-nav-top with-banner\">\n<div class=\"container\">\n<div class=\"main-nav-holder\">\n<div class=\"slide-nav js-slide-hidden\">\n<ul id=\"slide-nav-ul\">\n \t<li><a href=\"https:\/\/evivatour.com\/it\/mekong-delta\/\">Tour Mekong Delta<\/a><\/li>\n \t<li><a href=\"https:\/\/evivatour.com\/it\/mekong-delta\/guida-di-viaggio-del-mekong-delta\/\">Guida di Viaggio del Mekong Delta<\/a><\/li>\n \t<li class=\"active\"><a href=\"https:\/\/evivatour.com\/it\/mekong-delta\/il-periodo-migliore-per-visitare-il-mekong-delta\/\">Il Periodo Migliore per Visitare il Mekong Delta<\/a><\/li>\n<\/ul>\n<\/div>\n<\/div>\n<\/div>\n<\/nav>\t\t\t\t\t\t<\/div>\n\t\t\t\t<\/div>\n\t\t\t\t\t<\/div>\n\t\t<\/div>\n\t\t\t\t\t<\/div>\n\t\t<\/section>\n\t\t\t\t<section class=\"elementor-section elementor-top-section elementor-element elementor-element-b91208b elementor-section-boxed elementor-section-height-default elementor-section-height-default\" data-id=\"b91208b\" data-element_type=\"section\">\n\t\t\t\t\t\t<div class=\"elementor-container elementor-column-gap-default\">\n\t\t\t\t\t<div class=\"elementor-column elementor-col-100 elementor-top-column elementor-element elementor-element-c39167f\" data-id=\"c39167f\" data-element_type=\"column\">\n\t\t\t<div class=\"elementor-widget-wrap elementor-element-populated\">\n\t\t\t\t\t\t<div class=\"elementor-element elementor-element-0b29a02 elementor-widget elementor-widget-text-editor\" data-id=\"0b29a02\" data-element_type=\"widget\" data-widget_type=\"text-editor.default\">\n\t\t\t\t<div class=\"elementor-widget-container\">\n\t\t\t\t\t\t\t<p>Il delta del Mekong \u00e8 una destinazione misteriosa e famosa in Vietnam con risaie verdi e molti fiumi meravigliosi. Il delta del Mekong non \u00e8 influenzato solo dalla stagione meteorologica, ma anche dalle stagioni dell&#8217;acqua. Allora, qual \u00e8 il momento migliore per visitare il delta del Mekong? Scopriamolo in questo post!<\/p><h2>Il clima di delta di Mekong al primo sguardo<\/h2><p>Posizionato nel Vietnam meridionale, il delta del Mekong \u00e8 tropicale monsonico e stabile con due stagioni (stagione secca e stagione delle piogge). A causa dell&#8217;influenza delle maree, il delta del Mekong ha anche due stagioni determinate dall&#8217;acqua (acqua alta e bassa). Con una temperatura media di 30, la temperatura del delta del Mekong di giorno e di notte \u00e8 abbastanza simile.<\/p><p>Nella stagione delle piogge, piove spesso ma non troppo a lungo. Quindi il tuo viaggio pu\u00f2 essere interrotto ma puoi continuare il tuo viaggio dopo 15 &#8211; 20 minuti dopo la pioggia. Inoltre, nella stagione secca, il clima \u00e8 pi\u00f9 confortevole rispetto alla stagione delle piogge, con molto sole e scarse precipitazioni. Quindi puoi goderti molte attivit\u00e0 interessanti e la frutta tropicale qui.<\/p><h2>Le stagione di delta di Mekong<\/h2><p>Poich\u00e9 il mezzo di trasporto principale sono le barche, il viaggio nel delta del Mekong \u00e8 influenzato dalla quantit\u00e0 di acqua cos\u00ec tanto. Quindi il delta del Mekong \u00e8 altre due stagioni che coincidono con la stagione delle piogge e la stagione secca.<\/p><p><strong>Stagiona secca<\/strong><\/p><p>La stagione secca va da novembre ad aprile (~la bassa stagione dell&#8217;acqua) con precipitazioni del 5-10% in un anno e la temperatura media \u00e8 di circa 30\u2103. \u00c8 considerato il periodo migliore per visitare il delta del Mekong.<\/p><p>Nel complesso, il clima \u00e8 caldo e soleggiato, ad eccezione di dicembre e gennaio, quando fa un po&#8217; freddo e pi\u00f9 confortevole per il viaggiatore che non ama il caldo. Questi giorni sono eccellenti per molte attivit\u00e0 come visite turistiche, ciclismo, gite in barca, gustare i dolci frutti dell&#8217;orto della gente del posto e pescare nel canale<\/p><p><strong>Stagiona delle pioggie<\/strong><\/p><p>La stagione delle piogge dura da maggio a novembre (~ l&#8217;alta stagione dell&#8217;acqua) con la pioggia breve che arriva improvvisamente e porta le forti piogge. Le piogge si verificano spesso nel pomeriggio, quasi tutti i giorni, ma durano solo 5-30 minuti circa.<\/p><p>Poich\u00e9 molte precipitazioni durante la stagione delle piogge, l&#8217;inondazione si verificher\u00e0 dopo alcuni mesi nel delta del Mekong. Basandosi sulla stagione delle inondazioni, le risaie hanno abbastanza acqua per fornire abbondanti nutrienti dai fiumi per il riso, e poich\u00e9 il livello dell&#8217;acqua \u00e8 sempre alto, il mercato galleggiante sar\u00e0 molto bello da visitare.<\/p><h2>Il periodo migliore per visitare il delta di Mekong<\/h2><p>Il periodo ideale per visitare il delta del Mekong \u00e8 la stagione secca che di solito dura da novembre all&#8217;inizio di aprile. In questi giorni dell&#8217;anno, puoi goderti molte attivit\u00e0 all&#8217;aria aperta senza preoccuparti di essere interrotto dalla pioggia, e sar\u00e0 meraviglioso se navighi sul mercato galleggiante con il cielo azzurro e l&#8217;acqua tranquilla.<\/p><p>La primavera nel delta del Mekong \u00e8 tra dicembre e gennaio o febbraio. Come altre aree del Vietnam, \u00e8 ricoperta da una moltitudine di fiori colorati. Basandosi su questa caratteristica, la primavera \u00e8 considerata il periodo di viaggio preferito. In particolare, la stagione primaverile ti sar\u00e0 utile per scoprire le usanze e le culture tradizionali della popolazione locale nel delta del Mekong durante le vacanze del Tet.<\/p><p>Se sei un viaggiatore gastronomico e vuoi goderti le specialit\u00e0 fresche di frutta tropicale di questa regione, dovresti venire nel delta del Mekong a giugno o luglio. In questo momento, molti orti sono nella stagione del raccolto, quindi puoi visitare uno qualsiasi dei giardini della popolazione locale per raccogliere la frutta e gustarla proprio l\u00ec.<\/p><p>A differenza del centro o del nord del Vietnam, l&#8217;alluvione nel delta del Mekong \u00e8 molto calma, quindi \u00e8 anche chiamata stagione galleggiante (stagione dell&#8217;acqua alta). Se ti piacciono i tour fluviali in questa stagione, da settembre a novembre \u00e8 il momento ideale per esplorare questa zona umida.<br \/>Pertanto, a seconda delle tue preferenze, scegli il momento migliore per visitare il Delta del Mekong<\/p><h2>Stagioni in termini di volume di turismo nel delta del Mekong<\/h2><p><strong>Delta del Mekong in alta stagione (da ottobre a febbraio)<\/strong><\/p><p>Il periodo tra ottobre e febbraio, quando il tempo rimane per lo pi\u00f9 piacevole. In questo periodo piove raramente. La temperatura \u00e8 di circa 28\u00b0C di giorno e scende di 3-4 gradi di notte. Durante l&#8217;alta stagione, la regione \u00e8 meravigliosa con un cielo lussureggiante, fiori colorati, vari tipi di ortaggi e fiumi calmi. Quasi tutte le spiagge e le altre destinazioni di interesse dei visitatori sono piene, ed \u00e8 ugualmente comprensibile. Il delta del Mekong \u00e8 il pi\u00f9 affollato in questi giorni. L&#8217;alloggio e i biglietti devono essere prenotati con largo anticipo.<\/p><p>Durante l&#8217;alta stagione, il delta del Mekong ha molte attrazioni ed eventi. Le normali attrazioni intorno al delta del Mekong possono essere molto affollate di visitatori, quindi dovresti prenotare anche tour e attivit\u00e0 in anticipo<\/p><p><strong>Delta del Mekong nella stagione della spalla (da agosto a ottobre)<\/strong><\/p><p>Le acque alluvionali annuali apportano molti nutrienti ricchi di nutrienti ai terreni agricoli e forniscono cibo per pesci, gamberetti e altre specie acquatiche. Pertanto, gli ingredienti da cucina qui sono estremamente diversi, deliziosi e nutrienti. Se sei un buongustaio, allora la stagione galleggiante \u00e8 il momento perfetto per gustare vari piatti a base di verdure, erbe aromatiche e carne tipiche della stagione come Dien Dien Flowers, Beo Flowers e Linh Fish&#8230;<\/p><p><strong>Delta del Mekong in bassa stagione (da marzo a settembre)<\/strong><\/p><p>Da marzo a settembre \u00e8 una bassa stagione per il viaggiatore. Quindi, durante questa bassa stagione, ci sono alcuni turisti che si fanno strada nel delta del Mekong. Anche se il tempo non \u00e8 esattamente perfetto, puoi evitare la folla e risparmiare denaro extra su molti servizi come alloggio e trasporto.<\/p><p>Qual \u00e8 il periodo migliore per visitare il delta del Mekong secondo te? Organizza il tour al delta del Mekong il prima possibile perch\u00e9 molte cose interessanti ti stanno aspettando.<\/p>\t\t\t\t\t\t<\/div>\n\t\t\t\t<\/div>\n\t\t\t\t\t<\/div>\n\t\t<\/div>\n\t\t\t\t\t<\/div>\n\t\t<\/section>\n\t\t\t\t<section class=\"elementor-section elementor-top-section elementor-element elementor-element-f8d565b elementor-section-boxed elementor-section-height-default elementor-section-height-default\" data-id=\"f8d565b\" data-element_type=\"section\">\n\t\t\t\t\t\t<div class=\"elementor-container elementor-column-gap-default\">\n\t\t\t\t\t<div class=\"elementor-column elementor-col-100 elementor-top-column elementor-element elementor-element-7537ca5\" data-id=\"7537ca5\" data-element_type=\"column\">\n\t\t\t<div class=\"elementor-widget-wrap elementor-element-populated\">\n\t\t\t\t\t\t<div class=\"elementor-element elementor-element-8c1b243 elementor-widget-divider--view-line elementor-widget elementor-widget-divider\" data-id=\"8c1b243\" data-element_type=\"widget\" data-widget_type=\"divider.default\">\n\t\t\t\t<div class=\"elementor-widget-container\">\n\t\t\t<style>\/*! elementor - v3.20.0 - 13-03-2024 *\/\n.elementor-widget-divider{--divider-border-style:none;--divider-border-width:1px;--divider-color:#0c0d0e;--divider-icon-size:20px;--divider-element-spacing:10px;--divider-pattern-height:24px;--divider-pattern-size:20px;--divider-pattern-url:none;--divider-pattern-repeat:repeat-x}.elementor-widget-divider .elementor-divider{display:flex}.elementor-widget-divider .elementor-divider__text{font-size:15px;line-height:1;max-width:95%}.elementor-widget-divider .elementor-divider__element{margin:0 var(--divider-element-spacing);flex-shrink:0}.elementor-widget-divider .elementor-icon{font-size:var(--divider-icon-size)}.elementor-widget-divider .elementor-divider-separator{display:flex;margin:0;direction:ltr}.elementor-widget-divider--view-line_icon .elementor-divider-separator,.elementor-widget-divider--view-line_text .elementor-divider-separator{align-items:center}.elementor-widget-divider--view-line_icon .elementor-divider-separator:after,.elementor-widget-divider--view-line_icon .elementor-divider-separator:before,.elementor-widget-divider--view-line_text .elementor-divider-separator:after,.elementor-widget-divider--view-line_text .elementor-divider-separator:before{display:block;content:\"\";border-block-end:0;flex-grow:1;border-block-start:var(--divider-border-width) var(--divider-border-style) var(--divider-color)}.elementor-widget-divider--element-align-left .elementor-divider .elementor-divider-separator>.elementor-divider__svg:first-of-type{flex-grow:0;flex-shrink:100}.elementor-widget-divider--element-align-left .elementor-divider-separator:before{content:none}.elementor-widget-divider--element-align-left .elementor-divider__element{margin-left:0}.elementor-widget-divider--element-align-right .elementor-divider .elementor-divider-separator>.elementor-divider__svg:last-of-type{flex-grow:0;flex-shrink:100}.elementor-widget-divider--element-align-right .elementor-divider-separator:after{content:none}.elementor-widget-divider--element-align-right .elementor-divider__element{margin-right:0}.elementor-widget-divider--element-align-start .elementor-divider .elementor-divider-separator>.elementor-divider__svg:first-of-type{flex-grow:0;flex-shrink:100}.elementor-widget-divider--element-align-start .elementor-divider-separator:before{content:none}.elementor-widget-divider--element-align-start .elementor-divider__element{margin-inline-start:0}.elementor-widget-divider--element-align-end .elementor-divider .elementor-divider-separator>.elementor-divider__svg:last-of-type{flex-grow:0;flex-shrink:100}.elementor-widget-divider--element-align-end .elementor-divider-separator:after{content:none}.elementor-widget-divider--element-align-end .elementor-divider__element{margin-inline-end:0}.elementor-widget-divider:not(.elementor-widget-divider--view-line_text):not(.elementor-widget-divider--view-line_icon) .elementor-divider-separator{border-block-start:var(--divider-border-width) var(--divider-border-style) var(--divider-color)}.elementor-widget-divider--separator-type-pattern{--divider-border-style:none}.elementor-widget-divider--separator-type-pattern.elementor-widget-divider--view-line .elementor-divider-separator,.elementor-widget-divider--separator-type-pattern:not(.elementor-widget-divider--view-line) .elementor-divider-separator:after,.elementor-widget-divider--separator-type-pattern:not(.elementor-widget-divider--view-line) .elementor-divider-separator:before,.elementor-widget-divider--separator-type-pattern:not([class*=elementor-widget-divider--view]) .elementor-divider-separator{width:100%;min-height:var(--divider-pattern-height);-webkit-mask-size:var(--divider-pattern-size) 100%;mask-size:var(--divider-pattern-size) 100%;-webkit-mask-repeat:var(--divider-pattern-repeat);mask-repeat:var(--divider-pattern-repeat);background-color:var(--divider-color);-webkit-mask-image:var(--divider-pattern-url);mask-image:var(--divider-pattern-url)}.elementor-widget-divider--no-spacing{--divider-pattern-size:auto}.elementor-widget-divider--bg-round{--divider-pattern-repeat:round}.rtl .elementor-widget-divider .elementor-divider__text{direction:rtl}.e-con-inner>.elementor-widget-divider,.e-con>.elementor-widget-divider{width:var(--container-widget-width,100%);--flex-grow:var(--container-widget-flex-grow)}<\/style>\t\t<div class=\"elementor-divider\">\n\t\t\t<span class=\"elementor-divider-separator\">\n\t\t\t\t\t\t<\/span>\n\t\t<\/div>\n\t\t\t\t<\/div>\n\t\t\t\t<\/div>\n\t\t\t\t<div class=\"elementor-element elementor-element-1ab9ff2 elementor-widget elementor-widget-text-editor\" data-id=\"1ab9ff2\" data-element_type=\"widget\" data-widget_type=\"text-editor.default\">\n\t\t\t\t<div class=\"elementor-widget-container\">\n\t\t\t\t\t\t\t<h2>Crea il tuo viaggio su misura in Mekong Delta, Vietnam<\/h2><p>In viaggio in Mekong Delta? Chatta con uno specialista di viaggi locale in Mekong Delta, che pu\u00f2 aiutarti a organizzare il tuo viaggio.<\/p>\t\t\t\t\t\t<\/div>\n\t\t\t\t<\/div>\n\t\t\t\t<div class=\"elementor-element elementor-element-8ed9d3c elementor-align-center elementor-widget elementor-widget-button\" data-id=\"8ed9d3c\" data-element_type=\"widget\" data-widget_type=\"button.default\">\n\t\t\t\t<div class=\"elementor-widget-container\">\n\t\t\t\t\t<div class=\"elementor-button-wrapper\">\n\t\t\t<a class=\"elementor-button elementor-button-link elementor-size-sm\" href=\"https:\/\/evivatour.com\/it\/personalizza-il-tuo-tour\/\">\n\t\t\t\t\t\t<span class=\"elementor-button-content-wrapper\">\n\t\t\t\t\t\t<span class=\"elementor-button-text\">COMINCIA QUI<\/span>\n\t\t<\/span>\n\t\t\t\t\t<\/a>\n\t\t<\/div>\n\t\t\t\t<\/div>\n\t\t\t\t<\/div>\n\t\t\t\t\t<\/div>\n\t\t<\/div>\n\t\t\t\t\t<\/div>\n\t\t<\/section>\n\t\t\t\t<\/div>\n\t\t","protected":false},"excerpt":{"rendered":"<p>Tour Mekong Delta Guida di Viaggio del Mekong Delta Il Periodo Migliore per Visitare il Mekong Delta Il delta del Mekong \u00e8 una destinazione misteriosa e famosa in Vietnam con risaie verdi e molti fiumi meravigliosi. Il delta del Mekong non \u00e8 influenzato solo dalla stagione meteorologica, ma anche dalle stagioni dell&#8217;acqua. Allora, qual \u00e8 [&hellip;]<\/p>\n","protected":false},"author":1,"featured_media":0,"parent":9736,"menu_order":0,"comment_status":"closed","ping_status":"closed","template":"","meta":{"inline_featured_image":false,"footnotes":""},"class_list":["post-9738","page","type-page","status-publish","hentry"],"yoast_head":"<!-- This site is optimized with the Yoast SEO plugin v26.9 - https:\/\/yoast.com\/product\/yoast-seo-wordpress\/ -->\n<title>Il Periodo Migliore per Visitare il Mekong Delta - Eviva Tour<\/title>\n<meta name=\"robots\" content=\"index, follow, max-snippet:-1, max-image-preview:large, max-video-preview:-1\" \/>\n<link rel=\"canonical\" href=\"https:\/\/evivatour.com\/it\/mekong-delta\/il-periodo-migliore-per-visitare-il-mekong-delta\/\" \/>\n<meta property=\"og:locale\" content=\"en_US\" \/>\n<meta property=\"og:type\" content=\"article\" \/>\n<meta property=\"og:title\" content=\"Il Periodo Migliore per Visitare il Mekong Delta - Eviva Tour\" \/>\n<meta property=\"og:description\" content=\"Tour Mekong Delta Guida di Viaggio del Mekong Delta Il Periodo Migliore per Visitare il Mekong Delta Il delta del Mekong \u00e8 una destinazione misteriosa e famosa in Vietnam con risaie verdi e molti fiumi meravigliosi. Il delta del Mekong non \u00e8 influenzato solo dalla stagione meteorologica, ma anche dalle stagioni dell&#8217;acqua. Allora, qual \u00e8 [&hellip;]\" \/>\n<meta property=\"og:url\" content=\"https:\/\/evivatour.com\/it\/mekong-delta\/il-periodo-migliore-per-visitare-il-mekong-delta\/\" \/>\n<meta property=\"og:site_name\" content=\"Eviva Tour\" \/>\n<meta property=\"article:modified_time\" content=\"2022-07-13T08:02:09+00:00\" \/>\n<meta name=\"twitter:card\" content=\"summary_large_image\" \/>\n<meta name=\"twitter:label1\" content=\"Est. reading time\" \/>\n\t<meta name=\"twitter:data1\" content=\"5 minutes\" \/>\n<script type=\"application\/ld+json\" class=\"yoast-schema-graph\">{\"@context\":\"https:\/\/schema.org\",\"@graph\":[{\"@type\":\"WebPage\",\"@id\":\"https:\/\/evivatour.com\/it\/mekong-delta\/il-periodo-migliore-per-visitare-il-mekong-delta\/\",\"url\":\"https:\/\/evivatour.com\/it\/mekong-delta\/il-periodo-migliore-per-visitare-il-mekong-delta\/\",\"name\":\"Il Periodo Migliore per Visitare il Mekong Delta - Eviva Tour\",\"isPartOf\":{\"@id\":\"https:\/\/evivatour.com\/it\/#website\"},\"datePublished\":\"2021-08-30T07:56:58+00:00\",\"dateModified\":\"2022-07-13T08:02:09+00:00\",\"breadcrumb\":{\"@id\":\"https:\/\/evivatour.com\/it\/mekong-delta\/il-periodo-migliore-per-visitare-il-mekong-delta\/#breadcrumb\"},\"inLanguage\":\"en-US\",\"potentialAction\":[{\"@type\":\"ReadAction\",\"target\":[\"https:\/\/evivatour.com\/it\/mekong-delta\/il-periodo-migliore-per-visitare-il-mekong-delta\/\"]}]},{\"@type\":\"BreadcrumbList\",\"@id\":\"https:\/\/evivatour.com\/it\/mekong-delta\/il-periodo-migliore-per-visitare-il-mekong-delta\/#breadcrumb\",\"itemListElement\":[{\"@type\":\"ListItem\",\"position\":1,\"name\":\"Home\",\"item\":\"https:\/\/evivatour.com\/it\/\"},{\"@type\":\"ListItem\",\"position\":2,\"name\":\"Mekong Delta Tour e Viaggi 2026\",\"item\":\"https:\/\/evivatour.com\/it\/mekong-delta\/\"},{\"@type\":\"ListItem\",\"position\":3,\"name\":\"Il Periodo Migliore per Visitare il Mekong Delta\"}]},{\"@type\":\"WebSite\",\"@id\":\"https:\/\/evivatour.com\/it\/#website\",\"url\":\"https:\/\/evivatour.com\/it\/\",\"name\":\"Eviva Tour\",\"description\":\"Smile every mile\",\"publisher\":{\"@id\":\"https:\/\/evivatour.com\/it\/#organization\"},\"potentialAction\":[{\"@type\":\"SearchAction\",\"target\":{\"@type\":\"EntryPoint\",\"urlTemplate\":\"https:\/\/evivatour.com\/it\/?s={search_term_string}\"},\"query-input\":{\"@type\":\"PropertyValueSpecification\",\"valueRequired\":true,\"valueName\":\"search_term_string\"}}],\"inLanguage\":\"en-US\"},{\"@type\":\"Organization\",\"@id\":\"https:\/\/evivatour.com\/it\/#organization\",\"name\":\"Eviva Tour\",\"url\":\"https:\/\/evivatour.com\/it\/\",\"logo\":{\"@type\":\"ImageObject\",\"inLanguage\":\"en-US\",\"@id\":\"https:\/\/evivatour.com\/it\/#\/schema\/logo\/image\/\",\"url\":\"https:\/\/evivatour.com\/it\/wp-content\/uploads\/2021\/08\/cropped-eviva-tour-vietnam.png\",\"contentUrl\":\"https:\/\/evivatour.com\/it\/wp-content\/uploads\/2021\/08\/cropped-eviva-tour-vietnam.png\",\"width\":280,\"height\":185,\"caption\":\"Eviva Tour\"},\"image\":{\"@id\":\"https:\/\/evivatour.com\/it\/#\/schema\/logo\/image\/\"}}]}<\/script>\n<!-- \/ Yoast SEO plugin. -->","yoast_head_json":{"title":"Il Periodo Migliore per Visitare il Mekong Delta - Eviva Tour","robots":{"index":"index","follow":"follow","max-snippet":"max-snippet:-1","max-image-preview":"max-image-preview:large","max-video-preview":"max-video-preview:-1"},"canonical":"https:\/\/evivatour.com\/it\/mekong-delta\/il-periodo-migliore-per-visitare-il-mekong-delta\/","og_locale":"en_US","og_type":"article","og_title":"Il Periodo Migliore per Visitare il Mekong Delta - Eviva Tour","og_description":"Tour Mekong Delta Guida di Viaggio del Mekong Delta Il Periodo Migliore per Visitare il Mekong Delta Il delta del Mekong \u00e8 una destinazione misteriosa e famosa in Vietnam con risaie verdi e molti fiumi meravigliosi. Il delta del Mekong non \u00e8 influenzato solo dalla stagione meteorologica, ma anche dalle stagioni dell&#8217;acqua. Allora, qual \u00e8 [&hellip;]","og_url":"https:\/\/evivatour.com\/it\/mekong-delta\/il-periodo-migliore-per-visitare-il-mekong-delta\/","og_site_name":"Eviva Tour","article_modified_time":"2022-07-13T08:02:09+00:00","twitter_card":"summary_large_image","twitter_misc":{"Est. reading time":"5 minutes"},"schema":{"@context":"https:\/\/schema.org","@graph":[{"@type":"WebPage","@id":"https:\/\/evivatour.com\/it\/mekong-delta\/il-periodo-migliore-per-visitare-il-mekong-delta\/","url":"https:\/\/evivatour.com\/it\/mekong-delta\/il-periodo-migliore-per-visitare-il-mekong-delta\/","name":"Il Periodo Migliore per Visitare il Mekong Delta - Eviva Tour","isPartOf":{"@id":"https:\/\/evivatour.com\/it\/#website"},"datePublished":"2021-08-30T07:56:58+00:00","dateModified":"2022-07-13T08:02:09+00:00","breadcrumb":{"@id":"https:\/\/evivatour.com\/it\/mekong-delta\/il-periodo-migliore-per-visitare-il-mekong-delta\/#breadcrumb"},"inLanguage":"en-US","potentialAction":[{"@type":"ReadAction","target":["https:\/\/evivatour.com\/it\/mekong-delta\/il-periodo-migliore-per-visitare-il-mekong-delta\/"]}]},{"@type":"BreadcrumbList","@id":"https:\/\/evivatour.com\/it\/mekong-delta\/il-periodo-migliore-per-visitare-il-mekong-delta\/#breadcrumb","itemListElement":[{"@type":"ListItem","position":1,"name":"Home","item":"https:\/\/evivatour.com\/it\/"},{"@type":"ListItem","position":2,"name":"Mekong Delta Tour e Viaggi 2026","item":"https:\/\/evivatour.com\/it\/mekong-delta\/"},{"@type":"ListItem","position":3,"name":"Il Periodo Migliore per Visitare il Mekong Delta"}]},{"@type":"WebSite","@id":"https:\/\/evivatour.com\/it\/#website","url":"https:\/\/evivatour.com\/it\/","name":"Eviva Tour","description":"Smile every mile","publisher":{"@id":"https:\/\/evivatour.com\/it\/#organization"},"potentialAction":[{"@type":"SearchAction","target":{"@type":"EntryPoint","urlTemplate":"https:\/\/evivatour.com\/it\/?s={search_term_string}"},"query-input":{"@type":"PropertyValueSpecification","valueRequired":true,"valueName":"search_term_string"}}],"inLanguage":"en-US"},{"@type":"Organization","@id":"https:\/\/evivatour.com\/it\/#organization","name":"Eviva Tour","url":"https:\/\/evivatour.com\/it\/","logo":{"@type":"ImageObject","inLanguage":"en-US","@id":"https:\/\/evivatour.com\/it\/#\/schema\/logo\/image\/","url":"https:\/\/evivatour.com\/it\/wp-content\/uploads\/2021\/08\/cropped-eviva-tour-vietnam.png","contentUrl":"https:\/\/evivatour.com\/it\/wp-content\/uploads\/2021\/08\/cropped-eviva-tour-vietnam.png","width":280,"height":185,"caption":"Eviva Tour"},"image":{"@id":"https:\/\/evivatour.com\/it\/#\/schema\/logo\/image\/"}}]}},"_links":{"self":[{"href":"https:\/\/evivatour.com\/it\/wp-json\/wp\/v2\/pages\/9738","targetHints":{"allow":["GET"]}}],"collection":[{"href":"https:\/\/evivatour.com\/it\/wp-json\/wp\/v2\/pages"}],"about":[{"href":"https:\/\/evivatour.com\/it\/wp-json\/wp\/v2\/types\/page"}],"author":[{"embeddable":true,"href":"https:\/\/evivatour.com\/it\/wp-json\/wp\/v2\/users\/1"}],"replies":[{"embeddable":true,"href":"https:\/\/evivatour.com\/it\/wp-json\/wp\/v2\/comments?post=9738"}],"version-history":[{"count":2,"href":"https:\/\/evivatour.com\/it\/wp-json\/wp\/v2\/pages\/9738\/revisions"}],"predecessor-version":[{"id":16633,"href":"https:\/\/evivatour.com\/it\/wp-json\/wp\/v2\/pages\/9738\/revisions\/16633"}],"up":[{"embeddable":true,"href":"https:\/\/evivatour.com\/it\/wp-json\/wp\/v2\/pages\/9736"}],"wp:attachment":[{"href":"https:\/\/evivatour.com\/it\/wp-json\/wp\/v2\/media?parent=9738"}],"curies":[{"name":"wp","href":"https:\/\/api.w.org\/{rel}","templated":true}]}}