{"id":9775,"date":"2021-08-30T15:50:48","date_gmt":"2021-08-30T08:50:48","guid":{"rendered":"https:\/\/evivatour.com\/it\/?page_id=9775"},"modified":"2022-07-13T14:54:39","modified_gmt":"2022-07-13T07:54:39","slug":"il-periodo-migliore-per-visitare-il-con-dao-isola","status":"publish","type":"page","link":"https:\/\/evivatour.com\/it\/con-dao-isola\/il-periodo-migliore-per-visitare-il-con-dao-isola\/","title":{"rendered":"Il Periodo Migliore per Visitare il Con Dao Isola"},"content":{"rendered":"\t\t<div data-elementor-type=\"wp-page\" data-elementor-id=\"9775\" class=\"elementor elementor-9775\">\n\t\t\t\t\t\t<section class=\"elementor-section elementor-top-section elementor-element elementor-element-e272e1b elementor-section-stretched elementor-section-boxed elementor-section-height-default elementor-section-height-default\" data-id=\"e272e1b\" data-element_type=\"section\" data-settings=\"{&quot;stretch_section&quot;:&quot;section-stretched&quot;,&quot;background_background&quot;:&quot;classic&quot;}\">\n\t\t\t\t\t\t<div class=\"elementor-container elementor-column-gap-no\">\n\t\t\t\t\t<div class=\"elementor-column elementor-col-100 elementor-top-column elementor-element elementor-element-737bf0d\" data-id=\"737bf0d\" data-element_type=\"column\">\n\t\t\t<div class=\"elementor-widget-wrap elementor-element-populated\">\n\t\t\t\t\t\t<div class=\"elementor-element elementor-element-b831de5 elementor-widget elementor-widget-text-editor\" data-id=\"b831de5\" data-element_type=\"widget\" data-widget_type=\"text-editor.default\">\n\t\t\t\t<div class=\"elementor-widget-container\">\n\t\t\t<style>\/*! elementor - v3.20.0 - 13-03-2024 *\/\n.elementor-widget-text-editor.elementor-drop-cap-view-stacked .elementor-drop-cap{background-color:#69727d;color:#fff}.elementor-widget-text-editor.elementor-drop-cap-view-framed .elementor-drop-cap{color:#69727d;border:3px solid;background-color:transparent}.elementor-widget-text-editor:not(.elementor-drop-cap-view-default) .elementor-drop-cap{margin-top:8px}.elementor-widget-text-editor:not(.elementor-drop-cap-view-default) .elementor-drop-cap-letter{width:1em;height:1em}.elementor-widget-text-editor .elementor-drop-cap{float:left;text-align:center;line-height:1;font-size:50px}.elementor-widget-text-editor .elementor-drop-cap-letter{display:inline-block}<\/style>\t\t\t\t<nav id=\"tours\" class=\"main-nav-top with-banner\">\n<div class=\"container\">\n<div class=\"main-nav-holder\">\n<div class=\"slide-nav js-slide-hidden\">\n<ul id=\"slide-nav-ul\">\n \t<li><a href=\"https:\/\/evivatour.com\/it\/con-dao-island\/\">Tour Del Con Dao Isola<\/a><\/li>\n \t<li><a href=\"https:\/\/evivatour.com\/it\/con-dao-isola\/guida-di-viaggio-del-con-dao-isola\/\">Guida di Viaggio del Con Dao Isola<\/a><\/li>\n \t<li class=\"active\"><a href=\"https:\/\/evivatour.com\/it\/con-dao-isola\/il-periodo-migliore-per-visitare-il-con-dao-isola\/\">Il Periodo Migliore per Visitare il Con Dao Isola<\/a><\/li>\n<\/ul>\n<\/div>\n<\/div>\n<\/div>\n<\/nav>\t\t\t\t\t\t<\/div>\n\t\t\t\t<\/div>\n\t\t\t\t\t<\/div>\n\t\t<\/div>\n\t\t\t\t\t<\/div>\n\t\t<\/section>\n\t\t\t\t<section class=\"elementor-section elementor-top-section elementor-element elementor-element-b91208b elementor-section-boxed elementor-section-height-default elementor-section-height-default\" data-id=\"b91208b\" data-element_type=\"section\">\n\t\t\t\t\t\t<div class=\"elementor-container elementor-column-gap-default\">\n\t\t\t\t\t<div class=\"elementor-column elementor-col-100 elementor-top-column elementor-element elementor-element-c39167f\" data-id=\"c39167f\" data-element_type=\"column\">\n\t\t\t<div class=\"elementor-widget-wrap elementor-element-populated\">\n\t\t\t\t\t\t<div class=\"elementor-element elementor-element-0b29a02 elementor-widget elementor-widget-text-editor\" data-id=\"0b29a02\" data-element_type=\"widget\" data-widget_type=\"text-editor.default\">\n\t\t\t\t<div class=\"elementor-widget-container\">\n\t\t\t\t\t\t\t<p>Quando si pianifica un viaggio a Con Dao per ammirare la sua bellezza incontaminata, la domanda pi\u00f9 critica a cui \u00e8 necessario rispondere \u00e8 &#8220;quando \u00e8 il periodo migliore per visitare Con Dao?&#8221; La biodiversit\u00e0 di Con Dao \u00e8 uno degli aspetti che attira maggiormente l&#8217;attenzione. Quindi, pianificare una visita a Con Dao al momento giusto pu\u00f2 aiutarti a ottenere il massimo dai tuoi viaggi.<\/p><p>Dire questo non significa che c&#8217;\u00e8 un momento sbagliato per visitare Con Dao. Infatti, durante ogni periodo dell&#8217;anno, Con Dao vanta una bellezza davvero unica. Oltre alla biodiversit\u00e0, Con Dao offre anche molte spiagge incontaminate, meravigliose e private, interessanti sentieri escursionistici e una ricca storia da scoprire. Senza ulteriori indugi, scopriamo qual \u00e8 il momento migliore per visitare Con Dao per ottenere il massimo dai tuoi viaggi.<\/p><h2>Stagione e clima nell\u2019isola di Con Dao<\/h2><p>Con Dao \u00e8 influenzato dal clima monsonico asiatico, nonch\u00e9 dal clima oceanico e dal clima tipico nel sud-est del Vietnam. Durante tutto l&#8217;anno, il clima a Con Dao \u00e8 fresco e tranquillo. Con Dao ha due stagioni distinte: secca e umida (piovosa), che sono influenzate dai monsoni di nord-est e sud-ovest dell&#8217;isola.<\/p><p><strong>La stagione umida in Con Dao<\/strong><\/p><p>La stagione delle piogge di Con Dao dura da maggio a novembre. L&#8217;umidit\u00e0 \u00e8 alta in questo periodo dell&#8217;anno e la piovosit\u00e0 media \u00e8 di 2.200 mm all&#8217;anno. I mesi pi\u00f9 piovosi sono agosto e settembre. A causa della temperatura relativamente umida e della pioggia durante questa stagione, le piante di Con Dao appaiono molto rigogliose e vivaci. In questo periodo dell&#8217;anno, vedrai sbocciare una variet\u00e0 di sfumature di fiori, gli alberi terrestri sono immersi in un verde molto selvaggio. Non solo, ma anche il terreno \u00e8 cos\u00ec magnifico che \u00e8 l&#8217;ideale per le escursioni intorno all&#8217;isola. In questo momento soffiano venti da sud-ovest. Questi venti, insieme all&#8217;umidit\u00e0 estrema, fanno sentire i turisti pi\u00f9 irritanti e sgradevoli del solito. Se andrai a Con Dao in questo periodo, avrai bisogno di un impermeabile e di scarpe impermeabili.<\/p><p><strong>La stagione secca in Con Dao<\/strong><\/p><p>La stagione secca di Con Dao dura da dicembre ad aprile. Il clima \u00e8 mite in questo periodo dell&#8217;anno, con una temperatura media di 27\u00b0C. I forti venti hanno cominciato a soffiare a dicembre e all&#8217;inizio di gennaio. Questa \u00e8 la stagione migliore di Con Dao. Sarai trattato da una bellissima spiaggia con acqua cristallina e incantevole sabbia setosa. Le piante non appaiono fresche e vive sulla terraferma durante la stagione secca, ma \u00e8 un ottimo periodo per le specie acquatiche. Lo sfarzo delle barriere coralline dell&#8217;isola di Con Dao susciter\u00e0 il tuo interesse e ti far\u00e0 venire voglia di toccarle. \u00c8 anche un periodo in cui le radici degli alberi si mostrano sopra l&#8217;acqua, rendendo l&#8217;intera vista incredibilmente intrigante. Ad essere onesti, sopra o sotto l&#8217;acqua, l&#8217;ecosistema di Con Dao trasuda sempre una bellezza mistica ed enigmatica che non puoi ignorare.<\/p><p>Con Dao in questa stagione \u00e8 anche una destinazione popolare per gli appassionati di kitesurf.<\/p><p><strong>Il vento in Con Dao<\/strong><\/p><p>Se sei un fan degli sport acquatici, vorrai saperne di pi\u00f9 sul vento a Con Dao. Ora hai tutte le informazioni rilevanti qui.<\/p><p>Gennaio \u00e8 il mese pi\u00f9 ventoso, seguito da dicembre e febbraio. Una brezza leggera \u00e8 definita come una velocit\u00e0 del vento di circa 6,3 nodi (7,2 MPH o 11,6 KPH) a gennaio. I venti massimi sostenuti soffiano a met\u00e0 dicembre, con velocit\u00e0 massime sostenute medie che raggiungono i 10 nodi, che \u00e8 considerata una brezza leggera.<\/p><h2>Il periodo migliore per visitare l&#8217;isola di Con Dao<\/h2><p>A causa del suo clima unico, i viaggiatori possono visitare Con Dao in qualsiasi periodo dell&#8217;anno. Ogni periodo avr\u00e0 attivit\u00e0 distinte, quindi il numero di visitatori sar\u00e0 separato, assicurando che la tua esperienza sar\u00e0 straordinaria.<\/p><h2>Alta stagione nell&#8217;isola di Con Dao<\/h2><p>L&#8217;alta stagione a Con Dao inizia a marzo e termina a maggio. La visibilit\u00e0 nelle acque di Con Dao questa volta \u00e8 compresa tra 20 e 30 metri. Ogni mese, il tempo in questa stagione cambia. Marzo non \u00e8 piovoso, le notti sono piacevoli e la temperatura del mare \u00e8 adatta per le immersioni, lo snorkeling e il surf. Il mare \u00e8 calmo ad aprile, con temperature dell&#8217;acqua di 28 gradi Celsius, il che lo rende ideale per un viaggio in barca verso le isole vicine e numerose attivit\u00e0 acquatiche. Maggio \u00e8 il mese pi\u00f9 caldo, con temperature che raggiungono i 34\u00b0C e l&#8217;acqua inizia a diventare pi\u00f9 ruvida, il che lo rende il momento ideale per fare surf.<\/p><h2>La stagione delle spalle nell&#8217;isola di Con Dao<\/h2><p>Da giugno a settembre, il clima \u00e8 cupo e piovoso, con alcuni giorni caratterizzati da mare mosso e forte vento da sud-ovest. Le temperature variano tra i 27 ei 29 gradi Celsius, con una piovosit\u00e0 media di 300 millimetri. In questo periodo \u00e8 possibile osservare le tartarughe che depongono le uova. Il tempo a giugno sta diventando un po&#8217; pi\u00f9 incoerente, ma nel complesso \u00e8 ottimo per le attivit\u00e0 all&#8217;aperto. Per tutto settembre si sono verificati forti venti, mare mosso e rovesci e tempeste occasionali.<\/p><h2>La bassa stagione di Con Dao<\/h2><p>La bassa stagione, che va da ottobre a febbraio, \u00e8 nuvolosa e caratterizzata da uragani con forti venti. La temperatura media \u00e8 di circa 28\u00b0C e ci sono 23 giorni piovosi durante la stagione. Questo \u00e8 anche un periodo in cui meno visitatori visitano Con Dao, portando a una diminuzione dei costi.<\/p><p>Con Dao \u00e8 un luogo affascinante non solo per i suoi splendidi paesaggi, ma anche per le storie segrete di questa terra. Fortunatamente per i viaggiatori, il clima in questa zona \u00e8 ideale per il turismo in qualsiasi periodo dell&#8217;anno. Quindi, che ti piaccia la natura o le storie, organizziamo subito un tour all&#8217;isola di Con Dao!<\/p>\t\t\t\t\t\t<\/div>\n\t\t\t\t<\/div>\n\t\t\t\t\t<\/div>\n\t\t<\/div>\n\t\t\t\t\t<\/div>\n\t\t<\/section>\n\t\t\t\t<section class=\"elementor-section elementor-top-section elementor-element elementor-element-f8d565b elementor-section-boxed elementor-section-height-default elementor-section-height-default\" data-id=\"f8d565b\" data-element_type=\"section\">\n\t\t\t\t\t\t<div class=\"elementor-container elementor-column-gap-default\">\n\t\t\t\t\t<div class=\"elementor-column elementor-col-100 elementor-top-column elementor-element elementor-element-7537ca5\" data-id=\"7537ca5\" data-element_type=\"column\">\n\t\t\t<div class=\"elementor-widget-wrap elementor-element-populated\">\n\t\t\t\t\t\t<div class=\"elementor-element elementor-element-8c1b243 elementor-widget-divider--view-line elementor-widget elementor-widget-divider\" data-id=\"8c1b243\" data-element_type=\"widget\" data-widget_type=\"divider.default\">\n\t\t\t\t<div class=\"elementor-widget-container\">\n\t\t\t<style>\/*! elementor - v3.20.0 - 13-03-2024 *\/\n.elementor-widget-divider{--divider-border-style:none;--divider-border-width:1px;--divider-color:#0c0d0e;--divider-icon-size:20px;--divider-element-spacing:10px;--divider-pattern-height:24px;--divider-pattern-size:20px;--divider-pattern-url:none;--divider-pattern-repeat:repeat-x}.elementor-widget-divider .elementor-divider{display:flex}.elementor-widget-divider .elementor-divider__text{font-size:15px;line-height:1;max-width:95%}.elementor-widget-divider .elementor-divider__element{margin:0 var(--divider-element-spacing);flex-shrink:0}.elementor-widget-divider .elementor-icon{font-size:var(--divider-icon-size)}.elementor-widget-divider .elementor-divider-separator{display:flex;margin:0;direction:ltr}.elementor-widget-divider--view-line_icon .elementor-divider-separator,.elementor-widget-divider--view-line_text .elementor-divider-separator{align-items:center}.elementor-widget-divider--view-line_icon .elementor-divider-separator:after,.elementor-widget-divider--view-line_icon .elementor-divider-separator:before,.elementor-widget-divider--view-line_text .elementor-divider-separator:after,.elementor-widget-divider--view-line_text .elementor-divider-separator:before{display:block;content:\"\";border-block-end:0;flex-grow:1;border-block-start:var(--divider-border-width) var(--divider-border-style) var(--divider-color)}.elementor-widget-divider--element-align-left .elementor-divider .elementor-divider-separator>.elementor-divider__svg:first-of-type{flex-grow:0;flex-shrink:100}.elementor-widget-divider--element-align-left .elementor-divider-separator:before{content:none}.elementor-widget-divider--element-align-left .elementor-divider__element{margin-left:0}.elementor-widget-divider--element-align-right .elementor-divider .elementor-divider-separator>.elementor-divider__svg:last-of-type{flex-grow:0;flex-shrink:100}.elementor-widget-divider--element-align-right .elementor-divider-separator:after{content:none}.elementor-widget-divider--element-align-right .elementor-divider__element{margin-right:0}.elementor-widget-divider--element-align-start .elementor-divider .elementor-divider-separator>.elementor-divider__svg:first-of-type{flex-grow:0;flex-shrink:100}.elementor-widget-divider--element-align-start .elementor-divider-separator:before{content:none}.elementor-widget-divider--element-align-start .elementor-divider__element{margin-inline-start:0}.elementor-widget-divider--element-align-end .elementor-divider .elementor-divider-separator>.elementor-divider__svg:last-of-type{flex-grow:0;flex-shrink:100}.elementor-widget-divider--element-align-end .elementor-divider-separator:after{content:none}.elementor-widget-divider--element-align-end .elementor-divider__element{margin-inline-end:0}.elementor-widget-divider:not(.elementor-widget-divider--view-line_text):not(.elementor-widget-divider--view-line_icon) .elementor-divider-separator{border-block-start:var(--divider-border-width) var(--divider-border-style) var(--divider-color)}.elementor-widget-divider--separator-type-pattern{--divider-border-style:none}.elementor-widget-divider--separator-type-pattern.elementor-widget-divider--view-line .elementor-divider-separator,.elementor-widget-divider--separator-type-pattern:not(.elementor-widget-divider--view-line) .elementor-divider-separator:after,.elementor-widget-divider--separator-type-pattern:not(.elementor-widget-divider--view-line) .elementor-divider-separator:before,.elementor-widget-divider--separator-type-pattern:not([class*=elementor-widget-divider--view]) .elementor-divider-separator{width:100%;min-height:var(--divider-pattern-height);-webkit-mask-size:var(--divider-pattern-size) 100%;mask-size:var(--divider-pattern-size) 100%;-webkit-mask-repeat:var(--divider-pattern-repeat);mask-repeat:var(--divider-pattern-repeat);background-color:var(--divider-color);-webkit-mask-image:var(--divider-pattern-url);mask-image:var(--divider-pattern-url)}.elementor-widget-divider--no-spacing{--divider-pattern-size:auto}.elementor-widget-divider--bg-round{--divider-pattern-repeat:round}.rtl .elementor-widget-divider .elementor-divider__text{direction:rtl}.e-con-inner>.elementor-widget-divider,.e-con>.elementor-widget-divider{width:var(--container-widget-width,100%);--flex-grow:var(--container-widget-flex-grow)}<\/style>\t\t<div class=\"elementor-divider\">\n\t\t\t<span class=\"elementor-divider-separator\">\n\t\t\t\t\t\t<\/span>\n\t\t<\/div>\n\t\t\t\t<\/div>\n\t\t\t\t<\/div>\n\t\t\t\t<div class=\"elementor-element elementor-element-1ab9ff2 elementor-widget elementor-widget-text-editor\" data-id=\"1ab9ff2\" data-element_type=\"widget\" data-widget_type=\"text-editor.default\">\n\t\t\t\t<div class=\"elementor-widget-container\">\n\t\t\t\t\t\t\t<h2>Crea il tuo viaggio su misura in Con Dao Isola, Vietnam<\/h2><p>In viaggio in Con Dao? Chatta con uno specialista di viaggi locale in Con Dao, che pu\u00f2 aiutarti a organizzare il tuo viaggio.<\/p>\t\t\t\t\t\t<\/div>\n\t\t\t\t<\/div>\n\t\t\t\t<div class=\"elementor-element elementor-element-8ed9d3c elementor-align-center elementor-widget elementor-widget-button\" data-id=\"8ed9d3c\" data-element_type=\"widget\" data-widget_type=\"button.default\">\n\t\t\t\t<div class=\"elementor-widget-container\">\n\t\t\t\t\t<div class=\"elementor-button-wrapper\">\n\t\t\t<a class=\"elementor-button elementor-button-link elementor-size-sm\" href=\"https:\/\/evivatour.com\/it\/personalizza-il-tuo-tour\/\">\n\t\t\t\t\t\t<span class=\"elementor-button-content-wrapper\">\n\t\t\t\t\t\t<span class=\"elementor-button-text\">COMINCIA QUI<\/span>\n\t\t<\/span>\n\t\t\t\t\t<\/a>\n\t\t<\/div>\n\t\t\t\t<\/div>\n\t\t\t\t<\/div>\n\t\t\t\t\t<\/div>\n\t\t<\/div>\n\t\t\t\t\t<\/div>\n\t\t<\/section>\n\t\t\t\t<\/div>\n\t\t","protected":false},"excerpt":{"rendered":"<p>Tour Del Con Dao Isola Guida di Viaggio del Con Dao Isola Il Periodo Migliore per Visitare il Con Dao Isola Quando si pianifica un viaggio a Con Dao per ammirare la sua bellezza incontaminata, la domanda pi\u00f9 critica a cui \u00e8 necessario rispondere \u00e8 &#8220;quando \u00e8 il periodo migliore per visitare Con Dao?&#8221; La [&hellip;]<\/p>\n","protected":false},"author":1,"featured_media":0,"parent":9773,"menu_order":0,"comment_status":"closed","ping_status":"closed","template":"","meta":{"inline_featured_image":false,"footnotes":""},"class_list":["post-9775","page","type-page","status-publish","hentry"],"yoast_head":"<!-- This site is optimized with the Yoast SEO plugin v26.9 - https:\/\/yoast.com\/product\/yoast-seo-wordpress\/ -->\n<title>Il Periodo Migliore per Visitare il Con Dao Isola - Eviva Tour<\/title>\n<meta name=\"robots\" content=\"index, follow, max-snippet:-1, max-image-preview:large, max-video-preview:-1\" \/>\n<link rel=\"canonical\" href=\"https:\/\/evivatour.com\/it\/con-dao-isola\/il-periodo-migliore-per-visitare-il-con-dao-isola\/\" \/>\n<meta property=\"og:locale\" content=\"en_US\" \/>\n<meta property=\"og:type\" content=\"article\" \/>\n<meta property=\"og:title\" content=\"Il Periodo Migliore per Visitare il Con Dao Isola - Eviva Tour\" \/>\n<meta property=\"og:description\" content=\"Tour Del Con Dao Isola Guida di Viaggio del Con Dao Isola Il Periodo Migliore per Visitare il Con Dao Isola Quando si pianifica un viaggio a Con Dao per ammirare la sua bellezza incontaminata, la domanda pi\u00f9 critica a cui \u00e8 necessario rispondere \u00e8 &#8220;quando \u00e8 il periodo migliore per visitare Con Dao?&#8221; La [&hellip;]\" \/>\n<meta property=\"og:url\" content=\"https:\/\/evivatour.com\/it\/con-dao-isola\/il-periodo-migliore-per-visitare-il-con-dao-isola\/\" \/>\n<meta property=\"og:site_name\" content=\"Eviva Tour\" \/>\n<meta property=\"article:modified_time\" content=\"2022-07-13T07:54:39+00:00\" \/>\n<meta name=\"twitter:card\" content=\"summary_large_image\" \/>\n<meta name=\"twitter:label1\" content=\"Est. reading time\" \/>\n\t<meta name=\"twitter:data1\" content=\"5 minutes\" \/>\n<script type=\"application\/ld+json\" class=\"yoast-schema-graph\">{\"@context\":\"https:\/\/schema.org\",\"@graph\":[{\"@type\":\"WebPage\",\"@id\":\"https:\/\/evivatour.com\/it\/con-dao-isola\/il-periodo-migliore-per-visitare-il-con-dao-isola\/\",\"url\":\"https:\/\/evivatour.com\/it\/con-dao-isola\/il-periodo-migliore-per-visitare-il-con-dao-isola\/\",\"name\":\"Il Periodo Migliore per Visitare il Con Dao Isola - Eviva Tour\",\"isPartOf\":{\"@id\":\"https:\/\/evivatour.com\/it\/#website\"},\"datePublished\":\"2021-08-30T08:50:48+00:00\",\"dateModified\":\"2022-07-13T07:54:39+00:00\",\"breadcrumb\":{\"@id\":\"https:\/\/evivatour.com\/it\/con-dao-isola\/il-periodo-migliore-per-visitare-il-con-dao-isola\/#breadcrumb\"},\"inLanguage\":\"en-US\",\"potentialAction\":[{\"@type\":\"ReadAction\",\"target\":[\"https:\/\/evivatour.com\/it\/con-dao-isola\/il-periodo-migliore-per-visitare-il-con-dao-isola\/\"]}]},{\"@type\":\"BreadcrumbList\",\"@id\":\"https:\/\/evivatour.com\/it\/con-dao-isola\/il-periodo-migliore-per-visitare-il-con-dao-isola\/#breadcrumb\",\"itemListElement\":[{\"@type\":\"ListItem\",\"position\":1,\"name\":\"Home\",\"item\":\"https:\/\/evivatour.com\/it\/\"},{\"@type\":\"ListItem\",\"position\":2,\"name\":\"Con Dao Isola Tour e Viaggi 2026\",\"item\":\"https:\/\/evivatour.com\/it\/con-dao-isola\/\"},{\"@type\":\"ListItem\",\"position\":3,\"name\":\"Il Periodo Migliore per Visitare il Con Dao Isola\"}]},{\"@type\":\"WebSite\",\"@id\":\"https:\/\/evivatour.com\/it\/#website\",\"url\":\"https:\/\/evivatour.com\/it\/\",\"name\":\"Eviva Tour\",\"description\":\"Smile every mile\",\"publisher\":{\"@id\":\"https:\/\/evivatour.com\/it\/#organization\"},\"potentialAction\":[{\"@type\":\"SearchAction\",\"target\":{\"@type\":\"EntryPoint\",\"urlTemplate\":\"https:\/\/evivatour.com\/it\/?s={search_term_string}\"},\"query-input\":{\"@type\":\"PropertyValueSpecification\",\"valueRequired\":true,\"valueName\":\"search_term_string\"}}],\"inLanguage\":\"en-US\"},{\"@type\":\"Organization\",\"@id\":\"https:\/\/evivatour.com\/it\/#organization\",\"name\":\"Eviva Tour\",\"url\":\"https:\/\/evivatour.com\/it\/\",\"logo\":{\"@type\":\"ImageObject\",\"inLanguage\":\"en-US\",\"@id\":\"https:\/\/evivatour.com\/it\/#\/schema\/logo\/image\/\",\"url\":\"https:\/\/evivatour.com\/it\/wp-content\/uploads\/2021\/08\/cropped-eviva-tour-vietnam.png\",\"contentUrl\":\"https:\/\/evivatour.com\/it\/wp-content\/uploads\/2021\/08\/cropped-eviva-tour-vietnam.png\",\"width\":280,\"height\":185,\"caption\":\"Eviva Tour\"},\"image\":{\"@id\":\"https:\/\/evivatour.com\/it\/#\/schema\/logo\/image\/\"}}]}<\/script>\n<!-- \/ Yoast SEO plugin. -->","yoast_head_json":{"title":"Il Periodo Migliore per Visitare il Con Dao Isola - Eviva Tour","robots":{"index":"index","follow":"follow","max-snippet":"max-snippet:-1","max-image-preview":"max-image-preview:large","max-video-preview":"max-video-preview:-1"},"canonical":"https:\/\/evivatour.com\/it\/con-dao-isola\/il-periodo-migliore-per-visitare-il-con-dao-isola\/","og_locale":"en_US","og_type":"article","og_title":"Il Periodo Migliore per Visitare il Con Dao Isola - Eviva Tour","og_description":"Tour Del Con Dao Isola Guida di Viaggio del Con Dao Isola Il Periodo Migliore per Visitare il Con Dao Isola Quando si pianifica un viaggio a Con Dao per ammirare la sua bellezza incontaminata, la domanda pi\u00f9 critica a cui \u00e8 necessario rispondere \u00e8 &#8220;quando \u00e8 il periodo migliore per visitare Con Dao?&#8221; La [&hellip;]","og_url":"https:\/\/evivatour.com\/it\/con-dao-isola\/il-periodo-migliore-per-visitare-il-con-dao-isola\/","og_site_name":"Eviva Tour","article_modified_time":"2022-07-13T07:54:39+00:00","twitter_card":"summary_large_image","twitter_misc":{"Est. reading time":"5 minutes"},"schema":{"@context":"https:\/\/schema.org","@graph":[{"@type":"WebPage","@id":"https:\/\/evivatour.com\/it\/con-dao-isola\/il-periodo-migliore-per-visitare-il-con-dao-isola\/","url":"https:\/\/evivatour.com\/it\/con-dao-isola\/il-periodo-migliore-per-visitare-il-con-dao-isola\/","name":"Il Periodo Migliore per Visitare il Con Dao Isola - Eviva Tour","isPartOf":{"@id":"https:\/\/evivatour.com\/it\/#website"},"datePublished":"2021-08-30T08:50:48+00:00","dateModified":"2022-07-13T07:54:39+00:00","breadcrumb":{"@id":"https:\/\/evivatour.com\/it\/con-dao-isola\/il-periodo-migliore-per-visitare-il-con-dao-isola\/#breadcrumb"},"inLanguage":"en-US","potentialAction":[{"@type":"ReadAction","target":["https:\/\/evivatour.com\/it\/con-dao-isola\/il-periodo-migliore-per-visitare-il-con-dao-isola\/"]}]},{"@type":"BreadcrumbList","@id":"https:\/\/evivatour.com\/it\/con-dao-isola\/il-periodo-migliore-per-visitare-il-con-dao-isola\/#breadcrumb","itemListElement":[{"@type":"ListItem","position":1,"name":"Home","item":"https:\/\/evivatour.com\/it\/"},{"@type":"ListItem","position":2,"name":"Con Dao Isola Tour e Viaggi 2026","item":"https:\/\/evivatour.com\/it\/con-dao-isola\/"},{"@type":"ListItem","position":3,"name":"Il Periodo Migliore per Visitare il Con Dao Isola"}]},{"@type":"WebSite","@id":"https:\/\/evivatour.com\/it\/#website","url":"https:\/\/evivatour.com\/it\/","name":"Eviva Tour","description":"Smile every mile","publisher":{"@id":"https:\/\/evivatour.com\/it\/#organization"},"potentialAction":[{"@type":"SearchAction","target":{"@type":"EntryPoint","urlTemplate":"https:\/\/evivatour.com\/it\/?s={search_term_string}"},"query-input":{"@type":"PropertyValueSpecification","valueRequired":true,"valueName":"search_term_string"}}],"inLanguage":"en-US"},{"@type":"Organization","@id":"https:\/\/evivatour.com\/it\/#organization","name":"Eviva Tour","url":"https:\/\/evivatour.com\/it\/","logo":{"@type":"ImageObject","inLanguage":"en-US","@id":"https:\/\/evivatour.com\/it\/#\/schema\/logo\/image\/","url":"https:\/\/evivatour.com\/it\/wp-content\/uploads\/2021\/08\/cropped-eviva-tour-vietnam.png","contentUrl":"https:\/\/evivatour.com\/it\/wp-content\/uploads\/2021\/08\/cropped-eviva-tour-vietnam.png","width":280,"height":185,"caption":"Eviva Tour"},"image":{"@id":"https:\/\/evivatour.com\/it\/#\/schema\/logo\/image\/"}}]}},"_links":{"self":[{"href":"https:\/\/evivatour.com\/it\/wp-json\/wp\/v2\/pages\/9775","targetHints":{"allow":["GET"]}}],"collection":[{"href":"https:\/\/evivatour.com\/it\/wp-json\/wp\/v2\/pages"}],"about":[{"href":"https:\/\/evivatour.com\/it\/wp-json\/wp\/v2\/types\/page"}],"author":[{"embeddable":true,"href":"https:\/\/evivatour.com\/it\/wp-json\/wp\/v2\/users\/1"}],"replies":[{"embeddable":true,"href":"https:\/\/evivatour.com\/it\/wp-json\/wp\/v2\/comments?post=9775"}],"version-history":[{"count":2,"href":"https:\/\/evivatour.com\/it\/wp-json\/wp\/v2\/pages\/9775\/revisions"}],"predecessor-version":[{"id":16621,"href":"https:\/\/evivatour.com\/it\/wp-json\/wp\/v2\/pages\/9775\/revisions\/16621"}],"up":[{"embeddable":true,"href":"https:\/\/evivatour.com\/it\/wp-json\/wp\/v2\/pages\/9773"}],"wp:attachment":[{"href":"https:\/\/evivatour.com\/it\/wp-json\/wp\/v2\/media?parent=9775"}],"curies":[{"name":"wp","href":"https:\/\/api.w.org\/{rel}","templated":true}]}}